{"id":17,"date":"2017-05-15T20:40:52","date_gmt":"2017-05-15T20:40:52","guid":{"rendered":"http:\/\/www.ucatolica.edu.co\/english\/?page_id=17"},"modified":"2017-07-10T19:17:40","modified_gmt":"2017-07-10T19:17:40","slug":"university","status":"publish","type":"page","link":"https:\/\/www.ucatolica.edu.co\/english\/index.php\/university\/","title":{"rendered":"About the University"},"content":{"rendered":"<p>The Catholic University of Colombia is essentially an institution founded on the doctrine of Christ\u2019s principles. It will have the Catholic Church as its mentor and comprehensive promoter of its doctrine, of which the University declares itself as its faithful collaborator in the teaching of the truth and those sciences at the service of mankind and the community\u2019s interests\u201d. Statement of Principles and Statutes of the Catholic University of Colombia, 1970.<\/p>\n<p>The university is committed to the development of knowledge and the advancement of sciences and professions. As a Catholic Institution, the university recognizes the Catholic Church as a legitimate promoter of Christ\u2019s principles. Its educational mission centers on the human person, as God\u2019s creature, made in His image and likeness. Our Professors hold high academic, professional and personal qualities. In its academic aspect, there are consolidated programs of undergraduate studies, specializations, masters and PhDs. These programs have an academic trajectory and they are recognized at the national and international fields.<\/p>\n<div class=\"menu-collapse\">\n<h3 class=\"accordion\">Mission<\/h3>\n<div class=\"panel\">\n<h5>Mission<\/h5>\n<p>According to its basis and principles, the Catholic University of Colombia focuses its mission on the individual. For this:<br \/>\n\u2022 It generates its own educational act from its intellectual nature and its doctrinal wealth in use of the knowledge autonomy.<br \/>\n\u2022 It conceives education as an intelligence and freedom act of the individual. Being education a moral act par excellence which human beings assume with full knowledge, their life responsibility and co-responsibility with the environment are expressions of their personal dignity.<br \/>\n\u2022 It encourages the training in the studiositas virtue in its community. That is to think, to foster creativity and innovation, as well as to acquire knowledge, skills and abilities.<br \/>\n\u2022 It presents itself before the world as a renewing and transcendent option for men.<\/p>\n<h6>Mission commitments:<\/h6>\n<p>In order to fulfill its mission, the Catholic University of Colombia assumes the following commitments:<\/p>\n<ul>\n<li>To foster the intellectual life, through curricular activities that contribute to promote it.<\/li>\n<li>To tend for the acquisition of the study habit in its academic community, so that it allows to fully exercise the capacity of human thinking.<\/li>\n<li>To encourage the production of new ideas through collaborative work.<\/li>\n<li>To emphasize that education in the University is, above all, a human act, of which people are responsible.<\/li>\n<li>To assume the human person as the origin of his\/her own actions and not as a result of the environment.<\/li>\n<li>To recognize knowledge and learning as universal patrimonies of the universities.<\/li>\n<li>To study, analyze, sensitize and formulate proposals against cultural, political, economic and social local conditions as well as regional, national and international ones.<\/li>\n<li>To disseminate the principles of the Catholic doctrine and the Church social teaching.<\/li>\n<li>To offer the intellectual conditions that allow the individual to choose a free option for God, so that he\/she can acknowledge his faith.<\/li>\n<\/ul>\n<\/div>\n<h3 class=\"accordion\">Vision<\/h3>\n<div class=\"panel\">\n<p>The Catholic University of Colombia is projected with a vision formulated as a result of the following postulate: <\/p>\n<p>&#8211; To be recognized as an institution that trains its students with a high level of responsibility awareness for themselves and society, by incorporating in their training the human spiritual dimension and interacting with society through its students, teachers and academic results.<\/p>\n<p>The University formulates its development plans on a regular basis. With them, the University approaches towards the institutional vision, in compliance with its educational project.<\/p>\n<\/div>\n<h3 class=\"accordion\">History<\/h3>\n<div class=\"panel\">\n<p>Colombian higher education system was already opened to diverse educational projects and supported university autonomy under the direction and supervision of the State when, in March 1970, a group of laypeople at the service of Catholicism founded The Catholic University of Colombia on their own initiative. These people were: Humberto \u00c1lvarez Rico, Alfonso Arango Henao, Olmedo Bedoya Piedrahita, Lorenzo Botero Jaramillo, \u00c1lvaro Le\u00f3n Cajiao Bola\u00f1os, Ar\u00edstides Castillo Castillo, Carlos Delgado Fern\u00e1ndez, Hern\u00e1n Garc\u00eda Piedrahita, Gilberto Giraldo Herrera, \u00c9dgar G\u00f3mez Betancourt (current Chairman), \u00c1lvaro G\u00f3mez Hurtado, Henry Henao Jaramillo, Aurelio Manotas Morales, Juan Manuel Pach\u00f3n Rubiano, \u00c1ngel Mar\u00eda Quintero Hern\u00e1ndez, Emigdio Rinc\u00f3n G\u00f3mez, Pedro Felipe Valencia and Jorge Vives Abello.<\/p>\n<p>At the beginning, our University operated under the name: \u201cFundaci\u00f3n Educacional Interamericana Cat\u00f3lica de Colombia\u201d and it started teaching classes on the 2nd of April, 1970 with only 226 students. Between 1974 and 1979, the applications went up from 1109 to 4970. First course registrations also went up from 749 to 1604; and the total registrations increased from 749 to 6949. That way, in the first decade of its existence, the University had already 1333 university graduates and 511 graduating students from its different careers.<\/p>\n<p>In 1983, The National Government gave the university recognition as a University Institution by the Resolution Number 15647 of the Ministry of Education.<\/p>\n<p>By 2015, The Catholic University of Colombia has about 10,000 undergraduate students and 1,200 specialization and master students. Throughout its 45 years of existence, the University has granted about 40,000 undergraduate degrees and 15,000 postgraduate degrees.<\/p>\n<p>Since its creation, The Catholic University of Colombia has been consolidating its programs by means of the strengthening of teaching, research and extension, under the management of those who have been principals:<\/p>\n<ul>\n<li>Alfonso Arango Henao (1970-1974)<\/li>\n<li>Emigdio Rinc\u00f3n G\u00f3mez (1975-1984)<\/li>\n<li>Gilberto Giraldo Herrera (1985- June 1989)<\/li>\n<li>\u00c9dgar G\u00f3mez Betancourt (July 1989 \u2013 June 1994)<\/li>\n<li>Jorge Yarce Maya (July 1994 \u2013 September 1994)<\/li>\n<li>Juan Manuel Pach\u00f3n Rubiano (October 1995 &#8211; June 1998)<\/li>\n<li>Jorge Leyva Dur\u00e1n (July 1998 &#8211; March 2000)<\/li>\n<li>Edwin de Jes\u00fas Horta V\u00e1squez (August 2001 \u2013 September 2007)<\/li>\n<li>Francisco Jos\u00e9 G\u00f3mez Ortiz (September 2007 \u2013 currently)<\/li>\n<\/ul>\n<p>The University started with the programs of Law, Civil Engineering, Industrial Engineering, Electronics Engineering, Architecture, Economics Sciences and Educational Sciences, which later was changed to Psychology.<\/p>\n<p>In 1985, the Faculty of Systems Engineering was founded and, in 1995, the Faculty of Electronics and Telecommunications was approved. Nevertheless, all the engineering programs were subsequently unified in a single faculty.<\/p>\n<p>In 1984, the University created the Gilberto Alzate Avenda\u00f1o Lyceum for preschool, primary, secondary and high school education. On the 27th of August 1991, the Lyceum\u2019s name was officially changed to Catholic University Lyceum.<\/p>\n<p>On their part, the Technology School of The Catholic University (UCET) started its activities in 2003 at La Caro headquarters. This institution answered to a technological training need to support the agro-industrial and business development of Colombia. However, the registration processes at the University were interrupted because of the high offering of public universities\u2019 technological programs in the region.<\/p>\n<p>All the undergraduate and postgraduate academic programs of The Catholic University of Colombia benefit from the legal support of the Ministry of Education and the University Superior Council.<\/p>\n<\/div>\n<\/div>\n<p><a class=\"btn-nav\" href=\"http:\/\/www.ucatolica.edu.co\/english\/university\/development-plan\/\">Development Plan<\/a><\/p>\n<p><a class=\"btn-nav\" href=\"http:\/\/www.ucatolica.edu.co\/english\/university\/contact-details\/\">Contact details<\/a><\/p>\n","protected":false},"excerpt":{"rendered":"<p>The Catholic University of Colombia is essentially an institution founded on the doctrine of Christ\u2019s principles. It will have the Catholic Church as its mentor and comprehensive promoter of its doctrine, of which the University declares itself as its faithful collaborator in the teaching of the truth and those sciences at the service of mankind [&hellip;]<\/p>\n","protected":false},"author":7,"featured_media":508,"parent":0,"menu_order":0,"comment_status":"closed","ping_status":"closed","template":"","meta":[],"_links":{"self":[{"href":"https:\/\/www.ucatolica.edu.co\/english\/index.php\/wp-json\/wp\/v2\/pages\/17"}],"collection":[{"href":"https:\/\/www.ucatolica.edu.co\/english\/index.php\/wp-json\/wp\/v2\/pages"}],"about":[{"href":"https:\/\/www.ucatolica.edu.co\/english\/index.php\/wp-json\/wp\/v2\/types\/page"}],"author":[{"embeddable":true,"href":"https:\/\/www.ucatolica.edu.co\/english\/index.php\/wp-json\/wp\/v2\/users\/7"}],"replies":[{"embeddable":true,"href":"https:\/\/www.ucatolica.edu.co\/english\/index.php\/wp-json\/wp\/v2\/comments?post=17"}],"version-history":[{"count":20,"href":"https:\/\/www.ucatolica.edu.co\/english\/index.php\/wp-json\/wp\/v2\/pages\/17\/revisions"}],"predecessor-version":[{"id":604,"href":"https:\/\/www.ucatolica.edu.co\/english\/index.php\/wp-json\/wp\/v2\/pages\/17\/revisions\/604"}],"wp:featuredmedia":[{"embeddable":true,"href":"https:\/\/www.ucatolica.edu.co\/english\/index.php\/wp-json\/wp\/v2\/media\/508"}],"wp:attachment":[{"href":"https:\/\/www.ucatolica.edu.co\/english\/index.php\/wp-json\/wp\/v2\/media?parent=17"}],"curies":[{"name":"wp","href":"https:\/\/api.w.org\/{rel}","templated":true}]}}