{"id":108,"date":"2017-06-14T16:15:46","date_gmt":"2017-06-14T16:15:46","guid":{"rendered":"https:\/\/www.ucatolica.edu.co\/liceo\/?page_id=108"},"modified":"2025-02-25T00:46:47","modified_gmt":"2025-02-25T00:46:47","slug":"asistencia-medica-hospitalaria","status":"publish","type":"page","link":"https:\/\/www.ucatolica.edu.co\/liceo\/mi-liceo\/asistencia-medica-hospitalaria\/","title":{"rendered":"Asistencia M\u00e9dica Hospitalaria"},"content":{"rendered":"\n<p>El Liceo de la Universidad Cat\u00f3lica con el prop\u00f3sito de proteger a su comunidad educativa se prepara sobre el quehacer antes, durante y despu\u00e9s de una emergencia.<\/p>\n\n\n\n<ul><li>Capacitaci\u00f3n en prevenci\u00f3n de accidentes con talleres dictados por la Unidad de Seguridad y Salud en el trabajo de la Universidad Cat\u00f3lica de Colombia y Secretar\u00eda de Salud entre otros.<\/li><li>Ficha m\u00e9dica donde se registran preexistencias, alergias, vacunas y medicamentos permanentes.<\/li><li>Dos puntos de atenci\u00f3n de primeros auxilios atendidos por los auxiliares de enfermer\u00eda de la Universidad Cat\u00f3lica de Colombia.<\/li><li>Servicio de \u00e1rea protegida para atender eventualidades dentro de las instalaciones o traslados a centros de servicio u hospitales seg\u00fan sea el caso, prestado por Emerm\u00e9dica.<\/li><li>Seguro Estudiantil de accidentes escolares, con protecci\u00f3n de 24 horas los 365 d\u00edas del a\u00f1o.<\/li><\/ul>\n\n\n\n<p>En caso de accidente, el Liceo procede de la siguiente manera:<\/p>\n\n\n\n<ul><li>Primera atenci\u00f3n prestada por el personal de Liceo capacitado como brigadista.<\/li><li>Traslado al punto de primeros auxilios y atenci\u00f3n por parte del auxiliar de enfermer\u00eda.<\/li><li>Se informa a los padres de familia.<\/li><li>Si es necesario de solicita atenci\u00f3n m\u00e9dica a Emerm\u00e9dica.<\/li><li>Seg\u00fan el diagn\u00f3stico si es necesario y en compa\u00f1\u00eda de los padres es trasladado a un centro hospitalario adscrito al seguro de accidentes.<\/li><li>El traslado, procedimientos y medicamentos ser\u00e1n cubiertos de acuerdo al monto estipulado en la p\u00f3liza del seguro.<\/li><\/ul>\n","protected":false},"excerpt":{"rendered":"<p>El Liceo de la Universidad Cat\u00f3lica con el prop\u00f3sito de proteger a su comunidad educativa se prepara sobre el quehacer antes, durante y despu\u00e9s de una emergencia. Capacitaci\u00f3n en prevenci\u00f3n de accidentes con talleres dictados por la Unidad de Seguridad y Salud en el trabajo de la Universidad Cat\u00f3lica de Colombia y Secretar\u00eda de Salud &#8230;<br \/><a class=\"extracto-more\" href=\"https:\/\/www.ucatolica.edu.co\/liceo\/mi-liceo\/asistencia-medica-hospitalaria\/\"><span> Continuar <\/span><\/a><\/p>\n","protected":false},"author":4,"featured_media":7,"parent":29,"menu_order":0,"comment_status":"closed","ping_status":"closed","template":"","meta":[],"_links":{"self":[{"href":"https:\/\/www.ucatolica.edu.co\/liceo\/wp-json\/wp\/v2\/pages\/108"}],"collection":[{"href":"https:\/\/www.ucatolica.edu.co\/liceo\/wp-json\/wp\/v2\/pages"}],"about":[{"href":"https:\/\/www.ucatolica.edu.co\/liceo\/wp-json\/wp\/v2\/types\/page"}],"author":[{"embeddable":true,"href":"https:\/\/www.ucatolica.edu.co\/liceo\/wp-json\/wp\/v2\/users\/4"}],"replies":[{"embeddable":true,"href":"https:\/\/www.ucatolica.edu.co\/liceo\/wp-json\/wp\/v2\/comments?post=108"}],"version-history":[{"count":2,"href":"https:\/\/www.ucatolica.edu.co\/liceo\/wp-json\/wp\/v2\/pages\/108\/revisions"}],"predecessor-version":[{"id":1613,"href":"https:\/\/www.ucatolica.edu.co\/liceo\/wp-json\/wp\/v2\/pages\/108\/revisions\/1613"}],"up":[{"embeddable":true,"href":"https:\/\/www.ucatolica.edu.co\/liceo\/wp-json\/wp\/v2\/pages\/29"}],"wp:featuredmedia":[{"embeddable":true,"href":"https:\/\/www.ucatolica.edu.co\/liceo\/wp-json\/wp\/v2\/media\/7"}],"wp:attachment":[{"href":"https:\/\/www.ucatolica.edu.co\/liceo\/wp-json\/wp\/v2\/media?parent=108"}],"curies":[{"name":"wp","href":"https:\/\/api.w.org\/{rel}","templated":true}]}}