{"id":113,"date":"2017-06-14T16:23:51","date_gmt":"2017-06-14T16:23:51","guid":{"rendered":"https:\/\/www.ucatolica.edu.co\/liceo\/?page_id=113"},"modified":"2025-03-12T02:59:26","modified_gmt":"2025-03-12T02:59:26","slug":"departamento-de-psicologia","status":"publish","type":"page","link":"https:\/\/www.ucatolica.edu.co\/liceo\/mi-liceo\/departamento-de-psicologia\/","title":{"rendered":"Departamento de Psicolog\u00eda"},"content":{"rendered":"<p data-olk-copy-source=\"MessageBody\">El Departamento de Psicolog\u00eda, en total congruencia con los principios educativos y la misi\u00f3n del Liceo de la Universidad Cat\u00f3lica, se dedica a apoyar y acompa\u00f1ar las necesidades emocionales, sociales y comportamentales que pueden surgir a lo largo del desarrollo acad\u00e9mico de nuestros estudiantes, desde el grado primero hasta once. Sabemos que cada estudiante es \u00fanico, por lo que dise\u00f1amos estrategias personalizadas, como acompa\u00f1amiento individual y grupal mediante sesiones, talleres, escuelas de padres y campa\u00f1as de promoci\u00f3n y prevenci\u00f3n, basadas en un diagn\u00f3stico detallado de las necesidades del entorno educativo. Estas acciones est\u00e1n orientadas a generar un impacto positivo en la comunidad escolar, abordando de manera efectiva las problem\u00e1ticas que puedan afectar el bienestar de nuestros estudiantes.<\/p>\n<p>Del mismo modo, el Departamento de Psicolog\u00eda es responsable de los procesos de selecci\u00f3n de la planta docente y de la admisi\u00f3n de nuevos estudiantes, asegurando que todos los involucrados en el proceso educativo cuenten con el respaldo necesario para su \u00e9xito. Otra de nuestras funciones es la aplicaci\u00f3n y an\u00e1lisis estad\u00edstico de las evaluaciones del desempe\u00f1o institucional, contribuyendo al fortalecimiento continuo de la calidad educativa.<\/p>\n<p>Creemos firmemente en el poder transformador de la educaci\u00f3n y en la importancia de crear un ambiente que fomente el crecimiento personal y acad\u00e9mico de cada uno de nuestros estudiantes, donde cada acci\u00f3n que emprendemos est\u00e1 orientada a garantizar un futuro prometedor para ellos.<\/p>\n<p><strong>Equipo de trabajo<\/strong><\/p>\n<p>El equipo de trabajo del Departamento est\u00e1 compuesto por la Coordinadora del Departamento de Psicolog\u00eda y un grupo de practicantes de Psicolog\u00eda Educativa, quienes colaboran estrechamente para brindar un acompa\u00f1amiento integral a los estudiantes y a la comunidad educativa.<\/p>\n","protected":false},"excerpt":{"rendered":"<p>El Departamento de Psicolog\u00eda, en total congruencia con los principios educativos y la misi\u00f3n del Liceo de la Universidad Cat\u00f3lica, se dedica a apoyar y acompa\u00f1ar las necesidades emocionales, sociales y comportamentales que pueden surgir a lo largo del desarrollo acad\u00e9mico de nuestros estudiantes, desde el grado primero hasta once. Sabemos que cada estudiante es &#8230;<br \/><a class=\"extracto-more\" href=\"https:\/\/www.ucatolica.edu.co\/liceo\/mi-liceo\/departamento-de-psicologia\/\"><span> Continuar <\/span><\/a><\/p>\n","protected":false},"author":4,"featured_media":347,"parent":29,"menu_order":0,"comment_status":"closed","ping_status":"closed","template":"","meta":[],"_links":{"self":[{"href":"https:\/\/www.ucatolica.edu.co\/liceo\/wp-json\/wp\/v2\/pages\/113"}],"collection":[{"href":"https:\/\/www.ucatolica.edu.co\/liceo\/wp-json\/wp\/v2\/pages"}],"about":[{"href":"https:\/\/www.ucatolica.edu.co\/liceo\/wp-json\/wp\/v2\/types\/page"}],"author":[{"embeddable":true,"href":"https:\/\/www.ucatolica.edu.co\/liceo\/wp-json\/wp\/v2\/users\/4"}],"replies":[{"embeddable":true,"href":"https:\/\/www.ucatolica.edu.co\/liceo\/wp-json\/wp\/v2\/comments?post=113"}],"version-history":[{"count":5,"href":"https:\/\/www.ucatolica.edu.co\/liceo\/wp-json\/wp\/v2\/pages\/113\/revisions"}],"predecessor-version":[{"id":1648,"href":"https:\/\/www.ucatolica.edu.co\/liceo\/wp-json\/wp\/v2\/pages\/113\/revisions\/1648"}],"up":[{"embeddable":true,"href":"https:\/\/www.ucatolica.edu.co\/liceo\/wp-json\/wp\/v2\/pages\/29"}],"wp:featuredmedia":[{"embeddable":true,"href":"https:\/\/www.ucatolica.edu.co\/liceo\/wp-json\/wp\/v2\/media\/347"}],"wp:attachment":[{"href":"https:\/\/www.ucatolica.edu.co\/liceo\/wp-json\/wp\/v2\/media?parent=113"}],"curies":[{"name":"wp","href":"https:\/\/api.w.org\/{rel}","templated":true}]}}