{"id":154,"date":"2017-06-20T17:54:27","date_gmt":"2017-06-20T17:54:27","guid":{"rendered":"https:\/\/www.ucatolica.edu.co\/liceo\/?page_id=154"},"modified":"2026-03-05T12:16:53","modified_gmt":"2026-03-05T12:16:53","slug":"admisiones-matriculas","status":"publish","type":"page","link":"https:\/\/www.ucatolica.edu.co\/liceo\/admisiones-matriculas\/","title":{"rendered":"Admisiones, Matr\u00edcula"},"content":{"rendered":"<section>\n<div class=\"col-6\">\n<h2>Proceso de Admisi\u00f3n<\/h2>\n<p>Es el mecanismo por el cual se da apertura al proceso de inscripci\u00f3n y selecci\u00f3n de aspirantes, como estudiantes del Liceo de la Universidad Cat\u00f3lica.<\/p>\n<p><a class=\"boton-cta\" href=\"https:\/\/www.ucatolica.edu.co\/liceo\/proceso-de-admision\/\">Ver proceso de admisi\u00f3n<\/a><\/p>\n<\/div>\n<div class=\"col-6\"><img loading=\"lazy\" class=\"alignnone wp-image-943 size-large\" src=\"https:\/\/www.ucatolica.edu.co\/liceo\/wp-content\/uploads\/Liceo_08-1024x683.jpg\" alt=\"Admisi\u00f3n uno\" width=\"1024\" height=\"683\" srcset=\"https:\/\/www.ucatolica.edu.co\/liceo\/wp-content\/uploads\/Liceo_08-1024x683.jpg 1024w, https:\/\/www.ucatolica.edu.co\/liceo\/wp-content\/uploads\/Liceo_08-300x200.jpg 300w, https:\/\/www.ucatolica.edu.co\/liceo\/wp-content\/uploads\/Liceo_08-768x512.jpg 768w, https:\/\/www.ucatolica.edu.co\/liceo\/wp-content\/uploads\/Liceo_08.jpg 1920w\" sizes=\"(max-width: 1024px) 100vw, 1024px\" \/><\/div>\n<\/section>\n<div class=\"col-12 clean\"><\/div>\n<section class=\"swap\">\n<div class=\"col-6\">\n<h2>Certificados Acad\u00e9micos<\/h2>\n<p>Conozca el procedimiento para solicitar sus certificados acad\u00e9micos<\/p>\n<p><a class=\"boton-cta\" href=\"https:\/\/www.ucatolica.edu.co\/liceo\/certificados-academicos\/\">Ver m\u00e1s<\/a><\/p>\n<\/div>\n<div class=\"col-6\"><img loading=\"lazy\" class=\"alignnone wp-image-945 size-large\" src=\"https:\/\/www.ucatolica.edu.co\/liceo\/wp-content\/uploads\/Liceo_26-1024x683.jpg\" alt=\"Admisiones certificados \" width=\"1024\" height=\"683\" srcset=\"https:\/\/www.ucatolica.edu.co\/liceo\/wp-content\/uploads\/Liceo_26-1024x683.jpg 1024w, https:\/\/www.ucatolica.edu.co\/liceo\/wp-content\/uploads\/Liceo_26-300x200.jpg 300w, https:\/\/www.ucatolica.edu.co\/liceo\/wp-content\/uploads\/Liceo_26-768x512.jpg 768w, https:\/\/www.ucatolica.edu.co\/liceo\/wp-content\/uploads\/Liceo_26.jpg 1920w\" sizes=\"(max-width: 1024px) 100vw, 1024px\" \/><\/div>\n<\/section>\n<div class=\"col-12 clean\"><\/div>\n<div class=\"col-12\">\n<a class=\"botones-paneles\" href=\"https:\/\/www.ucatolica.edu.co\/liceo\/wp-content\/uploads\/Instructivo-pagos-2026.pdf\" target=\"_blank\" rel=\"noopener\">Instructivo pagos<\/a><\/div>\n","protected":false},"excerpt":{"rendered":"<p>Proceso de Admisi\u00f3n Es el mecanismo por el cual se da apertura al proceso de inscripci\u00f3n y selecci\u00f3n de aspirantes, como estudiantes del Liceo de la Universidad Cat\u00f3lica. Ver proceso de admisi\u00f3n Certificados Acad\u00e9micos Conozca el procedimiento para solicitar sus certificados acad\u00e9micos Ver m\u00e1s Instructivo pagos<\/p>\n","protected":false},"author":4,"featured_media":1739,"parent":0,"menu_order":0,"comment_status":"closed","ping_status":"closed","template":"","meta":[],"_links":{"self":[{"href":"https:\/\/www.ucatolica.edu.co\/liceo\/wp-json\/wp\/v2\/pages\/154"}],"collection":[{"href":"https:\/\/www.ucatolica.edu.co\/liceo\/wp-json\/wp\/v2\/pages"}],"about":[{"href":"https:\/\/www.ucatolica.edu.co\/liceo\/wp-json\/wp\/v2\/types\/page"}],"author":[{"embeddable":true,"href":"https:\/\/www.ucatolica.edu.co\/liceo\/wp-json\/wp\/v2\/users\/4"}],"replies":[{"embeddable":true,"href":"https:\/\/www.ucatolica.edu.co\/liceo\/wp-json\/wp\/v2\/comments?post=154"}],"version-history":[{"count":42,"href":"https:\/\/www.ucatolica.edu.co\/liceo\/wp-json\/wp\/v2\/pages\/154\/revisions"}],"predecessor-version":[{"id":1726,"href":"https:\/\/www.ucatolica.edu.co\/liceo\/wp-json\/wp\/v2\/pages\/154\/revisions\/1726"}],"wp:featuredmedia":[{"embeddable":true,"href":"https:\/\/www.ucatolica.edu.co\/liceo\/wp-json\/wp\/v2\/media\/1739"}],"wp:attachment":[{"href":"https:\/\/www.ucatolica.edu.co\/liceo\/wp-json\/wp\/v2\/media?parent=154"}],"curies":[{"name":"wp","href":"https:\/\/api.w.org\/{rel}","templated":true}]}}