{"id":167,"date":"2017-06-20T21:46:08","date_gmt":"2017-06-20T21:46:08","guid":{"rendered":"https:\/\/www.ucatolica.edu.co\/liceo\/?page_id=167"},"modified":"2025-03-22T17:06:31","modified_gmt":"2025-03-22T17:06:31","slug":"proceso-de-admision","status":"publish","type":"page","link":"https:\/\/www.ucatolica.edu.co\/liceo\/proceso-de-admision\/","title":{"rendered":"Proceso de Admisi\u00f3n"},"content":{"rendered":"<p><strong>Aspirantes<\/strong><\/p>\n<p>Inscripciones a partir de la \u00faltima semana de julio del a\u00f1o en curso, podr\u00e1n ingresar a nuestra p\u00e1gina www.ucatolica.edu.co\/liceo o www.ucatolica.edu.co banner Inscripciones Liceo, para diligenciar el formulario de pre-inscripci\u00f3n.<\/p>\n<ol>\n<li>Recibir\u00e1n un correo con toda la informaci\u00f3n del proceso de inscripci\u00f3n.<\/li>\n<li>Se asignar\u00e1 fecha para presentaci\u00f3n de valoraci\u00f3n.<\/li>\n<li>Dentro de los 2 d\u00edas siguientes recibir\u00e1n resultado del proceso a vuelta de correo.<\/li>\n<\/ol>\n<p><span style=\"font-size: revert; color: initial; font-family: -apple-system, BlinkMacSystemFont, 'Segoe UI', Roboto, Oxygen-Sans, Ubuntu, Cantarell, 'Helvetica Neue', sans-serif;\">Si no recibe ninguna informaci\u00f3n, comun\u00edquese con nosotros tel\u00e9fono: (601) 4433700 Ext: 3071,3073 e-mail <\/span><a style=\"font-size: revert; font-family: -apple-system, BlinkMacSystemFont, 'Segoe UI', Roboto, Oxygen-Sans, Ubuntu, Cantarell, 'Helvetica Neue', sans-serif;\" href=\"mailto:liceo@ucatolica.edu.co\">liceo@ucatolica.edu.co<\/a><\/p>\n","protected":false},"excerpt":{"rendered":"<p>Aspirantes Inscripciones a partir de la \u00faltima semana de julio del a\u00f1o en curso, podr\u00e1n ingresar a nuestra p\u00e1gina www.ucatolica.edu.co\/liceo o www.ucatolica.edu.co banner Inscripciones Liceo, para diligenciar el formulario de pre-inscripci\u00f3n. Recibir\u00e1n un correo con toda la informaci\u00f3n del proceso de inscripci\u00f3n. Se asignar\u00e1 fecha para presentaci\u00f3n de valoraci\u00f3n. Dentro de los 2 d\u00edas siguientes &#8230;<br \/><a class=\"extracto-more\" href=\"https:\/\/www.ucatolica.edu.co\/liceo\/proceso-de-admision\/\"><span> Continuar <\/span><\/a><\/p>\n","protected":false},"author":4,"featured_media":280,"parent":0,"menu_order":0,"comment_status":"closed","ping_status":"closed","template":"","meta":[],"_links":{"self":[{"href":"https:\/\/www.ucatolica.edu.co\/liceo\/wp-json\/wp\/v2\/pages\/167"}],"collection":[{"href":"https:\/\/www.ucatolica.edu.co\/liceo\/wp-json\/wp\/v2\/pages"}],"about":[{"href":"https:\/\/www.ucatolica.edu.co\/liceo\/wp-json\/wp\/v2\/types\/page"}],"author":[{"embeddable":true,"href":"https:\/\/www.ucatolica.edu.co\/liceo\/wp-json\/wp\/v2\/users\/4"}],"replies":[{"embeddable":true,"href":"https:\/\/www.ucatolica.edu.co\/liceo\/wp-json\/wp\/v2\/comments?post=167"}],"version-history":[{"count":23,"href":"https:\/\/www.ucatolica.edu.co\/liceo\/wp-json\/wp\/v2\/pages\/167\/revisions"}],"predecessor-version":[{"id":1656,"href":"https:\/\/www.ucatolica.edu.co\/liceo\/wp-json\/wp\/v2\/pages\/167\/revisions\/1656"}],"wp:featuredmedia":[{"embeddable":true,"href":"https:\/\/www.ucatolica.edu.co\/liceo\/wp-json\/wp\/v2\/media\/280"}],"wp:attachment":[{"href":"https:\/\/www.ucatolica.edu.co\/liceo\/wp-json\/wp\/v2\/media?parent=167"}],"curies":[{"name":"wp","href":"https:\/\/api.w.org\/{rel}","templated":true}]}}