{"id":187,"date":"2017-06-21T15:10:45","date_gmt":"2017-06-21T15:10:45","guid":{"rendered":"https:\/\/www.ucatolica.edu.co\/liceo\/?page_id=187"},"modified":"2023-04-11T01:51:35","modified_gmt":"2023-04-11T01:51:35","slug":"plan-de-estudios-preescolar","status":"publish","type":"page","link":"https:\/\/www.ucatolica.edu.co\/liceo\/preescolar-y-primaria\/plan-de-estudios-preescolar\/","title":{"rendered":"Plan de estudios preescolar"},"content":{"rendered":"<table>\n<tbody>\n<tr>\n<td><strong>DIMENSI\u00d3N<\/strong>&nbsp;<\/td>\n<td><strong>CAMPO DE FORMACI\u00d3N<\/strong><\/td>\n<\/tr>\n<tr>\n<td>Cognitiva&nbsp;<\/td>\n<td>Exploraci\u00f3n y Conocimiento del Mundo<\/td>\n<\/tr>\n<tr>\n<td>Pensamiento Matem\u00e1tico<\/td>\n<\/tr>\n<tr>\n<td>Comunicativa&nbsp;<\/td>\n<td>Lenguaje y Comunicaci\u00f3n&nbsp;<\/td>\n<\/tr>\n<tr>\n<td>Ingl\u00e9s&nbsp;<\/td>\n<\/tr>\n<tr>\n<td>Socio-afectiva&nbsp;<\/td>\n<td>Desarrollo Personal y Social<\/td>\n<\/tr>\n<tr>\n<td>\u00c9tica y Espiritual&nbsp;<\/td>\n<td>Religi\u00f3n y Formaci\u00f3n en Valores&nbsp;<\/td>\n<\/tr>\n<tr>\n<td>Corporal y Est\u00e9tica&nbsp;<\/td>\n<td>Aprestamiento<\/td>\n<\/tr>\n<tr>\n<td>Desarrollo F\u00edsico y Salud<\/td>\n<\/tr>\n<tr>\n<td>Expresi\u00f3n Pl\u00e1stica y Dibujo<\/td>\n<\/tr>\n<tr>\n<td>Expresi\u00f3n Musical<\/td>\n<\/tr>\n<\/tbody>\n<\/table>\n","protected":false},"excerpt":{"rendered":"<p>DIMENSI\u00d3N&nbsp; CAMPO DE FORMACI\u00d3N Cognitiva&nbsp; Exploraci\u00f3n y Conocimiento del Mundo Pensamiento Matem\u00e1tico Comunicativa&nbsp; Lenguaje y Comunicaci\u00f3n&nbsp; Ingl\u00e9s&nbsp; Socio-afectiva&nbsp; Desarrollo Personal y Social \u00c9tica y Espiritual&nbsp; Religi\u00f3n y Formaci\u00f3n en Valores&nbsp; Corporal y Est\u00e9tica&nbsp; Aprestamiento Desarrollo F\u00edsico y Salud Expresi\u00f3n Pl\u00e1stica y Dibujo Expresi\u00f3n Musical<\/p>\n","protected":false},"author":4,"featured_media":280,"parent":63,"menu_order":0,"comment_status":"closed","ping_status":"closed","template":"","meta":[],"_links":{"self":[{"href":"https:\/\/www.ucatolica.edu.co\/liceo\/wp-json\/wp\/v2\/pages\/187"}],"collection":[{"href":"https:\/\/www.ucatolica.edu.co\/liceo\/wp-json\/wp\/v2\/pages"}],"about":[{"href":"https:\/\/www.ucatolica.edu.co\/liceo\/wp-json\/wp\/v2\/types\/page"}],"author":[{"embeddable":true,"href":"https:\/\/www.ucatolica.edu.co\/liceo\/wp-json\/wp\/v2\/users\/4"}],"replies":[{"embeddable":true,"href":"https:\/\/www.ucatolica.edu.co\/liceo\/wp-json\/wp\/v2\/comments?post=187"}],"version-history":[{"count":7,"href":"https:\/\/www.ucatolica.edu.co\/liceo\/wp-json\/wp\/v2\/pages\/187\/revisions"}],"predecessor-version":[{"id":1507,"href":"https:\/\/www.ucatolica.edu.co\/liceo\/wp-json\/wp\/v2\/pages\/187\/revisions\/1507"}],"up":[{"embeddable":true,"href":"https:\/\/www.ucatolica.edu.co\/liceo\/wp-json\/wp\/v2\/pages\/63"}],"wp:featuredmedia":[{"embeddable":true,"href":"https:\/\/www.ucatolica.edu.co\/liceo\/wp-json\/wp\/v2\/media\/280"}],"wp:attachment":[{"href":"https:\/\/www.ucatolica.edu.co\/liceo\/wp-json\/wp\/v2\/media?parent=187"}],"curies":[{"name":"wp","href":"https:\/\/api.w.org\/{rel}","templated":true}]}}