{"id":193,"date":"2017-06-21T15:25:05","date_gmt":"2017-06-21T15:25:05","guid":{"rendered":"https:\/\/www.ucatolica.edu.co\/liceo\/?page_id=193"},"modified":"2025-02-21T16:28:17","modified_gmt":"2025-02-21T16:28:17","slug":"plan-de-estudios-basica-primaria","status":"publish","type":"page","link":"https:\/\/www.ucatolica.edu.co\/liceo\/preescolar-y-primaria\/plan-de-estudios-basica-primaria\/","title":{"rendered":"Plan de estudios b\u00e1sica primaria"},"content":{"rendered":"<table>\n<tbody>\n<tr>\n<td width=\"381\"><strong>\u00c1REA<\/strong><\/td>\n<td width=\"223\"><strong>ASIGNATURA<\/strong><\/td>\n<\/tr>\n<tr>\n<td width=\"381\">Ciencias Naturales y Educaci\u00f3n Ambiental<\/td>\n<td width=\"223\">Ciencias Naturales<\/td>\n<\/tr>\n<tr>\n<td rowspan=\"2\" width=\"381\">Matem\u00e1ticas<\/td>\n<td width=\"223\">Aritm\u00e9tica<\/td>\n<\/tr>\n<tr>\n<td width=\"223\">Geometr\u00eda<\/td>\n<\/tr>\n<tr>\n<td rowspan=\"3\" width=\"381\">Ciencias Sociales, Historia, Geograf\u00eda, Constituci\u00f3n Pol\u00edtica y Democracia<\/td>\n<td width=\"223\">Sociales<\/td>\n<\/tr>\n<tr>\n<td width=\"223\">Geograf\u00eda<\/td>\n<\/tr>\n<tr>\n<td width=\"223\">Historia<\/td>\n<\/tr>\n<tr>\n<td rowspan=\"2\" width=\"381\">Humanidades, Lengua Castellana e Idioma Extranjero<\/td>\n<td width=\"223\">Lengua Castellana<\/td>\n<\/tr>\n<tr>\n<td width=\"223\">Ingl\u00e9s<\/td>\n<\/tr>\n<tr>\n<td width=\"381\">Educaci\u00f3n Religiosa<\/td>\n<td width=\"223\">Religi\u00f3n<\/td>\n<\/tr>\n<tr>\n<td width=\"381\">Educaci\u00f3n \u00c9tica y en Valores Humanos<\/td>\n<td width=\"223\">\u00c9tica y Valores<\/td>\n<\/tr>\n<tr>\n<td width=\"381\">Educaci\u00f3n F\u00edsica, Recreaci\u00f3n y Deportes<\/td>\n<td width=\"223\">Educaci\u00f3n F\u00edsica<\/td>\n<\/tr>\n<tr>\n<td rowspan=\"2\" width=\"381\">Educaci\u00f3n Art\u00edstica y Cultural<\/td>\n<td width=\"223\">M\u00fasica<\/td>\n<\/tr>\n<tr>\n<td width=\"223\">Artes Pl\u00e1sticas<\/td>\n<\/tr>\n<tr>\n<td width=\"381\">Tecnolog\u00eda e Inform\u00e1tica<\/td>\n<td width=\"223\">Inform\u00e1tica<\/td>\n<\/tr>\n<\/tbody>\n<\/table>\n","protected":false},"excerpt":{"rendered":"<p>\u00c1REA ASIGNATURA Ciencias Naturales y Educaci\u00f3n Ambiental Ciencias Naturales Matem\u00e1ticas Aritm\u00e9tica Geometr\u00eda Ciencias Sociales, Historia, Geograf\u00eda, Constituci\u00f3n Pol\u00edtica y Democracia Sociales Geograf\u00eda Historia Humanidades, Lengua Castellana e Idioma Extranjero Lengua Castellana Ingl\u00e9s Educaci\u00f3n Religiosa Religi\u00f3n Educaci\u00f3n \u00c9tica y en Valores Humanos \u00c9tica y Valores Educaci\u00f3n F\u00edsica, Recreaci\u00f3n y Deportes Educaci\u00f3n F\u00edsica Educaci\u00f3n Art\u00edstica y Cultural &#8230;<br \/><a class=\"extracto-more\" href=\"https:\/\/www.ucatolica.edu.co\/liceo\/preescolar-y-primaria\/plan-de-estudios-basica-primaria\/\"><span> Continuar <\/span><\/a><\/p>\n","protected":false},"author":4,"featured_media":280,"parent":63,"menu_order":0,"comment_status":"closed","ping_status":"closed","template":"","meta":[],"_links":{"self":[{"href":"https:\/\/www.ucatolica.edu.co\/liceo\/wp-json\/wp\/v2\/pages\/193"}],"collection":[{"href":"https:\/\/www.ucatolica.edu.co\/liceo\/wp-json\/wp\/v2\/pages"}],"about":[{"href":"https:\/\/www.ucatolica.edu.co\/liceo\/wp-json\/wp\/v2\/types\/page"}],"author":[{"embeddable":true,"href":"https:\/\/www.ucatolica.edu.co\/liceo\/wp-json\/wp\/v2\/users\/4"}],"replies":[{"embeddable":true,"href":"https:\/\/www.ucatolica.edu.co\/liceo\/wp-json\/wp\/v2\/comments?post=193"}],"version-history":[{"count":9,"href":"https:\/\/www.ucatolica.edu.co\/liceo\/wp-json\/wp\/v2\/pages\/193\/revisions"}],"predecessor-version":[{"id":1612,"href":"https:\/\/www.ucatolica.edu.co\/liceo\/wp-json\/wp\/v2\/pages\/193\/revisions\/1612"}],"up":[{"embeddable":true,"href":"https:\/\/www.ucatolica.edu.co\/liceo\/wp-json\/wp\/v2\/pages\/63"}],"wp:featuredmedia":[{"embeddable":true,"href":"https:\/\/www.ucatolica.edu.co\/liceo\/wp-json\/wp\/v2\/media\/280"}],"wp:attachment":[{"href":"https:\/\/www.ucatolica.edu.co\/liceo\/wp-json\/wp\/v2\/media?parent=193"}],"curies":[{"name":"wp","href":"https:\/\/api.w.org\/{rel}","templated":true}]}}