{"id":29,"date":"2017-01-23T15:42:01","date_gmt":"2017-01-23T15:42:01","guid":{"rendered":"https:\/\/www.ucatolica.edu.co\/liceo\/?page_id=29"},"modified":"2026-03-05T12:15:55","modified_gmt":"2026-03-05T12:15:55","slug":"mi-liceo","status":"publish","type":"page","link":"https:\/\/www.ucatolica.edu.co\/liceo\/mi-liceo\/","title":{"rendered":"Mi liceo"},"content":{"rendered":"<div style=\"position: relative; height: 0; padding-bottom: 56.25%; margin-bottom: 30px;\"><div class=\"media-container\"><iframe loading=\"lazy\" title=\"YouTube video player\" src=\"https:\/\/www.youtube.com\/embed\/I-m1OhURg00\" width=\"560\" height=\"315\" frameborder=\"0\" allowfullscreen=\"allowfullscreen\"><\/iframe><\/div><\/div>\n<div class=\"col-6\">\n<h2>Historia<\/h2>\n<p>El Liceo Gilberto Alzate Avenda\u00f1o fue creado por la Sala de Gobierno, ratificado por el Consejo Superior de la Universidad Cat\u00f3lica de Colombia en su sesi\u00f3n del 7 de mayo de 1984, siendo Rector el Doctor Gilberto Giraldo Herrera. Inici\u00f3 sus labores en febrero de 1985 con 13 estudiantes en grado sexto. Al a\u00f1o siguiente, hasta d\u00e9cimo y en 1987, todo el bachillerato.<\/p>\n<p>El 12 de junio de 1988 mediante resoluci\u00f3n 7729, se aprobaron todos los estudios. En 1989, ante la acogida y petici\u00f3n de empleados de la Universidad y habitantes de la zona, se abri\u00f3 de transici\u00f3n a tercero de primaria y en 1990 los grados cuarto y quinto, ofreciendo as\u00ed el ciclo completo de educaci\u00f3n pre-escolar, b\u00e1sica y media. Por iniciativa del rector de la Universidad de ese momento, Doctor Edgar G\u00f3mez Betancourt, se solicit\u00f3 el cambio de nombre a LICEO DE LA UNIVERSIDAD CAT\u00d3LICA siendo aprobado el 27 de agosto de 1991.<\/p>\n<p>El Liceo de la universidad Cat\u00f3lica ha funcionado en diferentes sedes de la Universidad. Inici\u00f3 labores en la construcci\u00f3n anexa a la porter\u00eda de la carrera 16, luego fue trasladado a la carrera 13 y finalmente a la sede actual. Ha estado bajo la direcci\u00f3n de:<\/p>\n<p>Ernesto Rodr\u00edguez Olaya\u2028, Lu\u00eds Enrique Lago Pach\u00f3n, Gustavo Montoya Escobar,\u2028 H\u00e9ctor Samuel Mart\u00ednez Mendoza,\u2028 Mar\u00eda Cristina Posada\u2028, Luz Mar\u00eda Rinc\u00f3n Rojas.<\/p>\n<\/div>\n<div class=\"col-6\"><img loading=\"lazy\" class=\"alignnone wp-image-936 size-large\" src=\"https:\/\/www.ucatolica.edu.co\/liceo\/wp-content\/uploads\/Liceo_05-1024x683.png\" alt=\"Liceo historia\" width=\"1024\" height=\"683\" srcset=\"https:\/\/www.ucatolica.edu.co\/liceo\/wp-content\/uploads\/Liceo_05-1024x683.png 1024w, https:\/\/www.ucatolica.edu.co\/liceo\/wp-content\/uploads\/Liceo_05-300x200.png 300w, https:\/\/www.ucatolica.edu.co\/liceo\/wp-content\/uploads\/Liceo_05-768x512.png 768w, https:\/\/www.ucatolica.edu.co\/liceo\/wp-content\/uploads\/Liceo_05.png 1920w\" sizes=\"(max-width: 1024px) 100vw, 1024px\" \/><\/div>\n<div class=\"col-12\"><div class=\"special-post\">\r\n<div>\r\n<h2>Creencias<\/h2>\r\n<p>\u00b7 Creemos en la inculturaci\u00f3n de los principios de la doctrina cat\u00f3lica y la difusi\u00f3n de la ense\u00f1anza social de la Iglesia.<\/p>\r\n<p>\u00b7 Creemos en todos los valores de formaci\u00f3n cat\u00f3lica.<\/p>\r\n<p>\u00b7 Creemos en la familia como fundamento de la sociedad.<\/p>\r\n<p>\u00b7 Creemos en la educaci\u00f3n con el ejemplo.<\/p>\r\n<p>\u00b7 Creemos en el trabajo en equipo.<\/p>\r\n<p>\u00b7 Creemos en el fomento de la vida intelectual, como parte de la formaci\u00f3n \u00edntegra de la comunidad lice\u00edsta.<\/p>\r\n<p>\u00b7 Creemos que el orden, la disciplina, responsabilidad y exigencia acad\u00e9mica, conducen a formar personas competentes.<\/p> \r\n<\/div>\r\n<\/div><\/div>\n<div class=\"col-6\"><img loading=\"lazy\" class=\"alignnone wp-image-937 size-large\" src=\"https:\/\/www.ucatolica.edu.co\/liceo\/wp-content\/uploads\/Liceo_11-1024x683.jpg\" alt=\"liceo perfil\" width=\"1024\" height=\"683\" srcset=\"https:\/\/www.ucatolica.edu.co\/liceo\/wp-content\/uploads\/Liceo_11-1024x683.jpg 1024w, https:\/\/www.ucatolica.edu.co\/liceo\/wp-content\/uploads\/Liceo_11-300x200.jpg 300w, https:\/\/www.ucatolica.edu.co\/liceo\/wp-content\/uploads\/Liceo_11-768x512.jpg 768w\" sizes=\"(max-width: 1024px) 100vw, 1024px\" \/><\/div>\n<div class=\"col-6\">\n<h2>Perfil del Alumno Lice\u00edsta<\/h2>\n<p>El estudiante del Liceo de la Universidad Cat\u00f3lica se caracteriza por ser una persona:<\/p>\n<p>CAT\u00d3LICA, Que con su testimonio de vida, muestre compromiso en la tarea de llevar el evangelio, llenando su ambiente de fe y el amor que Cristo nos entreg\u00f3. RESPONSABLE, Que con su actitud demuestre inter\u00e9s y sensatez en la ejecuci\u00f3n de sus acciones. SOCIABLE, Que su raz\u00f3n de ser social sea parte esencial de su personalidad, providencia de Dios, y est\u00e9 orientada seg\u00fan los principios supremos de la caridad y el amor al pr\u00f3jimo. L\u00cdDER, Que con sus capacidades pueda contribuir positivamente a la consecuci\u00f3n de los objetivos propuestos dentro de la filosof\u00eda de la instituci\u00f3n.<\/p>\n<h2>Misi\u00f3n \/ Visi\u00f3n<\/h2>\n<p>Formar personas \u00edntegras en la dimensi\u00f3n acad\u00e9mica, cat\u00f3lica y cultural, a trav\u00e9s de la vivencia en valores, para el servicio de la sociedad. El Liceo de la Universidad Cat\u00f3lica se proyecta como una instituci\u00f3n de alto rendimiento acad\u00e9mico a nivel nacional, ejemplo de convivencia y formaci\u00f3n en valores.<\/p>\n<\/div>\n<div class=\"col-12\">\n<div class=\"special-post-abstract\">\n<div>\n<h2>Departamento de Psicolog\u00eda<\/h2>\n<p>El Departamento de Psicolog\u00eda del Liceo de la Universidad Cat\u00f3lica se compromete profundamente con la salud mental y el bienestar de la comunidad Lice\u00edsta.<br \/>\nNos enfocamos en promover un entorno de aprendizaje saludable y enriquecedor, donde cada individuo pueda desarrollarse plenamente. A trav\u00e9s de una variedad de iniciativas, como talleres, escuelas de padres, campa\u00f1as de prevenci\u00f3n y promoci\u00f3n, as\u00ed como atenci\u00f3n y seguimiento personalizado de casos, trabajamos para fortalecer el crecimiento integral de nuestros estudiantes.<br \/>\nCon este enfoque, buscamos contribuir de manera significativa al cumplimiento de la misi\u00f3n y visi\u00f3n de nuestra instituci\u00f3n, asegurando una educaci\u00f3n de calidad que priorice tanto el desarrollo acad\u00e9mico como el bienestar emocional y psicol\u00f3gico de todos los miembros de nuestra comunidad educativa.<br \/>\n<a href=\"https:\/\/www.ucatolica.edu.co\/liceo\/mi-liceo\/departamento-de-psicologia\/\">Conocer m\u00e1s<\/a><\/p>\n<\/div>\n<\/div>\n<\/div>\n<div class=\"col-12\"><a class=\"botones-paneles\" href=\"https:\/\/www.ucatolica.edu.co\/liceo\/wp-content\/uploads\/Sistema-institucional-de-evaluacion-2026.pdf\" target=\"_blank\" rel=\"noopener\">Sistema Institucional de Evaluaci\u00f3n 2026<\/a><br \/>\n<a class=\"botones-paneles\" href=\"https:\/\/www.ucatolica.edu.co\/liceo\/mi-liceo\/asistencia-medica-hospitalaria\/\">Asistencia M\u00e9dica Hospitalaria<\/a><\/div>\n","protected":false},"excerpt":{"rendered":"<p>Historia El Liceo Gilberto Alzate Avenda\u00f1o fue creado por la Sala de Gobierno, ratificado por el Consejo Superior de la Universidad Cat\u00f3lica de Colombia en su sesi\u00f3n del 7 de mayo de 1984, siendo Rector el Doctor Gilberto Giraldo Herrera. Inici\u00f3 sus labores en febrero de 1985 con 13 estudiantes en grado sexto. Al a\u00f1o &#8230;<br \/><a class=\"extracto-more\" href=\"https:\/\/www.ucatolica.edu.co\/liceo\/principios-liceo\/\"><span> Continuar <\/span><\/a><\/p>\n","protected":false},"author":4,"featured_media":1738,"parent":0,"menu_order":0,"comment_status":"closed","ping_status":"closed","template":"","meta":[],"_links":{"self":[{"href":"https:\/\/www.ucatolica.edu.co\/liceo\/wp-json\/wp\/v2\/pages\/29"}],"collection":[{"href":"https:\/\/www.ucatolica.edu.co\/liceo\/wp-json\/wp\/v2\/pages"}],"about":[{"href":"https:\/\/www.ucatolica.edu.co\/liceo\/wp-json\/wp\/v2\/types\/page"}],"author":[{"embeddable":true,"href":"https:\/\/www.ucatolica.edu.co\/liceo\/wp-json\/wp\/v2\/users\/4"}],"replies":[{"embeddable":true,"href":"https:\/\/www.ucatolica.edu.co\/liceo\/wp-json\/wp\/v2\/comments?post=29"}],"version-history":[{"count":44,"href":"https:\/\/www.ucatolica.edu.co\/liceo\/wp-json\/wp\/v2\/pages\/29\/revisions"}],"predecessor-version":[{"id":1733,"href":"https:\/\/www.ucatolica.edu.co\/liceo\/wp-json\/wp\/v2\/pages\/29\/revisions\/1733"}],"wp:featuredmedia":[{"embeddable":true,"href":"https:\/\/www.ucatolica.edu.co\/liceo\/wp-json\/wp\/v2\/media\/1738"}],"wp:attachment":[{"href":"https:\/\/www.ucatolica.edu.co\/liceo\/wp-json\/wp\/v2\/media?parent=29"}],"curies":[{"name":"wp","href":"https:\/\/api.w.org\/{rel}","templated":true}]}}