{"id":414,"date":"2017-11-20T21:00:01","date_gmt":"2017-11-20T21:00:01","guid":{"rendered":"https:\/\/www.ucatolica.edu.co\/liceo\/?page_id=414"},"modified":"2026-03-05T12:19:05","modified_gmt":"2026-03-05T12:19:05","slug":"habeas-data","status":"publish","type":"page","link":"https:\/\/www.ucatolica.edu.co\/liceo\/habeas-data\/","title":{"rendered":"Habeas Data"},"content":{"rendered":"<h3>Habeas Data<\/h3>\n<p>El&nbsp;<em>habeas data<\/em>&nbsp;es el derecho que tienen todas las personas de conocer, actualizar y rectificar la informaci\u00f3n que se hayan recogido sobre ellas en bancos de datos. Incluye tambi\u00e9n los dem\u00e1s derechos, libertades y garant\u00edas Constitucionales relacionadas con la recolecci\u00f3n, tratamiento y circulaci\u00f3n de datos personales.<\/p>\n<h3>Deberes del Liceo de la Universidad Cat\u00f3lica de Colombia:<\/h3>\n<ul>\n<li>Hacer valer el derecho&nbsp;<em>habeas data<\/em>de los estudiantes y del personal que conforma las unidades administrativas y acad\u00e9micas.<\/li>\n<li>Promover que todos los integrantes del Liceo de la Universidad conozcan las <em>\u201cPol\u00edticas del tratamiento de datos personales\u201d <\/em>Acuerdo 002 de 2013 emitido por la Sala de Gobierno de la Universidad. (Crear hiperv\u00ednculo que direccione a la pol\u00edtica de protecci\u00f3n de datos personales)<\/li>\n<li>Implementar medidas de seguridad para que no haya acceso no autorizado a los datos personales.<\/li>\n<li>Guardar copias de las autorizaciones para manipular la informaci\u00f3n entregada por los estudiantes y el personal que conforma las unidades acad\u00e9micas y administrativas.<\/li>\n<\/ul>\n<h3>Derechos de los Estudiantes del Liceo:<\/h3>\n<ul>\n<li>Conocer, actualizar y rectificar la informaci\u00f3n que se tenga sobre ellos en la Universidad, el cual ser\u00e1 ejercido a trav\u00e9s del acudiente o representante.<\/li>\n<li>Efectuar una reclamaci\u00f3n directa, enviando un mensaje a contacto@ucatolica.edu.co o directamente ante la Secretar\u00eda General.<\/li>\n<li>En concordancia con los art\u00edculos 15 y 16 de la Ley 1755 de 2015.<\/li>\n<\/ul>\n<p><em>*Se recomienda a los tutores y\/o representantes mantener los datos actualizados.<\/em><\/p>\n<h3>Protecci\u00f3n especial a los datos de ni\u00f1os, ni\u00f1as y adolescentes:<\/h3>\n<p>De acuerdo a lo establecido en el art\u00edculo 7 de la Ley 1581 de 2012, los datos personales de los menores de edad gozan de protecci\u00f3n especial, excepto cuando se traten de datos de naturaleza p\u00fablica.<\/p>\n<p>El tratamiento de datos de los ni\u00f1os, ni\u00f1as y adolescentes debe cumplir con las siguientes caracter\u00edsticas:<\/p>\n<ol>\n<li>Respeto a los derechos fundamentales.<\/li>\n<li>Que respete el inter\u00e9s superior de los ni\u00f1os, ni\u00f1as y adolescentes.<\/li>\n<\/ol>\n<p>La autorizaci\u00f3n para el tratamiento de datos deber\u00e1 ser otorgada por el representante legal del ni\u00f1o, ni\u00f1a o adolescente, previo ejercicio del menor de su derecho a ser escuchado, de manera proporcional a la madurez, autonom\u00eda y capacidad para entender el asunto.<\/p>\n<h3>Conozca m\u00e1s acerca de la protecci\u00f3n de datos:<\/h3>\n<p>El Liceo de la Universidad comprometido con el cumplimiento normativo y consiente de la necesidad de formaci\u00f3n constante, ha desarrollado el Aula Virtual de en la cual se plasma de manera did\u00e1ctica las disposiciones referentes a la protecci\u00f3n de datos.<\/p>\n<p>Para acceder al Aula Virtual:<\/p>\n<ol>\n<li>Ingresar a la plataforma <a href=\"https:\/\/ava.ucatolica.edu.co\/ava2\/login\/index.php\" target=\"_blank\" rel=\"noopener\">AVA<\/a><\/li>\n<li>Debe diligenciar datos de \u201cUsuario\u201d y \u201cClave\u201d.<\/li>\n<li>Ingresara a la p\u00e1gina principal, en la cual debe hacer clic en \u201cDesarrollo Institucional\u201d.<\/li>\n<li>Haga clic en la opci\u00f3n \u201cSecretar\u00eda General\u201d &gt; \u201cHabeas Data\u201d &gt; \u201cMatricularme\u201d.<\/li>\n<li>De inmediato se habilitar\u00e1 la informaci\u00f3n del curso.<\/li>\n<\/ol>\n<h3>Peticiones referentes a datos personales:<\/h3>\n<p>Si el titular a trav\u00e9s de su acudiente o representante quiere consultar su informaci\u00f3n o consideran que lo datos contenidos en una base de datos deben ser corregidos, actualizados o eliminados, o cuando adviertan el presunto incumplimiento de cualquiera de los deberes contenidos en la ley, podr\u00e1n presentar un reclamo ante la Universidad mediante derecho de petici\u00f3n f\u00edsico o en el correo: contacto@ucatolica.edu.co<\/p>\n<p>Y dentro del t\u00e9rmino de 15 d\u00edas h\u00e1biles contados a partir del d\u00eda siguiente a la fecha de su recibo atenderemos la reclamaci\u00f3n.<\/p>\n","protected":false},"excerpt":{"rendered":"<p>Habeas Data El&nbsp;habeas data&nbsp;es el derecho que tienen todas las personas de conocer, actualizar y rectificar la informaci\u00f3n que se hayan recogido sobre ellas en bancos de datos. Incluye tambi\u00e9n los dem\u00e1s derechos, libertades y garant\u00edas Constitucionales relacionadas con la recolecci\u00f3n, tratamiento y circulaci\u00f3n de datos personales. Deberes del Liceo de la Universidad Cat\u00f3lica de &#8230;<br \/><a class=\"extracto-more\" href=\"https:\/\/www.ucatolica.edu.co\/liceo\/habeas-data\/\"><span> Continuar <\/span><\/a><\/p>\n","protected":false},"author":4,"featured_media":1742,"parent":0,"menu_order":0,"comment_status":"closed","ping_status":"closed","template":"","meta":[],"_links":{"self":[{"href":"https:\/\/www.ucatolica.edu.co\/liceo\/wp-json\/wp\/v2\/pages\/414"}],"collection":[{"href":"https:\/\/www.ucatolica.edu.co\/liceo\/wp-json\/wp\/v2\/pages"}],"about":[{"href":"https:\/\/www.ucatolica.edu.co\/liceo\/wp-json\/wp\/v2\/types\/page"}],"author":[{"embeddable":true,"href":"https:\/\/www.ucatolica.edu.co\/liceo\/wp-json\/wp\/v2\/users\/4"}],"replies":[{"embeddable":true,"href":"https:\/\/www.ucatolica.edu.co\/liceo\/wp-json\/wp\/v2\/comments?post=414"}],"version-history":[{"count":5,"href":"https:\/\/www.ucatolica.edu.co\/liceo\/wp-json\/wp\/v2\/pages\/414\/revisions"}],"predecessor-version":[{"id":1677,"href":"https:\/\/www.ucatolica.edu.co\/liceo\/wp-json\/wp\/v2\/pages\/414\/revisions\/1677"}],"wp:featuredmedia":[{"embeddable":true,"href":"https:\/\/www.ucatolica.edu.co\/liceo\/wp-json\/wp\/v2\/media\/1742"}],"wp:attachment":[{"href":"https:\/\/www.ucatolica.edu.co\/liceo\/wp-json\/wp\/v2\/media?parent=414"}],"curies":[{"name":"wp","href":"https:\/\/api.w.org\/{rel}","templated":true}]}}