{"id":63,"date":"2017-02-03T19:41:57","date_gmt":"2017-02-03T19:41:57","guid":{"rendered":"https:\/\/www.ucatolica.edu.co\/liceo\/?page_id=63"},"modified":"2025-04-23T01:49:12","modified_gmt":"2025-04-23T01:49:12","slug":"preescolar-y-primaria","status":"publish","type":"page","link":"https:\/\/www.ucatolica.edu.co\/liceo\/preescolar-y-primaria\/","title":{"rendered":"Preescolar y primaria"},"content":{"rendered":"<div style=\"display: none;\">\n<div class=\"col-6\">\n<h2>Circulares y Gu\u00edas<\/h2>\n<p>Consulte aqu\u00ed las circulares informativas y gu\u00edas de trabajo de acuerdo a cada grado.<\/p>\n<p><a class=\"boton-cta\" href=\"https:\/\/www.ucatolica.edu.co\/liceo\/circulares-y-guias\/\">Ir al sitio<\/a><\/p>\n<\/div>\n<div class=\"col-6\"><img loading=\"lazy\" class=\"alignnone wp-image-939 size-large\" src=\"https:\/\/www.ucatolica.edu.co\/liceo\/wp-content\/uploads\/Liceo_13-1024x683.jpg\" alt=\"Circulares preescolar\" width=\"1024\" height=\"683\" srcset=\"https:\/\/www.ucatolica.edu.co\/liceo\/wp-content\/uploads\/Liceo_13-1024x683.jpg 1024w, https:\/\/www.ucatolica.edu.co\/liceo\/wp-content\/uploads\/Liceo_13-300x200.jpg 300w, https:\/\/www.ucatolica.edu.co\/liceo\/wp-content\/uploads\/Liceo_13-768x512.jpg 768w, https:\/\/www.ucatolica.edu.co\/liceo\/wp-content\/uploads\/Liceo_13.jpg 1920w\" sizes=\"(max-width: 1024px) 100vw, 1024px\" \/><\/div>\n<\/div>\n<div class=\"col-12 clean\">\n<h2>Horarios atenci\u00f3n a padres<\/h2>\n<\/div>\n<div class=\"col-6\">\n<p><img loading=\"lazy\" class=\"alignnone size-full wp-image-128\" src=\"https:\/\/www.ucatolica.edu.co\/liceo\/wp-content\/uploads\/atencion-a-padres-2.jpg\" alt=\"\" width=\"551\" height=\"457\" srcset=\"https:\/\/www.ucatolica.edu.co\/liceo\/wp-content\/uploads\/atencion-a-padres-2.jpg 551w, https:\/\/www.ucatolica.edu.co\/liceo\/wp-content\/uploads\/atencion-a-padres-2-300x249.jpg 300w\" sizes=\"(max-width: 551px) 100vw, 551px\" \/><\/p>\n<\/div>\n<div class=\"col-6\">\n<p>A continuaci\u00f3n encontrar\u00e1 el horario de atenci\u00f3n docente a padres de familia.<\/p>\n<p><a class=\"boton-cta\" href=\"https:\/\/www.ucatolica.edu.co\/liceo\/preescolar-y-primaria\/horario-de-atencion-a-padres\/\">Conocer horarios<\/a><\/p>\n<\/div>\n<div class=\"col-12\">\n<p><a class=\"botones-paneles\" href=\"https:\/\/www.ucatolica.edu.co\/liceo\/wp-content\/uploads\/plataforma_academica.pdf\" target=\"_blank\" rel=\"noopener\">Plataforma Acad\u00e9mica<\/a><br \/>\n<a class=\"botones-paneles\" href=\"https:\/\/www.ucatolica.edu.co\/liceo\/preescolar-y-primaria\/plan-de-estudios-preescolar\/\">Plan de estudios preescolar<\/a><br \/>\n<a class=\"botones-paneles\" href=\"https:\/\/www.ucatolica.edu.co\/liceo\/preescolar-y-primaria\/plan-de-estudios-basica-primaria\/\">Plan de estudios b\u00e1sica primaria<\/a><\/p>\n<\/div>\n","protected":false},"excerpt":{"rendered":"<p>Circulares y Gu\u00edas Consulte aqu\u00ed las circulares informativas y gu\u00edas de trabajo de acuerdo a cada grado. Ir al sitio Horarios atenci\u00f3n a padres A continuaci\u00f3n encontrar\u00e1 el horario de atenci\u00f3n docente a padres de familia. Conocer horarios Plataforma Acad\u00e9mica Plan de estudios preescolar Plan de estudios b\u00e1sica primaria<\/p>\n","protected":false},"author":4,"featured_media":1671,"parent":0,"menu_order":0,"comment_status":"closed","ping_status":"closed","template":"page-primaria.php","meta":[],"_links":{"self":[{"href":"https:\/\/www.ucatolica.edu.co\/liceo\/wp-json\/wp\/v2\/pages\/63"}],"collection":[{"href":"https:\/\/www.ucatolica.edu.co\/liceo\/wp-json\/wp\/v2\/pages"}],"about":[{"href":"https:\/\/www.ucatolica.edu.co\/liceo\/wp-json\/wp\/v2\/types\/page"}],"author":[{"embeddable":true,"href":"https:\/\/www.ucatolica.edu.co\/liceo\/wp-json\/wp\/v2\/users\/4"}],"replies":[{"embeddable":true,"href":"https:\/\/www.ucatolica.edu.co\/liceo\/wp-json\/wp\/v2\/comments?post=63"}],"version-history":[{"count":38,"href":"https:\/\/www.ucatolica.edu.co\/liceo\/wp-json\/wp\/v2\/pages\/63\/revisions"}],"predecessor-version":[{"id":1670,"href":"https:\/\/www.ucatolica.edu.co\/liceo\/wp-json\/wp\/v2\/pages\/63\/revisions\/1670"}],"wp:featuredmedia":[{"embeddable":true,"href":"https:\/\/www.ucatolica.edu.co\/liceo\/wp-json\/wp\/v2\/media\/1671"}],"wp:attachment":[{"href":"https:\/\/www.ucatolica.edu.co\/liceo\/wp-json\/wp\/v2\/media?parent=63"}],"curies":[{"name":"wp","href":"https:\/\/api.w.org\/{rel}","templated":true}]}}