{"id":101700,"date":"2023-10-17T12:45:05","date_gmt":"2023-10-17T17:45:05","guid":{"rendered":"https:\/\/www.ucatolica.edu.co\/portal\/?page_id=101700"},"modified":"2023-10-17T12:45:05","modified_gmt":"2023-10-17T17:45:05","slug":"ministra-del-deporte-en-la-universidad-catolica-de-colombia","status":"publish","type":"page","link":"https:\/\/www.ucatolica.edu.co\/portal\/ministra-del-deporte-en-la-universidad-catolica-de-colombia\/","title":{"rendered":"Ministra del Deporte en la Universidad Cat\u00f3lica de Colombia"},"content":{"rendered":"\n<p>El marketing deportivo en el \u00e1mbito universitario y el proyecto de reforma de la ley de educaci\u00f3n superior. Un hecho destacable en este evento fue la presencia de Astrid Bibiana Rodr\u00edguez Cort\u00e9s, la Ministra del Deporte en la Universidad Cat\u00f3lica de Colombia.<\/p>\n\n\n\n<p>Entendiendo que el deporte universitario es una parte fundamental en la vida de muchos j\u00f3venes, puede convertirse en una fuente de desarrollo personal y un espacio donde se fomenta la sana competencia y la amistad.  Por ello, la Universidad Cat\u00f3lica de Colombia busca promover esta dimensi\u00f3n en la vida de sus estudiantes, fue anfitriona de un evento de gran relevancia: el &#8220;Pleno nacional de ASCUN: Prospectiva de la actividad f\u00edsica, la recreaci\u00f3n y el deporte en el contexto universitario&#8221;.<\/p>\n\n\n\n<p>Este encuentro reuni\u00f3 a representantes de 55 universidades de todo el pa\u00eds, quienes se dieron cita en la Universidad Cat\u00f3lica de Colombia. En este espacio, se debatieron tem\u00e1ticas de gran importancia para el deporte universitario. <\/p>\n\n\n\n<p>Se analizaron asuntos relacionados con el contexto internacional de la organizaci\u00f3n deportiva universitaria en Latinoam\u00e9rica. La ministra propuso una discusi\u00f3n sobre el rumbo de la actividad f\u00edsica en la educaci\u00f3n. En el marco del proyecto de la nueva Ley del Deporte en Colombia, motiv\u00f3 a todos los presentes a reflexionar sobre la doble profesi\u00f3n de los atletas de \u00e9lite, quienes deben combinar sus compromisos deportivos con sus estudios universitarios.<\/p>\n\n\n\n<p>Este pleno nacional del deporte universitario sirvi\u00f3 como antesala de los XXX juegos nacionales universitarios, organizados por la Asociaci\u00f3n Colombiana de Universidades (ASCUN). Bogot\u00e1 es la ciudad anfitriona de estos juegos, que cuentan con la participaci\u00f3n de cerca de 5000 deportistas de todo el pa\u00eds. <\/p>\n\n\n\n<p>La Universidad Cat\u00f3lica de Colombia fue seleccionada como la sede para la competencia nacional de Baloncesto 3&#215;3, disciplina que est\u00e1 ganando un gran inter\u00e9s en el \u00e1mbito universitario. Felicitamos a la Universidad Nacional y al Polit\u00e9cnico Colombiano Jaime Isaza Cadavid, ambas de la sede Medell\u00edn quienes fueron campeones femenino y masculino respectivamente.\u00a0<\/p>\n\n\n\n<figure class=\"wp-block-image size-full\"><img fetchpriority=\"high\" decoding=\"async\" width=\"870\" height=\"522\" src=\"https:\/\/www.ucatolica.edu.co\/portal\/wp-content\/uploads\/2023\/10\/noticia-ascun-oct2.jpg\" alt=\"\" class=\"wp-image-101702\"\/><\/figure>\n\n\n\n<p>Este evento y la participaci\u00f3n de la Universidad Cat\u00f3lica de Colombia resaltan la importancia del deporte en la vida de los j\u00f3venes universitarios. \u00a0De hecho, para la universidad tiene una gran relevancia pues incentiva a aquellos estudiantes que, por su rendimiento y reconocimiento en la representaci\u00f3n universitaria en este tipo de eventos, pueden obtener reconocimientos en los valores de sus matriculas.<\/p>\n\n\n\n<p>Conoce <a href=\"https:\/\/www.ucatolica.edu.co\/portal\/vida-universitaria\/becas-y-auxilios\/\">aqu\u00ed<\/a> los requisitos para obtener una beca o auxilio acad\u00e9mico en la Universidad. <\/p>\n\n\n\n<p>M\u00e1s all\u00e1 de la competencia, el deporte promueve valores esenciales como el trabajo en equipo, la disciplina y el esp\u00edritu deportivo. Adem\u00e1s, brinda a los estudiantes la oportunidad de mantener un equilibrio entre sus compromisos acad\u00e9micos y su pasi\u00f3n por el deporte. La universidad se convierte en un espacio donde se forjan no solo profesionales capacitados, sino tambi\u00e9n individuos completos que est\u00e1n preparados para enfrentar los desaf\u00edos del mundo con un enfoque integral.<\/p>\n\n\n\n<p><\/p>\n","protected":false},"excerpt":{"rendered":"<p>El marketing deportivo en el \u00e1mbito universitario y el proyecto de reforma de la ley de educaci\u00f3n superior. Un hecho destacable en este evento fue la presencia de Astrid Bibiana Rodr\u00edguez Cort\u00e9s, la Ministra del Deporte en la Universidad Cat\u00f3lica de Colombia. Entendiendo que el deporte universitario es una parte fundamental en la vida de [&hellip;]<\/p>\n","protected":false},"author":61,"featured_media":101701,"parent":0,"menu_order":0,"comment_status":"closed","ping_status":"closed","template":"","meta":{"_acf_changed":false,"advgb_blocks_editor_width":"","advgb_blocks_columns_visual_guide":"","footnotes":""},"class_list":["post-101700","page","type-page","status-publish","has-post-thumbnail","hentry"],"acf":[],"yoast_head":"<!-- This site is optimized with the Yoast SEO plugin v26.7 - https:\/\/yoast.com\/wordpress\/plugins\/seo\/ -->\n<title>Ministra del Deporte en la Universidad Cat\u00f3lica de Colombia<\/title>\n<meta name=\"robots\" content=\"index, follow, max-snippet:-1, max-image-preview:large, max-video-preview:-1\" \/>\n<link rel=\"canonical\" href=\"https:\/\/www.ucatolica.edu.co\/portal\/ministra-del-deporte-en-la-universidad-catolica-de-colombia\/\" \/>\n<meta property=\"og:locale\" content=\"es_ES\" \/>\n<meta property=\"og:type\" content=\"article\" \/>\n<meta property=\"og:title\" content=\"Ministra del Deporte en la Universidad Cat\u00f3lica de Colombia\" \/>\n<meta property=\"og:description\" content=\"El marketing deportivo en el \u00e1mbito universitario y el proyecto de reforma de la ley de educaci\u00f3n superior. Un hecho destacable en este evento fue la presencia de Astrid Bibiana Rodr\u00edguez Cort\u00e9s, la Ministra del Deporte en la Universidad Cat\u00f3lica de Colombia. Entendiendo que el deporte universitario es una parte fundamental en la vida de [&hellip;]\" \/>\n<meta property=\"og:url\" content=\"https:\/\/www.ucatolica.edu.co\/portal\/ministra-del-deporte-en-la-universidad-catolica-de-colombia\/\" \/>\n<meta property=\"og:site_name\" content=\"Universidad Cat\u00f3lica De Colombia\" \/>\n<meta property=\"article:publisher\" content=\"https:\/\/www.facebook.com\/ucatolicacolombia\" \/>\n<meta property=\"og:image\" content=\"https:\/\/www.ucatolica.edu.co\/portal\/wp-content\/uploads\/2023\/10\/noticia-ascun-oct-2.jpg\" \/>\n\t<meta property=\"og:image:width\" content=\"870\" \/>\n\t<meta property=\"og:image:height\" content=\"522\" \/>\n\t<meta property=\"og:image:type\" content=\"image\/jpeg\" \/>\n<meta name=\"twitter:card\" content=\"summary_large_image\" \/>\n<meta name=\"twitter:site\" content=\"@UCatolicaCol\" \/>\n<meta name=\"twitter:label1\" content=\"Tiempo de lectura\" \/>\n\t<meta name=\"twitter:data1\" content=\"3 minutos\" \/>\n<script type=\"application\/ld+json\" class=\"yoast-schema-graph\">{\"@context\":\"https:\/\/schema.org\",\"@graph\":[{\"@type\":\"WebPage\",\"@id\":\"https:\/\/www.ucatolica.edu.co\/portal\/ministra-del-deporte-en-la-universidad-catolica-de-colombia\/\",\"url\":\"https:\/\/www.ucatolica.edu.co\/portal\/ministra-del-deporte-en-la-universidad-catolica-de-colombia\/\",\"name\":\"Ministra del Deporte en la Universidad Cat\u00f3lica de Colombia\",\"isPartOf\":{\"@id\":\"https:\/\/www.ucatolica.edu.co\/portal\/#website\"},\"primaryImageOfPage\":{\"@id\":\"https:\/\/www.ucatolica.edu.co\/portal\/ministra-del-deporte-en-la-universidad-catolica-de-colombia\/#primaryimage\"},\"image\":{\"@id\":\"https:\/\/www.ucatolica.edu.co\/portal\/ministra-del-deporte-en-la-universidad-catolica-de-colombia\/#primaryimage\"},\"thumbnailUrl\":\"https:\/\/www.ucatolica.edu.co\/portal\/wp-content\/uploads\/2023\/10\/noticia-ascun-oct-2.jpg\",\"datePublished\":\"2023-10-17T17:45:05+00:00\",\"breadcrumb\":{\"@id\":\"https:\/\/www.ucatolica.edu.co\/portal\/ministra-del-deporte-en-la-universidad-catolica-de-colombia\/#breadcrumb\"},\"inLanguage\":\"es-CO\",\"potentialAction\":[{\"@type\":\"ReadAction\",\"target\":[\"https:\/\/www.ucatolica.edu.co\/portal\/ministra-del-deporte-en-la-universidad-catolica-de-colombia\/\"]}]},{\"@type\":\"ImageObject\",\"inLanguage\":\"es-CO\",\"@id\":\"https:\/\/www.ucatolica.edu.co\/portal\/ministra-del-deporte-en-la-universidad-catolica-de-colombia\/#primaryimage\",\"url\":\"https:\/\/www.ucatolica.edu.co\/portal\/wp-content\/uploads\/2023\/10\/noticia-ascun-oct-2.jpg\",\"contentUrl\":\"https:\/\/www.ucatolica.edu.co\/portal\/wp-content\/uploads\/2023\/10\/noticia-ascun-oct-2.jpg\",\"width\":870,\"height\":522,\"caption\":\"Administrativos de la u cat\u00f3lica y funcionarios de mindeporte reunidos\"},{\"@type\":\"BreadcrumbList\",\"@id\":\"https:\/\/www.ucatolica.edu.co\/portal\/ministra-del-deporte-en-la-universidad-catolica-de-colombia\/#breadcrumb\",\"itemListElement\":[{\"@type\":\"ListItem\",\"position\":1,\"name\":\"Inicio\",\"item\":\"https:\/\/www.ucatolica.edu.co\/portal\/\"},{\"@type\":\"ListItem\",\"position\":2,\"name\":\"Ministra del Deporte en la Universidad Cat\u00f3lica de Colombia\"}]},{\"@type\":\"WebSite\",\"@id\":\"https:\/\/www.ucatolica.edu.co\/portal\/#website\",\"url\":\"https:\/\/www.ucatolica.edu.co\/portal\/\",\"name\":\"Universidad Cat\u00f3lica De Colombia\",\"description\":\"Universidad Cat\u00f3lica De Colombia\",\"publisher\":{\"@id\":\"https:\/\/www.ucatolica.edu.co\/portal\/#organization\"},\"potentialAction\":[{\"@type\":\"SearchAction\",\"target\":{\"@type\":\"EntryPoint\",\"urlTemplate\":\"https:\/\/www.ucatolica.edu.co\/portal\/?s={search_term_string}\"},\"query-input\":{\"@type\":\"PropertyValueSpecification\",\"valueRequired\":true,\"valueName\":\"search_term_string\"}}],\"inLanguage\":\"es-CO\"},{\"@type\":\"Organization\",\"@id\":\"https:\/\/www.ucatolica.edu.co\/portal\/#organization\",\"name\":\"Universidad Cat\u00f3lica de Colombia\",\"url\":\"https:\/\/www.ucatolica.edu.co\/portal\/\",\"logo\":{\"@type\":\"ImageObject\",\"inLanguage\":\"es-CO\",\"@id\":\"https:\/\/www.ucatolica.edu.co\/portal\/#\/schema\/logo\/image\/\",\"url\":\"https:\/\/www.ucatolica.edu.co\/portal\/wp-content\/uploads\/2021\/06\/logo-header-ho-1.svg\",\"contentUrl\":\"https:\/\/www.ucatolica.edu.co\/portal\/wp-content\/uploads\/2021\/06\/logo-header-ho-1.svg\",\"width\":1,\"height\":1,\"caption\":\"Universidad Cat\u00f3lica de Colombia\"},\"image\":{\"@id\":\"https:\/\/www.ucatolica.edu.co\/portal\/#\/schema\/logo\/image\/\"},\"sameAs\":[\"https:\/\/www.facebook.com\/ucatolicacolombia\",\"https:\/\/x.com\/UCatolicaCol\",\"https:\/\/www.instagram.com\/universidadcatolicadecolombia\/\",\"https:\/\/www.linkedin.com\/company\/universidadcatolicadecolombia\/\",\"https:\/\/www.youtube.com\/user\/UCatolicaCo\"]}]}<\/script>\n<!-- \/ Yoast SEO plugin. -->","yoast_head_json":{"title":"Ministra del Deporte en la Universidad Cat\u00f3lica de Colombia","robots":{"index":"index","follow":"follow","max-snippet":"max-snippet:-1","max-image-preview":"max-image-preview:large","max-video-preview":"max-video-preview:-1"},"canonical":"https:\/\/www.ucatolica.edu.co\/portal\/ministra-del-deporte-en-la-universidad-catolica-de-colombia\/","og_locale":"es_ES","og_type":"article","og_title":"Ministra del Deporte en la Universidad Cat\u00f3lica de Colombia","og_description":"El marketing deportivo en el \u00e1mbito universitario y el proyecto de reforma de la ley de educaci\u00f3n superior. Un hecho destacable en este evento fue la presencia de Astrid Bibiana Rodr\u00edguez Cort\u00e9s, la Ministra del Deporte en la Universidad Cat\u00f3lica de Colombia. Entendiendo que el deporte universitario es una parte fundamental en la vida de [&hellip;]","og_url":"https:\/\/www.ucatolica.edu.co\/portal\/ministra-del-deporte-en-la-universidad-catolica-de-colombia\/","og_site_name":"Universidad Cat\u00f3lica De Colombia","article_publisher":"https:\/\/www.facebook.com\/ucatolicacolombia","og_image":[{"width":870,"height":522,"url":"https:\/\/www.ucatolica.edu.co\/portal\/wp-content\/uploads\/2023\/10\/noticia-ascun-oct-2.jpg","type":"image\/jpeg"}],"twitter_card":"summary_large_image","twitter_site":"@UCatolicaCol","twitter_misc":{"Tiempo de lectura":"3 minutos"},"schema":{"@context":"https:\/\/schema.org","@graph":[{"@type":"WebPage","@id":"https:\/\/www.ucatolica.edu.co\/portal\/ministra-del-deporte-en-la-universidad-catolica-de-colombia\/","url":"https:\/\/www.ucatolica.edu.co\/portal\/ministra-del-deporte-en-la-universidad-catolica-de-colombia\/","name":"Ministra del Deporte en la Universidad Cat\u00f3lica de Colombia","isPartOf":{"@id":"https:\/\/www.ucatolica.edu.co\/portal\/#website"},"primaryImageOfPage":{"@id":"https:\/\/www.ucatolica.edu.co\/portal\/ministra-del-deporte-en-la-universidad-catolica-de-colombia\/#primaryimage"},"image":{"@id":"https:\/\/www.ucatolica.edu.co\/portal\/ministra-del-deporte-en-la-universidad-catolica-de-colombia\/#primaryimage"},"thumbnailUrl":"https:\/\/www.ucatolica.edu.co\/portal\/wp-content\/uploads\/2023\/10\/noticia-ascun-oct-2.jpg","datePublished":"2023-10-17T17:45:05+00:00","breadcrumb":{"@id":"https:\/\/www.ucatolica.edu.co\/portal\/ministra-del-deporte-en-la-universidad-catolica-de-colombia\/#breadcrumb"},"inLanguage":"es-CO","potentialAction":[{"@type":"ReadAction","target":["https:\/\/www.ucatolica.edu.co\/portal\/ministra-del-deporte-en-la-universidad-catolica-de-colombia\/"]}]},{"@type":"ImageObject","inLanguage":"es-CO","@id":"https:\/\/www.ucatolica.edu.co\/portal\/ministra-del-deporte-en-la-universidad-catolica-de-colombia\/#primaryimage","url":"https:\/\/www.ucatolica.edu.co\/portal\/wp-content\/uploads\/2023\/10\/noticia-ascun-oct-2.jpg","contentUrl":"https:\/\/www.ucatolica.edu.co\/portal\/wp-content\/uploads\/2023\/10\/noticia-ascun-oct-2.jpg","width":870,"height":522,"caption":"Administrativos de la u cat\u00f3lica y funcionarios de mindeporte reunidos"},{"@type":"BreadcrumbList","@id":"https:\/\/www.ucatolica.edu.co\/portal\/ministra-del-deporte-en-la-universidad-catolica-de-colombia\/#breadcrumb","itemListElement":[{"@type":"ListItem","position":1,"name":"Inicio","item":"https:\/\/www.ucatolica.edu.co\/portal\/"},{"@type":"ListItem","position":2,"name":"Ministra del Deporte en la Universidad Cat\u00f3lica de Colombia"}]},{"@type":"WebSite","@id":"https:\/\/www.ucatolica.edu.co\/portal\/#website","url":"https:\/\/www.ucatolica.edu.co\/portal\/","name":"Universidad Cat\u00f3lica De Colombia","description":"Universidad Cat\u00f3lica De Colombia","publisher":{"@id":"https:\/\/www.ucatolica.edu.co\/portal\/#organization"},"potentialAction":[{"@type":"SearchAction","target":{"@type":"EntryPoint","urlTemplate":"https:\/\/www.ucatolica.edu.co\/portal\/?s={search_term_string}"},"query-input":{"@type":"PropertyValueSpecification","valueRequired":true,"valueName":"search_term_string"}}],"inLanguage":"es-CO"},{"@type":"Organization","@id":"https:\/\/www.ucatolica.edu.co\/portal\/#organization","name":"Universidad Cat\u00f3lica de Colombia","url":"https:\/\/www.ucatolica.edu.co\/portal\/","logo":{"@type":"ImageObject","inLanguage":"es-CO","@id":"https:\/\/www.ucatolica.edu.co\/portal\/#\/schema\/logo\/image\/","url":"https:\/\/www.ucatolica.edu.co\/portal\/wp-content\/uploads\/2021\/06\/logo-header-ho-1.svg","contentUrl":"https:\/\/www.ucatolica.edu.co\/portal\/wp-content\/uploads\/2021\/06\/logo-header-ho-1.svg","width":1,"height":1,"caption":"Universidad Cat\u00f3lica de Colombia"},"image":{"@id":"https:\/\/www.ucatolica.edu.co\/portal\/#\/schema\/logo\/image\/"},"sameAs":["https:\/\/www.facebook.com\/ucatolicacolombia","https:\/\/x.com\/UCatolicaCol","https:\/\/www.instagram.com\/universidadcatolicadecolombia\/","https:\/\/www.linkedin.com\/company\/universidadcatolicadecolombia\/","https:\/\/www.youtube.com\/user\/UCatolicaCo"]}]}},"coauthors":[],"author_meta":{"author_link":"https:\/\/www.ucatolica.edu.co\/portal\/author\/dayana\/","display_name":"Leidy Dayanna Jaramillo Tavera"},"relative_dates":{"created":"Posted 3 a\u00f1os ago","modified":"Updated 3 a\u00f1os ago"},"absolute_dates":{"created":"Posted on 17 octubre, 2023","modified":"Updated on 17 octubre, 2023"},"absolute_dates_time":{"created":"Posted on 17 octubre, 2023 12:45 pm","modified":"Updated on 17 octubre, 2023 12:45 pm"},"featured_img_caption":"","featured_img":"https:\/\/www.ucatolica.edu.co\/portal\/wp-content\/uploads\/2023\/10\/noticia-ascun-oct-2.jpg","series_order":"","_links":{"self":[{"href":"https:\/\/www.ucatolica.edu.co\/portal\/wp-json\/wp\/v2\/pages\/101700","targetHints":{"allow":["GET"]}}],"collection":[{"href":"https:\/\/www.ucatolica.edu.co\/portal\/wp-json\/wp\/v2\/pages"}],"about":[{"href":"https:\/\/www.ucatolica.edu.co\/portal\/wp-json\/wp\/v2\/types\/page"}],"author":[{"embeddable":true,"href":"https:\/\/www.ucatolica.edu.co\/portal\/wp-json\/wp\/v2\/users\/61"}],"replies":[{"embeddable":true,"href":"https:\/\/www.ucatolica.edu.co\/portal\/wp-json\/wp\/v2\/comments?post=101700"}],"version-history":[{"count":1,"href":"https:\/\/www.ucatolica.edu.co\/portal\/wp-json\/wp\/v2\/pages\/101700\/revisions"}],"predecessor-version":[{"id":101703,"href":"https:\/\/www.ucatolica.edu.co\/portal\/wp-json\/wp\/v2\/pages\/101700\/revisions\/101703"}],"wp:featuredmedia":[{"embeddable":true,"href":"https:\/\/www.ucatolica.edu.co\/portal\/wp-json\/wp\/v2\/media\/101701"}],"wp:attachment":[{"href":"https:\/\/www.ucatolica.edu.co\/portal\/wp-json\/wp\/v2\/media?parent=101700"}],"curies":[{"name":"wp","href":"https:\/\/api.w.org\/{rel}","templated":true}]}}