{"id":11085,"date":"2019-04-04T15:41:47","date_gmt":"2019-04-04T20:41:47","guid":{"rendered":"https:\/\/www.ucatolica.edu.co\/portal\/?page_id=11085"},"modified":"2019-04-04T15:41:47","modified_gmt":"2019-04-04T20:41:47","slug":"proceso-de-presentacion-del-examen-de-suficiencia-de-ingles-para-la-admision-en-el-programa-de-doctorado-en-psicologia","status":"publish","type":"page","link":"https:\/\/www.ucatolica.edu.co\/portal\/proceso-de-presentacion-del-examen-de-suficiencia-de-ingles-para-la-admision-en-el-programa-de-doctorado-en-psicologia\/","title":{"rendered":"Proceso de presentaci\u00f3n del examen de suficiencia de ingl\u00e9s para la admisi\u00f3n en el programa de Doctorado en Psicolog\u00eda"},"content":{"rendered":"<h2>Proceso de presentaci\u00f3n del examen de suficiencia de ingl\u00e9s para la admisi\u00f3n en el programa de Doctorado en Psicolog\u00eda<\/h2>\n<p>&nbsp;<\/p>\n<p>Lea la informaci\u00f3n que se brinda a continuaci\u00f3n:<\/p>\n<p><\/p>\n<div id=\"accordion\" class=\"panel-group\">\n<div class=\"panel panel-default\">\n<div id=\"headingCero\" class=\"panel-heading\">\n<h4 class=\"panel-title\"><a href=\"#collapseCero\" data-toggle=\"collapse\" data-parent=\"#accordion\">Paso 1<\/a><\/h4>\n<\/div>\n<div id=\"collapseCero\" class=\"panel-collapse collapse\">\n<div class=\"panel-body\">\n<ul class=\"documentos\">\n<li class=\"pdf\"><a href=\"https:\/\/www.ucatolica.edu.co\/portal\/wp-content\/uploads\/adjuntos\/programas\/posgrados\/ingles-paso-1.pdf\" target=\"_blank\" rel=\"noopener\">Finalidad de la presentaci\u00f3n del examen de suficiencia de Ingles en el proceso de admisi\u00f3n en el Doctorado en Psicolog\u00eda<\/a><\/li>\n<li class=\"pdf\"><a href=\"http:\/\/www.ucatolica.edu.co\/portal\/wp-content\/uploads\/adjuntos\/programas\/posgrados\/lineamientos-suficiencia.pdf\" target=\"_blank\" rel=\"noopener\">Lineamientos para la presentaci\u00f3n del examen de suficiencia. <\/a><\/li>\n<li class=\"pdf\"><a href=\"https:\/\/www.ucatolica.edu.co\/portal\/wp-content\/uploads\/adjuntos\/acuerdos\/consejo-superior-acuerdos-academicos-239-16.pdf\" target=\"_blank\" rel=\"noopener\">Acuerdo 239<\/a><\/li>\n<\/ul>\n<p>Al diligenciar el formulario de inscripci\u00f3n del Paso 2 usted acepta haber le\u00eddo y entendido el contenido de los documentos.<\/p>\n<\/div>\n<\/div>\n<\/div>\n<div class=\"panel panel-default\">\n<div id=\"headingUno\" class=\"panel-heading\">\n<h4 class=\"panel-title\"><a href=\"#collapseUno\" data-toggle=\"collapse\" data-parent=\"#accordion\">Paso 2<\/a><\/h4>\n<\/div>\n<div id=\"collapseUno\" class=\"panel-collapse collapse\">\n<div class=\"panel-body\">\n<p>Diligencie el <a href=\"https:\/\/portalweb.ucatolica.edu.co\/paw20\/index.php\/inscripciones\/instituto-de-idiomas\/inscripcion-estudiantes\" target=\"_blank\" rel=\"noopener\">formulario de inscripci\u00f3n<\/a><\/p>\n<p>Debe seleccionar la opci\u00f3n \u201cExamen de suficiencia ingl\u00e9s Doctorado\u201d. El sistema confirma que Usted haya pagado previamente la inscripci\u00f3n al programa de Doctorado.<\/p>\n<p>Tome nota del n\u00famero de formulario de inscripci\u00f3n que arroja el sistema.<\/p>\n<p>Deben digitar el n\u00famero de formulario en el campo \u201cC\u00f3digo Estudiante\u201d<\/p>\n<p>Descargue el <a href=\"https:\/\/portalweb.ucatolica.edu.co\/paw\/index.php?option=com_wrapper&#038;view=wrapper&#038;Itemid=4\" target=\"_blank\" rel=\"noopener\">recibo de pago<\/a> de derechos de inscripci\u00f3n por $129.000.<\/p>\n<p>Si desea realizar el pago por PSE <a href=\"https:\/\/portalweb.ucatolica.edu.co\/paw\/index.php\/inscripciones\/formulario-de-inscripcion-pregrado-posgrado7\" target=\"_blank\" rel=\"noopener\">click aqu\u00ed<\/a><\/p>\n<p>Tenga en cuenta que el recibo que usted descargue solo ser\u00e1 v\u00e1lido para realizar el proceso correspondiente en el periodo acad\u00e9mico que se indique en el recibo en el apartado ingreso. En caso de pagar y no realizar el examen en el periodo correspondiente, no se devolver\u00e1 el dinero ni se utilizar\u00e1 el pago para la presentaci\u00f3n del examen en un periodo posterior.<\/p>\n<p class=\"note\">Nota: Antes de imprimir se debe escoger el banco donde se prefiere hacer el pago.<\/p>\n<\/div>\n<\/div>\n<\/div>\n<div class=\"panel panel-default\">\n<div id=\"headingDos\" class=\"panel-heading\">\n<h4 class=\"panel-title\"><a href=\"#collapseDos\" data-toggle=\"collapse\" data-parent=\"#accordion\">Paso 3<\/a><\/h4>\n<\/div>\n<div id=\"collapseDos\" class=\"panel-collapse collapse\">\n<div class=\"panel-body\">\n<p>Un d\u00eda h\u00e1bil despu\u00e9s de realizado el pago de la inscripci\u00f3n en el banco, a manera de confirmaci\u00f3n env\u00ede el desprendible de pago al correo electr\u00f3nico institutodelenguas@ucatolica.edu.co, adjuntando sus datos personales y de contacto, tales como:<\/p>\n<ul class=\"list-inside\">\n<li>Nombre<\/li>\n<li>Tipo y No. de documento de identificaci\u00f3n<\/li>\n<li>Tel\u00e9fono de contacto<\/li>\n<li>Direcci\u00f3n<\/li>\n<li>Correo electr\u00f3nico<\/li>\n<\/ul>\n<p>Y en el mensaje solicite la programaci\u00f3n de su examen.<\/p>\n<p>Recuerde que debe disponer de dos horas para el examen y que los horarios en los que se puede presentar son:<\/p>\n<ul class=\"list-inside\">\n<li>Martes 8:40 a.m.<\/li>\n<li>Mi\u00e9rcoles 6:40 p.m.<\/li>\n<li>Jueves 3:40 p.m.<\/li>\n<li>S\u00e1bado 8:40 a.m.<\/li>\n<\/ul>\n<p>El Instituto de lenguas le enviar\u00e1 un correo confirmatorio donde le indicar\u00e1 la fecha y hora en la que se debe presentar para realizar la prueba.<\/p>\n<\/div>\n<\/div>\n<\/div>\n<div class=\"panel panel-default\">\n<div id=\"headingTres\" class=\"panel-heading\">\n<h4 class=\"panel-title\"><a href=\"#collapseTres\" data-toggle=\"collapse\" data-parent=\"#accordion\">Paso 4<\/a><\/h4>\n<\/div>\n<div id=\"collapseTres\" class=\"panel-collapse collapse\">\n<div class=\"panel-body\">\n<p>Una vez presentada la prueba espere la comunicaci\u00f3n por parte del programa de Doctorado en psicolog\u00eda, para indicarle acerca del proceso de admisi\u00f3n.<\/p>\n<\/div>\n<\/div>\n<\/div>\n<\/div>\n<p>&nbsp;<\/p>\n<h5>Doctorado en Psicolog\u00eda<\/h5>\n<p class=\"cont\">Avenida Caracas # 46\u201322, Casa de Psicolog\u00eda, bloque K<br \/>\nTel\u00e9fono: (601) 4433700 ext. 5071 y 5074<\/p>\n","protected":false},"excerpt":{"rendered":"<p>Proceso de presentaci\u00f3n del examen de suficiencia de ingl\u00e9s para la admisi\u00f3n en el programa de Doctorado en Psicolog\u00eda &nbsp; Lea la informaci\u00f3n que se brinda a continuaci\u00f3n: Paso 1 Finalidad de la presentaci\u00f3n del examen de suficiencia de Ingles en el proceso de admisi\u00f3n en el Doctorado en Psicolog\u00eda Lineamientos para la presentaci\u00f3n del [&hellip;]<\/p>\n","protected":false},"author":2,"featured_media":0,"parent":0,"menu_order":0,"comment_status":"closed","ping_status":"closed","template":"page-oldstyle.php","meta":{"_acf_changed":false,"advgb_blocks_editor_width":"","advgb_blocks_columns_visual_guide":"","footnotes":""},"class_list":["post-11085","page","type-page","status-publish","hentry"],"acf":[],"yoast_head":"<!-- This site is optimized with the Yoast SEO plugin v26.7 - https:\/\/yoast.com\/wordpress\/plugins\/seo\/ -->\n<title>Proceso de presentaci\u00f3n del examen de suficiencia de ingl\u00e9s para la admisi\u00f3n en el programa de Doctorado en Psicolog\u00eda - Universidad Cat\u00f3lica De Colombia<\/title>\n<meta name=\"robots\" content=\"index, follow, max-snippet:-1, max-image-preview:large, max-video-preview:-1\" \/>\n<link rel=\"canonical\" href=\"https:\/\/www.ucatolica.edu.co\/portal\/proceso-de-presentacion-del-examen-de-suficiencia-de-ingles-para-la-admision-en-el-programa-de-doctorado-en-psicologia\/\" \/>\n<meta property=\"og:locale\" content=\"es_ES\" \/>\n<meta property=\"og:type\" content=\"article\" \/>\n<meta property=\"og:title\" content=\"Proceso de presentaci\u00f3n del examen de suficiencia de ingl\u00e9s para la admisi\u00f3n en el programa de Doctorado en Psicolog\u00eda - Universidad Cat\u00f3lica De Colombia\" \/>\n<meta property=\"og:description\" content=\"Proceso de presentaci\u00f3n del examen de suficiencia de ingl\u00e9s para la admisi\u00f3n en el programa de Doctorado en Psicolog\u00eda &nbsp; Lea la informaci\u00f3n que se brinda a continuaci\u00f3n: Paso 1 Finalidad de la presentaci\u00f3n del examen de suficiencia de Ingles en el proceso de admisi\u00f3n en el Doctorado en Psicolog\u00eda Lineamientos para la presentaci\u00f3n del [&hellip;]\" \/>\n<meta property=\"og:url\" content=\"https:\/\/www.ucatolica.edu.co\/portal\/proceso-de-presentacion-del-examen-de-suficiencia-de-ingles-para-la-admision-en-el-programa-de-doctorado-en-psicologia\/\" \/>\n<meta property=\"og:site_name\" content=\"Universidad Cat\u00f3lica De Colombia\" \/>\n<meta property=\"article:publisher\" content=\"https:\/\/www.facebook.com\/ucatolicacolombia\" \/>\n<meta name=\"twitter:card\" content=\"summary_large_image\" \/>\n<meta name=\"twitter:site\" content=\"@UCatolicaCol\" \/>\n<meta name=\"twitter:label1\" content=\"Tiempo de lectura\" \/>\n\t<meta name=\"twitter:data1\" content=\"2 minutos\" \/>\n<script type=\"application\/ld+json\" class=\"yoast-schema-graph\">{\"@context\":\"https:\/\/schema.org\",\"@graph\":[{\"@type\":\"WebPage\",\"@id\":\"https:\/\/www.ucatolica.edu.co\/portal\/proceso-de-presentacion-del-examen-de-suficiencia-de-ingles-para-la-admision-en-el-programa-de-doctorado-en-psicologia\/\",\"url\":\"https:\/\/www.ucatolica.edu.co\/portal\/proceso-de-presentacion-del-examen-de-suficiencia-de-ingles-para-la-admision-en-el-programa-de-doctorado-en-psicologia\/\",\"name\":\"Proceso de presentaci\u00f3n del examen de suficiencia de ingl\u00e9s para la admisi\u00f3n en el programa de Doctorado en Psicolog\u00eda - Universidad Cat\u00f3lica De Colombia\",\"isPartOf\":{\"@id\":\"https:\/\/www.ucatolica.edu.co\/portal\/#website\"},\"datePublished\":\"2019-04-04T20:41:47+00:00\",\"breadcrumb\":{\"@id\":\"https:\/\/www.ucatolica.edu.co\/portal\/proceso-de-presentacion-del-examen-de-suficiencia-de-ingles-para-la-admision-en-el-programa-de-doctorado-en-psicologia\/#breadcrumb\"},\"inLanguage\":\"es-CO\",\"potentialAction\":[{\"@type\":\"ReadAction\",\"target\":[\"https:\/\/www.ucatolica.edu.co\/portal\/proceso-de-presentacion-del-examen-de-suficiencia-de-ingles-para-la-admision-en-el-programa-de-doctorado-en-psicologia\/\"]}]},{\"@type\":\"BreadcrumbList\",\"@id\":\"https:\/\/www.ucatolica.edu.co\/portal\/proceso-de-presentacion-del-examen-de-suficiencia-de-ingles-para-la-admision-en-el-programa-de-doctorado-en-psicologia\/#breadcrumb\",\"itemListElement\":[{\"@type\":\"ListItem\",\"position\":1,\"name\":\"Inicio\",\"item\":\"https:\/\/www.ucatolica.edu.co\/portal\/\"},{\"@type\":\"ListItem\",\"position\":2,\"name\":\"Proceso de presentaci\u00f3n del examen de suficiencia de ingl\u00e9s para la admisi\u00f3n en el programa de Doctorado en Psicolog\u00eda\"}]},{\"@type\":\"WebSite\",\"@id\":\"https:\/\/www.ucatolica.edu.co\/portal\/#website\",\"url\":\"https:\/\/www.ucatolica.edu.co\/portal\/\",\"name\":\"Universidad Cat\u00f3lica De Colombia\",\"description\":\"Universidad Cat\u00f3lica De Colombia\",\"publisher\":{\"@id\":\"https:\/\/www.ucatolica.edu.co\/portal\/#organization\"},\"potentialAction\":[{\"@type\":\"SearchAction\",\"target\":{\"@type\":\"EntryPoint\",\"urlTemplate\":\"https:\/\/www.ucatolica.edu.co\/portal\/?s={search_term_string}\"},\"query-input\":{\"@type\":\"PropertyValueSpecification\",\"valueRequired\":true,\"valueName\":\"search_term_string\"}}],\"inLanguage\":\"es-CO\"},{\"@type\":\"Organization\",\"@id\":\"https:\/\/www.ucatolica.edu.co\/portal\/#organization\",\"name\":\"Universidad Cat\u00f3lica de Colombia\",\"url\":\"https:\/\/www.ucatolica.edu.co\/portal\/\",\"logo\":{\"@type\":\"ImageObject\",\"inLanguage\":\"es-CO\",\"@id\":\"https:\/\/www.ucatolica.edu.co\/portal\/#\/schema\/logo\/image\/\",\"url\":\"https:\/\/www.ucatolica.edu.co\/portal\/wp-content\/uploads\/2021\/06\/logo-header-ho-1.svg\",\"contentUrl\":\"https:\/\/www.ucatolica.edu.co\/portal\/wp-content\/uploads\/2021\/06\/logo-header-ho-1.svg\",\"width\":1,\"height\":1,\"caption\":\"Universidad Cat\u00f3lica de Colombia\"},\"image\":{\"@id\":\"https:\/\/www.ucatolica.edu.co\/portal\/#\/schema\/logo\/image\/\"},\"sameAs\":[\"https:\/\/www.facebook.com\/ucatolicacolombia\",\"https:\/\/x.com\/UCatolicaCol\",\"https:\/\/www.instagram.com\/universidadcatolicadecolombia\/\",\"https:\/\/www.linkedin.com\/company\/universidadcatolicadecolombia\/\",\"https:\/\/www.youtube.com\/user\/UCatolicaCo\"]}]}<\/script>\n<!-- \/ Yoast SEO plugin. -->","yoast_head_json":{"title":"Proceso de presentaci\u00f3n del examen de suficiencia de ingl\u00e9s para la admisi\u00f3n en el programa de Doctorado en Psicolog\u00eda - Universidad Cat\u00f3lica De Colombia","robots":{"index":"index","follow":"follow","max-snippet":"max-snippet:-1","max-image-preview":"max-image-preview:large","max-video-preview":"max-video-preview:-1"},"canonical":"https:\/\/www.ucatolica.edu.co\/portal\/proceso-de-presentacion-del-examen-de-suficiencia-de-ingles-para-la-admision-en-el-programa-de-doctorado-en-psicologia\/","og_locale":"es_ES","og_type":"article","og_title":"Proceso de presentaci\u00f3n del examen de suficiencia de ingl\u00e9s para la admisi\u00f3n en el programa de Doctorado en Psicolog\u00eda - Universidad Cat\u00f3lica De Colombia","og_description":"Proceso de presentaci\u00f3n del examen de suficiencia de ingl\u00e9s para la admisi\u00f3n en el programa de Doctorado en Psicolog\u00eda &nbsp; Lea la informaci\u00f3n que se brinda a continuaci\u00f3n: Paso 1 Finalidad de la presentaci\u00f3n del examen de suficiencia de Ingles en el proceso de admisi\u00f3n en el Doctorado en Psicolog\u00eda Lineamientos para la presentaci\u00f3n del [&hellip;]","og_url":"https:\/\/www.ucatolica.edu.co\/portal\/proceso-de-presentacion-del-examen-de-suficiencia-de-ingles-para-la-admision-en-el-programa-de-doctorado-en-psicologia\/","og_site_name":"Universidad Cat\u00f3lica De Colombia","article_publisher":"https:\/\/www.facebook.com\/ucatolicacolombia","twitter_card":"summary_large_image","twitter_site":"@UCatolicaCol","twitter_misc":{"Tiempo de lectura":"2 minutos"},"schema":{"@context":"https:\/\/schema.org","@graph":[{"@type":"WebPage","@id":"https:\/\/www.ucatolica.edu.co\/portal\/proceso-de-presentacion-del-examen-de-suficiencia-de-ingles-para-la-admision-en-el-programa-de-doctorado-en-psicologia\/","url":"https:\/\/www.ucatolica.edu.co\/portal\/proceso-de-presentacion-del-examen-de-suficiencia-de-ingles-para-la-admision-en-el-programa-de-doctorado-en-psicologia\/","name":"Proceso de presentaci\u00f3n del examen de suficiencia de ingl\u00e9s para la admisi\u00f3n en el programa de Doctorado en Psicolog\u00eda - Universidad Cat\u00f3lica De Colombia","isPartOf":{"@id":"https:\/\/www.ucatolica.edu.co\/portal\/#website"},"datePublished":"2019-04-04T20:41:47+00:00","breadcrumb":{"@id":"https:\/\/www.ucatolica.edu.co\/portal\/proceso-de-presentacion-del-examen-de-suficiencia-de-ingles-para-la-admision-en-el-programa-de-doctorado-en-psicologia\/#breadcrumb"},"inLanguage":"es-CO","potentialAction":[{"@type":"ReadAction","target":["https:\/\/www.ucatolica.edu.co\/portal\/proceso-de-presentacion-del-examen-de-suficiencia-de-ingles-para-la-admision-en-el-programa-de-doctorado-en-psicologia\/"]}]},{"@type":"BreadcrumbList","@id":"https:\/\/www.ucatolica.edu.co\/portal\/proceso-de-presentacion-del-examen-de-suficiencia-de-ingles-para-la-admision-en-el-programa-de-doctorado-en-psicologia\/#breadcrumb","itemListElement":[{"@type":"ListItem","position":1,"name":"Inicio","item":"https:\/\/www.ucatolica.edu.co\/portal\/"},{"@type":"ListItem","position":2,"name":"Proceso de presentaci\u00f3n del examen de suficiencia de ingl\u00e9s para la admisi\u00f3n en el programa de Doctorado en Psicolog\u00eda"}]},{"@type":"WebSite","@id":"https:\/\/www.ucatolica.edu.co\/portal\/#website","url":"https:\/\/www.ucatolica.edu.co\/portal\/","name":"Universidad Cat\u00f3lica De Colombia","description":"Universidad Cat\u00f3lica De Colombia","publisher":{"@id":"https:\/\/www.ucatolica.edu.co\/portal\/#organization"},"potentialAction":[{"@type":"SearchAction","target":{"@type":"EntryPoint","urlTemplate":"https:\/\/www.ucatolica.edu.co\/portal\/?s={search_term_string}"},"query-input":{"@type":"PropertyValueSpecification","valueRequired":true,"valueName":"search_term_string"}}],"inLanguage":"es-CO"},{"@type":"Organization","@id":"https:\/\/www.ucatolica.edu.co\/portal\/#organization","name":"Universidad Cat\u00f3lica de Colombia","url":"https:\/\/www.ucatolica.edu.co\/portal\/","logo":{"@type":"ImageObject","inLanguage":"es-CO","@id":"https:\/\/www.ucatolica.edu.co\/portal\/#\/schema\/logo\/image\/","url":"https:\/\/www.ucatolica.edu.co\/portal\/wp-content\/uploads\/2021\/06\/logo-header-ho-1.svg","contentUrl":"https:\/\/www.ucatolica.edu.co\/portal\/wp-content\/uploads\/2021\/06\/logo-header-ho-1.svg","width":1,"height":1,"caption":"Universidad Cat\u00f3lica de Colombia"},"image":{"@id":"https:\/\/www.ucatolica.edu.co\/portal\/#\/schema\/logo\/image\/"},"sameAs":["https:\/\/www.facebook.com\/ucatolicacolombia","https:\/\/x.com\/UCatolicaCol","https:\/\/www.instagram.com\/universidadcatolicadecolombia\/","https:\/\/www.linkedin.com\/company\/universidadcatolicadecolombia\/","https:\/\/www.youtube.com\/user\/UCatolicaCo"]}]}},"coauthors":[],"author_meta":{"author_link":"https:\/\/www.ucatolica.edu.co\/portal\/author\/carrnall\/","display_name":"Carlos Zea"},"relative_dates":{"created":"Posted 7 a\u00f1os ago","modified":"Updated 7 a\u00f1os ago"},"absolute_dates":{"created":"Posted on 4 abril, 2019","modified":"Updated on 4 abril, 2019"},"absolute_dates_time":{"created":"Posted on 4 abril, 2019 3:41 pm","modified":"Updated on 4 abril, 2019 3:41 pm"},"featured_img_caption":"","featured_img":false,"series_order":"","_links":{"self":[{"href":"https:\/\/www.ucatolica.edu.co\/portal\/wp-json\/wp\/v2\/pages\/11085","targetHints":{"allow":["GET"]}}],"collection":[{"href":"https:\/\/www.ucatolica.edu.co\/portal\/wp-json\/wp\/v2\/pages"}],"about":[{"href":"https:\/\/www.ucatolica.edu.co\/portal\/wp-json\/wp\/v2\/types\/page"}],"author":[{"embeddable":true,"href":"https:\/\/www.ucatolica.edu.co\/portal\/wp-json\/wp\/v2\/users\/2"}],"replies":[{"embeddable":true,"href":"https:\/\/www.ucatolica.edu.co\/portal\/wp-json\/wp\/v2\/comments?post=11085"}],"version-history":[{"count":0,"href":"https:\/\/www.ucatolica.edu.co\/portal\/wp-json\/wp\/v2\/pages\/11085\/revisions"}],"wp:attachment":[{"href":"https:\/\/www.ucatolica.edu.co\/portal\/wp-json\/wp\/v2\/media?parent=11085"}],"curies":[{"name":"wp","href":"https:\/\/api.w.org\/{rel}","templated":true}]}}