{"id":1112,"date":"2018-09-04T15:00:22","date_gmt":"2018-09-04T20:00:22","guid":{"rendered":"http:\/\/localhost:8888\/portal\/?page_id=1112"},"modified":"2025-09-26T15:37:02","modified_gmt":"2025-09-26T20:37:02","slug":"consultorio-juridico","status":"publish","type":"page","link":"https:\/\/www.ucatolica.edu.co\/portal\/servicios-comunitarios\/consultorio-juridico\/","title":{"rendered":"Consultorio Jur\u00eddico"},"content":{"rendered":"<h2>Consultorio Jur\u00eddico y Centro de Conciliaci\u00f3n &#8211; Vigilado Minjusticia<\/h2>\n<p><em>Facultad de Derecho<\/em><\/p>\n<p>El Consultorio Jur\u00eddico de la Universidad Cat\u00f3lica de Colombia fue aprobado por el acuerdo No. 18, proferido el 14 de junio de 1976, por el Tribunal Superior del Distrito Judicial de Bogot\u00e1.<br \/>\nEl Centro de Conciliaci\u00f3n &#8211; Vigilado Minjusticia de la Universidad Cat\u00f3lica de Colombia, opera en paralelo al Consultorio Jur\u00eddico, autorizado mediante la Resoluci\u00f3n 554 expedida el 13 de marzo de 1992, por el Ministerio de Justicia y la Resoluci\u00f3n 0792 del 25 de mayo de 2004 del Ministerio del Interior y de Justicia.<\/p>\n<h4>\u00bfQui\u00e9nes Somos?<\/h4>\n<p>El Consultorio Jur\u00eddico y el Centro de Conciliaci\u00f3n &#8211; Vigilado Minjusticia de la Universidad Cat\u00f3lica de Colombia prestan un servicio social de asesoramiento jur\u00eddico y soluci\u00f3n de conflictos en derecho y suministran un entrenamiento pr\u00e1ctico a los estudiantes de los \u00faltimos semestres del programa de Derecho.<br \/>\nEl servicio est\u00e1 dirigido principalmente a personas de escasos recursos y se caracteriza por tener un equipo de trabajo con sentido humano y compromiso social, en b\u00fasqueda constante de la excelencia en el servicio.<\/p>\n<h4>\u00bfC\u00f3mo nos proyectamos?<\/h4>\n<p>El Consultorio Jur\u00eddico y Centro de Conciliaci\u00f3n &#8211; Vigilado Minjusticia de la Universidad Cat\u00f3lica de Colombia ser\u00e1n reconocidos por ser prestadores de servicios de excelencia en el asesoramiento jur\u00eddico y soluci\u00f3n de conflictos; por ser un referente de pr\u00e1ctica universitaria de las Facultades de Derecho a nivel nacional, generando informaci\u00f3n relevante para la investigaci\u00f3n socio-jur\u00eddica y aportando a la cultura de la conciliaci\u00f3n en el pa\u00eds.<\/p>\n<h4>Consultorio Jur\u00eddico Virtual<\/h4>\n<p>Estamos comprometidos con nuestros usuarios y por ello hemos ampliado los canales de atenci\u00f3n del Consultorio Jur\u00eddico y del Centro de Conciliaci\u00f3n &#8211; Vigilado Minjusticia.<br \/>\nLo invitamos a solicitar su asesor\u00eda legal gratuita de manera virtual, ingresando su consulta en el siguiente formulario.<br \/>\n<a href=\"https:\/\/forms.office.com\/r\/HBXkgnMrFL\" target=\"_blank\" rel=\"noopener\">Ver formulario<\/a><\/p>\n<hr class=\"linea-divisoria-orii\" \/>\n<h3>Preguntas Frecuentes<\/h3>\n<div id=\"accordion\" class=\"panel-group\">\n<div class=\"panel panel-default\">\n<div id=\"heading0\" class=\"panel-heading\">\n<h4 class=\"panel-title\"><a href=\"#collapse0\" data-toggle=\"collapse\" data-parent=\"#accordion\">\u00bfCuales son los Horarios y puntos de atenci\u00f3n?<\/a><\/h4>\n<\/div>\n<div id=\"collapse0\" class=\"panel-collapse collapse\">\n<div class=\"panel-body\">\n<div><\/div>\n<div><strong style=\"font-size: revert; color: initial; font-family: -apple-system, BlinkMacSystemFont, 'Segoe UI', Roboto, Oxygen-Sans, Ubuntu, Cantarell, 'Helvetica Neue', sans-serif;\">Escanea este c\u00f3digo QR para una asesor\u00eda virtual<\/strong><\/div>\n<div><img decoding=\"async\" class=\"alignnone\" style=\"max-width: 140px;\" src=\"https:\/\/www.ucatolica.edu.co\/portal\/wp-content\/uploads\/2024\/07\/Asesoria_Virtual.jpg\" alt=\"C\u00f3digo QR para Asesoria Virtual Consultorio Jur\u00eddico\" width=\"140\" height=\"142\" \/><\/p>\n<table class=\"table table-bordered\">\n<tbody>\n<tr>\n<td width=\"187\"><strong>PUNTO DE ATENCI\u00d3N<\/strong><\/td>\n<td width=\"187\"><strong>D\u00cdA DE ATENCI\u00d3N<\/strong><\/td>\n<td width=\"187\"><strong>ENTREGA TURNOS<\/strong><\/td>\n<td width=\"187\"><strong>DIRECCI\u00d3N<\/strong><\/td>\n<\/tr>\n<tr>\n<td width=\"187\"><strong>Central A<\/strong><\/td>\n<td width=\"187\">Lunes a viernes<\/td>\n<td width=\"187\">7:00am<\/td>\n<td width=\"187\">Carrera 13 No. 46-61<\/td>\n<\/tr>\n<tr>\n<td width=\"187\"><strong>Central intermedio<\/strong><\/td>\n<td width=\"187\">Lunes a viernes<\/td>\n<td width=\"187\">11:00 a. m.<\/td>\n<td width=\"187\">Carrera 13 No. 46-61<\/td>\n<\/tr>\n<tr>\n<td width=\"187\"><strong>Central B<\/strong><\/td>\n<td width=\"187\">Lunes a viernes<\/td>\n<td width=\"187\">3:00 p. m.<\/td>\n<td width=\"187\">Carrera 13 No. 46-61<\/td>\n<\/tr>\n<tr>\n<td width=\"187\"><strong>Central S\u00e1bados<\/strong><\/td>\n<td width=\"187\">S\u00e1bados<\/td>\n<td width=\"187\">8:00 a. m.<\/td>\n<td width=\"187\">Carrera 13 No. 46-61<\/td>\n<\/tr>\n<tr>\n<td width=\"187\"><strong>Conciliaci\u00f3n<\/strong><\/td>\n<td width=\"187\">Lunes a viernes<\/td>\n<td width=\"187\">8:30 a. m.<\/td>\n<td width=\"187\">Calle 47 No. 13-63<\/td>\n<\/tr>\n<tr>\n<td width=\"187\"><strong>Penal<\/strong><\/td>\n<td width=\"187\">Lunes a viernes<\/td>\n<td width=\"187\">3:00 p. m.<\/td>\n<td width=\"187\">Calle 47 No. 13-63<\/td>\n<\/tr>\n<tr>\n<td width=\"187\"><strong>Barrios Unidos (Alcald\u00eda Local)<\/strong><\/td>\n<td width=\"187\">Martes<\/td>\n<td width=\"187\">8:00 a. m.<\/td>\n<td width=\"187\">Calle 74A No. 63-04 Barrio Sim\u00f3n Bol\u00edvar<\/td>\n<\/tr>\n<\/tbody>\n<\/table>\n<\/div>\n<\/div>\n<div><\/div>\n<\/div>\n<\/div>\n<div class=\"panel panel-default\" style=\"position: relative;\">\n<div id=\"heading1\" class=\"panel-heading\">\n<h4 class=\"panel-title\"><a href=\"#collapse1\" data-toggle=\"collapse\" data-parent=\"#accordion\">\u00bfA qui\u00e9n se presta el servicio?<\/a><\/h4>\n<\/div>\n<div id=\"collapse1\" class=\"panel-collapse collapse\">\n<div class=\"panel-body\"><span data-olk-copy-source=\"MessageBody\">El servicio es prestado a sujetos de especial protecci\u00f3n constitucional, a personas naturales que carezcan de medios econ\u00f3micos para contratar los servicios de un profesional en Derecho, y en general a personas o grupos que, por sus circunstancias especiales, se encuentren en situaci\u00f3n de vulnerabilidad o indefensi\u00f3n, cuando se trate de asuntos \u00edntimamente ligados con su condici\u00f3n.<\/span><\/div>\n<\/div>\n<\/div>\n<div class=\"panel panel-default\" style=\"position: relative;\">\n<div id=\"heading2\" class=\"panel-heading\">\n<h4 class=\"panel-title\"><a href=\"#collapse2\" data-toggle=\"collapse\" data-parent=\"#accordion\">\u00bfQu\u00e9 costo tiene?<\/a><\/h4>\n<\/div>\n<div id=\"collapse2\" class=\"panel-collapse collapse\">\n<div class=\"panel-body\">El servicio es totalmente gratuito, sin embargo, el usuario debe asumir los costos que genere la actuaci\u00f3n (fotocopias, notificaciones, aranceles, publicaciones, etc.)<\/div>\n<\/div>\n<\/div>\n<div class=\"panel panel-default\" style=\"position: relative;\">\n<div id=\"heading3\" class=\"panel-heading\">\n<h4 class=\"panel-title\"><a href=\"#collapse3\" data-toggle=\"collapse\" data-parent=\"#accordion\">\u00bfQu\u00e9 casos se atienden en el Consultorio Jur\u00eddico?<\/a><\/h4>\n<\/div>\n<div id=\"collapse3\" class=\"panel-collapse collapse\">\n<div class=\"panel-body\">Los practicantes de Consultorio Jur\u00eddico prestan asesor\u00eda en todas las \u00e1reas del derecho, sin embargo, s\u00f3lo podr\u00e1n actuar en los siguientes casos:<\/p>\n<ul>\n<li>\n<h5>Penal<\/h5>\n<p>En lo que conocen los jueces municipales, los fiscales delegados, autoridades de polic\u00eda, en condici\u00f3n de apoderados de los implicados y de competencia de la jurisdicci\u00f3n ordinaria, como representantes de la parte civil. De oficio, en los procesos penales como voceros o defensores en audiencia.<br \/>\nSe podr\u00e1n adelantar procesos por delitos de lesiones personales, delitos contra el patrimonio econ\u00f3mico cuando la cuant\u00eda no supere en 150 SMMLV, delitos que requieren querella, reparaci\u00f3n integral de la v\u00edctima del injusto, delitos de violencia Intrafamiliar.<\/li>\n<li>\n<h5>Laboral<\/h5>\n<p>Cuando la cuant\u00eda de la pretensi\u00f3n no exceda de 20 salarios m\u00ednimos legales mensuales vigentes y en las diligencias administrativas de conciliaci\u00f3n en materia laboral.<\/li>\n<li>\n<h5>Civil<\/h5>\n<p>Aquellos que conocen los jueces municipales en \u00fanica instancia, tales como: contenciosos de m\u00ednima cuant\u00eda, en relaciones de naturaleza agraria, procesos de sucesi\u00f3n de m\u00ednima cuant\u00eda, conflictos que se presenten entre los copropietarios o tenedores del edificio o conjunto o entre ellos y el administrador, el consejo de administraci\u00f3n del C\u00f3digo de Comercio, asesor\u00edas en insolvencia de personas naturales no comerciantes y de su liquidaci\u00f3n patrimonial, sin perjuicio de las funciones jurisdiccionales otorgadas a las autoridades administrativas.<\/li>\n<li>\n<h5>Familia<\/h5>\n<p>Alimentos que se adelanten ante los jueces de familia, tales como: fijaci\u00f3n, aumento, disminuci\u00f3n y exoneraci\u00f3n de cuota alimentaria, restituci\u00f3n de pensiones alimentarias y alimentos a favor de los beneficiarios o titulares del derecho de alimentos.<\/li>\n<li>\n<h5>Disciplinario<\/h5>\n<p>De oficio, en los procesos de competencia de las personer\u00edas municipales y la Procuradur\u00eda General de la Naci\u00f3n.<\/li>\n<li>\n<h5>Responsabilidad Fiscal<\/h5>\n<p>De oficio, en los procesos de competencia de las contralor\u00edas municipales, distritales, departamentales y General de la Rep\u00fablica.<\/li>\n<li>\n<h5>Administrativo<\/h5>\n<p>De oficio, en los procesos de car\u00e1cter sancionatorio que adelanten las autoridades administrativas, los organismos de control y las entidades constitucionales aut\u00f3nomas.<\/li>\n<li>\n<h5>Acciones<\/h5>\n<p>Se realizar\u00e1n tutelas, derechos de petici\u00f3n y solicitudes en general, en todas las \u00e1reas.<\/li>\n<\/ul>\n<\/div>\n<\/div>\n<\/div>\n<div class=\"panel panel-default\" style=\"position: relative;\">\n<div id=\"heading4\" class=\"panel-heading\">\n<h4 class=\"panel-title\"><a href=\"#collapse4\" data-toggle=\"collapse\" data-parent=\"#accordion\">\u00bfQu\u00e9 casos se atienden en el Centro de Conciliaci\u00f3n &#8211; Vigilado Minjusticia?<\/a><\/h4>\n<\/div>\n<div id=\"collapse4\" class=\"panel-collapse collapse\">\n<div class=\"panel-body\">\n<ul>\n<li>\n<h5>Familia<\/h5>\n<p>Fijaci\u00f3n, aumento, disminuci\u00f3n y exoneraci\u00f3n de cuota alimentaria para hijos y para padres; acuerdo de pago de cuotas atrasadas, custodia y regulaci\u00f3n de visitas, declaraci\u00f3n de uni\u00f3n marital de hecho y de sociedad patrimonial, liquidaci\u00f3n de la sociedad conyugal y de la sociedad patrimonial en ceros.<\/li>\n<li>\n<h5>Civil<\/h5>\n<p>Acuerdo de pago de c\u00e1nones de arrendamiento, restituci\u00f3n de bien inmueble arrendado, reconocimiento y forma de pago de deudas, contratos de prestaci\u00f3n de servicios profesionales, acuerdos respecto al cumplimiento de contratos de compra y venta de muebles e inmuebles, indemnizaci\u00f3n de perjuicios ocasionados por accidente de tr\u00e1nsito.<\/li>\n<li>\n<h5>Penal<\/h5>\n<p>Delitos querellables (requisito de procedibilidad), indemnizaci\u00f3n de perjuicios por los da\u00f1os ocasionados por el delito.<\/li>\n<\/ul>\n<\/div>\n<\/div>\n<\/div>\n<div class=\"panel panel-default\" style=\"position: relative;\">\n<div id=\"heading5\" class=\"panel-heading\">\n<h4 class=\"panel-title\"><a href=\"#collapse5\" data-toggle=\"collapse\" data-parent=\"#accordion\">\u00bfQu\u00e9 documentos se deben presentar?<\/a><\/h4>\n<\/div>\n<div id=\"collapse5\" class=\"panel-collapse collapse\">\n<div class=\"panel-body\"><strong>Para tr\u00e1mites ante el Consultorio Jur\u00eddico:<\/strong><\/p>\n<ul>\n<li>Presentar una fotocopia del documento de identificaci\u00f3n (c\u00e9dula de ciudadan\u00eda, c\u00e9dula de extranjer\u00eda o pasaporte)<\/li>\n<li>Presentar un recibo de un servicio p\u00fablico domiciliario (agua, luz o gas)<\/li>\n<\/ul>\n<p><strong>Para tr\u00e1mites ante el Centro de Conciliaci\u00f3n &#8211; Vigilado Minjusticia:<\/strong><\/p>\n<table class=\"table table-striped\">\n<thead>\n<tr>\n<th>Caso a conciliar<\/th>\n<th>Documentos requeridos<\/th>\n<\/tr>\n<\/thead>\n<tbody>\n<tr>\n<td><strong>Fijaci\u00f3n de cuota alimentaria<\/strong><\/td>\n<td>Registro civil de nacimiento del menor<\/td>\n<\/tr>\n<tr>\n<td><strong>Aumento o disminuci\u00f3n de cuota alimentaria<\/strong><\/td>\n<td>Registro civil de nacimiento del menorDocumento de fijaci\u00f3n de cuota<\/td>\n<\/tr>\n<tr>\n<td><strong>Declaraci\u00f3n de uni\u00f3n marital de hecho<\/strong><\/td>\n<td>Registro civil de nacimiento de los declarantes con vigencia no mayor a 30 d\u00edasFotocopia de la c\u00e9dula de ciudadan\u00eda del convocadoInventario solemne de bienes cuando existen hijos menores de edad, no comunes entre compa\u00f1eros permanentes<\/td>\n<\/tr>\n<tr>\n<td><strong>Disoluci\u00f3n y liquidaci\u00f3n de la sociedad conyugal<\/strong><\/td>\n<td>Registro civil de matrimonioFotocopia de la c\u00e9dula de ciudadan\u00eda del convocadoSoporte de los bienes de la sociedad conyugal<\/td>\n<\/tr>\n<tr>\n<td><strong>Declaraci\u00f3n la sociedad patrimonial<\/strong><\/td>\n<td>Registro civil de nacimiento de los declarantes con vigencia no mayor a 30 d\u00edasSoporte de los bienes de la sociedad patrimonial<\/td>\n<\/tr>\n<tr>\n<td><strong>Restituci\u00f3n de inmueble arrendado<\/strong><\/td>\n<td>Fotocopia contrato de arrendamiento (si fue escrito)<\/td>\n<\/tr>\n<tr>\n<td><strong>Acuerdo de pago<\/strong><\/td>\n<td>Fotocopia del t\u00edtulo valor (si existiere)<\/td>\n<\/tr>\n<tr>\n<td><strong>Contrato de prestaci\u00f3n de servicios<\/strong><\/td>\n<td>Fotocopia del contrato de prestaci\u00f3n de servicio<\/td>\n<\/tr>\n<tr>\n<td><strong>Accidente de tr\u00e1nsito<\/strong><\/td>\n<td>Fotocopia de informe policial de accidente de tr\u00e1nsitoFotocopia de facturas de reparaciones y\/o cotizacionesFotocopia de Incapacidades m\u00e9dicasFotocopias de gastos m\u00e9dicos<\/td>\n<\/tr>\n<tr>\n<td><strong>Reparaci\u00f3n integral de v\u00edctimas<\/strong><\/td>\n<td>Fotocopia de la denunciaFotocopia de Incapacidades m\u00e9dicasFotocopias de gastos m\u00e9dicosFotocopia de facturas, cotizaciones o gastos que respalden perjuicios de orden material<\/td>\n<\/tr>\n<\/tbody>\n<\/table>\n<\/div>\n<\/div>\n<\/div>\n<div class=\"panel panel-default\" style=\"position: relative;\">\n<div id=\"heading6\" class=\"panel-heading\">\n<h4 class=\"panel-title\"><a href=\"#collapse6\" data-toggle=\"collapse\" data-parent=\"#accordion\">Procedimiento conciliatorio<\/a><\/h4>\n<\/div>\n<div id=\"collapse6\" class=\"panel-collapse collapse\">\n<div class=\"panel-body\">\n<p>Para la prestaci\u00f3n del servicio de Conciliaci\u00f3n en Derecho, el Centro de Conciliaci\u00f3n &#8211; Vigilado Minjusticia establece el procedimiento conciliatorio con las siguientes actividades:<\/p>\n<ul>\n<li>Radicaci\u00f3n de la solicitud de conciliaci\u00f3n<\/li>\n<li>Estudio de la solicitud de conciliaci\u00f3n<\/li>\n<li>Citaci\u00f3n a audiencia de conciliaci\u00f3n<\/li>\n<li>Preparaci\u00f3n de la audiencia de Conciliaci\u00f3n<\/li>\n<li>Celebraci\u00f3n de la audiencia de conciliaci\u00f3n<\/li>\n<li>Cierre de la audiencia de conciliaci\u00f3n<\/li>\n<li>Gesti\u00f3n documental<\/li>\n<li>Seguimiento del acuerdo<\/li>\n<\/ul>\n<\/div>\n<\/div>\n<\/div>\n<\/div>\n<hr class=\"linea-divisoria-orii\" \/>\n<h3>Sistema de Atenci\u00f3n a PQRSF Consultorio Jur\u00eddico y Centro de Conciliaci\u00f3n &#8211; Vigilado Minjusticia<\/h3>\n<p>Con el fin de prestar un mejor servicio, el Consultorio Jur\u00eddico y Centro de Conciliaci\u00f3n &#8211; Vigilado Minjusticia ponen a su disposici\u00f3n el Sistema de Atenci\u00f3n PQRSF (Peticiones, Quejas, Reclamos, Sugerencias y Felicitaciones)<br \/>\nIngrese haciendo clic <a href=\"https:\/\/frozen.ucatolica.edu.co\/juridicapqrs\/\" target=\"_blank\" rel=\"noopener\">aqu\u00ed<\/a><\/p>\n<hr class=\"linea-divisoria-orii\" \/>\n<div>\n<div class=\"col-12 col-sm-6\" style=\"float: left; border-left: solid #bdbdbd 1px;\">\n<h5>Consultorio Jur\u00eddico<\/h5>\n<h6>Facultad de Derecho<\/h6>\n<p class=\"cont\">Cra. 13 No. 46- 61<br \/>\nTel\u00e9fono: (601) 4433700 Ext. 1265 y 1267<br \/>\nconsultoriojuridico@ucatolica.edu.co<\/p>\n<\/div>\n<div class=\"col-12 col-sm-6\" style=\"float: left; border-left: solid #bdbdbd 1px;\">\n<h5>Centro de Conciliaci\u00f3n &#8211; Vigilado Minjusticia<\/h5>\n<p class=\"cont\">Calle 47 No. 13 &#8211; 63<br \/>\nTel\u00e9fono: (601) 4433700 Ext. 5019 y 1270<br \/>\ncentrodeconciliacion@ucatolica.edu.co<\/p>\n<\/div>\n<\/div>\n<p><!-- CONTENEDOR DOS PARA SIDEBAR --><\/p>\n<div id=\"contenido-dos\">\n<h2>Documentos de Inter\u00e9s<\/h2>\n<ul>\n<li class=\"btn-documentos\"><a href=\"\/portal\/wp-content\/uploads\/2019\/09\/reglamento-consultorio-juridico.pdf\" target=\"_blank\" rel=\"noopener\">Reglamento del Consultorio Jur\u00eddico<\/a><\/li>\n<li class=\"btn-documentos\"><a href=\"\/portal\/wp-content\/uploads\/2019\/09\/reglamento-centro-conciliacion.pdf\" target=\"_blank\" rel=\"noopener\">Reglamento Centro de Conciliaci\u00f3n &#8211; Vigilado Minjusticia<\/a><\/li>\n<\/ul>\n<h2><\/h2>\n<\/div>\n","protected":false},"excerpt":{"rendered":"<p>Consultorio Jur\u00eddico y Centro de Conciliaci\u00f3n &#8211; Vigilado Minjusticia Facultad de Derecho El Consultorio Jur\u00eddico de la Universidad Cat\u00f3lica de Colombia fue aprobado por el acuerdo No. 18, proferido el 14 de junio de 1976, por el Tribunal Superior del Distrito Judicial de Bogot\u00e1. El Centro de Conciliaci\u00f3n &#8211; Vigilado Minjusticia de la Universidad Cat\u00f3lica [&hellip;]<\/p>\n","protected":false},"author":2,"featured_media":0,"parent":1114,"menu_order":0,"comment_status":"closed","ping_status":"closed","template":"page-oldstyle.php","meta":{"_acf_changed":false,"advgb_blocks_editor_width":"","advgb_blocks_columns_visual_guide":"","footnotes":""},"class_list":["post-1112","page","type-page","status-publish","hentry"],"acf":[],"coauthors":[],"author_meta":{"author_link":"https:\/\/www.ucatolica.edu.co\/portal\/author\/carrnall\/","display_name":"Carlos Zea"},"relative_dates":{"created":"Posted 8 a\u00f1os ago","modified":"Updated 6 meses ago"},"absolute_dates":{"created":"Posted on 4 septiembre, 2018","modified":"Updated on 26 septiembre, 2025"},"absolute_dates_time":{"created":"Posted on 4 septiembre, 2018 3:00 pm","modified":"Updated on 26 septiembre, 2025 3:37 pm"},"featured_img_caption":"","featured_img":false,"series_order":"","_links":{"self":[{"href":"https:\/\/www.ucatolica.edu.co\/portal\/wp-json\/wp\/v2\/pages\/1112","targetHints":{"allow":["GET"]}}],"collection":[{"href":"https:\/\/www.ucatolica.edu.co\/portal\/wp-json\/wp\/v2\/pages"}],"about":[{"href":"https:\/\/www.ucatolica.edu.co\/portal\/wp-json\/wp\/v2\/types\/page"}],"author":[{"embeddable":true,"href":"https:\/\/www.ucatolica.edu.co\/portal\/wp-json\/wp\/v2\/users\/2"}],"replies":[{"embeddable":true,"href":"https:\/\/www.ucatolica.edu.co\/portal\/wp-json\/wp\/v2\/comments?post=1112"}],"version-history":[{"count":10,"href":"https:\/\/www.ucatolica.edu.co\/portal\/wp-json\/wp\/v2\/pages\/1112\/revisions"}],"predecessor-version":[{"id":122831,"href":"https:\/\/www.ucatolica.edu.co\/portal\/wp-json\/wp\/v2\/pages\/1112\/revisions\/122831"}],"up":[{"embeddable":true,"href":"https:\/\/www.ucatolica.edu.co\/portal\/wp-json\/wp\/v2\/pages\/1114"}],"wp:attachment":[{"href":"https:\/\/www.ucatolica.edu.co\/portal\/wp-json\/wp\/v2\/media?parent=1112"}],"curies":[{"name":"wp","href":"https:\/\/api.w.org\/{rel}","templated":true}]}}