{"id":1192,"date":"2018-09-13T08:27:54","date_gmt":"2018-09-13T13:27:54","guid":{"rendered":"http:\/\/localhost:8888\/portal\/?page_id=1192"},"modified":"2026-01-22T14:14:33","modified_gmt":"2026-01-22T19:14:33","slug":"emprendimiento","status":"publish","type":"page","link":"https:\/\/www.ucatolica.edu.co\/portal\/servicios-comunitarios\/emprendimiento\/","title":{"rendered":"Emprendimiento"},"content":{"rendered":"<p><img fetchpriority=\"high\" decoding=\"async\" class=\"size-full wp-image-122315\" src=\"https:\/\/www.ucatolica.edu.co\/portal\/wp-content\/uploads\/2026\/01\/LogoUCatolicaEmprende.jpg\" alt=\"Logo UCatolica Emprende\" width=\"780\" height=\"221\" \/><\/p>\n<h2>El Emprendimiento en la Universidad Cat\u00f3lica de Colombia<\/h2>\n<p><img decoding=\"async\" class=\"alignnone size-full wp-image-32778\" style=\"display: none;\" src=\"\/portal\/wp-content\/uploads\/2020\/11\/logo-emprendimiento.png\" alt=\"\" width=\"50%\" \/><\/p>\n<h3>Premisas generales<\/h3>\n<ul>\n<li>Para la Universidad es muy importante el componente de la ense\u00f1anza de la verdad y de las ciencias al servicio del individuo y de los intereses de la comunidad.<\/li>\n<li>De acuerdo con la misi\u00f3n institucional la Universidad desarrolla en su comunidad la virtud de la studiositas, para que se aprenda a pensar y se fomente el potencial creativo e innovador.<\/li>\n<\/ul>\n<h3>Definici\u00f3n de Emprendimiento<\/h3>\n<p>En el marco de esta definici\u00f3n, la Universidad Cat\u00f3lica de Colombia fomenta una cultura institucional de generaci\u00f3n de ideas innovadoras y articula esfuerzos para crear valor, mediante la formaci\u00f3n de individuos competentes que apoyen el crecimiento econ\u00f3mico del pa\u00eds y encaminen sus ideas y acciones a la creaci\u00f3n de oportunidades de inclusi\u00f3n social. El emprendimiento supone creatividad, autonom\u00eda, confianza en s\u00ed mismo, tenacidad, sentido de la responsabilidad, capacidad para asumir riesgos, liderazgo, esp\u00edritu colaborativo y solidaridad.<\/p>\n<p>De lo anterior se desprende que el emprendedor es una persona innovadora que se encuentra en constante aprendizaje, con visi\u00f3n y proyecci\u00f3n internacional, con habilidades para trabajar interdisciplinariamente y dispuesta a asumir con suficiencia las responsabilidades de aportar a la soluci\u00f3n de problemas y necesidades de la sociedad. Es un l\u00edder que dignifica a la persona y tiene una clara vocaci\u00f3n de servicio, fundamentada en la \u00e9tica y la sensibilidad. Es capaz de implementar proyectos que generan valor y buscan la transformaci\u00f3n, el mejoramiento del ser humano y de la sociedad.<\/p>\n<h3>Prop\u00f3sitos del emprendimiento en la Universidad Cat\u00f3lica de Colombia<\/h3>\n<p>Fomentar una cultura emprendedora en la comunidad de la Universidad Cat\u00f3lica de Colombia, por medio de l\u00edneas de trabajo conformadas por estrategias, que se derivan de los retos de emprendimiento, innovaci\u00f3n, sostenibilidad, investigaci\u00f3n y tecnolog\u00eda manteniendo una alineaci\u00f3n con las tendencias globales.<\/p>\n<p><img decoding=\"async\" class=\"size-full wp-image-122315\" src=\"https:\/\/www.ucatolica.edu.co\/portal\/wp-content\/uploads\/2025\/09\/emprendimiento.jpg\" alt=\"\u00bfQue es el emprendimiento?\" width=\"780\" height=\"221\" \/><!-- Acorde\u00f3n limpio Bootstrap 3 --><\/p>\n<div id=\"accordion\" class=\"panel-group\">\n<div class=\"panel panel-default\">\n<div id=\"heading1\" class=\"panel-heading\">\n<h4 class=\"panel-title\"><a href=\"#collapse1\" data-toggle=\"collapse\" data-parent=\"#accordion\">Competencias del Emprendedor<\/a><\/h4>\n<\/div>\n<div id=\"collapse1\" class=\"panel-collapse collapse\">\n<div class=\"panel-body\">\n<p>El esp\u00edritu emprendedor se apalanca en las siguientes competencias generales concebidas en los elementos que integran el curr\u00edculo, as\u00ed como las competencias emprendedoras.<\/p>\n<div style=\"display: grid; justify-content: center; grid-template-columns: 1fr 1fr; gap: 2rem; align-items: start;\">\n<div>\n<ul>\n<li>Innovaci\u00f3n<\/li>\n<li>Creatividad<\/li>\n<li>Liderazgo<\/li>\n<li>Actitud Comercial<\/li>\n<li>Resiliencia<\/li>\n<li>Trabajo en equipo<\/li>\n<li>Aprendizaje Aut\u00f3nomo<\/li>\n<li>Gesti\u00f3n del Riesgo<\/li>\n<li>Investigaci\u00f3n<\/li>\n<\/ul>\n<\/div>\n<\/div>\n<\/div>\n<\/div>\n<\/div>\n<div class=\"panel panel-default\">\n<div id=\"heading4\" class=\"panel-heading\">\n<h4 class=\"panel-title\"><a href=\"#collapse4\" data-toggle=\"collapse\" data-parent=\"#accordion\">Otros servicios ofertados para los Emprendedores<\/a><\/h4>\n<\/div>\n<div id=\"collapse4\" class=\"panel-collapse collapse\">\n<div class=\"panel-body\">\n<h3><strong>Electivas Institucionales:<\/strong><\/h3>\n<p><strong>Creatividad<\/strong><\/p>\n<p>Este curso est\u00e1 dise\u00f1ado para que el estudiante re- dise\u00f1e su forma de observar, pensar y solucionar, identifique sus habilidades en el contexto de la creatividad e innovaci\u00f3n y aporte soluciones al entorno. Equilibrar deseabilidad, lo que los humanos necesitan, con viabilidad t\u00e9cnica y econ\u00f3mica. Es una invitaci\u00f3n a que los estudiantes rompan paradigmas mentales, que dejen de pensar sobre qu\u00e9 construir, sino construir a fin de pensar. As\u00ed mismo, conocer\u00e1 herramientas que le permitir\u00e1n fortalecer su capacidad creativa.<\/p>\n<p>\u00bfPor qu\u00e9 es importante el desarrollo del pensamiento creativo? Las empresas est\u00e1n en constante proceso de innovaci\u00f3n, generando nuevos productos, servicios, soluciones, por lo que se han tenido que apartar del pensamiento lineal para evolucionar a un nuevo modelo de pensamiento, este es el principal valor diferencial que hace a las empresas y a los profesionales vigentes y competitivos en un mercado cada vez m\u00e1s exigente.<\/p>\n<p><strong>Cr\u00e9ditos<\/strong>:2<br \/>\n<strong>C\u00f3digo<\/strong>: EI04112<\/p>\n<p><strong>Innovaci\u00f3n y Emprendimiento<\/strong><\/p>\n<p>Podr\u00e1 dise\u00f1ar un modelo de negocio haciendo uso de metodolog\u00edas y did\u00e1cticas especializadas, dise\u00f1ar\u00e1 un producto m\u00ednimo viable y entrar\u00e1 en contacto con su usuario para validar las hip\u00f3tesis y as\u00ed comprobar si cumple con las expectativas de los mismos.<\/p>\n<p>Elaborar\u00e1 el plan de medios de comunicaci\u00f3n, incluyendo canales digitales acorde al tipo de negocio, desarrollar\u00e1 los clientes, por medio de un plan estrat\u00e9gico que se centrar\u00e1 en (adquisici\u00f3n, construcci\u00f3n de relaci\u00f3n y canales de distribuci\u00f3n). Con lo anterior, estar\u00e1 en capacidad de montar la operaci\u00f3n del negocio, teniendo en cuenta; actividades y recursos clave, dise\u00f1ar\u00e1 la estructura y revisi\u00f3n jur\u00eddica necesaria de acuerdo al negocio y elaborar\u00e1 el plan de operaci\u00f3n.<\/p>\n<p>Realizar\u00e1 una revisi\u00f3n de costos, ingresos, precios, crear el plan financiero b\u00e1sico llev\u00e1ndolo a determinar si el negocio es factible o no. Por \u00faltimo, presentar\u00e1 su proyecto integrador, contando con la oportunidad de hacerlo frente a una audiencia, lo cual fortalecer\u00e1 sus habilidades de presentaci\u00f3n y los matices de la misma.<\/p>\n<p>El enfoque de esta electiva es pr\u00e1ctico y experimental, adicional contar\u00e1 con una plataforma virtual, la cual apoyar\u00e1 todo el proceso con videos, lecturas y soporte<\/p>\n<p><strong>Cr\u00e9ditos<\/strong>:2<br \/>\n<strong>C\u00f3digo<\/strong>: EI04095<\/p>\n<p><strong>Gerencia del Emprendimiento<\/strong><\/p>\n<p>No es suficiente con crear un modelo de negocio y\/o un producto o servicio que le permita generar ingresos, el Emprendedor deber\u00e1 dise\u00f1ar nuevas estrategias que le crear\u00e1n oportunidades de crecimiento en su segmento de clientes, as\u00ed como la identificaci\u00f3n de nuevos canales de distribuci\u00f3n en b\u00fasqueda de incrementar los ingresos.<\/p>\n<p>Adicional a lo anterior, es necesario que el Emprendedor desarrolle las \u00e1reas del negocio que le permitir\u00e1n escalar y crecer de manera ordenada, es indispensable elaborar un plan de operaciones, ventas, de tecnolog\u00eda, as\u00ed como establecer procesos de contrataci\u00f3n, dise\u00f1ar el modelo financiero para el crecimiento del negocio, analizar la competencia y modelos financieros parecidos.<\/p>\n<p><strong>Cr\u00e9ditos<\/strong>:2<br \/>\n<strong>C\u00f3digo<\/strong>: EI04101<\/p>\n<h3><strong>Talleres y Asesor\u00edas<\/strong><\/h3>\n<p>El emprendedor tendr\u00e1 la posibilidad de contar con un tutor personalizado, que lo asesorar\u00e1 en temas espec\u00edficos. Contar\u00e1 hasta con 4 tutor\u00edas presenciales y\/o virtuales en cada tem\u00e1tica propuesta. El emprendedor debe comprometerse a cumplir con los planes de trabajo trazados en un periodo de tiempo establecido.<\/p>\n<p>Se plantea una serie de talleres, los cuales pretende fortalecer distintas etapas del modelo de negocio, as\u00ed como al Emprendedor, ninguna va conectada con la otra, dado que el Emprendedor tendr\u00e1 la posibilidad de elegir la que m\u00e1s se ajuste a sus necesidades.<\/p>\n<p>La programaci\u00f3n de estos talleres se realizar\u00e1 peri\u00f3dicamente e informados a la Comunidad Cat\u00f3lica de Colombia.<\/p>\n<p>Cada taller tendr\u00e1 una o dos sesiones, acorde a la complejidad del taller y cada sesi\u00f3n tendr\u00e1 una duraci\u00f3n de hasta 4 horas. Contar\u00e1 con un experto en la tem\u00e1tica abordada.<\/p>\n<\/div>\n<\/div>\n<\/div>\n<div class=\"panel panel-default\">\n<div id=\"heading8\" class=\"panel-heading\">\n<h4 class=\"panel-title\"><a href=\"#collapse8\" data-toggle=\"collapse\" data-parent=\"#accordion\">L\u00edneas de trabajo del Emprendimiento<\/a><\/h4>\n<\/div>\n<div id=\"collapse8\" class=\"panel-collapse collapse\">\n<div class=\"panel-body\">\n<p><img decoding=\"async\" class=\"alignnone size-full wp-image-122351\" src=\"https:\/\/www.ucatolica.edu.co\/portal\/wp-content\/uploads\/2025\/09\/lineas_emprendimiento.png\" alt=\"L\u00edneas de trabajo del Emprendimiento\" width=\"953\" height=\"772\" \/><\/p>\n<p><strong>Ecosistema en Emprendimiento<\/strong>. La Universidad Cat\u00f3lica de Colombia desarrollar\u00e1 estrategias y acciones internas y externas, nacionales e internacionales, encaminadas a fortalecer el ecosistema de emprendimiento de la comunidad universitaria y, a su vez, al uso y aprovechamiento de los recursos nacionales e internacionales que buscan el fortalecimiento del emprendimiento y del emprendedor.<\/p>\n<p><strong>Cultura Emprendedora<\/strong>. La Universidad Cat\u00f3lica de Colombia promover\u00e1 la cultura emprendedora, orientada a la apropiaci\u00f3n social, en espacios de difusi\u00f3n de conocimiento en emprendimiento e innovaci\u00f3n cuyo impacto favorezca la conversi\u00f3n de intenciones en actuaciones. Estas iniciativas ser\u00e1n transdisciplinarias con las facultades y programas, y todas las \u00e1reas interesadas en hacer parte del ecosistema interno y del fortalecimiento de la cultura emprendedora de la instituci\u00f3n.<\/p>\n<p>Formaci\u00f3n. Cuenta con las siguientes estrategias:<\/p>\n<ul>\n<li>Oferta de asignaturas de programas o institucionales, que permitan al estudiante afianzar competencias para desarrollar la capacidad emprendedora.<\/li>\n<li>Ofrecer una ruta acad\u00e9mica para el estudiante, que le ayude a profundizar en el conocimiento, en sus habilidades y destrezas, y que lo lleven al desarrollo y ejecuci\u00f3n de proyectos emprendedores, que den respuesta a soluciones de problemas en el entorno.<\/li>\n<li>Programar talleres, cursos, diplomados, entre otros, a los que tenga acceso toda la comunidad de la Universidad, para que refuerce los proyectos emprendedores.<\/li>\n<\/ul>\n<\/div>\n<\/div>\n<\/div>\n<\/div>\n<p><!-- \/Acorde\u00f3n limpio --><strong>Programa de Emprendimiento<\/strong> Pbx:(601)4433700Ext.1087 emprendimiento@ucatolica.edu.co Diagonal 46 # 15B-18, Casa Extensi\u00f3n<!-- CONTENEDOR DOS PARA SIDEBAR --><\/p>\n<div id=\"contenido-dos\">\n<h2>Documentos de Inter\u00e9s<\/h2>\n<ul>\n<li><a href=\"\/portal\/wp-content\/uploads\/2019\/02\/Lineamientos-de-emprendimiento-institucional.pdf\" target=\"_blank\" rel=\"noopener\">Lineamientos de Emprendimiento Institucional.<\/a><\/li>\n<li style=\"display: none;\"><a href=\"\/portal\/wp-content\/uploads\/2021\/05\/Co\u0301mo-crear-empresa-en-Colombia.pdf\">Co\u0301mo crear empresa en Colombia<\/a><\/li>\n<li style=\"display: none;\"><a href=\"\/portal\/wp-content\/uploads\/2021\/05\/Funciones-Superintendencia-de-Sociedades.pdf\">Funciones Superintendencia de Sociedades<\/a><\/li>\n<li style=\"display: none;\"><a style=\"font-size: revert; font-family: -apple-system, BlinkMacSystemFont, 'Segoe UI', Roboto, Oxygen-Sans, Ubuntu, Cantarell, 'Helvetica Neue', sans-serif;\" href=\"\/portal\/wp-content\/uploads\/2021\/05\/Re\u0301gimen-de-Insolvencia-en-Colombia.pdf\">Re\u0301gimen de Insolvencia en Colombia<\/a><\/li>\n<li style=\"display: none;\"><a style=\"font-size: revert; font-family: -apple-system, BlinkMacSystemFont, 'Segoe UI', Roboto, Oxygen-Sans, Ubuntu, Cantarell, 'Helvetica Neue', sans-serif;\" href=\"\/portal\/wp-content\/uploads\/2021\/05\/Sociedades-de-Beneficio-e-Intere\u0301s-Colectivo-BIC.pdf\">Sociedades de Beneficio e Intere\u0301s Colectivo BIC<\/a><\/li>\n<\/ul>\n<\/div>\n","protected":false},"excerpt":{"rendered":"<p>El Emprendimiento en la Universidad Cat\u00f3lica de Colombia Premisas generales Para la Universidad es muy importante el componente de la ense\u00f1anza de la verdad y de las ciencias al servicio del individuo y de los intereses de la comunidad. De acuerdo con la misi\u00f3n institucional la Universidad desarrolla en su comunidad la virtud de la [&hellip;]<\/p>\n","protected":false},"author":2,"featured_media":0,"parent":1114,"menu_order":0,"comment_status":"closed","ping_status":"closed","template":"page-oldstyle.php","meta":{"_acf_changed":false,"advgb_blocks_editor_width":"","advgb_blocks_columns_visual_guide":"","footnotes":""},"class_list":["post-1192","page","type-page","status-publish","hentry"],"acf":[],"yoast_head":"<!-- This site is optimized with the Yoast SEO plugin v26.7 - https:\/\/yoast.com\/wordpress\/plugins\/seo\/ -->\n<title>Emprendimiento - Universidad Cat\u00f3lica De Colombia<\/title>\n<meta name=\"robots\" content=\"index, follow, max-snippet:-1, max-image-preview:large, max-video-preview:-1\" \/>\n<link rel=\"canonical\" href=\"https:\/\/www.ucatolica.edu.co\/portal\/servicios-comunitarios\/emprendimiento\/\" \/>\n<meta property=\"og:locale\" content=\"es_ES\" \/>\n<meta property=\"og:type\" content=\"article\" \/>\n<meta property=\"og:title\" content=\"Emprendimiento - Universidad Cat\u00f3lica De Colombia\" \/>\n<meta property=\"og:description\" content=\"El Emprendimiento en la Universidad Cat\u00f3lica de Colombia Premisas generales Para la Universidad es muy importante el componente de la ense\u00f1anza de la verdad y de las ciencias al servicio del individuo y de los intereses de la comunidad. De acuerdo con la misi\u00f3n institucional la Universidad desarrolla en su comunidad la virtud de la [&hellip;]\" \/>\n<meta property=\"og:url\" content=\"https:\/\/www.ucatolica.edu.co\/portal\/servicios-comunitarios\/emprendimiento\/\" \/>\n<meta property=\"og:site_name\" content=\"Universidad Cat\u00f3lica De Colombia\" \/>\n<meta property=\"article:publisher\" content=\"https:\/\/www.facebook.com\/ucatolicacolombia\" \/>\n<meta property=\"article:modified_time\" content=\"2026-01-22T19:14:33+00:00\" \/>\n<meta property=\"og:image\" content=\"https:\/\/www.ucatolica.edu.co\/portal\/wp-content\/uploads\/2025\/09\/emprendimiento.jpg\" \/>\n<meta name=\"twitter:card\" content=\"summary_large_image\" \/>\n<meta name=\"twitter:site\" content=\"@UCatolicaCol\" \/>\n<meta name=\"twitter:label1\" content=\"Tiempo de lectura\" \/>\n\t<meta name=\"twitter:data1\" content=\"8 minutos\" \/>\n<script type=\"application\/ld+json\" class=\"yoast-schema-graph\">{\"@context\":\"https:\/\/schema.org\",\"@graph\":[{\"@type\":\"WebPage\",\"@id\":\"https:\/\/www.ucatolica.edu.co\/portal\/servicios-comunitarios\/emprendimiento\/\",\"url\":\"https:\/\/www.ucatolica.edu.co\/portal\/servicios-comunitarios\/emprendimiento\/\",\"name\":\"Emprendimiento - Universidad Cat\u00f3lica De Colombia\",\"isPartOf\":{\"@id\":\"https:\/\/www.ucatolica.edu.co\/portal\/#website\"},\"primaryImageOfPage\":{\"@id\":\"https:\/\/www.ucatolica.edu.co\/portal\/servicios-comunitarios\/emprendimiento\/#primaryimage\"},\"image\":{\"@id\":\"https:\/\/www.ucatolica.edu.co\/portal\/servicios-comunitarios\/emprendimiento\/#primaryimage\"},\"thumbnailUrl\":\"https:\/\/www.ucatolica.edu.co\/portal\/wp-content\/uploads\/2026\/01\/LogoUCatolicaEmprende.jpg\",\"datePublished\":\"2018-09-13T13:27:54+00:00\",\"dateModified\":\"2026-01-22T19:14:33+00:00\",\"breadcrumb\":{\"@id\":\"https:\/\/www.ucatolica.edu.co\/portal\/servicios-comunitarios\/emprendimiento\/#breadcrumb\"},\"inLanguage\":\"es-CO\",\"potentialAction\":[{\"@type\":\"ReadAction\",\"target\":[\"https:\/\/www.ucatolica.edu.co\/portal\/servicios-comunitarios\/emprendimiento\/\"]}]},{\"@type\":\"ImageObject\",\"inLanguage\":\"es-CO\",\"@id\":\"https:\/\/www.ucatolica.edu.co\/portal\/servicios-comunitarios\/emprendimiento\/#primaryimage\",\"url\":\"https:\/\/www.ucatolica.edu.co\/portal\/wp-content\/uploads\/2026\/01\/LogoUCatolicaEmprende.jpg\",\"contentUrl\":\"https:\/\/www.ucatolica.edu.co\/portal\/wp-content\/uploads\/2026\/01\/LogoUCatolicaEmprende.jpg\",\"width\":860,\"height\":270,\"caption\":\"LogoUCatolicaEmprende\"},{\"@type\":\"BreadcrumbList\",\"@id\":\"https:\/\/www.ucatolica.edu.co\/portal\/servicios-comunitarios\/emprendimiento\/#breadcrumb\",\"itemListElement\":[{\"@type\":\"ListItem\",\"position\":1,\"name\":\"Inicio\",\"item\":\"https:\/\/www.ucatolica.edu.co\/portal\/\"},{\"@type\":\"ListItem\",\"position\":2,\"name\":\"Servicios Comunitarios\",\"item\":\"https:\/\/www.ucatolica.edu.co\/portal\/servicios-comunitarios\/\"},{\"@type\":\"ListItem\",\"position\":3,\"name\":\"Emprendimiento\"}]},{\"@type\":\"WebSite\",\"@id\":\"https:\/\/www.ucatolica.edu.co\/portal\/#website\",\"url\":\"https:\/\/www.ucatolica.edu.co\/portal\/\",\"name\":\"Universidad Cat\u00f3lica De Colombia\",\"description\":\"Universidad Cat\u00f3lica De Colombia\",\"publisher\":{\"@id\":\"https:\/\/www.ucatolica.edu.co\/portal\/#organization\"},\"potentialAction\":[{\"@type\":\"SearchAction\",\"target\":{\"@type\":\"EntryPoint\",\"urlTemplate\":\"https:\/\/www.ucatolica.edu.co\/portal\/?s={search_term_string}\"},\"query-input\":{\"@type\":\"PropertyValueSpecification\",\"valueRequired\":true,\"valueName\":\"search_term_string\"}}],\"inLanguage\":\"es-CO\"},{\"@type\":\"Organization\",\"@id\":\"https:\/\/www.ucatolica.edu.co\/portal\/#organization\",\"name\":\"Universidad Cat\u00f3lica de Colombia\",\"url\":\"https:\/\/www.ucatolica.edu.co\/portal\/\",\"logo\":{\"@type\":\"ImageObject\",\"inLanguage\":\"es-CO\",\"@id\":\"https:\/\/www.ucatolica.edu.co\/portal\/#\/schema\/logo\/image\/\",\"url\":\"https:\/\/www.ucatolica.edu.co\/portal\/wp-content\/uploads\/2021\/06\/logo-header-ho-1.svg\",\"contentUrl\":\"https:\/\/www.ucatolica.edu.co\/portal\/wp-content\/uploads\/2021\/06\/logo-header-ho-1.svg\",\"width\":1,\"height\":1,\"caption\":\"Universidad Cat\u00f3lica de Colombia\"},\"image\":{\"@id\":\"https:\/\/www.ucatolica.edu.co\/portal\/#\/schema\/logo\/image\/\"},\"sameAs\":[\"https:\/\/www.facebook.com\/ucatolicacolombia\",\"https:\/\/x.com\/UCatolicaCol\",\"https:\/\/www.instagram.com\/universidadcatolicadecolombia\/\",\"https:\/\/www.linkedin.com\/company\/universidadcatolicadecolombia\/\",\"https:\/\/www.youtube.com\/user\/UCatolicaCo\"]}]}<\/script>\n<!-- \/ Yoast SEO plugin. -->","yoast_head_json":{"title":"Emprendimiento - Universidad Cat\u00f3lica De Colombia","robots":{"index":"index","follow":"follow","max-snippet":"max-snippet:-1","max-image-preview":"max-image-preview:large","max-video-preview":"max-video-preview:-1"},"canonical":"https:\/\/www.ucatolica.edu.co\/portal\/servicios-comunitarios\/emprendimiento\/","og_locale":"es_ES","og_type":"article","og_title":"Emprendimiento - Universidad Cat\u00f3lica De Colombia","og_description":"El Emprendimiento en la Universidad Cat\u00f3lica de Colombia Premisas generales Para la Universidad es muy importante el componente de la ense\u00f1anza de la verdad y de las ciencias al servicio del individuo y de los intereses de la comunidad. De acuerdo con la misi\u00f3n institucional la Universidad desarrolla en su comunidad la virtud de la [&hellip;]","og_url":"https:\/\/www.ucatolica.edu.co\/portal\/servicios-comunitarios\/emprendimiento\/","og_site_name":"Universidad Cat\u00f3lica De Colombia","article_publisher":"https:\/\/www.facebook.com\/ucatolicacolombia","article_modified_time":"2026-01-22T19:14:33+00:00","og_image":[{"url":"https:\/\/www.ucatolica.edu.co\/portal\/wp-content\/uploads\/2025\/09\/emprendimiento.jpg","type":"","width":"","height":""}],"twitter_card":"summary_large_image","twitter_site":"@UCatolicaCol","twitter_misc":{"Tiempo de lectura":"8 minutos"},"schema":{"@context":"https:\/\/schema.org","@graph":[{"@type":"WebPage","@id":"https:\/\/www.ucatolica.edu.co\/portal\/servicios-comunitarios\/emprendimiento\/","url":"https:\/\/www.ucatolica.edu.co\/portal\/servicios-comunitarios\/emprendimiento\/","name":"Emprendimiento - Universidad Cat\u00f3lica De Colombia","isPartOf":{"@id":"https:\/\/www.ucatolica.edu.co\/portal\/#website"},"primaryImageOfPage":{"@id":"https:\/\/www.ucatolica.edu.co\/portal\/servicios-comunitarios\/emprendimiento\/#primaryimage"},"image":{"@id":"https:\/\/www.ucatolica.edu.co\/portal\/servicios-comunitarios\/emprendimiento\/#primaryimage"},"thumbnailUrl":"https:\/\/www.ucatolica.edu.co\/portal\/wp-content\/uploads\/2026\/01\/LogoUCatolicaEmprende.jpg","datePublished":"2018-09-13T13:27:54+00:00","dateModified":"2026-01-22T19:14:33+00:00","breadcrumb":{"@id":"https:\/\/www.ucatolica.edu.co\/portal\/servicios-comunitarios\/emprendimiento\/#breadcrumb"},"inLanguage":"es-CO","potentialAction":[{"@type":"ReadAction","target":["https:\/\/www.ucatolica.edu.co\/portal\/servicios-comunitarios\/emprendimiento\/"]}]},{"@type":"ImageObject","inLanguage":"es-CO","@id":"https:\/\/www.ucatolica.edu.co\/portal\/servicios-comunitarios\/emprendimiento\/#primaryimage","url":"https:\/\/www.ucatolica.edu.co\/portal\/wp-content\/uploads\/2026\/01\/LogoUCatolicaEmprende.jpg","contentUrl":"https:\/\/www.ucatolica.edu.co\/portal\/wp-content\/uploads\/2026\/01\/LogoUCatolicaEmprende.jpg","width":860,"height":270,"caption":"LogoUCatolicaEmprende"},{"@type":"BreadcrumbList","@id":"https:\/\/www.ucatolica.edu.co\/portal\/servicios-comunitarios\/emprendimiento\/#breadcrumb","itemListElement":[{"@type":"ListItem","position":1,"name":"Inicio","item":"https:\/\/www.ucatolica.edu.co\/portal\/"},{"@type":"ListItem","position":2,"name":"Servicios Comunitarios","item":"https:\/\/www.ucatolica.edu.co\/portal\/servicios-comunitarios\/"},{"@type":"ListItem","position":3,"name":"Emprendimiento"}]},{"@type":"WebSite","@id":"https:\/\/www.ucatolica.edu.co\/portal\/#website","url":"https:\/\/www.ucatolica.edu.co\/portal\/","name":"Universidad Cat\u00f3lica De Colombia","description":"Universidad Cat\u00f3lica De Colombia","publisher":{"@id":"https:\/\/www.ucatolica.edu.co\/portal\/#organization"},"potentialAction":[{"@type":"SearchAction","target":{"@type":"EntryPoint","urlTemplate":"https:\/\/www.ucatolica.edu.co\/portal\/?s={search_term_string}"},"query-input":{"@type":"PropertyValueSpecification","valueRequired":true,"valueName":"search_term_string"}}],"inLanguage":"es-CO"},{"@type":"Organization","@id":"https:\/\/www.ucatolica.edu.co\/portal\/#organization","name":"Universidad Cat\u00f3lica de Colombia","url":"https:\/\/www.ucatolica.edu.co\/portal\/","logo":{"@type":"ImageObject","inLanguage":"es-CO","@id":"https:\/\/www.ucatolica.edu.co\/portal\/#\/schema\/logo\/image\/","url":"https:\/\/www.ucatolica.edu.co\/portal\/wp-content\/uploads\/2021\/06\/logo-header-ho-1.svg","contentUrl":"https:\/\/www.ucatolica.edu.co\/portal\/wp-content\/uploads\/2021\/06\/logo-header-ho-1.svg","width":1,"height":1,"caption":"Universidad Cat\u00f3lica de Colombia"},"image":{"@id":"https:\/\/www.ucatolica.edu.co\/portal\/#\/schema\/logo\/image\/"},"sameAs":["https:\/\/www.facebook.com\/ucatolicacolombia","https:\/\/x.com\/UCatolicaCol","https:\/\/www.instagram.com\/universidadcatolicadecolombia\/","https:\/\/www.linkedin.com\/company\/universidadcatolicadecolombia\/","https:\/\/www.youtube.com\/user\/UCatolicaCo"]}]}},"coauthors":[],"author_meta":{"author_link":"https:\/\/www.ucatolica.edu.co\/portal\/author\/carrnall\/","display_name":"Carlos Zea"},"relative_dates":{"created":"Posted 8 a\u00f1os ago","modified":"Updated 3 meses ago"},"absolute_dates":{"created":"Posted on 13 septiembre, 2018","modified":"Updated on 22 enero, 2026"},"absolute_dates_time":{"created":"Posted on 13 septiembre, 2018 8:27 am","modified":"Updated on 22 enero, 2026 2:14 pm"},"featured_img_caption":"","featured_img":false,"series_order":"","_links":{"self":[{"href":"https:\/\/www.ucatolica.edu.co\/portal\/wp-json\/wp\/v2\/pages\/1192","targetHints":{"allow":["GET"]}}],"collection":[{"href":"https:\/\/www.ucatolica.edu.co\/portal\/wp-json\/wp\/v2\/pages"}],"about":[{"href":"https:\/\/www.ucatolica.edu.co\/portal\/wp-json\/wp\/v2\/types\/page"}],"author":[{"embeddable":true,"href":"https:\/\/www.ucatolica.edu.co\/portal\/wp-json\/wp\/v2\/users\/2"}],"replies":[{"embeddable":true,"href":"https:\/\/www.ucatolica.edu.co\/portal\/wp-json\/wp\/v2\/comments?post=1192"}],"version-history":[{"count":31,"href":"https:\/\/www.ucatolica.edu.co\/portal\/wp-json\/wp\/v2\/pages\/1192\/revisions"}],"predecessor-version":[{"id":129260,"href":"https:\/\/www.ucatolica.edu.co\/portal\/wp-json\/wp\/v2\/pages\/1192\/revisions\/129260"}],"up":[{"embeddable":true,"href":"https:\/\/www.ucatolica.edu.co\/portal\/wp-json\/wp\/v2\/pages\/1114"}],"wp:attachment":[{"href":"https:\/\/www.ucatolica.edu.co\/portal\/wp-json\/wp\/v2\/media?parent=1192"}],"curies":[{"name":"wp","href":"https:\/\/api.w.org\/{rel}","templated":true}]}}