{"id":1196,"date":"2018-09-13T08:32:28","date_gmt":"2018-09-13T13:32:28","guid":{"rendered":"http:\/\/localhost:8888\/portal\/?page_id=1196"},"modified":"2026-01-13T16:43:29","modified_gmt":"2026-01-13T21:43:29","slug":"responsabilidad-social","status":"publish","type":"page","link":"https:\/\/www.ucatolica.edu.co\/portal\/servicios-comunitarios\/responsabilidad-social\/","title":{"rendered":"Responsabilidad Social"},"content":{"rendered":"<h2>Responsabilidad Social<\/h2>\n<p>La Responsabilidad Social en la Universidad Cat\u00f3lica de Colombia propende por el fortalecimiento de un estado de conciencia personal y comunitario que posibilite el afianzamiento con los principios institucionales y valores morales, en b\u00fasqueda de la coherencia entre el pensamiento, el sentimiento, la palabra y la acci\u00f3n de los miembros de la comunidad universitaria y su entorno.<\/p>\n<h3>Misi\u00f3n<\/h3>\n<p>La Responsabilidad Social, unida a la inspiraci\u00f3n cristiana de la propuesta cat\u00f3lica de la Universidad, aumenta un sentido de mayor profundidad a la tarea educativa de formar un profesional \u00edntegro por su talante moral y capacidad de servir a los dem\u00e1s en su vida personal y en su profesi\u00f3n, por la fuerza humana y espiritual de su proyecto de vida (Misi\u00f3n &#8211; PEI, 2016).<\/p>\n<h3>Valores<\/h3>\n<ul>\n<li><strong>Responsabilidad<\/strong> dar cuenta de s\u00ed mismo, de sus decisiones y de sus actos.<\/li>\n<li><strong>Equidad<\/strong> como principio de justicia y orden.<\/li>\n<li><strong>Solidaridad<\/strong> como capacidad de compartir.<\/li>\n<\/ul>\n<div id=\"accordion\" class=\"panel-group\">\n<div class=\"panel panel-default\">\n<div id=\"heading7\" class=\"panel-heading\">\n<h4 class=\"panel-title\"><a href=\"#collapse7\" data-toggle=\"collapse\" data-parent=\"#accordion\">Alianzas<\/a><\/h4>\n<\/div>\n<div id=\"collapse7\" class=\"panel-collapse collapse\">\n<div class=\"panel-body\">\n<ul>\n<li><a href=\"https:\/\/www.facebook.com\/centrotecnicodeconstruccion\/\" target=\"_blank\" rel=\"noopener\">Centro T\u00e9cnico de Construcci\u00f3n<\/a><\/li>\n<li><a href=\"http:\/\/www.andi.com.co\/\" target=\"_blank\" rel=\"noopener\">Fundaci\u00f3n Asociaci\u00f3n Nacional de Empresarios de Colombia ANDI<\/a><\/li>\n<li><a href=\"https:\/\/fundacionrenacer.org\/\" target=\"_blank\" rel=\"noopener\">Fundaci\u00f3n RENACER<\/a><\/li>\n<li><a href=\"https:\/\/www.pucv.cl\/\" target=\"_blank\" rel=\"noopener\">Pontificia Universidad Cat\u00f3lica de Valparaiso &#8211; Chile<\/a><\/li>\n<li><a href=\"https:\/\/www.techo.org\/colombia\/\" target=\"_blank\" rel=\"noopener\">Techo Colombia <\/a><\/li>\n<li><a href=\"http:\/\/www.ufg.edu.sv\/\" target=\"_blank\" rel=\"noopener\">Universidad Francisco Gavidia &#8211; El Salvador<\/a><\/li>\n<li><a href=\"http:\/\/www.usat.edu.pe\/\" target=\"_top\" rel=\"noopener\">Universidad Santo Toribio de Mogrovejo &#8211; Per\u00fa<\/a><\/li>\n<li><a href=\"https:\/\/www.utpl.edu.ec\/\" target=\"_blank\" rel=\"noopener\">Universidad T\u00e9cnica Particular de Loja &#8211; Ecuador<\/a><\/li>\n<\/ul>\n<\/div>\n<\/div>\n<\/div>\n<div class=\"panel panel-default\">\n<div id=\"heading8\" class=\"panel-heading\">\n<h4 class=\"panel-title\"><a href=\"#collapse8\" data-toggle=\"collapse\" data-parent=\"#accordion\">Redes<\/a><\/h4>\n<\/div>\n<div id=\"collapse8\" class=\"panel-collapse collapse\">\n<div class=\"panel-body\">\n<ul>\n<li><a href=\"http:\/\/www.columbus-web.org\/es\/\" target=\"_blank\" rel=\"noopener\">Asociaci\u00f3n COLUMBUS<\/a><\/li>\n<li><a href=\"http:\/\/www.oducal.com\/\" target=\"_blank\" rel=\"noopener\">Asociaci\u00f3n de Universidades Cat\u00f3licas de Am\u00e9rica Latina &#8211; ODUCAL<\/a><\/li>\n<li><a href=\"http:\/\/www.clayss.org\/\" target=\"_top\" rel=\"noopener\">Centro Latinoamericano de Aprendizaje y Servicio \u2013 CLAYSS<\/a><\/li>\n<li><a href=\"http:\/\/www.iesalc.unesco.org\/\" target=\"_blank\" rel=\"noopener\">Observatorio de Responsabilidad Social para Am\u00e9rica Latina y el Caribe &#8211; ORSALC<\/a><\/li>\n<\/ul>\n<\/div>\n<\/div>\n<\/div>\n<\/div>\n<p><strong>Coordinaci\u00f3n de Responsabilidad Social<\/strong><br \/>Pbx:(601)4433700 Ext.3294<br \/>rsu01@ucatolica.edu.co<br \/>Diagonal 46 # 15B-18, Casa Extensi\u00f3n<\/p>\n<p><!-- CONTENEDOR DOS PARA SIDEBAR --><\/p>\n<div id=\"contenido-dos\">\n<h2>Documentos de Inter\u00e9s<\/h2>\n<ul>\n<li class=\"btn-documentos\"><a href=\"\/portal\/wp-content\/uploads\/2020\/10\/fundamentos-responsabilidad-social.pdf\" target=\"_blank\" rel=\"noopener\">Fundamentos de Responsabilidad Social &#8211; 2020<\/a><\/li>\n<li class=\"btn-documentos\"><a href=\"\/portal\/wp-content\/uploads\/2019\/05\/programa-yomasa.pdf\" target=\"_blank\" rel=\"noopener\">Programa Yomasa &#8211; 2019<\/a><\/li>\n<li class=\"btn-documentos\"><a href=\"https:\/\/www.ucatolica.edu.co\/portal\/wp-content\/uploads\/2025\/12\/boletin_rs_2026.pdf\" target=\"_blank\" rel=\"noopener\">Bolet\u00edn de Responsabilidad Social 2025-2<\/a><\/li>\n<li class=\"btn-documentos\"><a href=\"https:\/\/www.ucatolica.edu.co\/portal\/wp-content\/uploads\/2025\/09\/Boletin-Responsabilidad-Social-2025-1.pdf\" target=\"_blank\" rel=\"noopener\">Bolet\u00edn de Responsabilidad Social 2025-1<\/a><\/li>\n<li class=\"btn-documentos\"><a href=\"https:\/\/img.masterbase.com\/v2\/1\/5033\/b\/1\/OP4474-Boletin-ResponsabilidadSocial20242.pdf\" target=\"_blank\" rel=\"noopener\">Bolet\u00edn de Responsabilidad Social 2024-2<\/a><\/li>\n<li class=\"btn-documentos\"><a href=\"https:\/\/www.ucatolica.edu.co\/portal\/wp-content\/uploads\/2024\/08\/Boletin-de-RS-final.pdf\" target=\"_blank\" rel=\"noopener\">Bolet\u00edn de Responsabilidad Social 2024<\/a><\/li>\n<\/ul>\n<h2>Noticias<\/h2>\n<\/div>\n\n\n<div class=\"wp-block-query is-layout-flow wp-block-query-is-layout-flow\"><ul class=\"wp-block-post-template is-layout-flow wp-block-post-template-is-layout-flow\"><li class=\"wp-block-post post-113339 post type-post status-publish format-standard has-post-thumbnail hentry category-noticias-principales tag-cultura-de-paz tag-mexico tag-oducal tag-paz tag-responsabilidad-social tag-univa-de-mexico\">\n<h2 class=\"wp-block-post-title\"><a href=\"https:\/\/www.ucatolica.edu.co\/portal\/la-u-catolica-de-colombia-fortalece-su-compromiso-con-la-cultura-de-paz-en-el-triple-encuentro-de-oducal-en-mexico\/\" target=\"_self\" >La U. Cat\u00f3lica de Colombia fortalece su compromiso con la Cultura de Paz en el Triple Encuentro de ODUCAL en M\u00e9xico<\/a><\/h2>\n\n\n<hr class=\"wp-block-separator has-css-opacity\"\/>\n\n<\/li><\/ul><\/div>\n\n\n\n<div class=\"wp-block-query is-layout-flow wp-block-query-is-layout-flow\"><ul class=\"wp-block-post-template is-layout-flow wp-block-post-template-is-layout-flow\"><li class=\"wp-block-post post-113781 post type-post status-publish format-standard has-post-thumbnail hentry category-noticias-principales tag-alimentos tag-banco-arquidiocesano-de-alimentos-de-bogota tag-egresados tag-ola-invernal tag-responsabilidad-social tag-voluntariado\">\n<h2 class=\"wp-block-post-title\"><a href=\"https:\/\/www.ucatolica.edu.co\/portal\/nuestros-egresados-realizaron-una-jornada-de-voluntariado-con-el-banco-arquidiocesano-de-alimentos\/\" target=\"_self\" >\u00a1Nuestros egresados realizaron una jornada de voluntariado con el Banco Arquidiocesano de Alimentos!<\/a><\/h2>\n\n\n<hr class=\"wp-block-separator has-css-opacity\"\/>\n\n<\/li><\/ul><\/div>\n\n\n\n<div class=\"wp-block-query is-layout-flow wp-block-query-is-layout-flow\"><ul class=\"wp-block-post-template is-layout-flow wp-block-post-template-is-layout-flow\"><li class=\"wp-block-post post-111038 post type-post status-publish format-standard has-post-thumbnail hentry category-noticias-principales tag-infraestructura-comunitaria tag-responsabilidad-social tag-techo-colombia\">\n<h2 class=\"wp-block-post-title\"><a href=\"https:\/\/www.ucatolica.edu.co\/portal\/la-u-catolica-de-colombia-y-techo-colombia-se-articulan-para-impulsar-proyectos-de-infraestructura-comunitaria\/\" target=\"_self\" >La U. Cat\u00f3lica de Colombia y TECHO Colombia se articulan para impulsar proyectos de infraestructura comunitaria<\/a><\/h2>\n\n\n<hr class=\"wp-block-separator has-css-opacity\"\/>\n\n<\/li><\/ul><\/div>\n\n\n\n<div class=\"wp-block-query is-layout-flow wp-block-query-is-layout-flow\"><ul class=\"wp-block-post-template is-layout-flow wp-block-post-template-is-layout-flow\"><li class=\"wp-block-post post-102732 post type-post status-publish format-standard has-post-thumbnail hentry category-noticias-principales tag-icetex tag-oducal tag-rsu tag-universidad-catolica-de-valparaiso\">\n<h2 class=\"wp-block-post-title\"><a href=\"https:\/\/www.ucatolica.edu.co\/portal\/nuestra-universidad-participo-en-el-evento-de-red-de-rsu-oducal\/\" target=\"_self\" >Nuestra Universidad particip\u00f3 en el evento de RED de RSU ODUCAL<\/a><\/h2>\n\n\n<hr class=\"wp-block-separator has-css-opacity\"\/>\n\n<\/li><\/ul><\/div>\n\n\n<\/div>\n<\/div>","protected":false},"excerpt":{"rendered":"<p>Responsabilidad Social La Responsabilidad Social en la Universidad Cat\u00f3lica de Colombia propende por el fortalecimiento de un estado de conciencia personal y comunitario que posibilite el afianzamiento con los principios institucionales y valores morales, en b\u00fasqueda de la coherencia entre el pensamiento, el sentimiento, la palabra y la acci\u00f3n de los miembros de la comunidad [&hellip;]<\/p>\n","protected":false},"author":2,"featured_media":0,"parent":1114,"menu_order":0,"comment_status":"closed","ping_status":"closed","template":"page-oldstyle.php","meta":{"_acf_changed":false,"advgb_blocks_editor_width":"","advgb_blocks_columns_visual_guide":"","footnotes":""},"class_list":["post-1196","page","type-page","status-publish","hentry"],"acf":[],"coauthors":[],"author_meta":{"author_link":"https:\/\/www.ucatolica.edu.co\/portal\/author\/carrnall\/","display_name":"Carlos Zea"},"relative_dates":{"created":"Posted 8 a\u00f1os ago","modified":"Updated 3 meses ago"},"absolute_dates":{"created":"Posted on 13 septiembre, 2018","modified":"Updated on 13 enero, 2026"},"absolute_dates_time":{"created":"Posted on 13 septiembre, 2018 8:32 am","modified":"Updated on 13 enero, 2026 4:43 pm"},"featured_img_caption":"","featured_img":false,"series_order":"","_links":{"self":[{"href":"https:\/\/www.ucatolica.edu.co\/portal\/wp-json\/wp\/v2\/pages\/1196","targetHints":{"allow":["GET"]}}],"collection":[{"href":"https:\/\/www.ucatolica.edu.co\/portal\/wp-json\/wp\/v2\/pages"}],"about":[{"href":"https:\/\/www.ucatolica.edu.co\/portal\/wp-json\/wp\/v2\/types\/page"}],"author":[{"embeddable":true,"href":"https:\/\/www.ucatolica.edu.co\/portal\/wp-json\/wp\/v2\/users\/2"}],"replies":[{"embeddable":true,"href":"https:\/\/www.ucatolica.edu.co\/portal\/wp-json\/wp\/v2\/comments?post=1196"}],"version-history":[{"count":49,"href":"https:\/\/www.ucatolica.edu.co\/portal\/wp-json\/wp\/v2\/pages\/1196\/revisions"}],"predecessor-version":[{"id":128878,"href":"https:\/\/www.ucatolica.edu.co\/portal\/wp-json\/wp\/v2\/pages\/1196\/revisions\/128878"}],"up":[{"embeddable":true,"href":"https:\/\/www.ucatolica.edu.co\/portal\/wp-json\/wp\/v2\/pages\/1114"}],"wp:attachment":[{"href":"https:\/\/www.ucatolica.edu.co\/portal\/wp-json\/wp\/v2\/media?parent=1196"}],"curies":[{"name":"wp","href":"https:\/\/api.w.org\/{rel}","templated":true}]}}