{"id":1202,"date":"2018-09-13T08:37:07","date_gmt":"2018-09-13T13:37:07","guid":{"rendered":"http:\/\/localhost:8888\/portal\/?page_id=1202"},"modified":"2022-06-19T11:05:52","modified_gmt":"2022-06-19T16:05:52","slug":"servicios-psicologicos","status":"publish","type":"page","link":"https:\/\/www.ucatolica.edu.co\/portal\/servicios-comunitarios\/servicios-psicologicos\/","title":{"rendered":"Servicios Psicol\u00f3gicos"},"content":{"rendered":"<h2>Servicio a la Comunidad de la Facultad de Psicolog\u00eda<\/h2>\n<p>La Unidad de Servicios Psicol\u00f3gicos es una dependencia de la Facultad de Psicolog\u00eda que ofrece asesor\u00eda integral mediante consulta individual, grupal, y familiar, promoviendo la calidad de vida de los consultantes y realizando un aporte social a la comunidad. Adem\u00e1s, desarrolla estrategias de capacitaci\u00f3n, para el fortalecimiento de las habilidades profesionales de los estudiantes de pregrado y postgrado.<\/p>\n<p>En concordancia con sus objetivos de responsabilidad social, presta atenci\u00f3n integral a poblaci\u00f3n con escasos recursos econ\u00f3micos, abarcando todo el ciclo vital; cuenta con un equipo interdisciplinario que incluye psicolog\u00eda, psiquiatr\u00eda, terapia ocupacional y fonoaudiolog\u00eda.<\/p>\n<p>El servicio de psicolog\u00eda, en tanto vela por la \u00e9tica y el debido ejercicio profesional, utiliza estrategias de evaluaci\u00f3n, formulaci\u00f3n, intervenci\u00f3n y seguimiento del comportamiento individual y social.<\/p>\n<div id=\"accordion\" class=\"panel-group\">\n<div class=\"panel panel-default\">\n<div id=\"headingCero\" class=\"panel-heading\">\n<h4 class=\"panel-title\"><a href=\"#collapseCero\" data-toggle=\"collapse\" data-parent=\"#accordion\">\u00bfQui\u00e9nes pueden acceder a los servicios?<\/a><\/h4>\n<\/div>\n<div id=\"collapseCero\" class=\"panel-collapse collapse\">\n<div class=\"panel-body\">El servicio est\u00e1 dirigido tanto a la poblaci\u00f3n infantil como a los adolescentes y adultos, quienes eventualmente pueden ser familiares de personas vinculadas a la Universidad.<\/p>\n<h3>Poblaci\u00f3n y problem\u00e1ticas<\/h3>\n<h4>Infantil<\/h4>\n<ul class=\"list-inside\">\n<li>Problemas de aprendizaje<\/li>\n<li>D\u00e9ficit en control instruccional<\/li>\n<li>Pr\u00e1cticas de crianza<\/li>\n<li>Ansiedad por separaci\u00f3n<\/li>\n<li>Hiperactividad y d\u00e9ficit de atenci\u00f3n<\/li>\n<li>Valoraci\u00f3n de desarrollo e inteligencia.<\/li>\n<li>Problemas del comportamiento<\/li>\n<\/ul>\n<h4>Adolescentes<\/h4>\n<ul class=\"list-inside\">\n<li>D\u00e9ficit en control instruccional<\/li>\n<li>Bajo rendimiento acad\u00e9mico<\/li>\n<li>Problemas de aprendizaje<\/li>\n<li>Agresividad<\/li>\n<li>Autoestima<\/li>\n<li>Orientaci\u00f3n profesional<\/li>\n<li>D\u00e9ficit en habilidades sociales<\/li>\n<\/ul>\n<h4>Adultos<\/h4>\n<ul class=\"list-inside\">\n<li>Problemas de pareja<\/li>\n<li>Problemas de familia<\/li>\n<li>Depresi\u00f3n<\/li>\n<li>Ansiedad Social<\/li>\n<li>D\u00e9ficit en autocontrol<\/li>\n<\/ul>\n<p>Adicionalmente el servicio ofrece atenci\u00f3n interdisciplinaria con profesionales en Psiquiatr\u00eda, Terapia Ocupacional y Fonoaudiolog\u00eda; as\u00ed como la implementaci\u00f3n y desarrollo de programas de promoci\u00f3n y prevenci\u00f3n a trav\u00e9s de talleres y grupos terap\u00e9uticos.<\/p>\n<h3>\u00bfDesea acceder al servicio de acompa\u00f1amiento psicol\u00f3gico que ofrece la Unidad de Servicios Psicol\u00f3gicos?<\/h3>\n<p>Entonces esta informaci\u00f3n es de su inter\u00e9s y puede ser compartida a familiares, amigos o personas que puedan beneficiarse de nuestros servicios:<\/p>\n<p><img fetchpriority=\"high\" decoding=\"async\" class=\"alignnone size-full wp-image-70988\" src=\"https:\/\/www.ucatolica.edu.co\/portal\/wp-content\/uploads\/2022\/01\/acceder-usp.jpeg\" alt=\"\" width=\"870\" height=\"522\"><\/p>\n<p><span style=\"font-weight: 400;\">La Unidad de Servicios Psicol\u00f3gicos informa que para el a\u00f1o 2022 retornamos a nuestra modalidad de atenci\u00f3n presencial a partir del 07 de febrero.<\/span><\/p>\n<p><span style=\"font-weight: 400;\">Para realizar la solicitud del servicio, tener en cuenta que se har\u00e1 \u00fanicamente a trav\u00e9s del correo <\/span><a href=\"mailto:usp@ucatolica.edu.co\"><span style=\"font-weight: 400;\">usp@ucatolica.edu.co<\/span><\/a><span style=\"font-weight: 400;\">, y la debe realizar directamente la persona interesada, en caso de los ni\u00f1os, ni\u00f1as y adolescentes la deben realizar los padres o la persona que tenga la custodia legal, es importante adjuntar los siguientes documentos en formato PDF (documentos e informaci\u00f3n adicional completa y legible):<\/span><\/p>\n<table class=\"table table-striped\">\n<tbody>\n<tr>\n<td><strong>DOCUMENTOS PARA NI\u00d1OS, NI\u00d1AS Y ADOLESCENTES<\/strong><\/td>\n<td><strong>DOCUMENTOS PARA MAYORES DE EDAD O CASO DE PAREJA<\/strong><\/td>\n<\/tr>\n<tr>\n<td>\n<ul>\n<li>Copia legible del registro civil para menores de 7 a\u00f1os.<\/li>\n<li>Copia legible de la tarjeta de identidad para mayores de 7 a\u00f1os.<\/li>\n<li>Copia legible del documento de los 2 padres o representante legal (para el caso del representante legal adjuntar copia legible de la custodia).<\/li>\n<li>Certificado de afiliaci\u00f3n a salud vigente.<\/li>\n<li>Copia de un recibo p\u00fablico preferiblemente agua, luz, o gas&nbsp;(se debe visualizar el estrato).<\/li>\n<li>Fotocopia del documento de remisi\u00f3n (Si aplica para Bienestar familiar, Fiscal\u00eda, Comisaria, EPS o Colegio.)<\/li>\n<\/ul>\n<\/td>\n<td>\n<ul>\n<li>Copia legible del Documento de Identidad (en caso de pareja adjuntar la de los dos).<\/li>\n<li>Copia de un recibo p\u00fablico preferiblemente agua, luz, o gas (se debe visualizar el estrato).<\/li>\n<li>Certificado de afiliaci\u00f3n en salud vigente (en caso de pareja adjuntar la de los dos).<\/li>\n<li>Fotocopia del documento de remisi\u00f3n (Si aplica para Bienestar familiar, Fiscal\u00eda, Comisaria, EPS o Colegio.)<\/li>\n<\/ul>\n<\/td>\n<\/tr>\n<\/tbody>\n<\/table>\n<p><b> Solicitamos escribir la siguiente informaci\u00f3n para la creaci\u00f3n de la historia cl\u00ednica.<\/b><\/p>\n<ul>\n<li>Estado civil del paciente:<\/li>\n<li>Nombre de la localidad:<\/li>\n<li>Municipio de residencia del paciente:<\/li>\n<li>Profesi\u00f3n del paciente:<\/li>\n<li>Entidad que remite (si aplica):<\/li>\n<\/ul>\n<p>Nota: para los ni\u00f1os, ni\u00f1as y adolescentes el n\u00famero de tel\u00e9fono que se solicita es el de los padres o de la persona que tenga la custodia legal.<\/p>\n<p><span style=\"font-weight: 400;\">Para los pacientes que ven\u00edan con proceso psicoterap\u00e9utico 2021 de la USP, anexar Acta de continuidad.<\/span><\/p>\n<p><b>No se reciben documentos en f\u00edsico.<\/b><\/p>\n<p><b>Para m\u00e1s informaci\u00f3n comunicarse a la l\u00ednea: (601) 4433700 Ext. 3351 &#8211; 3352 en horario de 8:00 a.m. a 5:00 p.m.<br \/>\n<\/b><a href=\"electr\u00f3nico&nbsp;usp@ucatolica.edu.co\" target=\"_blank\" rel=\"noopener\">usp@ucatolica.edu.co<\/a><\/p>\n<\/div>\n<\/div>\n<\/div>\n<div class=\"panel panel-default\">\n<div id=\"headingUno\" class=\"panel-heading\">\n<h4 class=\"panel-title\"><a href=\"#collapseUno\" data-toggle=\"collapse\" data-parent=\"#accordion\">Rese\u00f1a hist\u00f3rica<\/a><\/h4>\n<\/div>\n<div id=\"collapseUno\" class=\"panel-collapse collapse\">\n<div class=\"panel-body\">La consulta externa infantil, nace en agosto de 1976. Posteriormente, en 1983 se ampl\u00eda la cobertura de la poblaci\u00f3n mediante la consulta externa de adultos. En el a\u00f1o 1992 se integran los dos servicios, constituy\u00e9ndose en dependencia de la Facultad de Psicolog\u00eda que hoy se conoce como Universidad de Servicios Psicol\u00f3gicos. En julio del a\u00f1o 2010, se traslada a la Calle 35 No. 20 \u2013 32, en el barrio La Soledad.<br \/>\nEn la actualidad la Unidad de Servicios Psicol\u00f3gicos se encuentra habilitada como \u201centidad de raz\u00f3n social diferente\u201d ante la Secretar\u00eda de Salud dentro de las categor\u00edas establecidas por la misma Secretar\u00eda y que corresponde con la naturaleza de los servicios que se ofrecen en la misma; adem\u00e1s de sus objetivos de servicio social, este servicio regularmente es un sitio selecto de pr\u00e1cticas para los estudiantes del programa por cuanto garantiza la prestaci\u00f3n de servicios de manera oportuna, segura y efectiva, con un equipo humano dispuesto e id\u00f3neo orientado hacia la excelencia.<\/div>\n<\/div>\n<\/div>\n<div class=\"panel panel-default\">\n<div id=\"headingDos\" class=\"panel-heading\">\n<h4 class=\"panel-title\"><a href=\"#collapseDos\" data-toggle=\"collapse\" data-parent=\"#accordion\">Objetivo Corporativo<\/a><\/h4>\n<\/div>\n<div id=\"collapseDos\" class=\"panel-collapse collapse\">\n<div class=\"panel-body\">Contribuir en la formaci\u00f3n de estudiantes de pregrado y postgrado, para complementar su formaci\u00f3n profesional e incentivar la adquisici\u00f3n de habilidades tanto a nivel conceptual, como en los aspectos de evaluaci\u00f3n e intervenci\u00f3n, para que est\u00e9n en capacidad de lograr el mejoramiento de la calidad de vida de los consultantes y de la comunidad beneficiaria por medio de una atenci\u00f3n integral, que contemple tanto la prestaci\u00f3n de servicios requeridos por la poblaci\u00f3n como la generaci\u00f3n de conocimientos y t\u00e9cnicas de intervenci\u00f3n a trav\u00e9s de la investigaci\u00f3n.<\/div>\n<\/div>\n<\/div>\n<\/div>\n<h3>Logros<\/h3>\n<p><a href=\"https:\/\/www.ucatolica.edu.co\/portal\/la-unidad-de-servicios-psicologicos-participo-con-exito-en-la-jornada-local-cuidado-y-buen-trato\/\" target=\"_blank\" rel=\"noopener\">La Unidad de Servicios Psicol\u00f3gicos particip\u00f3 con \u00e9xito en la Jornada local: Cuidado y buen trato<\/a><\/p>\n<p><a href=\"https:\/\/www.ucatolica.edu.co\/portal\/talleres-de-psicologia-de-la-unidad-de-servicios-psicologicos\/\" target=\"_blank\" rel=\"noopener\">Talleres que ofrece la USP<\/a><\/p>\n<p><a href=\"https:\/\/www.ucatolica.edu.co\/portal\/la-universidad-catolica-de-colombia-es-escenario-de-practica-clinica\/\" target=\"_blank\" rel=\"noopener\">\u00a1Somos escenario de pr\u00e1ctica cl\u00ednica!<\/a><\/p>\n<p>Felicitaciones a la gesti\u00f3n intersectorial de la Unidad de servicios Psicol\u00f3gicos<br \/>\n<a href=\"https:\/\/www.ucatolica.edu.co\/portal\/felicitaciones-a-la-gestion-intersectorial-de-la-unidad-de-servicios-psicologicos\/\" target=\"_blank\" rel=\"noopener\">Ver m\u00e1s&nbsp; &nbsp;<\/a><\/p>\n<p>Horarios de recepci\u00f3n de llamadas:<br \/>\n8:00 am 5:00 pm<\/p>\n<h5>Servicio a la Comunidad de la Facultad de Psicolog\u00eda<\/h5>\n<p class=\"cont\">Calle 48 N\u00b0 15 \u2013 71<br \/>\nTel\u00e9fonos: (601) 4433700 ext. 3351-3352<br \/>\n<a href=\"mailto:usp@ucatolica.edu.co\" target=\"_blank\" rel=\"noopener\">usp@ucatolica.edu.co<\/a><\/p>\n<p><!-- CONTENEDOR DOS PARA SIDEBAR --><\/p>\n<div id=\"contenido-dos\">\n<h2>Documentos de Inter\u00e9s<\/h2>\n<ul>\n<li class=\"btn-documentos\"><a href=\"https:\/\/www.ucatolica.edu.co\/portal\/wp-content\/uploads\/2022\/06\/directorio_centros_red_isuap.pdf\" target=\"_blank\" rel=\"noopener\">Directorio de Centros de Servicios de Atenci\u00f3n Psicol\u00f3gica<\/a><\/li>\n<\/ul>\n<\/div>\n","protected":false},"excerpt":{"rendered":"<p>Servicio a la Comunidad de la Facultad de Psicolog\u00eda La Unidad de Servicios Psicol\u00f3gicos es una dependencia de la Facultad de Psicolog\u00eda que ofrece asesor\u00eda integral mediante consulta individual, grupal, y familiar, promoviendo la calidad de vida de los consultantes y realizando un aporte social a la comunidad. Adem\u00e1s, desarrolla estrategias de capacitaci\u00f3n, para el [&hellip;]<\/p>\n","protected":false},"author":2,"featured_media":0,"parent":1114,"menu_order":0,"comment_status":"closed","ping_status":"closed","template":"page-oldstyle.php","meta":{"_acf_changed":false,"advgb_blocks_editor_width":"","advgb_blocks_columns_visual_guide":"","footnotes":""},"class_list":["post-1202","page","type-page","status-publish","hentry"],"acf":[],"yoast_head":"<!-- This site is optimized with the Yoast SEO plugin v26.7 - https:\/\/yoast.com\/wordpress\/plugins\/seo\/ -->\n<title>Servicios Psicol\u00f3gicos - Universidad Cat\u00f3lica De Colombia<\/title>\n<meta name=\"robots\" content=\"index, follow, max-snippet:-1, max-image-preview:large, max-video-preview:-1\" \/>\n<link rel=\"canonical\" href=\"https:\/\/www.ucatolica.edu.co\/portal\/servicios-comunitarios\/servicios-psicologicos\/\" \/>\n<meta property=\"og:locale\" content=\"es_ES\" \/>\n<meta property=\"og:type\" content=\"article\" \/>\n<meta property=\"og:title\" content=\"Servicios Psicol\u00f3gicos - Universidad Cat\u00f3lica De Colombia\" \/>\n<meta property=\"og:description\" content=\"Servicio a la Comunidad de la Facultad de Psicolog\u00eda La Unidad de Servicios Psicol\u00f3gicos es una dependencia de la Facultad de Psicolog\u00eda que ofrece asesor\u00eda integral mediante consulta individual, grupal, y familiar, promoviendo la calidad de vida de los consultantes y realizando un aporte social a la comunidad. Adem\u00e1s, desarrolla estrategias de capacitaci\u00f3n, para el [&hellip;]\" \/>\n<meta property=\"og:url\" content=\"https:\/\/www.ucatolica.edu.co\/portal\/servicios-comunitarios\/servicios-psicologicos\/\" \/>\n<meta property=\"og:site_name\" content=\"Universidad Cat\u00f3lica De Colombia\" \/>\n<meta property=\"article:publisher\" content=\"https:\/\/www.facebook.com\/ucatolicacolombia\" \/>\n<meta property=\"article:modified_time\" content=\"2022-06-19T16:05:52+00:00\" \/>\n<meta property=\"og:image\" content=\"https:\/\/www.ucatolica.edu.co\/portal\/wp-content\/uploads\/2022\/01\/acceder-usp.jpeg\" \/>\n<meta name=\"twitter:card\" content=\"summary_large_image\" \/>\n<meta name=\"twitter:site\" content=\"@UCatolicaCol\" \/>\n<meta name=\"twitter:label1\" content=\"Tiempo de lectura\" \/>\n\t<meta name=\"twitter:data1\" content=\"5 minutos\" \/>\n<script type=\"application\/ld+json\" class=\"yoast-schema-graph\">{\"@context\":\"https:\/\/schema.org\",\"@graph\":[{\"@type\":\"WebPage\",\"@id\":\"https:\/\/www.ucatolica.edu.co\/portal\/servicios-comunitarios\/servicios-psicologicos\/\",\"url\":\"https:\/\/www.ucatolica.edu.co\/portal\/servicios-comunitarios\/servicios-psicologicos\/\",\"name\":\"Servicios Psicol\u00f3gicos - Universidad Cat\u00f3lica De Colombia\",\"isPartOf\":{\"@id\":\"https:\/\/www.ucatolica.edu.co\/portal\/#website\"},\"primaryImageOfPage\":{\"@id\":\"https:\/\/www.ucatolica.edu.co\/portal\/servicios-comunitarios\/servicios-psicologicos\/#primaryimage\"},\"image\":{\"@id\":\"https:\/\/www.ucatolica.edu.co\/portal\/servicios-comunitarios\/servicios-psicologicos\/#primaryimage\"},\"thumbnailUrl\":\"https:\/\/www.ucatolica.edu.co\/portal\/wp-content\/uploads\/2022\/01\/acceder-usp.jpeg\",\"datePublished\":\"2018-09-13T13:37:07+00:00\",\"dateModified\":\"2022-06-19T16:05:52+00:00\",\"breadcrumb\":{\"@id\":\"https:\/\/www.ucatolica.edu.co\/portal\/servicios-comunitarios\/servicios-psicologicos\/#breadcrumb\"},\"inLanguage\":\"es-CO\",\"potentialAction\":[{\"@type\":\"ReadAction\",\"target\":[\"https:\/\/www.ucatolica.edu.co\/portal\/servicios-comunitarios\/servicios-psicologicos\/\"]}]},{\"@type\":\"ImageObject\",\"inLanguage\":\"es-CO\",\"@id\":\"https:\/\/www.ucatolica.edu.co\/portal\/servicios-comunitarios\/servicios-psicologicos\/#primaryimage\",\"url\":\"https:\/\/www.ucatolica.edu.co\/portal\/wp-content\/uploads\/2022\/01\/acceder-usp.jpeg\",\"contentUrl\":\"https:\/\/www.ucatolica.edu.co\/portal\/wp-content\/uploads\/2022\/01\/acceder-usp.jpeg\",\"width\":870,\"height\":522},{\"@type\":\"BreadcrumbList\",\"@id\":\"https:\/\/www.ucatolica.edu.co\/portal\/servicios-comunitarios\/servicios-psicologicos\/#breadcrumb\",\"itemListElement\":[{\"@type\":\"ListItem\",\"position\":1,\"name\":\"Inicio\",\"item\":\"https:\/\/www.ucatolica.edu.co\/portal\/\"},{\"@type\":\"ListItem\",\"position\":2,\"name\":\"Servicios Comunitarios\",\"item\":\"https:\/\/www.ucatolica.edu.co\/portal\/servicios-comunitarios\/\"},{\"@type\":\"ListItem\",\"position\":3,\"name\":\"Servicios Psicol\u00f3gicos\"}]},{\"@type\":\"WebSite\",\"@id\":\"https:\/\/www.ucatolica.edu.co\/portal\/#website\",\"url\":\"https:\/\/www.ucatolica.edu.co\/portal\/\",\"name\":\"Universidad Cat\u00f3lica De Colombia\",\"description\":\"Universidad Cat\u00f3lica De Colombia\",\"publisher\":{\"@id\":\"https:\/\/www.ucatolica.edu.co\/portal\/#organization\"},\"potentialAction\":[{\"@type\":\"SearchAction\",\"target\":{\"@type\":\"EntryPoint\",\"urlTemplate\":\"https:\/\/www.ucatolica.edu.co\/portal\/?s={search_term_string}\"},\"query-input\":{\"@type\":\"PropertyValueSpecification\",\"valueRequired\":true,\"valueName\":\"search_term_string\"}}],\"inLanguage\":\"es-CO\"},{\"@type\":\"Organization\",\"@id\":\"https:\/\/www.ucatolica.edu.co\/portal\/#organization\",\"name\":\"Universidad Cat\u00f3lica de Colombia\",\"url\":\"https:\/\/www.ucatolica.edu.co\/portal\/\",\"logo\":{\"@type\":\"ImageObject\",\"inLanguage\":\"es-CO\",\"@id\":\"https:\/\/www.ucatolica.edu.co\/portal\/#\/schema\/logo\/image\/\",\"url\":\"https:\/\/www.ucatolica.edu.co\/portal\/wp-content\/uploads\/2021\/06\/logo-header-ho-1.svg\",\"contentUrl\":\"https:\/\/www.ucatolica.edu.co\/portal\/wp-content\/uploads\/2021\/06\/logo-header-ho-1.svg\",\"width\":1,\"height\":1,\"caption\":\"Universidad Cat\u00f3lica de Colombia\"},\"image\":{\"@id\":\"https:\/\/www.ucatolica.edu.co\/portal\/#\/schema\/logo\/image\/\"},\"sameAs\":[\"https:\/\/www.facebook.com\/ucatolicacolombia\",\"https:\/\/x.com\/UCatolicaCol\",\"https:\/\/www.instagram.com\/universidadcatolicadecolombia\/\",\"https:\/\/www.linkedin.com\/company\/universidadcatolicadecolombia\/\",\"https:\/\/www.youtube.com\/user\/UCatolicaCo\"]}]}<\/script>\n<!-- \/ Yoast SEO plugin. -->","yoast_head_json":{"title":"Servicios Psicol\u00f3gicos - Universidad Cat\u00f3lica De Colombia","robots":{"index":"index","follow":"follow","max-snippet":"max-snippet:-1","max-image-preview":"max-image-preview:large","max-video-preview":"max-video-preview:-1"},"canonical":"https:\/\/www.ucatolica.edu.co\/portal\/servicios-comunitarios\/servicios-psicologicos\/","og_locale":"es_ES","og_type":"article","og_title":"Servicios Psicol\u00f3gicos - Universidad Cat\u00f3lica De Colombia","og_description":"Servicio a la Comunidad de la Facultad de Psicolog\u00eda La Unidad de Servicios Psicol\u00f3gicos es una dependencia de la Facultad de Psicolog\u00eda que ofrece asesor\u00eda integral mediante consulta individual, grupal, y familiar, promoviendo la calidad de vida de los consultantes y realizando un aporte social a la comunidad. Adem\u00e1s, desarrolla estrategias de capacitaci\u00f3n, para el [&hellip;]","og_url":"https:\/\/www.ucatolica.edu.co\/portal\/servicios-comunitarios\/servicios-psicologicos\/","og_site_name":"Universidad Cat\u00f3lica De Colombia","article_publisher":"https:\/\/www.facebook.com\/ucatolicacolombia","article_modified_time":"2022-06-19T16:05:52+00:00","og_image":[{"url":"https:\/\/www.ucatolica.edu.co\/portal\/wp-content\/uploads\/2022\/01\/acceder-usp.jpeg","type":"","width":"","height":""}],"twitter_card":"summary_large_image","twitter_site":"@UCatolicaCol","twitter_misc":{"Tiempo de lectura":"5 minutos"},"schema":{"@context":"https:\/\/schema.org","@graph":[{"@type":"WebPage","@id":"https:\/\/www.ucatolica.edu.co\/portal\/servicios-comunitarios\/servicios-psicologicos\/","url":"https:\/\/www.ucatolica.edu.co\/portal\/servicios-comunitarios\/servicios-psicologicos\/","name":"Servicios Psicol\u00f3gicos - Universidad Cat\u00f3lica De Colombia","isPartOf":{"@id":"https:\/\/www.ucatolica.edu.co\/portal\/#website"},"primaryImageOfPage":{"@id":"https:\/\/www.ucatolica.edu.co\/portal\/servicios-comunitarios\/servicios-psicologicos\/#primaryimage"},"image":{"@id":"https:\/\/www.ucatolica.edu.co\/portal\/servicios-comunitarios\/servicios-psicologicos\/#primaryimage"},"thumbnailUrl":"https:\/\/www.ucatolica.edu.co\/portal\/wp-content\/uploads\/2022\/01\/acceder-usp.jpeg","datePublished":"2018-09-13T13:37:07+00:00","dateModified":"2022-06-19T16:05:52+00:00","breadcrumb":{"@id":"https:\/\/www.ucatolica.edu.co\/portal\/servicios-comunitarios\/servicios-psicologicos\/#breadcrumb"},"inLanguage":"es-CO","potentialAction":[{"@type":"ReadAction","target":["https:\/\/www.ucatolica.edu.co\/portal\/servicios-comunitarios\/servicios-psicologicos\/"]}]},{"@type":"ImageObject","inLanguage":"es-CO","@id":"https:\/\/www.ucatolica.edu.co\/portal\/servicios-comunitarios\/servicios-psicologicos\/#primaryimage","url":"https:\/\/www.ucatolica.edu.co\/portal\/wp-content\/uploads\/2022\/01\/acceder-usp.jpeg","contentUrl":"https:\/\/www.ucatolica.edu.co\/portal\/wp-content\/uploads\/2022\/01\/acceder-usp.jpeg","width":870,"height":522},{"@type":"BreadcrumbList","@id":"https:\/\/www.ucatolica.edu.co\/portal\/servicios-comunitarios\/servicios-psicologicos\/#breadcrumb","itemListElement":[{"@type":"ListItem","position":1,"name":"Inicio","item":"https:\/\/www.ucatolica.edu.co\/portal\/"},{"@type":"ListItem","position":2,"name":"Servicios Comunitarios","item":"https:\/\/www.ucatolica.edu.co\/portal\/servicios-comunitarios\/"},{"@type":"ListItem","position":3,"name":"Servicios Psicol\u00f3gicos"}]},{"@type":"WebSite","@id":"https:\/\/www.ucatolica.edu.co\/portal\/#website","url":"https:\/\/www.ucatolica.edu.co\/portal\/","name":"Universidad Cat\u00f3lica De Colombia","description":"Universidad Cat\u00f3lica De Colombia","publisher":{"@id":"https:\/\/www.ucatolica.edu.co\/portal\/#organization"},"potentialAction":[{"@type":"SearchAction","target":{"@type":"EntryPoint","urlTemplate":"https:\/\/www.ucatolica.edu.co\/portal\/?s={search_term_string}"},"query-input":{"@type":"PropertyValueSpecification","valueRequired":true,"valueName":"search_term_string"}}],"inLanguage":"es-CO"},{"@type":"Organization","@id":"https:\/\/www.ucatolica.edu.co\/portal\/#organization","name":"Universidad Cat\u00f3lica de Colombia","url":"https:\/\/www.ucatolica.edu.co\/portal\/","logo":{"@type":"ImageObject","inLanguage":"es-CO","@id":"https:\/\/www.ucatolica.edu.co\/portal\/#\/schema\/logo\/image\/","url":"https:\/\/www.ucatolica.edu.co\/portal\/wp-content\/uploads\/2021\/06\/logo-header-ho-1.svg","contentUrl":"https:\/\/www.ucatolica.edu.co\/portal\/wp-content\/uploads\/2021\/06\/logo-header-ho-1.svg","width":1,"height":1,"caption":"Universidad Cat\u00f3lica de Colombia"},"image":{"@id":"https:\/\/www.ucatolica.edu.co\/portal\/#\/schema\/logo\/image\/"},"sameAs":["https:\/\/www.facebook.com\/ucatolicacolombia","https:\/\/x.com\/UCatolicaCol","https:\/\/www.instagram.com\/universidadcatolicadecolombia\/","https:\/\/www.linkedin.com\/company\/universidadcatolicadecolombia\/","https:\/\/www.youtube.com\/user\/UCatolicaCo"]}]}},"coauthors":[],"author_meta":{"author_link":"https:\/\/www.ucatolica.edu.co\/portal\/author\/carrnall\/","display_name":"Carlos Zea"},"relative_dates":{"created":"Posted 8 a\u00f1os ago","modified":"Updated 4 a\u00f1os ago"},"absolute_dates":{"created":"Posted on 13 septiembre, 2018","modified":"Updated on 19 junio, 2022"},"absolute_dates_time":{"created":"Posted on 13 septiembre, 2018 8:37 am","modified":"Updated on 19 junio, 2022 11:05 am"},"featured_img_caption":"","featured_img":false,"series_order":"","_links":{"self":[{"href":"https:\/\/www.ucatolica.edu.co\/portal\/wp-json\/wp\/v2\/pages\/1202","targetHints":{"allow":["GET"]}}],"collection":[{"href":"https:\/\/www.ucatolica.edu.co\/portal\/wp-json\/wp\/v2\/pages"}],"about":[{"href":"https:\/\/www.ucatolica.edu.co\/portal\/wp-json\/wp\/v2\/types\/page"}],"author":[{"embeddable":true,"href":"https:\/\/www.ucatolica.edu.co\/portal\/wp-json\/wp\/v2\/users\/2"}],"replies":[{"embeddable":true,"href":"https:\/\/www.ucatolica.edu.co\/portal\/wp-json\/wp\/v2\/comments?post=1202"}],"version-history":[{"count":18,"href":"https:\/\/www.ucatolica.edu.co\/portal\/wp-json\/wp\/v2\/pages\/1202\/revisions"}],"predecessor-version":[{"id":77075,"href":"https:\/\/www.ucatolica.edu.co\/portal\/wp-json\/wp\/v2\/pages\/1202\/revisions\/77075"}],"up":[{"embeddable":true,"href":"https:\/\/www.ucatolica.edu.co\/portal\/wp-json\/wp\/v2\/pages\/1114"}],"wp:attachment":[{"href":"https:\/\/www.ucatolica.edu.co\/portal\/wp-json\/wp\/v2\/media?parent=1202"}],"curies":[{"name":"wp","href":"https:\/\/api.w.org\/{rel}","templated":true}]}}