{"id":1249,"date":"2018-09-13T15:18:35","date_gmt":"2018-09-13T20:18:35","guid":{"rendered":"http:\/\/localhost:8888\/portal\/?page_id=1249"},"modified":"2018-09-13T15:18:35","modified_gmt":"2018-09-13T20:18:35","slug":"tips-para-una-carta-de-motivacion-exitosa","status":"publish","type":"page","link":"https:\/\/www.ucatolica.edu.co\/portal\/internacionalizacion\/tips-para-una-carta-de-motivacion-exitosa\/","title":{"rendered":"Tips para una carta de motivaci\u00f3n exitosa"},"content":{"rendered":"<h2>Tips para una carta de motivaci\u00f3n exitosa<\/h2>\n<p>&nbsp;<br \/>\nRealiza en la primera parte una breve introducci\u00f3n con tu nombre, edad, carrera. En una sola frase describe la raz\u00f3n por la cual escogiste este programa acad\u00e9mico y enuncia tu inter\u00e9s en participar en la Universidad de destino.<br \/>\nLuego empieza a enunciar aquellos eventos de tu pasado acad\u00e9mico que te destacaron como estudiante: por ejemplo si fuiste personero(a) de tu colegio, o si hiciste parte de alg\u00fan voluntariado o si ganaste o participaste en alg\u00fan evento o grupo cultural y\/o deportivo.<br \/>\nAborda m\u00e1s delante tu presente como estudiante: \u00bfqu\u00e9 te hace un candidato destacado para que la Universidad a la que estas aplicando te acepte? \u00bfQu\u00e9 cualidades tienes que te hacen un candidato \u00f3ptimo? Comenta tu desempe\u00f1o acad\u00e9mico, intereses, promedio, participaci\u00f3n en grupos de investigaci\u00f3n, culturales, deportivos u otras organizaciones estudiantiles.<br \/>\nEn m\u00e1ximo cuatro renglones explica por qu\u00e9 quieres realizar un semestre de tus estudios en esa universidad. Cu\u00e1les son los motivos que te llevan a aplicar a espec\u00edficamente esa Universidad y no a otra.<br \/>\nPara finalizar menciona c\u00f3mo esta oportunidad de internacionalizaci\u00f3n ayudar\u00eda en tu proyecto acad\u00e9mico y profesional a futuro. Menciona que aportes tendr\u00eda para tu vida el hecho de estudiar un periodo acad\u00e9mico en esa universidad.<br \/>\nNo olvides mencionar que tu intenci\u00f3n es aplicar los conocimientos adquiridos durante el intercambio al regresar a Colombia.<\/p>\n<h3>Tenga en cuenta los siguientes aspectos<\/h3>\n<ol class=\"list-inside\">\n<li>Escribe m\u00e1ximo una p\u00e1gina.<\/li>\n<li>Maneja a lo largo del texto un tono agradable y respetuoso.<\/li>\n<li>Recuerda siempre ponerle una fecha a tu carta.<\/li>\n<li>Como \u00e9sta es una carta de tu autor\u00eda, recuerda siempre firmarla al final. Puedes digitalizar tu firma y ponerla en la carta o imprimir tu carta y luego firmarla.<\/li>\n<li>Revisa muy bien la ortograf\u00eda y redacci\u00f3n de tu carta, estos aspectos hablan mucho de la calidad acad\u00e9mica del estudiante.<\/li>\n<li>Es muy \u00fatil que pidas a un profesor de tu confianza o a tu asesor de internacionalizaci\u00f3n que lea tu borrador final para que te retroalimente.<\/li>\n<li>Recuerda alinear la presentaci\u00f3n, justificar los p\u00e1rrafos, revisar m\u00e1rgenes y espacios entre p\u00e1rrafos.<\/li>\n<li>Presenta una carta impecable, sin dobleces, manchas o tachones.<\/li>\n<\/ol>\n<p>&nbsp;<br \/>\n<!-- Datos de contacto --><\/p>\n<h5 class=\"eip\">Oficina de Relaciones Internacionales e Interinstitucionales<\/h5>\n<p class=\"cont\">Diagonal 46 A # 15 B \u2013 10, sede Claustro<br \/>\nTel\u00e9fono: (601) 4433700 Ext. 3280, 3281 y 3283<br \/>\nrelacionesinternacionales@ucatolica.edu.co<\/p>\n","protected":false},"excerpt":{"rendered":"<p>Tips para una carta de motivaci\u00f3n exitosa &nbsp; Realiza en la primera parte una breve introducci\u00f3n con tu nombre, edad, carrera. En una sola frase describe la raz\u00f3n por la cual escogiste este programa acad\u00e9mico y enuncia tu inter\u00e9s en participar en la Universidad de destino. Luego empieza a enunciar aquellos eventos de tu pasado [&hellip;]<\/p>\n","protected":false},"author":2,"featured_media":0,"parent":899,"menu_order":0,"comment_status":"closed","ping_status":"closed","template":"page-oldstyle.php","meta":{"_acf_changed":false,"advgb_blocks_editor_width":"","advgb_blocks_columns_visual_guide":"","footnotes":""},"class_list":["post-1249","page","type-page","status-publish","hentry"],"acf":[],"yoast_head":"<!-- This site is optimized with the Yoast SEO plugin v26.7 - https:\/\/yoast.com\/wordpress\/plugins\/seo\/ -->\n<title>Tips para una carta de motivaci\u00f3n exitosa - Universidad Cat\u00f3lica De Colombia<\/title>\n<meta name=\"robots\" content=\"index, follow, max-snippet:-1, max-image-preview:large, max-video-preview:-1\" \/>\n<link rel=\"canonical\" href=\"https:\/\/www.ucatolica.edu.co\/portal\/internacionalizacion\/tips-para-una-carta-de-motivacion-exitosa\/\" \/>\n<meta property=\"og:locale\" content=\"es_ES\" \/>\n<meta property=\"og:type\" content=\"article\" \/>\n<meta property=\"og:title\" content=\"Tips para una carta de motivaci\u00f3n exitosa - Universidad Cat\u00f3lica De Colombia\" \/>\n<meta property=\"og:description\" content=\"Tips para una carta de motivaci\u00f3n exitosa &nbsp; Realiza en la primera parte una breve introducci\u00f3n con tu nombre, edad, carrera. En una sola frase describe la raz\u00f3n por la cual escogiste este programa acad\u00e9mico y enuncia tu inter\u00e9s en participar en la Universidad de destino. Luego empieza a enunciar aquellos eventos de tu pasado [&hellip;]\" \/>\n<meta property=\"og:url\" content=\"https:\/\/www.ucatolica.edu.co\/portal\/internacionalizacion\/tips-para-una-carta-de-motivacion-exitosa\/\" \/>\n<meta property=\"og:site_name\" content=\"Universidad Cat\u00f3lica De Colombia\" \/>\n<meta property=\"article:publisher\" content=\"https:\/\/www.facebook.com\/ucatolicacolombia\" \/>\n<meta name=\"twitter:card\" content=\"summary_large_image\" \/>\n<meta name=\"twitter:site\" content=\"@UCatolicaCol\" \/>\n<meta name=\"twitter:label1\" content=\"Tiempo de lectura\" \/>\n\t<meta name=\"twitter:data1\" content=\"2 minutos\" \/>\n<script type=\"application\/ld+json\" class=\"yoast-schema-graph\">{\"@context\":\"https:\/\/schema.org\",\"@graph\":[{\"@type\":\"WebPage\",\"@id\":\"https:\/\/www.ucatolica.edu.co\/portal\/internacionalizacion\/tips-para-una-carta-de-motivacion-exitosa\/\",\"url\":\"https:\/\/www.ucatolica.edu.co\/portal\/internacionalizacion\/tips-para-una-carta-de-motivacion-exitosa\/\",\"name\":\"Tips para una carta de motivaci\u00f3n exitosa - Universidad Cat\u00f3lica De Colombia\",\"isPartOf\":{\"@id\":\"https:\/\/www.ucatolica.edu.co\/portal\/#website\"},\"datePublished\":\"2018-09-13T20:18:35+00:00\",\"breadcrumb\":{\"@id\":\"https:\/\/www.ucatolica.edu.co\/portal\/internacionalizacion\/tips-para-una-carta-de-motivacion-exitosa\/#breadcrumb\"},\"inLanguage\":\"es-CO\",\"potentialAction\":[{\"@type\":\"ReadAction\",\"target\":[\"https:\/\/www.ucatolica.edu.co\/portal\/internacionalizacion\/tips-para-una-carta-de-motivacion-exitosa\/\"]}]},{\"@type\":\"BreadcrumbList\",\"@id\":\"https:\/\/www.ucatolica.edu.co\/portal\/internacionalizacion\/tips-para-una-carta-de-motivacion-exitosa\/#breadcrumb\",\"itemListElement\":[{\"@type\":\"ListItem\",\"position\":1,\"name\":\"Inicio\",\"item\":\"https:\/\/www.ucatolica.edu.co\/portal\/\"},{\"@type\":\"ListItem\",\"position\":2,\"name\":\"Internacionalizaci\u00f3n\",\"item\":\"https:\/\/www.ucatolica.edu.co\/portal\/internacionalizacion\/\"},{\"@type\":\"ListItem\",\"position\":3,\"name\":\"Tips para una carta de motivaci\u00f3n exitosa\"}]},{\"@type\":\"WebSite\",\"@id\":\"https:\/\/www.ucatolica.edu.co\/portal\/#website\",\"url\":\"https:\/\/www.ucatolica.edu.co\/portal\/\",\"name\":\"Universidad Cat\u00f3lica De Colombia\",\"description\":\"Universidad Cat\u00f3lica De Colombia\",\"publisher\":{\"@id\":\"https:\/\/www.ucatolica.edu.co\/portal\/#organization\"},\"potentialAction\":[{\"@type\":\"SearchAction\",\"target\":{\"@type\":\"EntryPoint\",\"urlTemplate\":\"https:\/\/www.ucatolica.edu.co\/portal\/?s={search_term_string}\"},\"query-input\":{\"@type\":\"PropertyValueSpecification\",\"valueRequired\":true,\"valueName\":\"search_term_string\"}}],\"inLanguage\":\"es-CO\"},{\"@type\":\"Organization\",\"@id\":\"https:\/\/www.ucatolica.edu.co\/portal\/#organization\",\"name\":\"Universidad Cat\u00f3lica de Colombia\",\"url\":\"https:\/\/www.ucatolica.edu.co\/portal\/\",\"logo\":{\"@type\":\"ImageObject\",\"inLanguage\":\"es-CO\",\"@id\":\"https:\/\/www.ucatolica.edu.co\/portal\/#\/schema\/logo\/image\/\",\"url\":\"https:\/\/www.ucatolica.edu.co\/portal\/wp-content\/uploads\/2021\/06\/logo-header-ho-1.svg\",\"contentUrl\":\"https:\/\/www.ucatolica.edu.co\/portal\/wp-content\/uploads\/2021\/06\/logo-header-ho-1.svg\",\"width\":1,\"height\":1,\"caption\":\"Universidad Cat\u00f3lica de Colombia\"},\"image\":{\"@id\":\"https:\/\/www.ucatolica.edu.co\/portal\/#\/schema\/logo\/image\/\"},\"sameAs\":[\"https:\/\/www.facebook.com\/ucatolicacolombia\",\"https:\/\/x.com\/UCatolicaCol\",\"https:\/\/www.instagram.com\/universidadcatolicadecolombia\/\",\"https:\/\/www.linkedin.com\/company\/universidadcatolicadecolombia\/\",\"https:\/\/www.youtube.com\/user\/UCatolicaCo\"]}]}<\/script>\n<!-- \/ Yoast SEO plugin. -->","yoast_head_json":{"title":"Tips para una carta de motivaci\u00f3n exitosa - Universidad Cat\u00f3lica De Colombia","robots":{"index":"index","follow":"follow","max-snippet":"max-snippet:-1","max-image-preview":"max-image-preview:large","max-video-preview":"max-video-preview:-1"},"canonical":"https:\/\/www.ucatolica.edu.co\/portal\/internacionalizacion\/tips-para-una-carta-de-motivacion-exitosa\/","og_locale":"es_ES","og_type":"article","og_title":"Tips para una carta de motivaci\u00f3n exitosa - Universidad Cat\u00f3lica De Colombia","og_description":"Tips para una carta de motivaci\u00f3n exitosa &nbsp; Realiza en la primera parte una breve introducci\u00f3n con tu nombre, edad, carrera. En una sola frase describe la raz\u00f3n por la cual escogiste este programa acad\u00e9mico y enuncia tu inter\u00e9s en participar en la Universidad de destino. Luego empieza a enunciar aquellos eventos de tu pasado [&hellip;]","og_url":"https:\/\/www.ucatolica.edu.co\/portal\/internacionalizacion\/tips-para-una-carta-de-motivacion-exitosa\/","og_site_name":"Universidad Cat\u00f3lica De Colombia","article_publisher":"https:\/\/www.facebook.com\/ucatolicacolombia","twitter_card":"summary_large_image","twitter_site":"@UCatolicaCol","twitter_misc":{"Tiempo de lectura":"2 minutos"},"schema":{"@context":"https:\/\/schema.org","@graph":[{"@type":"WebPage","@id":"https:\/\/www.ucatolica.edu.co\/portal\/internacionalizacion\/tips-para-una-carta-de-motivacion-exitosa\/","url":"https:\/\/www.ucatolica.edu.co\/portal\/internacionalizacion\/tips-para-una-carta-de-motivacion-exitosa\/","name":"Tips para una carta de motivaci\u00f3n exitosa - Universidad Cat\u00f3lica De Colombia","isPartOf":{"@id":"https:\/\/www.ucatolica.edu.co\/portal\/#website"},"datePublished":"2018-09-13T20:18:35+00:00","breadcrumb":{"@id":"https:\/\/www.ucatolica.edu.co\/portal\/internacionalizacion\/tips-para-una-carta-de-motivacion-exitosa\/#breadcrumb"},"inLanguage":"es-CO","potentialAction":[{"@type":"ReadAction","target":["https:\/\/www.ucatolica.edu.co\/portal\/internacionalizacion\/tips-para-una-carta-de-motivacion-exitosa\/"]}]},{"@type":"BreadcrumbList","@id":"https:\/\/www.ucatolica.edu.co\/portal\/internacionalizacion\/tips-para-una-carta-de-motivacion-exitosa\/#breadcrumb","itemListElement":[{"@type":"ListItem","position":1,"name":"Inicio","item":"https:\/\/www.ucatolica.edu.co\/portal\/"},{"@type":"ListItem","position":2,"name":"Internacionalizaci\u00f3n","item":"https:\/\/www.ucatolica.edu.co\/portal\/internacionalizacion\/"},{"@type":"ListItem","position":3,"name":"Tips para una carta de motivaci\u00f3n exitosa"}]},{"@type":"WebSite","@id":"https:\/\/www.ucatolica.edu.co\/portal\/#website","url":"https:\/\/www.ucatolica.edu.co\/portal\/","name":"Universidad Cat\u00f3lica De Colombia","description":"Universidad Cat\u00f3lica De Colombia","publisher":{"@id":"https:\/\/www.ucatolica.edu.co\/portal\/#organization"},"potentialAction":[{"@type":"SearchAction","target":{"@type":"EntryPoint","urlTemplate":"https:\/\/www.ucatolica.edu.co\/portal\/?s={search_term_string}"},"query-input":{"@type":"PropertyValueSpecification","valueRequired":true,"valueName":"search_term_string"}}],"inLanguage":"es-CO"},{"@type":"Organization","@id":"https:\/\/www.ucatolica.edu.co\/portal\/#organization","name":"Universidad Cat\u00f3lica de Colombia","url":"https:\/\/www.ucatolica.edu.co\/portal\/","logo":{"@type":"ImageObject","inLanguage":"es-CO","@id":"https:\/\/www.ucatolica.edu.co\/portal\/#\/schema\/logo\/image\/","url":"https:\/\/www.ucatolica.edu.co\/portal\/wp-content\/uploads\/2021\/06\/logo-header-ho-1.svg","contentUrl":"https:\/\/www.ucatolica.edu.co\/portal\/wp-content\/uploads\/2021\/06\/logo-header-ho-1.svg","width":1,"height":1,"caption":"Universidad Cat\u00f3lica de Colombia"},"image":{"@id":"https:\/\/www.ucatolica.edu.co\/portal\/#\/schema\/logo\/image\/"},"sameAs":["https:\/\/www.facebook.com\/ucatolicacolombia","https:\/\/x.com\/UCatolicaCol","https:\/\/www.instagram.com\/universidadcatolicadecolombia\/","https:\/\/www.linkedin.com\/company\/universidadcatolicadecolombia\/","https:\/\/www.youtube.com\/user\/UCatolicaCo"]}]}},"coauthors":[],"author_meta":{"author_link":"https:\/\/www.ucatolica.edu.co\/portal\/author\/carrnall\/","display_name":"Carlos Zea"},"relative_dates":{"created":"Posted 8 a\u00f1os ago","modified":"Updated 8 a\u00f1os ago"},"absolute_dates":{"created":"Posted on 13 septiembre, 2018","modified":"Updated on 13 septiembre, 2018"},"absolute_dates_time":{"created":"Posted on 13 septiembre, 2018 3:18 pm","modified":"Updated on 13 septiembre, 2018 3:18 pm"},"featured_img_caption":"","featured_img":false,"series_order":"","_links":{"self":[{"href":"https:\/\/www.ucatolica.edu.co\/portal\/wp-json\/wp\/v2\/pages\/1249","targetHints":{"allow":["GET"]}}],"collection":[{"href":"https:\/\/www.ucatolica.edu.co\/portal\/wp-json\/wp\/v2\/pages"}],"about":[{"href":"https:\/\/www.ucatolica.edu.co\/portal\/wp-json\/wp\/v2\/types\/page"}],"author":[{"embeddable":true,"href":"https:\/\/www.ucatolica.edu.co\/portal\/wp-json\/wp\/v2\/users\/2"}],"replies":[{"embeddable":true,"href":"https:\/\/www.ucatolica.edu.co\/portal\/wp-json\/wp\/v2\/comments?post=1249"}],"version-history":[{"count":0,"href":"https:\/\/www.ucatolica.edu.co\/portal\/wp-json\/wp\/v2\/pages\/1249\/revisions"}],"up":[{"embeddable":true,"href":"https:\/\/www.ucatolica.edu.co\/portal\/wp-json\/wp\/v2\/pages\/899"}],"wp:attachment":[{"href":"https:\/\/www.ucatolica.edu.co\/portal\/wp-json\/wp\/v2\/media?parent=1249"}],"curies":[{"name":"wp","href":"https:\/\/api.w.org\/{rel}","templated":true}]}}