{"id":136,"date":"2018-08-17T15:09:35","date_gmt":"2018-08-17T15:09:35","guid":{"rendered":"http:\/\/localhost:8888\/portal\/?page_id=136"},"modified":"2018-08-17T15:09:35","modified_gmt":"2018-08-17T15:09:35","slug":"informacion-institucional","status":"publish","type":"page","link":"https:\/\/www.ucatolica.edu.co\/portal\/nuestra-universidad\/informacion-institucional\/","title":{"rendered":"Informaci\u00f3n Institucional"},"content":{"rendered":"<h1>Informaci\u00f3n Institucional<\/h1>\n<p>\u201cLa Universidad Cat\u00f3lica de Colombia, es por esencia y definici\u00f3n una Instituci\u00f3n fundada en los principios de la doctrina de Cristo. Tendr\u00e1 la Universidad como maestra y cabal int\u00e9rprete de su doctrina, a la Iglesia Cat\u00f3lica, de la cual se declara su adicta y fiel colaboradora en la ense\u00f1anza de la verdad y de las ciencias al servicio del hombre y de los intereses de la comunidad\u201d. Declaraci\u00f3n de Principios y Estatutos de la Universidad Cat\u00f3lica de Colombia, 1970.<br \/>\nLa Universidad est\u00e1 comprometida con el desarrollo del conocimiento y con el avance de las ciencias y las profesiones. Como Instituci\u00f3n Cat\u00f3lica, reconoce a la Iglesia Cat\u00f3lica como int\u00e9rprete leg\u00edtima de la doctrina de Cristo. Su misi\u00f3n educativa tiene como centro la persona humana, en cuanto criatura hecha por Dios, a su imagen y semejanza. Los profesores ostentan altas calidades acad\u00e9micas, profesionales y personales. En el aspecto acad\u00e9mico, se cuenta con programas de pregrado, especializaci\u00f3n, maestr\u00eda y doctorado consolidados. Los programas tienen trayectoria acad\u00e9mica y son reconocidos en el \u00e1mbito nacional e internacional.<\/p>\n<div id=\"accordion\" class=\"panel-group\">\n<div class=\"panel panel-default\">\n<div id=\"headingOne\" class=\"panel-heading\">\n<h3 class=\"panel-title\"><a href=\"#collapseOne\" data-toggle=\"collapse\" data-parent=\"#accordion\">Misi\u00f3n y Visi\u00f3n<\/a><\/h3>\n<\/div>\n<div id=\"collapseOne\" class=\"panel-collapse collapse\">\n<div class=\"panel-body\">\n<h3>Misi\u00f3n<\/h3>\n<p>Conforme con su fundamento y sus principios, la Universidad Cat\u00f3lica de Colombia centra su misi\u00f3n en la persona. Para ello:<\/p>\n<ul class=\"list-inside\">\n<li>Desde su naturaleza intelectual, su riqueza doctrinal y en uso de la autonom\u00eda del saber, genera su propio acto educativo.<\/li>\n<li>Concibe la educaci\u00f3n como un acto de la inteligencia y la libertad de la persona, esto es, un acto moral por excelencia, mediante el cual el ser humano asume con pleno conocimiento, la responsabilidad de su vida y la correspon- sabilidad con el entorno como expresiones de su dignidad personal.<\/li>\n<li>Propicia en su comunidad la formaci\u00f3n en la virtud de la studiositas, para aprender a pensar, fomentar la creatividad y la innovaci\u00f3n, as\u00ed como adquirir conocimientos, destrezas y habilidades.<\/li>\n<li>Se presenta ante el mundo como una opci\u00f3n renovadora y trascendente para el hombre.<\/li>\n<\/ul>\n<p>Para cumplir su misi\u00f3n, la Universidad Cat\u00f3lica de Colombia asume los siguientes compromisos:<\/p>\n<ul class=\"list-inside\">\n<li>Fomentar la vida intelectual, mediante actividades curriculares que contribuyan a promoverla.<\/li>\n<li>Propender por la adquisici\u00f3n del h\u00e1bito del estudio en su comunidad acad\u00e9mica, de manera que permita ejercer a plenitud la capacidad del pensamiento humano.<\/li>\n<li>Estimular la generaci\u00f3n de nuevas ideas por medio del trabajo colaborativo.<\/li>\n<li>Resaltar que la educaci\u00f3n en la Universidad es, ante todo, un acto humano, del cual las personas son responsables.<\/li>\n<li>Honrar la dignidad de la persona humana, a partir del reconocimiento de su identidad y autonom\u00eda respetuosa y responsable.<\/li>\n<li>Propiciar la realizaci\u00f3n de las aspiraciones de las personas y la sociedad, consecuentes con su dignidad.<\/li>\n<li>Asumir a la persona humana como origen de sus propias acciones y no como resultado del medio.<\/li>\n<li>Reconocer al saber y al conocimiento como patrimonios universales de las universidades.<\/li>\n<li>Estudiar, analizar, sensibilizar y formular propuestas frente a las condiciones culturales, pol\u00edticas, econ\u00f3micas y sociales locales, regionales, nacionales e internacionales.<\/li>\n<li>Difundir los principios de la doctrina cat\u00f3lica y la ense\u00f1anza social de la Iglesia.<\/li>\n<li>Ofrecer las condiciones intelectuales que permitan a la persona una opci\u00f3n libre por Dios, de modo que pueda dar raz\u00f3n de su fe.<\/li>\n<\/ul>\n<h3>Visi\u00f3n<\/h3>\n<p>Como resultado de los postulados expuestos, la Universidad Cat\u00f3lica de Colombia se proyecta con la siguiente visi\u00f3n:<br \/>\nSer reconocida como una instituci\u00f3n que forma a sus estudiantes con una alta consciencia de responsabilidad consigo mismo y con la sociedad, incorporando en su formaci\u00f3n la dimensi\u00f3n espiritual humana e interactuando con la sociedad a trav\u00e9s de sus estudiantes, docentes y resultados acad\u00e9micos.<br \/>\nLa Universidad formula peri\u00f3dicamente sus planes de desarrollo, con los cuales se aproxima hacia la visi\u00f3n institucional, en cumplimiento de su proyecto educativo.\n<\/p><\/div>\n<\/div>\n<\/div>\n<div class=\"panel panel-default\">\n<div id=\"headingTwo\" class=\"panel-heading\">\n<h3 class=\"panel-title\"><a class=\"collapsed\" href=\"#collapseTwo\" data-toggle=\"collapse\" data-parent=\"#accordion\">\u00bfQui\u00e9nes somos?<\/a><\/h3>\n<\/div>\n<div id=\"collapseTwo\" class=\"panel-collapse collapse\">\n<div class=\"panel-body\">\nLa Universidad Cat\u00f3lica de Colombia es una instituci\u00f3n de educaci\u00f3n superior sujeta a inspecci\u00f3n y vigilancia por el Ministerio de Educaci\u00f3n Nacional, reconocida mediante la Resoluci\u00f3n 2271 del 7 de julio de 1970 del Ministerio de Justicia.<br \/>\nEs, por esencia y definici\u00f3n, una Universidad que con sus principios centra su misi\u00f3n en la persona, para lo cual, desde su naturaleza intelectual y su riqueza doctrinal, genera su propio acto educativo.<br \/>\nLa Universidad Cat\u00f3lica de Colombia concibe la educaci\u00f3n como un acto de la inteligencia y la libertad de la persona y, por lo tanto, de naturaleza moral. Se presenta ante el mundo como origen de acciones intelectuales y libres y desarrolla en su comunidad la virtud de la studiositas, para que se aprenda a pensar y se fomente as\u00ed la potencia creativa e innovadora, adem\u00e1s de la adquisici\u00f3n de conocimientos, destrezas y habilidades.<br \/>\nLa Universidad contribuye a la dignificaci\u00f3n de la persona humana y al desarrollo equitativo en lo social, sostenible en lo econ\u00f3mico y sustentable en lo ecol\u00f3gico, a trav\u00e9s del estudio, an\u00e1lisis y ofrecimiento de propuestas que ayuden a construir una realidad cultural, pol\u00edtica, econ\u00f3mica y socialmente m\u00e1s justa.\n<\/div>\n<\/div>\n<\/div>\n<div class=\"panel panel-default\">\n<div id=\"headingcuatro\" class=\"panel-heading\">\n<h3 class=\"panel-title\"><a class=\"collapsed\" href=\"#collapsecuatro\" data-toggle=\"collapse\" data-parent=\"#accordion\">Rese\u00f1a Hist\u00f3rica<\/a><\/h3>\n<\/div>\n<div id=\"collapsecuatro\" class=\"panel-collapse collapse\">\n<div class=\"panel-body\">\n<div class=\"video-contenidos\"><iframe src=\"https:\/\/www.youtube.com\/embed\/sfPbnT0TciU\" frameborder=\"0\" allowfullscreen=\"allowfullscreen\"><\/iframe><\/div>\n<p>El sistema de educaci\u00f3n superior de Colombia ya estaba abierto a los diversos proyectos educativos y respaldaba la autonom\u00eda bajo la direcci\u00f3n y supervisi\u00f3n del Estado, cuando en marzo de 1970, por iniciativa propia, un grupo de laicos al servicio del catolicismo fundaron la Universidad Cat\u00f3lica de Colombia: Humberto \u00c1lvarez Rico, Alfonso Arango Henao, Olmedo Bedoya Piedrah\u00edta, Lorenzo Botero Jaramillo, \u00c1lvaro Le\u00f3n Cajiao Bola\u00f1os, Aristides Castillo Castillo, Carlos Delgado Fern\u00e1ndez, Hern\u00e1n Garc\u00eda Piedrah\u00edta, Gilberto Giraldo Herrera, \u00c9dgar G\u00f3mez Betancourt (actual Presidente), \u00c1lvaro G\u00f3mez Hurtado, Henry Henao Jaramillo, Aurelio Manotas Morales, Juan Manuel Pach\u00f3n Rubiano, \u00c1ngel Mar\u00eda Quintero Hern\u00e1ndez, Emigdio Rinc\u00f3n G\u00f3mez, Pedro Felipe Valencia y Jorge Vives Abello.<br \/>\nInicialmente nuestra Universidad oper\u00f3 con el nombre de Fundaci\u00f3n Educacional Interamericana Cat\u00f3lica de Colombia, y comenz\u00f3 clases el 2 de abril de 1970 con 226 estudiantes. Entre 1974 y 1979 las solicitudes pasaron de 1.109 a 4.970. As\u00ed mismo, las matr\u00edculas de primer curso ascendieron de 749 a 1604, y las matr\u00edculas totales se incrementaron de 749 a 6.949. As\u00ed, completada su primera d\u00e9cada de existencia, la ya contaba con 1.333 egresados y 511 graduandos de las diferentes carreras.<br \/>\nEn 1983, el Gobierno Nacional le otorg\u00f3 el reconocimiento como universidad, mediante Resoluci\u00f3n 15647 del Ministerio de Educaci\u00f3n Nacional.<br \/>\nEn el a\u00f1o 2015, la Universidad Cat\u00f3lica de Colombia cuenta con aproximadamente 10.000 estudiantes de pregrado y 1.200 estudiantes de especializaciones y maestr\u00edas. A lo largo de sus 45 a\u00f1os, la Universidad ha otorgado cerca de 40.000 t\u00edtulos de pregrado y 15.000 de posgrado.<br \/>\nDesde su creaci\u00f3n, la Universidad Cat\u00f3lica ha venido consolidando sus programas mediante el fortalecimiento de la docencia, la investigaci\u00f3n y la extensi\u00f3n, bajo la direcci\u00f3n de quienes se han desempe\u00f1ado como rectores:<\/p>\n<ul>\n<li>Alfonso Arango Henao (1970-1974)<\/li>\n<li>Emigdio Rinc\u00f3n G\u00f3mez (1975-1984)<\/li>\n<li>Gilberto Giraldo Herrera (1985-junio de 1989)<\/li>\n<li>\u00c9dgar G\u00f3mez Betancourt (julio de 1989-junio de 1994)<\/li>\n<li>Jorge Yarce Maya (julio de 1994-septiembre de 1994)<\/li>\n<li>Juan Manuel Pach\u00f3n Rubiano (octubre de 1995-junio de 1998)<\/li>\n<li>Jorge Leyva Dur\u00e1n (julio de 1998-marzo de 2000)<\/li>\n<li>Guillermo Francisco Reyes Gonz\u00e1lez (abril de 2000-agosto de 2001)<\/li>\n<li>Edwin de Jes\u00fas Horta V\u00e1squez (agosto de 2001-septiembre de 2007)<\/li>\n<li>Francisco Jos\u00e9 G\u00f3mez Ortiz (septiembre de 2007-actualmente)<\/li>\n<\/ul>\n<p>La Universidad comenz\u00f3 con los programas de Derecho, Ingenier\u00eda Civil, Ingenier\u00eda Industrial, Ingenier\u00eda El\u00e9ctrica, Arquitectura, Ciencias Econ\u00f3micas y Ciencias de la Educaci\u00f3n, que posteriormente se cambi\u00f3 por Psicolog\u00eda.<br \/>\nEn 1985 se fund\u00f3 la Facultad de Ingenier\u00eda de Sistemas y en 1995 se aprob\u00f3 la Facultad de Ingenier\u00eda Electr\u00f3nica y Telecomunicaciones. Sin embargo, posteriormente los programas de Ingenier\u00eda se unificaron en una sola facultad.<br \/>\nEn 1984, la Universidad cre\u00f3 el Liceo Gilberto Alzate Avenda\u00f1o para la ense\u00f1anza formal preescolar, b\u00e1sica primaria, secundaria y media vocacional. El 27 de agosto de 1991 se aprob\u00f3 el cambio de nombre del colegio por Liceo de la Universidad Cat\u00f3lica.<br \/>\nPor su parte, la Escuela de Tecnolog\u00edas de la Universidad Cat\u00f3lica de Colombia (UCET) inici\u00f3 actividades en 2003, en la sede La Caro. Esta instituci\u00f3n respondi\u00f3 a la necesidad de formaci\u00f3n tecnol\u00f3gica para apoyar el desarrollo agroindustrial y empresarial de Colombia. Sin embargo, los procesos de inscripci\u00f3n y de matr\u00edculas fueron suspendidos debido a la alta oferta de programas tecnol\u00f3gicos de universidades p\u00fablicas en la regi\u00f3n.<br \/>\nTodos los programas acad\u00e9micos de pregrado y posgrado de la Universidad Cat\u00f3lica de Colombia cuentan con el respaldo legal del Ministerio de Educaci\u00f3n Nacional y del Consejo Superior de la Universidad.\n<\/p><\/div>\n<\/div>\n<\/div>\n<div class=\"panel panel-default\">\n<div id=\"headingCinco\" class=\"panel-heading\">\n<h3 class=\"panel-title\"><a class=\"collapsed\" href=\"#collapseCinco\" data-toggle=\"collapse\" data-parent=\"#accordion\">Himno de la Universidad<\/a><\/h3>\n<\/div>\n<div id=\"collapseCinco\" class=\"panel-collapse collapse\">\n<div class=\"panel-body\">\n<h3>Himno de la Universidad Cat\u00f3lica de Colombia<\/h3>\n<div class=\"video-contenidos\"><iframe src=\"https:\/\/www.youtube.com\/embed\/7E_oNG-aXMY\" frameborder=\"0\" allow=\"accelerometer; autoplay; encrypted-media; gyroscope; picture-in-picture\" allowfullscreen><\/iframe><\/div>\n<p>De la Cat\u00f3lica las glorias<br \/>\ncantemos todos a una voz<br \/>\ny con la ciencia proclamemos<br \/>\nque el hombre imagen es de Dios (Bis)<br \/>\n<strong>I<\/strong><br \/>\nBrilla en la c\u00e1tedra de Pedro<br \/>\nde la verdad el esplendor<br \/>\nen la palabra, luz y vida,<br \/>\nde nuestro Padre y buen Pastor<br \/>\nque nos transmite su mensaje<br \/>\nde fortaleza, fe y amor (Bis)<br \/>\nCoro<br \/>\nDe la Cat\u00f3lica las glorias&#8230;<br \/>\n<strong>II<\/strong><br \/>\nQue dialoguemos nos ense\u00f1a<br \/>\ncon el estudio y el saber,<br \/>\nque la verdad del absoluto<br \/>\nen nuestra vida siempre est\u00e9;<br \/>\ny d\u00e9 valor al pensamiento<br \/>\nla luz divina de la fe (Bis)<br \/>\n<strong>III<\/strong><br \/>\nLoor perenne a los maestros<br \/>\nque con decoro y pulcritud<br \/>\nla fuente brinda de las ciencias<br \/>\na la estudiosa juventud,<br \/>\nen los caminos luminosos<br \/>\nde la cultura y la virtud (Bis)\n<\/div>\n<\/div>\n<\/div>\n<\/div>\n<p><!-- CONTENEDOR DOS PARA SIDEBAR --><\/p>\n<div id=\"contenido-dos\">\n<h2>Accesos de Inter\u00e9s<\/h2>\n<ul>\n<li><a href=\"\/portal\/nuestra-universidad\/ucatolica-tv\/\">Ucatolica Tv<\/a><\/li>\n<li><a href=\"\/portal\/nuestra-universidad\/informacion-institucional\/\">Informaci\u00f3n Institucional<\/a><\/li>\n<li><a href=\"\/portal\/nuestra-universidad\/plan-de-desarrollo\/\">Plan de Desarrollo<\/a><\/li>\n<li><a href=\"\/portal\/nuestra-universidad\/autoevaluacion\/\">Autoevaluaci\u00f3n<\/a><\/li>\n<li><a href=\"\/portal\/nuestra-universidad\/universidad-en-cifras\/\">Universidad en Cifras<\/a><\/li>\n<li><a href=\"\/portal\/nuestra-universidad\/glosario-institucional\/\">Glosario Institucional<\/a><\/li>\n<li><a href=\"\/portal\/nuestra-universidad\/contactos-y-ubicaciones\/\">Contactos y Ubicaciones<\/a><\/li>\n<\/ul>\n<\/div>\n","protected":false},"excerpt":{"rendered":"<p>Informaci\u00f3n Institucional \u201cLa Universidad Cat\u00f3lica de Colombia, es por esencia y definici\u00f3n una Instituci\u00f3n fundada en los principios de la doctrina de Cristo. Tendr\u00e1 la Universidad como maestra y cabal int\u00e9rprete de su doctrina, a la Iglesia Cat\u00f3lica, de la cual se declara su adicta y fiel colaboradora en la ense\u00f1anza de la verdad y [&hellip;]<\/p>\n","protected":false},"author":2,"featured_media":0,"parent":140,"menu_order":0,"comment_status":"open","ping_status":"closed","template":"page-oldstyle.php","meta":{"_acf_changed":false,"advgb_blocks_editor_width":"","advgb_blocks_columns_visual_guide":"","footnotes":""},"class_list":["post-136","page","type-page","status-publish","hentry"],"acf":[],"coauthors":[],"author_meta":{"author_link":"https:\/\/www.ucatolica.edu.co\/portal\/author\/carrnall\/","display_name":"Carlos Zea"},"relative_dates":{"created":"Posted 8 a\u00f1os ago","modified":"Updated 8 a\u00f1os ago"},"absolute_dates":{"created":"Posted on 17 agosto, 2018","modified":"Updated on 17 agosto, 2018"},"absolute_dates_time":{"created":"Posted on 17 agosto, 2018 3:09 pm","modified":"Updated on 17 agosto, 2018 3:09 pm"},"featured_img_caption":"","featured_img":false,"series_order":"","_links":{"self":[{"href":"https:\/\/www.ucatolica.edu.co\/portal\/wp-json\/wp\/v2\/pages\/136","targetHints":{"allow":["GET"]}}],"collection":[{"href":"https:\/\/www.ucatolica.edu.co\/portal\/wp-json\/wp\/v2\/pages"}],"about":[{"href":"https:\/\/www.ucatolica.edu.co\/portal\/wp-json\/wp\/v2\/types\/page"}],"author":[{"embeddable":true,"href":"https:\/\/www.ucatolica.edu.co\/portal\/wp-json\/wp\/v2\/users\/2"}],"replies":[{"embeddable":true,"href":"https:\/\/www.ucatolica.edu.co\/portal\/wp-json\/wp\/v2\/comments?post=136"}],"version-history":[{"count":0,"href":"https:\/\/www.ucatolica.edu.co\/portal\/wp-json\/wp\/v2\/pages\/136\/revisions"}],"up":[{"embeddable":true,"href":"https:\/\/www.ucatolica.edu.co\/portal\/wp-json\/wp\/v2\/pages\/140"}],"wp:attachment":[{"href":"https:\/\/www.ucatolica.edu.co\/portal\/wp-json\/wp\/v2\/media?parent=136"}],"curies":[{"name":"wp","href":"https:\/\/api.w.org\/{rel}","templated":true}]}}