{"id":13940,"date":"2019-06-21T16:44:16","date_gmt":"2019-06-21T21:44:16","guid":{"rendered":"https:\/\/www.ucatolica.edu.co\/portal\/?page_id=13940"},"modified":"2019-06-21T16:44:16","modified_gmt":"2019-06-21T21:44:16","slug":"posgrados-2","status":"publish","type":"page","link":"https:\/\/www.ucatolica.edu.co\/portal\/posgrados-2\/","title":{"rendered":"Oferta acad\u00e9mica &#8211; Posgrados"},"content":{"rendered":"<h1 class=\"col-12\">Oferta Acad\u00e9mica<br \/>\n<\/p>\n<\/h1>\n<h2>Posgrados<\/h2>\n<p class=\"lead-title\">Los invitamos a consultar la oferta acad\u00e9mica en Posgrados de la Universidad Cat\u00f3lica de Colombia. Encontrar\u00e1n informaci\u00f3n general sobre las fortalezas de cada uno de los programas.<\/p>\n<div class=\"col-12 col-sm-10 container-posgrados\">\n&nbsp;<\/p>\n<h3>Facultad de Psicolog\u00eda<\/h3>\n<p>&nbsp;<br \/>\n<a class=\"prog-posgrados bg-btn-uno\" href=\"\/portal\/programa\/especializacion-en-psicologia-educativa\">Especializaci\u00f3n en Psicolog\u00eda Educativa<\/a><br \/>\n<a class=\"prog-posgrados bg-btn-dos\" href=\"\/portal\/programa\/especializacion-en-psicologia-de-las-organizaciones\">Especializaci\u00f3n en Psicolog\u00eda de las Organizaciones<\/a><br \/>\n<a class=\"prog-posgrados bg-btn-dos\" href=\"\/portal\/programa\/especializacion-en-psicologia-clinica\">Especializaci\u00f3n en Psicolog\u00eda Cl\u00ednica<\/a><br \/>\n<a class=\"prog-posgrados bg-btn-dos\" href=\"\/portal\/programa\/especializacion-en-psicologia-juridica\/\">Especializaci\u00f3n en Psicolog\u00eda Jur\u00eddica y Criminol\u00f3gica<\/a><br \/>\n<a class=\"prog-posgrados bg-btn-dos\" href=\"\/portal\/programa\/maestria-en-psicologia\">Maestr\u00eda en Innovaci\u00f3n Psicosocial<\/a><br \/>\n<a class=\"prog-posgrados bg-btn-dos\" href=\"\/portal\/programa\/doctorado-en-psicologia\/\">Doctorado en Psicolog\u00eda<\/a><br \/>\n&nbsp;<\/p>\n<h3>Facultad de Ingenier\u00eda<\/h3>\n<p>&nbsp;<br \/>\n<a class=\"prog-posgrados bg-btn-tres\" href=\"\/portal\/programa\/especializacion-en-auditoria-de-sistemas-de-informacion\">Especializaci\u00f3n en Auditor\u00eda de Sistemas de Informaci\u00f3n<\/a><br \/>\n<a class=\"prog-posgrados bg-btn-tres\" href=\"\/portal\/programa\/especializacion-en-gerencia-de-obras\">Especializaci\u00f3n en Gerencia de Obras<\/a><br \/>\n<a class=\"prog-posgrados bg-btn-cuatro\" href=\"\/portal\/programa\/especializacion-en-ingenieria-de-pavimentos\">Especializaci\u00f3n en Ingenier\u00eda de Pavimentos<\/a><br \/>\n<a class=\"prog-posgrados bg-btn-cuatro\" href=\"\/portal\/programa\/especializacion-en-recursos-hidricos\">Especializaci\u00f3n en Recursos H\u00eddricos<\/a><br \/>\n<a class=\"prog-posgrados bg-btn-cuatro\" href=\"\/portal\/programa\/especializacion-en-seguridad-de-la-informacion\">Especializaci\u00f3n en Seguridad de la Informaci\u00f3n<\/a><br \/>\n<a class=\"prog-posgrados bg-btn-cinco\" href=\"\/portal\/programa\/maestria-en-ingenieria-y-gestion-de-la-innovacion\">Maestr\u00eda en Ingenier\u00eda y Gesti\u00f3n de la Innovaci\u00f3n<\/a><br \/>\n&nbsp;<\/p>\n<h3>Facultad de Derecho<\/h3>\n<p>&nbsp;<br \/>\n<a class=\"prog-posgrados bg-btn-cinco\" href=\"\/portal\/programa\/especializacion-en-derecho-constitucional-y-administrativo\">Especializaci\u00f3n en Derecho Constitucional y Administrativo<\/a><br \/>\n<a class=\"prog-posgrados bg-btn-cinco\" href=\"\/portal\/programa\/especializacion-en-derecho-del-trabajo-y-seguridad-social\">Especializaci\u00f3n en Derecho del Trabajo y Seguridad Social<\/a><br \/>\n<a class=\"prog-posgrados bg-btn-cinco\" href=\"\/portal\/programa\/especializacion-en-derecho-penal-y-ciencias-forenses\">Especializaci\u00f3n en Derecho Penal y Ciencias Forenses<\/a><br \/>\n<a class=\"prog-posgrados bg-btn-uno\" href=\"\/portal\/programa\/especializacion-en-derecho-probatorio\">Especializaci\u00f3n en Derecho Probatorio<\/a><br \/>\n<a class=\"prog-posgrados bg-btn-uno\" href=\"\/portal\/programa\/especializacion-en-derecho-tributario-y-aduanero\">Especializaci\u00f3n en Derecho Tributario y Aduanero<\/a><br \/>\n<a class=\"prog-posgrados bg-btn-dos\" href=\"\/portal\/programa\/especializacion-en-gobierno-y-gestion-del-desarrollo-regional-y-municipal\">Especializaci\u00f3n en Gobierno y Gesti\u00f3n del Desarrollo Regional y Municipal<\/a><br \/>\n<a class=\"prog-posgrados bg-btn-dos\" href=\"\/portal\/programa\/especializacion-en-sistema-penal-acusatorio-virtual\">Especializaci\u00f3n en Sistema Penal Acusatorio  (Virtual)<\/a><br \/>\n<a class=\"prog-posgrados bg-btn-cuatro\" href=\"\/portal\/programa\/maestria-en-derechos-humanos-y-derecho-internacional-humanitario\">Maestr\u00eda en Derechos Humanos y Derecho Internacional Humanitario<\/a><br \/>\n<a class=\"prog-posgrados bg-btn-cuatro\" href=\"\/portal\/programa\/maestria-en-ciencia-politica\">Maestr\u00eda en Ciencia Pol\u00edtica<\/a><br \/>\n&nbsp;<\/p>\n<h3>Facultad de Ciencias Econ\u00f3micas y Administrativas<\/h3>\n<p>&nbsp;<br \/>\n<a class=\"prog-posgrados bg-btn-tres\" href=\"\/portal\/programa\/especializacion-en-administracion-financiera\">Especializaci\u00f3n en Administraci\u00f3n Financiera<\/a><br \/>\n<a class=\"prog-posgrados bg-btn-tres\" href=\"\/portal\/programa\/especializacion-en-formulacion-y-evaluacion-social-y-economica-de-proyectos\">Especializaci\u00f3n en Formulaci\u00f3n, Evaluaci\u00f3n Social y Econ\u00f3mica de Proyectos<\/a><br \/>\n&nbsp;<\/p>\n<h3>Facultad de Dise\u00f1o<\/h3>\n<p>&nbsp;<br \/>\n<a class=\"prog-posgrados bg-btn-cinco\" href=\"\/portal\/programa\/maestria-en-diseno-sostenible\">Maestr\u00eda en Dise\u00f1o Sostenible<\/a>\n<\/div>\n","protected":false},"excerpt":{"rendered":"<p>Oferta Acad\u00e9mica Posgrados Los invitamos a consultar la oferta acad\u00e9mica en Posgrados de la Universidad Cat\u00f3lica de Colombia. Encontrar\u00e1n informaci\u00f3n general sobre las fortalezas de cada uno de los programas. &nbsp; Facultad de Psicolog\u00eda &nbsp; Especializaci\u00f3n en Psicolog\u00eda Educativa Especializaci\u00f3n en Psicolog\u00eda de las Organizaciones Especializaci\u00f3n en Psicolog\u00eda Cl\u00ednica Especializaci\u00f3n en Psicolog\u00eda Jur\u00eddica y Criminol\u00f3gica [&hellip;]<\/p>\n","protected":false},"author":2,"featured_media":0,"parent":0,"menu_order":0,"comment_status":"closed","ping_status":"closed","template":"page-posgrados.php","meta":{"_acf_changed":false,"advgb_blocks_editor_width":"","advgb_blocks_columns_visual_guide":"","footnotes":""},"class_list":["post-13940","page","type-page","status-publish","hentry"],"acf":[],"yoast_head":"<!-- This site is optimized with the Yoast SEO plugin v26.7 - https:\/\/yoast.com\/wordpress\/plugins\/seo\/ -->\n<title>Oferta acad\u00e9mica - Posgrados - Universidad Cat\u00f3lica De Colombia<\/title>\n<meta name=\"robots\" content=\"index, follow, max-snippet:-1, max-image-preview:large, max-video-preview:-1\" \/>\n<link rel=\"canonical\" href=\"https:\/\/www.ucatolica.edu.co\/portal\/posgrados-2\/\" \/>\n<meta property=\"og:locale\" content=\"es_ES\" \/>\n<meta property=\"og:type\" content=\"article\" \/>\n<meta property=\"og:title\" content=\"Oferta acad\u00e9mica - Posgrados - Universidad Cat\u00f3lica De Colombia\" \/>\n<meta property=\"og:description\" content=\"Oferta Acad\u00e9mica Posgrados Los invitamos a consultar la oferta acad\u00e9mica en Posgrados de la Universidad Cat\u00f3lica de Colombia. Encontrar\u00e1n informaci\u00f3n general sobre las fortalezas de cada uno de los programas. &nbsp; Facultad de Psicolog\u00eda &nbsp; Especializaci\u00f3n en Psicolog\u00eda Educativa Especializaci\u00f3n en Psicolog\u00eda de las Organizaciones Especializaci\u00f3n en Psicolog\u00eda Cl\u00ednica Especializaci\u00f3n en Psicolog\u00eda Jur\u00eddica y Criminol\u00f3gica [&hellip;]\" \/>\n<meta property=\"og:url\" content=\"https:\/\/www.ucatolica.edu.co\/portal\/posgrados-2\/\" \/>\n<meta property=\"og:site_name\" content=\"Universidad Cat\u00f3lica De Colombia\" \/>\n<meta property=\"article:publisher\" content=\"https:\/\/www.facebook.com\/ucatolicacolombia\" \/>\n<meta name=\"twitter:card\" content=\"summary_large_image\" \/>\n<meta name=\"twitter:site\" content=\"@UCatolicaCol\" \/>\n<meta name=\"twitter:label1\" content=\"Tiempo de lectura\" \/>\n\t<meta name=\"twitter:data1\" content=\"1 minuto\" \/>\n<script type=\"application\/ld+json\" class=\"yoast-schema-graph\">{\"@context\":\"https:\/\/schema.org\",\"@graph\":[{\"@type\":\"WebPage\",\"@id\":\"https:\/\/www.ucatolica.edu.co\/portal\/posgrados-2\/\",\"url\":\"https:\/\/www.ucatolica.edu.co\/portal\/posgrados-2\/\",\"name\":\"Oferta acad\u00e9mica - Posgrados - Universidad Cat\u00f3lica De Colombia\",\"isPartOf\":{\"@id\":\"https:\/\/www.ucatolica.edu.co\/portal\/#website\"},\"datePublished\":\"2019-06-21T21:44:16+00:00\",\"breadcrumb\":{\"@id\":\"https:\/\/www.ucatolica.edu.co\/portal\/posgrados-2\/#breadcrumb\"},\"inLanguage\":\"es-CO\",\"potentialAction\":[{\"@type\":\"ReadAction\",\"target\":[\"https:\/\/www.ucatolica.edu.co\/portal\/posgrados-2\/\"]}]},{\"@type\":\"BreadcrumbList\",\"@id\":\"https:\/\/www.ucatolica.edu.co\/portal\/posgrados-2\/#breadcrumb\",\"itemListElement\":[{\"@type\":\"ListItem\",\"position\":1,\"name\":\"Inicio\",\"item\":\"https:\/\/www.ucatolica.edu.co\/portal\/\"},{\"@type\":\"ListItem\",\"position\":2,\"name\":\"Oferta acad\u00e9mica &#8211; Posgrados\"}]},{\"@type\":\"WebSite\",\"@id\":\"https:\/\/www.ucatolica.edu.co\/portal\/#website\",\"url\":\"https:\/\/www.ucatolica.edu.co\/portal\/\",\"name\":\"Universidad Cat\u00f3lica De Colombia\",\"description\":\"Universidad Cat\u00f3lica De Colombia\",\"publisher\":{\"@id\":\"https:\/\/www.ucatolica.edu.co\/portal\/#organization\"},\"potentialAction\":[{\"@type\":\"SearchAction\",\"target\":{\"@type\":\"EntryPoint\",\"urlTemplate\":\"https:\/\/www.ucatolica.edu.co\/portal\/?s={search_term_string}\"},\"query-input\":{\"@type\":\"PropertyValueSpecification\",\"valueRequired\":true,\"valueName\":\"search_term_string\"}}],\"inLanguage\":\"es-CO\"},{\"@type\":\"Organization\",\"@id\":\"https:\/\/www.ucatolica.edu.co\/portal\/#organization\",\"name\":\"Universidad Cat\u00f3lica de Colombia\",\"url\":\"https:\/\/www.ucatolica.edu.co\/portal\/\",\"logo\":{\"@type\":\"ImageObject\",\"inLanguage\":\"es-CO\",\"@id\":\"https:\/\/www.ucatolica.edu.co\/portal\/#\/schema\/logo\/image\/\",\"url\":\"https:\/\/www.ucatolica.edu.co\/portal\/wp-content\/uploads\/2021\/06\/logo-header-ho-1.svg\",\"contentUrl\":\"https:\/\/www.ucatolica.edu.co\/portal\/wp-content\/uploads\/2021\/06\/logo-header-ho-1.svg\",\"width\":1,\"height\":1,\"caption\":\"Universidad Cat\u00f3lica de Colombia\"},\"image\":{\"@id\":\"https:\/\/www.ucatolica.edu.co\/portal\/#\/schema\/logo\/image\/\"},\"sameAs\":[\"https:\/\/www.facebook.com\/ucatolicacolombia\",\"https:\/\/x.com\/UCatolicaCol\",\"https:\/\/www.instagram.com\/universidadcatolicadecolombia\/\",\"https:\/\/www.linkedin.com\/company\/universidadcatolicadecolombia\/\",\"https:\/\/www.youtube.com\/user\/UCatolicaCo\"]}]}<\/script>\n<!-- \/ Yoast SEO plugin. -->","yoast_head_json":{"title":"Oferta acad\u00e9mica - Posgrados - Universidad Cat\u00f3lica De Colombia","robots":{"index":"index","follow":"follow","max-snippet":"max-snippet:-1","max-image-preview":"max-image-preview:large","max-video-preview":"max-video-preview:-1"},"canonical":"https:\/\/www.ucatolica.edu.co\/portal\/posgrados-2\/","og_locale":"es_ES","og_type":"article","og_title":"Oferta acad\u00e9mica - Posgrados - Universidad Cat\u00f3lica De Colombia","og_description":"Oferta Acad\u00e9mica Posgrados Los invitamos a consultar la oferta acad\u00e9mica en Posgrados de la Universidad Cat\u00f3lica de Colombia. Encontrar\u00e1n informaci\u00f3n general sobre las fortalezas de cada uno de los programas. &nbsp; Facultad de Psicolog\u00eda &nbsp; Especializaci\u00f3n en Psicolog\u00eda Educativa Especializaci\u00f3n en Psicolog\u00eda de las Organizaciones Especializaci\u00f3n en Psicolog\u00eda Cl\u00ednica Especializaci\u00f3n en Psicolog\u00eda Jur\u00eddica y Criminol\u00f3gica [&hellip;]","og_url":"https:\/\/www.ucatolica.edu.co\/portal\/posgrados-2\/","og_site_name":"Universidad Cat\u00f3lica De Colombia","article_publisher":"https:\/\/www.facebook.com\/ucatolicacolombia","twitter_card":"summary_large_image","twitter_site":"@UCatolicaCol","twitter_misc":{"Tiempo de lectura":"1 minuto"},"schema":{"@context":"https:\/\/schema.org","@graph":[{"@type":"WebPage","@id":"https:\/\/www.ucatolica.edu.co\/portal\/posgrados-2\/","url":"https:\/\/www.ucatolica.edu.co\/portal\/posgrados-2\/","name":"Oferta acad\u00e9mica - Posgrados - Universidad Cat\u00f3lica De Colombia","isPartOf":{"@id":"https:\/\/www.ucatolica.edu.co\/portal\/#website"},"datePublished":"2019-06-21T21:44:16+00:00","breadcrumb":{"@id":"https:\/\/www.ucatolica.edu.co\/portal\/posgrados-2\/#breadcrumb"},"inLanguage":"es-CO","potentialAction":[{"@type":"ReadAction","target":["https:\/\/www.ucatolica.edu.co\/portal\/posgrados-2\/"]}]},{"@type":"BreadcrumbList","@id":"https:\/\/www.ucatolica.edu.co\/portal\/posgrados-2\/#breadcrumb","itemListElement":[{"@type":"ListItem","position":1,"name":"Inicio","item":"https:\/\/www.ucatolica.edu.co\/portal\/"},{"@type":"ListItem","position":2,"name":"Oferta acad\u00e9mica &#8211; Posgrados"}]},{"@type":"WebSite","@id":"https:\/\/www.ucatolica.edu.co\/portal\/#website","url":"https:\/\/www.ucatolica.edu.co\/portal\/","name":"Universidad Cat\u00f3lica De Colombia","description":"Universidad Cat\u00f3lica De Colombia","publisher":{"@id":"https:\/\/www.ucatolica.edu.co\/portal\/#organization"},"potentialAction":[{"@type":"SearchAction","target":{"@type":"EntryPoint","urlTemplate":"https:\/\/www.ucatolica.edu.co\/portal\/?s={search_term_string}"},"query-input":{"@type":"PropertyValueSpecification","valueRequired":true,"valueName":"search_term_string"}}],"inLanguage":"es-CO"},{"@type":"Organization","@id":"https:\/\/www.ucatolica.edu.co\/portal\/#organization","name":"Universidad Cat\u00f3lica de Colombia","url":"https:\/\/www.ucatolica.edu.co\/portal\/","logo":{"@type":"ImageObject","inLanguage":"es-CO","@id":"https:\/\/www.ucatolica.edu.co\/portal\/#\/schema\/logo\/image\/","url":"https:\/\/www.ucatolica.edu.co\/portal\/wp-content\/uploads\/2021\/06\/logo-header-ho-1.svg","contentUrl":"https:\/\/www.ucatolica.edu.co\/portal\/wp-content\/uploads\/2021\/06\/logo-header-ho-1.svg","width":1,"height":1,"caption":"Universidad Cat\u00f3lica de Colombia"},"image":{"@id":"https:\/\/www.ucatolica.edu.co\/portal\/#\/schema\/logo\/image\/"},"sameAs":["https:\/\/www.facebook.com\/ucatolicacolombia","https:\/\/x.com\/UCatolicaCol","https:\/\/www.instagram.com\/universidadcatolicadecolombia\/","https:\/\/www.linkedin.com\/company\/universidadcatolicadecolombia\/","https:\/\/www.youtube.com\/user\/UCatolicaCo"]}]}},"coauthors":[],"author_meta":{"author_link":"https:\/\/www.ucatolica.edu.co\/portal\/author\/carrnall\/","display_name":"Carlos Zea"},"relative_dates":{"created":"Posted 7 a\u00f1os ago","modified":"Updated 7 a\u00f1os ago"},"absolute_dates":{"created":"Posted on 21 junio, 2019","modified":"Updated on 21 junio, 2019"},"absolute_dates_time":{"created":"Posted on 21 junio, 2019 4:44 pm","modified":"Updated on 21 junio, 2019 4:44 pm"},"featured_img_caption":"","featured_img":false,"series_order":"","_links":{"self":[{"href":"https:\/\/www.ucatolica.edu.co\/portal\/wp-json\/wp\/v2\/pages\/13940","targetHints":{"allow":["GET"]}}],"collection":[{"href":"https:\/\/www.ucatolica.edu.co\/portal\/wp-json\/wp\/v2\/pages"}],"about":[{"href":"https:\/\/www.ucatolica.edu.co\/portal\/wp-json\/wp\/v2\/types\/page"}],"author":[{"embeddable":true,"href":"https:\/\/www.ucatolica.edu.co\/portal\/wp-json\/wp\/v2\/users\/2"}],"replies":[{"embeddable":true,"href":"https:\/\/www.ucatolica.edu.co\/portal\/wp-json\/wp\/v2\/comments?post=13940"}],"version-history":[{"count":0,"href":"https:\/\/www.ucatolica.edu.co\/portal\/wp-json\/wp\/v2\/pages\/13940\/revisions"}],"wp:attachment":[{"href":"https:\/\/www.ucatolica.edu.co\/portal\/wp-json\/wp\/v2\/media?parent=13940"}],"curies":[{"name":"wp","href":"https:\/\/api.w.org\/{rel}","templated":true}]}}