{"id":14831,"date":"2019-07-26T08:57:09","date_gmt":"2019-07-26T13:57:09","guid":{"rendered":"https:\/\/www.ucatolica.edu.co\/portal\/?page_id=14831"},"modified":"2025-08-02T09:34:36","modified_gmt":"2025-08-02T14:34:36","slug":"universidad-empresa-estado","status":"publish","type":"page","link":"https:\/\/www.ucatolica.edu.co\/portal\/universidad-empresa-estado\/","title":{"rendered":"Universidad Empresa Estado"},"content":{"rendered":"<p><!-- Inicio Sub-Header --><\/p>\n<div class=\"header-uee\">\n<div class=\"container-fluid\">\n<div class=\"container\">\n<div class=\"row\">\n<div class=\"col-12 col-sm-8\">\n<h2>Universidad<\/h2>\n<p style=\"margin: 0;\">Empresa Estado<\/p>\n<p><i style=\"margin-left: 45px;\">Direcci\u00f3n de Extensi\u00f3n<\/i><\/p>\n<\/div>\n<div class=\"col-12 col-sm-4\">\n<div class=\"estadistica-uee\">\n<div class=\"col-9 lead-estadistica-uee\"><\/div>\n<\/div>\n<div class=\"estadistica-uee\">\n<div class=\"col-9 lead-estadistica-uee\">\n<p class=\"\">\n<\/div>\n<\/div>\n<\/div>\n<\/div>\n<\/div>\n<\/div>\n<\/div>\n<p><!-- fin Sub-Header --><br \/>\n<!-- ---------------------------------------------------------------------------------- --><\/p>\n<div class=\"container-fluid board-uno-uee\">\n<div class=\"container\">\n<div class=\"row\">\n<div class=\"col-12\">\n<div class=\"col-12 col-sm-6\" style=\"float: left;\">\n<h2>Nuestra Oferta Corporativa<\/h2>\n<p style=\"margin: 0px;\">Alrededor de 20.000 personas capacitadas<\/p>\n<p style=\"margin: 0px;\">Total, proyectos corporativos: 87<\/p>\n<p style=\"margin: 0px;\">Educaci\u00f3n Continuada Cerrada:<\/p>\n<p style=\"margin: 0px;\">M\u00e1s de 41 clientes<\/p>\n<p style=\"margin: 0px;\">M\u00e1s de 69 proyectos corporativos<\/p>\n<p style=\"margin: 0px;\">Consultor\u00edas y Asesor\u00edas:<\/p>\n<p style=\"margin: 0px;\">M\u00e1s de 18 proyectos corporativos.<\/p>\n<p style=\"margin: 0px;\">N\u00famero de clientes:13<\/p>\n<p style=\"margin: 0px;\">Proyectos ejecutados en las siguientes \u00e1reas:<\/p>\n<ul>\n<li style=\"margin: 0px;\">An\u00e1lisis del mercado laboral.<\/li>\n<li style=\"margin: 0px;\">Dise\u00f1o e implementaci\u00f3n de programas de trabajo.<\/li>\n<li style=\"margin: 0px;\">Dise\u00f1o de recursos pedag\u00f3gicos para prevenir temas psicosociales.<\/li>\n<li style=\"margin: 0px;\">An\u00e1lisis de datos relacionados con estrategias discursivas.<\/li>\n<li style=\"margin: 0px;\">Fortalecimiento Institucional y Cumplimiento Normativo.<\/li>\n<li style=\"margin: 0px;\">Gesti\u00f3n de Procesos Disciplinarios y Normativos.<\/li>\n<li style=\"margin: 0px;\">Elaborar de preguntas de conocimiento especializado<\/li>\n<\/ul>\n<\/div>\n<div class=\"col-12 col-sm-5\" style=\"float: left;\">\n<h3 class=\"btn-uno\">Portafolio de servicios<\/h3>\n<p><a href=\"https:\/\/www.ucatolica.edu.co\/portal\/wp-content\/uploads\/2023\/03\/portafolio_2023.pdf\" target=\"blank\" rel=\"noopener\"><img decoding=\"async\" class=\"img-port-services-uee\" src=\"\/portal\/wp-content\/uploads\/2019\/07\/banner-port-uee.png\" alt=\"Portafolio de servicios UEE\" \/><\/a><\/p>\n<\/div>\n<\/div>\n<hr class=\"linea-divisoria-uee\" \/>\n<div class=\"col-12\">\n<div class=\"col-12 col-sm-5\" style=\"float: left;\">\n<h3>Razones para invertir en el talento humano de las organizaciones<\/h3>\n<ul>\n<li style=\"margin: 0px;\">Desarrollar habilidades espec\u00edficas para el correcto funcionamiento de la organizaci\u00f3n.<\/li>\n<li style=\"margin: 0px;\">Asegurar la calidad de los productos o servicios que brinda la organizaci\u00f3n.<\/li>\n<li style=\"margin: 0px;\">Respuesta reactiva a los cambios disruptivos en el mercado que participan.<\/li>\n<li style=\"margin: 0px;\">La UCdeC es una instituci\u00f3n educativa con trayectoria, sus consultor\u00edas y asesor\u00edas est\u00e1n respaldadas por un enfoque acad\u00e9mico riguroso y metodolog\u00edas innovadoras que aseguran la calidad en los productos y servicios de la organizaci\u00f3n.<\/li>\n<li style=\"margin: 0px;\">La UCdeC brinda soluciones basadas en investigaci\u00f3n y tendencias actuales del mercado, permitiendo a las empresas responder de manera efectiva a los cambios disruptivos del entorno empresarial.<\/li>\n<li style=\"margin: 0px;\">Mediante estrategias de consultor\u00eda basadas en el conocimiento, la Universidad Cat\u00f3lica de Colombia ayuda a optimizar procesos y mejorar el desempe\u00f1o organizacional, impulsando la competitividad en el mercado.<\/li>\n<\/ul>\n<\/div>\n<div class=\"col-12 col-sm-5\" style=\"float: left;\">\n<h3>Beneficios para las organizaciones<\/h3>\n<ul>\n<li style=\"margin: 0px;\">Aumento de la productividad y competitividad de la organizaci\u00f3n.<\/li>\n<li style=\"margin: 0px;\">Disminuci\u00f3n de la rotaci\u00f3n laboral, reprocesos y mejora del clima laboral.<\/li>\n<li style=\"margin: 0px;\">Aumento del sentido de pertenencia con la organizaci\u00f3n.<\/li>\n<\/ul>\n<\/div>\n<\/div>\n<\/div>\n<\/div>\n<\/div>\n<div class=\"container-fluid board-dos-uee\">\n<div class=\"container\">\n<div class=\"row\">\n<div class=\"col-12\">\n<h2>Algunos de nuestros clientes<\/h2>\n<\/div>\n<div class=\"col-12\">\n<div class=\"col-12 col-sm-2 cont-img-clientes\" style=\"float: left;\"><img decoding=\"async\" class=\"img-clientes-uee\" src=\"\/portal\/wp-content\/uploads\/2019\/07\/supersalud.png\" alt=\"Supersalud\" \/><\/p>\n<h3>Superintendencia Nacional de Salud<\/h3>\n<p>Curso de Liderazgo Transformacional<\/p>\n<\/div>\n<div class=\"col-12 col-sm-2 cont-img-clientes\" style=\"float: left;\"><img decoding=\"async\" class=\"img-clientes-uee\" src=\"\/portal\/wp-content\/uploads\/2019\/07\/sodimac.png\" alt=\"Sodimac\" \/><\/p>\n<h3>Sodimac Colombia S.A.<\/h3>\n<p>Arquitectura y Construcci\u00f3n para Comerciales<\/p>\n<\/div>\n<div class=\"col-12 col-sm-2 cont-img-clientes\" style=\"float: left;\"><img decoding=\"async\" class=\"img-clientes-uee\" src=\"\/portal\/wp-content\/uploads\/2019\/07\/car.png\" alt=\"Car\" \/><\/p>\n<h3>Corporaci\u00f3n Aut\u00f3noma Regional de cundinamarca<\/h3>\n<p>Cultura de Servicio<\/p>\n<\/div>\n<div class=\"col-12 col-sm-2 cont-img-clientes\" style=\"float: left;\"><img decoding=\"async\" class=\"img-clientes-uee\" src=\"\/portal\/wp-content\/uploads\/2019\/07\/ejercito.png\" alt=\"Diplomado Eje\u00e9rcito\" \/><\/p>\n<h3>Ej\u00e9rcito Nacional<\/h3>\n<p>Diplomado en Formaci\u00f3n Integral Human\u00edstica<\/p>\n<\/div>\n<div class=\"col-12 col-sm-2 cont-img-clientes\" style=\"float: left;\"><img decoding=\"async\" class=\"img-clientes-uee\" src=\"\/portal\/wp-content\/uploads\/2019\/07\/procuraduria.png\" alt=\"Estrateg\u00eda de cultura\" \/><\/p>\n<h3>Procuradur\u00eda General de la Naci\u00f3n<\/h3>\n<p>Estrateg\u00eda de cultura de la legalidad y formaci\u00f3n<\/p>\n<\/div>\n<ul>\n<li>1<\/li>\n<li>2<\/li>\n<\/ul>\n<\/div>\n<\/div>\n<\/div>\n<\/div>\n<div class=\"container-fluid board-tres-uee\">\n<div class=\"container\">\n<div class=\"row\">\n<h2>Servicios de Oferta Corporativa<\/h2>\n<\/div>\n<\/div>\n<div class=\"col-12\"><img decoding=\"async\" class=\"img-infografia-uee img-desktop\" src=\"\/portal\/wp-content\/uploads\/2019\/08\/infografia-uee.svg\" alt=\"Infografia Universidad Empresa y Estado\" \/><br \/>\n<img decoding=\"async\" class=\"img-infografia-uee img-mobile\" src=\"\/portal\/wp-content\/uploads\/2019\/08\/infografia-uee-mobile.svg\" alt=\"Infografia Universidad Empresa y Estado\" \/><\/div>\n<\/div>\n","protected":false},"excerpt":{"rendered":"<p>Universidad Empresa Estado Direcci\u00f3n de Extensi\u00f3n Nuestra Oferta Corporativa Alrededor de 20.000 personas capacitadas Total, proyectos corporativos: 87 Educaci\u00f3n Continuada Cerrada: M\u00e1s de 41 clientes M\u00e1s de 69 proyectos corporativos Consultor\u00edas y Asesor\u00edas: M\u00e1s de 18 proyectos corporativos. N\u00famero de clientes:13 Proyectos ejecutados en las siguientes \u00e1reas: An\u00e1lisis del mercado laboral. Dise\u00f1o e implementaci\u00f3n de [&hellip;]<\/p>\n","protected":false},"author":2,"featured_media":0,"parent":0,"menu_order":0,"comment_status":"closed","ping_status":"closed","template":"page-clean.php","meta":{"_acf_changed":false,"advgb_blocks_editor_width":"","advgb_blocks_columns_visual_guide":"","footnotes":""},"class_list":["post-14831","page","type-page","status-publish","hentry"],"acf":[],"coauthors":[],"author_meta":{"author_link":"https:\/\/www.ucatolica.edu.co\/portal\/author\/carrnall\/","display_name":"Carlos Zea"},"relative_dates":{"created":"Posted 7 a\u00f1os ago","modified":"Updated 8 meses ago"},"absolute_dates":{"created":"Posted on 26 julio, 2019","modified":"Updated on 2 agosto, 2025"},"absolute_dates_time":{"created":"Posted on 26 julio, 2019 8:57 am","modified":"Updated on 2 agosto, 2025 9:34 am"},"featured_img_caption":"","featured_img":false,"series_order":"","_links":{"self":[{"href":"https:\/\/www.ucatolica.edu.co\/portal\/wp-json\/wp\/v2\/pages\/14831","targetHints":{"allow":["GET"]}}],"collection":[{"href":"https:\/\/www.ucatolica.edu.co\/portal\/wp-json\/wp\/v2\/pages"}],"about":[{"href":"https:\/\/www.ucatolica.edu.co\/portal\/wp-json\/wp\/v2\/types\/page"}],"author":[{"embeddable":true,"href":"https:\/\/www.ucatolica.edu.co\/portal\/wp-json\/wp\/v2\/users\/2"}],"replies":[{"embeddable":true,"href":"https:\/\/www.ucatolica.edu.co\/portal\/wp-json\/wp\/v2\/comments?post=14831"}],"version-history":[{"count":36,"href":"https:\/\/www.ucatolica.edu.co\/portal\/wp-json\/wp\/v2\/pages\/14831\/revisions"}],"predecessor-version":[{"id":120052,"href":"https:\/\/www.ucatolica.edu.co\/portal\/wp-json\/wp\/v2\/pages\/14831\/revisions\/120052"}],"wp:attachment":[{"href":"https:\/\/www.ucatolica.edu.co\/portal\/wp-json\/wp\/v2\/media?parent=14831"}],"curies":[{"name":"wp","href":"https:\/\/api.w.org\/{rel}","templated":true}]}}