{"id":1507,"date":"2018-10-01T10:00:08","date_gmt":"2018-10-01T15:00:08","guid":{"rendered":"http:\/\/localhost:8888\/portal\/?page_id=1507"},"modified":"2018-10-01T10:00:08","modified_gmt":"2018-10-01T15:00:08","slug":"revista-logos-vestigium","status":"publish","type":"page","link":"https:\/\/www.ucatolica.edu.co\/portal\/revista-logos-vestigium\/","title":{"rendered":"Revista Logos-Vestigium"},"content":{"rendered":"<h2>Revista Logos-Vestigium<\/h2>\n<p>&nbsp;<br \/>\nLa colecci\u00f3n editorial Logos-Vestigium comprende obras bibliogr\u00e1ficas fruto de la actividad cient\u00edfica de la facultad de Psicolog\u00eda de la Universidad Cat\u00f3lica de Colombia. Su nombre exalta la b\u00fasqueda comprometida de los vestigios -entendidos como respuestas tentativas a preguntas de investigaci\u00f3n- que permitan aportar desde el quehacer acad\u00e9mico al desarrollo social y de la ciencia psicol\u00f3gica. Vestigio como se\u00f1al de algo inacabado, es una exhortaci\u00f3n a la persistencia, a la b\u00fasqueda, e invita a continuar con la averiguaci\u00f3n y el estudio de lo psicol\u00f3gico en un entorno tecnol\u00f3gicamente cambiante, metodol\u00f3gicamente diverso y socialmente complejo. Son propios a esta colecci\u00f3n reflexiones, teor\u00edas, procedimientos, m\u00e9todos, instrumentos, protocolos, procesos, hallazgos, documentaci\u00f3n de innovaci\u00f3n y dem\u00e1s tipos de formatos de aportes derivados de los avances contempor\u00e1neos de sus l\u00edneas de investigaci\u00f3n que, bajo principios de excelencia te\u00f3rica y metodol\u00f3gica, sean seleccionados en el proceso caracter\u00edstico de las publicaciones cient\u00edficas.<br \/>\n<strong>Enlace de productos espec\u00edficos:<\/strong><br \/>\n1. Instrumentos usados en Colombia para evaluar la dimensi\u00f3n psicol\u00f3gica del proceso salud-enfermedad\u2028Editorial: U. Cat\u00f3lica de Colombia<br \/>\nAutor: Constanza Londo\u00f1o P\u00e9rez, Ivonne Edith Alejo Casta\u00f1eda<br \/>\n<a href=\"https:\/\/publicaciones.ucatolica.edu.co\/instrumentos-usados-en-colombia-para-evaluar-la-dimension-psicologica-del-proceso-saludenfermedad.html#.W5bxxuhKiUl\">Ver enlace<\/a><br \/>\n2. An\u00e1lisis del discurso en torno a los di\u00e1logos de paz\u2028Editorial: U. Cat\u00f3lica de Colombia<br \/>\nAutor: Vanessa S\u00e1nchez Mendoza, Juan Manuel Lara Guti\u00e9rrez, Ana Carolina Rodr\u00edguez, Otros<br \/>\nA\u00f1o de edici\u00f3n: 2017<br \/>\n<a href=\"https:\/\/publicaciones.ucatolica.edu.co\/analisis-del-discurso-en-torno-a-los-dialogos-de-paz.html#.W5bz3-hKiUk\">Ver enlace<\/a><br \/>\n3. Pactos por la Vida: una experiencia de prevenci\u00f3n basada en la evidencia. Aproximaci\u00f3n cr\u00edtica<br \/>\nEditorial: U. Cat\u00f3lica de Colombia<br \/>\nAutor: Varios Autores<br \/>\n<a href=\"https:\/\/publicaciones.ucatolica.edu.co\/pactos-por-la-vida-una-experiencia-de-prevencion-basada-en-la-evidencia-aproximacion-critica.html#.W5b0LehKiUk\">Ver enlace<\/a><br \/>\n4. Conceptos filos\u00f3ficos en la historia de la psicolog\u00eda: una revisi\u00f3n cr\u00edtica a prop\u00f3sito de James Brennan.<br \/>\nEditorial: U. Cat\u00f3lica de Colombia<br \/>\nAutor: Juan Carlos Sarmiento Reyes<br \/>\n<a href=\"https:\/\/publicaciones.ucatolica.edu.co\/catalog\/product\/view\/id\/333898\/#.W5b0dehKiUk\">Ver enlace<\/a><\/p>\n","protected":false},"excerpt":{"rendered":"<p>Revista Logos-Vestigium &nbsp; La colecci\u00f3n editorial Logos-Vestigium comprende obras bibliogr\u00e1ficas fruto de la actividad cient\u00edfica de la facultad de Psicolog\u00eda de la Universidad Cat\u00f3lica de Colombia. Su nombre exalta la b\u00fasqueda comprometida de los vestigios -entendidos como respuestas tentativas a preguntas de investigaci\u00f3n- que permitan aportar desde el quehacer acad\u00e9mico al desarrollo social y de [&hellip;]<\/p>\n","protected":false},"author":2,"featured_media":0,"parent":0,"menu_order":0,"comment_status":"closed","ping_status":"closed","template":"page-oldstyle.php","meta":{"_acf_changed":false,"advgb_blocks_editor_width":"","advgb_blocks_columns_visual_guide":"","footnotes":""},"class_list":["post-1507","page","type-page","status-publish","hentry"],"acf":[],"yoast_head":"<!-- This site is optimized with the Yoast SEO plugin v26.7 - https:\/\/yoast.com\/wordpress\/plugins\/seo\/ -->\n<title>Revista Logos-Vestigium - Universidad Cat\u00f3lica De Colombia<\/title>\n<meta name=\"robots\" content=\"index, follow, max-snippet:-1, max-image-preview:large, max-video-preview:-1\" \/>\n<link rel=\"canonical\" href=\"https:\/\/www.ucatolica.edu.co\/portal\/revista-logos-vestigium\/\" \/>\n<meta property=\"og:locale\" content=\"es_ES\" \/>\n<meta property=\"og:type\" content=\"article\" \/>\n<meta property=\"og:title\" content=\"Revista Logos-Vestigium - Universidad Cat\u00f3lica De Colombia\" \/>\n<meta property=\"og:description\" content=\"Revista Logos-Vestigium &nbsp; La colecci\u00f3n editorial Logos-Vestigium comprende obras bibliogr\u00e1ficas fruto de la actividad cient\u00edfica de la facultad de Psicolog\u00eda de la Universidad Cat\u00f3lica de Colombia. Su nombre exalta la b\u00fasqueda comprometida de los vestigios -entendidos como respuestas tentativas a preguntas de investigaci\u00f3n- que permitan aportar desde el quehacer acad\u00e9mico al desarrollo social y de [&hellip;]\" \/>\n<meta property=\"og:url\" content=\"https:\/\/www.ucatolica.edu.co\/portal\/revista-logos-vestigium\/\" \/>\n<meta property=\"og:site_name\" content=\"Universidad Cat\u00f3lica De Colombia\" \/>\n<meta property=\"article:publisher\" content=\"https:\/\/www.facebook.com\/ucatolicacolombia\" \/>\n<meta name=\"twitter:card\" content=\"summary_large_image\" \/>\n<meta name=\"twitter:site\" content=\"@UCatolicaCol\" \/>\n<meta name=\"twitter:label1\" content=\"Tiempo de lectura\" \/>\n\t<meta name=\"twitter:data1\" content=\"2 minutos\" \/>\n<script type=\"application\/ld+json\" class=\"yoast-schema-graph\">{\"@context\":\"https:\/\/schema.org\",\"@graph\":[{\"@type\":\"WebPage\",\"@id\":\"https:\/\/www.ucatolica.edu.co\/portal\/revista-logos-vestigium\/\",\"url\":\"https:\/\/www.ucatolica.edu.co\/portal\/revista-logos-vestigium\/\",\"name\":\"Revista Logos-Vestigium - Universidad Cat\u00f3lica De Colombia\",\"isPartOf\":{\"@id\":\"https:\/\/www.ucatolica.edu.co\/portal\/#website\"},\"datePublished\":\"2018-10-01T15:00:08+00:00\",\"breadcrumb\":{\"@id\":\"https:\/\/www.ucatolica.edu.co\/portal\/revista-logos-vestigium\/#breadcrumb\"},\"inLanguage\":\"es-CO\",\"potentialAction\":[{\"@type\":\"ReadAction\",\"target\":[\"https:\/\/www.ucatolica.edu.co\/portal\/revista-logos-vestigium\/\"]}]},{\"@type\":\"BreadcrumbList\",\"@id\":\"https:\/\/www.ucatolica.edu.co\/portal\/revista-logos-vestigium\/#breadcrumb\",\"itemListElement\":[{\"@type\":\"ListItem\",\"position\":1,\"name\":\"Inicio\",\"item\":\"https:\/\/www.ucatolica.edu.co\/portal\/\"},{\"@type\":\"ListItem\",\"position\":2,\"name\":\"Revista Logos-Vestigium\"}]},{\"@type\":\"WebSite\",\"@id\":\"https:\/\/www.ucatolica.edu.co\/portal\/#website\",\"url\":\"https:\/\/www.ucatolica.edu.co\/portal\/\",\"name\":\"Universidad Cat\u00f3lica De Colombia\",\"description\":\"Universidad Cat\u00f3lica De Colombia\",\"publisher\":{\"@id\":\"https:\/\/www.ucatolica.edu.co\/portal\/#organization\"},\"potentialAction\":[{\"@type\":\"SearchAction\",\"target\":{\"@type\":\"EntryPoint\",\"urlTemplate\":\"https:\/\/www.ucatolica.edu.co\/portal\/?s={search_term_string}\"},\"query-input\":{\"@type\":\"PropertyValueSpecification\",\"valueRequired\":true,\"valueName\":\"search_term_string\"}}],\"inLanguage\":\"es-CO\"},{\"@type\":\"Organization\",\"@id\":\"https:\/\/www.ucatolica.edu.co\/portal\/#organization\",\"name\":\"Universidad Cat\u00f3lica de Colombia\",\"url\":\"https:\/\/www.ucatolica.edu.co\/portal\/\",\"logo\":{\"@type\":\"ImageObject\",\"inLanguage\":\"es-CO\",\"@id\":\"https:\/\/www.ucatolica.edu.co\/portal\/#\/schema\/logo\/image\/\",\"url\":\"https:\/\/www.ucatolica.edu.co\/portal\/wp-content\/uploads\/2021\/06\/logo-header-ho-1.svg\",\"contentUrl\":\"https:\/\/www.ucatolica.edu.co\/portal\/wp-content\/uploads\/2021\/06\/logo-header-ho-1.svg\",\"width\":1,\"height\":1,\"caption\":\"Universidad Cat\u00f3lica de Colombia\"},\"image\":{\"@id\":\"https:\/\/www.ucatolica.edu.co\/portal\/#\/schema\/logo\/image\/\"},\"sameAs\":[\"https:\/\/www.facebook.com\/ucatolicacolombia\",\"https:\/\/x.com\/UCatolicaCol\",\"https:\/\/www.instagram.com\/universidadcatolicadecolombia\/\",\"https:\/\/www.linkedin.com\/company\/universidadcatolicadecolombia\/\",\"https:\/\/www.youtube.com\/user\/UCatolicaCo\"]}]}<\/script>\n<!-- \/ Yoast SEO plugin. -->","yoast_head_json":{"title":"Revista Logos-Vestigium - Universidad Cat\u00f3lica De Colombia","robots":{"index":"index","follow":"follow","max-snippet":"max-snippet:-1","max-image-preview":"max-image-preview:large","max-video-preview":"max-video-preview:-1"},"canonical":"https:\/\/www.ucatolica.edu.co\/portal\/revista-logos-vestigium\/","og_locale":"es_ES","og_type":"article","og_title":"Revista Logos-Vestigium - Universidad Cat\u00f3lica De Colombia","og_description":"Revista Logos-Vestigium &nbsp; La colecci\u00f3n editorial Logos-Vestigium comprende obras bibliogr\u00e1ficas fruto de la actividad cient\u00edfica de la facultad de Psicolog\u00eda de la Universidad Cat\u00f3lica de Colombia. Su nombre exalta la b\u00fasqueda comprometida de los vestigios -entendidos como respuestas tentativas a preguntas de investigaci\u00f3n- que permitan aportar desde el quehacer acad\u00e9mico al desarrollo social y de [&hellip;]","og_url":"https:\/\/www.ucatolica.edu.co\/portal\/revista-logos-vestigium\/","og_site_name":"Universidad Cat\u00f3lica De Colombia","article_publisher":"https:\/\/www.facebook.com\/ucatolicacolombia","twitter_card":"summary_large_image","twitter_site":"@UCatolicaCol","twitter_misc":{"Tiempo de lectura":"2 minutos"},"schema":{"@context":"https:\/\/schema.org","@graph":[{"@type":"WebPage","@id":"https:\/\/www.ucatolica.edu.co\/portal\/revista-logos-vestigium\/","url":"https:\/\/www.ucatolica.edu.co\/portal\/revista-logos-vestigium\/","name":"Revista Logos-Vestigium - Universidad Cat\u00f3lica De Colombia","isPartOf":{"@id":"https:\/\/www.ucatolica.edu.co\/portal\/#website"},"datePublished":"2018-10-01T15:00:08+00:00","breadcrumb":{"@id":"https:\/\/www.ucatolica.edu.co\/portal\/revista-logos-vestigium\/#breadcrumb"},"inLanguage":"es-CO","potentialAction":[{"@type":"ReadAction","target":["https:\/\/www.ucatolica.edu.co\/portal\/revista-logos-vestigium\/"]}]},{"@type":"BreadcrumbList","@id":"https:\/\/www.ucatolica.edu.co\/portal\/revista-logos-vestigium\/#breadcrumb","itemListElement":[{"@type":"ListItem","position":1,"name":"Inicio","item":"https:\/\/www.ucatolica.edu.co\/portal\/"},{"@type":"ListItem","position":2,"name":"Revista Logos-Vestigium"}]},{"@type":"WebSite","@id":"https:\/\/www.ucatolica.edu.co\/portal\/#website","url":"https:\/\/www.ucatolica.edu.co\/portal\/","name":"Universidad Cat\u00f3lica De Colombia","description":"Universidad Cat\u00f3lica De Colombia","publisher":{"@id":"https:\/\/www.ucatolica.edu.co\/portal\/#organization"},"potentialAction":[{"@type":"SearchAction","target":{"@type":"EntryPoint","urlTemplate":"https:\/\/www.ucatolica.edu.co\/portal\/?s={search_term_string}"},"query-input":{"@type":"PropertyValueSpecification","valueRequired":true,"valueName":"search_term_string"}}],"inLanguage":"es-CO"},{"@type":"Organization","@id":"https:\/\/www.ucatolica.edu.co\/portal\/#organization","name":"Universidad Cat\u00f3lica de Colombia","url":"https:\/\/www.ucatolica.edu.co\/portal\/","logo":{"@type":"ImageObject","inLanguage":"es-CO","@id":"https:\/\/www.ucatolica.edu.co\/portal\/#\/schema\/logo\/image\/","url":"https:\/\/www.ucatolica.edu.co\/portal\/wp-content\/uploads\/2021\/06\/logo-header-ho-1.svg","contentUrl":"https:\/\/www.ucatolica.edu.co\/portal\/wp-content\/uploads\/2021\/06\/logo-header-ho-1.svg","width":1,"height":1,"caption":"Universidad Cat\u00f3lica de Colombia"},"image":{"@id":"https:\/\/www.ucatolica.edu.co\/portal\/#\/schema\/logo\/image\/"},"sameAs":["https:\/\/www.facebook.com\/ucatolicacolombia","https:\/\/x.com\/UCatolicaCol","https:\/\/www.instagram.com\/universidadcatolicadecolombia\/","https:\/\/www.linkedin.com\/company\/universidadcatolicadecolombia\/","https:\/\/www.youtube.com\/user\/UCatolicaCo"]}]}},"coauthors":[],"author_meta":{"author_link":"https:\/\/www.ucatolica.edu.co\/portal\/author\/carrnall\/","display_name":"Carlos Zea"},"relative_dates":{"created":"Posted 8 a\u00f1os ago","modified":"Updated 8 a\u00f1os ago"},"absolute_dates":{"created":"Posted on 1 octubre, 2018","modified":"Updated on 1 octubre, 2018"},"absolute_dates_time":{"created":"Posted on 1 octubre, 2018 10:00 am","modified":"Updated on 1 octubre, 2018 10:00 am"},"featured_img_caption":"","featured_img":false,"series_order":"","_links":{"self":[{"href":"https:\/\/www.ucatolica.edu.co\/portal\/wp-json\/wp\/v2\/pages\/1507","targetHints":{"allow":["GET"]}}],"collection":[{"href":"https:\/\/www.ucatolica.edu.co\/portal\/wp-json\/wp\/v2\/pages"}],"about":[{"href":"https:\/\/www.ucatolica.edu.co\/portal\/wp-json\/wp\/v2\/types\/page"}],"author":[{"embeddable":true,"href":"https:\/\/www.ucatolica.edu.co\/portal\/wp-json\/wp\/v2\/users\/2"}],"replies":[{"embeddable":true,"href":"https:\/\/www.ucatolica.edu.co\/portal\/wp-json\/wp\/v2\/comments?post=1507"}],"version-history":[{"count":0,"href":"https:\/\/www.ucatolica.edu.co\/portal\/wp-json\/wp\/v2\/pages\/1507\/revisions"}],"wp:attachment":[{"href":"https:\/\/www.ucatolica.edu.co\/portal\/wp-json\/wp\/v2\/media?parent=1507"}],"curies":[{"name":"wp","href":"https:\/\/api.w.org\/{rel}","templated":true}]}}