{"id":156,"date":"2018-08-17T16:02:45","date_gmt":"2018-08-17T16:02:45","guid":{"rendered":"http:\/\/localhost:8888\/portal\/?page_id=156"},"modified":"2024-10-31T12:00:45","modified_gmt":"2024-10-31T17:00:45","slug":"contactos-y-ubicaciones","status":"publish","type":"page","link":"https:\/\/www.ucatolica.edu.co\/portal\/nuestra-universidad\/contactos-y-ubicaciones\/","title":{"rendered":"Contactos y ubicaciones"},"content":{"rendered":"<h1>Datos de Contacto y Ubicaciones<\/h1>\n<p>&nbsp;<br \/>\nA continuaci\u00f3n encontrar\u00e1n las direcciones y los tel\u00e9fonos de las sedes de la Universidad Cat\u00f3lica de Colombia.<\/p>\n<h3 >Direcciones<\/h3>\n<div class=\"col-12 col-sm-6\" style=\"float: left;\">\n<strong>Sede Las Torres<\/strong><br \/>\nAvenida Caracas # 46 &#8211; 72<br \/>\n<strong>Sede 4<\/strong><br \/>\nCarrera 13 # 47 &#8211; 30\u200b<br \/>\n<strong>Sede Claustro<\/strong><br \/>\nDiagonal 46 A # 15 B \u2013 10<br \/>\n<strong>Sede Carrera 13<\/strong><br \/>\nCarrera 13 # 47 &#8211; 49<br \/>\n<strong>Casa Extensi\u00f3n<\/strong><br \/>\nDiagonal 46 # 15 B 18<\/div>\n<div class=\"col-12 col-sm-6\" style=\"float: left;\">\n<strong>Facultad de Derecho<\/strong><br \/>\nConsultorio jur\u00eddico: Carrera 13 # 46 \u2013 61<br \/>\n<strong>Facultad de Psicolog\u00eda<\/strong><br \/>\nUnidad de Servicios Psicol\u00f3gicos: Calle 48 N\u00b0 15 \u2013 71<br \/>\nFacultad de Psicolog\u00eda: Avenida Caracas # 46 \u2013 22<br \/>\n<strong>Liceo Primaria<\/strong><br \/>\nDiagonal 46 a # 15 B 17<br \/>\n<strong>Liceo Bachillerato<\/strong><br \/>\nCarrera 15 # 46 &#8211; 69\/67<\/div>\n<p><!-- CONTENEDOR DOS PARA SIDEBAR --><\/p>\n<div id=\"contenido-dos\">\n<!-- \n\n<ul>\n \t\n\n<li id=\"pass\" style=\"margin: 0;\" class=\"btn-cinco\">\n            <a href=\"https:\/\/www.ucatolica.edu.co\/portal\/wp-content\/uploads\/2023\/09\/Directorio_2024.pdf\" target=\"_blank\" rel=\"noopener\">Directorio Unidades Admin<\/a>\n        <\/li>\n\n\n<\/ul>\n\n--><\/p>\n<div id=\"formContrase\u00f1a\" style=\"display: none;\">\n        <input type=\"password\" id=\"clave\" placeholder=\"Introduce la contrase\u00f1a\"><br \/>\n        <button id=\"verificar\">Acceder<\/button>\n    <\/div>\n<h2>Accesos de Inter\u00e9s<\/h2>\n<ul>\n<li><a href=\"\/portal\/nuestra-universidad\/ucatolica-tv\/\">Ucatolica Tv<\/a><\/li>\n<li><a href=\"\/portal\/nuestra-universidad\/informacion-institucional\/\">Informaci\u00f3n Institucional<\/a><\/li>\n<li><a href=\"\/portal\/nuestra-universidad\/plan-de-desarrollo\/\">Plan de Desarrollo<\/a><\/li>\n<li><a href=\"\/portal\/nuestra-universidad\/autoevaluacion\/\">Autoevaluaci\u00f3n<\/a><\/li>\n<li><a href=\"\/portal\/nuestra-universidad\/universidad-en-cifras\/\">Universidad en Cifras<\/a><\/li>\n<li><a href=\"\/portal\/nuestra-universidad\/glosario-institucional\/\">Glosario Institucional<\/a><\/li>\n<li><a href=\"\/portal\/nuestra-universidad\/contactos-y-ubicaciones\/\">Contactos y Ubicaciones<\/a><\/li>\n<\/ul>\n<\/div>\n","protected":false},"excerpt":{"rendered":"<p>Datos de Contacto y Ubicaciones &nbsp; A continuaci\u00f3n encontrar\u00e1n las direcciones y los tel\u00e9fonos de las sedes de la Universidad Cat\u00f3lica de Colombia. Direcciones Sede Las Torres Avenida Caracas # 46 &#8211; 72 Sede 4 Carrera 13 # 47 &#8211; 30\u200b Sede Claustro Diagonal 46 A # 15 B \u2013 10 Sede Carrera 13 Carrera [&hellip;]<\/p>\n","protected":false},"author":2,"featured_media":0,"parent":140,"menu_order":0,"comment_status":"closed","ping_status":"closed","template":"page-oldstyle.php","meta":{"_acf_changed":false,"advgb_blocks_editor_width":"","advgb_blocks_columns_visual_guide":"","footnotes":""},"class_list":["post-156","page","type-page","status-publish","hentry"],"acf":[],"yoast_head":"<!-- This site is optimized with the Yoast SEO plugin v26.7 - https:\/\/yoast.com\/wordpress\/plugins\/seo\/ -->\n<title>Contactos y ubicaciones - Universidad Cat\u00f3lica De Colombia<\/title>\n<meta name=\"robots\" content=\"index, follow, max-snippet:-1, max-image-preview:large, max-video-preview:-1\" \/>\n<link rel=\"canonical\" href=\"https:\/\/www.ucatolica.edu.co\/portal\/nuestra-universidad\/contactos-y-ubicaciones\/\" \/>\n<meta property=\"og:locale\" content=\"es_ES\" \/>\n<meta property=\"og:type\" content=\"article\" \/>\n<meta property=\"og:title\" content=\"Contactos y ubicaciones - Universidad Cat\u00f3lica De Colombia\" \/>\n<meta property=\"og:description\" content=\"Datos de Contacto y Ubicaciones &nbsp; A continuaci\u00f3n encontrar\u00e1n las direcciones y los tel\u00e9fonos de las sedes de la Universidad Cat\u00f3lica de Colombia. Direcciones Sede Las Torres Avenida Caracas # 46 &#8211; 72 Sede 4 Carrera 13 # 47 &#8211; 30\u200b Sede Claustro Diagonal 46 A # 15 B \u2013 10 Sede Carrera 13 Carrera [&hellip;]\" \/>\n<meta property=\"og:url\" content=\"https:\/\/www.ucatolica.edu.co\/portal\/nuestra-universidad\/contactos-y-ubicaciones\/\" \/>\n<meta property=\"og:site_name\" content=\"Universidad Cat\u00f3lica De Colombia\" \/>\n<meta property=\"article:publisher\" content=\"https:\/\/www.facebook.com\/ucatolicacolombia\" \/>\n<meta property=\"article:modified_time\" content=\"2024-10-31T17:00:45+00:00\" \/>\n<meta name=\"twitter:card\" content=\"summary_large_image\" \/>\n<meta name=\"twitter:site\" content=\"@UCatolicaCol\" \/>\n<meta name=\"twitter:label1\" content=\"Tiempo de lectura\" \/>\n\t<meta name=\"twitter:data1\" content=\"1 minuto\" \/>\n<script type=\"application\/ld+json\" class=\"yoast-schema-graph\">{\"@context\":\"https:\/\/schema.org\",\"@graph\":[{\"@type\":\"WebPage\",\"@id\":\"https:\/\/www.ucatolica.edu.co\/portal\/nuestra-universidad\/contactos-y-ubicaciones\/\",\"url\":\"https:\/\/www.ucatolica.edu.co\/portal\/nuestra-universidad\/contactos-y-ubicaciones\/\",\"name\":\"Contactos y ubicaciones - Universidad Cat\u00f3lica De Colombia\",\"isPartOf\":{\"@id\":\"https:\/\/www.ucatolica.edu.co\/portal\/#website\"},\"datePublished\":\"2018-08-17T16:02:45+00:00\",\"dateModified\":\"2024-10-31T17:00:45+00:00\",\"breadcrumb\":{\"@id\":\"https:\/\/www.ucatolica.edu.co\/portal\/nuestra-universidad\/contactos-y-ubicaciones\/#breadcrumb\"},\"inLanguage\":\"es-CO\",\"potentialAction\":[{\"@type\":\"ReadAction\",\"target\":[\"https:\/\/www.ucatolica.edu.co\/portal\/nuestra-universidad\/contactos-y-ubicaciones\/\"]}]},{\"@type\":\"BreadcrumbList\",\"@id\":\"https:\/\/www.ucatolica.edu.co\/portal\/nuestra-universidad\/contactos-y-ubicaciones\/#breadcrumb\",\"itemListElement\":[{\"@type\":\"ListItem\",\"position\":1,\"name\":\"Inicio\",\"item\":\"https:\/\/www.ucatolica.edu.co\/portal\/\"},{\"@type\":\"ListItem\",\"position\":2,\"name\":\"Nuestra Universidad\",\"item\":\"https:\/\/www.ucatolica.edu.co\/portal\/nuestra-universidad\/\"},{\"@type\":\"ListItem\",\"position\":3,\"name\":\"Contactos y ubicaciones\"}]},{\"@type\":\"WebSite\",\"@id\":\"https:\/\/www.ucatolica.edu.co\/portal\/#website\",\"url\":\"https:\/\/www.ucatolica.edu.co\/portal\/\",\"name\":\"Universidad Cat\u00f3lica De Colombia\",\"description\":\"Universidad Cat\u00f3lica De Colombia\",\"publisher\":{\"@id\":\"https:\/\/www.ucatolica.edu.co\/portal\/#organization\"},\"potentialAction\":[{\"@type\":\"SearchAction\",\"target\":{\"@type\":\"EntryPoint\",\"urlTemplate\":\"https:\/\/www.ucatolica.edu.co\/portal\/?s={search_term_string}\"},\"query-input\":{\"@type\":\"PropertyValueSpecification\",\"valueRequired\":true,\"valueName\":\"search_term_string\"}}],\"inLanguage\":\"es-CO\"},{\"@type\":\"Organization\",\"@id\":\"https:\/\/www.ucatolica.edu.co\/portal\/#organization\",\"name\":\"Universidad Cat\u00f3lica de Colombia\",\"url\":\"https:\/\/www.ucatolica.edu.co\/portal\/\",\"logo\":{\"@type\":\"ImageObject\",\"inLanguage\":\"es-CO\",\"@id\":\"https:\/\/www.ucatolica.edu.co\/portal\/#\/schema\/logo\/image\/\",\"url\":\"https:\/\/www.ucatolica.edu.co\/portal\/wp-content\/uploads\/2021\/06\/logo-header-ho-1.svg\",\"contentUrl\":\"https:\/\/www.ucatolica.edu.co\/portal\/wp-content\/uploads\/2021\/06\/logo-header-ho-1.svg\",\"width\":1,\"height\":1,\"caption\":\"Universidad Cat\u00f3lica de Colombia\"},\"image\":{\"@id\":\"https:\/\/www.ucatolica.edu.co\/portal\/#\/schema\/logo\/image\/\"},\"sameAs\":[\"https:\/\/www.facebook.com\/ucatolicacolombia\",\"https:\/\/x.com\/UCatolicaCol\",\"https:\/\/www.instagram.com\/universidadcatolicadecolombia\/\",\"https:\/\/www.linkedin.com\/company\/universidadcatolicadecolombia\/\",\"https:\/\/www.youtube.com\/user\/UCatolicaCo\"]}]}<\/script>\n<!-- \/ Yoast SEO plugin. -->","yoast_head_json":{"title":"Contactos y ubicaciones - Universidad Cat\u00f3lica De Colombia","robots":{"index":"index","follow":"follow","max-snippet":"max-snippet:-1","max-image-preview":"max-image-preview:large","max-video-preview":"max-video-preview:-1"},"canonical":"https:\/\/www.ucatolica.edu.co\/portal\/nuestra-universidad\/contactos-y-ubicaciones\/","og_locale":"es_ES","og_type":"article","og_title":"Contactos y ubicaciones - Universidad Cat\u00f3lica De Colombia","og_description":"Datos de Contacto y Ubicaciones &nbsp; A continuaci\u00f3n encontrar\u00e1n las direcciones y los tel\u00e9fonos de las sedes de la Universidad Cat\u00f3lica de Colombia. Direcciones Sede Las Torres Avenida Caracas # 46 &#8211; 72 Sede 4 Carrera 13 # 47 &#8211; 30\u200b Sede Claustro Diagonal 46 A # 15 B \u2013 10 Sede Carrera 13 Carrera [&hellip;]","og_url":"https:\/\/www.ucatolica.edu.co\/portal\/nuestra-universidad\/contactos-y-ubicaciones\/","og_site_name":"Universidad Cat\u00f3lica De Colombia","article_publisher":"https:\/\/www.facebook.com\/ucatolicacolombia","article_modified_time":"2024-10-31T17:00:45+00:00","twitter_card":"summary_large_image","twitter_site":"@UCatolicaCol","twitter_misc":{"Tiempo de lectura":"1 minuto"},"schema":{"@context":"https:\/\/schema.org","@graph":[{"@type":"WebPage","@id":"https:\/\/www.ucatolica.edu.co\/portal\/nuestra-universidad\/contactos-y-ubicaciones\/","url":"https:\/\/www.ucatolica.edu.co\/portal\/nuestra-universidad\/contactos-y-ubicaciones\/","name":"Contactos y ubicaciones - Universidad Cat\u00f3lica De Colombia","isPartOf":{"@id":"https:\/\/www.ucatolica.edu.co\/portal\/#website"},"datePublished":"2018-08-17T16:02:45+00:00","dateModified":"2024-10-31T17:00:45+00:00","breadcrumb":{"@id":"https:\/\/www.ucatolica.edu.co\/portal\/nuestra-universidad\/contactos-y-ubicaciones\/#breadcrumb"},"inLanguage":"es-CO","potentialAction":[{"@type":"ReadAction","target":["https:\/\/www.ucatolica.edu.co\/portal\/nuestra-universidad\/contactos-y-ubicaciones\/"]}]},{"@type":"BreadcrumbList","@id":"https:\/\/www.ucatolica.edu.co\/portal\/nuestra-universidad\/contactos-y-ubicaciones\/#breadcrumb","itemListElement":[{"@type":"ListItem","position":1,"name":"Inicio","item":"https:\/\/www.ucatolica.edu.co\/portal\/"},{"@type":"ListItem","position":2,"name":"Nuestra Universidad","item":"https:\/\/www.ucatolica.edu.co\/portal\/nuestra-universidad\/"},{"@type":"ListItem","position":3,"name":"Contactos y ubicaciones"}]},{"@type":"WebSite","@id":"https:\/\/www.ucatolica.edu.co\/portal\/#website","url":"https:\/\/www.ucatolica.edu.co\/portal\/","name":"Universidad Cat\u00f3lica De Colombia","description":"Universidad Cat\u00f3lica De Colombia","publisher":{"@id":"https:\/\/www.ucatolica.edu.co\/portal\/#organization"},"potentialAction":[{"@type":"SearchAction","target":{"@type":"EntryPoint","urlTemplate":"https:\/\/www.ucatolica.edu.co\/portal\/?s={search_term_string}"},"query-input":{"@type":"PropertyValueSpecification","valueRequired":true,"valueName":"search_term_string"}}],"inLanguage":"es-CO"},{"@type":"Organization","@id":"https:\/\/www.ucatolica.edu.co\/portal\/#organization","name":"Universidad Cat\u00f3lica de Colombia","url":"https:\/\/www.ucatolica.edu.co\/portal\/","logo":{"@type":"ImageObject","inLanguage":"es-CO","@id":"https:\/\/www.ucatolica.edu.co\/portal\/#\/schema\/logo\/image\/","url":"https:\/\/www.ucatolica.edu.co\/portal\/wp-content\/uploads\/2021\/06\/logo-header-ho-1.svg","contentUrl":"https:\/\/www.ucatolica.edu.co\/portal\/wp-content\/uploads\/2021\/06\/logo-header-ho-1.svg","width":1,"height":1,"caption":"Universidad Cat\u00f3lica de Colombia"},"image":{"@id":"https:\/\/www.ucatolica.edu.co\/portal\/#\/schema\/logo\/image\/"},"sameAs":["https:\/\/www.facebook.com\/ucatolicacolombia","https:\/\/x.com\/UCatolicaCol","https:\/\/www.instagram.com\/universidadcatolicadecolombia\/","https:\/\/www.linkedin.com\/company\/universidadcatolicadecolombia\/","https:\/\/www.youtube.com\/user\/UCatolicaCo"]}]}},"coauthors":[],"author_meta":{"author_link":"https:\/\/www.ucatolica.edu.co\/portal\/author\/carrnall\/","display_name":"Carlos Zea"},"relative_dates":{"created":"Posted 8 a\u00f1os ago","modified":"Updated 2 a\u00f1os ago"},"absolute_dates":{"created":"Posted on 17 agosto, 2018","modified":"Updated on 31 octubre, 2024"},"absolute_dates_time":{"created":"Posted on 17 agosto, 2018 4:02 pm","modified":"Updated on 31 octubre, 2024 12:00 pm"},"featured_img_caption":"","featured_img":false,"series_order":"","_links":{"self":[{"href":"https:\/\/www.ucatolica.edu.co\/portal\/wp-json\/wp\/v2\/pages\/156","targetHints":{"allow":["GET"]}}],"collection":[{"href":"https:\/\/www.ucatolica.edu.co\/portal\/wp-json\/wp\/v2\/pages"}],"about":[{"href":"https:\/\/www.ucatolica.edu.co\/portal\/wp-json\/wp\/v2\/types\/page"}],"author":[{"embeddable":true,"href":"https:\/\/www.ucatolica.edu.co\/portal\/wp-json\/wp\/v2\/users\/2"}],"replies":[{"embeddable":true,"href":"https:\/\/www.ucatolica.edu.co\/portal\/wp-json\/wp\/v2\/comments?post=156"}],"version-history":[{"count":4,"href":"https:\/\/www.ucatolica.edu.co\/portal\/wp-json\/wp\/v2\/pages\/156\/revisions"}],"predecessor-version":[{"id":113169,"href":"https:\/\/www.ucatolica.edu.co\/portal\/wp-json\/wp\/v2\/pages\/156\/revisions\/113169"}],"up":[{"embeddable":true,"href":"https:\/\/www.ucatolica.edu.co\/portal\/wp-json\/wp\/v2\/pages\/140"}],"wp:attachment":[{"href":"https:\/\/www.ucatolica.edu.co\/portal\/wp-json\/wp\/v2\/media?parent=156"}],"curies":[{"name":"wp","href":"https:\/\/api.w.org\/{rel}","templated":true}]}}