{"id":17458,"date":"2019-09-19T09:17:11","date_gmt":"2019-09-19T14:17:11","guid":{"rendered":"https:\/\/www.ucatolica.edu.co\/portal\/?page_id=17458"},"modified":"2019-09-19T09:17:11","modified_gmt":"2019-09-19T14:17:11","slug":"rama-estudiantil-ieee","status":"publish","type":"page","link":"https:\/\/www.ucatolica.edu.co\/portal\/rama-estudiantil-ieee\/","title":{"rendered":"Rama Estudiantil IEEE"},"content":{"rendered":"<h2><strong>Rama Estudiantil IEEE<\/strong><\/h2>\n<p><strong>\u00a0<\/strong><\/p>\n<h3><strong>\u00bfQui\u00e9nes Somos?<\/strong><\/h3>\n<p>La\u00a0Rama\u00a0Estudiantil IEEE de la Universidad Cat\u00f3lica de Colombia se caracteriza por fomentar la participaci\u00f3n multidisciplinaria de las diversas \u00e1reas del conocimiento, forjando relaciones con otras instituciones nacionales para un crecimiento personal y profesional de cada uno de los miembros, as\u00ed como potencializar los cap\u00edtulos t\u00e9cnicos y de afinidad.<br \/>\nEl IEEE (Institute of Electrical and Electronic Engineers) es una de las mayores organizaciones estudiantiles y profesionales de todo el mundo, la cual integra\u00a0cient\u00edficos,\u00a0profesionales e ingenieros de diversas \u00e1reas relacionadas con el avance de la tecnolog\u00eda para el beneficio de la humanidad.<\/p>\n<h3><strong>\u00bfC\u00f3mo nos proyectamos?<\/strong><\/h3>\n<p>Para el a\u00f1o 2020, la\u00a0rama\u00a0IEEE\u00a0de la Universidad Cat\u00f3lica de Colombia ser\u00e1 reconocida a nivel nacional por sus capacidades para el desarrollo, planeaci\u00f3n y ejecuci\u00f3n de proyectos y actividades que beneficien a la sociedad, a trav\u00e9s de conocimientos enfocados a la ingenier\u00eda con bases \u00e9ticas. El crecimiento y desarrollo de actividades con EDS y el apoyo de WIE en conjunto con Photonics Society en la Universidad y a nivel nacional. El ser un aliado estrat\u00e9gico para desarrollo de actividades como Zona Centro y otras adicionales como anfitri\u00f3n.<\/p>\n<h3><strong>Pertenece a la rama estudiantil IEEE<\/strong><\/h3>\n<p>Si quieres conocer las diferentes actividades y trabajos, o quieres pertenecer a nuestra rama, puedes escribir al siguiente correo: <em>ramaieee@ucatolica.edu.co<\/em>\u00a0o visitarnos en la oficina de la Rama Estudiantil, Claustro-Bloque O piso 3, en los horarios de lunes 6-8 pm y martes 6-8 pm. Todo estudiante matriculado a la Universidad puede pertenecer a esta rama<\/p>\n<h3><strong>\u00bfQu\u00e9 hace la Rama IEEE en la Universidad?<\/strong><\/h3>\n<p>La Rama estudiantil IEEE de la universidad principalmente desarrolla y participa en actividades e iniciativas que promueva el crecimiento profesional y social.&#8221;<\/p>\n<h3><strong>Trabajos realizados <\/strong><\/h3>\n<p>Semestralmente se lleva a cabo una serie de actividades, algunas de esas son:<\/p>\n<ul>\n<li>Try- Engineering: incentivar a los estudiantes nuevos de la Universidad cat\u00f3lica de Colombia mediante actividades que promuevan la creatividad e innovaci\u00f3n de futuros ingenieros.<\/li>\n<li>Concurso de \u00e9tica: concurso est\u00e1 basado en los que son desarrollaron por IEEE a nivel mundial, con base en el c\u00f3digo de \u00e9tica de IEEE, se eval\u00faan<\/li>\n<li>Navidad Feliz: inciativa de Sight Colombia que regularmente se realiza con el grupo de Pastoral, en el cual se recogen algunos implementos escolares, juguetes y son donados a poblaciones vulnerables.<\/li>\n<\/ul>\n<h3><strong>L\u00edder o director de la Rama IEEE<\/strong><\/h3>\n<p>Ingeniero Camilo T\u00e9llez &#8211; consejero de la Rama Estudiantil<br \/>\nCristhian camilo G\u00f3mez S\u00e1nchez \u2013 Presidente de la Rama<br \/>\nDaniel Esteban Casta\u00f1eda Murillo \u2013 Vice-Presidente<br \/>\nLina Samara Gonz\u00e1lez Buitrago \u2013 Secretaria<br \/>\nNataly Rodr\u00edguez Franco \u2013 Tesorera<\/p>\n<h3><strong>Mayor informaci\u00f3n:<\/strong><\/h3>\n<p>Correo: <a href=\"mailto:ramaieee@ucatolica.edu.co\">ramaieee@ucatolica.edu.co<\/a><\/p>\n","protected":false},"excerpt":{"rendered":"<p>Rama Estudiantil IEEE \u00a0 \u00bfQui\u00e9nes Somos? La\u00a0Rama\u00a0Estudiantil IEEE de la Universidad Cat\u00f3lica de Colombia se caracteriza por fomentar la participaci\u00f3n multidisciplinaria de las diversas \u00e1reas del conocimiento, forjando relaciones con otras instituciones nacionales para un crecimiento personal y profesional de cada uno de los miembros, as\u00ed como potencializar los cap\u00edtulos t\u00e9cnicos y de afinidad. El [&hellip;]<\/p>\n","protected":false},"author":2,"featured_media":0,"parent":0,"menu_order":0,"comment_status":"closed","ping_status":"closed","template":"page-oldstyle.php","meta":{"_acf_changed":false,"advgb_blocks_editor_width":"","advgb_blocks_columns_visual_guide":"","footnotes":""},"class_list":["post-17458","page","type-page","status-publish","hentry"],"acf":[],"yoast_head":"<!-- This site is optimized with the Yoast SEO plugin v26.7 - https:\/\/yoast.com\/wordpress\/plugins\/seo\/ -->\n<title>Rama Estudiantil IEEE - Universidad Cat\u00f3lica De Colombia<\/title>\n<meta name=\"robots\" content=\"index, follow, max-snippet:-1, max-image-preview:large, max-video-preview:-1\" \/>\n<link rel=\"canonical\" href=\"https:\/\/www.ucatolica.edu.co\/portal\/rama-estudiantil-ieee\/\" \/>\n<meta property=\"og:locale\" content=\"es_ES\" \/>\n<meta property=\"og:type\" content=\"article\" \/>\n<meta property=\"og:title\" content=\"Rama Estudiantil IEEE - Universidad Cat\u00f3lica De Colombia\" \/>\n<meta property=\"og:description\" content=\"Rama Estudiantil IEEE \u00a0 \u00bfQui\u00e9nes Somos? La\u00a0Rama\u00a0Estudiantil IEEE de la Universidad Cat\u00f3lica de Colombia se caracteriza por fomentar la participaci\u00f3n multidisciplinaria de las diversas \u00e1reas del conocimiento, forjando relaciones con otras instituciones nacionales para un crecimiento personal y profesional de cada uno de los miembros, as\u00ed como potencializar los cap\u00edtulos t\u00e9cnicos y de afinidad. El [&hellip;]\" \/>\n<meta property=\"og:url\" content=\"https:\/\/www.ucatolica.edu.co\/portal\/rama-estudiantil-ieee\/\" \/>\n<meta property=\"og:site_name\" content=\"Universidad Cat\u00f3lica De Colombia\" \/>\n<meta property=\"article:publisher\" content=\"https:\/\/www.facebook.com\/ucatolicacolombia\" \/>\n<meta name=\"twitter:card\" content=\"summary_large_image\" \/>\n<meta name=\"twitter:site\" content=\"@UCatolicaCol\" \/>\n<meta name=\"twitter:label1\" content=\"Tiempo de lectura\" \/>\n\t<meta name=\"twitter:data1\" content=\"2 minutos\" \/>\n<script type=\"application\/ld+json\" class=\"yoast-schema-graph\">{\"@context\":\"https:\/\/schema.org\",\"@graph\":[{\"@type\":\"WebPage\",\"@id\":\"https:\/\/www.ucatolica.edu.co\/portal\/rama-estudiantil-ieee\/\",\"url\":\"https:\/\/www.ucatolica.edu.co\/portal\/rama-estudiantil-ieee\/\",\"name\":\"Rama Estudiantil IEEE - Universidad Cat\u00f3lica De Colombia\",\"isPartOf\":{\"@id\":\"https:\/\/www.ucatolica.edu.co\/portal\/#website\"},\"datePublished\":\"2019-09-19T14:17:11+00:00\",\"breadcrumb\":{\"@id\":\"https:\/\/www.ucatolica.edu.co\/portal\/rama-estudiantil-ieee\/#breadcrumb\"},\"inLanguage\":\"es-CO\",\"potentialAction\":[{\"@type\":\"ReadAction\",\"target\":[\"https:\/\/www.ucatolica.edu.co\/portal\/rama-estudiantil-ieee\/\"]}]},{\"@type\":\"BreadcrumbList\",\"@id\":\"https:\/\/www.ucatolica.edu.co\/portal\/rama-estudiantil-ieee\/#breadcrumb\",\"itemListElement\":[{\"@type\":\"ListItem\",\"position\":1,\"name\":\"Inicio\",\"item\":\"https:\/\/www.ucatolica.edu.co\/portal\/\"},{\"@type\":\"ListItem\",\"position\":2,\"name\":\"Rama Estudiantil IEEE\"}]},{\"@type\":\"WebSite\",\"@id\":\"https:\/\/www.ucatolica.edu.co\/portal\/#website\",\"url\":\"https:\/\/www.ucatolica.edu.co\/portal\/\",\"name\":\"Universidad Cat\u00f3lica De Colombia\",\"description\":\"Universidad Cat\u00f3lica De Colombia\",\"publisher\":{\"@id\":\"https:\/\/www.ucatolica.edu.co\/portal\/#organization\"},\"potentialAction\":[{\"@type\":\"SearchAction\",\"target\":{\"@type\":\"EntryPoint\",\"urlTemplate\":\"https:\/\/www.ucatolica.edu.co\/portal\/?s={search_term_string}\"},\"query-input\":{\"@type\":\"PropertyValueSpecification\",\"valueRequired\":true,\"valueName\":\"search_term_string\"}}],\"inLanguage\":\"es-CO\"},{\"@type\":\"Organization\",\"@id\":\"https:\/\/www.ucatolica.edu.co\/portal\/#organization\",\"name\":\"Universidad Cat\u00f3lica de Colombia\",\"url\":\"https:\/\/www.ucatolica.edu.co\/portal\/\",\"logo\":{\"@type\":\"ImageObject\",\"inLanguage\":\"es-CO\",\"@id\":\"https:\/\/www.ucatolica.edu.co\/portal\/#\/schema\/logo\/image\/\",\"url\":\"https:\/\/www.ucatolica.edu.co\/portal\/wp-content\/uploads\/2021\/06\/logo-header-ho-1.svg\",\"contentUrl\":\"https:\/\/www.ucatolica.edu.co\/portal\/wp-content\/uploads\/2021\/06\/logo-header-ho-1.svg\",\"width\":1,\"height\":1,\"caption\":\"Universidad Cat\u00f3lica de Colombia\"},\"image\":{\"@id\":\"https:\/\/www.ucatolica.edu.co\/portal\/#\/schema\/logo\/image\/\"},\"sameAs\":[\"https:\/\/www.facebook.com\/ucatolicacolombia\",\"https:\/\/x.com\/UCatolicaCol\",\"https:\/\/www.instagram.com\/universidadcatolicadecolombia\/\",\"https:\/\/www.linkedin.com\/company\/universidadcatolicadecolombia\/\",\"https:\/\/www.youtube.com\/user\/UCatolicaCo\"]}]}<\/script>\n<!-- \/ Yoast SEO plugin. -->","yoast_head_json":{"title":"Rama Estudiantil IEEE - Universidad Cat\u00f3lica De Colombia","robots":{"index":"index","follow":"follow","max-snippet":"max-snippet:-1","max-image-preview":"max-image-preview:large","max-video-preview":"max-video-preview:-1"},"canonical":"https:\/\/www.ucatolica.edu.co\/portal\/rama-estudiantil-ieee\/","og_locale":"es_ES","og_type":"article","og_title":"Rama Estudiantil IEEE - Universidad Cat\u00f3lica De Colombia","og_description":"Rama Estudiantil IEEE \u00a0 \u00bfQui\u00e9nes Somos? La\u00a0Rama\u00a0Estudiantil IEEE de la Universidad Cat\u00f3lica de Colombia se caracteriza por fomentar la participaci\u00f3n multidisciplinaria de las diversas \u00e1reas del conocimiento, forjando relaciones con otras instituciones nacionales para un crecimiento personal y profesional de cada uno de los miembros, as\u00ed como potencializar los cap\u00edtulos t\u00e9cnicos y de afinidad. El [&hellip;]","og_url":"https:\/\/www.ucatolica.edu.co\/portal\/rama-estudiantil-ieee\/","og_site_name":"Universidad Cat\u00f3lica De Colombia","article_publisher":"https:\/\/www.facebook.com\/ucatolicacolombia","twitter_card":"summary_large_image","twitter_site":"@UCatolicaCol","twitter_misc":{"Tiempo de lectura":"2 minutos"},"schema":{"@context":"https:\/\/schema.org","@graph":[{"@type":"WebPage","@id":"https:\/\/www.ucatolica.edu.co\/portal\/rama-estudiantil-ieee\/","url":"https:\/\/www.ucatolica.edu.co\/portal\/rama-estudiantil-ieee\/","name":"Rama Estudiantil IEEE - Universidad Cat\u00f3lica De Colombia","isPartOf":{"@id":"https:\/\/www.ucatolica.edu.co\/portal\/#website"},"datePublished":"2019-09-19T14:17:11+00:00","breadcrumb":{"@id":"https:\/\/www.ucatolica.edu.co\/portal\/rama-estudiantil-ieee\/#breadcrumb"},"inLanguage":"es-CO","potentialAction":[{"@type":"ReadAction","target":["https:\/\/www.ucatolica.edu.co\/portal\/rama-estudiantil-ieee\/"]}]},{"@type":"BreadcrumbList","@id":"https:\/\/www.ucatolica.edu.co\/portal\/rama-estudiantil-ieee\/#breadcrumb","itemListElement":[{"@type":"ListItem","position":1,"name":"Inicio","item":"https:\/\/www.ucatolica.edu.co\/portal\/"},{"@type":"ListItem","position":2,"name":"Rama Estudiantil IEEE"}]},{"@type":"WebSite","@id":"https:\/\/www.ucatolica.edu.co\/portal\/#website","url":"https:\/\/www.ucatolica.edu.co\/portal\/","name":"Universidad Cat\u00f3lica De Colombia","description":"Universidad Cat\u00f3lica De Colombia","publisher":{"@id":"https:\/\/www.ucatolica.edu.co\/portal\/#organization"},"potentialAction":[{"@type":"SearchAction","target":{"@type":"EntryPoint","urlTemplate":"https:\/\/www.ucatolica.edu.co\/portal\/?s={search_term_string}"},"query-input":{"@type":"PropertyValueSpecification","valueRequired":true,"valueName":"search_term_string"}}],"inLanguage":"es-CO"},{"@type":"Organization","@id":"https:\/\/www.ucatolica.edu.co\/portal\/#organization","name":"Universidad Cat\u00f3lica de Colombia","url":"https:\/\/www.ucatolica.edu.co\/portal\/","logo":{"@type":"ImageObject","inLanguage":"es-CO","@id":"https:\/\/www.ucatolica.edu.co\/portal\/#\/schema\/logo\/image\/","url":"https:\/\/www.ucatolica.edu.co\/portal\/wp-content\/uploads\/2021\/06\/logo-header-ho-1.svg","contentUrl":"https:\/\/www.ucatolica.edu.co\/portal\/wp-content\/uploads\/2021\/06\/logo-header-ho-1.svg","width":1,"height":1,"caption":"Universidad Cat\u00f3lica de Colombia"},"image":{"@id":"https:\/\/www.ucatolica.edu.co\/portal\/#\/schema\/logo\/image\/"},"sameAs":["https:\/\/www.facebook.com\/ucatolicacolombia","https:\/\/x.com\/UCatolicaCol","https:\/\/www.instagram.com\/universidadcatolicadecolombia\/","https:\/\/www.linkedin.com\/company\/universidadcatolicadecolombia\/","https:\/\/www.youtube.com\/user\/UCatolicaCo"]}]}},"coauthors":[],"author_meta":{"author_link":"https:\/\/www.ucatolica.edu.co\/portal\/author\/carrnall\/","display_name":"Carlos Zea"},"relative_dates":{"created":"Posted 7 a\u00f1os ago","modified":"Updated 7 a\u00f1os ago"},"absolute_dates":{"created":"Posted on 19 septiembre, 2019","modified":"Updated on 19 septiembre, 2019"},"absolute_dates_time":{"created":"Posted on 19 septiembre, 2019 9:17 am","modified":"Updated on 19 septiembre, 2019 9:17 am"},"featured_img_caption":"","featured_img":false,"series_order":"","_links":{"self":[{"href":"https:\/\/www.ucatolica.edu.co\/portal\/wp-json\/wp\/v2\/pages\/17458","targetHints":{"allow":["GET"]}}],"collection":[{"href":"https:\/\/www.ucatolica.edu.co\/portal\/wp-json\/wp\/v2\/pages"}],"about":[{"href":"https:\/\/www.ucatolica.edu.co\/portal\/wp-json\/wp\/v2\/types\/page"}],"author":[{"embeddable":true,"href":"https:\/\/www.ucatolica.edu.co\/portal\/wp-json\/wp\/v2\/users\/2"}],"replies":[{"embeddable":true,"href":"https:\/\/www.ucatolica.edu.co\/portal\/wp-json\/wp\/v2\/comments?post=17458"}],"version-history":[{"count":0,"href":"https:\/\/www.ucatolica.edu.co\/portal\/wp-json\/wp\/v2\/pages\/17458\/revisions"}],"wp:attachment":[{"href":"https:\/\/www.ucatolica.edu.co\/portal\/wp-json\/wp\/v2\/media?parent=17458"}],"curies":[{"name":"wp","href":"https:\/\/api.w.org\/{rel}","templated":true}]}}