{"id":18902,"date":"2019-10-16T15:03:09","date_gmt":"2019-10-16T20:03:09","guid":{"rendered":"https:\/\/www.ucatolica.edu.co\/portal\/?page_id=18902"},"modified":"2019-10-16T15:03:09","modified_gmt":"2019-10-16T20:03:09","slug":"practicas-especializacion-en-psicologia-clinica","status":"publish","type":"page","link":"https:\/\/www.ucatolica.edu.co\/portal\/practicas-especializacion-en-psicologia-clinica\/","title":{"rendered":"Pr\u00e1cticas Especializaci\u00f3n en  Psicolog\u00eda Cl\u00ednica"},"content":{"rendered":"<h2>Pr\u00e1cticas Especializaci\u00f3n en Psicolog\u00eda Cl\u00ednica<\/h2>\n<p>&nbsp;<br \/>\nCuatro horas para la\u00a0atenci\u00f3n de casos en la Unidad de Servicios Psicol\u00f3gicos de la Universidad Cat\u00f3lica de Colombia en alguno de los siguientes horarios:<\/p>\n<ul>\n<li>Para estudiantes que viven en Bogot\u00e1: lunes a jueves de 5:00 p.m. a 9:00 p.m. o viernes de 7:00 a.m. a 11:00 a.m.<\/li>\n<li>Para estudiantes que viven fuera de Bogot\u00e1: s\u00e1bados de 11:00 a.m. a 3:00 p.m. o 3:00 p.m. a 7:00 p.m. (se programan de acuerdo a disponibilidad)<\/li>\n<\/ul>\n<p>Una hora de supervisi\u00f3n individual\u00a0(se asigna de acuerdo con la disponibilidad horaria de los supervisores)<br \/>\nUna hora de supervisi\u00f3n grupal (se asigna de acuerdo con la disponibilidad horaria de los supervisores).<br \/>\n<strong>Requisitos para la pr\u00e1ctica:<\/strong> estar afiliado a una EPS y estar inscrito en el RETHUS (Secretar\u00eda de Salud)<br \/>\n<strong>Horario de clases (sin electivas):<\/strong> viernes de 6:00 p.m. a 10:00 p.m. y s\u00e1bados de 9:00 a.m. a 6:00 p.m. (seg\u00fan programaci\u00f3n)<br \/>\n<strong>Horario de electivas:<\/strong> El programa incluye tres\u00a0electivas (dos en primer semestre y una en segundo semestre) las cuales pueden ser ofertadas en modalidad presencial o virtual. La oferta de electivas (y su modalidad) est\u00e1 sujeta a la programaci\u00f3n acad\u00e9mica que realiza el programa en cada per\u00edodo acad\u00e9mico.<br \/>\nLos horarios de las electivas en modalidad presencial son los jueves de 6:00 p.m. a 8:00 p.m., los viernes de 4:00 a 6:00 p.m. y los s\u00e1bados de 7:00 a.m. a 9:00 a.m.<\/p>\n","protected":false},"excerpt":{"rendered":"<p>Pr\u00e1cticas Especializaci\u00f3n en Psicolog\u00eda Cl\u00ednica &nbsp; Cuatro horas para la\u00a0atenci\u00f3n de casos en la Unidad de Servicios Psicol\u00f3gicos de la Universidad Cat\u00f3lica de Colombia en alguno de los siguientes horarios: Para estudiantes que viven en Bogot\u00e1: lunes a jueves de 5:00 p.m. a 9:00 p.m. o viernes de 7:00 a.m. a 11:00 a.m. Para estudiantes [&hellip;]<\/p>\n","protected":false},"author":2,"featured_media":0,"parent":0,"menu_order":0,"comment_status":"closed","ping_status":"closed","template":"page-oldstyle.php","meta":{"_acf_changed":false,"advgb_blocks_editor_width":"","advgb_blocks_columns_visual_guide":"","footnotes":""},"class_list":["post-18902","page","type-page","status-publish","hentry"],"acf":[],"yoast_head":"<!-- This site is optimized with the Yoast SEO plugin v26.7 - https:\/\/yoast.com\/wordpress\/plugins\/seo\/ -->\n<title>Pr\u00e1cticas Especializaci\u00f3n en Psicolog\u00eda Cl\u00ednica - Universidad Cat\u00f3lica De Colombia<\/title>\n<meta name=\"robots\" content=\"index, follow, max-snippet:-1, max-image-preview:large, max-video-preview:-1\" \/>\n<link rel=\"canonical\" href=\"https:\/\/www.ucatolica.edu.co\/portal\/practicas-especializacion-en-psicologia-clinica\/\" \/>\n<meta property=\"og:locale\" content=\"es_ES\" \/>\n<meta property=\"og:type\" content=\"article\" \/>\n<meta property=\"og:title\" content=\"Pr\u00e1cticas Especializaci\u00f3n en Psicolog\u00eda Cl\u00ednica - Universidad Cat\u00f3lica De Colombia\" \/>\n<meta property=\"og:description\" content=\"Pr\u00e1cticas Especializaci\u00f3n en Psicolog\u00eda Cl\u00ednica &nbsp; Cuatro horas para la\u00a0atenci\u00f3n de casos en la Unidad de Servicios Psicol\u00f3gicos de la Universidad Cat\u00f3lica de Colombia en alguno de los siguientes horarios: Para estudiantes que viven en Bogot\u00e1: lunes a jueves de 5:00 p.m. a 9:00 p.m. o viernes de 7:00 a.m. a 11:00 a.m. Para estudiantes [&hellip;]\" \/>\n<meta property=\"og:url\" content=\"https:\/\/www.ucatolica.edu.co\/portal\/practicas-especializacion-en-psicologia-clinica\/\" \/>\n<meta property=\"og:site_name\" content=\"Universidad Cat\u00f3lica De Colombia\" \/>\n<meta property=\"article:publisher\" content=\"https:\/\/www.facebook.com\/ucatolicacolombia\" \/>\n<meta name=\"twitter:card\" content=\"summary_large_image\" \/>\n<meta name=\"twitter:site\" content=\"@UCatolicaCol\" \/>\n<meta name=\"twitter:label1\" content=\"Tiempo de lectura\" \/>\n\t<meta name=\"twitter:data1\" content=\"1 minuto\" \/>\n<script type=\"application\/ld+json\" class=\"yoast-schema-graph\">{\"@context\":\"https:\/\/schema.org\",\"@graph\":[{\"@type\":\"WebPage\",\"@id\":\"https:\/\/www.ucatolica.edu.co\/portal\/practicas-especializacion-en-psicologia-clinica\/\",\"url\":\"https:\/\/www.ucatolica.edu.co\/portal\/practicas-especializacion-en-psicologia-clinica\/\",\"name\":\"Pr\u00e1cticas Especializaci\u00f3n en Psicolog\u00eda Cl\u00ednica - Universidad Cat\u00f3lica De Colombia\",\"isPartOf\":{\"@id\":\"https:\/\/www.ucatolica.edu.co\/portal\/#website\"},\"datePublished\":\"2019-10-16T20:03:09+00:00\",\"breadcrumb\":{\"@id\":\"https:\/\/www.ucatolica.edu.co\/portal\/practicas-especializacion-en-psicologia-clinica\/#breadcrumb\"},\"inLanguage\":\"es-CO\",\"potentialAction\":[{\"@type\":\"ReadAction\",\"target\":[\"https:\/\/www.ucatolica.edu.co\/portal\/practicas-especializacion-en-psicologia-clinica\/\"]}]},{\"@type\":\"BreadcrumbList\",\"@id\":\"https:\/\/www.ucatolica.edu.co\/portal\/practicas-especializacion-en-psicologia-clinica\/#breadcrumb\",\"itemListElement\":[{\"@type\":\"ListItem\",\"position\":1,\"name\":\"Inicio\",\"item\":\"https:\/\/www.ucatolica.edu.co\/portal\/\"},{\"@type\":\"ListItem\",\"position\":2,\"name\":\"Pr\u00e1cticas Especializaci\u00f3n en Psicolog\u00eda Cl\u00ednica\"}]},{\"@type\":\"WebSite\",\"@id\":\"https:\/\/www.ucatolica.edu.co\/portal\/#website\",\"url\":\"https:\/\/www.ucatolica.edu.co\/portal\/\",\"name\":\"Universidad Cat\u00f3lica De Colombia\",\"description\":\"Universidad Cat\u00f3lica De Colombia\",\"publisher\":{\"@id\":\"https:\/\/www.ucatolica.edu.co\/portal\/#organization\"},\"potentialAction\":[{\"@type\":\"SearchAction\",\"target\":{\"@type\":\"EntryPoint\",\"urlTemplate\":\"https:\/\/www.ucatolica.edu.co\/portal\/?s={search_term_string}\"},\"query-input\":{\"@type\":\"PropertyValueSpecification\",\"valueRequired\":true,\"valueName\":\"search_term_string\"}}],\"inLanguage\":\"es-CO\"},{\"@type\":\"Organization\",\"@id\":\"https:\/\/www.ucatolica.edu.co\/portal\/#organization\",\"name\":\"Universidad Cat\u00f3lica de Colombia\",\"url\":\"https:\/\/www.ucatolica.edu.co\/portal\/\",\"logo\":{\"@type\":\"ImageObject\",\"inLanguage\":\"es-CO\",\"@id\":\"https:\/\/www.ucatolica.edu.co\/portal\/#\/schema\/logo\/image\/\",\"url\":\"https:\/\/www.ucatolica.edu.co\/portal\/wp-content\/uploads\/2021\/06\/logo-header-ho-1.svg\",\"contentUrl\":\"https:\/\/www.ucatolica.edu.co\/portal\/wp-content\/uploads\/2021\/06\/logo-header-ho-1.svg\",\"width\":1,\"height\":1,\"caption\":\"Universidad Cat\u00f3lica de Colombia\"},\"image\":{\"@id\":\"https:\/\/www.ucatolica.edu.co\/portal\/#\/schema\/logo\/image\/\"},\"sameAs\":[\"https:\/\/www.facebook.com\/ucatolicacolombia\",\"https:\/\/x.com\/UCatolicaCol\",\"https:\/\/www.instagram.com\/universidadcatolicadecolombia\/\",\"https:\/\/www.linkedin.com\/company\/universidadcatolicadecolombia\/\",\"https:\/\/www.youtube.com\/user\/UCatolicaCo\"]}]}<\/script>\n<!-- \/ Yoast SEO plugin. -->","yoast_head_json":{"title":"Pr\u00e1cticas Especializaci\u00f3n en Psicolog\u00eda Cl\u00ednica - Universidad Cat\u00f3lica De Colombia","robots":{"index":"index","follow":"follow","max-snippet":"max-snippet:-1","max-image-preview":"max-image-preview:large","max-video-preview":"max-video-preview:-1"},"canonical":"https:\/\/www.ucatolica.edu.co\/portal\/practicas-especializacion-en-psicologia-clinica\/","og_locale":"es_ES","og_type":"article","og_title":"Pr\u00e1cticas Especializaci\u00f3n en Psicolog\u00eda Cl\u00ednica - Universidad Cat\u00f3lica De Colombia","og_description":"Pr\u00e1cticas Especializaci\u00f3n en Psicolog\u00eda Cl\u00ednica &nbsp; Cuatro horas para la\u00a0atenci\u00f3n de casos en la Unidad de Servicios Psicol\u00f3gicos de la Universidad Cat\u00f3lica de Colombia en alguno de los siguientes horarios: Para estudiantes que viven en Bogot\u00e1: lunes a jueves de 5:00 p.m. a 9:00 p.m. o viernes de 7:00 a.m. a 11:00 a.m. Para estudiantes [&hellip;]","og_url":"https:\/\/www.ucatolica.edu.co\/portal\/practicas-especializacion-en-psicologia-clinica\/","og_site_name":"Universidad Cat\u00f3lica De Colombia","article_publisher":"https:\/\/www.facebook.com\/ucatolicacolombia","twitter_card":"summary_large_image","twitter_site":"@UCatolicaCol","twitter_misc":{"Tiempo de lectura":"1 minuto"},"schema":{"@context":"https:\/\/schema.org","@graph":[{"@type":"WebPage","@id":"https:\/\/www.ucatolica.edu.co\/portal\/practicas-especializacion-en-psicologia-clinica\/","url":"https:\/\/www.ucatolica.edu.co\/portal\/practicas-especializacion-en-psicologia-clinica\/","name":"Pr\u00e1cticas Especializaci\u00f3n en Psicolog\u00eda Cl\u00ednica - Universidad Cat\u00f3lica De Colombia","isPartOf":{"@id":"https:\/\/www.ucatolica.edu.co\/portal\/#website"},"datePublished":"2019-10-16T20:03:09+00:00","breadcrumb":{"@id":"https:\/\/www.ucatolica.edu.co\/portal\/practicas-especializacion-en-psicologia-clinica\/#breadcrumb"},"inLanguage":"es-CO","potentialAction":[{"@type":"ReadAction","target":["https:\/\/www.ucatolica.edu.co\/portal\/practicas-especializacion-en-psicologia-clinica\/"]}]},{"@type":"BreadcrumbList","@id":"https:\/\/www.ucatolica.edu.co\/portal\/practicas-especializacion-en-psicologia-clinica\/#breadcrumb","itemListElement":[{"@type":"ListItem","position":1,"name":"Inicio","item":"https:\/\/www.ucatolica.edu.co\/portal\/"},{"@type":"ListItem","position":2,"name":"Pr\u00e1cticas Especializaci\u00f3n en Psicolog\u00eda Cl\u00ednica"}]},{"@type":"WebSite","@id":"https:\/\/www.ucatolica.edu.co\/portal\/#website","url":"https:\/\/www.ucatolica.edu.co\/portal\/","name":"Universidad Cat\u00f3lica De Colombia","description":"Universidad Cat\u00f3lica De Colombia","publisher":{"@id":"https:\/\/www.ucatolica.edu.co\/portal\/#organization"},"potentialAction":[{"@type":"SearchAction","target":{"@type":"EntryPoint","urlTemplate":"https:\/\/www.ucatolica.edu.co\/portal\/?s={search_term_string}"},"query-input":{"@type":"PropertyValueSpecification","valueRequired":true,"valueName":"search_term_string"}}],"inLanguage":"es-CO"},{"@type":"Organization","@id":"https:\/\/www.ucatolica.edu.co\/portal\/#organization","name":"Universidad Cat\u00f3lica de Colombia","url":"https:\/\/www.ucatolica.edu.co\/portal\/","logo":{"@type":"ImageObject","inLanguage":"es-CO","@id":"https:\/\/www.ucatolica.edu.co\/portal\/#\/schema\/logo\/image\/","url":"https:\/\/www.ucatolica.edu.co\/portal\/wp-content\/uploads\/2021\/06\/logo-header-ho-1.svg","contentUrl":"https:\/\/www.ucatolica.edu.co\/portal\/wp-content\/uploads\/2021\/06\/logo-header-ho-1.svg","width":1,"height":1,"caption":"Universidad Cat\u00f3lica de Colombia"},"image":{"@id":"https:\/\/www.ucatolica.edu.co\/portal\/#\/schema\/logo\/image\/"},"sameAs":["https:\/\/www.facebook.com\/ucatolicacolombia","https:\/\/x.com\/UCatolicaCol","https:\/\/www.instagram.com\/universidadcatolicadecolombia\/","https:\/\/www.linkedin.com\/company\/universidadcatolicadecolombia\/","https:\/\/www.youtube.com\/user\/UCatolicaCo"]}]}},"coauthors":[],"author_meta":{"author_link":"https:\/\/www.ucatolica.edu.co\/portal\/author\/carrnall\/","display_name":"Carlos Zea"},"relative_dates":{"created":"Posted 7 a\u00f1os ago","modified":"Updated 7 a\u00f1os ago"},"absolute_dates":{"created":"Posted on 16 octubre, 2019","modified":"Updated on 16 octubre, 2019"},"absolute_dates_time":{"created":"Posted on 16 octubre, 2019 3:03 pm","modified":"Updated on 16 octubre, 2019 3:03 pm"},"featured_img_caption":"","featured_img":false,"series_order":"","_links":{"self":[{"href":"https:\/\/www.ucatolica.edu.co\/portal\/wp-json\/wp\/v2\/pages\/18902","targetHints":{"allow":["GET"]}}],"collection":[{"href":"https:\/\/www.ucatolica.edu.co\/portal\/wp-json\/wp\/v2\/pages"}],"about":[{"href":"https:\/\/www.ucatolica.edu.co\/portal\/wp-json\/wp\/v2\/types\/page"}],"author":[{"embeddable":true,"href":"https:\/\/www.ucatolica.edu.co\/portal\/wp-json\/wp\/v2\/users\/2"}],"replies":[{"embeddable":true,"href":"https:\/\/www.ucatolica.edu.co\/portal\/wp-json\/wp\/v2\/comments?post=18902"}],"version-history":[{"count":0,"href":"https:\/\/www.ucatolica.edu.co\/portal\/wp-json\/wp\/v2\/pages\/18902\/revisions"}],"wp:attachment":[{"href":"https:\/\/www.ucatolica.edu.co\/portal\/wp-json\/wp\/v2\/media?parent=18902"}],"curies":[{"name":"wp","href":"https:\/\/api.w.org\/{rel}","templated":true}]}}