{"id":23357,"date":"2020-04-03T09:22:34","date_gmt":"2020-04-03T14:22:34","guid":{"rendered":"https:\/\/www.ucatolica.edu.co\/portal\/?page_id=23357"},"modified":"2020-04-03T09:22:34","modified_gmt":"2020-04-03T14:22:34","slug":"lenguas-virtual","status":"publish","type":"page","link":"https:\/\/www.ucatolica.edu.co\/portal\/lenguas-virtual\/","title":{"rendered":"Lenguas Modalidad Remota"},"content":{"rendered":"<h2>Lenguas Modalidad Remota<\/h2>\n<p>&nbsp;<br \/>\nEl Instituto de Lenguas le permite informar a la comunidad educativa del Instituto de Lenguas los diferentes procedimientos que se llevar\u00e1n a cabo durante este tiempo de suspensi\u00f3n de actividades presenciales.<\/p>\n<h4>1 Proceso de Tutor\u00edas:<\/h4>\n<p>Este proceso permite la programaci\u00f3n de tutor\u00edas de manera virtual. La herramienta permite ofrecer un acompa\u00f1amiento para el desarrollo de estrategias conducentes a la resoluci\u00f3n de inquietudes sobre un tema espec\u00edfico.<br \/>\nPara programar la tutor\u00eda haga clic <a href=\"https:\/\/docs.google.com\/forms\/d\/e\/1FAIpQLSc7DDIwErECFvx4wl-09LKmGfbFtrhecDOgACo5UULW0BBK2A\/viewform\" rel=\"noopener\" target=\"_blank\">Aqu\u00ed<\/a><\/p>\n<h4>2 Proceso de presentaci\u00f3n de Examen de Clasificaci\u00f3n:<\/h4>\n<p>Para programar y realizar el examen de clasificaci\u00f3n conozca y descargue el instructivo aqu\u00ed:<\/p>\n<ul>\n<li class=\"pdf\"><a href=\"\/portal\/wp-content\/uploads\/2020\/03\/instructivo-lineamientos-suficiencia-virtual.pdf\" rel=\"noopener\" target=\"_blank\">Instructivo<\/a><\/li>\n<li class=\"pdf\"><a href=\"\/portal\/wp-content\/uploads\/2020\/04\/formato-presentacion-examen-de-clasificacion.pdf\" rel=\"noopener\" target=\"_blank\">Formato de presentaci\u00f3n<\/a><\/li>\n<li class=\"pdf\"><a href=\"\/portal\/wp-content\/uploads\/2020\/04\/resolucion-049.pdf\" rel=\"noopener\" target=\"_blank\">Resoluci\u00f3n 049 (Examen de Ingles Remoto)<\/a><\/li>\n<\/ul>\n<h3>Club de conversaci\u00f3n en ingl\u00e9s<\/h3>\n<p>El Club de Ingl\u00e9s es un espacio que te brinda la posibilidad de aprender cada vez m\u00e1s sobre el idioma y desarrollar estrategias de aprendizaje para que puedas comunicarte de manera efectiva en la lengua inglesa. Este es el espacio perfecto para practicar tus habilidades de habla con un hablante nativo de ingl\u00e9s y tus compa\u00f1eros.<br \/>\n\u00a1Compartiremos nuestras ideas, culturas y hablaremos de varios temas; incluyendo m\u00fasica, cine, eventos actuales y muchos m\u00e1s!<br \/>\n<strong>Horarios: <\/strong><\/p>\n<ul>\n<li>Para estudiantes, jueves  de 2 pm a 4 pm liderado por <strong>Freya McMeeken <\/strong><br \/>\nCon\u00e9ctate <a href=\"https:\/\/meetingsamer11.webex.com\/webappng\/sites\/meetingsamer11\/meeting\/download\/0d5f6016250b4506b425a8ae09bc5fe6?MTID=mb1f94e2ed0d670a58cb279a64e73fe38&#038;siteurl=meetingsamer11\" rel=\"noopener\" target=\"_blank\">aqu\u00ed<\/a><\/li>\n<li>Para profesores y administrativos, mi\u00e9rcoles de 8 am a 10 am por <strong>Hannah Langan<\/strong><br \/>\nCon\u00e9ctate <a href=\"https:\/\/meetingsemea10.webex.com\/meetingsemea10-sp\/j.php?MTID=m1e0b57cb82abcfc5bd2f96ef0bedc684\" rel=\"noopener\" target=\"_blank\">aqu\u00ed<\/a><\/li>\n<\/ul>\n<p>Consulta el cronograma <a href=\"\/portal\/wp-content\/uploads\/2020\/04\/cronograma-club-ingles.pdf\" rel=\"noopener\" target=\"_blank\">aqu\u00ed<\/a> para programarte sobre el tema en cada sesi\u00f3n<br \/>\n&nbsp;<\/p>\n<h5 class=\"eip\">Instituto de Lenguas<\/h5>\n<p class=\"cont\">Carrera 13 No. 47 \u2013 49, Sede carrera 13, bloque B<br \/>\nTel\u00e9fono: (601) 4433700 ext. 5100 &#8211; 5104<br \/>\ninstitutodelenguas@ucatolica.edu.co<\/p>\n<p><!-- CONTENEDOR DOS PARA SIDEBAR --><\/p>\n<div id=\"contenido-dos\">\n<h2>Documentos de Inter\u00e9s<\/h2>\n<ul>\n<li class=\"btn-documentos\"><a href=\"\/portal\/wp-content\/uploads\/2019\/11\/calendario-academico-2020.pdf\" target=\"_blank\" rel=\"noopener\">Calendario Acad\u00e9mico<\/a><\/li>\n<li class=\"btn-documentos\"><a href=\"\/portal\/wp-content\/uploads\/2020\/03\/calendario_academico_2020_docentes_administrativos.pdf\" target=\"_blank\" rel=\"noopener\">Calendario Acad\u00e9mico para profesores y administrativos 2020<\/a><\/li>\n<\/ul>\n<h2><\/h2>\n<ul>\n<li class=\"btn-cinco\"><a href=\"\/portal\/instituto-de-lenguas\/cursos-de-espanol\/\">Spanish program for foreigners<\/a><\/li>\n<li class=\"btn-cinco\"><a href=\"\/portal\/instituto-de-lenguas\/cursos-de-ingles\/\">Cursos de ingl\u00e9s<\/a><\/li>\n<li class=\"btn-cinco\"><a href=\"\/portal\/instituto-de-lenguas\/proceso-de-inscripcion-y-matricula\/\">Inscripci\u00f3n<\/a><\/li>\n<li class=\"btn-cinco\"><a href=\"\/portal\/no-olvides-hacer-tu-examen-de-suficiencia\/\">Examen de clasificaci\u00f3n<\/a><\/li>\n<li class=\"btn-cinco\"><a href=\"\/portal\/instituto-de-lenguas\/proceso-de-presentacion-del-examen-de-suficiencia-de-ingles-para-la-admision-en-el-programa-de-doctorado-en-psicologia\/\">EXAMEN DE CLASIFICACI\u00d3N POSGRADO<\/a><\/li>\n<li class=\"btn-cinco\"><a href=\"\/portal\/no-dejes-de-participar-en-el-club-de-ingles\/\">Club de Ingl\u00e9s<\/a><\/li>\n<li class=\"btn-cinco\"><a href=\"\/portal\/instituto-de-lenguas\/tutorias\/\">Tutor\u00edas<\/a><\/li>\n<li class=\"btn-cinco\"><a href=\"\/portal\/instituto-de-lenguas\/certificados-y-constancias\/\">Certificados y constancias<\/a><\/li>\n<li class=\"btn-cinco\"><a href=\"\/portal\/instituto-de-lenguas\/docentes\/\">Profesor<\/a><\/li>\n<li class=\"btn-cinco\"><a href=\"\/portal\/instituto-de-lenguas\/procedimiento-de-excusas-y-reprogramacion-de-examen\/\">Procedimiento de excusas y reprogramaci\u00f3n de examen<\/a><\/li>\n<\/ul>\n<\/div>\n","protected":false},"excerpt":{"rendered":"<p>Lenguas Modalidad Remota &nbsp; El Instituto de Lenguas le permite informar a la comunidad educativa del Instituto de Lenguas los diferentes procedimientos que se llevar\u00e1n a cabo durante este tiempo de suspensi\u00f3n de actividades presenciales. 1 Proceso de Tutor\u00edas: Este proceso permite la programaci\u00f3n de tutor\u00edas de manera virtual. La herramienta permite ofrecer un acompa\u00f1amiento [&hellip;]<\/p>\n","protected":false},"author":2,"featured_media":0,"parent":0,"menu_order":0,"comment_status":"closed","ping_status":"closed","template":"page-oldstyle.php","meta":{"_acf_changed":false,"advgb_blocks_editor_width":"","advgb_blocks_columns_visual_guide":"","footnotes":""},"class_list":["post-23357","page","type-page","status-publish","hentry"],"acf":[],"yoast_head":"<!-- This site is optimized with the Yoast SEO plugin v26.7 - https:\/\/yoast.com\/wordpress\/plugins\/seo\/ -->\n<title>Lenguas Modalidad Remota - Universidad Cat\u00f3lica De Colombia<\/title>\n<meta name=\"robots\" content=\"index, follow, max-snippet:-1, max-image-preview:large, max-video-preview:-1\" \/>\n<link rel=\"canonical\" href=\"https:\/\/www.ucatolica.edu.co\/portal\/lenguas-virtual\/\" \/>\n<meta property=\"og:locale\" content=\"es_ES\" \/>\n<meta property=\"og:type\" content=\"article\" \/>\n<meta property=\"og:title\" content=\"Lenguas Modalidad Remota - Universidad Cat\u00f3lica De Colombia\" \/>\n<meta property=\"og:description\" content=\"Lenguas Modalidad Remota &nbsp; El Instituto de Lenguas le permite informar a la comunidad educativa del Instituto de Lenguas los diferentes procedimientos que se llevar\u00e1n a cabo durante este tiempo de suspensi\u00f3n de actividades presenciales. 1 Proceso de Tutor\u00edas: Este proceso permite la programaci\u00f3n de tutor\u00edas de manera virtual. La herramienta permite ofrecer un acompa\u00f1amiento [&hellip;]\" \/>\n<meta property=\"og:url\" content=\"https:\/\/www.ucatolica.edu.co\/portal\/lenguas-virtual\/\" \/>\n<meta property=\"og:site_name\" content=\"Universidad Cat\u00f3lica De Colombia\" \/>\n<meta property=\"article:publisher\" content=\"https:\/\/www.facebook.com\/ucatolicacolombia\" \/>\n<meta name=\"twitter:card\" content=\"summary_large_image\" \/>\n<meta name=\"twitter:site\" content=\"@UCatolicaCol\" \/>\n<meta name=\"twitter:label1\" content=\"Tiempo de lectura\" \/>\n\t<meta name=\"twitter:data1\" content=\"2 minutos\" \/>\n<script type=\"application\/ld+json\" class=\"yoast-schema-graph\">{\"@context\":\"https:\/\/schema.org\",\"@graph\":[{\"@type\":\"WebPage\",\"@id\":\"https:\/\/www.ucatolica.edu.co\/portal\/lenguas-virtual\/\",\"url\":\"https:\/\/www.ucatolica.edu.co\/portal\/lenguas-virtual\/\",\"name\":\"Lenguas Modalidad Remota - Universidad Cat\u00f3lica De Colombia\",\"isPartOf\":{\"@id\":\"https:\/\/www.ucatolica.edu.co\/portal\/#website\"},\"datePublished\":\"2020-04-03T14:22:34+00:00\",\"breadcrumb\":{\"@id\":\"https:\/\/www.ucatolica.edu.co\/portal\/lenguas-virtual\/#breadcrumb\"},\"inLanguage\":\"es-CO\",\"potentialAction\":[{\"@type\":\"ReadAction\",\"target\":[\"https:\/\/www.ucatolica.edu.co\/portal\/lenguas-virtual\/\"]}]},{\"@type\":\"BreadcrumbList\",\"@id\":\"https:\/\/www.ucatolica.edu.co\/portal\/lenguas-virtual\/#breadcrumb\",\"itemListElement\":[{\"@type\":\"ListItem\",\"position\":1,\"name\":\"Inicio\",\"item\":\"https:\/\/www.ucatolica.edu.co\/portal\/\"},{\"@type\":\"ListItem\",\"position\":2,\"name\":\"Lenguas Modalidad Remota\"}]},{\"@type\":\"WebSite\",\"@id\":\"https:\/\/www.ucatolica.edu.co\/portal\/#website\",\"url\":\"https:\/\/www.ucatolica.edu.co\/portal\/\",\"name\":\"Universidad Cat\u00f3lica De Colombia\",\"description\":\"Universidad Cat\u00f3lica De Colombia\",\"publisher\":{\"@id\":\"https:\/\/www.ucatolica.edu.co\/portal\/#organization\"},\"potentialAction\":[{\"@type\":\"SearchAction\",\"target\":{\"@type\":\"EntryPoint\",\"urlTemplate\":\"https:\/\/www.ucatolica.edu.co\/portal\/?s={search_term_string}\"},\"query-input\":{\"@type\":\"PropertyValueSpecification\",\"valueRequired\":true,\"valueName\":\"search_term_string\"}}],\"inLanguage\":\"es-CO\"},{\"@type\":\"Organization\",\"@id\":\"https:\/\/www.ucatolica.edu.co\/portal\/#organization\",\"name\":\"Universidad Cat\u00f3lica de Colombia\",\"url\":\"https:\/\/www.ucatolica.edu.co\/portal\/\",\"logo\":{\"@type\":\"ImageObject\",\"inLanguage\":\"es-CO\",\"@id\":\"https:\/\/www.ucatolica.edu.co\/portal\/#\/schema\/logo\/image\/\",\"url\":\"https:\/\/www.ucatolica.edu.co\/portal\/wp-content\/uploads\/2021\/06\/logo-header-ho-1.svg\",\"contentUrl\":\"https:\/\/www.ucatolica.edu.co\/portal\/wp-content\/uploads\/2021\/06\/logo-header-ho-1.svg\",\"width\":1,\"height\":1,\"caption\":\"Universidad Cat\u00f3lica de Colombia\"},\"image\":{\"@id\":\"https:\/\/www.ucatolica.edu.co\/portal\/#\/schema\/logo\/image\/\"},\"sameAs\":[\"https:\/\/www.facebook.com\/ucatolicacolombia\",\"https:\/\/x.com\/UCatolicaCol\",\"https:\/\/www.instagram.com\/universidadcatolicadecolombia\/\",\"https:\/\/www.linkedin.com\/company\/universidadcatolicadecolombia\/\",\"https:\/\/www.youtube.com\/user\/UCatolicaCo\"]}]}<\/script>\n<!-- \/ Yoast SEO plugin. -->","yoast_head_json":{"title":"Lenguas Modalidad Remota - Universidad Cat\u00f3lica De Colombia","robots":{"index":"index","follow":"follow","max-snippet":"max-snippet:-1","max-image-preview":"max-image-preview:large","max-video-preview":"max-video-preview:-1"},"canonical":"https:\/\/www.ucatolica.edu.co\/portal\/lenguas-virtual\/","og_locale":"es_ES","og_type":"article","og_title":"Lenguas Modalidad Remota - Universidad Cat\u00f3lica De Colombia","og_description":"Lenguas Modalidad Remota &nbsp; El Instituto de Lenguas le permite informar a la comunidad educativa del Instituto de Lenguas los diferentes procedimientos que se llevar\u00e1n a cabo durante este tiempo de suspensi\u00f3n de actividades presenciales. 1 Proceso de Tutor\u00edas: Este proceso permite la programaci\u00f3n de tutor\u00edas de manera virtual. La herramienta permite ofrecer un acompa\u00f1amiento [&hellip;]","og_url":"https:\/\/www.ucatolica.edu.co\/portal\/lenguas-virtual\/","og_site_name":"Universidad Cat\u00f3lica De Colombia","article_publisher":"https:\/\/www.facebook.com\/ucatolicacolombia","twitter_card":"summary_large_image","twitter_site":"@UCatolicaCol","twitter_misc":{"Tiempo de lectura":"2 minutos"},"schema":{"@context":"https:\/\/schema.org","@graph":[{"@type":"WebPage","@id":"https:\/\/www.ucatolica.edu.co\/portal\/lenguas-virtual\/","url":"https:\/\/www.ucatolica.edu.co\/portal\/lenguas-virtual\/","name":"Lenguas Modalidad Remota - Universidad Cat\u00f3lica De Colombia","isPartOf":{"@id":"https:\/\/www.ucatolica.edu.co\/portal\/#website"},"datePublished":"2020-04-03T14:22:34+00:00","breadcrumb":{"@id":"https:\/\/www.ucatolica.edu.co\/portal\/lenguas-virtual\/#breadcrumb"},"inLanguage":"es-CO","potentialAction":[{"@type":"ReadAction","target":["https:\/\/www.ucatolica.edu.co\/portal\/lenguas-virtual\/"]}]},{"@type":"BreadcrumbList","@id":"https:\/\/www.ucatolica.edu.co\/portal\/lenguas-virtual\/#breadcrumb","itemListElement":[{"@type":"ListItem","position":1,"name":"Inicio","item":"https:\/\/www.ucatolica.edu.co\/portal\/"},{"@type":"ListItem","position":2,"name":"Lenguas Modalidad Remota"}]},{"@type":"WebSite","@id":"https:\/\/www.ucatolica.edu.co\/portal\/#website","url":"https:\/\/www.ucatolica.edu.co\/portal\/","name":"Universidad Cat\u00f3lica De Colombia","description":"Universidad Cat\u00f3lica De Colombia","publisher":{"@id":"https:\/\/www.ucatolica.edu.co\/portal\/#organization"},"potentialAction":[{"@type":"SearchAction","target":{"@type":"EntryPoint","urlTemplate":"https:\/\/www.ucatolica.edu.co\/portal\/?s={search_term_string}"},"query-input":{"@type":"PropertyValueSpecification","valueRequired":true,"valueName":"search_term_string"}}],"inLanguage":"es-CO"},{"@type":"Organization","@id":"https:\/\/www.ucatolica.edu.co\/portal\/#organization","name":"Universidad Cat\u00f3lica de Colombia","url":"https:\/\/www.ucatolica.edu.co\/portal\/","logo":{"@type":"ImageObject","inLanguage":"es-CO","@id":"https:\/\/www.ucatolica.edu.co\/portal\/#\/schema\/logo\/image\/","url":"https:\/\/www.ucatolica.edu.co\/portal\/wp-content\/uploads\/2021\/06\/logo-header-ho-1.svg","contentUrl":"https:\/\/www.ucatolica.edu.co\/portal\/wp-content\/uploads\/2021\/06\/logo-header-ho-1.svg","width":1,"height":1,"caption":"Universidad Cat\u00f3lica de Colombia"},"image":{"@id":"https:\/\/www.ucatolica.edu.co\/portal\/#\/schema\/logo\/image\/"},"sameAs":["https:\/\/www.facebook.com\/ucatolicacolombia","https:\/\/x.com\/UCatolicaCol","https:\/\/www.instagram.com\/universidadcatolicadecolombia\/","https:\/\/www.linkedin.com\/company\/universidadcatolicadecolombia\/","https:\/\/www.youtube.com\/user\/UCatolicaCo"]}]}},"coauthors":[],"author_meta":{"author_link":"https:\/\/www.ucatolica.edu.co\/portal\/author\/carrnall\/","display_name":"Carlos Zea"},"relative_dates":{"created":"Posted 6 a\u00f1os ago","modified":"Updated 6 a\u00f1os ago"},"absolute_dates":{"created":"Posted on 3 abril, 2020","modified":"Updated on 3 abril, 2020"},"absolute_dates_time":{"created":"Posted on 3 abril, 2020 9:22 am","modified":"Updated on 3 abril, 2020 9:22 am"},"featured_img_caption":"","featured_img":false,"series_order":"","_links":{"self":[{"href":"https:\/\/www.ucatolica.edu.co\/portal\/wp-json\/wp\/v2\/pages\/23357","targetHints":{"allow":["GET"]}}],"collection":[{"href":"https:\/\/www.ucatolica.edu.co\/portal\/wp-json\/wp\/v2\/pages"}],"about":[{"href":"https:\/\/www.ucatolica.edu.co\/portal\/wp-json\/wp\/v2\/types\/page"}],"author":[{"embeddable":true,"href":"https:\/\/www.ucatolica.edu.co\/portal\/wp-json\/wp\/v2\/users\/2"}],"replies":[{"embeddable":true,"href":"https:\/\/www.ucatolica.edu.co\/portal\/wp-json\/wp\/v2\/comments?post=23357"}],"version-history":[{"count":0,"href":"https:\/\/www.ucatolica.edu.co\/portal\/wp-json\/wp\/v2\/pages\/23357\/revisions"}],"wp:attachment":[{"href":"https:\/\/www.ucatolica.edu.co\/portal\/wp-json\/wp\/v2\/media?parent=23357"}],"curies":[{"name":"wp","href":"https:\/\/api.w.org\/{rel}","templated":true}]}}