{"id":23618,"date":"2020-04-15T11:43:04","date_gmt":"2020-04-15T16:43:04","guid":{"rendered":"https:\/\/www.ucatolica.edu.co\/portal\/?page_id=23618"},"modified":"2021-09-22T15:05:02","modified_gmt":"2021-09-22T20:05:02","slug":"oferta-posgrados","status":"publish","type":"page","link":"https:\/\/www.ucatolica.edu.co\/portal\/oferta-posgrados\/","title":{"rendered":"Oferta acad\u00e9mica &#8211; Posgrados"},"content":{"rendered":"<header class=\"col-12 header-aterrizaje\">\n<h1>Programas<\/h1>\n<p>de Posgrados<\/p>\n<h2>Posgrados Universitarios<\/h2>\n<p class=\"lead-title\">Los invitamos a consultar la oferta acad\u00e9mica en Posgrados de la Universidad Cat\u00f3lica de Colombia. Encontrar\u00e1n informaci\u00f3n general sobre las fortalezas de cada uno de los programas.<\/p>\n<div class=\"col-12 col-sm-12 container-posgrados\">\n<h3>Facultad de Psicolog\u00eda<\/h3>\n<p><a class=\"prog-posgrados bg-btn-uno\" href=\"\/portal\/programa\/especializacion-en-psicologia-educativa\/?utm_source=Pagina%20Web&amp;lead_source=Pagina%20Web\">Especializaci\u00f3n en Psicolog\u00eda Educativa<\/a><br \/>\n<a class=\"prog-posgrados bg-btn-uno\" href=\"\/portal\/programa\/especializacion-en-psicologia-juridica\/?utm_source=Pagina%20Web&amp;lead_source=Pagina%20Web\">Especializaci\u00f3n en Psicolog\u00eda Jur\u00eddica<\/a><br \/>\n<a class=\"prog-posgrados bg-btn-dos\" href=\"\/portal\/programa\/especializacion-en-psicologia-de-las-organizaciones\/?utm_source=Pagina%20Web&amp;lead_source=Pagina%20Web\">Especializaci\u00f3n en Psicolog\u00eda de las Organizaciones<\/a><br \/>\n<a class=\"prog-posgrados bg-btn-dos\" href=\"\/portal\/programa\/especializacion-en-psicologia-clinica\/?utm_source=Pagina%20Web&amp;lead_source=Pagina%20Web\">Especializaci\u00f3n en Psicolog\u00eda Cl\u00ednica<\/a><br \/>\n<a class=\"prog-posgrados bg-btn-dos\" href=\"\/portal\/programa\/maestria-en-psicologia\/?utm_source=Pagina%20Web&amp;lead_source=Pagina%20Web\">Maestr\u00eda en Innovaci\u00f3n Psicosocial<\/a><br \/>\n<a class=\"prog-posgrados bg-btn-dos\" href=\"\/portal\/programa\/doctorado-en-psicologia\/?utm_source=Pagina%20Web&amp;lead_source=Pagina%20Web\">Doctorado en Psicolog\u00eda<\/a><\/p>\n<h3>Facultad de Ingenier\u00eda<\/h3>\n<p><a class=\"prog-posgrados bg-btn-tres\" href=\"\/portal\/programa\/especializacion-en-auditoria-de-sistemas-de-informacion\/?utm_source=Pagina%20Web&amp;lead_source=Pagina%20Web\">Especializaci\u00f3n en Auditor\u00eda de Sistemas de Informaci\u00f3n<\/a><br \/>\n<a class=\"prog-posgrados bg-btn-tres\" href=\"\/portal\/programa\/especializacion-en-gerencia-de-obras\/?utm_source=Pagina%20Web&amp;lead_source=Pagina%20Web\">Especializaci\u00f3n en Gerencia de Obras<\/a><br \/>\n<a class=\"prog-posgrados bg-btn-cuatro\" href=\"\/portal\/programa\/especializacion-en-ingenieria-de-pavimentos\/?utm_source=Pagina%20Web&amp;lead_source=Pagina%20Web\">Especializaci\u00f3n en Ingenier\u00eda de Pavimentos<\/a><br \/>\n<a class=\"prog-posgrados bg-btn-cuatro\" href=\"\/portal\/programa\/especializacion-en-recursos-hidricos\/?utm_source=Pagina%20Web&amp;lead_source=Pagina%20Web\">Especializaci\u00f3n en Recursos H\u00eddricos<\/a><br \/>\n<a class=\"prog-posgrados bg-btn-cuatro\" href=\"\/portal\/programa\/especializacion-en-seguridad-de-la-informacion\/?utm_source=Pagina%20Web&amp;lead_source=Pagina%20Web\">Especializaci\u00f3n en Seguridad de la Informaci\u00f3n<\/a><\/p>\n<h3>Facultad de Derecho<\/h3>\n<p><a class=\"prog-posgrados bg-btn-cinco\" href=\"\/portal\/programa\/especializacion-en-derecho-constitucional-y-administrativo\/?utm_source=Pagina%20Web&amp;lead_source=Pagina%20Web\">Especializaci\u00f3n en Derecho Constitucional y Administrativo<\/a><br \/>\n<a class=\"prog-posgrados bg-btn-cinco\" href=\"\/portal\/programa\/especializacion-en-derecho-del-trabajo-y-seguridad-social\/?utm_source=Pagina%20Web&amp;lead_source=Pagina%20Web\">Especializaci\u00f3n en Derecho del Trabajo y Seguridad Social<\/a><br \/>\n<a class=\"prog-posgrados bg-btn-cinco\" href=\"\/portal\/programa\/especializacion-en-derecho-penal-y-ciencias-forenses\/?utm_source=Pagina%20Web&amp;lead_source=Pagina%20Web\">Especializaci\u00f3n en Derecho Penal y Ciencias Forenses<\/a><br \/>\n<a class=\"prog-posgrados bg-btn-uno\" href=\"\/portal\/programa\/especializacion-en-derecho-probatorio\/?utm_source=Pagina%20Web&amp;lead_source=Pagina%20Web\">Especializaci\u00f3n en Derecho Probatorio<\/a><br \/>\n<a class=\"prog-posgrados bg-btn-uno\" href=\"\/portal\/programa\/especializacion-en-derecho-tributario-y-aduanero\/?utm_source=Pagina%20Web&amp;lead_source=Pagina%20Web\">Especializaci\u00f3n en Derecho Tributario y Aduanero<\/a><br \/>\n<a class=\"prog-posgrados bg-btn-dos\" href=\"\/portal\/programa\/especializacion-en-gobierno-y-gestion-del-desarrollo-regional-y-municipal\/?utm_source=Pagina%20Web&amp;lead_source=Pagina%20Web\">Especializaci\u00f3n en Gobierno y Gesti\u00f3n del Desarrollo Regional y Municipal<\/a><br \/>\n<a class=\"prog-posgrados bg-btn-dos\" href=\"\/portal\/programa\/especializacion-en-sistema-penal-acusatorio-virtual\/?utm_source=Pagina%20Web&amp;lead_source=Pagina%20Web\">Especializaci\u00f3n en Sistema Penal Acusatorio  (Virtual)<\/a><br \/>\n<a class=\"prog-posgrados bg-btn-cuatro\" href=\"\/portal\/programa\/maestria-en-derechos-humanos-y-derecho-internacional-humanitario\/?utm_source=Pagina%20Web&amp;lead_source=Pagina%20Web\">Maestr\u00eda en Derechos Humanos y Derecho Internacional Humanitario<\/a><br \/>\n<a class=\"prog-posgrados bg-btn-cuatro\" href=\"\/portal\/programa\/doctorado-en-derecho\/?utm_source=Pagina%20Web&amp;lead_source=Pagina%20Web\">Doctorado en Derecho<\/a><\/p>\n<h3>Facultad de Ciencias Econ\u00f3micas y Administrativas<\/h3>\n<p><a class=\"prog-posgrados bg-btn-tres\" href=\"\/portal\/programa\/especializacion-en-administracion-financiera\/?utm_source=Pagina%20Web&amp;lead_source=Pagina%20Web\">Especializaci\u00f3n en Administraci\u00f3n Financiera<\/a><br \/>\n<a class=\"prog-posgrados bg-btn-tres\" href=\"\/portal\/programa\/especializacion-en-formulacion-y-evaluacion-social-y-economica-de-proyectos\/?utm_source=Pagina%20Web&amp;lead_source=Pagina%20Web\">Especializaci\u00f3n en Formulaci\u00f3n, Evaluaci\u00f3n Social y Econ\u00f3mica de Proyectos<\/a><\/p>\n<h3>Facultad de Dise\u00f1o<\/h3>\n<p><a class=\"prog-posgrados bg-btn-cinco\" href=\"\/portal\/programa\/maestria-en-diseno-sostenible\/?utm_source=Pagina%20Web&amp;lead_source=Pagina%20Web\">Maestr\u00eda en Dise\u00f1o Sostenible<\/a><\/p>\n<\/div>\n<\/header>\n","protected":false},"excerpt":{"rendered":"<p>Programas de Posgrados Posgrados Universitarios Los invitamos a consultar la oferta acad\u00e9mica en Posgrados de la Universidad Cat\u00f3lica de Colombia. Encontrar\u00e1n informaci\u00f3n general sobre las fortalezas de cada uno de los programas. Facultad de Psicolog\u00eda Especializaci\u00f3n en Psicolog\u00eda Educativa Especializaci\u00f3n en Psicolog\u00eda Jur\u00eddica Especializaci\u00f3n en Psicolog\u00eda de las Organizaciones Especializaci\u00f3n en Psicolog\u00eda Cl\u00ednica Maestr\u00eda en [&hellip;]<\/p>\n","protected":false},"author":2,"featured_media":0,"parent":0,"menu_order":0,"comment_status":"closed","ping_status":"closed","template":"page-oldstyle.php","meta":{"_acf_changed":false,"advgb_blocks_editor_width":"","advgb_blocks_columns_visual_guide":"","footnotes":""},"class_list":["post-23618","page","type-page","status-publish","hentry"],"acf":[],"yoast_head":"<!-- This site is optimized with the Yoast SEO plugin v26.7 - https:\/\/yoast.com\/wordpress\/plugins\/seo\/ -->\n<title>Oferta acad\u00e9mica - Posgrados - Universidad Cat\u00f3lica De Colombia<\/title>\n<meta name=\"robots\" content=\"index, follow, max-snippet:-1, max-image-preview:large, max-video-preview:-1\" \/>\n<link rel=\"canonical\" href=\"https:\/\/www.ucatolica.edu.co\/portal\/oferta-posgrados\/\" \/>\n<meta property=\"og:locale\" content=\"es_ES\" \/>\n<meta property=\"og:type\" content=\"article\" \/>\n<meta property=\"og:title\" content=\"Oferta acad\u00e9mica - Posgrados - Universidad Cat\u00f3lica De Colombia\" \/>\n<meta property=\"og:description\" content=\"Programas de Posgrados Posgrados Universitarios Los invitamos a consultar la oferta acad\u00e9mica en Posgrados de la Universidad Cat\u00f3lica de Colombia. Encontrar\u00e1n informaci\u00f3n general sobre las fortalezas de cada uno de los programas. Facultad de Psicolog\u00eda Especializaci\u00f3n en Psicolog\u00eda Educativa Especializaci\u00f3n en Psicolog\u00eda Jur\u00eddica Especializaci\u00f3n en Psicolog\u00eda de las Organizaciones Especializaci\u00f3n en Psicolog\u00eda Cl\u00ednica Maestr\u00eda en [&hellip;]\" \/>\n<meta property=\"og:url\" content=\"https:\/\/www.ucatolica.edu.co\/portal\/oferta-posgrados\/\" \/>\n<meta property=\"og:site_name\" content=\"Universidad Cat\u00f3lica De Colombia\" \/>\n<meta property=\"article:publisher\" content=\"https:\/\/www.facebook.com\/ucatolicacolombia\" \/>\n<meta property=\"article:modified_time\" content=\"2021-09-22T20:05:02+00:00\" \/>\n<meta name=\"twitter:card\" content=\"summary_large_image\" \/>\n<meta name=\"twitter:site\" content=\"@UCatolicaCol\" \/>\n<meta name=\"twitter:label1\" content=\"Tiempo de lectura\" \/>\n\t<meta name=\"twitter:data1\" content=\"1 minuto\" \/>\n<script type=\"application\/ld+json\" class=\"yoast-schema-graph\">{\"@context\":\"https:\/\/schema.org\",\"@graph\":[{\"@type\":\"WebPage\",\"@id\":\"https:\/\/www.ucatolica.edu.co\/portal\/oferta-posgrados\/\",\"url\":\"https:\/\/www.ucatolica.edu.co\/portal\/oferta-posgrados\/\",\"name\":\"Oferta acad\u00e9mica - Posgrados - Universidad Cat\u00f3lica De Colombia\",\"isPartOf\":{\"@id\":\"https:\/\/www.ucatolica.edu.co\/portal\/#website\"},\"datePublished\":\"2020-04-15T16:43:04+00:00\",\"dateModified\":\"2021-09-22T20:05:02+00:00\",\"breadcrumb\":{\"@id\":\"https:\/\/www.ucatolica.edu.co\/portal\/oferta-posgrados\/#breadcrumb\"},\"inLanguage\":\"es-CO\",\"potentialAction\":[{\"@type\":\"ReadAction\",\"target\":[\"https:\/\/www.ucatolica.edu.co\/portal\/oferta-posgrados\/\"]}]},{\"@type\":\"BreadcrumbList\",\"@id\":\"https:\/\/www.ucatolica.edu.co\/portal\/oferta-posgrados\/#breadcrumb\",\"itemListElement\":[{\"@type\":\"ListItem\",\"position\":1,\"name\":\"Inicio\",\"item\":\"https:\/\/www.ucatolica.edu.co\/portal\/\"},{\"@type\":\"ListItem\",\"position\":2,\"name\":\"Oferta acad\u00e9mica &#8211; Posgrados\"}]},{\"@type\":\"WebSite\",\"@id\":\"https:\/\/www.ucatolica.edu.co\/portal\/#website\",\"url\":\"https:\/\/www.ucatolica.edu.co\/portal\/\",\"name\":\"Universidad Cat\u00f3lica De Colombia\",\"description\":\"Universidad Cat\u00f3lica De Colombia\",\"publisher\":{\"@id\":\"https:\/\/www.ucatolica.edu.co\/portal\/#organization\"},\"potentialAction\":[{\"@type\":\"SearchAction\",\"target\":{\"@type\":\"EntryPoint\",\"urlTemplate\":\"https:\/\/www.ucatolica.edu.co\/portal\/?s={search_term_string}\"},\"query-input\":{\"@type\":\"PropertyValueSpecification\",\"valueRequired\":true,\"valueName\":\"search_term_string\"}}],\"inLanguage\":\"es-CO\"},{\"@type\":\"Organization\",\"@id\":\"https:\/\/www.ucatolica.edu.co\/portal\/#organization\",\"name\":\"Universidad Cat\u00f3lica de Colombia\",\"url\":\"https:\/\/www.ucatolica.edu.co\/portal\/\",\"logo\":{\"@type\":\"ImageObject\",\"inLanguage\":\"es-CO\",\"@id\":\"https:\/\/www.ucatolica.edu.co\/portal\/#\/schema\/logo\/image\/\",\"url\":\"https:\/\/www.ucatolica.edu.co\/portal\/wp-content\/uploads\/2021\/06\/logo-header-ho-1.svg\",\"contentUrl\":\"https:\/\/www.ucatolica.edu.co\/portal\/wp-content\/uploads\/2021\/06\/logo-header-ho-1.svg\",\"width\":1,\"height\":1,\"caption\":\"Universidad Cat\u00f3lica de Colombia\"},\"image\":{\"@id\":\"https:\/\/www.ucatolica.edu.co\/portal\/#\/schema\/logo\/image\/\"},\"sameAs\":[\"https:\/\/www.facebook.com\/ucatolicacolombia\",\"https:\/\/x.com\/UCatolicaCol\",\"https:\/\/www.instagram.com\/universidadcatolicadecolombia\/\",\"https:\/\/www.linkedin.com\/company\/universidadcatolicadecolombia\/\",\"https:\/\/www.youtube.com\/user\/UCatolicaCo\"]}]}<\/script>\n<!-- \/ Yoast SEO plugin. -->","yoast_head_json":{"title":"Oferta acad\u00e9mica - Posgrados - Universidad Cat\u00f3lica De Colombia","robots":{"index":"index","follow":"follow","max-snippet":"max-snippet:-1","max-image-preview":"max-image-preview:large","max-video-preview":"max-video-preview:-1"},"canonical":"https:\/\/www.ucatolica.edu.co\/portal\/oferta-posgrados\/","og_locale":"es_ES","og_type":"article","og_title":"Oferta acad\u00e9mica - Posgrados - Universidad Cat\u00f3lica De Colombia","og_description":"Programas de Posgrados Posgrados Universitarios Los invitamos a consultar la oferta acad\u00e9mica en Posgrados de la Universidad Cat\u00f3lica de Colombia. Encontrar\u00e1n informaci\u00f3n general sobre las fortalezas de cada uno de los programas. Facultad de Psicolog\u00eda Especializaci\u00f3n en Psicolog\u00eda Educativa Especializaci\u00f3n en Psicolog\u00eda Jur\u00eddica Especializaci\u00f3n en Psicolog\u00eda de las Organizaciones Especializaci\u00f3n en Psicolog\u00eda Cl\u00ednica Maestr\u00eda en [&hellip;]","og_url":"https:\/\/www.ucatolica.edu.co\/portal\/oferta-posgrados\/","og_site_name":"Universidad Cat\u00f3lica De Colombia","article_publisher":"https:\/\/www.facebook.com\/ucatolicacolombia","article_modified_time":"2021-09-22T20:05:02+00:00","twitter_card":"summary_large_image","twitter_site":"@UCatolicaCol","twitter_misc":{"Tiempo de lectura":"1 minuto"},"schema":{"@context":"https:\/\/schema.org","@graph":[{"@type":"WebPage","@id":"https:\/\/www.ucatolica.edu.co\/portal\/oferta-posgrados\/","url":"https:\/\/www.ucatolica.edu.co\/portal\/oferta-posgrados\/","name":"Oferta acad\u00e9mica - Posgrados - Universidad Cat\u00f3lica De Colombia","isPartOf":{"@id":"https:\/\/www.ucatolica.edu.co\/portal\/#website"},"datePublished":"2020-04-15T16:43:04+00:00","dateModified":"2021-09-22T20:05:02+00:00","breadcrumb":{"@id":"https:\/\/www.ucatolica.edu.co\/portal\/oferta-posgrados\/#breadcrumb"},"inLanguage":"es-CO","potentialAction":[{"@type":"ReadAction","target":["https:\/\/www.ucatolica.edu.co\/portal\/oferta-posgrados\/"]}]},{"@type":"BreadcrumbList","@id":"https:\/\/www.ucatolica.edu.co\/portal\/oferta-posgrados\/#breadcrumb","itemListElement":[{"@type":"ListItem","position":1,"name":"Inicio","item":"https:\/\/www.ucatolica.edu.co\/portal\/"},{"@type":"ListItem","position":2,"name":"Oferta acad\u00e9mica &#8211; Posgrados"}]},{"@type":"WebSite","@id":"https:\/\/www.ucatolica.edu.co\/portal\/#website","url":"https:\/\/www.ucatolica.edu.co\/portal\/","name":"Universidad Cat\u00f3lica De Colombia","description":"Universidad Cat\u00f3lica De Colombia","publisher":{"@id":"https:\/\/www.ucatolica.edu.co\/portal\/#organization"},"potentialAction":[{"@type":"SearchAction","target":{"@type":"EntryPoint","urlTemplate":"https:\/\/www.ucatolica.edu.co\/portal\/?s={search_term_string}"},"query-input":{"@type":"PropertyValueSpecification","valueRequired":true,"valueName":"search_term_string"}}],"inLanguage":"es-CO"},{"@type":"Organization","@id":"https:\/\/www.ucatolica.edu.co\/portal\/#organization","name":"Universidad Cat\u00f3lica de Colombia","url":"https:\/\/www.ucatolica.edu.co\/portal\/","logo":{"@type":"ImageObject","inLanguage":"es-CO","@id":"https:\/\/www.ucatolica.edu.co\/portal\/#\/schema\/logo\/image\/","url":"https:\/\/www.ucatolica.edu.co\/portal\/wp-content\/uploads\/2021\/06\/logo-header-ho-1.svg","contentUrl":"https:\/\/www.ucatolica.edu.co\/portal\/wp-content\/uploads\/2021\/06\/logo-header-ho-1.svg","width":1,"height":1,"caption":"Universidad Cat\u00f3lica de Colombia"},"image":{"@id":"https:\/\/www.ucatolica.edu.co\/portal\/#\/schema\/logo\/image\/"},"sameAs":["https:\/\/www.facebook.com\/ucatolicacolombia","https:\/\/x.com\/UCatolicaCol","https:\/\/www.instagram.com\/universidadcatolicadecolombia\/","https:\/\/www.linkedin.com\/company\/universidadcatolicadecolombia\/","https:\/\/www.youtube.com\/user\/UCatolicaCo"]}]}},"coauthors":[],"author_meta":{"author_link":"https:\/\/www.ucatolica.edu.co\/portal\/author\/carrnall\/","display_name":"Carlos Zea"},"relative_dates":{"created":"Posted 6 a\u00f1os ago","modified":"Updated 5 a\u00f1os ago"},"absolute_dates":{"created":"Posted on 15 abril, 2020","modified":"Updated on 22 septiembre, 2021"},"absolute_dates_time":{"created":"Posted on 15 abril, 2020 11:43 am","modified":"Updated on 22 septiembre, 2021 3:05 pm"},"featured_img_caption":"","featured_img":false,"series_order":"","_links":{"self":[{"href":"https:\/\/www.ucatolica.edu.co\/portal\/wp-json\/wp\/v2\/pages\/23618","targetHints":{"allow":["GET"]}}],"collection":[{"href":"https:\/\/www.ucatolica.edu.co\/portal\/wp-json\/wp\/v2\/pages"}],"about":[{"href":"https:\/\/www.ucatolica.edu.co\/portal\/wp-json\/wp\/v2\/types\/page"}],"author":[{"embeddable":true,"href":"https:\/\/www.ucatolica.edu.co\/portal\/wp-json\/wp\/v2\/users\/2"}],"replies":[{"embeddable":true,"href":"https:\/\/www.ucatolica.edu.co\/portal\/wp-json\/wp\/v2\/comments?post=23618"}],"version-history":[{"count":0,"href":"https:\/\/www.ucatolica.edu.co\/portal\/wp-json\/wp\/v2\/pages\/23618\/revisions"}],"wp:attachment":[{"href":"https:\/\/www.ucatolica.edu.co\/portal\/wp-json\/wp\/v2\/media?parent=23618"}],"curies":[{"name":"wp","href":"https:\/\/api.w.org\/{rel}","templated":true}]}}