{"id":25070,"date":"2020-06-08T10:49:34","date_gmt":"2020-06-08T15:49:34","guid":{"rendered":"https:\/\/www.ucatolica.edu.co\/portal\/?page_id=25070"},"modified":"2023-12-28T21:49:28","modified_gmt":"2023-12-29T02:49:28","slug":"becas-y-descuentos","status":"publish","type":"page","link":"https:\/\/www.ucatolica.edu.co\/portal\/becas-y-descuentos\/","title":{"rendered":"Becas y descuentos"},"content":{"rendered":"<h2>Becas<\/h2>\n<div id=\"accordion\" class=\"panel-group\">\n<div class=\"panel panel-default\">\n<div id=\"heading1\" class=\"panel-heading\">\n<h4 class=\"panel-title\"><a href=\"#collapse1\" data-toggle=\"collapse\" data-parent=\"#accordion\">ICETEX<\/a><\/h4>\n<\/div>\n<div id=\"collapse1\" class=\"panel-collapse collapse\">\n<div class=\"panel-body\">Es el Instituto Colombiano de Cr\u00e9dito Educativo y Estudios T\u00e9cnicos en el Exterior.<br \/>\nICETEX Es una instituci\u00f3n Colombiana que est\u00e1 destinada a promover la educaci\u00f3n superior en Colombia a trav\u00e9s del otorgamiento de cr\u00e9ditos educativos y su recaudo, con recursos propios o de terceros, a la poblaci\u00f3n con menores posibilidades econ\u00f3micas y buen desempe\u00f1o acad\u00e9mico. Igualmente est\u00e1 destinado para facilitar el acceso a las oportunidades educativas que brinda la comunidad internacional para elevar la calidad de vida de los colombianos y as\u00ed contribuir al desarrollo econ\u00f3mico y social del pa\u00eds.<br \/>\n<a href=\"http:\/\/www.icetex.gov.co\/\" target=\"_blank\" rel=\"noopener\">Icetex<\/a><br \/>\n<a href=\"http:\/\/www.icetex.gov.co\/dnnpro5\/es-co\/becas.aspx\" target=\"_blank\" rel=\"noopener\">Informaci\u00f3n de Becas Vigentes<\/a><br \/>\n<a href=\"http:\/\/estudios.unir.net\/programa\/becas-icetex-2016\/539000027573\/\" target=\"_blank\" rel=\"noopener\">Convocatoria ICETEX- Universidad de la Rioja. Marzo 2016<\/a><\/p>\n<ul class=\"documentos\">\n<li class=\"pdf\"><a href=\"https:\/\/www.ucatolica.edu.co\/portal\/wp-content\/uploads\/2015\/12\/oferta-becas-vigentes-icetex.pdf\" target=\"_blank\" rel=\"noopener\">Oferta Becas Vigentes<\/a><\/li>\n<\/ul>\n<\/div>\n<\/div>\n<\/div>\n<div class=\"panel panel-default\">\n<div id=\"heading2\" class=\"panel-heading\">\n<h4 class=\"panel-title\"><a href=\"#collapse2\" data-toggle=\"collapse\" data-parent=\"#accordion\">Colfuturo<\/a><\/h4>\n<\/div>\n<div id=\"collapse2\" class=\"panel-collapse collapse\">\n<div class=\"panel-body\">Se ha consolidado en los programas de consejer\u00eda acad\u00e9mica en educaci\u00f3n internacional; ingl\u00e9s; semillero de talentos regionales; e intermediaci\u00f3n laboral, que apoyan el esfuerzo central del programa de cr\u00e9dito-beca. As\u00ed, la fundaci\u00f3n ofrece un acompa\u00f1amiento completo a los estudiantes en todo el proceso, desde la b\u00fasqueda del programa de posgrado hasta su reinserci\u00f3n en el mercado laboral. COLFUTURO ha sido, desde su creaci\u00f3n, un instrumento para canalizar recursos con el objetivo de brindar una oportunidad a profesionales colombianos destacados que desean salir al mundo, para enriquecer su experiencia de vida y sus conocimientos acad\u00e9micos y luego volver para trabajar por el pa\u00eds.<br \/>\nRequisitos:<\/p>\n<ul>\n<li>Ser colombiano.<\/li>\n<li>Seleccionar un programa que tenga una duraci\u00f3n igual o superior a un a\u00f1o.<\/li>\n<li>Haber recibido el t\u00edtulo de pregrado.<\/li>\n<li>El cr\u00e9dito-beca se otorga para programas que empiezan o que ya se est\u00e1n adelantando.<\/li>\n<li>Tener carta de admisi\u00f3n de alguna universidad en el extranjero.<\/li>\n<li>Dominar un segundo idioma, preferiblemente el ingl\u00e9s.<\/li>\n<\/ul>\n<p>El apoyo de Colfuturo es flexible y puede cubrir rubros como los siguientes:<br \/>\nPasajes a\u00e9reos, gastos de instalaci\u00f3n, matr\u00edcula y cuotas acad\u00e9micas, seguro de salud, sostenimiento, materiales, libros y computador.<br \/>\n<a href=\"http:\/\/www.colfuturo.org\/financiacion-para-posgrados-en-el-exterior\" target=\"_blank\" rel=\"noopener\">Ver Ofertas Actuales<\/a><\/p>\n<\/div>\n<\/div>\n<\/div>\n<div class=\"panel panel-default\">\n<div id=\"heading3\" class=\"panel-heading\">\n<h4 class=\"panel-title\"><a href=\"#collapse3\" data-toggle=\"collapse\" data-parent=\"#accordion\">Universia<\/a><\/h4>\n<\/div>\n<div id=\"collapse3\" class=\"panel-collapse collapse\">\n<div class=\"panel-body\">Es una red constituida por 1.401 universidades de 23 pa\u00edses, que representan a 19.2 millones de estudiantes y profesores. Es la red de universidades m\u00e1s importante de Iberoam\u00e9rica y un referente internacional de relaci\u00f3n universitaria.<br \/>\nUniversia promueve el desarrollo social y empresarial a trav\u00e9s del talento, el conocimiento, la investigaci\u00f3n aplicada y la colaboraci\u00f3n institucional entre universidades y empresas.<br \/>\n<a href=\"https:\/\/orientacion.universia.net.co\/\" target=\"_blank\" rel=\"noopener\">Universia<\/a>\n<\/div>\n<\/div>\n<\/div>\n<div class=\"panel panel-default\">\n<div id=\"heading4\" class=\"panel-heading\">\n<h4 class=\"panel-title\"><a href=\"#collapse4\" data-toggle=\"collapse\" data-parent=\"#accordion\">Otros<\/a><\/h4>\n<\/div>\n<div id=\"collapse4\" class=\"panel-collapse collapse\">\n<div class=\"panel-body\"><strong>PAME- UDUA<\/strong><br \/>\nEl Programa Acad\u00e9mico de Movilidad Educativa &#8211; PAME realizado en el marco de la Uni\u00f3n de Universidades de Am\u00e9rica Latina y el Caribe &#8211; UDUAL, de los cuales la Universidad Cat\u00f3lica de Colombia es participante, ofrece la posibilidad de realizar movilidad de estudiantes con m\u00e1s de 80 universidade de pa\u00edses como Argentina, Bolivia, Brasil, Colombia, Ecuador, Honduras, M\u00e9xico, Nicaragua, Per\u00fa, El Salvador y Uruguay.<br \/>\nEl Programa contempla que cada universidad debe ofrecer a un grupo determinado de instituciones llamado Red Acad\u00e9mica de Movilidad RAM, 5 becas parciales, las cuales solo cubren los costos de matr\u00edcula de sus estudios y 5 becas amplias, en las que se cubre adem\u00e1s de la matr\u00edcula, el alojamiento y la alimentaci\u00f3n.<\/p>\n<p class=\"note\">Para aplicar debes esperar al lanzamiento de las convocatorias en Ucat\u00f3lica.<\/p>\n<p><strong>Bracol<\/strong><br \/>\nEl programa BRACOL es un acuerdo espec\u00edfico firmado entre la Asociaci\u00f3n Colombiana de Universidades (ASCUN) y el Grupo Coimbra de Dirigentes de Universidades Brasile\u00f1as (GCUB), el cual busca promover el intercambio de estudiantes de nivel superior entre Colombia y Brasil, ofreciendo becas que cubren alimentaci\u00f3n y alojamiento.<\/p>\n<p class=\"note\">Para aplicar debes esperar al lanzamiento de las convocatorias en Ucat\u00f3lica.<\/p>\n<\/div>\n<\/div>\n<\/div>\n<\/div>\n<hr class=\"linea-divisoria-orii\" \/>\n<h2>Descuentos para Egresados<\/h2>\n<h3>Posgrados<\/h3>\n<p>Descuentos para egresados de la Universidad Cat\u00f3lica de Colombia.<br \/>\nConozca los posgrados ofrecidos por la Universidad Cat\u00f3lica de Colombia y obtenga cr\u00e9dito financiero y un descuento del 10% sobre el valor de la matr\u00edcula.<\/p>\n<p class=\"note\">Para m\u00e1s informaci\u00f3n comun\u00edquese al tel\u00e9fono 601 4433700.<\/p>\n<h3>Diplomados, Seminarios y Talleres<\/h3>\n<p>Capac\u00edtese, actual\u00edcese y mejore su perfil profesional realizando diplomados, seminarios y talleres en educaci\u00f3n continuada.<\/p>\n<p class=\"note\">Para m\u00e1s informaci\u00f3n comun\u00edquese al tel\u00e9fono 4433700, ext. 1089.<br \/>\nOficina de Relaciones Internacionales e Interinstitucionales<br \/>\nDiagonal 46 A # 15 B \u2013 10, sede Claustro<br \/>\nrelacionesinternacionales@ucatolica.edu.co<\/p>\n<hr class=\"linea-divisoria-orii\" \/>\n<h5>Apoyo Financiero<\/h5>\n<p>Avenida Caracas # 46-72, sede Las Torres, bloque H<br \/>\nTel\u00e9fono: (601) 4433700 exts. 1072, 1074 y 1078<br \/>\ncreditos@ucatolica.edu.co<br \/>\nHorario de atenci\u00f3n:<br \/>\nLunes a viernes de 8:30 a. m. a 6:30 p. m., jornada continua<br \/>\n<!-- CONTENEDOR DOS PARA SIDEBAR --><\/p>\n<div id=\"contenido-dos\">\n<h2>Enlaces de Inter\u00e9s<\/h2>\n<ul>\n<li class=\"btn-cinco\"><a href=\"\/portal\/apoyo-financiero\/\">Convenios<\/a><\/li>\n<\/ul>\n<h2>Documentos de Inter\u00e9s<\/h2>\n<ul>\n<li class=\"btn-documentos pdf\"><a href=\"\/portal\/wp-content\/uploads\/2020\/07\/legalizacion-credito-directo.pdf\" target=\"_blank\" rel=\"noopener\">Instructivo para legalizaci\u00f3n Cr\u00e9dito Directo<\/a><\/li>\n<\/ul>\n<\/div>\n","protected":false},"excerpt":{"rendered":"<p>Becas ICETEX Es el Instituto Colombiano de Cr\u00e9dito Educativo y Estudios T\u00e9cnicos en el Exterior. ICETEX Es una instituci\u00f3n Colombiana que est\u00e1 destinada a promover la educaci\u00f3n superior en Colombia a trav\u00e9s del otorgamiento de cr\u00e9ditos educativos y su recaudo, con recursos propios o de terceros, a la poblaci\u00f3n con menores posibilidades econ\u00f3micas y buen [&hellip;]<\/p>\n","protected":false},"author":2,"featured_media":0,"parent":0,"menu_order":0,"comment_status":"closed","ping_status":"closed","template":"page-oldstyle.php","meta":{"_acf_changed":false,"advgb_blocks_editor_width":"","advgb_blocks_columns_visual_guide":"","footnotes":""},"class_list":["post-25070","page","type-page","status-publish","hentry"],"acf":[],"coauthors":[],"author_meta":{"author_link":"https:\/\/www.ucatolica.edu.co\/portal\/author\/carrnall\/","display_name":"Carlos Zea"},"relative_dates":{"created":"Posted 6 a\u00f1os ago","modified":"Updated 2 a\u00f1os ago"},"absolute_dates":{"created":"Posted on 8 junio, 2020","modified":"Updated on 28 diciembre, 2023"},"absolute_dates_time":{"created":"Posted on 8 junio, 2020 10:49 am","modified":"Updated on 28 diciembre, 2023 9:49 pm"},"featured_img_caption":"","featured_img":false,"series_order":"","_links":{"self":[{"href":"https:\/\/www.ucatolica.edu.co\/portal\/wp-json\/wp\/v2\/pages\/25070","targetHints":{"allow":["GET"]}}],"collection":[{"href":"https:\/\/www.ucatolica.edu.co\/portal\/wp-json\/wp\/v2\/pages"}],"about":[{"href":"https:\/\/www.ucatolica.edu.co\/portal\/wp-json\/wp\/v2\/types\/page"}],"author":[{"embeddable":true,"href":"https:\/\/www.ucatolica.edu.co\/portal\/wp-json\/wp\/v2\/users\/2"}],"replies":[{"embeddable":true,"href":"https:\/\/www.ucatolica.edu.co\/portal\/wp-json\/wp\/v2\/comments?post=25070"}],"version-history":[{"count":2,"href":"https:\/\/www.ucatolica.edu.co\/portal\/wp-json\/wp\/v2\/pages\/25070\/revisions"}],"predecessor-version":[{"id":103226,"href":"https:\/\/www.ucatolica.edu.co\/portal\/wp-json\/wp\/v2\/pages\/25070\/revisions\/103226"}],"wp:attachment":[{"href":"https:\/\/www.ucatolica.edu.co\/portal\/wp-json\/wp\/v2\/media?parent=25070"}],"curies":[{"name":"wp","href":"https:\/\/api.w.org\/{rel}","templated":true}]}}