{"id":37454,"date":"2021-05-10T12:35:56","date_gmt":"2021-05-10T17:35:56","guid":{"rendered":"https:\/\/www.ucatolica.edu.co\/portal\/?page_id=37454"},"modified":"2021-05-10T12:35:56","modified_gmt":"2021-05-10T17:35:56","slug":"somos-talento","status":"publish","type":"page","link":"https:\/\/www.ucatolica.edu.co\/portal\/somos-talento\/","title":{"rendered":"Somos Talento"},"content":{"rendered":"<h2>SOMOS TALENTO HUMANO<\/h2>\n<p><strong>Autoservicio Profesor y Administrativos<\/strong><br \/>\nEl autoservicio es una opci\u00f3n en la cual los colaboradores activos de la Universidad pueden ingresar de manera aut\u00f3noma, con su usuario y contrase\u00f1a de correo para adelantar varios de los procesos de la Divisi\u00f3n de Gesti\u00f3n del Talento Humano.<br \/>\nDentro de las opciones disponibles el colaborador puede solicitar, visualizar y\/o descargar de manera f\u00e1cil e inmediata los siguientes documentos:<\/p>\n<div id=\"accordion\" class=\"panel-group\">\n<div class=\"panel panel-default\">\n<div id=\"headingUno\" class=\"panel-heading\">\n<h4 class=\"panel-title\"><a href=\"#collapseUno\" data-toggle=\"collapse\" data-parent=\"#accordion\">Certificaciones laborales<\/a><\/h4>\n<\/div>\n<div id=\"collapseUno\" class=\"panel-collapse collapse\">\n<div class=\"panel-body\">\n<ul>\n<li>El \u00fanico canal para realizar solicitudes de certificaciones <strong>para los trabajadores activos<\/strong> es a trav\u00e9s del autoservicio <a href=\"https:\/\/gch.ucatolica.edu.co:8600\/psp\/UCHC92PR\/?cmd=login&amp;languageCd=ESP&amp;\" target=\"_blank\" rel=\"noopener\">aqu\u00ed<\/a><\/li>\n<li><strong>Las certificaciones para los contratos por prestaci\u00f3n de servicios deben<\/strong> solicitarse a trav\u00e9s del correo electr\u00f3nico <a href=\"mailto:certificados_laborales@ucatolica.edu.co\" target=\"_blank\" rel=\"noopener\">certificados_laborales@ucatolica.edu.co<\/a>.Est\u00e1s certificaciones presentan en su contenido el objeto del contrato, el plazo, ultimo valor del contrato y la forma de pago.<\/li>\n<li>La certificaciones <strong>para trabajadores retirados<\/strong> se deben solicitar a trav\u00e9s del correo electr\u00f3nico <a href=\"mailto:certificados_laborales@ucatolica.edu.co\" target=\"_blank\" rel=\"noopener\">certificados_laborales@ucatolica.edu.co<\/a>, con las siguientes especificaciones: Nombres y Apellidos Completos, N\u00famero de C\u00e9dula, si la requiere con la descripci\u00f3n detallada de la carga acad\u00e9mica o solo la relaci\u00f3n contractual.<\/li>\n<li>Las certificaciones solicitadas con funciones para los trabajadores administrativos activos e inactivos se generan con la informaci\u00f3n correspondiente al \u00faltimo cargo desempe\u00f1ado por el solicitante.<\/li>\n<li>Las certificaciones solicitadas por parte de los <strong>trabajadores activos se gestionar\u00e1n de 5 a 10 d\u00edas h\u00e1biles<\/strong>, lo anterior dependiendo de la complejidad de elaboraci\u00f3n y de las fuentes de informaci\u00f3n que se deban consultar.Los d\u00edas se contar\u00e1n a partir de un d\u00eda h\u00e1bil siguiente de realizada la solicitud.<\/li>\n<li>Las certificaciones solicitadas por parte de aquellos <strong>trabajadores que dejaron de pertenecer a la Instituci\u00f3n se gestionaran<\/strong> entre <strong>10 a 15 d\u00edas<\/strong> h\u00e1biles, lo anterior dependiendo de la complejidad de elaboraci\u00f3n y de las fuentes de informaci\u00f3n que se deban consultar.Los d\u00edas se contar\u00e1n a partir de un d\u00eda h\u00e1bil siguiente de realizada la solicitud.<\/li>\n<li>Solo se tramitan los certificados que hayan sido solicitados por medio del correo publicado,  tanto para el caso del personal retirado c\u00f3mo para las certificaciones de contratos por prestaci\u00f3n de servicios.<\/li>\n<li>La Universidad Cat\u00f3lica de Colombia como empleadora entregar\u00e1 una certificaci\u00f3n al trabajador que lo solicite, a la expiraci\u00f3n del contrato, una certificaci\u00f3n en que consten el tiempo de servicio, la \u00edndole de la labor y el salario devengado de acuerdo con lo establecido en el Art\u00edculo 57 numeral 7 del C\u00f3digo Sustantivo del Trabajo.<\/li>\n<\/ul>\n<p><strong>Para consultar cualquier inquietud sobre el tramite de su certificaci\u00f3n el usuario puede comunicarse al correo electr\u00f3nico<\/strong><br \/>\n<a href=\"mailto:certificados_laborales@ucatolica.edu.co\" target=\"_blank\" rel=\"noopener\">certificados_laborales@ucatolica.edu.co<\/a><br \/>\no al n\u00famero 4433700 Ext. 1185\n<\/div>\n<\/div>\n<\/div>\n<div class=\"panel panel-default\">\n<div id=\"headingDos\" class=\"panel-heading\">\n<h4 class=\"panel-title\"><a href=\"#collapseDos\" data-toggle=\"collapse\" data-parent=\"#accordion\">Desprendibles de pago<\/a><\/h4>\n<\/div>\n<div id=\"collapseDos\" class=\"panel-collapse collapse\">\n<div class=\"panel-body\">\nIngresando a esta opci\u00f3n podr\u00e1 generar todos sus desprendibles de pago mes a mes incluyendo desprendibles de n\u00f3mina mensual y desprendibles de prima:<\/p>\n<ul>\n<li>Ingresar al autoservicio<a href=\"https:\/\/gch.ucatolica.edu.co:8600\/psp\/UCHC92PR\/?cmd=login&amp;languageCd=ESP&amp;\" target=\"_blank\" rel=\"noopener\"> aqu\u00ed<\/a><\/li>\n<li>Autenticarse con usuario y clave<\/li>\n<li>Seleccione la opci\u00f3n desprendible de pago en el menu\u0301 principal del autoservicio.<\/li>\n<\/ul>\n<\/div>\n<\/div>\n<\/div>\n<div class=\"panel panel-default\">\n<div id=\"headingTres\" class=\"panel-heading\">\n<h4 class=\"panel-title\"><a href=\"#collapseTres\" data-toggle=\"collapse\" data-parent=\"#accordion\">Certificado de ingresos y retenciones<\/a><\/h4>\n<\/div>\n<div id=\"collapseTres\" class=\"panel-collapse collapse\">\n<div class=\"panel-body\">\nPara solicitar su certificado de ingresos y retenciones siga los siguientes pasos en el autoservicio:<\/p>\n<ul>\n<li>Ingresar al autoservicio <a href=\"https:\/\/gch.ucatolica.edu.co:8600\/psp\/UCHC92PR\/?cmd=login&amp;languageCd=ESP&amp;\" target=\"_blank\" rel=\"noopener\">aqu\u00ed<\/a><\/li>\n<li>Autenticarse con usuario y clave<\/li>\n<li>Ingresar a la transacci\u00f3n Certificado de Ingresos y Retenciones<\/li>\n<li>seleccionar la opci\u00f3n \u201cCertificado de Ingresos y Retenciones\u201d del men\u00fa principal.<\/li>\n<\/ul>\n<\/div>\n<\/div>\n<\/div>\n<\/div>\n<p><em><strong><a href=\"\/portal\/wp-content\/uploads\/adjuntos\/convivencia-laboral\/manual_autoservicio.pdf\" rel=\"noopener\" target=\"_blank\">Consulte el manual de autoservicio<\/a><\/strong><\/em><br \/>\n<!-- CONTENEDOR DOS PARA SIDEBAR --><\/p>\n<div id=\"contenido-dos\">\n<h2>Accesos de Inter\u00e9s<\/h2>\n<ul>\n<li class=\"btn-cinco\"><a href=\"https:\/\/spr.ucatolica.edu.co\/alaska15\/servlet\/com.spr.loginspr\" target=\"_blank\" rel=\"noopener\">Sistema de Pr\u00e9stamo de Recursos<\/a><\/li>\n<\/ul>\n<\/div>\n","protected":false},"excerpt":{"rendered":"<p>SOMOS TALENTO HUMANO Autoservicio Profesor y Administrativos El autoservicio es una opci\u00f3n en la cual los colaboradores activos de la Universidad pueden ingresar de manera aut\u00f3noma, con su usuario y contrase\u00f1a de correo para adelantar varios de los procesos de la Divisi\u00f3n de Gesti\u00f3n del Talento Humano. Dentro de las opciones disponibles el colaborador puede [&hellip;]<\/p>\n","protected":false},"author":2,"featured_media":0,"parent":0,"menu_order":0,"comment_status":"closed","ping_status":"closed","template":"page-oldstyle.php","meta":{"_acf_changed":false,"advgb_blocks_editor_width":"","advgb_blocks_columns_visual_guide":"","footnotes":""},"class_list":["post-37454","page","type-page","status-publish","hentry"],"acf":[],"yoast_head":"<!-- This site is optimized with the Yoast SEO plugin v26.7 - https:\/\/yoast.com\/wordpress\/plugins\/seo\/ -->\n<title>Somos Talento - Universidad Cat\u00f3lica De Colombia<\/title>\n<meta name=\"robots\" content=\"index, follow, max-snippet:-1, max-image-preview:large, max-video-preview:-1\" \/>\n<link rel=\"canonical\" href=\"https:\/\/www.ucatolica.edu.co\/portal\/somos-talento\/\" \/>\n<meta property=\"og:locale\" content=\"es_ES\" \/>\n<meta property=\"og:type\" content=\"article\" \/>\n<meta property=\"og:title\" content=\"Somos Talento - Universidad Cat\u00f3lica De Colombia\" \/>\n<meta property=\"og:description\" content=\"SOMOS TALENTO HUMANO Autoservicio Profesor y Administrativos El autoservicio es una opci\u00f3n en la cual los colaboradores activos de la Universidad pueden ingresar de manera aut\u00f3noma, con su usuario y contrase\u00f1a de correo para adelantar varios de los procesos de la Divisi\u00f3n de Gesti\u00f3n del Talento Humano. Dentro de las opciones disponibles el colaborador puede [&hellip;]\" \/>\n<meta property=\"og:url\" content=\"https:\/\/www.ucatolica.edu.co\/portal\/somos-talento\/\" \/>\n<meta property=\"og:site_name\" content=\"Universidad Cat\u00f3lica De Colombia\" \/>\n<meta property=\"article:publisher\" content=\"https:\/\/www.facebook.com\/ucatolicacolombia\" \/>\n<meta name=\"twitter:card\" content=\"summary_large_image\" \/>\n<meta name=\"twitter:site\" content=\"@UCatolicaCol\" \/>\n<meta name=\"twitter:label1\" content=\"Tiempo de lectura\" \/>\n\t<meta name=\"twitter:data1\" content=\"3 minutos\" \/>\n<script type=\"application\/ld+json\" class=\"yoast-schema-graph\">{\"@context\":\"https:\/\/schema.org\",\"@graph\":[{\"@type\":\"WebPage\",\"@id\":\"https:\/\/www.ucatolica.edu.co\/portal\/somos-talento\/\",\"url\":\"https:\/\/www.ucatolica.edu.co\/portal\/somos-talento\/\",\"name\":\"Somos Talento - Universidad Cat\u00f3lica De Colombia\",\"isPartOf\":{\"@id\":\"https:\/\/www.ucatolica.edu.co\/portal\/#website\"},\"datePublished\":\"2021-05-10T17:35:56+00:00\",\"breadcrumb\":{\"@id\":\"https:\/\/www.ucatolica.edu.co\/portal\/somos-talento\/#breadcrumb\"},\"inLanguage\":\"es-CO\",\"potentialAction\":[{\"@type\":\"ReadAction\",\"target\":[\"https:\/\/www.ucatolica.edu.co\/portal\/somos-talento\/\"]}]},{\"@type\":\"BreadcrumbList\",\"@id\":\"https:\/\/www.ucatolica.edu.co\/portal\/somos-talento\/#breadcrumb\",\"itemListElement\":[{\"@type\":\"ListItem\",\"position\":1,\"name\":\"Inicio\",\"item\":\"https:\/\/www.ucatolica.edu.co\/portal\/\"},{\"@type\":\"ListItem\",\"position\":2,\"name\":\"Somos Talento\"}]},{\"@type\":\"WebSite\",\"@id\":\"https:\/\/www.ucatolica.edu.co\/portal\/#website\",\"url\":\"https:\/\/www.ucatolica.edu.co\/portal\/\",\"name\":\"Universidad Cat\u00f3lica De Colombia\",\"description\":\"Universidad Cat\u00f3lica De Colombia\",\"publisher\":{\"@id\":\"https:\/\/www.ucatolica.edu.co\/portal\/#organization\"},\"potentialAction\":[{\"@type\":\"SearchAction\",\"target\":{\"@type\":\"EntryPoint\",\"urlTemplate\":\"https:\/\/www.ucatolica.edu.co\/portal\/?s={search_term_string}\"},\"query-input\":{\"@type\":\"PropertyValueSpecification\",\"valueRequired\":true,\"valueName\":\"search_term_string\"}}],\"inLanguage\":\"es-CO\"},{\"@type\":\"Organization\",\"@id\":\"https:\/\/www.ucatolica.edu.co\/portal\/#organization\",\"name\":\"Universidad Cat\u00f3lica de Colombia\",\"url\":\"https:\/\/www.ucatolica.edu.co\/portal\/\",\"logo\":{\"@type\":\"ImageObject\",\"inLanguage\":\"es-CO\",\"@id\":\"https:\/\/www.ucatolica.edu.co\/portal\/#\/schema\/logo\/image\/\",\"url\":\"https:\/\/www.ucatolica.edu.co\/portal\/wp-content\/uploads\/2021\/06\/logo-header-ho-1.svg\",\"contentUrl\":\"https:\/\/www.ucatolica.edu.co\/portal\/wp-content\/uploads\/2021\/06\/logo-header-ho-1.svg\",\"width\":1,\"height\":1,\"caption\":\"Universidad Cat\u00f3lica de Colombia\"},\"image\":{\"@id\":\"https:\/\/www.ucatolica.edu.co\/portal\/#\/schema\/logo\/image\/\"},\"sameAs\":[\"https:\/\/www.facebook.com\/ucatolicacolombia\",\"https:\/\/x.com\/UCatolicaCol\",\"https:\/\/www.instagram.com\/universidadcatolicadecolombia\/\",\"https:\/\/www.linkedin.com\/company\/universidadcatolicadecolombia\/\",\"https:\/\/www.youtube.com\/user\/UCatolicaCo\"]}]}<\/script>\n<!-- \/ Yoast SEO plugin. -->","yoast_head_json":{"title":"Somos Talento - Universidad Cat\u00f3lica De Colombia","robots":{"index":"index","follow":"follow","max-snippet":"max-snippet:-1","max-image-preview":"max-image-preview:large","max-video-preview":"max-video-preview:-1"},"canonical":"https:\/\/www.ucatolica.edu.co\/portal\/somos-talento\/","og_locale":"es_ES","og_type":"article","og_title":"Somos Talento - Universidad Cat\u00f3lica De Colombia","og_description":"SOMOS TALENTO HUMANO Autoservicio Profesor y Administrativos El autoservicio es una opci\u00f3n en la cual los colaboradores activos de la Universidad pueden ingresar de manera aut\u00f3noma, con su usuario y contrase\u00f1a de correo para adelantar varios de los procesos de la Divisi\u00f3n de Gesti\u00f3n del Talento Humano. Dentro de las opciones disponibles el colaborador puede [&hellip;]","og_url":"https:\/\/www.ucatolica.edu.co\/portal\/somos-talento\/","og_site_name":"Universidad Cat\u00f3lica De Colombia","article_publisher":"https:\/\/www.facebook.com\/ucatolicacolombia","twitter_card":"summary_large_image","twitter_site":"@UCatolicaCol","twitter_misc":{"Tiempo de lectura":"3 minutos"},"schema":{"@context":"https:\/\/schema.org","@graph":[{"@type":"WebPage","@id":"https:\/\/www.ucatolica.edu.co\/portal\/somos-talento\/","url":"https:\/\/www.ucatolica.edu.co\/portal\/somos-talento\/","name":"Somos Talento - Universidad Cat\u00f3lica De Colombia","isPartOf":{"@id":"https:\/\/www.ucatolica.edu.co\/portal\/#website"},"datePublished":"2021-05-10T17:35:56+00:00","breadcrumb":{"@id":"https:\/\/www.ucatolica.edu.co\/portal\/somos-talento\/#breadcrumb"},"inLanguage":"es-CO","potentialAction":[{"@type":"ReadAction","target":["https:\/\/www.ucatolica.edu.co\/portal\/somos-talento\/"]}]},{"@type":"BreadcrumbList","@id":"https:\/\/www.ucatolica.edu.co\/portal\/somos-talento\/#breadcrumb","itemListElement":[{"@type":"ListItem","position":1,"name":"Inicio","item":"https:\/\/www.ucatolica.edu.co\/portal\/"},{"@type":"ListItem","position":2,"name":"Somos Talento"}]},{"@type":"WebSite","@id":"https:\/\/www.ucatolica.edu.co\/portal\/#website","url":"https:\/\/www.ucatolica.edu.co\/portal\/","name":"Universidad Cat\u00f3lica De Colombia","description":"Universidad Cat\u00f3lica De Colombia","publisher":{"@id":"https:\/\/www.ucatolica.edu.co\/portal\/#organization"},"potentialAction":[{"@type":"SearchAction","target":{"@type":"EntryPoint","urlTemplate":"https:\/\/www.ucatolica.edu.co\/portal\/?s={search_term_string}"},"query-input":{"@type":"PropertyValueSpecification","valueRequired":true,"valueName":"search_term_string"}}],"inLanguage":"es-CO"},{"@type":"Organization","@id":"https:\/\/www.ucatolica.edu.co\/portal\/#organization","name":"Universidad Cat\u00f3lica de Colombia","url":"https:\/\/www.ucatolica.edu.co\/portal\/","logo":{"@type":"ImageObject","inLanguage":"es-CO","@id":"https:\/\/www.ucatolica.edu.co\/portal\/#\/schema\/logo\/image\/","url":"https:\/\/www.ucatolica.edu.co\/portal\/wp-content\/uploads\/2021\/06\/logo-header-ho-1.svg","contentUrl":"https:\/\/www.ucatolica.edu.co\/portal\/wp-content\/uploads\/2021\/06\/logo-header-ho-1.svg","width":1,"height":1,"caption":"Universidad Cat\u00f3lica de Colombia"},"image":{"@id":"https:\/\/www.ucatolica.edu.co\/portal\/#\/schema\/logo\/image\/"},"sameAs":["https:\/\/www.facebook.com\/ucatolicacolombia","https:\/\/x.com\/UCatolicaCol","https:\/\/www.instagram.com\/universidadcatolicadecolombia\/","https:\/\/www.linkedin.com\/company\/universidadcatolicadecolombia\/","https:\/\/www.youtube.com\/user\/UCatolicaCo"]}]}},"coauthors":[],"author_meta":{"author_link":"https:\/\/www.ucatolica.edu.co\/portal\/author\/carrnall\/","display_name":"Carlos Zea"},"relative_dates":{"created":"Posted 5 a\u00f1os ago","modified":"Updated 5 a\u00f1os ago"},"absolute_dates":{"created":"Posted on 10 mayo, 2021","modified":"Updated on 10 mayo, 2021"},"absolute_dates_time":{"created":"Posted on 10 mayo, 2021 12:35 pm","modified":"Updated on 10 mayo, 2021 12:35 pm"},"featured_img_caption":"","featured_img":false,"series_order":"","_links":{"self":[{"href":"https:\/\/www.ucatolica.edu.co\/portal\/wp-json\/wp\/v2\/pages\/37454","targetHints":{"allow":["GET"]}}],"collection":[{"href":"https:\/\/www.ucatolica.edu.co\/portal\/wp-json\/wp\/v2\/pages"}],"about":[{"href":"https:\/\/www.ucatolica.edu.co\/portal\/wp-json\/wp\/v2\/types\/page"}],"author":[{"embeddable":true,"href":"https:\/\/www.ucatolica.edu.co\/portal\/wp-json\/wp\/v2\/users\/2"}],"replies":[{"embeddable":true,"href":"https:\/\/www.ucatolica.edu.co\/portal\/wp-json\/wp\/v2\/comments?post=37454"}],"version-history":[{"count":0,"href":"https:\/\/www.ucatolica.edu.co\/portal\/wp-json\/wp\/v2\/pages\/37454\/revisions"}],"wp:attachment":[{"href":"https:\/\/www.ucatolica.edu.co\/portal\/wp-json\/wp\/v2\/media?parent=37454"}],"curies":[{"name":"wp","href":"https:\/\/api.w.org\/{rel}","templated":true}]}}