{"id":417,"date":"2018-08-27T08:27:08","date_gmt":"2018-08-27T13:27:08","guid":{"rendered":"http:\/\/localhost:8888\/portal\/?page_id=417"},"modified":"2026-02-13T14:16:33","modified_gmt":"2026-02-13T19:16:33","slug":"encuentra-lo-perdido","status":"publish","type":"page","link":"https:\/\/www.ucatolica.edu.co\/portal\/vida-universitaria\/encuentra-lo-perdido\/","title":{"rendered":"Encuentra lo perdido"},"content":{"rendered":"<h2>Encuentra lo perdido<\/h2>\n<h3>\u00bfQu\u00e9 es?<\/h3>\n<p>Su intenci\u00f3n es compartir la magia de la solidaridad y encontrar lo mejor de s\u00ed mismo. Cuando una persona encuentre un objeto perdido, debe llevarlo a la Casa de Bienestar Universitario, es un gesto amable de solidaridad.<br \/>\n\u00a1Le puede pasar a cualquiera!<\/p>\n<h3>\u00bfQu\u00e9 hacer si se te pierde algo?<\/h3>\n<p>Puedes:<\/p>\n<ul class=\"list-inside\">\n<li>Llevar el objeto perdido a cualquiera de las porter\u00edas y dejar la notificaci\u00f3n con las personas de seguridad de la Universidad. Ellos har\u00e1n el tr\u00e1mite correspondiente para hacer la devoluci\u00f3n o tener en el lugar que designen apropiado para cuando el due\u00f1o aparezca.<\/li>\n<li>Entregarlo en las oficinas de servicio de Bienestar Universitario.\u00a0 All\u00ed har\u00e1n el tr\u00e1mite correspondiente para hacer la devoluci\u00f3n o tener el elemento en el lugar que se designe apropiado para el momento en que el due\u00f1o aparezca.<\/li>\n<\/ul>\n<h3>\u00bfQu\u00e9 hacer si te pierde algo?<\/h3>\n<ul class=\"list-inside\">\n<li>Notificarlo a las personas de seguridad, dando la mayor cantidad de informaci\u00f3n\/detalles, tanto del objeto perdido como de la situaci\u00f3n en la que se dio la p\u00e9rdida de manera que se facilite la labor de b\u00fasqueda.<\/li>\n<\/ul>\n<p class=\"note\">Presenta siempre el carn\u00e9 estudiantil para poder utilizar este servicio.<\/p>\n<p><!-- datos de contacto --><\/p>\n<h5 class=\"eip\">Bienestar Universitario<\/h5>\n<p class=\"cont\">Diagonal 46A # 15B\u201310, sede El Claustro<br \/>\nTel\u00e9fono: (601) 4433700 ext. 3080<br \/>\nbienestar@ucatolica.edu.co<\/p>\n<p><!-- CONTENEDOR DOS PARA SIDEBAR --><\/p>\n<div id=\"contenido-dos\">\n<h2>Documentos de Inter\u00e9s<\/h2>\n<ul>\n<li class=\"btn-documentos\"><a href=\"https:\/\/www.ucatolica.edu.co\/portal\/wp-content\/uploads\/2026\/02\/Cronograma_Posgrados_2026_1.pdf\" target=\"_blank\" rel=\"noopener\">Cronograma de Actividades &#8211; Posgrados<\/a><\/li>\n<li class=\"btn-documentos\"><a href=\"https:\/\/www.ucatolica.edu.co\/portal\/wp-content\/uploads\/2026\/02\/Cronograma_Pregrado_2026_1.pdf\" target=\"_blank\" rel=\"noopener\">Cronograma de Actividades &#8211; Pregrados<\/a><\/li>\n<li class=\"btn-documentos\"><a href=\"https:\/\/www.ucatolica.edu.co\/portal\/wp-content\/uploads\/2026\/02\/Cronograma_Egresados_2026_1.pdf\" target=\"_blank\" rel=\"noopener\">Cronograma de Actividades &#8211; Egresados<\/a><\/li>\n<li class=\"btn-documentos\"><a href=\"https:\/\/www.ucatolica.edu.co\/portal\/wp-content\/uploads\/2026\/02\/Cronograma_Adm_Profesores_2026_1.pdf\" target=\"_blank\" rel=\"noopener\">Cronograma de Actividades \u2013 Profesores y administrativos<\/a><\/li>\n<li class=\"btn-documentos\"><a href=\"https:\/\/www.ucatolica.edu.co\/portal\/wp-content\/uploads\/2022\/11\/anexo-consejo-superior-acuerdos-academicos-340-16.pdf\" target=\"_blank\" rel=\"noopener\">Estatuto de Bienestar Universitario<\/a><\/li>\n<\/ul>\n<h2>Accesos de Inter\u00e9s<\/h2>\n<ul>\n<li><a href=\"\/portal\/nuestra-universidad\/ucatolica-tv\/\">Ucatolica Tv<\/a><\/li>\n<li><a href=\"#\">Semilleros de investigaci\u00f3n<\/a><\/li>\n<li><a href=\"#\">Permanecia<\/a><\/li>\n<li><a href=\"#\">Apoyo financiero<\/a><\/li>\n<li><a href=\"#\">ORII &#8211; Salidas<\/a><\/li>\n<li><a href=\"#\">Instituto de idiomas<\/a><\/li>\n<li><a href=\"#\">Bolsa de empleo<\/a><\/li>\n<li><a href=\"#\">Emprendimiento<\/a><\/li>\n<\/ul>\n<\/div>\n","protected":false},"excerpt":{"rendered":"<p>Encuentra lo perdido \u00bfQu\u00e9 es? Su intenci\u00f3n es compartir la magia de la solidaridad y encontrar lo mejor de s\u00ed mismo. Cuando una persona encuentre un objeto perdido, debe llevarlo a la Casa de Bienestar Universitario, es un gesto amable de solidaridad. \u00a1Le puede pasar a cualquiera! \u00bfQu\u00e9 hacer si se te pierde algo? Puedes: [&hellip;]<\/p>\n","protected":false},"author":2,"featured_media":0,"parent":340,"menu_order":0,"comment_status":"closed","ping_status":"closed","template":"page-oldstyle.php","meta":{"_acf_changed":false,"advgb_blocks_editor_width":"","advgb_blocks_columns_visual_guide":"","footnotes":""},"class_list":["post-417","page","type-page","status-publish","hentry"],"acf":[],"yoast_head":"<!-- This site is optimized with the Yoast SEO plugin v26.7 - https:\/\/yoast.com\/wordpress\/plugins\/seo\/ -->\n<title>Encuentra lo perdido - Universidad Cat\u00f3lica De Colombia<\/title>\n<meta name=\"robots\" content=\"index, follow, max-snippet:-1, max-image-preview:large, max-video-preview:-1\" \/>\n<link rel=\"canonical\" href=\"https:\/\/www.ucatolica.edu.co\/portal\/vida-universitaria\/encuentra-lo-perdido\/\" \/>\n<meta property=\"og:locale\" content=\"es_ES\" \/>\n<meta property=\"og:type\" content=\"article\" \/>\n<meta property=\"og:title\" content=\"Encuentra lo perdido - Universidad Cat\u00f3lica De Colombia\" \/>\n<meta property=\"og:description\" content=\"Encuentra lo perdido \u00bfQu\u00e9 es? Su intenci\u00f3n es compartir la magia de la solidaridad y encontrar lo mejor de s\u00ed mismo. Cuando una persona encuentre un objeto perdido, debe llevarlo a la Casa de Bienestar Universitario, es un gesto amable de solidaridad. \u00a1Le puede pasar a cualquiera! \u00bfQu\u00e9 hacer si se te pierde algo? Puedes: [&hellip;]\" \/>\n<meta property=\"og:url\" content=\"https:\/\/www.ucatolica.edu.co\/portal\/vida-universitaria\/encuentra-lo-perdido\/\" \/>\n<meta property=\"og:site_name\" content=\"Universidad Cat\u00f3lica De Colombia\" \/>\n<meta property=\"article:publisher\" content=\"https:\/\/www.facebook.com\/ucatolicacolombia\" \/>\n<meta property=\"article:modified_time\" content=\"2026-02-13T19:16:33+00:00\" \/>\n<meta name=\"twitter:card\" content=\"summary_large_image\" \/>\n<meta name=\"twitter:site\" content=\"@UCatolicaCol\" \/>\n<meta name=\"twitter:label1\" content=\"Tiempo de lectura\" \/>\n\t<meta name=\"twitter:data1\" content=\"1 minuto\" \/>\n<script type=\"application\/ld+json\" class=\"yoast-schema-graph\">{\"@context\":\"https:\/\/schema.org\",\"@graph\":[{\"@type\":\"WebPage\",\"@id\":\"https:\/\/www.ucatolica.edu.co\/portal\/vida-universitaria\/encuentra-lo-perdido\/\",\"url\":\"https:\/\/www.ucatolica.edu.co\/portal\/vida-universitaria\/encuentra-lo-perdido\/\",\"name\":\"Encuentra lo perdido - Universidad Cat\u00f3lica De Colombia\",\"isPartOf\":{\"@id\":\"https:\/\/www.ucatolica.edu.co\/portal\/#website\"},\"datePublished\":\"2018-08-27T13:27:08+00:00\",\"dateModified\":\"2026-02-13T19:16:33+00:00\",\"breadcrumb\":{\"@id\":\"https:\/\/www.ucatolica.edu.co\/portal\/vida-universitaria\/encuentra-lo-perdido\/#breadcrumb\"},\"inLanguage\":\"es-CO\",\"potentialAction\":[{\"@type\":\"ReadAction\",\"target\":[\"https:\/\/www.ucatolica.edu.co\/portal\/vida-universitaria\/encuentra-lo-perdido\/\"]}]},{\"@type\":\"BreadcrumbList\",\"@id\":\"https:\/\/www.ucatolica.edu.co\/portal\/vida-universitaria\/encuentra-lo-perdido\/#breadcrumb\",\"itemListElement\":[{\"@type\":\"ListItem\",\"position\":1,\"name\":\"Inicio\",\"item\":\"https:\/\/www.ucatolica.edu.co\/portal\/\"},{\"@type\":\"ListItem\",\"position\":2,\"name\":\"Vida Universitaria\",\"item\":\"https:\/\/www.ucatolica.edu.co\/portal\/vida-universitaria\/\"},{\"@type\":\"ListItem\",\"position\":3,\"name\":\"Encuentra lo perdido\"}]},{\"@type\":\"WebSite\",\"@id\":\"https:\/\/www.ucatolica.edu.co\/portal\/#website\",\"url\":\"https:\/\/www.ucatolica.edu.co\/portal\/\",\"name\":\"Universidad Cat\u00f3lica De Colombia\",\"description\":\"Universidad Cat\u00f3lica De Colombia\",\"publisher\":{\"@id\":\"https:\/\/www.ucatolica.edu.co\/portal\/#organization\"},\"potentialAction\":[{\"@type\":\"SearchAction\",\"target\":{\"@type\":\"EntryPoint\",\"urlTemplate\":\"https:\/\/www.ucatolica.edu.co\/portal\/?s={search_term_string}\"},\"query-input\":{\"@type\":\"PropertyValueSpecification\",\"valueRequired\":true,\"valueName\":\"search_term_string\"}}],\"inLanguage\":\"es-CO\"},{\"@type\":\"Organization\",\"@id\":\"https:\/\/www.ucatolica.edu.co\/portal\/#organization\",\"name\":\"Universidad Cat\u00f3lica de Colombia\",\"url\":\"https:\/\/www.ucatolica.edu.co\/portal\/\",\"logo\":{\"@type\":\"ImageObject\",\"inLanguage\":\"es-CO\",\"@id\":\"https:\/\/www.ucatolica.edu.co\/portal\/#\/schema\/logo\/image\/\",\"url\":\"https:\/\/www.ucatolica.edu.co\/portal\/wp-content\/uploads\/2021\/06\/logo-header-ho-1.svg\",\"contentUrl\":\"https:\/\/www.ucatolica.edu.co\/portal\/wp-content\/uploads\/2021\/06\/logo-header-ho-1.svg\",\"width\":1,\"height\":1,\"caption\":\"Universidad Cat\u00f3lica de Colombia\"},\"image\":{\"@id\":\"https:\/\/www.ucatolica.edu.co\/portal\/#\/schema\/logo\/image\/\"},\"sameAs\":[\"https:\/\/www.facebook.com\/ucatolicacolombia\",\"https:\/\/x.com\/UCatolicaCol\",\"https:\/\/www.instagram.com\/universidadcatolicadecolombia\/\",\"https:\/\/www.linkedin.com\/company\/universidadcatolicadecolombia\/\",\"https:\/\/www.youtube.com\/user\/UCatolicaCo\"]}]}<\/script>\n<!-- \/ Yoast SEO plugin. -->","yoast_head_json":{"title":"Encuentra lo perdido - Universidad Cat\u00f3lica De Colombia","robots":{"index":"index","follow":"follow","max-snippet":"max-snippet:-1","max-image-preview":"max-image-preview:large","max-video-preview":"max-video-preview:-1"},"canonical":"https:\/\/www.ucatolica.edu.co\/portal\/vida-universitaria\/encuentra-lo-perdido\/","og_locale":"es_ES","og_type":"article","og_title":"Encuentra lo perdido - Universidad Cat\u00f3lica De Colombia","og_description":"Encuentra lo perdido \u00bfQu\u00e9 es? Su intenci\u00f3n es compartir la magia de la solidaridad y encontrar lo mejor de s\u00ed mismo. Cuando una persona encuentre un objeto perdido, debe llevarlo a la Casa de Bienestar Universitario, es un gesto amable de solidaridad. \u00a1Le puede pasar a cualquiera! \u00bfQu\u00e9 hacer si se te pierde algo? Puedes: [&hellip;]","og_url":"https:\/\/www.ucatolica.edu.co\/portal\/vida-universitaria\/encuentra-lo-perdido\/","og_site_name":"Universidad Cat\u00f3lica De Colombia","article_publisher":"https:\/\/www.facebook.com\/ucatolicacolombia","article_modified_time":"2026-02-13T19:16:33+00:00","twitter_card":"summary_large_image","twitter_site":"@UCatolicaCol","twitter_misc":{"Tiempo de lectura":"1 minuto"},"schema":{"@context":"https:\/\/schema.org","@graph":[{"@type":"WebPage","@id":"https:\/\/www.ucatolica.edu.co\/portal\/vida-universitaria\/encuentra-lo-perdido\/","url":"https:\/\/www.ucatolica.edu.co\/portal\/vida-universitaria\/encuentra-lo-perdido\/","name":"Encuentra lo perdido - Universidad Cat\u00f3lica De Colombia","isPartOf":{"@id":"https:\/\/www.ucatolica.edu.co\/portal\/#website"},"datePublished":"2018-08-27T13:27:08+00:00","dateModified":"2026-02-13T19:16:33+00:00","breadcrumb":{"@id":"https:\/\/www.ucatolica.edu.co\/portal\/vida-universitaria\/encuentra-lo-perdido\/#breadcrumb"},"inLanguage":"es-CO","potentialAction":[{"@type":"ReadAction","target":["https:\/\/www.ucatolica.edu.co\/portal\/vida-universitaria\/encuentra-lo-perdido\/"]}]},{"@type":"BreadcrumbList","@id":"https:\/\/www.ucatolica.edu.co\/portal\/vida-universitaria\/encuentra-lo-perdido\/#breadcrumb","itemListElement":[{"@type":"ListItem","position":1,"name":"Inicio","item":"https:\/\/www.ucatolica.edu.co\/portal\/"},{"@type":"ListItem","position":2,"name":"Vida Universitaria","item":"https:\/\/www.ucatolica.edu.co\/portal\/vida-universitaria\/"},{"@type":"ListItem","position":3,"name":"Encuentra lo perdido"}]},{"@type":"WebSite","@id":"https:\/\/www.ucatolica.edu.co\/portal\/#website","url":"https:\/\/www.ucatolica.edu.co\/portal\/","name":"Universidad Cat\u00f3lica De Colombia","description":"Universidad Cat\u00f3lica De Colombia","publisher":{"@id":"https:\/\/www.ucatolica.edu.co\/portal\/#organization"},"potentialAction":[{"@type":"SearchAction","target":{"@type":"EntryPoint","urlTemplate":"https:\/\/www.ucatolica.edu.co\/portal\/?s={search_term_string}"},"query-input":{"@type":"PropertyValueSpecification","valueRequired":true,"valueName":"search_term_string"}}],"inLanguage":"es-CO"},{"@type":"Organization","@id":"https:\/\/www.ucatolica.edu.co\/portal\/#organization","name":"Universidad Cat\u00f3lica de Colombia","url":"https:\/\/www.ucatolica.edu.co\/portal\/","logo":{"@type":"ImageObject","inLanguage":"es-CO","@id":"https:\/\/www.ucatolica.edu.co\/portal\/#\/schema\/logo\/image\/","url":"https:\/\/www.ucatolica.edu.co\/portal\/wp-content\/uploads\/2021\/06\/logo-header-ho-1.svg","contentUrl":"https:\/\/www.ucatolica.edu.co\/portal\/wp-content\/uploads\/2021\/06\/logo-header-ho-1.svg","width":1,"height":1,"caption":"Universidad Cat\u00f3lica de Colombia"},"image":{"@id":"https:\/\/www.ucatolica.edu.co\/portal\/#\/schema\/logo\/image\/"},"sameAs":["https:\/\/www.facebook.com\/ucatolicacolombia","https:\/\/x.com\/UCatolicaCol","https:\/\/www.instagram.com\/universidadcatolicadecolombia\/","https:\/\/www.linkedin.com\/company\/universidadcatolicadecolombia\/","https:\/\/www.youtube.com\/user\/UCatolicaCo"]}]}},"coauthors":[],"author_meta":{"author_link":"https:\/\/www.ucatolica.edu.co\/portal\/author\/carrnall\/","display_name":"Carlos Zea"},"relative_dates":{"created":"Posted 8 a\u00f1os ago","modified":"Updated 2 meses ago"},"absolute_dates":{"created":"Posted on 27 agosto, 2018","modified":"Updated on 13 febrero, 2026"},"absolute_dates_time":{"created":"Posted on 27 agosto, 2018 8:27 am","modified":"Updated on 13 febrero, 2026 2:16 pm"},"featured_img_caption":"","featured_img":false,"series_order":"","_links":{"self":[{"href":"https:\/\/www.ucatolica.edu.co\/portal\/wp-json\/wp\/v2\/pages\/417","targetHints":{"allow":["GET"]}}],"collection":[{"href":"https:\/\/www.ucatolica.edu.co\/portal\/wp-json\/wp\/v2\/pages"}],"about":[{"href":"https:\/\/www.ucatolica.edu.co\/portal\/wp-json\/wp\/v2\/types\/page"}],"author":[{"embeddable":true,"href":"https:\/\/www.ucatolica.edu.co\/portal\/wp-json\/wp\/v2\/users\/2"}],"replies":[{"embeddable":true,"href":"https:\/\/www.ucatolica.edu.co\/portal\/wp-json\/wp\/v2\/comments?post=417"}],"version-history":[{"count":5,"href":"https:\/\/www.ucatolica.edu.co\/portal\/wp-json\/wp\/v2\/pages\/417\/revisions"}],"predecessor-version":[{"id":130077,"href":"https:\/\/www.ucatolica.edu.co\/portal\/wp-json\/wp\/v2\/pages\/417\/revisions\/130077"}],"up":[{"embeddable":true,"href":"https:\/\/www.ucatolica.edu.co\/portal\/wp-json\/wp\/v2\/pages\/340"}],"wp:attachment":[{"href":"https:\/\/www.ucatolica.edu.co\/portal\/wp-json\/wp\/v2\/media?parent=417"}],"curies":[{"name":"wp","href":"https:\/\/api.w.org\/{rel}","templated":true}]}}