{"id":48533,"date":"2021-07-29T11:45:45","date_gmt":"2021-07-29T16:45:45","guid":{"rendered":"https:\/\/www.ucatolica.edu.co\/portal\/?page_id=39519"},"modified":"2025-12-15T20:02:13","modified_gmt":"2025-12-16T01:02:13","slug":"rendicion-de-cuentas","status":"publish","type":"page","link":"https:\/\/www.ucatolica.edu.co\/portal\/rendicion-de-cuentas\/","title":{"rendered":"Rendici\u00f3n de cuentas"},"content":{"rendered":"<div class=\"container\">\n<div style=\"height: 80px;\"><\/div>\n<h2>Rendici\u00f3n de cuentas<\/h2>\n<div class=\"video-contenidos\"><iframe title=\"YouTube video player\" src=\"https:\/\/www.youtube.com\/embed\/Chq9Exq5Vjw?si=RiqWerniGoNU1_lX\" frameborder=\"0\" allowfullscreen=\"allowfullscreen\"><\/iframe><\/div>\n<div>\n<div id=\"accordion\" class=\"panel-group\">\n<div class=\"panel panel-default\">\n<div id=\"headingCero\" class=\"panel-heading\">\n<h4 class=\"panel-title\"><a href=\"#collapseCero\" data-toggle=\"collapse\" data-parent=\"#accordion\">Universidad en cifras<\/a><\/h4>\n<\/p><\/div>\n<div id=\"collapseCero\" class=\"panel-collapse collapse\">\n<div class=\"panel-body\">A continuaci\u00f3n se presentan las cifras estad\u00edsticas m\u00e1s relevantes en la gesti\u00f3n acad\u00e9mica institucional para el \u00faltimo semestre.<\/p>\n<div><iframe src=\"https:\/\/app.smartsheet.com\/b\/publish?EQBCT=7b1fca92f3dc40de9a178d7c1bdba5f4\" width=\"100%\" height=\"1200px\" frameborder=\"0\"><\/iframe><\/div>\n<\/p><\/div>\n<\/p><\/div>\n<\/p><\/div>\n<div class=\"panel panel-default\">\n<div id=\"headingUno\" class=\"panel-heading\">\n<h4 class=\"panel-title\"><a href=\"#collapseUno\" data-toggle=\"collapse\" data-parent=\"#accordion\">Informe de gesti\u00f3n<\/a><\/h4>\n<\/p><\/div>\n<div id=\"collapseUno\" class=\"panel-collapse collapse\">\n<div class=\"panel-body\">\n<div><iframe src=\"https:\/\/app.smartsheet.com\/b\/publish?EQBCT=f7368fafde8442bcb33caacd34b9b536\" width=\"100%\" height=\"1200px\" frameborder=\"0\"><\/iframe><\/div>\n<\/p><\/div>\n<\/p><\/div>\n<\/p><\/div>\n<div class=\"panel panel-default\">\n<div id=\"headingTres\" class=\"panel-heading\">\n<h4 class=\"panel-title\"><a href=\"#collapseTres\" data-toggle=\"collapse\" data-parent=\"#accordion\">Avance Plan de Desarrollo Institucional<\/a><\/h4>\n<\/p><\/div>\n<div id=\"collapseTres\" class=\"panel-collapse collapse\">\n<div class=\"panel-body\">\n<div><iframe style=\"max-width:760px;\" src=\"https:\/\/app.smartsheet.com\/b\/publish?EQBCT=585d0007dcff4f7484595b1a7e686ed4\" width=\"100%\" height=\"2256\" frameborder=\"0\"><\/iframe><\/div>\n<\/p><\/div>\n<\/p><\/div>\n<\/p><\/div>\n<div class=\"panel panel-default\">\n<div id=\"headingDos\" class=\"panel-heading\">\n<h4 class=\"panel-title\"><a href=\"https:\/\/www.ucatolica.edu.co\/portal\/wp-content\/uploads\/2025\/05\/Estados_Financieros_2024.pdf\" target=\"_blank\" rel=\"noopener\" data-toggle=\"\" data-parent=\"\">Regimen tributario<\/a><\/h4>\n<\/p><\/div>\n<div id=\"collapseDos\" class=\"panel-collapse collapse\">\n<div class=\"panel-body\"><\/div>\n<\/p><\/div>\n<\/p><\/div>\n<\/p><\/div>\n<\/p><\/div>\n<\/p><\/div>\n<p>    <!-- CONTENEDOR DOS PARA SIDEBAR --><\/p>\n<div id=\"contenido-dos\">\n<h2>Documentos de Inter\u00e9s<br \/>\n    Informe de gesti\u00f3n<\/h2>\n<h3>Asamblea General<\/h3>\n<ul>\n<li class=\"btn-documentos\"><a class=\"elementor-sub-item\" tabindex=\"-1\" href=\"https:\/\/www.ucatolica.edu.co\/portal\/wp-content\/uploads\/2022\/12\/ago-acta01.pdf\" target=\"_blank\" rel=\"noopener\">Asamblea General -Acta 01<\/a><\/li>\n<li class=\"btn-documentos\"><a class=\"elementor-sub-item\" tabindex=\"-1\" href=\"https:\/\/www.ucatolica.edu.co\/portal\/wp-content\/uploads\/2022\/12\/ago-acta02.pdf\" target=\"_blank\" rel=\"noopener\">Asamblea General -Acta 02<\/a><\/li>\n<li class=\"btn-documentos\"><a class=\"elementor-sub-item\" tabindex=\"-1\" href=\"https:\/\/www.ucatolica.edu.co\/portal\/wp-content\/uploads\/2022\/12\/ago-acta03.pdf\" target=\"_blank\" rel=\"noopener\">Asamblea General -Acta 03<\/a><\/li>\n<li class=\"btn-documentos\"><a href=\"https:\/\/www.ucatolica.edu.co\/portal\/wp-content\/uploads\/adjuntos\/actas-y-formatos\/acta-24-22\" target=\"_blank\" rel=\"noopener\">Asamblea General -Acta 04<\/a><\/li>\n<\/ul>\n<h3>Sala de Gobierno<\/h3>\n<p>    <strong>2019<\/strong><\/p>\n<ul>\n<li class=\"btn-documentos\"><a class=\"elementor-sub-item\" tabindex=\"-1\" href=\"https:\/\/www.ucatolica.edu.co\/portal\/wp-content\/uploads\/2022\/12\/Sala-de-Gobierno-2019-acta01.pdf\" target=\"_blank\" rel=\"noopener\">Sala de Gobierno -Acta 01<\/a><\/li>\n<li class=\"btn-documentos\"><a class=\"elementor-sub-item\" tabindex=\"-2\" href=\"https:\/\/www.ucatolica.edu.co\/portal\/wp-content\/uploads\/2022\/12\/Sala-de-Gobierno-2019-acta02.pdf\" target=\"_blank\" rel=\"noopener\">Sala de Gobierno -Acta 02<\/a><\/li>\n<li class=\"btn-documentos\"><a class=\"elementor-sub-item\" tabindex=\"-1\" href=\"https:\/\/www.ucatolica.edu.co\/portal\/wp-content\/uploads\/2022\/12\/Sala-de-Gobierno-2019-acta03.pdf\" target=\"_blank\" rel=\"noopener\">Sala de Gobierno -Acta 03<\/a><\/li>\n<li class=\"btn-documentos\"><a class=\"elementor-sub-item\" tabindex=\"-1\" href=\"https:\/\/www.ucatolica.edu.co\/portal\/wp-content\/uploads\/2022\/12\/Sala-de-Gobierno-2019-acta04.pdf\" target=\"_blank\" rel=\"noopener\">Sala de Gobierno -Acta 04<\/a><\/li>\n<li class=\"btn-documentos\"><a class=\"elementor-sub-item\" tabindex=\"-1\" href=\"https:\/\/www.ucatolica.edu.co\/portal\/wp-content\/uploads\/2022\/12\/Sala-de-Gobierno-2019-acta05.pdf\" target=\"_blank\" rel=\"noopener\">Sala de Gobierno -Acta 05<\/a><\/li>\n<li class=\"btn-documentos\"><a class=\"elementor-sub-item\" tabindex=\"-1\" href=\"https:\/\/www.ucatolica.edu.co\/portal\/wp-content\/uploads\/2022\/12\/Sala-de-Gobierno-2019-acta06.pdf\" target=\"_blank\" rel=\"noopener\">Sala de Gobierno -Acta 06<\/a><\/li>\n<li class=\"btn-documentos\"><a class=\"elementor-sub-item\" tabindex=\"-1\" href=\"https:\/\/www.ucatolica.edu.co\/portal\/wp-content\/uploads\/2022\/12\/Sala-de-Gobierno-2019-acta07.pdf\" target=\"_blank\" rel=\"noopener\">Sala de Gobierno -Acta 07<\/a><\/li>\n<\/ul>\n<p>    <strong>2020<\/strong><\/p>\n<ul>\n<li class=\"btn-documentos\"><a class=\"elementor-sub-item\" tabindex=\"-1\" href=\"https:\/\/www.ucatolica.edu.co\/portal\/wp-content\/uploads\/2022\/12\/Sala-de-Gobierno-2020-acta08.pdf\" target=\"_blank\" rel=\"noopener\">Sala de Gobierno -Acta 08<\/a><\/li>\n<li class=\"btn-documentos\"><a class=\"elementor-sub-item\" tabindex=\"-2\" href=\"https:\/\/www.ucatolica.edu.co\/portal\/wp-content\/uploads\/2022\/12\/Sala-de-Gobierno-2020-acta09.pdf\" target=\"_blank\" rel=\"noopener\">Sala de Gobierno -Acta 09<\/a><\/li>\n<li class=\"btn-documentos\"><a class=\"elementor-sub-item\" tabindex=\"-1\" href=\"https:\/\/www.ucatolica.edu.co\/portal\/wp-content\/uploads\/2022\/12\/Sala-de-Gobierno-2020-acta10.pdf\" target=\"_blank\" rel=\"noopener\">Sala de Gobierno -Acta 10<\/a><\/li>\n<li class=\"btn-documentos\"><a class=\"elementor-sub-item\" tabindex=\"-1\" href=\"https:\/\/www.ucatolica.edu.co\/portal\/wp-content\/uploads\/2022\/12\/Sala-de-Gobierno-2020-acta11.pdf\" target=\"_blank\" rel=\"noopener\">Sala de Gobierno -Acta 11<\/a><\/li>\n<li class=\"btn-documentos\"><a class=\"elementor-sub-item\" tabindex=\"-1\" href=\"https:\/\/www.ucatolica.edu.co\/portal\/wp-content\/uploads\/2022\/12\/Sala-de-Gobierno-2020-acta12.pdf\" target=\"_blank\" rel=\"noopener\">Sala de Gobierno -Acta 12<\/a><\/li>\n<li class=\"btn-documentos\"><a class=\"elementor-sub-item\" tabindex=\"-1\" href=\"https:\/\/www.ucatolica.edu.co\/portal\/wp-content\/uploads\/2022\/12\/Sala-de-Gobierno-2020-acta13.pdf\" target=\"_blank\" rel=\"noopener\">Sala de Gobierno -Acta 13<\/a><\/li>\n<li class=\"btn-documentos\"><a class=\"elementor-sub-item\" tabindex=\"-1\" href=\"https:\/\/www.ucatolica.edu.co\/portal\/wp-content\/uploads\/2022\/12\/Sala-de-Gobierno-2020-acta14.pdf\" target=\"_blank\" rel=\"noopener\">Sala de Gobierno -Acta 14<\/a><\/li>\n<li class=\"btn-documentos\"><a class=\"elementor-sub-item\" tabindex=\"-1\" href=\"https:\/\/www.ucatolica.edu.co\/portal\/wp-content\/uploads\/2022\/12\/Sala-de-Gobierno-2020-acta15.pdf\" target=\"_blank\" rel=\"noopener\">Sala de Gobierno -Acta 15<\/a><\/li>\n<li class=\"btn-documentos\"><a class=\"elementor-sub-item\" tabindex=\"-1\" href=\"https:\/\/www.ucatolica.edu.co\/portal\/wp-content\/uploads\/2022\/12\/Sala-de-Gobierno-2020-acta16.pdf\" target=\"_blank\" rel=\"noopener\">Sala de Gobierno -Acta 16<\/a><\/li>\n<\/ul>\n<p>    <strong>2021<\/strong><\/p>\n<ul>\n<li class=\"btn-documentos\"><a class=\"elementor-sub-item\" tabindex=\"-1\" href=\"https:\/\/www.ucatolica.edu.co\/portal\/wp-content\/uploads\/2022\/12\/Sala-de-Gobierno-2021-acta17.pdf\" target=\"_blank\" rel=\"noopener\">Sala de Gobierno -Acta 17<\/a><\/li>\n<li class=\"btn-documentos\"><a class=\"elementor-sub-item\" tabindex=\"-2\" href=\"https:\/\/www.ucatolica.edu.co\/portal\/wp-content\/uploads\/2022\/12\/Sala-de-Gobierno-2021-acta18.pdf\" target=\"_blank\" rel=\"noopener\">Sala de Gobierno -Acta 18<\/a><\/li>\n<li class=\"btn-documentos\"><a class=\"elementor-sub-item\" tabindex=\"-1\" href=\"https:\/\/www.ucatolica.edu.co\/portal\/wp-content\/uploads\/2022\/12\/Sala-de-Gobierno-2021-acta19.pdf\" target=\"_blank\" rel=\"noopener\">Sala de Gobierno -Acta 19<\/a><\/li>\n<li class=\"btn-documentos\"><a class=\"elementor-sub-item\" tabindex=\"-1\" href=\"https:\/\/www.ucatolica.edu.co\/portal\/wp-content\/uploads\/2022\/12\/Sala-de-Gobierno-2021-acta20.pdf\" target=\"_blank\" rel=\"noopener\">Sala de Gobierno -Acta 20<\/a><\/li>\n<li class=\"btn-documentos\"><a class=\"elementor-sub-item\" tabindex=\"-1\" href=\"https:\/\/www.ucatolica.edu.co\/portal\/wp-content\/uploads\/2022\/12\/Sala-de-Gobierno-2021-acta21.pdf\" target=\"_blank\" rel=\"noopener\">Sala de Gobierno -Acta 21<\/a><\/li>\n<li class=\"btn-documentos\"><a class=\"elementor-sub-item\" tabindex=\"-1\" href=\"https:\/\/www.ucatolica.edu.co\/portal\/wp-content\/uploads\/2022\/12\/Sala-de-Gobierno-2021-acta22.pdf\" target=\"_blank\" rel=\"noopener\">Sala de Gobierno -Acta 22<\/a><\/li>\n<li class=\"btn-documentos\"><a class=\"elementor-sub-item\" tabindex=\"-1\" href=\"https:\/\/www.ucatolica.edu.co\/portal\/wp-content\/uploads\/2022\/12\/Sala-de-Gobierno-2021-acta23.pdf\" target=\"_blank\" rel=\"noopener\">Sala de Gobierno -Acta 23<\/a><\/li>\n<\/ul>\n<p>    <strong>2022<\/strong><\/p>\n<ul class=\"documentos\">\n<li class=\"pdf\"><a href=\"https:\/\/www.ucatolica.edu.co\/portal\/wp-content\/uploads\/adjuntos\/actas-y-formatos\/acta-28-22.pdf\" target=\"_blank\" rel=\"noopener\">Sala de Gobierno -Acta 28<\/a><\/li>\n<li class=\"pdf\"><a href=\"https:\/\/www.ucatolica.edu.co\/portal\/wp-content\/uploads\/adjuntos\/actas-y-formatos\/acta-27-22.pdf\" target=\"_blank\" rel=\"noopener\">Sala de Gobierno -Acta 27<\/a><\/li>\n<li class=\"pdf\"><a href=\"https:\/\/www.ucatolica.edu.co\/portal\/wp-content\/uploads\/adjuntos\/actas-y-formatos\/acta-26-22.pdf\" target=\"_blank\" rel=\"noopener\">Sala de Gobierno -Acta 26<\/a><\/li>\n<li class=\"pdf\"><a href=\"https:\/\/www.ucatolica.edu.co\/portal\/wp-content\/uploads\/adjuntos\/actas-y-formatos\/acta-25-22.pdf\" target=\"_blank\" rel=\"noopener\">Sala de Gobierno -Acta 25<\/a><\/li>\n<li class=\"pdf\"><a href=\"https:\/\/www.ucatolica.edu.co\/portal\/wp-content\/uploads\/adjuntos\/actas-y-formatos\/acta-24-22.pdf\" target=\"_blank\" rel=\"noopener\">Sala de Gobierno -Acta 24<\/a><\/li>\n<\/ul><\/div>\n","protected":false},"excerpt":{"rendered":"<p>Rendici\u00f3n de cuentas Universidad en cifras A continuaci\u00f3n se presentan las cifras estad\u00edsticas m\u00e1s relevantes en la gesti\u00f3n acad\u00e9mica institucional para el \u00faltimo semestre. Informe de gesti\u00f3n Avance Plan de Desarrollo Institucional Regimen tributario Documentos de Inter\u00e9s Informe de gesti\u00f3n Asamblea General Asamblea General -Acta 01 Asamblea General -Acta 02 Asamblea General -Acta 03 Asamblea [&hellip;]<\/p>\n","protected":false},"author":2,"featured_media":0,"parent":0,"menu_order":0,"comment_status":"closed","ping_status":"closed","template":"page-oldstyle.php","meta":{"_acf_changed":false,"advgb_blocks_editor_width":"","advgb_blocks_columns_visual_guide":"","footnotes":""},"class_list":["post-48533","page","type-page","status-publish","hentry"],"acf":[],"yoast_head":"<!-- This site is optimized with the Yoast SEO plugin v26.7 - https:\/\/yoast.com\/wordpress\/plugins\/seo\/ -->\n<title>Rendici\u00f3n de cuentas - Universidad Cat\u00f3lica De Colombia<\/title>\n<meta name=\"robots\" content=\"index, follow, max-snippet:-1, max-image-preview:large, max-video-preview:-1\" \/>\n<link rel=\"canonical\" href=\"https:\/\/www.ucatolica.edu.co\/portal\/rendicion-de-cuentas\/\" \/>\n<meta property=\"og:locale\" content=\"es_ES\" \/>\n<meta property=\"og:type\" content=\"article\" \/>\n<meta property=\"og:title\" content=\"Rendici\u00f3n de cuentas - Universidad Cat\u00f3lica De Colombia\" \/>\n<meta property=\"og:description\" content=\"Rendici\u00f3n de cuentas Universidad en cifras A continuaci\u00f3n se presentan las cifras estad\u00edsticas m\u00e1s relevantes en la gesti\u00f3n acad\u00e9mica institucional para el \u00faltimo semestre. Informe de gesti\u00f3n Avance Plan de Desarrollo Institucional Regimen tributario Documentos de Inter\u00e9s Informe de gesti\u00f3n Asamblea General Asamblea General -Acta 01 Asamblea General -Acta 02 Asamblea General -Acta 03 Asamblea [&hellip;]\" \/>\n<meta property=\"og:url\" content=\"https:\/\/www.ucatolica.edu.co\/portal\/rendicion-de-cuentas\/\" \/>\n<meta property=\"og:site_name\" content=\"Universidad Cat\u00f3lica De Colombia\" \/>\n<meta property=\"article:publisher\" content=\"https:\/\/www.facebook.com\/ucatolicacolombia\" \/>\n<meta property=\"article:modified_time\" content=\"2025-12-16T01:02:13+00:00\" \/>\n<meta name=\"twitter:card\" content=\"summary_large_image\" \/>\n<meta name=\"twitter:site\" content=\"@UCatolicaCol\" \/>\n<meta name=\"twitter:label1\" content=\"Tiempo de lectura\" \/>\n\t<meta name=\"twitter:data1\" content=\"1 minuto\" \/>\n<script type=\"application\/ld+json\" class=\"yoast-schema-graph\">{\"@context\":\"https:\/\/schema.org\",\"@graph\":[{\"@type\":\"WebPage\",\"@id\":\"https:\/\/www.ucatolica.edu.co\/portal\/rendicion-de-cuentas\/\",\"url\":\"https:\/\/www.ucatolica.edu.co\/portal\/rendicion-de-cuentas\/\",\"name\":\"Rendici\u00f3n de cuentas - Universidad Cat\u00f3lica De Colombia\",\"isPartOf\":{\"@id\":\"https:\/\/www.ucatolica.edu.co\/portal\/#website\"},\"datePublished\":\"2021-07-29T16:45:45+00:00\",\"dateModified\":\"2025-12-16T01:02:13+00:00\",\"breadcrumb\":{\"@id\":\"https:\/\/www.ucatolica.edu.co\/portal\/rendicion-de-cuentas\/#breadcrumb\"},\"inLanguage\":\"es-CO\",\"potentialAction\":[{\"@type\":\"ReadAction\",\"target\":[\"https:\/\/www.ucatolica.edu.co\/portal\/rendicion-de-cuentas\/\"]}]},{\"@type\":\"BreadcrumbList\",\"@id\":\"https:\/\/www.ucatolica.edu.co\/portal\/rendicion-de-cuentas\/#breadcrumb\",\"itemListElement\":[{\"@type\":\"ListItem\",\"position\":1,\"name\":\"Inicio\",\"item\":\"https:\/\/www.ucatolica.edu.co\/portal\/\"},{\"@type\":\"ListItem\",\"position\":2,\"name\":\"Rendici\u00f3n de cuentas\"}]},{\"@type\":\"WebSite\",\"@id\":\"https:\/\/www.ucatolica.edu.co\/portal\/#website\",\"url\":\"https:\/\/www.ucatolica.edu.co\/portal\/\",\"name\":\"Universidad Cat\u00f3lica De Colombia\",\"description\":\"Universidad Cat\u00f3lica De Colombia\",\"publisher\":{\"@id\":\"https:\/\/www.ucatolica.edu.co\/portal\/#organization\"},\"potentialAction\":[{\"@type\":\"SearchAction\",\"target\":{\"@type\":\"EntryPoint\",\"urlTemplate\":\"https:\/\/www.ucatolica.edu.co\/portal\/?s={search_term_string}\"},\"query-input\":{\"@type\":\"PropertyValueSpecification\",\"valueRequired\":true,\"valueName\":\"search_term_string\"}}],\"inLanguage\":\"es-CO\"},{\"@type\":\"Organization\",\"@id\":\"https:\/\/www.ucatolica.edu.co\/portal\/#organization\",\"name\":\"Universidad Cat\u00f3lica de Colombia\",\"url\":\"https:\/\/www.ucatolica.edu.co\/portal\/\",\"logo\":{\"@type\":\"ImageObject\",\"inLanguage\":\"es-CO\",\"@id\":\"https:\/\/www.ucatolica.edu.co\/portal\/#\/schema\/logo\/image\/\",\"url\":\"https:\/\/www.ucatolica.edu.co\/portal\/wp-content\/uploads\/2021\/06\/logo-header-ho-1.svg\",\"contentUrl\":\"https:\/\/www.ucatolica.edu.co\/portal\/wp-content\/uploads\/2021\/06\/logo-header-ho-1.svg\",\"width\":1,\"height\":1,\"caption\":\"Universidad Cat\u00f3lica de Colombia\"},\"image\":{\"@id\":\"https:\/\/www.ucatolica.edu.co\/portal\/#\/schema\/logo\/image\/\"},\"sameAs\":[\"https:\/\/www.facebook.com\/ucatolicacolombia\",\"https:\/\/x.com\/UCatolicaCol\",\"https:\/\/www.instagram.com\/universidadcatolicadecolombia\/\",\"https:\/\/www.linkedin.com\/company\/universidadcatolicadecolombia\/\",\"https:\/\/www.youtube.com\/user\/UCatolicaCo\"]}]}<\/script>\n<!-- \/ Yoast SEO plugin. -->","yoast_head_json":{"title":"Rendici\u00f3n de cuentas - Universidad Cat\u00f3lica De Colombia","robots":{"index":"index","follow":"follow","max-snippet":"max-snippet:-1","max-image-preview":"max-image-preview:large","max-video-preview":"max-video-preview:-1"},"canonical":"https:\/\/www.ucatolica.edu.co\/portal\/rendicion-de-cuentas\/","og_locale":"es_ES","og_type":"article","og_title":"Rendici\u00f3n de cuentas - Universidad Cat\u00f3lica De Colombia","og_description":"Rendici\u00f3n de cuentas Universidad en cifras A continuaci\u00f3n se presentan las cifras estad\u00edsticas m\u00e1s relevantes en la gesti\u00f3n acad\u00e9mica institucional para el \u00faltimo semestre. Informe de gesti\u00f3n Avance Plan de Desarrollo Institucional Regimen tributario Documentos de Inter\u00e9s Informe de gesti\u00f3n Asamblea General Asamblea General -Acta 01 Asamblea General -Acta 02 Asamblea General -Acta 03 Asamblea [&hellip;]","og_url":"https:\/\/www.ucatolica.edu.co\/portal\/rendicion-de-cuentas\/","og_site_name":"Universidad Cat\u00f3lica De Colombia","article_publisher":"https:\/\/www.facebook.com\/ucatolicacolombia","article_modified_time":"2025-12-16T01:02:13+00:00","twitter_card":"summary_large_image","twitter_site":"@UCatolicaCol","twitter_misc":{"Tiempo de lectura":"1 minuto"},"schema":{"@context":"https:\/\/schema.org","@graph":[{"@type":"WebPage","@id":"https:\/\/www.ucatolica.edu.co\/portal\/rendicion-de-cuentas\/","url":"https:\/\/www.ucatolica.edu.co\/portal\/rendicion-de-cuentas\/","name":"Rendici\u00f3n de cuentas - Universidad Cat\u00f3lica De Colombia","isPartOf":{"@id":"https:\/\/www.ucatolica.edu.co\/portal\/#website"},"datePublished":"2021-07-29T16:45:45+00:00","dateModified":"2025-12-16T01:02:13+00:00","breadcrumb":{"@id":"https:\/\/www.ucatolica.edu.co\/portal\/rendicion-de-cuentas\/#breadcrumb"},"inLanguage":"es-CO","potentialAction":[{"@type":"ReadAction","target":["https:\/\/www.ucatolica.edu.co\/portal\/rendicion-de-cuentas\/"]}]},{"@type":"BreadcrumbList","@id":"https:\/\/www.ucatolica.edu.co\/portal\/rendicion-de-cuentas\/#breadcrumb","itemListElement":[{"@type":"ListItem","position":1,"name":"Inicio","item":"https:\/\/www.ucatolica.edu.co\/portal\/"},{"@type":"ListItem","position":2,"name":"Rendici\u00f3n de cuentas"}]},{"@type":"WebSite","@id":"https:\/\/www.ucatolica.edu.co\/portal\/#website","url":"https:\/\/www.ucatolica.edu.co\/portal\/","name":"Universidad Cat\u00f3lica De Colombia","description":"Universidad Cat\u00f3lica De Colombia","publisher":{"@id":"https:\/\/www.ucatolica.edu.co\/portal\/#organization"},"potentialAction":[{"@type":"SearchAction","target":{"@type":"EntryPoint","urlTemplate":"https:\/\/www.ucatolica.edu.co\/portal\/?s={search_term_string}"},"query-input":{"@type":"PropertyValueSpecification","valueRequired":true,"valueName":"search_term_string"}}],"inLanguage":"es-CO"},{"@type":"Organization","@id":"https:\/\/www.ucatolica.edu.co\/portal\/#organization","name":"Universidad Cat\u00f3lica de Colombia","url":"https:\/\/www.ucatolica.edu.co\/portal\/","logo":{"@type":"ImageObject","inLanguage":"es-CO","@id":"https:\/\/www.ucatolica.edu.co\/portal\/#\/schema\/logo\/image\/","url":"https:\/\/www.ucatolica.edu.co\/portal\/wp-content\/uploads\/2021\/06\/logo-header-ho-1.svg","contentUrl":"https:\/\/www.ucatolica.edu.co\/portal\/wp-content\/uploads\/2021\/06\/logo-header-ho-1.svg","width":1,"height":1,"caption":"Universidad Cat\u00f3lica de Colombia"},"image":{"@id":"https:\/\/www.ucatolica.edu.co\/portal\/#\/schema\/logo\/image\/"},"sameAs":["https:\/\/www.facebook.com\/ucatolicacolombia","https:\/\/x.com\/UCatolicaCol","https:\/\/www.instagram.com\/universidadcatolicadecolombia\/","https:\/\/www.linkedin.com\/company\/universidadcatolicadecolombia\/","https:\/\/www.youtube.com\/user\/UCatolicaCo"]}]}},"coauthors":[],"author_meta":{"author_link":"https:\/\/www.ucatolica.edu.co\/portal\/author\/carrnall\/","display_name":"Carlos Zea"},"relative_dates":{"created":"Posted 5 a\u00f1os ago","modified":"Updated 4 meses ago"},"absolute_dates":{"created":"Posted on 29 julio, 2021","modified":"Updated on 15 diciembre, 2025"},"absolute_dates_time":{"created":"Posted on 29 julio, 2021 11:45 am","modified":"Updated on 15 diciembre, 2025 8:02 pm"},"featured_img_caption":"","featured_img":false,"series_order":"","_links":{"self":[{"href":"https:\/\/www.ucatolica.edu.co\/portal\/wp-json\/wp\/v2\/pages\/48533","targetHints":{"allow":["GET"]}}],"collection":[{"href":"https:\/\/www.ucatolica.edu.co\/portal\/wp-json\/wp\/v2\/pages"}],"about":[{"href":"https:\/\/www.ucatolica.edu.co\/portal\/wp-json\/wp\/v2\/types\/page"}],"author":[{"embeddable":true,"href":"https:\/\/www.ucatolica.edu.co\/portal\/wp-json\/wp\/v2\/users\/2"}],"replies":[{"embeddable":true,"href":"https:\/\/www.ucatolica.edu.co\/portal\/wp-json\/wp\/v2\/comments?post=48533"}],"version-history":[{"count":35,"href":"https:\/\/www.ucatolica.edu.co\/portal\/wp-json\/wp\/v2\/pages\/48533\/revisions"}],"predecessor-version":[{"id":128445,"href":"https:\/\/www.ucatolica.edu.co\/portal\/wp-json\/wp\/v2\/pages\/48533\/revisions\/128445"}],"wp:attachment":[{"href":"https:\/\/www.ucatolica.edu.co\/portal\/wp-json\/wp\/v2\/media?parent=48533"}],"curies":[{"name":"wp","href":"https:\/\/api.w.org\/{rel}","templated":true}]}}