{"id":5263,"date":"2018-11-14T17:18:32","date_gmt":"2018-11-14T22:18:32","guid":{"rendered":"http:\/\/172.24.1.191:8888\/portal\/?page_id=5263"},"modified":"2026-03-18T08:03:55","modified_gmt":"2026-03-18T13:03:55","slug":"permanencia-estudiantil","status":"publish","type":"page","link":"https:\/\/www.ucatolica.edu.co\/portal\/vida-universitaria\/permanencia-estudiantil\/","title":{"rendered":"Permanencia Estudiantil"},"content":{"rendered":"<h2>Permanencia Estudiantil<\/h2>\n<p><img fetchpriority=\"high\" decoding=\"async\" class=\"alignnone size-medium wp-image-3060\" src=\"https:\/\/www.ucatolica.edu.co\/portal\/wp-content\/uploads\/2018\/01\/permanencia.jpg\" alt=\"\" width=\"780\" height=\"312\" \/><\/p>\n<p>La Coordinaci\u00f3n de Permanencia Estudiantil ofrece programas y estrategias para que los estudiantes puedan superar las dificultades acad\u00e9micas o personales que afectan el rendimiento acad\u00e9mico y la culminaci\u00f3n exitosa de sus estudios.<\/p>\n<p><strong>Actualmente la Universidad cuenta con los siguientes programas:<\/strong><\/p>\n<p><strong>Tutor\u00edas Acad\u00e9micas:<\/strong> Asesor\u00edas personalizadas orientadas por los profesores de los programas acad\u00e9micos. Constituyen un espacio para resolver inquietudes y dificultades de \u00edndole acad\u00e9mica.<\/p>\n<p><strong>Consejer\u00eda Estudiantil:<\/strong> Es un servicio individual atendido por psic\u00f3logos y psicopedagogos expertos en permanencia estudiantil. Dirigido a estudiantes con dificultades personales y acad\u00e9micas.<\/p>\n<p><strong><span data-olk-copy-source=\"MessageBody\">Inclusi\u00f3n educativa y salud mental<\/span>:<\/strong> O<span data-olk-copy-source=\"MessageBody\">rientaci\u00f3n en apoyos acad\u00e9micos en casos de discapacidad, diagn\u00f3sticos o necesidades educativas especiales, adaptando estrategias y recursos a las necesidades espec\u00edficas de cada estudiante.<\/span><\/p>\n<p><strong>Excelencia Estudiantil<\/strong><br \/>a) Mentoring Estudiantil: Estudiantes de semestres avanzados apoyan a sus compa\u00f1eros de primer semestre en el proceso de adaptaci\u00f3n a la vida universitaria.<br \/>b) Monitorias Acad\u00e9micas: Estudiantes de pregrado con alto rendimiento acad\u00e9mico apoyan a sus compa\u00f1eros en el trabajo de las asignaturas con mayor p\u00e9rdida.<\/p>\n<p><strong>Fortalecimiento Competencias B\u00e1sicas:<\/strong> Fortalecimiento en lectura, escritura, matem\u00e1ticas y dise\u00f1o arquitect\u00f3nico. Dirigidos a estudiantes de primer semestre.<\/p>\n<p><strong>Estudiantes For\u00e1neos:<\/strong> Programa dirigido a los estudiantes que provienen de diferentes regiones del pa\u00eds o del exterior para apoyarlos en su proceso de adaptaci\u00f3n a la ciudad y a la Universidad.<\/p>\n<p><strong>Identidad Universitaria:<\/strong> Son espacios grupales en los que un consejero estudiantil, acompa\u00f1ado de uno o m\u00e1s profesores del programa, propician encuentros de reflexi\u00f3n y proyecci\u00f3n de los intereses vocacionales y profesionales de los estudiantes de primer a tercer semestre.<\/p>\n<p><strong>Consejer\u00eda Grupal:<\/strong> Son actividades grupales para el fortalecimiento y entrenamiento de habilidades que facilitan la adaptaci\u00f3n acad\u00e9mica y al ambiente universitario.<\/p>\n<p>El horario de atenci\u00f3n en Permanencia Estudiantil es de lunes a viernes de 7:00 a. m. a 8:00 p. m. en jornada continua y los s\u00e1bados de 7:00 a. m. a 2:00 p. m.<\/p>\n<p><strong>Mayor Informaci\u00f3n<\/strong><br \/>Permanencia Estudiantil<br \/>Avenida Caracas # 46 \u2013 72, sede Las Torres, piso 3<br \/>Tel\u00e9fono: (601) 4433700 exts. 1050, 1304<\/p>\n<div id=\"contenido-dos\">\n<h2>Documentos de Inter\u00e9s<\/h2>\n<ul>\n<li class=\"btn-cinco\"><a href=\"https:\/\/adviser.ucatolica.edu.co\/Adviser\/app\/login.php\" target=\"_blank\" rel=\"noopener\">Solicitud para Consejer\u00eda Estudiantil<\/a><\/li>\n<li class=\"btn-cinco\"><a href=\"https:\/\/adviser.ucatolica.edu.co\/Adviser\/permanencia\/login.php\" target=\"_blank\" rel=\"noopener\">Gesti\u00f3n de Apoyos (Adviser)<\/a><\/li>\n<li class=\"btn-cinco\"><a href=\"https:\/\/www.ucatolica.edu.co\/portal\/wp-content\/uploads\/2026\/03\/Horarios_Monitorias_26.pdf\" target=\"_blank\" rel=\"noopener\">Horarios Monitorias<\/a><\/li>\n<li class=\"btn-cinco\"><a href=\"https:\/\/www.ucatolica.edu.co\/portal\/wp-content\/uploads\/2026\/03\/Horario-Mentoring.pdf\" target=\"_blank\" rel=\"noopener\">Horarios de Mentoring<\/a><\/li>\n<li class=\"btn-cinco\" style=\"pointer-events: none; display: none;\"><a href=\"https:\/\/www.ucatolica.edu.co\/portal\/wp-content\/uploads\/2025\/02\/PlantillahorariomonitoriasF.pdf\" target=\"_blank\" rel=\"noopener\">Horarios monitorias virtuales<\/a><\/li>\n<li class=\"btn-cinco\" style=\"pointer-events: none; display: none;\"><a href=\"https:\/\/www.ucatolica.edu.co\/portal\/wp-content\/uploads\/2023\/02\/Horariomonitoriaspresencial20231.pdf\" target=\"_blank\" rel=\"noopener\">Horarios monitorias presenciales<\/a><\/li>\n<li class=\"btn-cinco\" style=\"pointer-events: none; display: none;\"><a href=\"https:\/\/www.ucatolica.edu.co\/portal\/wp-content\/uploads\/2023\/03\/horariomentoriaspresenciales20231.pdf\" target=\"_blank\" rel=\"noopener\">Horarios mentores presencial<\/a><\/li>\n<li class=\"btn-cinco\" style=\"pointer-events: none; display: none;\"><a href=\"https:\/\/www.ucatolica.edu.co\/portal\/wp-content\/uploads\/2023\/03\/horariomentoriasvirtuales20231.pdf\" target=\"_blank\" rel=\"noopener\">Horarios mentores virtual<\/a><\/li>\n<li class=\"btn-cinco\" style=\"display: none;\"><a href=\"https:\/\/www.ucatolica.edu.co\/portal\/wp-content\/uploads\/2023\/08\/Horarios-Monitorias-2023-3-1.pdf\" target=\"_blank\" rel=\"noopener\">Horarios Monitorias Acad\u00e9micas 2023-3<\/a><\/li>\n<li class=\"btn-cinco\"><a href=\"https:\/\/www.ucatolica.edu.co\/portal\/tutorias-academicas\/\" target=\"_blank\" rel=\"noopener\">Horarios Tutor\u00edas Acad\u00e9micas<\/a><\/li>\n<\/ul>\n<\/div>\n\n\n<p><\/p>\n","protected":false},"excerpt":{"rendered":"<p>Permanencia Estudiantil La Coordinaci\u00f3n de Permanencia Estudiantil ofrece programas y estrategias para que los estudiantes puedan superar las dificultades acad\u00e9micas o personales que afectan el rendimiento acad\u00e9mico y la culminaci\u00f3n exitosa de sus estudios. Actualmente la Universidad cuenta con los siguientes programas: Tutor\u00edas Acad\u00e9micas: Asesor\u00edas personalizadas orientadas por los profesores de los programas acad\u00e9micos. Constituyen [&hellip;]<\/p>\n","protected":false},"author":2,"featured_media":0,"parent":340,"menu_order":0,"comment_status":"closed","ping_status":"closed","template":"page-oldstyle.php","meta":{"_acf_changed":false,"advgb_blocks_editor_width":"","advgb_blocks_columns_visual_guide":"","footnotes":""},"class_list":["post-5263","page","type-page","status-publish","hentry"],"acf":[],"yoast_head":"<!-- This site is optimized with the Yoast SEO plugin v26.7 - https:\/\/yoast.com\/wordpress\/plugins\/seo\/ -->\n<title>Permanencia Estudiantil - Universidad Cat\u00f3lica De Colombia<\/title>\n<meta name=\"robots\" content=\"index, follow, max-snippet:-1, max-image-preview:large, max-video-preview:-1\" \/>\n<link rel=\"canonical\" href=\"https:\/\/www.ucatolica.edu.co\/portal\/vida-universitaria\/permanencia-estudiantil\/\" \/>\n<meta property=\"og:locale\" content=\"es_ES\" \/>\n<meta property=\"og:type\" content=\"article\" \/>\n<meta property=\"og:title\" content=\"Permanencia Estudiantil - Universidad Cat\u00f3lica De Colombia\" \/>\n<meta property=\"og:description\" content=\"Permanencia Estudiantil La Coordinaci\u00f3n de Permanencia Estudiantil ofrece programas y estrategias para que los estudiantes puedan superar las dificultades acad\u00e9micas o personales que afectan el rendimiento acad\u00e9mico y la culminaci\u00f3n exitosa de sus estudios. Actualmente la Universidad cuenta con los siguientes programas: Tutor\u00edas Acad\u00e9micas: Asesor\u00edas personalizadas orientadas por los profesores de los programas acad\u00e9micos. Constituyen [&hellip;]\" \/>\n<meta property=\"og:url\" content=\"https:\/\/www.ucatolica.edu.co\/portal\/vida-universitaria\/permanencia-estudiantil\/\" \/>\n<meta property=\"og:site_name\" content=\"Universidad Cat\u00f3lica De Colombia\" \/>\n<meta property=\"article:publisher\" content=\"https:\/\/www.facebook.com\/ucatolicacolombia\" \/>\n<meta property=\"article:modified_time\" content=\"2026-03-18T13:03:55+00:00\" \/>\n<meta name=\"twitter:card\" content=\"summary_large_image\" \/>\n<meta name=\"twitter:site\" content=\"@UCatolicaCol\" \/>\n<meta name=\"twitter:label1\" content=\"Tiempo de lectura\" \/>\n\t<meta name=\"twitter:data1\" content=\"2 minutos\" \/>\n<script type=\"application\/ld+json\" class=\"yoast-schema-graph\">{\"@context\":\"https:\/\/schema.org\",\"@graph\":[{\"@type\":\"WebPage\",\"@id\":\"https:\/\/www.ucatolica.edu.co\/portal\/vida-universitaria\/permanencia-estudiantil\/\",\"url\":\"https:\/\/www.ucatolica.edu.co\/portal\/vida-universitaria\/permanencia-estudiantil\/\",\"name\":\"Permanencia Estudiantil - Universidad Cat\u00f3lica De Colombia\",\"isPartOf\":{\"@id\":\"https:\/\/www.ucatolica.edu.co\/portal\/#website\"},\"primaryImageOfPage\":{\"@id\":\"https:\/\/www.ucatolica.edu.co\/portal\/vida-universitaria\/permanencia-estudiantil\/#primaryimage\"},\"image\":{\"@id\":\"https:\/\/www.ucatolica.edu.co\/portal\/vida-universitaria\/permanencia-estudiantil\/#primaryimage\"},\"thumbnailUrl\":\"https:\/\/www.ucatolica.edu.co\/portal\/wp-content\/uploads\/2018\/01\/permanencia.jpg\",\"datePublished\":\"2018-11-14T22:18:32+00:00\",\"dateModified\":\"2026-03-18T13:03:55+00:00\",\"breadcrumb\":{\"@id\":\"https:\/\/www.ucatolica.edu.co\/portal\/vida-universitaria\/permanencia-estudiantil\/#breadcrumb\"},\"inLanguage\":\"es-CO\",\"potentialAction\":[{\"@type\":\"ReadAction\",\"target\":[\"https:\/\/www.ucatolica.edu.co\/portal\/vida-universitaria\/permanencia-estudiantil\/\"]}]},{\"@type\":\"ImageObject\",\"inLanguage\":\"es-CO\",\"@id\":\"https:\/\/www.ucatolica.edu.co\/portal\/vida-universitaria\/permanencia-estudiantil\/#primaryimage\",\"url\":\"https:\/\/www.ucatolica.edu.co\/portal\/wp-content\/uploads\/2018\/01\/permanencia.jpg\",\"contentUrl\":\"https:\/\/www.ucatolica.edu.co\/portal\/wp-content\/uploads\/2018\/01\/permanencia.jpg\",\"width\":1500,\"height\":600},{\"@type\":\"BreadcrumbList\",\"@id\":\"https:\/\/www.ucatolica.edu.co\/portal\/vida-universitaria\/permanencia-estudiantil\/#breadcrumb\",\"itemListElement\":[{\"@type\":\"ListItem\",\"position\":1,\"name\":\"Inicio\",\"item\":\"https:\/\/www.ucatolica.edu.co\/portal\/\"},{\"@type\":\"ListItem\",\"position\":2,\"name\":\"Vida Universitaria\",\"item\":\"https:\/\/www.ucatolica.edu.co\/portal\/vida-universitaria\/\"},{\"@type\":\"ListItem\",\"position\":3,\"name\":\"Permanencia Estudiantil\"}]},{\"@type\":\"WebSite\",\"@id\":\"https:\/\/www.ucatolica.edu.co\/portal\/#website\",\"url\":\"https:\/\/www.ucatolica.edu.co\/portal\/\",\"name\":\"Universidad Cat\u00f3lica De Colombia\",\"description\":\"Universidad Cat\u00f3lica De Colombia\",\"publisher\":{\"@id\":\"https:\/\/www.ucatolica.edu.co\/portal\/#organization\"},\"potentialAction\":[{\"@type\":\"SearchAction\",\"target\":{\"@type\":\"EntryPoint\",\"urlTemplate\":\"https:\/\/www.ucatolica.edu.co\/portal\/?s={search_term_string}\"},\"query-input\":{\"@type\":\"PropertyValueSpecification\",\"valueRequired\":true,\"valueName\":\"search_term_string\"}}],\"inLanguage\":\"es-CO\"},{\"@type\":\"Organization\",\"@id\":\"https:\/\/www.ucatolica.edu.co\/portal\/#organization\",\"name\":\"Universidad Cat\u00f3lica de Colombia\",\"url\":\"https:\/\/www.ucatolica.edu.co\/portal\/\",\"logo\":{\"@type\":\"ImageObject\",\"inLanguage\":\"es-CO\",\"@id\":\"https:\/\/www.ucatolica.edu.co\/portal\/#\/schema\/logo\/image\/\",\"url\":\"https:\/\/www.ucatolica.edu.co\/portal\/wp-content\/uploads\/2021\/06\/logo-header-ho-1.svg\",\"contentUrl\":\"https:\/\/www.ucatolica.edu.co\/portal\/wp-content\/uploads\/2021\/06\/logo-header-ho-1.svg\",\"width\":1,\"height\":1,\"caption\":\"Universidad Cat\u00f3lica de Colombia\"},\"image\":{\"@id\":\"https:\/\/www.ucatolica.edu.co\/portal\/#\/schema\/logo\/image\/\"},\"sameAs\":[\"https:\/\/www.facebook.com\/ucatolicacolombia\",\"https:\/\/x.com\/UCatolicaCol\",\"https:\/\/www.instagram.com\/universidadcatolicadecolombia\/\",\"https:\/\/www.linkedin.com\/company\/universidadcatolicadecolombia\/\",\"https:\/\/www.youtube.com\/user\/UCatolicaCo\"]}]}<\/script>\n<!-- \/ Yoast SEO plugin. -->","yoast_head_json":{"title":"Permanencia Estudiantil - Universidad Cat\u00f3lica De Colombia","robots":{"index":"index","follow":"follow","max-snippet":"max-snippet:-1","max-image-preview":"max-image-preview:large","max-video-preview":"max-video-preview:-1"},"canonical":"https:\/\/www.ucatolica.edu.co\/portal\/vida-universitaria\/permanencia-estudiantil\/","og_locale":"es_ES","og_type":"article","og_title":"Permanencia Estudiantil - Universidad Cat\u00f3lica De Colombia","og_description":"Permanencia Estudiantil La Coordinaci\u00f3n de Permanencia Estudiantil ofrece programas y estrategias para que los estudiantes puedan superar las dificultades acad\u00e9micas o personales que afectan el rendimiento acad\u00e9mico y la culminaci\u00f3n exitosa de sus estudios. Actualmente la Universidad cuenta con los siguientes programas: Tutor\u00edas Acad\u00e9micas: Asesor\u00edas personalizadas orientadas por los profesores de los programas acad\u00e9micos. Constituyen [&hellip;]","og_url":"https:\/\/www.ucatolica.edu.co\/portal\/vida-universitaria\/permanencia-estudiantil\/","og_site_name":"Universidad Cat\u00f3lica De Colombia","article_publisher":"https:\/\/www.facebook.com\/ucatolicacolombia","article_modified_time":"2026-03-18T13:03:55+00:00","twitter_card":"summary_large_image","twitter_site":"@UCatolicaCol","twitter_misc":{"Tiempo de lectura":"2 minutos"},"schema":{"@context":"https:\/\/schema.org","@graph":[{"@type":"WebPage","@id":"https:\/\/www.ucatolica.edu.co\/portal\/vida-universitaria\/permanencia-estudiantil\/","url":"https:\/\/www.ucatolica.edu.co\/portal\/vida-universitaria\/permanencia-estudiantil\/","name":"Permanencia Estudiantil - Universidad Cat\u00f3lica De Colombia","isPartOf":{"@id":"https:\/\/www.ucatolica.edu.co\/portal\/#website"},"primaryImageOfPage":{"@id":"https:\/\/www.ucatolica.edu.co\/portal\/vida-universitaria\/permanencia-estudiantil\/#primaryimage"},"image":{"@id":"https:\/\/www.ucatolica.edu.co\/portal\/vida-universitaria\/permanencia-estudiantil\/#primaryimage"},"thumbnailUrl":"https:\/\/www.ucatolica.edu.co\/portal\/wp-content\/uploads\/2018\/01\/permanencia.jpg","datePublished":"2018-11-14T22:18:32+00:00","dateModified":"2026-03-18T13:03:55+00:00","breadcrumb":{"@id":"https:\/\/www.ucatolica.edu.co\/portal\/vida-universitaria\/permanencia-estudiantil\/#breadcrumb"},"inLanguage":"es-CO","potentialAction":[{"@type":"ReadAction","target":["https:\/\/www.ucatolica.edu.co\/portal\/vida-universitaria\/permanencia-estudiantil\/"]}]},{"@type":"ImageObject","inLanguage":"es-CO","@id":"https:\/\/www.ucatolica.edu.co\/portal\/vida-universitaria\/permanencia-estudiantil\/#primaryimage","url":"https:\/\/www.ucatolica.edu.co\/portal\/wp-content\/uploads\/2018\/01\/permanencia.jpg","contentUrl":"https:\/\/www.ucatolica.edu.co\/portal\/wp-content\/uploads\/2018\/01\/permanencia.jpg","width":1500,"height":600},{"@type":"BreadcrumbList","@id":"https:\/\/www.ucatolica.edu.co\/portal\/vida-universitaria\/permanencia-estudiantil\/#breadcrumb","itemListElement":[{"@type":"ListItem","position":1,"name":"Inicio","item":"https:\/\/www.ucatolica.edu.co\/portal\/"},{"@type":"ListItem","position":2,"name":"Vida Universitaria","item":"https:\/\/www.ucatolica.edu.co\/portal\/vida-universitaria\/"},{"@type":"ListItem","position":3,"name":"Permanencia Estudiantil"}]},{"@type":"WebSite","@id":"https:\/\/www.ucatolica.edu.co\/portal\/#website","url":"https:\/\/www.ucatolica.edu.co\/portal\/","name":"Universidad Cat\u00f3lica De Colombia","description":"Universidad Cat\u00f3lica De Colombia","publisher":{"@id":"https:\/\/www.ucatolica.edu.co\/portal\/#organization"},"potentialAction":[{"@type":"SearchAction","target":{"@type":"EntryPoint","urlTemplate":"https:\/\/www.ucatolica.edu.co\/portal\/?s={search_term_string}"},"query-input":{"@type":"PropertyValueSpecification","valueRequired":true,"valueName":"search_term_string"}}],"inLanguage":"es-CO"},{"@type":"Organization","@id":"https:\/\/www.ucatolica.edu.co\/portal\/#organization","name":"Universidad Cat\u00f3lica de Colombia","url":"https:\/\/www.ucatolica.edu.co\/portal\/","logo":{"@type":"ImageObject","inLanguage":"es-CO","@id":"https:\/\/www.ucatolica.edu.co\/portal\/#\/schema\/logo\/image\/","url":"https:\/\/www.ucatolica.edu.co\/portal\/wp-content\/uploads\/2021\/06\/logo-header-ho-1.svg","contentUrl":"https:\/\/www.ucatolica.edu.co\/portal\/wp-content\/uploads\/2021\/06\/logo-header-ho-1.svg","width":1,"height":1,"caption":"Universidad Cat\u00f3lica de Colombia"},"image":{"@id":"https:\/\/www.ucatolica.edu.co\/portal\/#\/schema\/logo\/image\/"},"sameAs":["https:\/\/www.facebook.com\/ucatolicacolombia","https:\/\/x.com\/UCatolicaCol","https:\/\/www.instagram.com\/universidadcatolicadecolombia\/","https:\/\/www.linkedin.com\/company\/universidadcatolicadecolombia\/","https:\/\/www.youtube.com\/user\/UCatolicaCo"]}]}},"coauthors":[],"author_meta":{"author_link":"https:\/\/www.ucatolica.edu.co\/portal\/author\/carrnall\/","display_name":"Carlos Zea"},"relative_dates":{"created":"Posted 7 a\u00f1os ago","modified":"Updated 4 semanas ago"},"absolute_dates":{"created":"Posted on 14 noviembre, 2018","modified":"Updated on 18 marzo, 2026"},"absolute_dates_time":{"created":"Posted on 14 noviembre, 2018 5:18 pm","modified":"Updated on 18 marzo, 2026 8:03 am"},"featured_img_caption":"","featured_img":false,"series_order":"","_links":{"self":[{"href":"https:\/\/www.ucatolica.edu.co\/portal\/wp-json\/wp\/v2\/pages\/5263","targetHints":{"allow":["GET"]}}],"collection":[{"href":"https:\/\/www.ucatolica.edu.co\/portal\/wp-json\/wp\/v2\/pages"}],"about":[{"href":"https:\/\/www.ucatolica.edu.co\/portal\/wp-json\/wp\/v2\/types\/page"}],"author":[{"embeddable":true,"href":"https:\/\/www.ucatolica.edu.co\/portal\/wp-json\/wp\/v2\/users\/2"}],"replies":[{"embeddable":true,"href":"https:\/\/www.ucatolica.edu.co\/portal\/wp-json\/wp\/v2\/comments?post=5263"}],"version-history":[{"count":82,"href":"https:\/\/www.ucatolica.edu.co\/portal\/wp-json\/wp\/v2\/pages\/5263\/revisions"}],"predecessor-version":[{"id":130914,"href":"https:\/\/www.ucatolica.edu.co\/portal\/wp-json\/wp\/v2\/pages\/5263\/revisions\/130914"}],"up":[{"embeddable":true,"href":"https:\/\/www.ucatolica.edu.co\/portal\/wp-json\/wp\/v2\/pages\/340"}],"wp:attachment":[{"href":"https:\/\/www.ucatolica.edu.co\/portal\/wp-json\/wp\/v2\/media?parent=5263"}],"curies":[{"name":"wp","href":"https:\/\/api.w.org\/{rel}","templated":true}]}}