{"id":533,"date":"2018-08-27T11:11:15","date_gmt":"2018-08-27T16:11:15","guid":{"rendered":"http:\/\/localhost:8888\/portal\/?page_id=533"},"modified":"2026-04-05T16:13:09","modified_gmt":"2026-04-05T21:13:09","slug":"becas-y-auxilios","status":"publish","type":"page","link":"https:\/\/www.ucatolica.edu.co\/portal\/vida-universitaria\/becas-y-auxilios\/","title":{"rendered":"Becas y auxilios"},"content":{"rendered":"<h2>\u00bfC\u00f3mo obtener una beca o auxilio acad\u00e9mico en la Universidad?<\/h2>\n<p>Las becas y los auxilios son exclusivamente para estudiantes y egresados de la Universidad Cat\u00f3lica de Colombia.<\/p>\n<div class=\"video-contenidos\"><iframe src=\"https:\/\/www.youtube.com\/embed\/xuAjLOcjEWI\" frameborder=\"0\" allowfullscreen=\"allowfullscreen\"><\/iframe><\/div>\n<h4>Becas por rendimiento acad\u00e9mico durante un periodo acad\u00e9mico<\/h4>\n<p>El Reglamento del Estudiante en su Art. 56 se\u00f1ala los lineamientos para asignar las becas a los estudiantes de pregrado que obtengan el mejor promedio ponderado del periodo acad\u00e9mico en cada uno de los programas, durante el periodo acad\u00e9mico inmediatamente anterior. Para consultar Reglamento Estudiantil hacer <a href=\"\/portal\/wp-content\/uploads\/adjuntos\/acuerdos\/consejo-superior-acuerdos-academicos-236-16.pdf\" target=\"_blank\" rel=\"noopener noreferrer\">clic aqu\u00ed<\/a><\/p>\n<ul>\n<li>\n<h6>Pasos para acceder<\/h6>\n<p>1. Promedio mayor o igual a 8.0<br \/>\n2. No estar repitiendo una materia<br \/>\n3. No estar matriculados en un n\u00famero de asignaturas inferior al previsto como carga acad\u00e9mica regular<br \/>\n4. No estar sancionado durante la permanencia por faltas graves<br \/>\n5. En caso de empate se tendr\u00e1 en cuenta aquel estudiante que tenga mayor promedio ponderado acumulado de permanencia y el que tenga mayor n\u00famero de cr\u00e9ditos cursados y aprobados<\/li>\n<\/ul>\n<h4>Por reconocimiento a la representaci\u00f3n institucional estudiantil en programas de Bienestar Universitario<\/h4>\n<p>Fernando Augusto Montejo, Director de Bienestar Universitario se\u00f1ala que todos los estudiantes pueden postularse para obtener auxilios educativos por participar y representar a la instituci\u00f3n en \u00e1reas relacionadas al deporte y a la cultura &#8220;La participaci\u00f3n constante a las competencias, presentaciones y ensayos es primordial para obtener el auxilio. Los descuentos se aplican sobre la matr\u00edcula en el semestre siguiente correspondiente al nivel de formaci\u00f3n en el cual el beneficiario realiza las actividades que le permiten acceder al mismo&#8221;. Para mayor informaci\u00f3n consultar la resoluci\u00f3n 063 <a href=\"\/portal\/wp-content\/uploads\/adjuntos\/resoluciones\/vicepresidencia-063-20.pdf\" target=\"_blank\" rel=\"noopener noreferrer\">aqu\u00ed<\/a><\/p>\n<ul>\n<li>\n<h6>Pasos para acceder<\/h6>\n<p>1. Tener m\u00ednimo un a\u00f1o en el grupo representativo, selecci\u00f3n deportiva, grupo de servicio.<br \/>\n2. Tener el promedio de semestre mayor o igual a 7.5 para pregrado y de 8.0 para posgrados<br \/>\n3. Evaluaci\u00f3n satisfactoria del coordinador del grupo representativo, selecci\u00f3n o grupo de servicio.<br \/>\n4. Presentar carta para postularse al auxilio.<\/li>\n<\/ul>\n<h4>Monitorias Acad\u00e9micas y Mentoring Estudiantil<\/h4>\n<p>A trav\u00e9s de la Coordinaci\u00f3n de Permanencia Estudiantil de la Vicerrector\u00eda Acad\u00e9mica, los estudiantes que participan como mentores o monitores en los programas de apoyo reciben incentivos por las horas que dedican a estas actividades. El auxilio se entrega como abono financiero a la matr\u00edcula del siguiente semestre.<br \/>\nPara conocer las condiciones institucionales, los estudiantes deben remitirse al acuerdo que reglamenta las tutor\u00edas y monitorias haciendo clic<strong>\u00a0<a href=\"https:\/\/www.ucatolica.edu.co\/portal\/wp-content\/uploads\/adjuntos\/acuerdos\/consejo-administrativo-047-26.pdf\" target=\"_blank\" rel=\"noopener noreferrer\">aqu\u00ed<\/a><\/strong><\/p>\n<ul>\n<li>\n<h6><span data-olk-copy-source=\"MessageBody\">Requisitos para postularse<\/span><\/h6>\n<p>Monitoria:<br \/>\n1. Ser estudiante regular matriculado en el per\u00edodo acad\u00e9mico respectivo<br \/>\n2. Tener promedio ponderado de programa de m\u00ednimo 8.0<br \/>\n3. Haber aprobado la asignatura de la cual va a ser monitor con una calificaci\u00f3n superior a 8.0 y no haberla cursado m\u00e1s de una vez. . Haber cursado y aprobado al menos 64 cr\u00e9ditos acad\u00e9micos<br \/>\n5. No haber estado en per\u00edodo de gracia, ni haber sido sancionado disciplinariamente.<br \/>\n6. En caso de haber sido monitor anteriormente, es necesario tener una evaluaci\u00f3n satisfactoria.<br \/>\nMentoring Estudiantil:<br \/>\n1. Ser estudiante regular matriculado en el per\u00edodo acad\u00e9mico respectivo<br \/>\n2. Tener promedio ponderado de programa de m\u00ednimo 8.0<br \/>\n3. Haber cursado y aprobado al menos 64 cr\u00e9ditos acad\u00e9micos<br \/>\n4. Presentar recomendaci\u00f3n de un profesor del programa acad\u00e9mico que cursa y una carta de intenci\u00f3n<br \/>\n5. No haber estado en per\u00edodo de gracia, ni haber sido sancionado disciplinariamente.<br \/>\n6. En caso de haber sido mentor estudiantil anteriormente, es necesario tener una evaluaci\u00f3n satisfactoria.<\/li>\n<\/ul>\n<h4>Egresados<\/h4>\n<p><span data-olk-copy-source=\"MessageBody\">La Universidad le ofrece a sus egresados un incentivo por medio de un descuento del 10% en la matr\u00edcula de cualquiera de los posgrados de la instituci\u00f3n. Tambi\u00e9n Educaci\u00f3n Continuada ofrece el 15% de descuento en sus programas como diplomados, cursos, y talleres<\/span>. Mayor informaci\u00f3n hacer clic <a href=\"\/portal\/vida-universitaria\/servicios-para-egresados\/\" target=\"_blank\" rel=\"noopener noreferrer\">aqu\u00ed<\/a><\/p>\n<ul>\n<li><em>Las becas y los auxilios son exclusivamente para estudiantes y egresados de la Universidad Cat\u00f3lica de Colombia.<\/em><\/li>\n<\/ul>\n<p class=\"eip\"><strong>M\u00e1s informaci\u00f3n:<\/strong><br \/>\n<strong>Oficina de Admisiones<\/strong><br \/>\nAv. Caracas No. 46-72, Piso 1 Sede Las Torres. Bogot\u00e1 D.C, Colombia.<br \/>\nPbx: (601) 4433700 Ext: 1401, 1402, 1403, 1405, 1406,<br \/>\nTel\u00e9fono corporativo: 318 517 05 86<br \/>\nadmisiones@ucatolica.edu.co<\/p>\n<p><b data-olk-copy-source=\"MessageBody\">Coordinaci\u00f3n de Educaci\u00f3n Continuada:<\/b><br \/>\nDiagonal 46 No. 15B \u2013 18, piso 2 Sede Casa de Extensi\u00f3n. Bogot\u00e1 D.C, Colombia<br \/>\nPbx: (601) 4433700 Ext: 1089 y 3292<br \/>\nTel\u00e9fono corporativo: 318 324 0520<br \/>\neducacion_continuada@ucatolica.edu.co<\/p>\n<p><!-- CONTENEDOR DOS PARA SIDEBAR --><\/p>\n<div id=\"contenido-dos\">\n<h2>Documentos de Inter\u00e9s<\/h2>\n<ul>\n<li class=\"btn-documentos\"><a href=\"https:\/\/www.ucatolica.edu.co\/portal\/wp-content\/uploads\/adjuntos\/acuerdos\/consejo-administrativo-047-26.pdf\" target=\"_blank\" rel=\"noopener\">Incentivo Saber Pro<\/a><\/li>\n<li class=\"btn-documentos\"><a href=\"https:\/\/www.ucatolica.edu.co\/portal\/wp-content\/uploads\/2026\/02\/Cronograma_Posgrados_2026_1.pdf\" target=\"_blank\" rel=\"noopener\">Cronograma de Actividades &#8211; Posgrados<\/a><\/li>\n<li class=\"btn-documentos\"><a href=\"https:\/\/www.ucatolica.edu.co\/portal\/wp-content\/uploads\/2026\/02\/Cronograma_Pregrado_2026_1.pdf\" target=\"_blank\" rel=\"noopener\">Cronograma de Actividades &#8211; Pregrados<\/a><\/li>\n<li class=\"btn-documentos\"><a href=\"https:\/\/www.ucatolica.edu.co\/portal\/wp-content\/uploads\/2026\/02\/Cronograma_Egresados_2026_1.pdf\" target=\"_blank\" rel=\"noopener\">Cronograma de Actividades &#8211; Egresados<\/a><\/li>\n<li class=\"btn-documentos\"><a href=\"https:\/\/www.ucatolica.edu.co\/portal\/wp-content\/uploads\/2026\/02\/Cronograma_Adm_Profesores_2026_1.pdf\" target=\"_blank\" rel=\"noopener\">Cronograma de Actividades \u2013 Profesores y administrativos<\/a><\/li>\n<li class=\"btn-documentos\"><a href=\"https:\/\/www.ucatolica.edu.co\/portal\/wp-content\/uploads\/2022\/11\/anexo-consejo-superior-acuerdos-academicos-340-16.pdf\" target=\"_blank\" rel=\"noopener\">Estatuto de Bienestar Universitario<\/a><\/li>\n<\/ul>\n<h2>Accesos de Inter\u00e9s<\/h2>\n<ul>\n<li><a href=\"\/portal\/nuestra-universidad\/ucatolica-tv\/\">Ucatolica Tv<\/a><\/li>\n<li><a href=\"#\">Semilleros de investigaci\u00f3n<\/a><\/li>\n<li><a href=\"#\">Permanecia<\/a><\/li>\n<li><a href=\"#\">Apoyo financiero<\/a><\/li>\n<li><a href=\"#\">ORII &#8211; Salidas<\/a><\/li>\n<li><a href=\"#\">Instituto de idiomas<\/a><\/li>\n<li><a href=\"#\">Bolsa de empleo<\/a><\/li>\n<li><a href=\"#\">Emprendimiento<\/a><\/li>\n<\/ul>\n<\/div>\n","protected":false},"excerpt":{"rendered":"<p>\u00bfC\u00f3mo obtener una beca o auxilio acad\u00e9mico en la Universidad? Las becas y los auxilios son exclusivamente para estudiantes y egresados de la Universidad Cat\u00f3lica de Colombia. Becas por rendimiento acad\u00e9mico durante un periodo acad\u00e9mico El Reglamento del Estudiante en su Art. 56 se\u00f1ala los lineamientos para asignar las becas a los estudiantes de pregrado [&hellip;]<\/p>\n","protected":false},"author":2,"featured_media":0,"parent":340,"menu_order":0,"comment_status":"closed","ping_status":"closed","template":"page-oldstyle.php","meta":{"_acf_changed":false,"advgb_blocks_editor_width":"","advgb_blocks_columns_visual_guide":"","footnotes":""},"class_list":["post-533","page","type-page","status-publish","hentry"],"acf":[],"coauthors":[],"author_meta":{"author_link":"https:\/\/www.ucatolica.edu.co\/portal\/author\/carrnall\/","display_name":"Carlos Zea"},"relative_dates":{"created":"Posted 8 a\u00f1os ago","modified":"Updated 2 d\u00edas ago"},"absolute_dates":{"created":"Posted on 27 agosto, 2018","modified":"Updated on 5 abril, 2026"},"absolute_dates_time":{"created":"Posted on 27 agosto, 2018 11:11 am","modified":"Updated on 5 abril, 2026 4:13 pm"},"featured_img_caption":"","featured_img":false,"series_order":"","_links":{"self":[{"href":"https:\/\/www.ucatolica.edu.co\/portal\/wp-json\/wp\/v2\/pages\/533","targetHints":{"allow":["GET"]}}],"collection":[{"href":"https:\/\/www.ucatolica.edu.co\/portal\/wp-json\/wp\/v2\/pages"}],"about":[{"href":"https:\/\/www.ucatolica.edu.co\/portal\/wp-json\/wp\/v2\/types\/page"}],"author":[{"embeddable":true,"href":"https:\/\/www.ucatolica.edu.co\/portal\/wp-json\/wp\/v2\/users\/2"}],"replies":[{"embeddable":true,"href":"https:\/\/www.ucatolica.edu.co\/portal\/wp-json\/wp\/v2\/comments?post=533"}],"version-history":[{"count":9,"href":"https:\/\/www.ucatolica.edu.co\/portal\/wp-json\/wp\/v2\/pages\/533\/revisions"}],"predecessor-version":[{"id":132275,"href":"https:\/\/www.ucatolica.edu.co\/portal\/wp-json\/wp\/v2\/pages\/533\/revisions\/132275"}],"up":[{"embeddable":true,"href":"https:\/\/www.ucatolica.edu.co\/portal\/wp-json\/wp\/v2\/pages\/340"}],"wp:attachment":[{"href":"https:\/\/www.ucatolica.edu.co\/portal\/wp-json\/wp\/v2\/media?parent=533"}],"curies":[{"name":"wp","href":"https:\/\/api.w.org\/{rel}","templated":true}]}}