{"id":5368,"date":"2018-11-15T12:22:30","date_gmt":"2018-11-15T17:22:30","guid":{"rendered":"http:\/\/172.24.1.191:8888\/portal\/?page_id=5368"},"modified":"2018-11-15T12:22:30","modified_gmt":"2018-11-15T17:22:30","slug":"voluntariado-universitario","status":"publish","type":"page","link":"https:\/\/www.ucatolica.edu.co\/portal\/voluntariado-universitario\/","title":{"rendered":"Voluntariado Universitario"},"content":{"rendered":"<h2>Voluntariado Universitario<\/h2>\n<p>&nbsp;<br \/>\nEl Programa de Voluntariado Universitario que ofrece el Departamento de Humanidades de la Universidad Cat\u00f3lica de Colombia, agrupa a estudiantes y profesores, con el fin de organizar y llevar a cabo diferentes actividades de proyecci\u00f3n social fuera de las aulas de clases. Son experiencias gratificantes de formaci\u00f3n humana y en escuela de generosidad y entrega a los dem\u00e1s.<\/p>\n<h3>Actividades realizadas<\/h3>\n<h4>1. Charlas de formaci\u00f3n de voluntarios cada 15 d\u00edas:<\/h4>\n<p>Para ser buenos voluntarios es necesario tener una formaci\u00f3n adecuada y para esto, cada 15 d\u00edas hay reuniones donde se trabajan temas espec\u00edficos sobre esta pr\u00e1ctica social. Tem\u00e1ticas como el orden, la responsabilidad, la fuerza de voluntad, el compromiso social universitario, entre otros, son pilares fundamentales cuando se trata de organizar proyectos para ayudar a otras personas.<\/p>\n<h4>2. Visita quincenal a personas de la tercera edad en condici\u00f3n de desamparo:<\/h4>\n<p>Con las personas de tercera edad compartimos unas onces, bailamos, leemos cuentos, dibujamos y conocemos sus experiencias de vida.<\/p>\n<h4>3. Visita quincenal a la fundaci\u00f3n de ni\u00f1os \u201cSanta Rita de Cascia\u201d:<\/h4>\n<p>Todos los ni\u00f1os que se encuentran en esta fundaci\u00f3n padecen enfermedades de complejo manejo o discapacidad, por esta raz\u00f3n, han sido abandonados por sus padres en los hospitales o cl\u00ednicas donde fueron atendidos. Organizamos para ellos actividades l\u00fadicas y formativas, pero principalmente los llenamos del cari\u00f1o que la vida les neg\u00f3 por el abandono familiar.<\/p>\n<h4>4. Semana de Voluntariado, Brigada de salud y Asesor\u00edas jur\u00eddicas:<\/h4>\n<p>Al finalizar cada semestre, se elige una vereda o barrio fuera de Bogot\u00e1 en condiciones socio-econ\u00f3micas de dificultad, donde se lleva a cabo actividades de refuerzo escolar en asignaturas como ingl\u00e9s, matem\u00e1ticas y lenguaje para ni\u00f1os de 6 a 11 a\u00f1os.<br \/>\nTambi\u00e9n se organizan charlas para adolescentes de 13 a 16 a\u00f1os y catequesis para adultos. Se realizan algunas visitas a personas enfermas y se atiende a familias de dif\u00edciles condiciones econ\u00f3micas. Un fin de semana se dedica a una brigada de salud y asesor\u00edas jur\u00eddicas gratuitas, con profesionales egresados de nuestra Universidad. A esta actividad asisten abogados, odont\u00f3logos, opt\u00f3metras, psic\u00f3logos, etc<\/p>\n<h5>Voluntariado Universitario<\/h5>\n<p class=\"cont\">Tel\u00e9fono: (601) 4433700 exts. 1200 y 3282<br \/>\ndjsantacruz@ucatolica.edu.co &#8211; vetoledo@ucatolica.edu.co<\/p>\n","protected":false},"excerpt":{"rendered":"<p>Voluntariado Universitario &nbsp; El Programa de Voluntariado Universitario que ofrece el Departamento de Humanidades de la Universidad Cat\u00f3lica de Colombia, agrupa a estudiantes y profesores, con el fin de organizar y llevar a cabo diferentes actividades de proyecci\u00f3n social fuera de las aulas de clases. Son experiencias gratificantes de formaci\u00f3n humana y en escuela de [&hellip;]<\/p>\n","protected":false},"author":2,"featured_media":0,"parent":0,"menu_order":0,"comment_status":"closed","ping_status":"closed","template":"page-oldstyle.php","meta":{"_acf_changed":false,"advgb_blocks_editor_width":"","advgb_blocks_columns_visual_guide":"","footnotes":""},"class_list":["post-5368","page","type-page","status-publish","hentry"],"acf":[],"yoast_head":"<!-- This site is optimized with the Yoast SEO plugin v26.7 - https:\/\/yoast.com\/wordpress\/plugins\/seo\/ -->\n<title>Voluntariado Universitario - Universidad Cat\u00f3lica De Colombia<\/title>\n<meta name=\"robots\" content=\"index, follow, max-snippet:-1, max-image-preview:large, max-video-preview:-1\" \/>\n<link rel=\"canonical\" href=\"https:\/\/www.ucatolica.edu.co\/portal\/voluntariado-universitario\/\" \/>\n<meta property=\"og:locale\" content=\"es_ES\" \/>\n<meta property=\"og:type\" content=\"article\" \/>\n<meta property=\"og:title\" content=\"Voluntariado Universitario - Universidad Cat\u00f3lica De Colombia\" \/>\n<meta property=\"og:description\" content=\"Voluntariado Universitario &nbsp; El Programa de Voluntariado Universitario que ofrece el Departamento de Humanidades de la Universidad Cat\u00f3lica de Colombia, agrupa a estudiantes y profesores, con el fin de organizar y llevar a cabo diferentes actividades de proyecci\u00f3n social fuera de las aulas de clases. Son experiencias gratificantes de formaci\u00f3n humana y en escuela de [&hellip;]\" \/>\n<meta property=\"og:url\" content=\"https:\/\/www.ucatolica.edu.co\/portal\/voluntariado-universitario\/\" \/>\n<meta property=\"og:site_name\" content=\"Universidad Cat\u00f3lica De Colombia\" \/>\n<meta property=\"article:publisher\" content=\"https:\/\/www.facebook.com\/ucatolicacolombia\" \/>\n<meta name=\"twitter:card\" content=\"summary_large_image\" \/>\n<meta name=\"twitter:site\" content=\"@UCatolicaCol\" \/>\n<meta name=\"twitter:label1\" content=\"Tiempo de lectura\" \/>\n\t<meta name=\"twitter:data1\" content=\"2 minutos\" \/>\n<script type=\"application\/ld+json\" class=\"yoast-schema-graph\">{\"@context\":\"https:\/\/schema.org\",\"@graph\":[{\"@type\":\"WebPage\",\"@id\":\"https:\/\/www.ucatolica.edu.co\/portal\/voluntariado-universitario\/\",\"url\":\"https:\/\/www.ucatolica.edu.co\/portal\/voluntariado-universitario\/\",\"name\":\"Voluntariado Universitario - Universidad Cat\u00f3lica De Colombia\",\"isPartOf\":{\"@id\":\"https:\/\/www.ucatolica.edu.co\/portal\/#website\"},\"datePublished\":\"2018-11-15T17:22:30+00:00\",\"breadcrumb\":{\"@id\":\"https:\/\/www.ucatolica.edu.co\/portal\/voluntariado-universitario\/#breadcrumb\"},\"inLanguage\":\"es-CO\",\"potentialAction\":[{\"@type\":\"ReadAction\",\"target\":[\"https:\/\/www.ucatolica.edu.co\/portal\/voluntariado-universitario\/\"]}]},{\"@type\":\"BreadcrumbList\",\"@id\":\"https:\/\/www.ucatolica.edu.co\/portal\/voluntariado-universitario\/#breadcrumb\",\"itemListElement\":[{\"@type\":\"ListItem\",\"position\":1,\"name\":\"Inicio\",\"item\":\"https:\/\/www.ucatolica.edu.co\/portal\/\"},{\"@type\":\"ListItem\",\"position\":2,\"name\":\"Voluntariado Universitario\"}]},{\"@type\":\"WebSite\",\"@id\":\"https:\/\/www.ucatolica.edu.co\/portal\/#website\",\"url\":\"https:\/\/www.ucatolica.edu.co\/portal\/\",\"name\":\"Universidad Cat\u00f3lica De Colombia\",\"description\":\"Universidad Cat\u00f3lica De Colombia\",\"publisher\":{\"@id\":\"https:\/\/www.ucatolica.edu.co\/portal\/#organization\"},\"potentialAction\":[{\"@type\":\"SearchAction\",\"target\":{\"@type\":\"EntryPoint\",\"urlTemplate\":\"https:\/\/www.ucatolica.edu.co\/portal\/?s={search_term_string}\"},\"query-input\":{\"@type\":\"PropertyValueSpecification\",\"valueRequired\":true,\"valueName\":\"search_term_string\"}}],\"inLanguage\":\"es-CO\"},{\"@type\":\"Organization\",\"@id\":\"https:\/\/www.ucatolica.edu.co\/portal\/#organization\",\"name\":\"Universidad Cat\u00f3lica de Colombia\",\"url\":\"https:\/\/www.ucatolica.edu.co\/portal\/\",\"logo\":{\"@type\":\"ImageObject\",\"inLanguage\":\"es-CO\",\"@id\":\"https:\/\/www.ucatolica.edu.co\/portal\/#\/schema\/logo\/image\/\",\"url\":\"https:\/\/www.ucatolica.edu.co\/portal\/wp-content\/uploads\/2021\/06\/logo-header-ho-1.svg\",\"contentUrl\":\"https:\/\/www.ucatolica.edu.co\/portal\/wp-content\/uploads\/2021\/06\/logo-header-ho-1.svg\",\"width\":1,\"height\":1,\"caption\":\"Universidad Cat\u00f3lica de Colombia\"},\"image\":{\"@id\":\"https:\/\/www.ucatolica.edu.co\/portal\/#\/schema\/logo\/image\/\"},\"sameAs\":[\"https:\/\/www.facebook.com\/ucatolicacolombia\",\"https:\/\/x.com\/UCatolicaCol\",\"https:\/\/www.instagram.com\/universidadcatolicadecolombia\/\",\"https:\/\/www.linkedin.com\/company\/universidadcatolicadecolombia\/\",\"https:\/\/www.youtube.com\/user\/UCatolicaCo\"]}]}<\/script>\n<!-- \/ Yoast SEO plugin. -->","yoast_head_json":{"title":"Voluntariado Universitario - Universidad Cat\u00f3lica De Colombia","robots":{"index":"index","follow":"follow","max-snippet":"max-snippet:-1","max-image-preview":"max-image-preview:large","max-video-preview":"max-video-preview:-1"},"canonical":"https:\/\/www.ucatolica.edu.co\/portal\/voluntariado-universitario\/","og_locale":"es_ES","og_type":"article","og_title":"Voluntariado Universitario - Universidad Cat\u00f3lica De Colombia","og_description":"Voluntariado Universitario &nbsp; El Programa de Voluntariado Universitario que ofrece el Departamento de Humanidades de la Universidad Cat\u00f3lica de Colombia, agrupa a estudiantes y profesores, con el fin de organizar y llevar a cabo diferentes actividades de proyecci\u00f3n social fuera de las aulas de clases. Son experiencias gratificantes de formaci\u00f3n humana y en escuela de [&hellip;]","og_url":"https:\/\/www.ucatolica.edu.co\/portal\/voluntariado-universitario\/","og_site_name":"Universidad Cat\u00f3lica De Colombia","article_publisher":"https:\/\/www.facebook.com\/ucatolicacolombia","twitter_card":"summary_large_image","twitter_site":"@UCatolicaCol","twitter_misc":{"Tiempo de lectura":"2 minutos"},"schema":{"@context":"https:\/\/schema.org","@graph":[{"@type":"WebPage","@id":"https:\/\/www.ucatolica.edu.co\/portal\/voluntariado-universitario\/","url":"https:\/\/www.ucatolica.edu.co\/portal\/voluntariado-universitario\/","name":"Voluntariado Universitario - Universidad Cat\u00f3lica De Colombia","isPartOf":{"@id":"https:\/\/www.ucatolica.edu.co\/portal\/#website"},"datePublished":"2018-11-15T17:22:30+00:00","breadcrumb":{"@id":"https:\/\/www.ucatolica.edu.co\/portal\/voluntariado-universitario\/#breadcrumb"},"inLanguage":"es-CO","potentialAction":[{"@type":"ReadAction","target":["https:\/\/www.ucatolica.edu.co\/portal\/voluntariado-universitario\/"]}]},{"@type":"BreadcrumbList","@id":"https:\/\/www.ucatolica.edu.co\/portal\/voluntariado-universitario\/#breadcrumb","itemListElement":[{"@type":"ListItem","position":1,"name":"Inicio","item":"https:\/\/www.ucatolica.edu.co\/portal\/"},{"@type":"ListItem","position":2,"name":"Voluntariado Universitario"}]},{"@type":"WebSite","@id":"https:\/\/www.ucatolica.edu.co\/portal\/#website","url":"https:\/\/www.ucatolica.edu.co\/portal\/","name":"Universidad Cat\u00f3lica De Colombia","description":"Universidad Cat\u00f3lica De Colombia","publisher":{"@id":"https:\/\/www.ucatolica.edu.co\/portal\/#organization"},"potentialAction":[{"@type":"SearchAction","target":{"@type":"EntryPoint","urlTemplate":"https:\/\/www.ucatolica.edu.co\/portal\/?s={search_term_string}"},"query-input":{"@type":"PropertyValueSpecification","valueRequired":true,"valueName":"search_term_string"}}],"inLanguage":"es-CO"},{"@type":"Organization","@id":"https:\/\/www.ucatolica.edu.co\/portal\/#organization","name":"Universidad Cat\u00f3lica de Colombia","url":"https:\/\/www.ucatolica.edu.co\/portal\/","logo":{"@type":"ImageObject","inLanguage":"es-CO","@id":"https:\/\/www.ucatolica.edu.co\/portal\/#\/schema\/logo\/image\/","url":"https:\/\/www.ucatolica.edu.co\/portal\/wp-content\/uploads\/2021\/06\/logo-header-ho-1.svg","contentUrl":"https:\/\/www.ucatolica.edu.co\/portal\/wp-content\/uploads\/2021\/06\/logo-header-ho-1.svg","width":1,"height":1,"caption":"Universidad Cat\u00f3lica de Colombia"},"image":{"@id":"https:\/\/www.ucatolica.edu.co\/portal\/#\/schema\/logo\/image\/"},"sameAs":["https:\/\/www.facebook.com\/ucatolicacolombia","https:\/\/x.com\/UCatolicaCol","https:\/\/www.instagram.com\/universidadcatolicadecolombia\/","https:\/\/www.linkedin.com\/company\/universidadcatolicadecolombia\/","https:\/\/www.youtube.com\/user\/UCatolicaCo"]}]}},"coauthors":[],"author_meta":{"author_link":"https:\/\/www.ucatolica.edu.co\/portal\/author\/carrnall\/","display_name":"Carlos Zea"},"relative_dates":{"created":"Posted 7 a\u00f1os ago","modified":"Updated 7 a\u00f1os ago"},"absolute_dates":{"created":"Posted on 15 noviembre, 2018","modified":"Updated on 15 noviembre, 2018"},"absolute_dates_time":{"created":"Posted on 15 noviembre, 2018 12:22 pm","modified":"Updated on 15 noviembre, 2018 12:22 pm"},"featured_img_caption":"","featured_img":false,"series_order":"","_links":{"self":[{"href":"https:\/\/www.ucatolica.edu.co\/portal\/wp-json\/wp\/v2\/pages\/5368","targetHints":{"allow":["GET"]}}],"collection":[{"href":"https:\/\/www.ucatolica.edu.co\/portal\/wp-json\/wp\/v2\/pages"}],"about":[{"href":"https:\/\/www.ucatolica.edu.co\/portal\/wp-json\/wp\/v2\/types\/page"}],"author":[{"embeddable":true,"href":"https:\/\/www.ucatolica.edu.co\/portal\/wp-json\/wp\/v2\/users\/2"}],"replies":[{"embeddable":true,"href":"https:\/\/www.ucatolica.edu.co\/portal\/wp-json\/wp\/v2\/comments?post=5368"}],"version-history":[{"count":0,"href":"https:\/\/www.ucatolica.edu.co\/portal\/wp-json\/wp\/v2\/pages\/5368\/revisions"}],"wp:attachment":[{"href":"https:\/\/www.ucatolica.edu.co\/portal\/wp-json\/wp\/v2\/media?parent=5368"}],"curies":[{"name":"wp","href":"https:\/\/api.w.org\/{rel}","templated":true}]}}