{"id":6189,"date":"2018-11-26T09:21:24","date_gmt":"2018-11-26T14:21:24","guid":{"rendered":"https:\/\/www.ucatolica.edu.co\/portal\/?page_id=6189"},"modified":"2021-09-20T08:07:58","modified_gmt":"2021-09-20T13:07:58","slug":"formulario-invitaciones-para-actividades","status":"publish","type":"page","link":"https:\/\/www.ucatolica.edu.co\/portal\/inscripciones-old\/formulario-invitaciones-para-actividades\/","title":{"rendered":"Formulario invitaciones para actividades"},"content":{"rendered":"<div class=\"form-edu-continuada\">\n<h2>Solicitud de Informaci\u00f3n Pregrado<\/h2>\n<p>Para ampliar la informaci\u00f3n sobre los programas de pregrado o recibir orientaci\u00f3n sobre el Inscripci\u00f3n, los invitamos a diligenciar el formulario que encuentran a continuaci\u00f3n:<\/p>\n<p><!-- Star Form clientify--><br \/>\n<script type=\"text\/javascript\" src=\"https:\/\/clientify.net\/web-marketing\/superforms\/script\/47136.js\"><\/script><br \/>\n<!-- End Form clientify--><\/p>\n<\/div>\n","protected":false},"excerpt":{"rendered":"<p>Solicitud de Informaci\u00f3n Pregrado Para ampliar la informaci\u00f3n sobre los programas de pregrado o recibir orientaci\u00f3n sobre el Inscripci\u00f3n, los invitamos a diligenciar el formulario que encuentran a continuaci\u00f3n:<\/p>\n","protected":false},"author":2,"featured_media":0,"parent":830,"menu_order":0,"comment_status":"closed","ping_status":"closed","template":"page-oldstyle.php","meta":{"_acf_changed":false,"advgb_blocks_editor_width":"","advgb_blocks_columns_visual_guide":"","footnotes":""},"class_list":["post-6189","page","type-page","status-publish","hentry"],"acf":[],"yoast_head":"<!-- This site is optimized with the Yoast SEO plugin v26.7 - https:\/\/yoast.com\/wordpress\/plugins\/seo\/ -->\n<title>Formulario invitaciones para actividades - Universidad Cat\u00f3lica De Colombia<\/title>\n<meta name=\"robots\" content=\"index, follow, max-snippet:-1, max-image-preview:large, max-video-preview:-1\" \/>\n<link rel=\"canonical\" href=\"https:\/\/www.ucatolica.edu.co\/portal\/inscripciones-old\/formulario-invitaciones-para-actividades\/\" \/>\n<meta property=\"og:locale\" content=\"es_ES\" \/>\n<meta property=\"og:type\" content=\"article\" \/>\n<meta property=\"og:title\" content=\"Formulario invitaciones para actividades - Universidad Cat\u00f3lica De Colombia\" \/>\n<meta property=\"og:description\" content=\"Solicitud de Informaci\u00f3n Pregrado Para ampliar la informaci\u00f3n sobre los programas de pregrado o recibir orientaci\u00f3n sobre el Inscripci\u00f3n, los invitamos a diligenciar el formulario que encuentran a continuaci\u00f3n:\" \/>\n<meta property=\"og:url\" content=\"https:\/\/www.ucatolica.edu.co\/portal\/inscripciones-old\/formulario-invitaciones-para-actividades\/\" \/>\n<meta property=\"og:site_name\" content=\"Universidad Cat\u00f3lica De Colombia\" \/>\n<meta property=\"article:publisher\" content=\"https:\/\/www.facebook.com\/ucatolicacolombia\" \/>\n<meta property=\"article:modified_time\" content=\"2021-09-20T13:07:58+00:00\" \/>\n<meta name=\"twitter:card\" content=\"summary_large_image\" \/>\n<meta name=\"twitter:site\" content=\"@UCatolicaCol\" \/>\n<meta name=\"twitter:label1\" content=\"Tiempo de lectura\" \/>\n\t<meta name=\"twitter:data1\" content=\"1 minuto\" \/>\n<script type=\"application\/ld+json\" class=\"yoast-schema-graph\">{\"@context\":\"https:\/\/schema.org\",\"@graph\":[{\"@type\":\"WebPage\",\"@id\":\"https:\/\/www.ucatolica.edu.co\/portal\/inscripciones-old\/formulario-invitaciones-para-actividades\/\",\"url\":\"https:\/\/www.ucatolica.edu.co\/portal\/inscripciones-old\/formulario-invitaciones-para-actividades\/\",\"name\":\"Formulario invitaciones para actividades - Universidad Cat\u00f3lica De Colombia\",\"isPartOf\":{\"@id\":\"https:\/\/www.ucatolica.edu.co\/portal\/#website\"},\"datePublished\":\"2018-11-26T14:21:24+00:00\",\"dateModified\":\"2021-09-20T13:07:58+00:00\",\"breadcrumb\":{\"@id\":\"https:\/\/www.ucatolica.edu.co\/portal\/inscripciones-old\/formulario-invitaciones-para-actividades\/#breadcrumb\"},\"inLanguage\":\"es-CO\",\"potentialAction\":[{\"@type\":\"ReadAction\",\"target\":[\"https:\/\/www.ucatolica.edu.co\/portal\/inscripciones-old\/formulario-invitaciones-para-actividades\/\"]}]},{\"@type\":\"BreadcrumbList\",\"@id\":\"https:\/\/www.ucatolica.edu.co\/portal\/inscripciones-old\/formulario-invitaciones-para-actividades\/#breadcrumb\",\"itemListElement\":[{\"@type\":\"ListItem\",\"position\":1,\"name\":\"Inicio\",\"item\":\"https:\/\/www.ucatolica.edu.co\/portal\/\"},{\"@type\":\"ListItem\",\"position\":2,\"name\":\"Inscripciones-old\",\"item\":\"https:\/\/www.ucatolica.edu.co\/portal\/?page_id=830\"},{\"@type\":\"ListItem\",\"position\":3,\"name\":\"Formulario invitaciones para actividades\"}]},{\"@type\":\"WebSite\",\"@id\":\"https:\/\/www.ucatolica.edu.co\/portal\/#website\",\"url\":\"https:\/\/www.ucatolica.edu.co\/portal\/\",\"name\":\"Universidad Cat\u00f3lica De Colombia\",\"description\":\"Universidad Cat\u00f3lica De Colombia\",\"publisher\":{\"@id\":\"https:\/\/www.ucatolica.edu.co\/portal\/#organization\"},\"potentialAction\":[{\"@type\":\"SearchAction\",\"target\":{\"@type\":\"EntryPoint\",\"urlTemplate\":\"https:\/\/www.ucatolica.edu.co\/portal\/?s={search_term_string}\"},\"query-input\":{\"@type\":\"PropertyValueSpecification\",\"valueRequired\":true,\"valueName\":\"search_term_string\"}}],\"inLanguage\":\"es-CO\"},{\"@type\":\"Organization\",\"@id\":\"https:\/\/www.ucatolica.edu.co\/portal\/#organization\",\"name\":\"Universidad Cat\u00f3lica de Colombia\",\"url\":\"https:\/\/www.ucatolica.edu.co\/portal\/\",\"logo\":{\"@type\":\"ImageObject\",\"inLanguage\":\"es-CO\",\"@id\":\"https:\/\/www.ucatolica.edu.co\/portal\/#\/schema\/logo\/image\/\",\"url\":\"https:\/\/www.ucatolica.edu.co\/portal\/wp-content\/uploads\/2021\/06\/logo-header-ho-1.svg\",\"contentUrl\":\"https:\/\/www.ucatolica.edu.co\/portal\/wp-content\/uploads\/2021\/06\/logo-header-ho-1.svg\",\"width\":1,\"height\":1,\"caption\":\"Universidad Cat\u00f3lica de Colombia\"},\"image\":{\"@id\":\"https:\/\/www.ucatolica.edu.co\/portal\/#\/schema\/logo\/image\/\"},\"sameAs\":[\"https:\/\/www.facebook.com\/ucatolicacolombia\",\"https:\/\/x.com\/UCatolicaCol\",\"https:\/\/www.instagram.com\/universidadcatolicadecolombia\/\",\"https:\/\/www.linkedin.com\/company\/universidadcatolicadecolombia\/\",\"https:\/\/www.youtube.com\/user\/UCatolicaCo\"]}]}<\/script>\n<!-- \/ Yoast SEO plugin. -->","yoast_head_json":{"title":"Formulario invitaciones para actividades - Universidad Cat\u00f3lica De Colombia","robots":{"index":"index","follow":"follow","max-snippet":"max-snippet:-1","max-image-preview":"max-image-preview:large","max-video-preview":"max-video-preview:-1"},"canonical":"https:\/\/www.ucatolica.edu.co\/portal\/inscripciones-old\/formulario-invitaciones-para-actividades\/","og_locale":"es_ES","og_type":"article","og_title":"Formulario invitaciones para actividades - Universidad Cat\u00f3lica De Colombia","og_description":"Solicitud de Informaci\u00f3n Pregrado Para ampliar la informaci\u00f3n sobre los programas de pregrado o recibir orientaci\u00f3n sobre el Inscripci\u00f3n, los invitamos a diligenciar el formulario que encuentran a continuaci\u00f3n:","og_url":"https:\/\/www.ucatolica.edu.co\/portal\/inscripciones-old\/formulario-invitaciones-para-actividades\/","og_site_name":"Universidad Cat\u00f3lica De Colombia","article_publisher":"https:\/\/www.facebook.com\/ucatolicacolombia","article_modified_time":"2021-09-20T13:07:58+00:00","twitter_card":"summary_large_image","twitter_site":"@UCatolicaCol","twitter_misc":{"Tiempo de lectura":"1 minuto"},"schema":{"@context":"https:\/\/schema.org","@graph":[{"@type":"WebPage","@id":"https:\/\/www.ucatolica.edu.co\/portal\/inscripciones-old\/formulario-invitaciones-para-actividades\/","url":"https:\/\/www.ucatolica.edu.co\/portal\/inscripciones-old\/formulario-invitaciones-para-actividades\/","name":"Formulario invitaciones para actividades - Universidad Cat\u00f3lica De Colombia","isPartOf":{"@id":"https:\/\/www.ucatolica.edu.co\/portal\/#website"},"datePublished":"2018-11-26T14:21:24+00:00","dateModified":"2021-09-20T13:07:58+00:00","breadcrumb":{"@id":"https:\/\/www.ucatolica.edu.co\/portal\/inscripciones-old\/formulario-invitaciones-para-actividades\/#breadcrumb"},"inLanguage":"es-CO","potentialAction":[{"@type":"ReadAction","target":["https:\/\/www.ucatolica.edu.co\/portal\/inscripciones-old\/formulario-invitaciones-para-actividades\/"]}]},{"@type":"BreadcrumbList","@id":"https:\/\/www.ucatolica.edu.co\/portal\/inscripciones-old\/formulario-invitaciones-para-actividades\/#breadcrumb","itemListElement":[{"@type":"ListItem","position":1,"name":"Inicio","item":"https:\/\/www.ucatolica.edu.co\/portal\/"},{"@type":"ListItem","position":2,"name":"Inscripciones-old","item":"https:\/\/www.ucatolica.edu.co\/portal\/?page_id=830"},{"@type":"ListItem","position":3,"name":"Formulario invitaciones para actividades"}]},{"@type":"WebSite","@id":"https:\/\/www.ucatolica.edu.co\/portal\/#website","url":"https:\/\/www.ucatolica.edu.co\/portal\/","name":"Universidad Cat\u00f3lica De Colombia","description":"Universidad Cat\u00f3lica De Colombia","publisher":{"@id":"https:\/\/www.ucatolica.edu.co\/portal\/#organization"},"potentialAction":[{"@type":"SearchAction","target":{"@type":"EntryPoint","urlTemplate":"https:\/\/www.ucatolica.edu.co\/portal\/?s={search_term_string}"},"query-input":{"@type":"PropertyValueSpecification","valueRequired":true,"valueName":"search_term_string"}}],"inLanguage":"es-CO"},{"@type":"Organization","@id":"https:\/\/www.ucatolica.edu.co\/portal\/#organization","name":"Universidad Cat\u00f3lica de Colombia","url":"https:\/\/www.ucatolica.edu.co\/portal\/","logo":{"@type":"ImageObject","inLanguage":"es-CO","@id":"https:\/\/www.ucatolica.edu.co\/portal\/#\/schema\/logo\/image\/","url":"https:\/\/www.ucatolica.edu.co\/portal\/wp-content\/uploads\/2021\/06\/logo-header-ho-1.svg","contentUrl":"https:\/\/www.ucatolica.edu.co\/portal\/wp-content\/uploads\/2021\/06\/logo-header-ho-1.svg","width":1,"height":1,"caption":"Universidad Cat\u00f3lica de Colombia"},"image":{"@id":"https:\/\/www.ucatolica.edu.co\/portal\/#\/schema\/logo\/image\/"},"sameAs":["https:\/\/www.facebook.com\/ucatolicacolombia","https:\/\/x.com\/UCatolicaCol","https:\/\/www.instagram.com\/universidadcatolicadecolombia\/","https:\/\/www.linkedin.com\/company\/universidadcatolicadecolombia\/","https:\/\/www.youtube.com\/user\/UCatolicaCo"]}]}},"coauthors":[],"author_meta":{"author_link":"https:\/\/www.ucatolica.edu.co\/portal\/author\/carrnall\/","display_name":"Carlos Zea"},"relative_dates":{"created":"Posted 7 a\u00f1os ago","modified":"Updated 5 a\u00f1os ago"},"absolute_dates":{"created":"Posted on 26 noviembre, 2018","modified":"Updated on 20 septiembre, 2021"},"absolute_dates_time":{"created":"Posted on 26 noviembre, 2018 9:21 am","modified":"Updated on 20 septiembre, 2021 8:07 am"},"featured_img_caption":"","featured_img":false,"series_order":"","_links":{"self":[{"href":"https:\/\/www.ucatolica.edu.co\/portal\/wp-json\/wp\/v2\/pages\/6189","targetHints":{"allow":["GET"]}}],"collection":[{"href":"https:\/\/www.ucatolica.edu.co\/portal\/wp-json\/wp\/v2\/pages"}],"about":[{"href":"https:\/\/www.ucatolica.edu.co\/portal\/wp-json\/wp\/v2\/types\/page"}],"author":[{"embeddable":true,"href":"https:\/\/www.ucatolica.edu.co\/portal\/wp-json\/wp\/v2\/users\/2"}],"replies":[{"embeddable":true,"href":"https:\/\/www.ucatolica.edu.co\/portal\/wp-json\/wp\/v2\/comments?post=6189"}],"version-history":[{"count":0,"href":"https:\/\/www.ucatolica.edu.co\/portal\/wp-json\/wp\/v2\/pages\/6189\/revisions"}],"up":[{"embeddable":true,"href":"https:\/\/www.ucatolica.edu.co\/portal\/wp-json\/wp\/v2\/pages\/830"}],"wp:attachment":[{"href":"https:\/\/www.ucatolica.edu.co\/portal\/wp-json\/wp\/v2\/media?parent=6189"}],"curies":[{"name":"wp","href":"https:\/\/api.w.org\/{rel}","templated":true}]}}