{"id":636,"date":"2018-08-27T14:44:38","date_gmt":"2018-08-27T19:44:38","guid":{"rendered":"http:\/\/localhost:8888\/portal\/?page_id=636"},"modified":"2026-02-13T14:17:34","modified_gmt":"2026-02-13T19:17:34","slug":"formacion-humana-pastoral-y-capellania","status":"publish","type":"page","link":"https:\/\/www.ucatolica.edu.co\/portal\/vida-universitaria\/formacion-humana-pastoral-y-capellania\/","title":{"rendered":"Convivencia e Inclusi\u00f3n, Pastoral y Capellan\u00eda"},"content":{"rendered":"<h2><strong>\u00c1rea de pastoral y capellan\u00eda<\/strong><\/h2>\n<p>Esta \u00e1rea genera espacios vivenciales de formaci\u00f3n en integridad para los miembros de la comunidad universitaria en las dimensiones de la persona humana, a fin de contribuir a mejorar la calidad de vida, propiciando el conocimiento de s\u00ed mismo, el sentido de la vida, la b\u00fasqueda de la felicidad, el desarrollo de habilidades para la convivencia (emocionales y sociales) y el crecimiento espiritual, ofreciendo la posibilidad efectiva de un encuentro personal con Jesucristo y el liderazgo personal y social.<\/p>\n<p>El Bienestar Universitario promueve la participaci\u00f3n de la comunidad cat\u00f3lica practicante por medio de los servicios ofrecidos desde la Capellan\u00eda Universitaria; as\u00ed mismo, los programas del \u00e1rea permiten la acci\u00f3n evangelizadora de la Iglesia en el medio universitario, con un di\u00e1logo entre fe y vida, fe y ciencia, fe y cultura (Juan Pablo II, 1990), en consonancia con las disposiciones de la Arquidi\u00f3cesis de Bogot\u00e1.<\/p>\n<p><a href=\"https:\/\/www.ucatolica.edu.co\/portal\/vida-universitaria\/formacion-humana-pastoral-y-capellania\/#collapse1\"><strong>CAPILLA LA SAGRADA FAMILIA<\/strong><\/a><\/p>\n<p>Ubicada en el piso 8 de la Sede 4.<br \/>\nCaracterizada por un dise\u00f1o sobrio y contempor\u00e1neo.<br \/>\nCapell\u00e1n: Pbro. Edwin Germ\u00e1n Chaves Quintero<\/p>\n<p><strong>Servicio en la Capilla La Sagrada Familia:<\/strong><\/p>\n<p>Eucarist\u00edas: lunes, mi\u00e9rcoles, jueves y viernes a las 12:00 m.<br \/>\nConfesiones: lunes, mi\u00e9rcoles, jueves y viernes de 11:00 a.m. a 12:00 m.<br \/>\nExposici\u00f3n del Sant\u00edsimo: jueves de 11:00 m. a las 12:00 m<\/p>\n<p><strong>SAL\u00d3N AZUL &#8211; SEDE EL CLAUSTRO<\/strong><\/p>\n<p>Ubicado en la sede El Claustro de la Universidad Cat\u00f3lica de Colombia.<br \/>\nCapell\u00e1n: Pbro. Eduar Hernando Bonilla Arango<\/p>\n<p><strong>Servicio en la Sede El Claustro:<\/strong><\/p>\n<p>Eucarist\u00edas: lunes, mi\u00e9rcoles, jueves y viernes a las 1:00 p.m.<br \/>\nConfesiones: lunes, mi\u00e9rcoles, jueves y viernes de 12:00 m. a 1:00 p. m.<\/p>\n<p><strong>INFORMACI\u00d3N:<\/strong><\/p>\n<p><strong>Padre Eduar Hernando Bonilla Arango<\/strong><br \/>\nehbonilla@ucatolica.edu.co<br \/>\nTel. 4433700 ext. 3090<\/p>\n<p><strong>Padre Edwin Germ\u00e1n Ch\u00e1ves Quintero<\/strong><br \/>\negchaves@ucatolica.edu.co<br \/>\nTel. 4433700 ext. 3090<\/p>\n<p><strong>Pastoral<\/strong><br \/>\nPastoral@ucatolica.edu.co<br \/>\nTel. 4433700 ext. 3090 \u2013 3091<br \/>\nWhatsapp 3145704417<\/p>\n<p><strong>Mar\u00eda Cristina Romero Sierra<\/strong><br \/>\nCoordinadora de pastoral<br \/>\nmcromeros@ucatolica.edu.co<\/p>\n<p><strong>Franci Elena Ramos C\u00e1rdenas<\/strong><br \/>\nAsistente Administrativa<br \/>\nferamos@ucatolica.edu.co<\/p>\n<p><strong>Pastoral y Capellan\u00eda<\/strong><\/p>\n<p>A continuaci\u00f3n, presentamos una referencia de los servicios y actividades que se realizan para fortalecer la formaci\u00f3n integral y el esp\u00edritu cat\u00f3lico de la comunidad universitaria.<\/p>\n<table width=\"833\">\n<tbody>\n<tr>\n<td><strong>\u2014<\/strong><\/td>\n<td><strong>\u00bfA qui\u00e9n est\u00e1 dirigido?<\/strong><\/td>\n<td><strong>\u00bfC\u00f3mo participo?<\/strong><\/td>\n<\/tr>\n<tr>\n<td><strong>Pausa Espiritual en las aulas de Posgrado<\/strong><\/td>\n<td>Estudiantes<\/td>\n<td>Bienestar visita tu sal\u00f3n de clases<\/td>\n<\/tr>\n<tr>\n<td><strong>Grupo Misioneros de la Alegr\u00eda \u2013<\/strong><strong>Reuniones formativas<\/strong><\/td>\n<td>Estudiantes<\/td>\n<td><a href=\"https:\/\/forms.office.com\/r\/BRHjTx85u3\" target=\"_blank\" rel=\"noopener\">Por inscripci\u00f3n \u2013 Vocaci\u00f3n<\/a><\/td>\n<\/tr>\n<tr>\n<td><strong>Misiones<\/strong><\/td>\n<td>Estudiantes<\/td>\n<td>Por inscripci\u00f3n \u2013 Vocaci\u00f3n<\/td>\n<\/tr>\n<tr>\n<td><strong>Retiros espirituales<\/strong><\/td>\n<td>Estudiantes, Profesores y Administrativos<\/td>\n<td>Por inscripci\u00f3n \u2013 Vocaci\u00f3n<\/td>\n<\/tr>\n<tr>\n<td><strong>Preparaci\u00f3n y celebraci\u00f3n de sacramentos<\/strong><\/td>\n<td>Estudiantes<\/td>\n<td>Por inscripci\u00f3n \u2013 Vocaci\u00f3n<\/td>\n<\/tr>\n<tr>\n<td><strong>Salidas de proyecci\u00f3n a comunidades vulnerables<\/strong><\/td>\n<td>Estudiantes<\/td>\n<td>Por inscripci\u00f3n \u2013 Vocaci\u00f3n<\/td>\n<\/tr>\n<tr>\n<td><strong>Celebraciones y Campa\u00f1as Marianas<\/strong><\/td>\n<td>Estudiantes, Profesores y Administrativos<\/td>\n<td>Servicio abierto.<\/td>\n<\/tr>\n<tr>\n<td><strong>Club del Rosario<\/strong><\/td>\n<td>Estudiantes, Profesores y Administrativos<\/td>\n<td>Por inscripci\u00f3n \u2013 Vocaci\u00f3n<\/td>\n<\/tr>\n<tr>\n<td><strong>Conversatorio Fe y Cultura<\/strong><\/td>\n<td>Estudiantes, Profesores y Administrativos<\/td>\n<td>Por inscripci\u00f3n \u2013 Vocaci\u00f3n<\/td>\n<\/tr>\n<tr>\n<td><strong>Comisi\u00f3n de Estudios Pontificios<\/strong><\/td>\n<td>Profesores y Administrativos<\/td>\n<td>Por inscripci\u00f3n \u2013 Vocaci\u00f3n<\/td>\n<\/tr>\n<tr>\n<td><strong>Cursos acad\u00e9micos de Cultura Cat\u00f3lica<\/strong><\/td>\n<td>Comunidades Parroquiales<\/td>\n<td>Por inscripci\u00f3n \u2013 Vocaci\u00f3n<\/td>\n<\/tr>\n<tr>\n<td><strong>Cursos de l\u00edderes cat\u00f3licos<\/strong><\/td>\n<td>Estudiantes, Profesores y Administrativos<\/td>\n<td>Por inscripci\u00f3n \u2013 Vocaci\u00f3n<\/td>\n<\/tr>\n<tr>\n<td><strong>Encuentro de Universitarios Cat\u00f3licos<\/strong><\/td>\n<td>Estudiantes, Profesores y Administrativos<\/td>\n<td>Por inscripci\u00f3n \u2013 Vocaci\u00f3n<\/td>\n<\/tr>\n<tr>\n<td><strong>Encuentros de Novios y Matrimonios<\/strong><\/td>\n<td>Estudiantes, Profesores y Administrativos<\/td>\n<td>Por inscripci\u00f3n \u2013 Vocaci\u00f3n<\/td>\n<\/tr>\n<tr>\n<td><strong>Peregrinaciones<\/strong><\/td>\n<td>Estudiantes, Profesores y Administrativos<\/td>\n<td>Por inscripci\u00f3n \u2013 Vocaci\u00f3n<\/td>\n<\/tr>\n<tr>\n<td><strong>Jornada Mundial de la Juventud<\/strong><\/td>\n<td>Estudiantes<\/td>\n<td>Por inscripci\u00f3n \u2013 Vocaci\u00f3n<\/td>\n<\/tr>\n<tr>\n<td><strong>Campamento Misionero<\/strong><\/td>\n<td>Estudiantes<\/td>\n<td>Por inscripci\u00f3n \u2013 Vocaci\u00f3n<\/td>\n<\/tr>\n<tr>\n<td><strong>Mi\u00e9rcoles de Ceniza<\/strong><\/td>\n<td>Estudiantes, Profesores y Administrativos<\/td>\n<td>Servicio abierto.<\/td>\n<\/tr>\n<tr>\n<td><strong>Acompa\u00f1amiento espiritual<\/strong><\/td>\n<td>Estudiantes, Profesores y Administrativos<\/td>\n<td>Servicio abierto.<\/td>\n<\/tr>\n<tr>\n<td><strong>Grupo Musical Lit\u00fargico<\/strong><\/td>\n<td>Estudiantes, Profesores y Administrativos<\/td>\n<td>Por inscripci\u00f3n \u2013 Vocaci\u00f3n<\/td>\n<\/tr>\n<tr>\n<td><strong>Campa\u00f1as de solidaridad en cuaresma y navidad<\/strong><\/td>\n<td>Estudiantes, Profesores y Administrativos<\/td>\n<td>Servicio abierto.<\/td>\n<\/tr>\n<tr>\n<td><strong>Celebraci\u00f3n de Pentecost\u00e9s<\/strong><\/td>\n<td>Estudiantes, Profesores y Administrativos<\/td>\n<td>Servicio abierto.<\/td>\n<\/tr>\n<tr>\n<td><strong>Bendici\u00f3n de oficinas<\/strong><\/td>\n<td>Administrativos<\/td>\n<td>Servicio abierto.<\/td>\n<\/tr>\n<tr>\n<td><strong>C\u00e1psulas de vida<\/strong><\/td>\n<td>Estudiantes, Profesores y Administrativos<\/td>\n<td>Servicio abierto.<\/td>\n<\/tr>\n<tr>\n<td><strong>Novenas Navide\u00f1as<\/strong><\/td>\n<td>Profesores y Administrativos<\/td>\n<td>Servicio abierto.<\/td>\n<\/tr>\n<\/tbody>\n<\/table>\n<p><strong>\u00a0<\/strong><\/p>\n<p><strong>Bienestar Universitario<br \/>\n<\/strong>Diagonal 46A # 15B\u201310, sede El Claustro<br \/>\nTel\u00e9fono: (601) 4433700 ext. 3090 \u2013 3091\u20133080<br \/>\n<a href=\"mailto:pastoral@ucatolica.edu.co\">pastoral@ucatolica.edu.co<\/a><br \/>\n<a href=\"mailto:bienestar@ucatolica.edu.co\">bienestar@ucatolica.edu.co<\/a><\/p>\n<p><!-- CONTENEDOR DOS PARA SIDEBAR --><\/p>\n<div id=\"contenido-dos\">\n<h2>Documentos de Inter\u00e9s<\/h2>\n<ul>\n<li class=\"btn-documentos\"><a href=\"https:\/\/www.ucatolica.edu.co\/portal\/wp-content\/uploads\/2026\/02\/Cronograma_Posgrados_2026_1.pdf\" target=\"_blank\" rel=\"noopener\">Cronograma de Actividades &#8211; Posgrados<\/a><\/li>\n<li class=\"btn-documentos\"><a href=\"https:\/\/www.ucatolica.edu.co\/portal\/wp-content\/uploads\/2026\/02\/Cronograma_Pregrado_2026_1.pdf\" target=\"_blank\" rel=\"noopener\">Cronograma de Actividades &#8211; Pregrados<\/a><\/li>\n<li class=\"btn-documentos\"><a href=\"https:\/\/www.ucatolica.edu.co\/portal\/wp-content\/uploads\/2026\/02\/Cronograma_Egresados_2026_1.pdf\" target=\"_blank\" rel=\"noopener\">Cronograma de Actividades &#8211; Egresados<\/a><\/li>\n<li class=\"btn-documentos\"><a href=\"https:\/\/www.ucatolica.edu.co\/portal\/wp-content\/uploads\/2026\/02\/Cronograma_Adm_Profesores_2026_1.pdf\" target=\"_blank\" rel=\"noopener\">Cronograma de Actividades \u2013 Profesores y administrativos<\/a><\/li>\n<li class=\"btn-documentos\"><a href=\"https:\/\/www.ucatolica.edu.co\/portal\/wp-content\/uploads\/2022\/11\/anexo-consejo-superior-acuerdos-academicos-340-16.pdf\" target=\"_blank\" rel=\"noopener\">Estatuto de Bienestar Universitario<\/a><\/li>\n<\/ul>\n<h2>Accesos de Inter\u00e9s<\/h2>\n<ul>\n<li><a href=\"\/portal\/nuestra-universidad\/ucatolica-tv\/\">Ucatolica Tv<\/a><\/li>\n<li><a href=\"#\">Semilleros de investigaci\u00f3n<\/a><\/li>\n<li><a href=\"#\">Permanecia<\/a><\/li>\n<li><a href=\"#\">Apoyo financiero<\/a><\/li>\n<li><a href=\"#\">ORII &#8211; Salidas<\/a><\/li>\n<li><a href=\"#\">Instituto de idiomas<\/a><\/li>\n<li><a href=\"#\">Bolsa de empleo<\/a><\/li>\n<li><a href=\"#\">Emprendimiento<\/a><\/li>\n<\/ul>\n<\/div>\n","protected":false},"excerpt":{"rendered":"<p>\u00c1rea de pastoral y capellan\u00eda Esta \u00e1rea genera espacios vivenciales de formaci\u00f3n en integridad para los miembros de la comunidad universitaria en las dimensiones de la persona humana, a fin de contribuir a mejorar la calidad de vida, propiciando el conocimiento de s\u00ed mismo, el sentido de la vida, la b\u00fasqueda de la felicidad, el [&hellip;]<\/p>\n","protected":false},"author":2,"featured_media":0,"parent":340,"menu_order":0,"comment_status":"closed","ping_status":"closed","template":"page-oldstyle.php","meta":{"_acf_changed":false,"advgb_blocks_editor_width":"","advgb_blocks_columns_visual_guide":"","footnotes":""},"class_list":["post-636","page","type-page","status-publish","hentry"],"acf":[],"yoast_head":"<!-- This site is optimized with the Yoast SEO plugin v26.7 - https:\/\/yoast.com\/wordpress\/plugins\/seo\/ -->\n<title>Convivencia e Inclusi\u00f3n, Pastoral y Capellan\u00eda - Universidad Cat\u00f3lica De Colombia<\/title>\n<meta name=\"robots\" content=\"index, follow, max-snippet:-1, max-image-preview:large, max-video-preview:-1\" \/>\n<link rel=\"canonical\" href=\"https:\/\/www.ucatolica.edu.co\/portal\/vida-universitaria\/formacion-humana-pastoral-y-capellania\/\" \/>\n<meta property=\"og:locale\" content=\"es_ES\" \/>\n<meta property=\"og:type\" content=\"article\" \/>\n<meta property=\"og:title\" content=\"Convivencia e Inclusi\u00f3n, Pastoral y Capellan\u00eda - Universidad Cat\u00f3lica De Colombia\" \/>\n<meta property=\"og:description\" content=\"\u00c1rea de pastoral y capellan\u00eda Esta \u00e1rea genera espacios vivenciales de formaci\u00f3n en integridad para los miembros de la comunidad universitaria en las dimensiones de la persona humana, a fin de contribuir a mejorar la calidad de vida, propiciando el conocimiento de s\u00ed mismo, el sentido de la vida, la b\u00fasqueda de la felicidad, el [&hellip;]\" \/>\n<meta property=\"og:url\" content=\"https:\/\/www.ucatolica.edu.co\/portal\/vida-universitaria\/formacion-humana-pastoral-y-capellania\/\" \/>\n<meta property=\"og:site_name\" content=\"Universidad Cat\u00f3lica De Colombia\" \/>\n<meta property=\"article:publisher\" content=\"https:\/\/www.facebook.com\/ucatolicacolombia\" \/>\n<meta property=\"article:modified_time\" content=\"2026-02-13T19:17:34+00:00\" \/>\n<meta name=\"twitter:card\" content=\"summary_large_image\" \/>\n<meta name=\"twitter:site\" content=\"@UCatolicaCol\" \/>\n<meta name=\"twitter:label1\" content=\"Tiempo de lectura\" \/>\n\t<meta name=\"twitter:data1\" content=\"4 minutos\" \/>\n<script type=\"application\/ld+json\" class=\"yoast-schema-graph\">{\"@context\":\"https:\/\/schema.org\",\"@graph\":[{\"@type\":\"WebPage\",\"@id\":\"https:\/\/www.ucatolica.edu.co\/portal\/vida-universitaria\/formacion-humana-pastoral-y-capellania\/\",\"url\":\"https:\/\/www.ucatolica.edu.co\/portal\/vida-universitaria\/formacion-humana-pastoral-y-capellania\/\",\"name\":\"Convivencia e Inclusi\u00f3n, Pastoral y Capellan\u00eda - Universidad Cat\u00f3lica De Colombia\",\"isPartOf\":{\"@id\":\"https:\/\/www.ucatolica.edu.co\/portal\/#website\"},\"datePublished\":\"2018-08-27T19:44:38+00:00\",\"dateModified\":\"2026-02-13T19:17:34+00:00\",\"breadcrumb\":{\"@id\":\"https:\/\/www.ucatolica.edu.co\/portal\/vida-universitaria\/formacion-humana-pastoral-y-capellania\/#breadcrumb\"},\"inLanguage\":\"es-CO\",\"potentialAction\":[{\"@type\":\"ReadAction\",\"target\":[\"https:\/\/www.ucatolica.edu.co\/portal\/vida-universitaria\/formacion-humana-pastoral-y-capellania\/\"]}]},{\"@type\":\"BreadcrumbList\",\"@id\":\"https:\/\/www.ucatolica.edu.co\/portal\/vida-universitaria\/formacion-humana-pastoral-y-capellania\/#breadcrumb\",\"itemListElement\":[{\"@type\":\"ListItem\",\"position\":1,\"name\":\"Inicio\",\"item\":\"https:\/\/www.ucatolica.edu.co\/portal\/\"},{\"@type\":\"ListItem\",\"position\":2,\"name\":\"Vida Universitaria\",\"item\":\"https:\/\/www.ucatolica.edu.co\/portal\/vida-universitaria\/\"},{\"@type\":\"ListItem\",\"position\":3,\"name\":\"Convivencia e Inclusi\u00f3n, Pastoral y Capellan\u00eda\"}]},{\"@type\":\"WebSite\",\"@id\":\"https:\/\/www.ucatolica.edu.co\/portal\/#website\",\"url\":\"https:\/\/www.ucatolica.edu.co\/portal\/\",\"name\":\"Universidad Cat\u00f3lica De Colombia\",\"description\":\"Universidad Cat\u00f3lica De Colombia\",\"publisher\":{\"@id\":\"https:\/\/www.ucatolica.edu.co\/portal\/#organization\"},\"potentialAction\":[{\"@type\":\"SearchAction\",\"target\":{\"@type\":\"EntryPoint\",\"urlTemplate\":\"https:\/\/www.ucatolica.edu.co\/portal\/?s={search_term_string}\"},\"query-input\":{\"@type\":\"PropertyValueSpecification\",\"valueRequired\":true,\"valueName\":\"search_term_string\"}}],\"inLanguage\":\"es-CO\"},{\"@type\":\"Organization\",\"@id\":\"https:\/\/www.ucatolica.edu.co\/portal\/#organization\",\"name\":\"Universidad Cat\u00f3lica de Colombia\",\"url\":\"https:\/\/www.ucatolica.edu.co\/portal\/\",\"logo\":{\"@type\":\"ImageObject\",\"inLanguage\":\"es-CO\",\"@id\":\"https:\/\/www.ucatolica.edu.co\/portal\/#\/schema\/logo\/image\/\",\"url\":\"https:\/\/www.ucatolica.edu.co\/portal\/wp-content\/uploads\/2021\/06\/logo-header-ho-1.svg\",\"contentUrl\":\"https:\/\/www.ucatolica.edu.co\/portal\/wp-content\/uploads\/2021\/06\/logo-header-ho-1.svg\",\"width\":1,\"height\":1,\"caption\":\"Universidad Cat\u00f3lica de Colombia\"},\"image\":{\"@id\":\"https:\/\/www.ucatolica.edu.co\/portal\/#\/schema\/logo\/image\/\"},\"sameAs\":[\"https:\/\/www.facebook.com\/ucatolicacolombia\",\"https:\/\/x.com\/UCatolicaCol\",\"https:\/\/www.instagram.com\/universidadcatolicadecolombia\/\",\"https:\/\/www.linkedin.com\/company\/universidadcatolicadecolombia\/\",\"https:\/\/www.youtube.com\/user\/UCatolicaCo\"]}]}<\/script>\n<!-- \/ Yoast SEO plugin. -->","yoast_head_json":{"title":"Convivencia e Inclusi\u00f3n, Pastoral y Capellan\u00eda - Universidad Cat\u00f3lica De Colombia","robots":{"index":"index","follow":"follow","max-snippet":"max-snippet:-1","max-image-preview":"max-image-preview:large","max-video-preview":"max-video-preview:-1"},"canonical":"https:\/\/www.ucatolica.edu.co\/portal\/vida-universitaria\/formacion-humana-pastoral-y-capellania\/","og_locale":"es_ES","og_type":"article","og_title":"Convivencia e Inclusi\u00f3n, Pastoral y Capellan\u00eda - Universidad Cat\u00f3lica De Colombia","og_description":"\u00c1rea de pastoral y capellan\u00eda Esta \u00e1rea genera espacios vivenciales de formaci\u00f3n en integridad para los miembros de la comunidad universitaria en las dimensiones de la persona humana, a fin de contribuir a mejorar la calidad de vida, propiciando el conocimiento de s\u00ed mismo, el sentido de la vida, la b\u00fasqueda de la felicidad, el [&hellip;]","og_url":"https:\/\/www.ucatolica.edu.co\/portal\/vida-universitaria\/formacion-humana-pastoral-y-capellania\/","og_site_name":"Universidad Cat\u00f3lica De Colombia","article_publisher":"https:\/\/www.facebook.com\/ucatolicacolombia","article_modified_time":"2026-02-13T19:17:34+00:00","twitter_card":"summary_large_image","twitter_site":"@UCatolicaCol","twitter_misc":{"Tiempo de lectura":"4 minutos"},"schema":{"@context":"https:\/\/schema.org","@graph":[{"@type":"WebPage","@id":"https:\/\/www.ucatolica.edu.co\/portal\/vida-universitaria\/formacion-humana-pastoral-y-capellania\/","url":"https:\/\/www.ucatolica.edu.co\/portal\/vida-universitaria\/formacion-humana-pastoral-y-capellania\/","name":"Convivencia e Inclusi\u00f3n, Pastoral y Capellan\u00eda - Universidad Cat\u00f3lica De Colombia","isPartOf":{"@id":"https:\/\/www.ucatolica.edu.co\/portal\/#website"},"datePublished":"2018-08-27T19:44:38+00:00","dateModified":"2026-02-13T19:17:34+00:00","breadcrumb":{"@id":"https:\/\/www.ucatolica.edu.co\/portal\/vida-universitaria\/formacion-humana-pastoral-y-capellania\/#breadcrumb"},"inLanguage":"es-CO","potentialAction":[{"@type":"ReadAction","target":["https:\/\/www.ucatolica.edu.co\/portal\/vida-universitaria\/formacion-humana-pastoral-y-capellania\/"]}]},{"@type":"BreadcrumbList","@id":"https:\/\/www.ucatolica.edu.co\/portal\/vida-universitaria\/formacion-humana-pastoral-y-capellania\/#breadcrumb","itemListElement":[{"@type":"ListItem","position":1,"name":"Inicio","item":"https:\/\/www.ucatolica.edu.co\/portal\/"},{"@type":"ListItem","position":2,"name":"Vida Universitaria","item":"https:\/\/www.ucatolica.edu.co\/portal\/vida-universitaria\/"},{"@type":"ListItem","position":3,"name":"Convivencia e Inclusi\u00f3n, Pastoral y Capellan\u00eda"}]},{"@type":"WebSite","@id":"https:\/\/www.ucatolica.edu.co\/portal\/#website","url":"https:\/\/www.ucatolica.edu.co\/portal\/","name":"Universidad Cat\u00f3lica De Colombia","description":"Universidad Cat\u00f3lica De Colombia","publisher":{"@id":"https:\/\/www.ucatolica.edu.co\/portal\/#organization"},"potentialAction":[{"@type":"SearchAction","target":{"@type":"EntryPoint","urlTemplate":"https:\/\/www.ucatolica.edu.co\/portal\/?s={search_term_string}"},"query-input":{"@type":"PropertyValueSpecification","valueRequired":true,"valueName":"search_term_string"}}],"inLanguage":"es-CO"},{"@type":"Organization","@id":"https:\/\/www.ucatolica.edu.co\/portal\/#organization","name":"Universidad Cat\u00f3lica de Colombia","url":"https:\/\/www.ucatolica.edu.co\/portal\/","logo":{"@type":"ImageObject","inLanguage":"es-CO","@id":"https:\/\/www.ucatolica.edu.co\/portal\/#\/schema\/logo\/image\/","url":"https:\/\/www.ucatolica.edu.co\/portal\/wp-content\/uploads\/2021\/06\/logo-header-ho-1.svg","contentUrl":"https:\/\/www.ucatolica.edu.co\/portal\/wp-content\/uploads\/2021\/06\/logo-header-ho-1.svg","width":1,"height":1,"caption":"Universidad Cat\u00f3lica de Colombia"},"image":{"@id":"https:\/\/www.ucatolica.edu.co\/portal\/#\/schema\/logo\/image\/"},"sameAs":["https:\/\/www.facebook.com\/ucatolicacolombia","https:\/\/x.com\/UCatolicaCol","https:\/\/www.instagram.com\/universidadcatolicadecolombia\/","https:\/\/www.linkedin.com\/company\/universidadcatolicadecolombia\/","https:\/\/www.youtube.com\/user\/UCatolicaCo"]}]}},"coauthors":[],"author_meta":{"author_link":"https:\/\/www.ucatolica.edu.co\/portal\/author\/carrnall\/","display_name":"Carlos Zea"},"relative_dates":{"created":"Posted 8 a\u00f1os ago","modified":"Updated 2 meses ago"},"absolute_dates":{"created":"Posted on 27 agosto, 2018","modified":"Updated on 13 febrero, 2026"},"absolute_dates_time":{"created":"Posted on 27 agosto, 2018 2:44 pm","modified":"Updated on 13 febrero, 2026 2:17 pm"},"featured_img_caption":"","featured_img":false,"series_order":"","_links":{"self":[{"href":"https:\/\/www.ucatolica.edu.co\/portal\/wp-json\/wp\/v2\/pages\/636","targetHints":{"allow":["GET"]}}],"collection":[{"href":"https:\/\/www.ucatolica.edu.co\/portal\/wp-json\/wp\/v2\/pages"}],"about":[{"href":"https:\/\/www.ucatolica.edu.co\/portal\/wp-json\/wp\/v2\/types\/page"}],"author":[{"embeddable":true,"href":"https:\/\/www.ucatolica.edu.co\/portal\/wp-json\/wp\/v2\/users\/2"}],"replies":[{"embeddable":true,"href":"https:\/\/www.ucatolica.edu.co\/portal\/wp-json\/wp\/v2\/comments?post=636"}],"version-history":[{"count":13,"href":"https:\/\/www.ucatolica.edu.co\/portal\/wp-json\/wp\/v2\/pages\/636\/revisions"}],"predecessor-version":[{"id":130082,"href":"https:\/\/www.ucatolica.edu.co\/portal\/wp-json\/wp\/v2\/pages\/636\/revisions\/130082"}],"up":[{"embeddable":true,"href":"https:\/\/www.ucatolica.edu.co\/portal\/wp-json\/wp\/v2\/pages\/340"}],"wp:attachment":[{"href":"https:\/\/www.ucatolica.edu.co\/portal\/wp-json\/wp\/v2\/media?parent=636"}],"curies":[{"name":"wp","href":"https:\/\/api.w.org\/{rel}","templated":true}]}}