{"id":6922,"date":"2018-11-29T10:40:46","date_gmt":"2018-11-29T15:40:46","guid":{"rendered":"https:\/\/www.ucatolica.edu.co\/portal\/?page_id=6922"},"modified":"2022-04-22T17:00:43","modified_gmt":"2022-04-22T22:00:43","slug":"confirmacion-preinscripcion","status":"publish","type":"page","link":"https:\/\/www.ucatolica.edu.co\/portal\/confirmacion-preinscripcion\/","title":{"rendered":"Confirmaci\u00f3n Preinscripci\u00f3n Pregrados"},"content":{"rendered":"<h2>Tu informaci\u00f3n ha sido enviada Correctamente<\/h2>\n<p>&nbsp;<\/p>\n<h5>pronto uno de nuestros asesores te contactar\u00e1 para darte m\u00e1s informaci\u00f3n.<\/h5>\n<p class=\"lead-title\">te invitamos a consultar m\u00e1s de nuestra oferta acad\u00e9mica en Pregrados.<br \/>\nEncontrar\u00e1s informaci\u00f3n general sobre las fortalezas de cada uno de los programas.<\/p>\n<div class=\"col-12 col-sm-10 container-posgrados\">\n<a class=\"prog-posgrados bg-btn-uno\" href=\"\/portal\/programa\/administracion-de-empresas\/?utm_source=Pagina%20Web&amp;lead_source=Pagina%20Web\">Pregrado en Administraci\u00f3n de empresas<\/a><br \/>\n<a class=\"prog-posgrados bg-btn-uno\" href=\"\/portal\/programa\/derecho\/?utm_source=Pagina%20Web&amp;lead_source=Pagina%20Web\">Pregrado en Derecho<\/a><br \/>\n<a class=\"prog-posgrados bg-btn-uno\" href=\"\/portal\/programa\/arquitectura\/?utm_source=Pagina%20Web&amp;lead_source=Pagina%20Web\">Pregrado en Arquitectura<\/a><br \/>\n<a class=\"prog-posgrados bg-btn-dos\" href=\"\/portal\/programa\/economia\/?utm_source=Pagina%20Web&amp;lead_source=Pagina%20Web\">Pregrado en Econom\u00eda<\/a><br \/>\n<a class=\"prog-posgrados bg-btn-dos\" href=\"\/portal\/programa\/psicologia\/?utm_source=Pagina%20Web&amp;lead_source=Pagina%20Web\">Pregrado en Psicolog\u00eda<\/a><br \/>\n<a class=\"prog-posgrados bg-btn-tres\" href=\"\/portal\/programa\/ingenieria-industrial\/?utm_source=Pagina%20Web&amp;lead_source=Pagina%20Web\">Ingenier\u00eda Industrial<\/a><br \/>\n<a class=\"prog-posgrados bg-btn-tres\" href=\"\/portal\/programa\/ingenieria-civil\/?utm_source=Pagina%20Web&amp;lead_source=Pagina%20Web\">Ingenier\u00eda Civil<\/a><br \/>\n<a class=\"prog-posgrados bg-btn-cuatro\" href=\"\/portal\/programa\/ingenieria-de-sistemas-y-computacion\/?utm_source=Pagina%20Web&amp;lead_source=Pagina%20Web\">Ingenier\u00eda de Sistemas y Computaci\u00f3n<\/a><br \/>\n<a class=\"prog-posgrados bg-btn-cuatro\" href=\"\/portal\/programa\/ingenieria-electronica-y-telecomunicaciones\/?utm_source=Pagina%20Web&amp;lead_source=Pagina%20Web\">Ingenier\u00eda Electr\u00f3nica y Telecomunicaciones <\/a><\/div>\n","protected":false},"excerpt":{"rendered":"<p>Tu informaci\u00f3n ha sido enviada Correctamente &nbsp; pronto uno de nuestros asesores te contactar\u00e1 para darte m\u00e1s informaci\u00f3n. te invitamos a consultar m\u00e1s de nuestra oferta acad\u00e9mica en Pregrados. Encontrar\u00e1s informaci\u00f3n general sobre las fortalezas de cada uno de los programas. Pregrado en Administraci\u00f3n de empresas Pregrado en Derecho Pregrado en Arquitectura Pregrado en Econom\u00eda [&hellip;]<\/p>\n","protected":false},"author":2,"featured_media":0,"parent":0,"menu_order":0,"comment_status":"closed","ping_status":"closed","template":"page-oldstyle.php","meta":{"_acf_changed":false,"advgb_blocks_editor_width":"","advgb_blocks_columns_visual_guide":"","footnotes":""},"class_list":["post-6922","page","type-page","status-publish","hentry"],"acf":[],"yoast_head":"<!-- This site is optimized with the Yoast SEO plugin v26.7 - https:\/\/yoast.com\/wordpress\/plugins\/seo\/ -->\n<title>Confirmaci\u00f3n Preinscripci\u00f3n Pregrados - Universidad Cat\u00f3lica De Colombia<\/title>\n<meta name=\"robots\" content=\"index, follow, max-snippet:-1, max-image-preview:large, max-video-preview:-1\" \/>\n<link rel=\"canonical\" href=\"https:\/\/www.ucatolica.edu.co\/portal\/confirmacion-preinscripcion\/\" \/>\n<meta property=\"og:locale\" content=\"es_ES\" \/>\n<meta property=\"og:type\" content=\"article\" \/>\n<meta property=\"og:title\" content=\"Confirmaci\u00f3n Preinscripci\u00f3n Pregrados - Universidad Cat\u00f3lica De Colombia\" \/>\n<meta property=\"og:description\" content=\"Tu informaci\u00f3n ha sido enviada Correctamente &nbsp; pronto uno de nuestros asesores te contactar\u00e1 para darte m\u00e1s informaci\u00f3n. te invitamos a consultar m\u00e1s de nuestra oferta acad\u00e9mica en Pregrados. Encontrar\u00e1s informaci\u00f3n general sobre las fortalezas de cada uno de los programas. Pregrado en Administraci\u00f3n de empresas Pregrado en Derecho Pregrado en Arquitectura Pregrado en Econom\u00eda [&hellip;]\" \/>\n<meta property=\"og:url\" content=\"https:\/\/www.ucatolica.edu.co\/portal\/confirmacion-preinscripcion\/\" \/>\n<meta property=\"og:site_name\" content=\"Universidad Cat\u00f3lica De Colombia\" \/>\n<meta property=\"article:publisher\" content=\"https:\/\/www.facebook.com\/ucatolicacolombia\" \/>\n<meta property=\"article:modified_time\" content=\"2022-04-22T22:00:43+00:00\" \/>\n<meta name=\"twitter:card\" content=\"summary_large_image\" \/>\n<meta name=\"twitter:site\" content=\"@UCatolicaCol\" \/>\n<meta name=\"twitter:label1\" content=\"Tiempo de lectura\" \/>\n\t<meta name=\"twitter:data1\" content=\"1 minuto\" \/>\n<script type=\"application\/ld+json\" class=\"yoast-schema-graph\">{\"@context\":\"https:\/\/schema.org\",\"@graph\":[{\"@type\":\"WebPage\",\"@id\":\"https:\/\/www.ucatolica.edu.co\/portal\/confirmacion-preinscripcion\/\",\"url\":\"https:\/\/www.ucatolica.edu.co\/portal\/confirmacion-preinscripcion\/\",\"name\":\"Confirmaci\u00f3n Preinscripci\u00f3n Pregrados - Universidad Cat\u00f3lica De Colombia\",\"isPartOf\":{\"@id\":\"https:\/\/www.ucatolica.edu.co\/portal\/#website\"},\"datePublished\":\"2018-11-29T15:40:46+00:00\",\"dateModified\":\"2022-04-22T22:00:43+00:00\",\"breadcrumb\":{\"@id\":\"https:\/\/www.ucatolica.edu.co\/portal\/confirmacion-preinscripcion\/#breadcrumb\"},\"inLanguage\":\"es-CO\",\"potentialAction\":[{\"@type\":\"ReadAction\",\"target\":[\"https:\/\/www.ucatolica.edu.co\/portal\/confirmacion-preinscripcion\/\"]}]},{\"@type\":\"BreadcrumbList\",\"@id\":\"https:\/\/www.ucatolica.edu.co\/portal\/confirmacion-preinscripcion\/#breadcrumb\",\"itemListElement\":[{\"@type\":\"ListItem\",\"position\":1,\"name\":\"Inicio\",\"item\":\"https:\/\/www.ucatolica.edu.co\/portal\/\"},{\"@type\":\"ListItem\",\"position\":2,\"name\":\"Confirmaci\u00f3n Preinscripci\u00f3n Pregrados\"}]},{\"@type\":\"WebSite\",\"@id\":\"https:\/\/www.ucatolica.edu.co\/portal\/#website\",\"url\":\"https:\/\/www.ucatolica.edu.co\/portal\/\",\"name\":\"Universidad Cat\u00f3lica De Colombia\",\"description\":\"Universidad Cat\u00f3lica De Colombia\",\"publisher\":{\"@id\":\"https:\/\/www.ucatolica.edu.co\/portal\/#organization\"},\"potentialAction\":[{\"@type\":\"SearchAction\",\"target\":{\"@type\":\"EntryPoint\",\"urlTemplate\":\"https:\/\/www.ucatolica.edu.co\/portal\/?s={search_term_string}\"},\"query-input\":{\"@type\":\"PropertyValueSpecification\",\"valueRequired\":true,\"valueName\":\"search_term_string\"}}],\"inLanguage\":\"es-CO\"},{\"@type\":\"Organization\",\"@id\":\"https:\/\/www.ucatolica.edu.co\/portal\/#organization\",\"name\":\"Universidad Cat\u00f3lica de Colombia\",\"url\":\"https:\/\/www.ucatolica.edu.co\/portal\/\",\"logo\":{\"@type\":\"ImageObject\",\"inLanguage\":\"es-CO\",\"@id\":\"https:\/\/www.ucatolica.edu.co\/portal\/#\/schema\/logo\/image\/\",\"url\":\"https:\/\/www.ucatolica.edu.co\/portal\/wp-content\/uploads\/2021\/06\/logo-header-ho-1.svg\",\"contentUrl\":\"https:\/\/www.ucatolica.edu.co\/portal\/wp-content\/uploads\/2021\/06\/logo-header-ho-1.svg\",\"width\":1,\"height\":1,\"caption\":\"Universidad Cat\u00f3lica de Colombia\"},\"image\":{\"@id\":\"https:\/\/www.ucatolica.edu.co\/portal\/#\/schema\/logo\/image\/\"},\"sameAs\":[\"https:\/\/www.facebook.com\/ucatolicacolombia\",\"https:\/\/x.com\/UCatolicaCol\",\"https:\/\/www.instagram.com\/universidadcatolicadecolombia\/\",\"https:\/\/www.linkedin.com\/company\/universidadcatolicadecolombia\/\",\"https:\/\/www.youtube.com\/user\/UCatolicaCo\"]}]}<\/script>\n<!-- \/ Yoast SEO plugin. -->","yoast_head_json":{"title":"Confirmaci\u00f3n Preinscripci\u00f3n Pregrados - Universidad Cat\u00f3lica De Colombia","robots":{"index":"index","follow":"follow","max-snippet":"max-snippet:-1","max-image-preview":"max-image-preview:large","max-video-preview":"max-video-preview:-1"},"canonical":"https:\/\/www.ucatolica.edu.co\/portal\/confirmacion-preinscripcion\/","og_locale":"es_ES","og_type":"article","og_title":"Confirmaci\u00f3n Preinscripci\u00f3n Pregrados - Universidad Cat\u00f3lica De Colombia","og_description":"Tu informaci\u00f3n ha sido enviada Correctamente &nbsp; pronto uno de nuestros asesores te contactar\u00e1 para darte m\u00e1s informaci\u00f3n. te invitamos a consultar m\u00e1s de nuestra oferta acad\u00e9mica en Pregrados. Encontrar\u00e1s informaci\u00f3n general sobre las fortalezas de cada uno de los programas. Pregrado en Administraci\u00f3n de empresas Pregrado en Derecho Pregrado en Arquitectura Pregrado en Econom\u00eda [&hellip;]","og_url":"https:\/\/www.ucatolica.edu.co\/portal\/confirmacion-preinscripcion\/","og_site_name":"Universidad Cat\u00f3lica De Colombia","article_publisher":"https:\/\/www.facebook.com\/ucatolicacolombia","article_modified_time":"2022-04-22T22:00:43+00:00","twitter_card":"summary_large_image","twitter_site":"@UCatolicaCol","twitter_misc":{"Tiempo de lectura":"1 minuto"},"schema":{"@context":"https:\/\/schema.org","@graph":[{"@type":"WebPage","@id":"https:\/\/www.ucatolica.edu.co\/portal\/confirmacion-preinscripcion\/","url":"https:\/\/www.ucatolica.edu.co\/portal\/confirmacion-preinscripcion\/","name":"Confirmaci\u00f3n Preinscripci\u00f3n Pregrados - Universidad Cat\u00f3lica De Colombia","isPartOf":{"@id":"https:\/\/www.ucatolica.edu.co\/portal\/#website"},"datePublished":"2018-11-29T15:40:46+00:00","dateModified":"2022-04-22T22:00:43+00:00","breadcrumb":{"@id":"https:\/\/www.ucatolica.edu.co\/portal\/confirmacion-preinscripcion\/#breadcrumb"},"inLanguage":"es-CO","potentialAction":[{"@type":"ReadAction","target":["https:\/\/www.ucatolica.edu.co\/portal\/confirmacion-preinscripcion\/"]}]},{"@type":"BreadcrumbList","@id":"https:\/\/www.ucatolica.edu.co\/portal\/confirmacion-preinscripcion\/#breadcrumb","itemListElement":[{"@type":"ListItem","position":1,"name":"Inicio","item":"https:\/\/www.ucatolica.edu.co\/portal\/"},{"@type":"ListItem","position":2,"name":"Confirmaci\u00f3n Preinscripci\u00f3n Pregrados"}]},{"@type":"WebSite","@id":"https:\/\/www.ucatolica.edu.co\/portal\/#website","url":"https:\/\/www.ucatolica.edu.co\/portal\/","name":"Universidad Cat\u00f3lica De Colombia","description":"Universidad Cat\u00f3lica De Colombia","publisher":{"@id":"https:\/\/www.ucatolica.edu.co\/portal\/#organization"},"potentialAction":[{"@type":"SearchAction","target":{"@type":"EntryPoint","urlTemplate":"https:\/\/www.ucatolica.edu.co\/portal\/?s={search_term_string}"},"query-input":{"@type":"PropertyValueSpecification","valueRequired":true,"valueName":"search_term_string"}}],"inLanguage":"es-CO"},{"@type":"Organization","@id":"https:\/\/www.ucatolica.edu.co\/portal\/#organization","name":"Universidad Cat\u00f3lica de Colombia","url":"https:\/\/www.ucatolica.edu.co\/portal\/","logo":{"@type":"ImageObject","inLanguage":"es-CO","@id":"https:\/\/www.ucatolica.edu.co\/portal\/#\/schema\/logo\/image\/","url":"https:\/\/www.ucatolica.edu.co\/portal\/wp-content\/uploads\/2021\/06\/logo-header-ho-1.svg","contentUrl":"https:\/\/www.ucatolica.edu.co\/portal\/wp-content\/uploads\/2021\/06\/logo-header-ho-1.svg","width":1,"height":1,"caption":"Universidad Cat\u00f3lica de Colombia"},"image":{"@id":"https:\/\/www.ucatolica.edu.co\/portal\/#\/schema\/logo\/image\/"},"sameAs":["https:\/\/www.facebook.com\/ucatolicacolombia","https:\/\/x.com\/UCatolicaCol","https:\/\/www.instagram.com\/universidadcatolicadecolombia\/","https:\/\/www.linkedin.com\/company\/universidadcatolicadecolombia\/","https:\/\/www.youtube.com\/user\/UCatolicaCo"]}]}},"coauthors":[],"author_meta":{"author_link":"https:\/\/www.ucatolica.edu.co\/portal\/author\/carrnall\/","display_name":"Carlos Zea"},"relative_dates":{"created":"Posted 7 a\u00f1os ago","modified":"Updated 4 a\u00f1os ago"},"absolute_dates":{"created":"Posted on 29 noviembre, 2018","modified":"Updated on 22 abril, 2022"},"absolute_dates_time":{"created":"Posted on 29 noviembre, 2018 10:40 am","modified":"Updated on 22 abril, 2022 5:00 pm"},"featured_img_caption":"","featured_img":false,"series_order":"","_links":{"self":[{"href":"https:\/\/www.ucatolica.edu.co\/portal\/wp-json\/wp\/v2\/pages\/6922","targetHints":{"allow":["GET"]}}],"collection":[{"href":"https:\/\/www.ucatolica.edu.co\/portal\/wp-json\/wp\/v2\/pages"}],"about":[{"href":"https:\/\/www.ucatolica.edu.co\/portal\/wp-json\/wp\/v2\/types\/page"}],"author":[{"embeddable":true,"href":"https:\/\/www.ucatolica.edu.co\/portal\/wp-json\/wp\/v2\/users\/2"}],"replies":[{"embeddable":true,"href":"https:\/\/www.ucatolica.edu.co\/portal\/wp-json\/wp\/v2\/comments?post=6922"}],"version-history":[{"count":1,"href":"https:\/\/www.ucatolica.edu.co\/portal\/wp-json\/wp\/v2\/pages\/6922\/revisions"}],"predecessor-version":[{"id":74491,"href":"https:\/\/www.ucatolica.edu.co\/portal\/wp-json\/wp\/v2\/pages\/6922\/revisions\/74491"}],"wp:attachment":[{"href":"https:\/\/www.ucatolica.edu.co\/portal\/wp-json\/wp\/v2\/media?parent=6922"}],"curies":[{"name":"wp","href":"https:\/\/api.w.org\/{rel}","templated":true}]}}