{"id":7238,"date":"2018-12-06T15:56:24","date_gmt":"2018-12-06T20:56:24","guid":{"rendered":"https:\/\/www.ucatolica.edu.co\/portal\/?page_id=7238"},"modified":"2025-12-11T18:08:52","modified_gmt":"2025-12-11T23:08:52","slug":"asignaturas-electivas","status":"publish","type":"page","link":"https:\/\/www.ucatolica.edu.co\/portal\/asignaturas-electivas\/","title":{"rendered":"Asignaturas electivas"},"content":{"rendered":"<h2>Asignaturas Electivas<\/h2>\n<p>Las electivas son asignaturas del plan de estudios que ofrecen un contexto hist\u00f3rico, human\u00edstico, socioecon\u00f3mico, pol\u00edtico, cultural, art\u00edstico, t\u00e9cnico o cient\u00edfico.<br \/>\nExisten dos clases de electivas:<\/p>\n<h3>Institucionales<\/h3>\n<p>Abiertas a todos los estudiantes de pregrado y tienen como objetivo el desarrollo de habilidades comunicativas, razonamiento cuantitativo, fortalecimiento de competencias ciudadanas y formaci\u00f3n integral.<\/p>\n<p><a href=\"https:\/\/www.ucatolica.edu.co\/portal\/wp-content\/uploads\/2025\/12\/CatalogoElectivasInstitucionales2026F.pdf\" target=\"_blank\" rel=\"noopener\"><em><strong>Ver cat\u00e1logo 2026<\/strong><\/em><\/a><\/p>\n<h3>De programa<\/h3>\n<p>Tienen que ver directamente con los campos de acci\u00f3n de cada carrera. Permiten complementar, profundizar y enfatizar en alg\u00fan \u00e1rea de un programa espec\u00edfico.<\/p>\n<p><a href=\"https:\/\/www.ucatolica.edu.co\/portal\/wp-content\/uploads\/2025\/12\/CatalogoElectivasPrograma2026F.pdf\"><em><strong>Ver cat\u00e1logo 2026<\/strong><\/em><\/a><\/p>\n<h3 class=\"jump\">Para tener en cuenta:<\/h3>\n<ul class=\"list-inside\">\n<li>Por tener objetivos diferentes, las asignaturas electivas institucionales y de programa no son homologables entre s\u00ed.<\/li>\n<li>Tanto para las electivas institucionales como para las de programa es recomendable realizar un an\u00e1lisis de preferencias.<\/li>\n<li>Es importante identificar la cantidad de cr\u00e9ditos de cada tipo de electivas que se deben cursar.<\/li>\n<\/ul>\n","protected":false},"excerpt":{"rendered":"<p>Asignaturas Electivas Las electivas son asignaturas del plan de estudios que ofrecen un contexto hist\u00f3rico, human\u00edstico, socioecon\u00f3mico, pol\u00edtico, cultural, art\u00edstico, t\u00e9cnico o cient\u00edfico. Existen dos clases de electivas: Institucionales Abiertas a todos los estudiantes de pregrado y tienen como objetivo el desarrollo de habilidades comunicativas, razonamiento cuantitativo, fortalecimiento de competencias ciudadanas y formaci\u00f3n integral. Ver [&hellip;]<\/p>\n","protected":false},"author":2,"featured_media":0,"parent":0,"menu_order":0,"comment_status":"closed","ping_status":"closed","template":"page-oldstyle.php","meta":{"_acf_changed":false,"advgb_blocks_editor_width":"","advgb_blocks_columns_visual_guide":"","footnotes":""},"class_list":["post-7238","page","type-page","status-publish","hentry"],"acf":[],"yoast_head":"<!-- This site is optimized with the Yoast SEO plugin v26.7 - https:\/\/yoast.com\/wordpress\/plugins\/seo\/ -->\n<title>Asignaturas electivas - Universidad Cat\u00f3lica De Colombia<\/title>\n<meta name=\"robots\" content=\"index, follow, max-snippet:-1, max-image-preview:large, max-video-preview:-1\" \/>\n<link rel=\"canonical\" href=\"https:\/\/www.ucatolica.edu.co\/portal\/asignaturas-electivas\/\" \/>\n<meta property=\"og:locale\" content=\"es_ES\" \/>\n<meta property=\"og:type\" content=\"article\" \/>\n<meta property=\"og:title\" content=\"Asignaturas electivas - Universidad Cat\u00f3lica De Colombia\" \/>\n<meta property=\"og:description\" content=\"Asignaturas Electivas Las electivas son asignaturas del plan de estudios que ofrecen un contexto hist\u00f3rico, human\u00edstico, socioecon\u00f3mico, pol\u00edtico, cultural, art\u00edstico, t\u00e9cnico o cient\u00edfico. Existen dos clases de electivas: Institucionales Abiertas a todos los estudiantes de pregrado y tienen como objetivo el desarrollo de habilidades comunicativas, razonamiento cuantitativo, fortalecimiento de competencias ciudadanas y formaci\u00f3n integral. Ver [&hellip;]\" \/>\n<meta property=\"og:url\" content=\"https:\/\/www.ucatolica.edu.co\/portal\/asignaturas-electivas\/\" \/>\n<meta property=\"og:site_name\" content=\"Universidad Cat\u00f3lica De Colombia\" \/>\n<meta property=\"article:publisher\" content=\"https:\/\/www.facebook.com\/ucatolicacolombia\" \/>\n<meta property=\"article:modified_time\" content=\"2025-12-11T23:08:52+00:00\" \/>\n<meta name=\"twitter:card\" content=\"summary_large_image\" \/>\n<meta name=\"twitter:site\" content=\"@UCatolicaCol\" \/>\n<meta name=\"twitter:label1\" content=\"Tiempo de lectura\" \/>\n\t<meta name=\"twitter:data1\" content=\"1 minuto\" \/>\n<script type=\"application\/ld+json\" class=\"yoast-schema-graph\">{\"@context\":\"https:\/\/schema.org\",\"@graph\":[{\"@type\":\"WebPage\",\"@id\":\"https:\/\/www.ucatolica.edu.co\/portal\/asignaturas-electivas\/\",\"url\":\"https:\/\/www.ucatolica.edu.co\/portal\/asignaturas-electivas\/\",\"name\":\"Asignaturas electivas - Universidad Cat\u00f3lica De Colombia\",\"isPartOf\":{\"@id\":\"https:\/\/www.ucatolica.edu.co\/portal\/#website\"},\"datePublished\":\"2018-12-06T20:56:24+00:00\",\"dateModified\":\"2025-12-11T23:08:52+00:00\",\"breadcrumb\":{\"@id\":\"https:\/\/www.ucatolica.edu.co\/portal\/asignaturas-electivas\/#breadcrumb\"},\"inLanguage\":\"es-CO\",\"potentialAction\":[{\"@type\":\"ReadAction\",\"target\":[\"https:\/\/www.ucatolica.edu.co\/portal\/asignaturas-electivas\/\"]}]},{\"@type\":\"BreadcrumbList\",\"@id\":\"https:\/\/www.ucatolica.edu.co\/portal\/asignaturas-electivas\/#breadcrumb\",\"itemListElement\":[{\"@type\":\"ListItem\",\"position\":1,\"name\":\"Inicio\",\"item\":\"https:\/\/www.ucatolica.edu.co\/portal\/\"},{\"@type\":\"ListItem\",\"position\":2,\"name\":\"Asignaturas electivas\"}]},{\"@type\":\"WebSite\",\"@id\":\"https:\/\/www.ucatolica.edu.co\/portal\/#website\",\"url\":\"https:\/\/www.ucatolica.edu.co\/portal\/\",\"name\":\"Universidad Cat\u00f3lica De Colombia\",\"description\":\"Universidad Cat\u00f3lica De Colombia\",\"publisher\":{\"@id\":\"https:\/\/www.ucatolica.edu.co\/portal\/#organization\"},\"potentialAction\":[{\"@type\":\"SearchAction\",\"target\":{\"@type\":\"EntryPoint\",\"urlTemplate\":\"https:\/\/www.ucatolica.edu.co\/portal\/?s={search_term_string}\"},\"query-input\":{\"@type\":\"PropertyValueSpecification\",\"valueRequired\":true,\"valueName\":\"search_term_string\"}}],\"inLanguage\":\"es-CO\"},{\"@type\":\"Organization\",\"@id\":\"https:\/\/www.ucatolica.edu.co\/portal\/#organization\",\"name\":\"Universidad Cat\u00f3lica de Colombia\",\"url\":\"https:\/\/www.ucatolica.edu.co\/portal\/\",\"logo\":{\"@type\":\"ImageObject\",\"inLanguage\":\"es-CO\",\"@id\":\"https:\/\/www.ucatolica.edu.co\/portal\/#\/schema\/logo\/image\/\",\"url\":\"https:\/\/www.ucatolica.edu.co\/portal\/wp-content\/uploads\/2021\/06\/logo-header-ho-1.svg\",\"contentUrl\":\"https:\/\/www.ucatolica.edu.co\/portal\/wp-content\/uploads\/2021\/06\/logo-header-ho-1.svg\",\"width\":1,\"height\":1,\"caption\":\"Universidad Cat\u00f3lica de Colombia\"},\"image\":{\"@id\":\"https:\/\/www.ucatolica.edu.co\/portal\/#\/schema\/logo\/image\/\"},\"sameAs\":[\"https:\/\/www.facebook.com\/ucatolicacolombia\",\"https:\/\/x.com\/UCatolicaCol\",\"https:\/\/www.instagram.com\/universidadcatolicadecolombia\/\",\"https:\/\/www.linkedin.com\/company\/universidadcatolicadecolombia\/\",\"https:\/\/www.youtube.com\/user\/UCatolicaCo\"]}]}<\/script>\n<!-- \/ Yoast SEO plugin. -->","yoast_head_json":{"title":"Asignaturas electivas - Universidad Cat\u00f3lica De Colombia","robots":{"index":"index","follow":"follow","max-snippet":"max-snippet:-1","max-image-preview":"max-image-preview:large","max-video-preview":"max-video-preview:-1"},"canonical":"https:\/\/www.ucatolica.edu.co\/portal\/asignaturas-electivas\/","og_locale":"es_ES","og_type":"article","og_title":"Asignaturas electivas - Universidad Cat\u00f3lica De Colombia","og_description":"Asignaturas Electivas Las electivas son asignaturas del plan de estudios que ofrecen un contexto hist\u00f3rico, human\u00edstico, socioecon\u00f3mico, pol\u00edtico, cultural, art\u00edstico, t\u00e9cnico o cient\u00edfico. Existen dos clases de electivas: Institucionales Abiertas a todos los estudiantes de pregrado y tienen como objetivo el desarrollo de habilidades comunicativas, razonamiento cuantitativo, fortalecimiento de competencias ciudadanas y formaci\u00f3n integral. Ver [&hellip;]","og_url":"https:\/\/www.ucatolica.edu.co\/portal\/asignaturas-electivas\/","og_site_name":"Universidad Cat\u00f3lica De Colombia","article_publisher":"https:\/\/www.facebook.com\/ucatolicacolombia","article_modified_time":"2025-12-11T23:08:52+00:00","twitter_card":"summary_large_image","twitter_site":"@UCatolicaCol","twitter_misc":{"Tiempo de lectura":"1 minuto"},"schema":{"@context":"https:\/\/schema.org","@graph":[{"@type":"WebPage","@id":"https:\/\/www.ucatolica.edu.co\/portal\/asignaturas-electivas\/","url":"https:\/\/www.ucatolica.edu.co\/portal\/asignaturas-electivas\/","name":"Asignaturas electivas - Universidad Cat\u00f3lica De Colombia","isPartOf":{"@id":"https:\/\/www.ucatolica.edu.co\/portal\/#website"},"datePublished":"2018-12-06T20:56:24+00:00","dateModified":"2025-12-11T23:08:52+00:00","breadcrumb":{"@id":"https:\/\/www.ucatolica.edu.co\/portal\/asignaturas-electivas\/#breadcrumb"},"inLanguage":"es-CO","potentialAction":[{"@type":"ReadAction","target":["https:\/\/www.ucatolica.edu.co\/portal\/asignaturas-electivas\/"]}]},{"@type":"BreadcrumbList","@id":"https:\/\/www.ucatolica.edu.co\/portal\/asignaturas-electivas\/#breadcrumb","itemListElement":[{"@type":"ListItem","position":1,"name":"Inicio","item":"https:\/\/www.ucatolica.edu.co\/portal\/"},{"@type":"ListItem","position":2,"name":"Asignaturas electivas"}]},{"@type":"WebSite","@id":"https:\/\/www.ucatolica.edu.co\/portal\/#website","url":"https:\/\/www.ucatolica.edu.co\/portal\/","name":"Universidad Cat\u00f3lica De Colombia","description":"Universidad Cat\u00f3lica De Colombia","publisher":{"@id":"https:\/\/www.ucatolica.edu.co\/portal\/#organization"},"potentialAction":[{"@type":"SearchAction","target":{"@type":"EntryPoint","urlTemplate":"https:\/\/www.ucatolica.edu.co\/portal\/?s={search_term_string}"},"query-input":{"@type":"PropertyValueSpecification","valueRequired":true,"valueName":"search_term_string"}}],"inLanguage":"es-CO"},{"@type":"Organization","@id":"https:\/\/www.ucatolica.edu.co\/portal\/#organization","name":"Universidad Cat\u00f3lica de Colombia","url":"https:\/\/www.ucatolica.edu.co\/portal\/","logo":{"@type":"ImageObject","inLanguage":"es-CO","@id":"https:\/\/www.ucatolica.edu.co\/portal\/#\/schema\/logo\/image\/","url":"https:\/\/www.ucatolica.edu.co\/portal\/wp-content\/uploads\/2021\/06\/logo-header-ho-1.svg","contentUrl":"https:\/\/www.ucatolica.edu.co\/portal\/wp-content\/uploads\/2021\/06\/logo-header-ho-1.svg","width":1,"height":1,"caption":"Universidad Cat\u00f3lica de Colombia"},"image":{"@id":"https:\/\/www.ucatolica.edu.co\/portal\/#\/schema\/logo\/image\/"},"sameAs":["https:\/\/www.facebook.com\/ucatolicacolombia","https:\/\/x.com\/UCatolicaCol","https:\/\/www.instagram.com\/universidadcatolicadecolombia\/","https:\/\/www.linkedin.com\/company\/universidadcatolicadecolombia\/","https:\/\/www.youtube.com\/user\/UCatolicaCo"]}]}},"coauthors":[],"author_meta":{"author_link":"https:\/\/www.ucatolica.edu.co\/portal\/author\/carrnall\/","display_name":"Carlos Zea"},"relative_dates":{"created":"Posted 7 a\u00f1os ago","modified":"Updated 4 meses ago"},"absolute_dates":{"created":"Posted on 6 diciembre, 2018","modified":"Updated on 11 diciembre, 2025"},"absolute_dates_time":{"created":"Posted on 6 diciembre, 2018 3:56 pm","modified":"Updated on 11 diciembre, 2025 6:08 pm"},"featured_img_caption":"","featured_img":false,"series_order":"","_links":{"self":[{"href":"https:\/\/www.ucatolica.edu.co\/portal\/wp-json\/wp\/v2\/pages\/7238","targetHints":{"allow":["GET"]}}],"collection":[{"href":"https:\/\/www.ucatolica.edu.co\/portal\/wp-json\/wp\/v2\/pages"}],"about":[{"href":"https:\/\/www.ucatolica.edu.co\/portal\/wp-json\/wp\/v2\/types\/page"}],"author":[{"embeddable":true,"href":"https:\/\/www.ucatolica.edu.co\/portal\/wp-json\/wp\/v2\/users\/2"}],"replies":[{"embeddable":true,"href":"https:\/\/www.ucatolica.edu.co\/portal\/wp-json\/wp\/v2\/comments?post=7238"}],"version-history":[{"count":19,"href":"https:\/\/www.ucatolica.edu.co\/portal\/wp-json\/wp\/v2\/pages\/7238\/revisions"}],"predecessor-version":[{"id":128332,"href":"https:\/\/www.ucatolica.edu.co\/portal\/wp-json\/wp\/v2\/pages\/7238\/revisions\/128332"}],"wp:attachment":[{"href":"https:\/\/www.ucatolica.edu.co\/portal\/wp-json\/wp\/v2\/media?parent=7238"}],"curies":[{"name":"wp","href":"https:\/\/api.w.org\/{rel}","templated":true}]}}