{"id":7446,"date":"2018-12-13T09:57:46","date_gmt":"2018-12-13T14:57:46","guid":{"rendered":"https:\/\/www.ucatolica.edu.co\/portal\/?page_id=7446"},"modified":"2025-06-10T20:14:59","modified_gmt":"2025-06-11T01:14:59","slug":"directorio-de-unidades","status":"publish","type":"page","link":"https:\/\/www.ucatolica.edu.co\/portal\/nuestra-universidad\/contactos-y-ubicaciones\/directorio-de-unidades\/","title":{"rendered":"Directorio de Unidades"},"content":{"rendered":"\n<h2 class=\"wp-block-heading\">Directorio de unidades<\/h2>\n\n\n\n<h3 class=\"wp-block-heading\">Sede Las Torres<\/h3>\n\n\n\n<p><strong>Direcci\u00f3n:<\/strong> Avenida Caracas # 46 \u2013 72<\/p>\n\n\n\n<figure class=\"wp-block-table\"><table class=\"table table-striped\"><thead><tr><th>Dependencia<\/th><th>Extensiones<\/th><\/tr><\/thead><tbody><tr><td>Admisiones<\/td><td>1401, 1402, 1403, 1405, 1406, 1407, 1408, 1409, 1410, 1411, 1412, 1413, 1414, 1415, 1416, 1417, 1418, 1419<\/td><\/tr><tr><td>Aula Virtual<\/td><td>1124<\/td><\/tr><tr><td>Autoevaluaci\u00f3n y Acreditaci\u00f3n-Calidad<\/td><td>1350, 1351, 1352, 1353, 1355, 1356<\/td><\/tr><tr><td>Centro de Servicios Inform\u00e1ticos<\/td><td>1110, 1111, 1112, 1114, 1115, 1116, 1117, 1118, 1120, 1121, 1122, 1123, 1129, 1132, 1133, 1135, 1136, 3229, 3230, 3231, 3232, 3233, 3234, 3235, 3236, 3237, 3238, 3239, 5187, 5188, 5197, 5198, 5199<\/td><\/tr><tr><td>Compras y Activos Fijos<\/td><td>1285, 1286, 1287, 1288, 1289, 1291, 1292, 1293, 1294<\/td><\/tr><tr><td>Comunicaciones y Mercadeo<\/td><td>5148, 5149, 5150, 5151, 5153, 5154, 8501, 8502, 8503, 8504, 8505<\/td><\/tr><tr><td>Consejer\u00eda Estudiantil<\/td><td>1304<\/td><\/tr><tr><td>Contabilidad<\/td><td>1150, 1151, 1152<\/td><\/tr><tr><td>Cr\u00e9ditos Estudiantes<\/td><td>1071, 1072, 1073, 1074, 1075, 1078<\/td><\/tr><tr><td>Cuarto de Control Torres<\/td><td>1253<\/td><\/tr><tr><td>Direcci\u00f3n Acad\u00e9mica de Educaci\u00f3n Virtual<\/td><td>1603, 1604, 1605, 1606<\/td><\/tr><tr><td>Editorial<\/td><td>1372, 5145, 5146, 5147<\/td><\/tr><tr><td>Investigaciones<\/td><td>1220, 1221, 1222, 1223, 1224, 1225<\/td><\/tr><tr><td>Oficina Asesora en Transformaci\u00f3n Digital<\/td><td>1602, 1607, 1608<\/td><\/tr><tr><td>Oficina de Asesor\u00eda Jur\u00eddica &#8211; Rector\u00eda<\/td><td>1064, 3300, 3301<\/td><\/tr><tr><td>Oficina de Planeaci\u00f3n<\/td><td>1061, 1065, 1067, 1066<\/td><\/tr><tr><td>Porter\u00eda Sede 3 &#8211; Las Torres<\/td><td>1263<\/td><\/tr><tr><td>Presupuesto<\/td><td>1160, 1162<\/td><\/tr><tr><td>Rector\u00eda<\/td><td>1020<\/td><\/tr><tr><td>Registro y Control Acad\u00e9mico<\/td><td>1096, 1097, 1098, 1099, 1100, 1101, 1102, 1103, 1104, 1105, 1095<\/td><\/tr><tr><td>Relaciones P\u00fablicas<\/td><td>1230<\/td><\/tr><tr><td>Secretar\u00eda General<\/td><td>3270, 3271, 3272, 3273, 3274, 3275, 3277<\/td><\/tr><tr><td>Seguridad y Salud en el Trabajo<\/td><td>1189, 1452, 5141, 5142<\/td><\/tr><tr><td>Servicio PQRSF y Atenci\u00f3n al Usuario<\/td><td>3276<\/td><\/tr><tr><td>Servicios Generales<\/td><td>1245, 1246, 1247, 1248, 1250, 1255<\/td><\/tr><tr><td>Talento Humano<\/td><td>1180, 1181, 1182, 1183, 1185, 1186, 1190, 1191, 1193, 1196, 1198, 1453, 1454, 1455<\/td><\/tr><tr><td>Tesorer\u00eda<\/td><td>1080, 1081<\/td><\/tr><tr><td>Vicerrector\u00eda Acad\u00e9mica<\/td><td>1050, 1052, 1053, 1054, 1055, 1056, 1057, 1058, 1059, 1300, 1301, 1302, 1303, 1305<\/td><\/tr><\/tbody><\/table><\/figure>\n\n\n\n<h3 class=\"wp-block-heading\">Sede Carrera 13<\/h3>\n\n\n\n<p><strong>Direcci\u00f3n:<\/strong> Carrera 13 # 47 \u2013 50<\/p>\n\n\n\n<figure class=\"wp-block-table\"><table class=\"table table-striped\"><thead><tr><th>Dependencia<\/th><th>Extensiones<\/th><\/tr><\/thead><tbody><tr><td>Audiovisuales Sede 1 &#8211; Carrera 13<\/td><td>5195<\/td><\/tr><tr><td>Biblioteca Central &#8211; Procesos<\/td><td>5127<\/td><\/tr><tr><td>Biblioteca Central &#8211; Cra.13 CyP<\/td><td>5126<\/td><\/tr><tr><td>Biblioteca &#8211; Oficina Servicio al Usuario<\/td><td>5120<\/td><\/tr><tr><td>Bienestar- Cancha M\u00faltiple Carrera 13<\/td><td>3094<\/td><\/tr><tr><td>Cuarto de Control Carrera 13<\/td><td>1258<\/td><\/tr><tr><td>Facultad de Ciencias Econ\u00f3micas y Administrativas<\/td><td>5155, 5156, 5157, 5159, 5160, 5161, 5163, 5165, 5166, 5167, 5168, 5169<\/td><\/tr><tr><td>Facultad de Derecho<\/td><td>1085, 1140, 1141, 1142, 1143, 1144, 1265, 1266, 1267, 1268, 1269, 1270, 5000, 5001, 5003, 5005, 5006, 5007, 5009, 5010, 5011, 5013, 5015, 5016, 5017, 5019, 5021, 5022, 5023, 5024, 5029, 5031, 5032<\/td><\/tr><tr><td>Instituto de Lenguas<\/td><td>5100, 5102, 5103, 5104, 5105, 5106, 5107<\/td><\/tr><tr><td>Porter\u00eda Peatonal Sede 1 &#8211; Calle 47<\/td><td>1259<\/td><\/tr><tr><td>Porter\u00eda Vehicular Sede 1 &#8211; Calle 48<\/td><td>1260<\/td><\/tr><tr><td>Punto de Primeros Auxilios \u2013 Cra. 13<\/td><td>5140<\/td><\/tr><\/tbody><\/table><\/figure>\n\n\n\n<h3 class=\"wp-block-heading\">Facultad de Psicolog\u00eda<\/h3>\n\n\n\n<p><strong>Direcci\u00f3n:<\/strong> Avenida Caracas # 46 \u2013 22<\/p>\n\n\n\n<figure class=\"wp-block-table\"><table class=\"table table-striped\"><thead><tr><th>Dependencia<\/th><th>Extensiones<\/th><\/tr><\/thead><tbody><tr><td>Direcci\u00f3n CEIPS &#8211; Centro de Estudios e Investigaciones en Psicolog\u00eda<\/td><td>5076<\/td><\/tr><tr><td>Facultad de Psicolog\u00eda<\/td><td>3120, 3121, 3122, 3123, 3353, 3354, 5050, 5051, 5052, 5053, 5054, 5055, 5056, 5057, 5058, 5059, 5060, 5061, 5062, 5063, 5070, 5071, 5072, 5073, 5074, 5075<\/td><\/tr><\/tbody><\/table><\/figure>\n\n\n\n<h3 class=\"wp-block-heading\">Sede El Claustro<\/h3>\n\n\n\n<p><strong>Direcci\u00f3n:<\/strong> Diagonal 46 A # 15 B \u2013 12<\/p>\n\n\n\n<figure class=\"wp-block-table\"><table class=\"table table-striped\"><thead><tr><th>Dependencia<\/th><th>Extensiones<\/th><\/tr><\/thead><tbody><tr><td>Bienestar Institucional<\/td><td>3086, 3080, 3081, 3082, 3083, 3084, 3085, 3089, 3090, 3093<\/td><\/tr><tr><td>Ciencias B\u00e1sicas<\/td><td>3000, 3002, 3003, 3004, 3005, 3007<\/td><\/tr><tr><td>Cuarto de Control Claustro<\/td><td>1252<\/td><\/tr><tr><td>Facultad de Dise\u00f1o<\/td><td>3100, 3102, 3104, 3105, 3106, 3107, 3109, 3110, 3111, 3112, 3116, 3118, 3119<\/td><\/tr><tr><td>Facultad de Ingenier\u00eda<\/td><td>3130, 3131, 3132, 3134, 3135, 3136, 3137, 3138, 3139, 3160, 3161, 3163, 3164, 3166, 3170, 3172, 3173, 3175, 3192, 3193, 3194, 3195, 3196, 3197, 3201, 3202, 3203, 3204, 3205, 3206, 3240, 3241, 3243, 3244, 3245, 3246, 3247<\/td><\/tr><tr><td>Gimnasio Universitario<\/td><td>3092<\/td><\/tr><tr><td>Humanidades<\/td><td>1200, 1201, 1202, 1204, 1205, 1206<\/td><\/tr><tr><td>Laboratorio 4 &#8211; Ingenier\u00eda<\/td><td>3174<\/td><\/tr><tr><td>Laboratorio Inform\u00e1tica Arquitectura<\/td><td>3117<\/td><\/tr><tr><td>LSIA &#8211; Sala Fundadores<\/td><td>5185<\/td><\/tr><tr><td>LSIA &#8211; Sal\u00f3n Dorado<\/td><td>5186<\/td><\/tr><tr><td>Pastoral y Capellan\u00eda<\/td><td>3091<\/td><\/tr><tr><td>Porter\u00eda Peatonal Sede 2 &#8211; El Claustro Diagonal 47<\/td><td>3043<\/td><\/tr><tr><td>Porter\u00eda Vehicular Sede 2 &#8211; El Claustro Carrera 16<\/td><td>3042<\/td><\/tr><tr><td>Primeros Auxilios<\/td><td>3060, 3061<\/td><\/tr><tr><td>Relaciones Internacionales<\/td><td>3281, 3283, 3284, 3285, 3286, 3287, 3288<\/td><\/tr><tr><td>Punto de Primeros Auxilios \u2013 Claustro<\/td><td>3062<\/td><\/tr><\/tbody><\/table><\/figure>\n\n\n\n<h3 class=\"wp-block-heading\">Servicios Psicol\u00f3gicos<\/h3>\n\n\n\n<p><strong>Direcci\u00f3n:<\/strong> Calle 48 N\u00b0 15 \u2013 71<\/p>\n\n\n\n<figure class=\"wp-block-table\"><table class=\"table table-striped\"><thead><tr><th>Dependencia<\/th><th>Extensiones<\/th><\/tr><\/thead><tbody><tr><td>Servicios Psicol\u00f3gicos<\/td><td>3351, 3352<\/td><\/tr><\/tbody><\/table><\/figure>\n\n\n\n<h3 class=\"wp-block-heading\">Casa Extensi\u00f3n<\/h3>\n\n\n\n<p><strong>Direcci\u00f3n:<\/strong> Diagonal 46 # 15 B 18<\/p>\n\n\n\n<figure class=\"wp-block-table\"><table class=\"table table-striped\"><thead><tr><th>Dependencia<\/th><th>Extensiones<\/th><\/tr><\/thead><tbody><tr><td>Direcci\u00f3n de Extensi\u00f3n<\/td><td>3292, 3293, 3294, 3291, 1087, 1088, 1089, 1090, 1091, 1092, 1093, 1094<\/td><\/tr><\/tbody><\/table><\/figure>\n\n\n\n<h3 class=\"wp-block-heading\">Consultorio Jur\u00eddico<\/h3>\n\n\n\n<p><strong>Direcci\u00f3n:<\/strong> Cra. 13 No. 46 &#8211; 61<\/p>\n\n\n\n<figure class=\"wp-block-table\"><table class=\"table table-striped\"><thead><tr><th>Dependencia<\/th><th>Extensiones<\/th><\/tr><\/thead><tbody><tr><td>Consultorio Jur\u00eddico<\/td><td>1265, 1267<\/td><\/tr><\/tbody><\/table><\/figure>\n\n\n\n<h3 class=\"wp-block-heading\">Centro de Conciliaci\u00f3n<\/h3>\n\n\n\n<p><strong>Direcci\u00f3n:<\/strong> Calle 47 No. 13 \u2013 63<\/p>\n\n\n\n<figure class=\"wp-block-table\"><table class=\"table table-striped\"><thead><tr><th>Dependencia<\/th><th>Extensiones<\/th><\/tr><\/thead><tbody><tr><td>Centro de Conciliaci\u00f3n<\/td><td>1270, 5019<\/td><\/tr><\/tbody><\/table><\/figure>\n\n\n\n<h3 class=\"wp-block-heading\">Sede 4<\/h3>\n\n\n\n<p><strong>Direcci\u00f3n:<\/strong> Carrera 13 # 47 \u2013 30<\/p>\n\n\n\n<figure class=\"wp-block-table\"><table class=\"table table-striped\"><thead><tr><th>Dependencia<\/th><th>Extensiones<\/th><\/tr><\/thead><tbody><tr><td>Biblioteca Sede 4 &#8211; Circulaci\u00f3n y Pr\u00e9stamo<\/td><td>5128<\/td><\/tr><tr><td>Centro de Convenciones<\/td><td>1930<\/td><\/tr><tr><td>Cuarto de Control Sede 4<\/td><td>1262<\/td><\/tr><tr><td>Porter\u00eda Sede 4 \u2013 Punto de Primeros Auxilios Sede 4<\/td><td>1261<\/td><\/tr><tr><td>Soporte inform\u00e1tico &#8211; Audiovisuales Sede 4 Piso 6<\/td><td>5196<\/td><\/tr><\/tbody><\/table><\/figure>\n\n\n\n<h3 class=\"wp-block-heading\">Liceo Primaria<\/h3>\n\n\n\n<p><strong>Direcci\u00f3n:<\/strong> Diagonal 46 a # 15 B 17<\/p>\n\n\n\n<figure class=\"wp-block-table\"><table class=\"table table-striped\"><thead><tr><th>Dependencia<\/th><th>Extensiones<\/th><\/tr><\/thead><tbody><tr><td>Liceo Primaria<\/td><td>3070, 3071<\/td><\/tr><\/tbody><\/table><\/figure>\n\n\n\n<h3 class=\"wp-block-heading\">Liceo Bachillerato<\/h3>\n\n\n\n<p><strong>Direcci\u00f3n:<\/strong> Carrera 15 # 46 \u2013 69\/67<\/p>\n\n\n\n<figure class=\"wp-block-table\"><table class=\"table table-striped\"><thead><tr><th>Dependencia<\/th><th>Extensiones<\/th><\/tr><\/thead><tbody><tr><td>Liceo Bachillerato<\/td><td>3072<\/td><\/tr><\/tbody><\/table><\/figure>\n","protected":false},"excerpt":{"rendered":"<p>Directorio de unidades Sede Las Torres Direcci\u00f3n: Avenida Caracas # 46 \u2013 72 Dependencia Extensiones Admisiones 1401, 1402, 1403, 1405, 1406, 1407, 1408, 1409, 1410, 1411, 1412, 1413, 1414, 1415, 1416, 1417, 1418, 1419 Aula Virtual 1124 Autoevaluaci\u00f3n y Acreditaci\u00f3n-Calidad 1350, 1351, 1352, 1353, 1355, 1356 Centro de Servicios Inform\u00e1ticos 1110, 1111, 1112, 1114, 1115, [&hellip;]<\/p>\n","protected":false},"author":2,"featured_media":0,"parent":156,"menu_order":0,"comment_status":"closed","ping_status":"closed","template":"page-oldstyle.php","meta":{"_acf_changed":false,"advgb_blocks_editor_width":"","advgb_blocks_columns_visual_guide":"","footnotes":""},"class_list":["post-7446","page","type-page","status-publish","hentry"],"acf":[],"coauthors":[],"author_meta":{"author_link":"https:\/\/www.ucatolica.edu.co\/portal\/author\/carrnall\/","display_name":"Carlos Zea"},"relative_dates":{"created":"Posted 7 a\u00f1os ago","modified":"Updated 10 meses ago"},"absolute_dates":{"created":"Posted on 13 diciembre, 2018","modified":"Updated on 10 junio, 2025"},"absolute_dates_time":{"created":"Posted on 13 diciembre, 2018 9:57 am","modified":"Updated on 10 junio, 2025 8:14 pm"},"featured_img_caption":"","featured_img":false,"series_order":"","_links":{"self":[{"href":"https:\/\/www.ucatolica.edu.co\/portal\/wp-json\/wp\/v2\/pages\/7446","targetHints":{"allow":["GET"]}}],"collection":[{"href":"https:\/\/www.ucatolica.edu.co\/portal\/wp-json\/wp\/v2\/pages"}],"about":[{"href":"https:\/\/www.ucatolica.edu.co\/portal\/wp-json\/wp\/v2\/types\/page"}],"author":[{"embeddable":true,"href":"https:\/\/www.ucatolica.edu.co\/portal\/wp-json\/wp\/v2\/users\/2"}],"replies":[{"embeddable":true,"href":"https:\/\/www.ucatolica.edu.co\/portal\/wp-json\/wp\/v2\/comments?post=7446"}],"version-history":[{"count":20,"href":"https:\/\/www.ucatolica.edu.co\/portal\/wp-json\/wp\/v2\/pages\/7446\/revisions"}],"predecessor-version":[{"id":117823,"href":"https:\/\/www.ucatolica.edu.co\/portal\/wp-json\/wp\/v2\/pages\/7446\/revisions\/117823"}],"up":[{"embeddable":true,"href":"https:\/\/www.ucatolica.edu.co\/portal\/wp-json\/wp\/v2\/pages\/156"}],"wp:attachment":[{"href":"https:\/\/www.ucatolica.edu.co\/portal\/wp-json\/wp\/v2\/media?parent=7446"}],"curies":[{"name":"wp","href":"https:\/\/api.w.org\/{rel}","templated":true}]}}