{"id":753,"date":"2018-08-28T12:39:46","date_gmt":"2018-08-28T17:39:46","guid":{"rendered":"http:\/\/localhost:8888\/portal\/?page_id=753"},"modified":"2026-02-17T19:45:29","modified_gmt":"2026-02-18T00:45:29","slug":"instituto-de-lenguas","status":"publish","type":"page","link":"https:\/\/www.ucatolica.edu.co\/portal\/internacionalizacion\/instituto-de-lenguas\/","title":{"rendered":"Instituto de Lenguas"},"content":{"rendered":"<h2>Instituto de Lenguas<\/h2>\n<p>Los programas de ingl\u00e9s de la Universidad Cat\u00f3lica de Colombia son de formaci\u00f3n acad\u00e9mica y tienen por objeto la adquisici\u00f3n de conocimientos y habilidades en el campo de idiomas, y responden a los fines de la educaci\u00f3n consagrados en el art\u00edculo 5\u00ba de la Ley 115 de 1994.<br \/>\nCuentan con la aprobaci\u00f3n de la Secretar\u00eda de Educaci\u00f3n mediante Resoluci\u00f3n 02012 del 22 de Junio de 2021 y con cuatro certificaciones de calidad en ISO 9001, NTC 5555 y NTC 5580.<br \/>\nLos programas de ingl\u00e9s de la Universidad Cat\u00f3lica de Colombia siguen los lineamientos establecidos por el Marco Com\u00fan Europeo de Referencia (MCER) y otros lineamientos establecidos en el decreto 1075 de 2015, la NTC 5580 primera actualizaci\u00f3n, y otras disposiciones legales vigentes que regulan y reglamentan la organizaci\u00f3n, funcionamiento y desarrollo de los programas de educaci\u00f3n para el trabajo y el desarrollo humano en el \u00e1rea de idiomas.<br \/>\nEstos programas propenden al desarrollo integral, profesional, social y humano tanto de estudiantes de la Universidad Cat\u00f3lica de Colombia, como del p\u00fablico en general haciendo del aprendizaje del ingl\u00e9s \u201cuna habilidad que empodera a los individuos, les brinda mayores oportunidades de acceso al conocimiento y a otras culturas y los hace m\u00e1s competitivos.\u201d<\/p>\n<div id=\"accordion\" class=\"panel-group\">\n<div class=\"panel panel-default\">\n<div id=\"headingCero\" class=\"panel-heading\">\n<h4 class=\"panel-title\"><a href=\"#collapseCero\" data-toggle=\"collapse\" data-parent=\"#accordion\">Justificaci\u00f3n<\/a><\/h4>\n<\/div>\n<div id=\"collapseCero\" class=\"panel-collapse collapse\">\n<div class=\"panel-body\">En busca de la calidad, los Programas de Ingl\u00e9s de la Universidad Cat\u00f3lica de Colombia apuestan a la excelencia con factores diferenciadores tanto en la tecnolog\u00eda como en la metodolog\u00eda. Es as\u00ed que para el desarrollo de las clases, profesores y alumnos cuentan con equipos de \u00faltima generaci\u00f3n que convierten las aulas en sitios multimedia interactivos, en donde los alumnos tienen la oportunidad de tener una experiencia innovadora y v\u00edvida para mayor recordaci\u00f3n y aprendizaje.<br \/>\nDe la misma manera, el programa promueve el uso de estrategias de aprendizaje para que este se d\u00e9 de forma m\u00e1s efectiva teniendo en cuenta las particularidades e intereses del individuo, y de esta forma dotar al alumno de herramientas para que se empodere de su proceso y lo haga de manera cada vez aut\u00f3noma. Tambi\u00e9n se promueve en el alumno un pensamiento cr\u00edtico y m\u00e1s consciente de su evoluci\u00f3n y progreso, entre otros, a trav\u00e9s del aprendizaje basado en proyectos y de la evaluaci\u00f3n de tipo cualitativo en donde se miden aspectos socioculturales y contextuales de la lengua, y que van m\u00e1s all\u00e1 de lo meramente estructural y gramatical.<br \/>\nTodo esto, para a su vez suplir la necesidad actual de insertar al alumno en un mundo globalizado y de dotarlo de habilidades propias del siglo XXI, en donde el e-mail, el internet y los chats permiten al alumno comunicarse m\u00e1s r\u00e1pida y f\u00e1cilmente con sus compa\u00f1eros, sus profesores y con hablantes nativos, y poder tener acceso a informaci\u00f3n y material aut\u00e9ntico de la cultura de la lengua en aprendizaje, trayendo virtualmente lugares y personas al sal\u00f3n de clase, ayudando a exponer al estudiante a la comunicaci\u00f3n internacional y a nuevas culturas, as\u00ed como a romper estereotipos.<\/div>\n<\/div>\n<\/div>\n<div class=\"panel panel-default\">\n<div id=\"headingUno\" class=\"panel-heading\">\n<h4 class=\"panel-title\"><a href=\"#collapseUno\" data-toggle=\"collapse\" data-parent=\"#accordion\">Informaci\u00f3n general<\/a><\/h4>\n<\/div>\n<div id=\"collapseUno\" class=\"panel-collapse collapse\">\n<div class=\"panel-body\">\n<ul class=\"list-inside\">\n<li>Tipo de formaci\u00f3n: Educaci\u00f3n para el Trabajo y el Desarrollo Humano<\/li>\n<li>Jornadas: Diurna Nocturna, Sabatina<\/li>\n<li>Metodolog\u00eda: Presencial<\/li>\n<li>T\u00edtulo: Certificado oficial de nivel de ingl\u00e9s: A2, B1, B2 y\/o C1<\/li>\n<li>Direcci\u00f3n: Carrera 13 No. 47 \u2013 49 Edificio Fuentes<\/li>\n<li>Resoluci\u00f3n SED: 02012 del 22 de junio de 2021<\/li>\n<\/ul>\n<h2>Certificados y componentes de calidad<\/h2>\n<p>Los programas de lenguas de la Universidad Cat\u00f3lica de Colombia cuentan con cuatro (4) certificados de calidad, otorgados por el Centro Latinoamericano de Certificaci\u00f3n.<br \/>\n<img decoding=\"async\" style=\"max-width: 420px; padding: 32px 0;\" src=\"https:\/\/www.ucatolica.edu.co\/portal\/wp-content\/uploads\/2017\/04\/sello-celac.jpg\" alt=\"sello-celac\" \/><\/p>\n<\/div>\n<\/div>\n<\/div>\n<\/div>\n<div id=\"accordion\" class=\"panel-group\">\n<div class=\"panel panel-default\">\n<div id=\"headingdos\" class=\"panel-heading\">\n<h4 class=\"panel-title\"><a href=\"#collapsedos\" data-toggle=\"collapse\" data-parent=\"#accordion\">Mapas de procesos<\/a><\/h4>\n<\/div>\n<div id=\"collapsedos\" class=\"panel-collapse collapse\">\n<div class=\"panel-body\"><img fetchpriority=\"high\" decoding=\"async\" class=\"alignnone size-full wp-image-16563\" src=\"https:\/\/www.ucatolica.edu.co\/portal\/wp-content\/uploads\/2022\/05\/mapa_procesos2022.jpeg\" alt=\"\" width=\"700\" height=\"426\" \/><\/div>\n<\/div>\n<\/div>\n<div class=\"panel panel-default\">\n<div id=\"headingTres\" class=\"panel-heading\">\n<h4 class=\"panel-title\"><a href=\"#collapseTres\" data-toggle=\"collapse\" data-parent=\"#accordion\">Pol\u00edtica y objetivos de calidad<\/a><\/h4>\n<\/div>\n<div id=\"collapseTres\" class=\"panel-collapse collapse\">\n<div class=\"panel-body\"><b>EL INSTITUTO DE LENGUAS DE LA UNIVERSIDAD CAT\u00d3LICA DE COLOMBIA,<\/b> comprometido con la formaci\u00f3n integral de la persona, de sus valores y de sus aspiraciones, promueve el aprendizaje de lenguas, basado en programas de alta calidad para satisfacer las demandas sociales, culturales, acad\u00e9micas y profesionales de la comunidad educativa, mediante estrategias de mejoramiento continuo de sus procesos, la definici\u00f3n y medici\u00f3n de los objetivos de calidad y el cumplimiento de los lineamientos normativos, con un personal competente, responsable y dedicado.<\/p>\n<h3>Objetivos de la calidad<\/h3>\n<table class=\"table table-bordered\">\n<thead>\n<tr>\n<th>Objetivos<\/th>\n<th>Indicadores<\/th>\n<th>Proceso<\/th>\n<\/tr>\n<\/thead>\n<tbody>\n<tr>\n<td>Ofrecer programas de lenguas de alta calidad con los mejores recursos y metodolog\u00eda a usuarios internos y externos.<\/td>\n<td>Promedio de rendimiento acad\u00e9mico.<\/td>\n<td>Gesti\u00f3n Acad\u00e9mica.<\/td>\n<\/tr>\n<tr>\n<td rowspan=\"3\">Lograr el mejoramiento continuo y la satisfacci\u00f3n de los clientes.<\/td>\n<td>Calificaci\u00f3n de la satisfacci\u00f3n de los usuarios (Evaluaci\u00f3n Institucional).<\/td>\n<td rowspan=\"2\">Gesti\u00f3n Servicio al Cliente<\/td>\n<\/tr>\n<tr>\n<td>N\u00famero de Respuestas a Solicitudes Hechas por Clientes dentro de los T\u00e9rminos de Ley (PQRSF).<\/td>\n<\/tr>\n<tr>\n<td>Eficacia de acciones correctivas y preventivas.<\/td>\n<td>Gesti\u00f3n de Calidad.<\/td>\n<\/tr>\n<tr>\n<td>Hacer seguimiento al quehacer y nivel de desempe\u00f1o del personal tanto docente como administrativo que funge en el Instituto de Lenguas con miras a garantizar la calidad del servicio ofrecido.<\/td>\n<td>Evaluaci\u00f3n de Desempe\u00f1o del personal.<\/td>\n<td>Gesti\u00f3n de Talento Humano<\/td>\n<\/tr>\n<\/tbody>\n<\/table>\n<\/div>\n<\/div>\n<\/div>\n<\/div>\n<p><strong>Instituto de Lenguas<\/strong><\/p>\n<p>Calle 47 No. 13 &#8211; 54 Sede Carrera 13, Bloque B<br \/>\nTel\u00e9fono: 4433700. Ext. 5100 \/ 5104 \/ 5105<br \/>\nHorario de atenci\u00f3n:<br \/>\nLunes a viernes de 8:00 am. a 8:00 pm.<br \/>\nS\u00e1bados de 8:00 a.m. a 1:00 p.m.<br \/>\n<a href=\"mailto:institutodelenguas@ucatolica.edu.co\" target=\"_blank\" rel=\"noopener\">institutodelenguas@ucatolica.edu.co<\/a><\/p>\n<p><!-- CONTENEDOR DOS PARA SIDEBAR --><\/p>\n<div id=\"contenido-dos\">\n<h2>Documentos de Inter\u00e9s<\/h2>\n<ul>\n<li class=\"btn-documentos\"><a class=\"elementor-sub-item\" tabindex=\"-1\" href=\"https:\/\/www.ucatolica.edu.co\/portal\/wp-content\/uploads\/2026\/02\/calendario-lenguas-2026.pdf\" target=\"_blank\" rel=\"noopener\">Calendario Acad\u00e9mico &#8211; Estudiantes de la Universidad 2026<\/a><\/li>\n<li class=\"btn-documentos\"><a class=\"elementor-sub-item\" tabindex=\"-1\" href=\"https:\/\/www.ucatolica.edu.co\/portal\/wp-content\/uploads\/2025\/01\/Calendario-Instituto-de-Lenguas-2025-FINAL-2-hojas-Firmado.pdf\" target=\"_blank\" rel=\"noopener\">Calendario Acad\u00e9mico &#8211; Estudiantes de la Universidad 2025.<\/a><\/li>\n<li class=\"btn-documentos\"><a class=\"elementor-sub-item\" tabindex=\"-1\" href=\"https:\/\/www.ucatolica.edu.co\/portal\/wp-content\/uploads\/adjuntos\/acuerdos\/consejo-academico-034-23.pdf\">Calendario Acad\u00e9mico &#8211; Estudiantes de la Universidad 2024.<\/a><\/li>\n<li class=\"btn-documentos\"><a class=\"elementor-sub-item\" tabindex=\"-1\" href=\"https:\/\/www.ucatolica.edu.co\/portal\/wp-content\/uploads\/2026\/02\/Valores-penuniarios-2026-Instituto-Lenguas.pdf\" target=\"_blank\" rel=\"noopener\">Valores pecuniarios Instituto Lenguas 2026<\/a><\/li>\n<\/ul>\n<h2>Enlaces de Inter\u00e9s<\/h2>\n<p><!--\n \t\n\n<li class=\"btn-cinco\"><a href=\"\/portal\/internacionalizacion\/instituto-de-lenguas\/lenguas-virtual\/\">Lenguas Modalidad Remota<\/a><\/li>\n\n\n--><\/p>\n<ul>\n<li class=\"btn-cinco\"><a href=\"https:\/\/www.ucatolica.edu.co\/portal\/internacionalizacion\/instituto-de-lenguas\/spanish-program-for-foreigners-en\/\" target=\"_blank\" rel=\"noopener\">Spanish program for foreigners<\/a><\/li>\n<li class=\"btn-cinco\"><a href=\"\/portal\/instituto-de-lenguas\/cursos-de-ingles\/\">Cursos de ingl\u00e9s<\/a><\/li>\n<li class=\"btn-cinco\"><a href=\"https:\/\/www.ucatolica.edu.co\/portal\/internacionalizacion\/instituto-de-lenguas\/proceso-de-inscripcion-y-matricula\/\">Inscripci\u00f3n<\/a><\/li>\n<li class=\"btn-cinco\"><a href=\"https:\/\/www.ucatolica.edu.co\/portal\/no-olvides-hacer-tu-examen-de-suficiencia\/\" target=\"_blank\" rel=\"noopener\">Examen de clasificaci\u00f3n<\/a><\/li>\n<li class=\"btn-cinco\"><a href=\"\/portal\/instituto-de-lenguas\/proceso-de-presentacion-del-examen-de-suficiencia-de-ingles-para-la-admision-en-el-programa-de-doctorado-en-psicologia\/\">Examen de clasificaci\u00f3n posgrado<\/a><\/li>\n<li class=\"btn-cinco\"><a href=\"https:\/\/www.ucatolica.edu.co\/portal\/descubre-el-poder-de-conversar-en-ingles\/?utm_campaign=68999:%20TEST%20MAIL%20El%20ingl%C3%83%C2%A9s%20se%20aprende%20conversando%C3%A2%C2%80%C2%A6%20%C2%A1participa%20en%20el%20club%21%20%C3%B0%C2%9F%C2%97%C2%A3%C3%AF%C2%B8%C2%8F&#038;utm_source=MasterBase%20UCATOLICAMKTCO&#038;utm_medium=email&#038;utm_content=3&#038;utm_term=none\">Club de Ingl\u00e9s<\/a><\/li>\n<li class=\"btn-cinco\"><a href=\"\/portal\/instituto-de-lenguas\/tutorias\/\">Tutor\u00edas<\/a><\/li>\n<li class=\"btn-cinco\"><a href=\"\/portal\/instituto-de-lenguas\/certificados-y-constancias\/\">Certificados y constancias<\/a><\/li>\n<li class=\"btn-cinco\"><a href=\"\/portal\/instituto-de-lenguas\/docentes\/\">Profesor<\/a><\/li>\n<li class=\"btn-cinco\"><a href=\"\/portal\/instituto-de-lenguas\/procedimiento-de-excusas-y-reprogramacion-de-examen\/\">Procedimiento de excusas y reprogramaci\u00f3n de examen<\/a><\/li>\n<li class=\"btn-cinco\"><a href=\"https:\/\/www.ucatolica.edu.co\/portal\/curso-de-ingles-para-ninos-y-adolescentes\/\">Curso de ingl\u00e9s para ni\u00f1os y adolescentes<br \/>\n<\/a><\/li>\n<\/ul>\n<\/div>\n","protected":false},"excerpt":{"rendered":"<p>Instituto de Lenguas Los programas de ingl\u00e9s de la Universidad Cat\u00f3lica de Colombia son de formaci\u00f3n acad\u00e9mica y tienen por objeto la adquisici\u00f3n de conocimientos y habilidades en el campo de idiomas, y responden a los fines de la educaci\u00f3n consagrados en el art\u00edculo 5\u00ba de la Ley 115 de 1994. Cuentan con la aprobaci\u00f3n [&hellip;]<\/p>\n","protected":false},"author":2,"featured_media":0,"parent":899,"menu_order":0,"comment_status":"closed","ping_status":"closed","template":"page-instituto-lenguas.php","meta":{"_acf_changed":false,"advgb_blocks_editor_width":"","advgb_blocks_columns_visual_guide":"","footnotes":""},"class_list":["post-753","page","type-page","status-publish","hentry"],"acf":[],"coauthors":[],"author_meta":{"author_link":"https:\/\/www.ucatolica.edu.co\/portal\/author\/carrnall\/","display_name":"Carlos Zea"},"relative_dates":{"created":"Posted 8 a\u00f1os ago","modified":"Updated 2 meses ago"},"absolute_dates":{"created":"Posted on 28 agosto, 2018","modified":"Updated on 17 febrero, 2026"},"absolute_dates_time":{"created":"Posted on 28 agosto, 2018 12:39 pm","modified":"Updated on 17 febrero, 2026 7:45 pm"},"featured_img_caption":"","featured_img":false,"series_order":"","_links":{"self":[{"href":"https:\/\/www.ucatolica.edu.co\/portal\/wp-json\/wp\/v2\/pages\/753","targetHints":{"allow":["GET"]}}],"collection":[{"href":"https:\/\/www.ucatolica.edu.co\/portal\/wp-json\/wp\/v2\/pages"}],"about":[{"href":"https:\/\/www.ucatolica.edu.co\/portal\/wp-json\/wp\/v2\/types\/page"}],"author":[{"embeddable":true,"href":"https:\/\/www.ucatolica.edu.co\/portal\/wp-json\/wp\/v2\/users\/2"}],"replies":[{"embeddable":true,"href":"https:\/\/www.ucatolica.edu.co\/portal\/wp-json\/wp\/v2\/comments?post=753"}],"version-history":[{"count":26,"href":"https:\/\/www.ucatolica.edu.co\/portal\/wp-json\/wp\/v2\/pages\/753\/revisions"}],"predecessor-version":[{"id":130126,"href":"https:\/\/www.ucatolica.edu.co\/portal\/wp-json\/wp\/v2\/pages\/753\/revisions\/130126"}],"up":[{"embeddable":true,"href":"https:\/\/www.ucatolica.edu.co\/portal\/wp-json\/wp\/v2\/pages\/899"}],"wp:attachment":[{"href":"https:\/\/www.ucatolica.edu.co\/portal\/wp-json\/wp\/v2\/media?parent=753"}],"curies":[{"name":"wp","href":"https:\/\/api.w.org\/{rel}","templated":true}]}}