{"id":771,"date":"2018-08-28T14:25:21","date_gmt":"2018-08-28T19:25:21","guid":{"rendered":"http:\/\/localhost:8888\/portal\/?page_id=771"},"modified":"2026-04-17T13:48:50","modified_gmt":"2026-04-17T18:48:50","slug":"cursos-de-ingles","status":"publish","type":"page","link":"https:\/\/www.ucatolica.edu.co\/portal\/internacionalizacion\/instituto-de-lenguas\/cursos-de-ingles\/","title":{"rendered":"Cursos de Ingl\u00e9s"},"content":{"rendered":"<h2>Cursos de Ingl\u00e9s<\/h2>\n<p>El Programa de Ingl\u00e9s ha sido dise\u00f1ado para llevar a nuestros estudiantes a lograr objetivos acad\u00e9micos, profesionales y<br \/>\nsociales en\u00a0ingl\u00e9s.<\/p>\n<div class=\"panel-content\">\n<h3>Objetivo Acad\u00e9mico<\/h3>\n<p>Ofrecer estrategias y apoyo a estudiantes universitarios, que les permitan desarrollar con \u00e9xito todas las<br \/>\nactividades de su carrera que tienen relaci\u00f3n con ingl\u00e9s, como la lectura de textos especializados y acad\u00e9micos, y<br \/>\nla comprensi\u00f3n de conferencias.\u00a0 Adem\u00e1s, pretende promover el desarrollo de buenos h\u00e1bitos de estudio,<br \/>\nestrategias\u00a0de lectura, escritura, escucha y habla acad\u00e9mica, as\u00ed como estrategias cognitivas altas como hacer<br \/>\ninferencias, conclusiones y desarrollar el pensamiento cr\u00edtico.<\/p>\n<\/div>\n<div class=\"panel-content\">\n<h3>Objetivo Profesional<\/h3>\n<p>Promover el desarrollo de competencias profesionales, tales como el manejo de p\u00fablico, el desempe\u00f1o y dominio de<br \/>\nentrevistas etc., adem\u00e1s de transmitir la importancia del ingl\u00e9s desde la profesi\u00f3n del estudiante,\u00a0la cual le exige<br \/>\nhabilidades y conocimientos para garantizar su \u00e9xito profesional a nivel local e internacional.<\/p>\n<\/div>\n<div class=\"panel-content\">\n<h3>Objetivo Social<\/h3>\n<p>Desarrollar habilidades sociales apropiadas para un mundo global, teniendo una metodolog\u00eda centrada en el estudiante<br \/>\ny en su entorno, aprovechando la exploraci\u00f3n de otras culturas, necesaria para el aprendizaje del ingl\u00e9s, lo cual<br \/>\npermite al estudiante ampliar su visi\u00f3n del mundo y desarrollar\u00a0capacidad de adaptaci\u00f3n, reconociendo las<br \/>\ndiferencias y similitudes entre las distintas culturas y la propia.<\/p>\n<\/div>\n<div id=\"accordion\" class=\"panel-group\">\n<p><!-- Modalidad --><\/p>\n<div class=\"panel panel-default\">\n<div id=\"headingCero\" class=\"panel-heading\">\n<h4 class=\"panel-title\"><a href=\"#collapseCero\" data-toggle=\"collapse\" data-parent=\"#accordion\">Modalidad<\/a><\/h4>\n<\/div>\n<div id=\"collapseCero\" class=\"panel-collapse collapse\">\n<div class=\"panel-body\">\n<h3>Modalidad Presencial<\/h3>\n<p>Cada uno de los once (11) semestres en \u00e9sta modalidad tiene un total de sesenta (60) horas presenciales<br \/>\ncomplementadas con trabajo aut\u00f3nomo, donde el estudiante lograr\u00e1 alcanzar los siguientes niveles<\/p>\n<\/div>\n<\/div>\n<\/div>\n<p><!-- Plan de estudios --><\/p>\n<div class=\"panel panel-default\">\n<div id=\"headingPlan\" class=\"panel-heading\">\n<h4 class=\"panel-title\"><a href=\"#collapsePlan\" data-toggle=\"collapse\" data-parent=\"#accordion\">Plan de estudios<\/a><\/h4>\n<\/div>\n<div id=\"collapsePlan\" class=\"panel-collapse collapse\">\n<div class=\"panel-body\">\n<table class=\"table table-bordered\">\n<thead>\n<tr>\n<th>Programa<\/th>\n<th>Nivel*<\/th>\n<th>Periodo Acad\u00e9mico<\/th>\n<th>M\u00f3dulo<\/th>\n<th>Horas Presenciales<\/th>\n<\/tr>\n<\/thead>\n<tbody>\n<tr>\n<td rowspan=\"4\"><b>BASIC<\/b><\/td>\n<td rowspan=\"2\">A1<\/td>\n<td>I<\/td>\n<td>Basic I<\/td>\n<td>60 horas<\/td>\n<\/tr>\n<tr>\n<td>II<\/td>\n<td>Basic II<\/td>\n<td>60 horas<\/td>\n<\/tr>\n<tr>\n<td rowspan=\"2\">A2<\/td>\n<td>III<\/td>\n<td>Basic III<\/td>\n<td>60 horas<\/td>\n<\/tr>\n<tr>\n<td>IV<\/td>\n<td>Basic IV<\/td>\n<td>60 horas<\/td>\n<\/tr>\n<tr>\n<td rowspan=\"3\"><b>INDEPENDENT<\/b><\/td>\n<td rowspan=\"3\">B1<\/td>\n<td>V<\/td>\n<td>Independent I<\/td>\n<td>60 horas<\/td>\n<\/tr>\n<tr>\n<td>VI<\/td>\n<td>Independent II<\/td>\n<td>60 horas<\/td>\n<\/tr>\n<tr>\n<td>VII<\/td>\n<td>Independent III<\/td>\n<td>60 horas<\/td>\n<\/tr>\n<tr>\n<td rowspan=\"4\"><b>ADVANCED<\/b><\/td>\n<td rowspan=\"4\">B2<\/td>\n<td>VIII<\/td>\n<td>Advanced I<\/td>\n<td>60 horas<\/td>\n<\/tr>\n<tr>\n<td>IX<\/td>\n<td>Advanced II<\/td>\n<td>60 horas<\/td>\n<\/tr>\n<tr>\n<td>X<\/td>\n<td>Advanced III<\/td>\n<td>60 horas<\/td>\n<\/tr>\n<tr>\n<td>XI<\/td>\n<td>Advanced IV<\/td>\n<td>60 horas<\/td>\n<\/tr>\n<\/tbody>\n<\/table>\n<p class=\"note\">*Nuestros cursos se encuentran alineados con el Marco Com\u00fan Europeo de Referencia para las Lenguas<br \/>\n(MCER).<\/p>\n<\/div>\n<\/div>\n<\/div>\n<p><!-- Metodolog\u00eda --><\/p>\n<div class=\"panel panel-default\">\n<div id=\"headingMetodologia\" class=\"panel-heading\">\n<h4 class=\"panel-title\"><a href=\"#collapseMetodologia\" data-toggle=\"collapse\" data-parent=\"#accordion\">Metodolog\u00eda<\/a><\/h4>\n<\/div>\n<div id=\"collapseMetodologia\" class=\"panel-collapse collapse\">\n<div class=\"panel-body\">Nuestra metodolog\u00eda se basa en el desarrollo de tareas y proyectos a lo largo del curso, adem\u00e1s de<br \/>\nclases presenciales con actividades din\u00e1micas y tareas significativas. Brinda al estudiante<br \/>\nposibilidades, tales como: tiempo y material de autoestudio, tutor\u00edas, consejer\u00eda, sesiones de<br \/>\nlaboratorio gratuitas bajo el acompa\u00f1amiento de los m\u00e1s profesionales docentes; lo cual en conjunto<br \/>\nproporciona habilidades y competencias para que, de manera aut\u00f3noma, faciliten la implementaci\u00f3n de los<br \/>\nconocimientos adquiridos en situaciones de la vida real. Lo anterior, permitir\u00e1 al estudiante por<br \/>\nejemplo completar con \u00e9xito una carrera universitaria y desempe\u00f1arse apropiadamente en un mundo global.<br \/>\nEl programa y emplea materiales de \u00faltima edici\u00f3n, dise\u00f1ados por las mejores editoriales a nivel<br \/>\nmundial, que incluye adem\u00e1s fabulosos ambientes virtuales.<br \/>\nAdicionalmente, a partir del a\u00f1o 2016 ofrecemos aulas 100% interactivas con equipos de \u00faltima tecnolog\u00eda<br \/>\nen la ense\u00f1anza, tales como clases en auditorios con proyectores interactivos y m\u00f3dulo de detecci\u00f3n<br \/>\nt\u00e1ctil los cuales facilitan la ense\u00f1anza.<\/div>\n<\/div>\n<\/div>\n<p><!-- Informaci\u00f3n general --><\/p>\n<div class=\"panel panel-default\">\n<div id=\"headingInfo\" class=\"panel-heading\">\n<h4 class=\"panel-title\"><a href=\"#collapseInfo\" data-toggle=\"collapse\" data-parent=\"#accordion\">Informaci\u00f3n general<\/a><\/h4>\n<\/div>\n<div id=\"collapseInfo\" class=\"panel-collapse collapse\">\n<div class=\"panel-body\">\n<ul class=\"list-inside\">\n<li>Tipo de formaci\u00f3n: Educaci\u00f3n para el Trabajo y el Desarrollo Humano<\/li>\n<li>Jornadas: Diurna, Nocturna, Sabatina<\/li>\n<li>Metodolog\u00eda: Presencial<\/li>\n<li>T\u00edtulo: Certificaci\u00f3n A2, B1, B2 y\/o C1<\/li>\n<li>Direcci\u00f3n: Carrera 13 No. 47 \u2013 49 Edificio Fuentes<\/li>\n<li>Resoluci\u00f3n SED: 02012 del 22 de junio de 2021<\/li>\n<\/ul>\n<h3>Certificados y calidad<\/h3>\n<p>Los programas cuentan con certificaciones del Centro Latinoamericano de Certificaci\u00f3n.<\/p>\n<p><img decoding=\"async\" style=\"max-width: 420px; padding: 32px 0;\" src=\"https:\/\/www.ucatolica.edu.co\/portal\/wp-content\/uploads\/2017\/04\/sello-celac.jpg\" alt=\"sello-celac\" \/><\/p>\n<\/div>\n<\/div>\n<\/div>\n<p><!-- Mapas de procesos --><\/p>\n<div class=\"panel panel-default\">\n<div id=\"headingMapas\" class=\"panel-heading\">\n<h4 class=\"panel-title\"><a href=\"#collapseMapas\" data-toggle=\"collapse\" data-parent=\"#accordion\">Mapas de procesos<\/a><\/h4>\n<\/div>\n<div id=\"collapseMapas\" class=\"panel-collapse collapse\">\n<div class=\"panel-body\"><img decoding=\"async\" class=\"img-responsive\" src=\"https:\/\/www.ucatolica.edu.co\/portal\/wp-content\/uploads\/2022\/05\/mapa_procesos2022.jpeg\" width=\"700\" \/><\/div>\n<\/div>\n<\/div>\n<p><!-- Pol\u00edtica de calidad --><\/p>\n<div class=\"panel panel-default\">\n<div id=\"headingPolitica\" class=\"panel-heading\">\n<h4 class=\"panel-title\"><a href=\"#collapsePolitica\" data-toggle=\"collapse\" data-parent=\"#accordion\">Pol\u00edtica y objetivos de calidad<\/a><\/h4>\n<\/div>\n<div id=\"collapsePolitica\" class=\"panel-collapse collapse\">\n<div class=\"panel-body\"><b>EL INSTITUTO DE LENGUAS DE LA UNIVERSIDAD CAT\u00d3LICA DE COLOMBIA<\/b> promueve el aprendizaje de lenguas<br \/>\ncon programas de alta calidad y mejora continua.<\/p>\n<h3>Objetivos de la calidad<\/h3>\n<table class=\"table table-bordered\">\n<thead>\n<tr>\n<th>Objetivos<\/th>\n<th>Indicadores<\/th>\n<th>Proceso<\/th>\n<\/tr>\n<\/thead>\n<tbody>\n<tr>\n<td>Ofrecer programas de alta calidad.<\/td>\n<td>Rendimiento acad\u00e9mico.<\/td>\n<td>Gesti\u00f3n Acad\u00e9mica.<\/td>\n<\/tr>\n<tr>\n<td rowspan=\"3\">Satisfacci\u00f3n del cliente.<\/td>\n<td>Evaluaci\u00f3n institucional.<\/td>\n<td rowspan=\"2\">Servicio al Cliente<\/td>\n<\/tr>\n<tr>\n<td>PQRSF atendidas.<\/td>\n<\/tr>\n<tr>\n<td>Acciones correctivas.<\/td>\n<td>Gesti\u00f3n de Calidad.<\/td>\n<\/tr>\n<tr>\n<td>Seguimiento al desempe\u00f1o del personal.<\/td>\n<td>Evaluaci\u00f3n de desempe\u00f1o.<\/td>\n<td>Talento Humano<\/td>\n<\/tr>\n<\/tbody>\n<\/table>\n<\/div>\n<\/div>\n<\/div>\n<\/div>\n<h5 class=\"eip\">Instituto de Lenguas<\/h5>\n<p class=\"cont\">Carrera 13 No. 47 \u2013 49, Sede carrera 13, bloque B<br \/>\nTel\u00e9fono: (601) 4433700 ext. 5100 &#8211; 5104 &#8211; 5105<br \/>\nHorario de atenci\u00f3n:<br \/>\nLunes a viernes de 8:00am a 8:00pm<br \/>\nS\u00e1bados\u00a0 de 7:00am a 11:00am<br \/>\n<a href=\"mailto:institutodelenguas@ucatolica.edu.co\" target=\"_blank\" rel=\"noopener\">institutodelenguas@ucatolica.edu.co<\/a><\/p>\n<p><!-- CONTENEDOR DOS PARA SIDEBAR --><\/p>\n<div id=\"contenido-dos\">\n<h2 style=\"display: none;\">Documentos de Inter\u00e9s<\/h2>\n<ul style=\"display: none;\">\n<li class=\"btn-documentos\"><a class=\"elementor-sub-item\" tabindex=\"-1\" href=\"https:\/\/www.ucatolica.edu.co\/portal\/wp-content\/uploads\/adjuntos\/calendario-academico\/calendario-inst-lenguas-espanol-estudiantes.pdf\">Calendario<br \/>\nAcad\u00e9mico \u2013 Estudiantes de la Universidad 2023.<\/a><\/li>\n<li class=\"btn-documentos\"><a class=\"elementor-sub-item\" tabindex=\"-1\" href=\"https:\/\/www.ucatolica.edu.co\/portal\/wp-content\/uploads\/adjuntos\/calendario-academico\/calendario-inst-lenguas-ninos-adolecentes.pdf\">Calendario<br \/>\nAcad\u00e9mico \u2013 Ni\u00f1os y Adolescentes 2023.<\/a><\/li>\n<li class=\"btn-documentos\"><a class=\"elementor-sub-item\" tabindex=\"-1\" href=\"https:\/\/www.ucatolica.edu.co\/portal\/wp-content\/uploads\/adjuntos\/calendario-academico\/calendario-inst-lenguas-espanol-extranjeros.pdf\">Calendario<br \/>\nAcad\u00e9mico \u2013 Espa\u00f1ol para Extranjeros 2023.<\/a><\/li>\n<li class=\"btn-documentos\"><a class=\"elementor-sub-item\" tabindex=\"-1\" href=\"https:\/\/www.ucatolica.edu.co\/portal\/wp-content\/uploads\/adjuntos\/calendario-academico\/calendario-inst-lenguas-docentes-admin.pdf\">Calendario<br \/>\nAcad\u00e9mico \u2013 Profesores y Administrativos 2023.<\/a><\/li>\n<\/ul>\n<h2>Documentos de Inter\u00e9s<\/h2>\n<ul>\n<li class=\"btn-documentos\"><a class=\"elementor-sub-item\" tabindex=\"-1\" href=\"https:\/\/www.ucatolica.edu.co\/portal\/wp-content\/uploads\/2026\/02\/calendario-lenguas-2026.pdf\" target=\"_blank\" rel=\"noopener\">Calendario Acad\u00e9mico &#8211; Estudiantes de la Universidad 2026<\/a><\/li>\n<li class=\"btn-documentos\"><a class=\"elementor-sub-item\" tabindex=\"-1\" href=\"https:\/\/www.ucatolica.edu.co\/portal\/wp-content\/uploads\/2026\/02\/Valores-penuniarios-2026-Instituto-Lenguas.pdf\" target=\"_blank\" rel=\"noopener\">Valores pecuniarios Instituto Lenguas 2026<\/a><\/li>\n<\/ul>\n<ul>\n<li class=\"btn-cinco\"><a href=\"https:\/\/www.ucatolica.edu.co\/portal\/spanish-program-for-foreigners-es\/\" target=\"_blank\" rel=\"noopener\">Spanish program for foreigners<\/a><\/li>\n<li class=\"btn-cinco\"><a href=\"\/portal\/instituto-de-lenguas\/cursos-de-ingles\/\">Cursos de ingl\u00e9s<\/a><\/li>\n<li class=\"btn-cinco\"><a href=\"\/portal\/instituto-de-lenguas\/proceso-de-inscripcion-y-matricula\/\">Inscripci\u00f3n<\/a><\/li>\n<li class=\"btn-cinco\"><a href=\"\/portal\/no-olvides-hacer-tu-examen-de-suficiencia\/\">Examen de clasificaci\u00f3n<\/a><\/li>\n<li class=\"btn-cinco\"><a href=\"\/portal\/instituto-de-lenguas\/proceso-de-presentacion-del-examen-de-suficiencia-de-ingles-para-la-admision-en-el-programa-de-doctorado-en-psicologia\/\">Examen de clasificaci\u00f3n posgrado<\/a><\/li>\n<li class=\"btn-cinco\"><a href=\"https:\/\/www.ucatolica.edu.co\/portal\/welcome-to-the-conversation-club\/\">Club de Ingl\u00e9s<\/a><\/li>\n<li class=\"btn-cinco\"><a href=\"\/portal\/instituto-de-lenguas\/tutorias\/\">Tutor\u00edas<\/a><\/li>\n<li class=\"btn-cinco\"><a href=\"\/portal\/instituto-de-lenguas\/certificados-y-constancias\/\">Certificados y constancias<\/a><\/li>\n<li class=\"btn-cinco\"><a href=\"\/portal\/instituto-de-lenguas\/docentes\/\">Profesor<\/a><\/li>\n<li class=\"btn-cinco\"><a href=\"\/portal\/instituto-de-lenguas\/procedimiento-de-excusas-y-reprogramacion-de-examen\/\">Procedimiento de excusas y reprogramaci\u00f3n de examen<\/a><\/li>\n<\/ul>\n<\/div>\n","protected":false},"excerpt":{"rendered":"<p>Cursos de Ingl\u00e9s El Programa de Ingl\u00e9s ha sido dise\u00f1ado para llevar a nuestros estudiantes a lograr objetivos acad\u00e9micos, profesionales y sociales en\u00a0ingl\u00e9s. Objetivo Acad\u00e9mico Ofrecer estrategias y apoyo a estudiantes universitarios, que les permitan desarrollar con \u00e9xito todas las actividades de su carrera que tienen relaci\u00f3n con ingl\u00e9s, como la lectura de textos especializados [&hellip;]<\/p>\n","protected":false},"author":2,"featured_media":0,"parent":753,"menu_order":0,"comment_status":"closed","ping_status":"closed","template":"page-oldstyle.php","meta":{"_acf_changed":false,"advgb_blocks_editor_width":"","advgb_blocks_columns_visual_guide":"","footnotes":""},"class_list":["post-771","page","type-page","status-publish","hentry"],"acf":[],"yoast_head":"<!-- This site is optimized with the Yoast SEO plugin v26.7 - https:\/\/yoast.com\/wordpress\/plugins\/seo\/ -->\n<title>Cursos de Ingl\u00e9s - Universidad Cat\u00f3lica De Colombia<\/title>\n<meta name=\"robots\" content=\"index, follow, max-snippet:-1, max-image-preview:large, max-video-preview:-1\" \/>\n<link rel=\"canonical\" href=\"https:\/\/www.ucatolica.edu.co\/portal\/internacionalizacion\/instituto-de-lenguas\/cursos-de-ingles\/\" \/>\n<meta property=\"og:locale\" content=\"es_ES\" \/>\n<meta property=\"og:type\" content=\"article\" \/>\n<meta property=\"og:title\" content=\"Cursos de Ingl\u00e9s - Universidad Cat\u00f3lica De Colombia\" \/>\n<meta property=\"og:description\" content=\"Cursos de Ingl\u00e9s El Programa de Ingl\u00e9s ha sido dise\u00f1ado para llevar a nuestros estudiantes a lograr objetivos acad\u00e9micos, profesionales y sociales en\u00a0ingl\u00e9s. Objetivo Acad\u00e9mico Ofrecer estrategias y apoyo a estudiantes universitarios, que les permitan desarrollar con \u00e9xito todas las actividades de su carrera que tienen relaci\u00f3n con ingl\u00e9s, como la lectura de textos especializados [&hellip;]\" \/>\n<meta property=\"og:url\" content=\"https:\/\/www.ucatolica.edu.co\/portal\/internacionalizacion\/instituto-de-lenguas\/cursos-de-ingles\/\" \/>\n<meta property=\"og:site_name\" content=\"Universidad Cat\u00f3lica De Colombia\" \/>\n<meta property=\"article:publisher\" content=\"https:\/\/www.facebook.com\/ucatolicacolombia\" \/>\n<meta property=\"article:modified_time\" content=\"2026-04-17T18:48:50+00:00\" \/>\n<meta property=\"og:image\" content=\"https:\/\/www.ucatolica.edu.co\/portal\/wp-content\/uploads\/2017\/04\/sello-celac.jpg\" \/>\n<meta name=\"twitter:card\" content=\"summary_large_image\" \/>\n<meta name=\"twitter:site\" content=\"@UCatolicaCol\" \/>\n<meta name=\"twitter:label1\" content=\"Tiempo de lectura\" \/>\n\t<meta name=\"twitter:data1\" content=\"3 minutos\" \/>\n<script type=\"application\/ld+json\" class=\"yoast-schema-graph\">{\"@context\":\"https:\/\/schema.org\",\"@graph\":[{\"@type\":\"WebPage\",\"@id\":\"https:\/\/www.ucatolica.edu.co\/portal\/internacionalizacion\/instituto-de-lenguas\/cursos-de-ingles\/\",\"url\":\"https:\/\/www.ucatolica.edu.co\/portal\/internacionalizacion\/instituto-de-lenguas\/cursos-de-ingles\/\",\"name\":\"Cursos de Ingl\u00e9s - Universidad Cat\u00f3lica De Colombia\",\"isPartOf\":{\"@id\":\"https:\/\/www.ucatolica.edu.co\/portal\/#website\"},\"primaryImageOfPage\":{\"@id\":\"https:\/\/www.ucatolica.edu.co\/portal\/internacionalizacion\/instituto-de-lenguas\/cursos-de-ingles\/#primaryimage\"},\"image\":{\"@id\":\"https:\/\/www.ucatolica.edu.co\/portal\/internacionalizacion\/instituto-de-lenguas\/cursos-de-ingles\/#primaryimage\"},\"thumbnailUrl\":\"https:\/\/www.ucatolica.edu.co\/portal\/wp-content\/uploads\/2017\/04\/sello-celac.jpg\",\"datePublished\":\"2018-08-28T19:25:21+00:00\",\"dateModified\":\"2026-04-17T18:48:50+00:00\",\"breadcrumb\":{\"@id\":\"https:\/\/www.ucatolica.edu.co\/portal\/internacionalizacion\/instituto-de-lenguas\/cursos-de-ingles\/#breadcrumb\"},\"inLanguage\":\"es-CO\",\"potentialAction\":[{\"@type\":\"ReadAction\",\"target\":[\"https:\/\/www.ucatolica.edu.co\/portal\/internacionalizacion\/instituto-de-lenguas\/cursos-de-ingles\/\"]}]},{\"@type\":\"ImageObject\",\"inLanguage\":\"es-CO\",\"@id\":\"https:\/\/www.ucatolica.edu.co\/portal\/internacionalizacion\/instituto-de-lenguas\/cursos-de-ingles\/#primaryimage\",\"url\":\"https:\/\/www.ucatolica.edu.co\/portal\/wp-content\/uploads\/2017\/04\/sello-celac.jpg\",\"contentUrl\":\"https:\/\/www.ucatolica.edu.co\/portal\/wp-content\/uploads\/2017\/04\/sello-celac.jpg\",\"width\":351,\"height\":148},{\"@type\":\"BreadcrumbList\",\"@id\":\"https:\/\/www.ucatolica.edu.co\/portal\/internacionalizacion\/instituto-de-lenguas\/cursos-de-ingles\/#breadcrumb\",\"itemListElement\":[{\"@type\":\"ListItem\",\"position\":1,\"name\":\"Inicio\",\"item\":\"https:\/\/www.ucatolica.edu.co\/portal\/\"},{\"@type\":\"ListItem\",\"position\":2,\"name\":\"Internacionalizaci\u00f3n\",\"item\":\"https:\/\/www.ucatolica.edu.co\/portal\/internacionalizacion\/\"},{\"@type\":\"ListItem\",\"position\":3,\"name\":\"Instituto de Lenguas\",\"item\":\"https:\/\/www.ucatolica.edu.co\/portal\/internacionalizacion\/instituto-de-lenguas\/\"},{\"@type\":\"ListItem\",\"position\":4,\"name\":\"Cursos de Ingl\u00e9s\"}]},{\"@type\":\"WebSite\",\"@id\":\"https:\/\/www.ucatolica.edu.co\/portal\/#website\",\"url\":\"https:\/\/www.ucatolica.edu.co\/portal\/\",\"name\":\"Universidad Cat\u00f3lica De Colombia\",\"description\":\"Universidad Cat\u00f3lica De Colombia\",\"publisher\":{\"@id\":\"https:\/\/www.ucatolica.edu.co\/portal\/#organization\"},\"potentialAction\":[{\"@type\":\"SearchAction\",\"target\":{\"@type\":\"EntryPoint\",\"urlTemplate\":\"https:\/\/www.ucatolica.edu.co\/portal\/?s={search_term_string}\"},\"query-input\":{\"@type\":\"PropertyValueSpecification\",\"valueRequired\":true,\"valueName\":\"search_term_string\"}}],\"inLanguage\":\"es-CO\"},{\"@type\":\"Organization\",\"@id\":\"https:\/\/www.ucatolica.edu.co\/portal\/#organization\",\"name\":\"Universidad Cat\u00f3lica de Colombia\",\"url\":\"https:\/\/www.ucatolica.edu.co\/portal\/\",\"logo\":{\"@type\":\"ImageObject\",\"inLanguage\":\"es-CO\",\"@id\":\"https:\/\/www.ucatolica.edu.co\/portal\/#\/schema\/logo\/image\/\",\"url\":\"https:\/\/www.ucatolica.edu.co\/portal\/wp-content\/uploads\/2021\/06\/logo-header-ho-1.svg\",\"contentUrl\":\"https:\/\/www.ucatolica.edu.co\/portal\/wp-content\/uploads\/2021\/06\/logo-header-ho-1.svg\",\"width\":1,\"height\":1,\"caption\":\"Universidad Cat\u00f3lica de Colombia\"},\"image\":{\"@id\":\"https:\/\/www.ucatolica.edu.co\/portal\/#\/schema\/logo\/image\/\"},\"sameAs\":[\"https:\/\/www.facebook.com\/ucatolicacolombia\",\"https:\/\/x.com\/UCatolicaCol\",\"https:\/\/www.instagram.com\/universidadcatolicadecolombia\/\",\"https:\/\/www.linkedin.com\/company\/universidadcatolicadecolombia\/\",\"https:\/\/www.youtube.com\/user\/UCatolicaCo\"]}]}<\/script>\n<!-- \/ Yoast SEO plugin. -->","yoast_head_json":{"title":"Cursos de Ingl\u00e9s - Universidad Cat\u00f3lica De Colombia","robots":{"index":"index","follow":"follow","max-snippet":"max-snippet:-1","max-image-preview":"max-image-preview:large","max-video-preview":"max-video-preview:-1"},"canonical":"https:\/\/www.ucatolica.edu.co\/portal\/internacionalizacion\/instituto-de-lenguas\/cursos-de-ingles\/","og_locale":"es_ES","og_type":"article","og_title":"Cursos de Ingl\u00e9s - Universidad Cat\u00f3lica De Colombia","og_description":"Cursos de Ingl\u00e9s El Programa de Ingl\u00e9s ha sido dise\u00f1ado para llevar a nuestros estudiantes a lograr objetivos acad\u00e9micos, profesionales y sociales en\u00a0ingl\u00e9s. Objetivo Acad\u00e9mico Ofrecer estrategias y apoyo a estudiantes universitarios, que les permitan desarrollar con \u00e9xito todas las actividades de su carrera que tienen relaci\u00f3n con ingl\u00e9s, como la lectura de textos especializados [&hellip;]","og_url":"https:\/\/www.ucatolica.edu.co\/portal\/internacionalizacion\/instituto-de-lenguas\/cursos-de-ingles\/","og_site_name":"Universidad Cat\u00f3lica De Colombia","article_publisher":"https:\/\/www.facebook.com\/ucatolicacolombia","article_modified_time":"2026-04-17T18:48:50+00:00","og_image":[{"url":"https:\/\/www.ucatolica.edu.co\/portal\/wp-content\/uploads\/2017\/04\/sello-celac.jpg","type":"","width":"","height":""}],"twitter_card":"summary_large_image","twitter_site":"@UCatolicaCol","twitter_misc":{"Tiempo de lectura":"3 minutos"},"schema":{"@context":"https:\/\/schema.org","@graph":[{"@type":"WebPage","@id":"https:\/\/www.ucatolica.edu.co\/portal\/internacionalizacion\/instituto-de-lenguas\/cursos-de-ingles\/","url":"https:\/\/www.ucatolica.edu.co\/portal\/internacionalizacion\/instituto-de-lenguas\/cursos-de-ingles\/","name":"Cursos de Ingl\u00e9s - Universidad Cat\u00f3lica De Colombia","isPartOf":{"@id":"https:\/\/www.ucatolica.edu.co\/portal\/#website"},"primaryImageOfPage":{"@id":"https:\/\/www.ucatolica.edu.co\/portal\/internacionalizacion\/instituto-de-lenguas\/cursos-de-ingles\/#primaryimage"},"image":{"@id":"https:\/\/www.ucatolica.edu.co\/portal\/internacionalizacion\/instituto-de-lenguas\/cursos-de-ingles\/#primaryimage"},"thumbnailUrl":"https:\/\/www.ucatolica.edu.co\/portal\/wp-content\/uploads\/2017\/04\/sello-celac.jpg","datePublished":"2018-08-28T19:25:21+00:00","dateModified":"2026-04-17T18:48:50+00:00","breadcrumb":{"@id":"https:\/\/www.ucatolica.edu.co\/portal\/internacionalizacion\/instituto-de-lenguas\/cursos-de-ingles\/#breadcrumb"},"inLanguage":"es-CO","potentialAction":[{"@type":"ReadAction","target":["https:\/\/www.ucatolica.edu.co\/portal\/internacionalizacion\/instituto-de-lenguas\/cursos-de-ingles\/"]}]},{"@type":"ImageObject","inLanguage":"es-CO","@id":"https:\/\/www.ucatolica.edu.co\/portal\/internacionalizacion\/instituto-de-lenguas\/cursos-de-ingles\/#primaryimage","url":"https:\/\/www.ucatolica.edu.co\/portal\/wp-content\/uploads\/2017\/04\/sello-celac.jpg","contentUrl":"https:\/\/www.ucatolica.edu.co\/portal\/wp-content\/uploads\/2017\/04\/sello-celac.jpg","width":351,"height":148},{"@type":"BreadcrumbList","@id":"https:\/\/www.ucatolica.edu.co\/portal\/internacionalizacion\/instituto-de-lenguas\/cursos-de-ingles\/#breadcrumb","itemListElement":[{"@type":"ListItem","position":1,"name":"Inicio","item":"https:\/\/www.ucatolica.edu.co\/portal\/"},{"@type":"ListItem","position":2,"name":"Internacionalizaci\u00f3n","item":"https:\/\/www.ucatolica.edu.co\/portal\/internacionalizacion\/"},{"@type":"ListItem","position":3,"name":"Instituto de Lenguas","item":"https:\/\/www.ucatolica.edu.co\/portal\/internacionalizacion\/instituto-de-lenguas\/"},{"@type":"ListItem","position":4,"name":"Cursos de Ingl\u00e9s"}]},{"@type":"WebSite","@id":"https:\/\/www.ucatolica.edu.co\/portal\/#website","url":"https:\/\/www.ucatolica.edu.co\/portal\/","name":"Universidad Cat\u00f3lica De Colombia","description":"Universidad Cat\u00f3lica De Colombia","publisher":{"@id":"https:\/\/www.ucatolica.edu.co\/portal\/#organization"},"potentialAction":[{"@type":"SearchAction","target":{"@type":"EntryPoint","urlTemplate":"https:\/\/www.ucatolica.edu.co\/portal\/?s={search_term_string}"},"query-input":{"@type":"PropertyValueSpecification","valueRequired":true,"valueName":"search_term_string"}}],"inLanguage":"es-CO"},{"@type":"Organization","@id":"https:\/\/www.ucatolica.edu.co\/portal\/#organization","name":"Universidad Cat\u00f3lica de Colombia","url":"https:\/\/www.ucatolica.edu.co\/portal\/","logo":{"@type":"ImageObject","inLanguage":"es-CO","@id":"https:\/\/www.ucatolica.edu.co\/portal\/#\/schema\/logo\/image\/","url":"https:\/\/www.ucatolica.edu.co\/portal\/wp-content\/uploads\/2021\/06\/logo-header-ho-1.svg","contentUrl":"https:\/\/www.ucatolica.edu.co\/portal\/wp-content\/uploads\/2021\/06\/logo-header-ho-1.svg","width":1,"height":1,"caption":"Universidad Cat\u00f3lica de Colombia"},"image":{"@id":"https:\/\/www.ucatolica.edu.co\/portal\/#\/schema\/logo\/image\/"},"sameAs":["https:\/\/www.facebook.com\/ucatolicacolombia","https:\/\/x.com\/UCatolicaCol","https:\/\/www.instagram.com\/universidadcatolicadecolombia\/","https:\/\/www.linkedin.com\/company\/universidadcatolicadecolombia\/","https:\/\/www.youtube.com\/user\/UCatolicaCo"]}]}},"coauthors":[],"author_meta":{"author_link":"https:\/\/www.ucatolica.edu.co\/portal\/author\/carrnall\/","display_name":"Carlos Zea"},"relative_dates":{"created":"Posted 8 a\u00f1os ago","modified":"Updated 2 semanas ago"},"absolute_dates":{"created":"Posted on 28 agosto, 2018","modified":"Updated on 17 abril, 2026"},"absolute_dates_time":{"created":"Posted on 28 agosto, 2018 2:25 pm","modified":"Updated on 17 abril, 2026 1:48 pm"},"featured_img_caption":"","featured_img":false,"series_order":"","_links":{"self":[{"href":"https:\/\/www.ucatolica.edu.co\/portal\/wp-json\/wp\/v2\/pages\/771","targetHints":{"allow":["GET"]}}],"collection":[{"href":"https:\/\/www.ucatolica.edu.co\/portal\/wp-json\/wp\/v2\/pages"}],"about":[{"href":"https:\/\/www.ucatolica.edu.co\/portal\/wp-json\/wp\/v2\/types\/page"}],"author":[{"embeddable":true,"href":"https:\/\/www.ucatolica.edu.co\/portal\/wp-json\/wp\/v2\/users\/2"}],"replies":[{"embeddable":true,"href":"https:\/\/www.ucatolica.edu.co\/portal\/wp-json\/wp\/v2\/comments?post=771"}],"version-history":[{"count":24,"href":"https:\/\/www.ucatolica.edu.co\/portal\/wp-json\/wp\/v2\/pages\/771\/revisions"}],"predecessor-version":[{"id":132957,"href":"https:\/\/www.ucatolica.edu.co\/portal\/wp-json\/wp\/v2\/pages\/771\/revisions\/132957"}],"up":[{"embeddable":true,"href":"https:\/\/www.ucatolica.edu.co\/portal\/wp-json\/wp\/v2\/pages\/753"}],"wp:attachment":[{"href":"https:\/\/www.ucatolica.edu.co\/portal\/wp-json\/wp\/v2\/media?parent=771"}],"curies":[{"name":"wp","href":"https:\/\/api.w.org\/{rel}","templated":true}]}}