{"id":811,"date":"2018-08-28T15:09:47","date_gmt":"2018-08-28T20:09:47","guid":{"rendered":"http:\/\/localhost:8888\/portal\/?page_id=811"},"modified":"2018-08-28T15:09:47","modified_gmt":"2018-08-28T20:09:47","slug":"becas","status":"publish","type":"page","link":"https:\/\/www.ucatolica.edu.co\/portal\/becas\/","title":{"rendered":"Becas"},"content":{"rendered":"<h2>Becas<\/h2>\n<p>&nbsp;<\/p>\n<div id=\"accordion\" class=\"panel-group\">\n<div class=\"panel panel-default\">\n<div id=\"heading1\" class=\"panel-heading\">\n<h4 class=\"panel-title\"><a href=\"#collapse1\" data-toggle=\"collapse\" data-parent=\"#accordion\">ICETEX<\/a><\/h4>\n<\/div>\n<div id=\"collapse1\" class=\"panel-collapse collapse\">\n<div class=\"panel-body\">\nEs el Instituto Colombiano de Cr\u00e9dito Educativo y Estudios T\u00e9cnicos en el Exterior.<br \/>\nICETEX Es una instituci\u00f3n Colombiana que est\u00e1 destinada a promover la educaci\u00f3n superior en Colombia a trav\u00e9s del otorgamiento de cr\u00e9ditos educativos y su recaudo, con recursos propios o de terceros, a la poblaci\u00f3n con menores posibilidades econ\u00f3micas y buen desempe\u00f1o acad\u00e9mico. Igualmente est\u00e1 destinado para facilitar el acceso a las oportunidades educativas que brinda la comunidad internacional para elevar la calidad de vida de los colombianos y as\u00ed contribuir al desarrollo econ\u00f3mico y social del pa\u00eds.<br \/>\n<a href=\"http:\/\/www.icetex.gov.co\/\" target=\"_blank\" rel=\"noopener\">Icetex<\/a><br \/>\n<a href=\"http:\/\/www.icetex.gov.co\/dnnpro5\/es-co\/becas.aspx\" target=\"_blank\" rel=\"noopener\">Informaci\u00f3n de Becas Vigentes<\/a><br \/>\n<a href=\"http:\/\/estudios.unir.net\/programa\/becas-icetex-2016\/539000027573\/\" target=\"_blank\" rel=\"noopener\">Convocatoria ICETEX- Universidad de la Rioja. Marzo 2016<\/a><\/p>\n<ul class=\"documentos\">\n<li class=\"pdf\"><a href=\"https:\/\/www.ucatolica.edu.co\/portal\/wp-content\/uploads\/2015\/12\/oferta-becas-vigentes-icetex.pdf\" target=\"_blank\" rel=\"noopener\">Oferta Becas Vigentes<\/a><\/li>\n<\/ul>\n<\/div>\n<\/div>\n<\/div>\n<\/div>\n<div id=\"accordion\" class=\"panel-group\">\n<div class=\"panel panel-default\">\n<div id=\"heading2\" class=\"panel-heading\">\n<h4 class=\"panel-title\"><a href=\"#collapse2\" data-toggle=\"collapse\" data-parent=\"#accordion\">Colfuturo<\/a><\/h4>\n<\/div>\n<div id=\"collapse2\" class=\"panel-collapse collapse\">\n<div class=\"panel-body\">\nSe ha consolidado en los programas de consejer\u00eda acad\u00e9mica en educaci\u00f3n internacional; ingl\u00e9s; semillero de talentos regionales; e intermediaci\u00f3n laboral, que apoyan el esfuerzo central del programa de cr\u00e9dito-beca. As\u00ed, la fundaci\u00f3n ofrece un acompa\u00f1amiento completo a los estudiantes en todo el proceso, desde la b\u00fasqueda del programa de posgrado hasta su reinserci\u00f3n en el mercado laboral. COLFUTURO ha sido, desde su creaci\u00f3n, un instrumento para canalizar recursos con el objetivo de brindar una oportunidad a profesionales colombianos destacados que desean salir al mundo, para enriquecer su experiencia de vida y sus conocimientos acad\u00e9micos y luego volver para trabajar por el pa\u00eds.<br \/>\nRequisitos:<\/p>\n<ul>\n<li>Ser colombiano.<\/li>\n<li>Seleccionar un programa que tenga una duraci\u00f3n igual o superior a un a\u00f1o.<\/li>\n<li>Haber recibido el t\u00edtulo de pregrado.<\/li>\n<li>El cr\u00e9dito-beca se otorga para programas que empiezan o que ya se est\u00e1n adelantando.<\/li>\n<li>Tener carta de admisi\u00f3n de alguna universidad en el extranjero.<\/li>\n<li>Dominar un segundo idioma, preferiblemente el ingl\u00e9s.<\/li>\n<\/ul>\n<p>El apoyo de Colfuturo es flexible y puede cubrir rubros como los siguientes:<br \/>\nPasajes a\u00e9reos, gastos de instalaci\u00f3n, matr\u00edcula y cuotas acad\u00e9micas, seguro de salud, sostenimiento, materiales, libros y computador.<br \/>\n<a href=\"http:\/\/www.colfuturo.org\/financiacion-para-posgrados-en-el-exterior\" target=\"_blank\" rel=\"noopener\">Ver Ofertas Actuales<\/a>\n<\/div>\n<\/div>\n<\/div>\n<\/div>\n<div id=\"accordion\" class=\"panel-group\">\n<div class=\"panel panel-default\">\n<div id=\"heading3\" class=\"panel-heading\">\n<h4 class=\"panel-title\"><a href=\"#collapse3\" data-toggle=\"collapse\" data-parent=\"#accordion\">Universia<\/a><\/h4>\n<\/div>\n<div id=\"collapse3\" class=\"panel-collapse collapse\">\n<div class=\"panel-body\">\nEs una red constituida por 1.401 universidades de 23 pa\u00edses, que representan a 19.2 millones de estudiantes y profesores. Es la red de universidades m\u00e1s importante de Iberoam\u00e9rica y un referente internacional de relaci\u00f3n universitaria.<br \/>\nUniversia promueve el desarrollo social y empresarial a trav\u00e9s del talento, el conocimiento, la investigaci\u00f3n aplicada y la colaboraci\u00f3n institucional entre universidades y empresas.<br \/>\n<a href=\"http:\/\/www.universia.net.co\/\" target=\"_blank\" rel=\"noopener\">Universia<\/a><br \/>\nBecas vigentes:<\/p>\n<ul class=\"list-inside\">\n<li>Beca Icetex de posgrado para las mujeres en la Ciencia | <a href=\"http:\/\/becas.universia.net.co\/beca\/beca-icetex-de-posgrado-para-las-mujeres-en-la-ciencia\/241708?utm_source=boletin&amp;utm_medium=email-click&amp;utm_campaign=alertabecas\" target=\"_blank\" rel=\"noopener\">ver m\u00e1s<\/a><\/li>\n<li>Becas para estudios de posgrado en Ciencias e Ingenier\u00eda en M\u00e9xico | <a href=\"http:\/\/becas.universia.net.co\/beca\/becas-oea-para-estudios-de-posgrado-en-ciencias-e-ingenieria-en-mexico\/241639?utm_source=boletin&amp;utm_medium=email-click&amp;utm_campaign=alertabecas\" target=\"_blank\" rel=\"noopener\">ver m\u00e1s<\/a><\/li>\n<li>Becas Fulbright para estudiar posgrado | <a href=\"http:\/\/becas.universia.net.co\/beca\/becas-fulbright-para-estudiar-posgrado\/241635?utm_source=boletin&amp;utm_medium=email-click&amp;utm_campaign=alertabecas\" target=\"_blank\" rel=\"noopener\">ver m\u00e1s<\/a><\/li>\n<li>Becas internacionales para estudios de grado en Canad\u00e1 | <a href=\"http:\/\/becas.universia.net.co\/beca\/becas-internacionales-para-estudios-de-grado-en-canada\/241359?utm_source=boletin&amp;utm_medium=email-click&amp;utm_campaign=alertabecas\" target=\"_blank\" rel=\"noopener\">ver m\u00e1s<\/a><\/li>\n<li>Becas Icetex para estudios de M\u00e1ster en Francia | <a href=\"http:\/\/becas.universia.net.co\/beca\/becas-icetex-para-estudios-de-master-en-francia\/241346?utm_source=boletin&amp;utm_medium=email-click&amp;utm_campaign=alertabecas\" target=\"_blank\" rel=\"noopener\">ver m\u00e1s<\/a><\/li>\n<li>Becas Icetex para estudios de m\u00e1ster o doctorado en Hungr\u00eda | <a href=\"http:\/\/becas.universia.net.co\/beca\/becas-icetex-para-estudios-de-master-o-doctorado-en-hungria\/241344?utm_source=boletin&amp;utm_medium=email-click&amp;utm_campaign=alertabecas\" target=\"_blank\" rel=\"noopener\">ver m\u00e1s<\/a><\/li>\n<li>Becas Icetex para estudiar en Hungr\u00eda | <a href=\"http:\/\/becas.universia.net.co\/beca\/becas-icetex-para-estudiar-en-hungria\/241342?utm_source=boletin&amp;utm_medium=email-click&amp;utm_campaign=alertabecas\" target=\"_blank\" rel=\"noopener\">ver m\u00e1s<\/a><\/li>\n<li>Becas internacionales para estudios de grado o posgrados en Rumania | <a href=\"http:\/\/becas.universia.net.co\/beca\/becas-internacionales-para-estudios-de-grado-o-postgrado-en-rumania\/241038?utm_source=boletin&amp;utm_medium=email-click&amp;utm_campaign=alertabecas\" target=\"_blank\" rel=\"noopener\">ver m\u00e1s<\/a><\/li>\n<li>Becas para estudios de grado o posgrado en Rep\u00fablica Checa | <a href=\"http:\/\/becas.universia.net.co\/beca\/becas-para-estudios-de-grado-o-posgrado-en-republica-checa\/241049?utm_source=boletin&amp;utm_medium=email-click&amp;utm_campaign=alertabecas\" target=\"_blank\" rel=\"noopener\">ver m\u00e1s<\/a><\/li>\n<li>Becas internacionales para estudiar un m\u00e1ster en Reino Unido | <a href=\"http:\/\/becas.universia.net.co\/beca\/becas-internacionales-para-estudiar-un-master-en-reino-unido\/241360?utm_source=boletin&amp;utm_medium=email-click&amp;utm_campaign=alertabecas\" target=\"_blank\" rel=\"noopener\">ver m\u00e1s<\/a><\/li>\n<li>Beca OEA para estudios de posgrado | <a href=\"http:\/\/becas.universia.net.co\/beca\/becas-oea-para-estudios-de-postgrado\/241425?utm_source=boletin&amp;utm_medium=email-click&amp;utm_campaign=alertabecas\" target=\"_blank\" rel=\"noopener\">ver m\u00e1s<\/a><\/li>\n<li>Becas para cursar un m\u00e1ster en Suecia | <a href=\"http:\/\/becas.universia.net.co\/beca\/becas-para-cursar-un-master-en-suecia\/241492?utm_source=boletin&amp;utm_medium=email-click&amp;utm_campaign=alertabecas\" target=\"_blank\" rel=\"noopener\">ver m\u00e1s<\/a><\/li>\n<li>Becas OEA para estudios de m\u00e1ster a distancia | <a href=\"http:\/\/becas.universia.net.co\/beca\/becas-oea-para-estudios-de-master-a-distancia\/241446?utm_source=boletin&amp;utm_medium=email-click&amp;utm_campaign=alertabecas\" target=\"_blank\" rel=\"noopener\">ver m\u00e1s<\/a><\/li>\n<li>Becas para estudios de posgrado en Dise\u00f1o en Italia | <a href=\"http:\/\/becas.universia.net.co\/beca\/becas-para-estudios-de-posgrado-en-diseno-en-italia\/241586?utm_source=boletin&amp;utm_medium=email-click&amp;utm_campaign=alertabecas\" target=\"_blank\" rel=\"noopener\">ver m\u00e1s<\/a><\/li>\n<li>Beca para estudios de grado en Reino Unido | <a href=\"http:\/\/becas.universia.net.co\/beca\/beca-para-estudios-de-grado-en-reino-unido\/241382?utm_source=boletin&amp;utm_medium=email-click&amp;utm_campaign=alertabecas\" target=\"_blank\" rel=\"noopener\">ver m\u00e1s<\/a><\/li>\n<li>Becas para estudiar en Estados Unidos el programa W30 | <a href=\"http:\/\/becas.universia.net.co\/beca\/becas-para-estudiar-en-estados-unidos-el-programa-w30\/241172?utm_source=boletin&amp;utm_medium=email-click&amp;utm_campaign=alertabecas\" target=\"_blank\" rel=\"noopener\">ver m\u00e1s<\/a><\/li>\n<li>Becas Erasmus-Mundus para estudiar en el extrajero | <a href=\"http:\/\/becas.universia.net.co\/beca\/becas-erasmus-mundus-para-estudiar-en-el-extrajero\/241524?utm_source=boletin&amp;utm_medium=email-click&amp;utm_campaign=alertabecas\" target=\"_blank\" rel=\"noopener\">ver m\u00e1s<\/a><\/li>\n<li>Becas EDAE para estudiar Maestr\u00edas en Conciliaci\u00f3n Mediaci\u00f3n y Servicios Sociales | <a href=\"http:\/\/becas.universia.net.co\/beca\/becas-edae-para-estudiar-maestrias-en-conciliacion-mediacion-y-servicios-sociales\/241562?utm_source=boletin&amp;utm_medium=email-click&amp;utm_campaign=alertabecas\" target=\"_blank\" rel=\"noopener\">ver m\u00e1s<\/a><\/li>\n<\/ul>\n<\/div>\n<\/div>\n<\/div>\n<\/div>\n<h3>PAME- UDUAL<\/h3>\n<p>El Programa Acad\u00e9mico de Movilidad Educativa &#8211; PAME realizado en el marco de la Uni\u00f3n de Universidades de Am\u00e9rica Latina y el Caribe &#8211; UDUAL, de los cuales la Universidad Cat\u00f3lica de Colombia es participante, ofrece la posibilidad de realizar movilidad de estudiantes con m\u00e1s de 80 universidade de pa\u00edses como Argentina, Bolivia, Brasil, Colombia, Ecuador, Honduras, M\u00e9xico, Nicaragua, Per\u00fa, El Salvador y Uruguay.<br \/>\nEl Programa contempla que cada universidad debe ofrecer a un grupo determinado de instituciones llamado Red Acad\u00e9mica de Movilidad RAM, 5 becas parciales, las cuales solo cubren los costos de matr\u00edcula de sus estudios y 5 becas amplias, en las que se cubre adem\u00e1s de la matr\u00edcula, el alojamiento y la alimentaci\u00f3n.<\/p>\n<p class=\"note\">Para aplicar debes esperar al lanzamiento de las convocatorias en Ucat\u00f3lica.<\/p>\n<h3>Bracol<\/h3>\n<p>El programa BRACOL es un acuerdo espec\u00edfico firmado entre la Asociaci\u00f3n Colombiana de Universidades (ASCUN) y el Grupo Coimbra de Dirigentes de Universidades Brasile\u00f1as (GCUB), el cual busca promover el intercambio de estudiantes de nivel superior entre Colombia y Brasil, ofreciendo becas que cubren alimentaci\u00f3n y alojamiento.<\/p>\n<p class=\"note\">Para aplicar debes esperar al lanzamiento de las convocatorias en Ucat\u00f3lica.<\/p>\n<p><!--\n\n\n<h3>British Council<\/h3>\n\n\nEl British Council invita a la Feria de Posgrados Education UK 2015 que se realizar\u00e1 el 22 de octubre en la ciudad de Medell\u00edn y el 24 de octubre en Bogot\u00e1 y contar\u00e1 con la presencia de la Embajada Brit\u00e1nica, ICETEX, COLFUTURO, UK Visas, Becas Chevening y RedBrit <a href=\"http:\/\/campaign.r20.constantcontact.com\/render?ca=55977a75-e052-4ec3-80bf-acaf3c348544&c=016a6d50-d29c-11e3-9e6d-d4ae527b895a&ch=01fee520-d29c-11e3-9ef2-d4ae527b895a\" target=\"_blank\" rel=\"noopener\">ampliar la informaci\u00f3n<\/a>\n<a href=\"http:\/\/www.britishcouncil.co\/events\/education-uk-feria-posgrados\" target=\"_blank\" rel=\"noopener\">P\u00e1gina web del evento<\/a>\n\n\n<h3>Universidad Paulista- UNIP- Sao Paulo<\/h3>\n\n\nHasta el 18 de octubre se puede solicitar informaci\u00f3n para los interesados en inscribirse en el programa de becas parciales de estudios para laUniversidad Paulista \u2013UNIP- en S\u00e3o Paulo, Brasil <a href=\"http:\/\/www.unip.br\" target=\"_blank\" rel=\"noopener\">www.unip.br<\/a>\nLa UNIP es una universidad que intenta atraer a alumnos de todo el mundo. Las becas de estudios se refieren a programas intensivos de tres semanas y corresponden a la reducci\u00f3n del 70% del costo de estos. El objetivo de los programas es ofrecer la oportunidad al alumno de conocer el contexto econ\u00f3mico, de negocios y empresarial de Brasil, en conjunto con el desenvolvimiento del ingl\u00e9s y tener una experiencia internacional con los j\u00f3venes profesionales de hoy en d\u00eda.\nProceso selectivo para obtener la beca parcial de estudios:\nLos alumnos deber\u00e1n solicitar m\u00e1s informaciones sobre el curso y criterios de concesi\u00f3n de las becas por medio del correo electr\u00f3nico brittoprofesor@gmail.com antes del d\u00eda 18 de Octubre de 2015. Enviaremos a los interesados folletos electr\u00f3nicos con la descripci\u00f3n detallada del programa, con toda la informaci\u00f3n, as\u00ed como el formulario espec\u00edfico para la solicitud de la beca.\n--><br \/>\n<!-- Datos de contacto --><\/p>\n<h5 class=\"eip\">Oficina de Relaciones Internacionales e Interinstitucionales<\/h5>\n<p class=\"cont\">Diagonal 46 A # 15 B \u2013 10, sede Claustro<br \/>\nTel\u00e9fono: (601) 4433700 Ext. 3280, 3281 y 3283<br \/>\nrelacionesinternacionales@ucatolica.edu.co<\/p>\n","protected":false},"excerpt":{"rendered":"<p>Becas &nbsp; ICETEX Es el Instituto Colombiano de Cr\u00e9dito Educativo y Estudios T\u00e9cnicos en el Exterior. ICETEX Es una instituci\u00f3n Colombiana que est\u00e1 destinada a promover la educaci\u00f3n superior en Colombia a trav\u00e9s del otorgamiento de cr\u00e9ditos educativos y su recaudo, con recursos propios o de terceros, a la poblaci\u00f3n con menores posibilidades econ\u00f3micas y [&hellip;]<\/p>\n","protected":false},"author":2,"featured_media":0,"parent":0,"menu_order":0,"comment_status":"closed","ping_status":"closed","template":"page-oldstyle.php","meta":{"_acf_changed":false,"advgb_blocks_editor_width":"","advgb_blocks_columns_visual_guide":"","footnotes":""},"class_list":["post-811","page","type-page","status-publish","hentry"],"acf":[],"yoast_head":"<!-- This site is optimized with the Yoast SEO plugin v26.7 - https:\/\/yoast.com\/wordpress\/plugins\/seo\/ -->\n<title>Becas - Universidad Cat\u00f3lica De Colombia<\/title>\n<meta name=\"robots\" content=\"index, follow, max-snippet:-1, max-image-preview:large, max-video-preview:-1\" \/>\n<link rel=\"canonical\" href=\"https:\/\/www.ucatolica.edu.co\/portal\/becas\/\" \/>\n<meta property=\"og:locale\" content=\"es_ES\" \/>\n<meta property=\"og:type\" content=\"article\" \/>\n<meta property=\"og:title\" content=\"Becas - Universidad Cat\u00f3lica De Colombia\" \/>\n<meta property=\"og:description\" content=\"Becas &nbsp; ICETEX Es el Instituto Colombiano de Cr\u00e9dito Educativo y Estudios T\u00e9cnicos en el Exterior. ICETEX Es una instituci\u00f3n Colombiana que est\u00e1 destinada a promover la educaci\u00f3n superior en Colombia a trav\u00e9s del otorgamiento de cr\u00e9ditos educativos y su recaudo, con recursos propios o de terceros, a la poblaci\u00f3n con menores posibilidades econ\u00f3micas y [&hellip;]\" \/>\n<meta property=\"og:url\" content=\"https:\/\/www.ucatolica.edu.co\/portal\/becas\/\" \/>\n<meta property=\"og:site_name\" content=\"Universidad Cat\u00f3lica De Colombia\" \/>\n<meta property=\"article:publisher\" content=\"https:\/\/www.facebook.com\/ucatolicacolombia\" \/>\n<meta name=\"twitter:card\" content=\"summary_large_image\" \/>\n<meta name=\"twitter:site\" content=\"@UCatolicaCol\" \/>\n<meta name=\"twitter:label1\" content=\"Tiempo de lectura\" \/>\n\t<meta name=\"twitter:data1\" content=\"4 minutos\" \/>\n<script type=\"application\/ld+json\" class=\"yoast-schema-graph\">{\"@context\":\"https:\/\/schema.org\",\"@graph\":[{\"@type\":\"WebPage\",\"@id\":\"https:\/\/www.ucatolica.edu.co\/portal\/becas\/\",\"url\":\"https:\/\/www.ucatolica.edu.co\/portal\/becas\/\",\"name\":\"Becas - Universidad Cat\u00f3lica De Colombia\",\"isPartOf\":{\"@id\":\"https:\/\/www.ucatolica.edu.co\/portal\/#website\"},\"datePublished\":\"2018-08-28T20:09:47+00:00\",\"breadcrumb\":{\"@id\":\"https:\/\/www.ucatolica.edu.co\/portal\/becas\/#breadcrumb\"},\"inLanguage\":\"es-CO\",\"potentialAction\":[{\"@type\":\"ReadAction\",\"target\":[\"https:\/\/www.ucatolica.edu.co\/portal\/becas\/\"]}]},{\"@type\":\"BreadcrumbList\",\"@id\":\"https:\/\/www.ucatolica.edu.co\/portal\/becas\/#breadcrumb\",\"itemListElement\":[{\"@type\":\"ListItem\",\"position\":1,\"name\":\"Inicio\",\"item\":\"https:\/\/www.ucatolica.edu.co\/portal\/\"},{\"@type\":\"ListItem\",\"position\":2,\"name\":\"Becas\"}]},{\"@type\":\"WebSite\",\"@id\":\"https:\/\/www.ucatolica.edu.co\/portal\/#website\",\"url\":\"https:\/\/www.ucatolica.edu.co\/portal\/\",\"name\":\"Universidad Cat\u00f3lica De Colombia\",\"description\":\"Universidad Cat\u00f3lica De Colombia\",\"publisher\":{\"@id\":\"https:\/\/www.ucatolica.edu.co\/portal\/#organization\"},\"potentialAction\":[{\"@type\":\"SearchAction\",\"target\":{\"@type\":\"EntryPoint\",\"urlTemplate\":\"https:\/\/www.ucatolica.edu.co\/portal\/?s={search_term_string}\"},\"query-input\":{\"@type\":\"PropertyValueSpecification\",\"valueRequired\":true,\"valueName\":\"search_term_string\"}}],\"inLanguage\":\"es-CO\"},{\"@type\":\"Organization\",\"@id\":\"https:\/\/www.ucatolica.edu.co\/portal\/#organization\",\"name\":\"Universidad Cat\u00f3lica de Colombia\",\"url\":\"https:\/\/www.ucatolica.edu.co\/portal\/\",\"logo\":{\"@type\":\"ImageObject\",\"inLanguage\":\"es-CO\",\"@id\":\"https:\/\/www.ucatolica.edu.co\/portal\/#\/schema\/logo\/image\/\",\"url\":\"https:\/\/www.ucatolica.edu.co\/portal\/wp-content\/uploads\/2021\/06\/logo-header-ho-1.svg\",\"contentUrl\":\"https:\/\/www.ucatolica.edu.co\/portal\/wp-content\/uploads\/2021\/06\/logo-header-ho-1.svg\",\"width\":1,\"height\":1,\"caption\":\"Universidad Cat\u00f3lica de Colombia\"},\"image\":{\"@id\":\"https:\/\/www.ucatolica.edu.co\/portal\/#\/schema\/logo\/image\/\"},\"sameAs\":[\"https:\/\/www.facebook.com\/ucatolicacolombia\",\"https:\/\/x.com\/UCatolicaCol\",\"https:\/\/www.instagram.com\/universidadcatolicadecolombia\/\",\"https:\/\/www.linkedin.com\/company\/universidadcatolicadecolombia\/\",\"https:\/\/www.youtube.com\/user\/UCatolicaCo\"]}]}<\/script>\n<!-- \/ Yoast SEO plugin. -->","yoast_head_json":{"title":"Becas - Universidad Cat\u00f3lica De Colombia","robots":{"index":"index","follow":"follow","max-snippet":"max-snippet:-1","max-image-preview":"max-image-preview:large","max-video-preview":"max-video-preview:-1"},"canonical":"https:\/\/www.ucatolica.edu.co\/portal\/becas\/","og_locale":"es_ES","og_type":"article","og_title":"Becas - Universidad Cat\u00f3lica De Colombia","og_description":"Becas &nbsp; ICETEX Es el Instituto Colombiano de Cr\u00e9dito Educativo y Estudios T\u00e9cnicos en el Exterior. ICETEX Es una instituci\u00f3n Colombiana que est\u00e1 destinada a promover la educaci\u00f3n superior en Colombia a trav\u00e9s del otorgamiento de cr\u00e9ditos educativos y su recaudo, con recursos propios o de terceros, a la poblaci\u00f3n con menores posibilidades econ\u00f3micas y [&hellip;]","og_url":"https:\/\/www.ucatolica.edu.co\/portal\/becas\/","og_site_name":"Universidad Cat\u00f3lica De Colombia","article_publisher":"https:\/\/www.facebook.com\/ucatolicacolombia","twitter_card":"summary_large_image","twitter_site":"@UCatolicaCol","twitter_misc":{"Tiempo de lectura":"4 minutos"},"schema":{"@context":"https:\/\/schema.org","@graph":[{"@type":"WebPage","@id":"https:\/\/www.ucatolica.edu.co\/portal\/becas\/","url":"https:\/\/www.ucatolica.edu.co\/portal\/becas\/","name":"Becas - Universidad Cat\u00f3lica De Colombia","isPartOf":{"@id":"https:\/\/www.ucatolica.edu.co\/portal\/#website"},"datePublished":"2018-08-28T20:09:47+00:00","breadcrumb":{"@id":"https:\/\/www.ucatolica.edu.co\/portal\/becas\/#breadcrumb"},"inLanguage":"es-CO","potentialAction":[{"@type":"ReadAction","target":["https:\/\/www.ucatolica.edu.co\/portal\/becas\/"]}]},{"@type":"BreadcrumbList","@id":"https:\/\/www.ucatolica.edu.co\/portal\/becas\/#breadcrumb","itemListElement":[{"@type":"ListItem","position":1,"name":"Inicio","item":"https:\/\/www.ucatolica.edu.co\/portal\/"},{"@type":"ListItem","position":2,"name":"Becas"}]},{"@type":"WebSite","@id":"https:\/\/www.ucatolica.edu.co\/portal\/#website","url":"https:\/\/www.ucatolica.edu.co\/portal\/","name":"Universidad Cat\u00f3lica De Colombia","description":"Universidad Cat\u00f3lica De Colombia","publisher":{"@id":"https:\/\/www.ucatolica.edu.co\/portal\/#organization"},"potentialAction":[{"@type":"SearchAction","target":{"@type":"EntryPoint","urlTemplate":"https:\/\/www.ucatolica.edu.co\/portal\/?s={search_term_string}"},"query-input":{"@type":"PropertyValueSpecification","valueRequired":true,"valueName":"search_term_string"}}],"inLanguage":"es-CO"},{"@type":"Organization","@id":"https:\/\/www.ucatolica.edu.co\/portal\/#organization","name":"Universidad Cat\u00f3lica de Colombia","url":"https:\/\/www.ucatolica.edu.co\/portal\/","logo":{"@type":"ImageObject","inLanguage":"es-CO","@id":"https:\/\/www.ucatolica.edu.co\/portal\/#\/schema\/logo\/image\/","url":"https:\/\/www.ucatolica.edu.co\/portal\/wp-content\/uploads\/2021\/06\/logo-header-ho-1.svg","contentUrl":"https:\/\/www.ucatolica.edu.co\/portal\/wp-content\/uploads\/2021\/06\/logo-header-ho-1.svg","width":1,"height":1,"caption":"Universidad Cat\u00f3lica de Colombia"},"image":{"@id":"https:\/\/www.ucatolica.edu.co\/portal\/#\/schema\/logo\/image\/"},"sameAs":["https:\/\/www.facebook.com\/ucatolicacolombia","https:\/\/x.com\/UCatolicaCol","https:\/\/www.instagram.com\/universidadcatolicadecolombia\/","https:\/\/www.linkedin.com\/company\/universidadcatolicadecolombia\/","https:\/\/www.youtube.com\/user\/UCatolicaCo"]}]}},"coauthors":[],"author_meta":{"author_link":"https:\/\/www.ucatolica.edu.co\/portal\/author\/carrnall\/","display_name":"Carlos Zea"},"relative_dates":{"created":"Posted 8 a\u00f1os ago","modified":"Updated 8 a\u00f1os ago"},"absolute_dates":{"created":"Posted on 28 agosto, 2018","modified":"Updated on 28 agosto, 2018"},"absolute_dates_time":{"created":"Posted on 28 agosto, 2018 3:09 pm","modified":"Updated on 28 agosto, 2018 3:09 pm"},"featured_img_caption":"","featured_img":false,"series_order":"","_links":{"self":[{"href":"https:\/\/www.ucatolica.edu.co\/portal\/wp-json\/wp\/v2\/pages\/811","targetHints":{"allow":["GET"]}}],"collection":[{"href":"https:\/\/www.ucatolica.edu.co\/portal\/wp-json\/wp\/v2\/pages"}],"about":[{"href":"https:\/\/www.ucatolica.edu.co\/portal\/wp-json\/wp\/v2\/types\/page"}],"author":[{"embeddable":true,"href":"https:\/\/www.ucatolica.edu.co\/portal\/wp-json\/wp\/v2\/users\/2"}],"replies":[{"embeddable":true,"href":"https:\/\/www.ucatolica.edu.co\/portal\/wp-json\/wp\/v2\/comments?post=811"}],"version-history":[{"count":0,"href":"https:\/\/www.ucatolica.edu.co\/portal\/wp-json\/wp\/v2\/pages\/811\/revisions"}],"wp:attachment":[{"href":"https:\/\/www.ucatolica.edu.co\/portal\/wp-json\/wp\/v2\/media?parent=811"}],"curies":[{"name":"wp","href":"https:\/\/api.w.org\/{rel}","templated":true}]}}