{"id":81589,"date":"2022-12-07T17:45:04","date_gmt":"2022-12-07T22:45:04","guid":{"rendered":"https:\/\/www.ucatolica.edu.co\/portal\/?page_id=81589"},"modified":"2026-01-19T12:08:18","modified_gmt":"2026-01-19T17:08:18","slug":"equipo-docente-facultad-de-ingenieria","status":"publish","type":"page","link":"https:\/\/www.ucatolica.edu.co\/portal\/equipo-docente-facultad-de-ingenieria\/","title":{"rendered":"Equipo Profesor Facultad de Ingenier\u00eda"},"content":{"rendered":"\t\t<div data-elementor-type=\"wp-page\" data-elementor-id=\"81589\" class=\"elementor elementor-81589\" data-elementor-post-type=\"page\">\n\t\t\t\t\t\t<section class=\"elementor-section elementor-top-section elementor-element elementor-element-942506e elementor-section-boxed elementor-section-height-default elementor-section-height-default\" data-id=\"942506e\" data-element_type=\"section\" data-e-type=\"section\">\n\t\t\t\t\t\t<div class=\"elementor-container elementor-column-gap-default\">\n\t\t\t\t\t<div class=\"elementor-column elementor-col-50 elementor-top-column elementor-element elementor-element-69a37b09\" data-id=\"69a37b09\" data-element_type=\"column\" data-e-type=\"column\">\n\t\t\t<div class=\"elementor-widget-wrap elementor-element-populated\">\n\t\t\t\t\t\t<div class=\"elementor-element elementor-element-695408ce elementor-widget elementor-widget-image\" data-id=\"695408ce\" data-element_type=\"widget\" data-e-type=\"widget\" data-widget_type=\"image.default\">\n\t\t\t\t<div class=\"elementor-widget-container\">\n\t\t\t\t\t\t\t\t\t\t\t\t\t\t\t<img fetchpriority=\"high\" decoding=\"async\" width=\"666\" height=\"1000\" src=\"https:\/\/www.ucatolica.edu.co\/portal\/wp-content\/uploads\/2021\/07\/docente.jpeg\" class=\"attachment-large size-large wp-image-51729\" alt=\"\" \/>\t\t\t\t\t\t\t\t\t\t\t\t\t\t\t<\/div>\n\t\t\t\t<\/div>\n\t\t\t\t\t<\/div>\n\t\t<\/div>\n\t\t\t\t<div class=\"elementor-column elementor-col-50 elementor-top-column elementor-element elementor-element-261bda70\" data-id=\"261bda70\" data-element_type=\"column\" data-e-type=\"column\">\n\t\t\t<div class=\"elementor-widget-wrap elementor-element-populated\">\n\t\t\t\t\t\t<div class=\"elementor-element elementor-element-53b8f34 elementor-widget elementor-widget-heading\" data-id=\"53b8f34\" data-element_type=\"widget\" data-e-type=\"widget\" data-widget_type=\"heading.default\">\n\t\t\t\t<div class=\"elementor-widget-container\">\n\t\t\t\t\t<h1 class=\"elementor-heading-title elementor-size-default\">Nuestro cuerpo profesoral<br>\nFacultad de ingenier\u00eda<\/h1>\t\t\t\t<\/div>\n\t\t\t\t<\/div>\n\t\t\t\t\t<\/div>\n\t\t<\/div>\n\t\t\t\t\t<\/div>\n\t\t<\/section>\n\t\t\t\t<section class=\"elementor-section elementor-top-section elementor-element elementor-element-9a66b1e elementor-section-boxed elementor-section-height-default elementor-section-height-default\" data-id=\"9a66b1e\" data-element_type=\"section\" data-e-type=\"section\">\n\t\t\t\t\t\t<div class=\"elementor-container elementor-column-gap-default\">\n\t\t\t\t\t<div class=\"elementor-column elementor-col-100 elementor-top-column elementor-element elementor-element-106ac8b\" data-id=\"106ac8b\" data-element_type=\"column\" data-e-type=\"column\">\n\t\t\t<div class=\"elementor-widget-wrap elementor-element-populated\">\n\t\t\t\t\t\t<div class=\"elementor-element elementor-element-d4be888 elementor-tabs-alignment-stretch elementor-tabs-view-horizontal elementor-widget elementor-widget-tabs\" data-id=\"d4be888\" data-element_type=\"widget\" data-e-type=\"widget\" data-widget_type=\"tabs.default\">\n\t\t\t\t<div class=\"elementor-widget-container\">\n\t\t\t\t\t\t\t<div class=\"elementor-tabs\">\n\t\t\t<div class=\"elementor-tabs-wrapper\" role=\"tablist\" >\n\t\t\t\t\t\t\t\t\t<div id=\"elementor-tab-title-2231\" class=\"elementor-tab-title elementor-tab-desktop-title\" aria-selected=\"true\" data-tab=\"1\" role=\"tab\" tabindex=\"0\" aria-controls=\"elementor-tab-content-2231\" aria-expanded=\"false\">Ingenier\u00eda de Sistemas y Computaci\u00f3n<\/div>\n\t\t\t\t\t\t\t\t\t<div id=\"elementor-tab-title-2232\" class=\"elementor-tab-title elementor-tab-desktop-title\" aria-selected=\"false\" data-tab=\"2\" role=\"tab\" tabindex=\"-1\" aria-controls=\"elementor-tab-content-2232\" aria-expanded=\"false\">Ingenier\u00eda Civil<\/div>\n\t\t\t\t\t\t\t\t\t<div id=\"elementor-tab-title-2233\" class=\"elementor-tab-title elementor-tab-desktop-title\" aria-selected=\"false\" data-tab=\"3\" role=\"tab\" tabindex=\"-1\" aria-controls=\"elementor-tab-content-2233\" aria-expanded=\"false\">Ingenier\u00eda Industrial<\/div>\n\t\t\t\t\t\t\t<\/div>\n\t\t\t<div class=\"elementor-tabs-content-wrapper\" role=\"tablist\" aria-orientation=\"vertical\">\n\t\t\t\t\t\t\t\t\t<div class=\"elementor-tab-title elementor-tab-mobile-title\" aria-selected=\"true\" data-tab=\"1\" role=\"tab\" tabindex=\"0\" aria-controls=\"elementor-tab-content-2231\" aria-expanded=\"false\">Ingenier\u00eda de Sistemas y Computaci\u00f3n<\/div>\n\t\t\t\t\t<div id=\"elementor-tab-content-2231\" class=\"elementor-tab-content elementor-clearfix\" data-tab=\"1\" role=\"tabpanel\" aria-labelledby=\"elementor-tab-title-2231\" tabindex=\"0\" hidden=\"false\"><h2 style=\"font-weight: bold; color: #303d55; margin-bottom: 32px;\">Ingenier\u00eda de Sistemas y Computaci\u00f3n<\/h2><p class=\"docentesTemp\">ACOSTA CIPAGAUTA CHRISTIAN<\/p><p class=\"docentesTemp\">JOHNATAN<\/p><p class=\"docentesTemp\">BARRERO JUAN CARLOS<\/p><p class=\"docentesTemp\">BOL\u00cdVAR BAR\u00d3N HOLMAN DIEGO<\/p><p class=\"docentesTemp\">BLANCO CARLOS MAURICIO<\/p><p class=\"docentesTemp\">CANOVA GARC\u00cdA WALDER DE JES\u00daS<\/p><p class=\"docentesTemp\">FRANCO TRIANA HUGO<\/p><p class=\"docentesTemp\">GALVIS MOTOA SERGIO IV\u00c1N<\/p><p class=\"docentesTemp\">JAIMES PARADA HECTOR DARIO<\/p><p class=\"docentesTemp\">PARDO FREDY ERNESTO<\/p><p class=\"docentesTemp\">PATERNINA DURAN JESUS MANUEL<\/p><p class=\"docentesTemp\">PEREZ GONZALEZ JAIME FERNANDO<\/p><p class=\"docentesTemp\">ROMERO DIEGO ALEXIS<\/p><p class=\"docentesTemp\">TRIANA BUSTOS SANTOS PLINIO<\/p><p class=\"docentesTemp\">VELANDIA VEGA JHON ALEXANDER<\/p><p class=\"docentesTemp\">PRIETO TUNJANO JOSE JOAQUIN<\/p><p class=\"docentesTemp\">NAVARRO BELTRAN JUAN CARLOS<\/p><p class=\"docentesTemp\">RODRIGUEZ RODRIGUEZ GERMAN \u00a0RICARDO<\/p><p class=\"docentesTemp\">BAEZ MANCERA MANUEL EBERTO<\/p><p class=\"docentesTemp\">AVILA DIAZ WILLIAM DARIO<\/p><p class=\"docentesTemp\">ROZO MONTANA RAFAEL AUGUSTO<\/p><p class=\"docentesTemp\">SERRANO \u00c1NGEL JOS\u00c9<\/p><p class=\"docentesTemp\">DELGADILLO BELTR\u00c1N JUAN CARLOS<\/p><p class=\"docentesTemp\">POLAN\u00cdA REINA YEZID ORLANDO<\/p><p class=\"docentesTemp\">CASTRO MUNAR VERONICA<\/p><p class=\"docentesTemp\">LE\u00d3N ANA ROCIO<\/p><p class=\"docentesTemp\">GONZ\u00c1LEZ GONZALEZ CESAR ORLANDO<\/p><p class=\"docentesTemp\">OSPINA RODRIGUEZ PABLO<\/p><p class=\"docentesTemp\">ARANDA FERN\u00c1NDEZ RODRIGO<\/p><p class=\"docentesTemp\">JAVIER MAURICIO SIERRA<\/p><\/div>\n\t\t\t\t\t\t\t\t\t<div class=\"elementor-tab-title elementor-tab-mobile-title\" aria-selected=\"false\" data-tab=\"2\" role=\"tab\" tabindex=\"-1\" aria-controls=\"elementor-tab-content-2232\" aria-expanded=\"false\">Ingenier\u00eda Civil<\/div>\n\t\t\t\t\t<div id=\"elementor-tab-content-2232\" class=\"elementor-tab-content elementor-clearfix\" data-tab=\"2\" role=\"tabpanel\" aria-labelledby=\"elementor-tab-title-2232\" tabindex=\"0\" hidden=\"hidden\"><h2 style=\"font-weight: bold; color: #303d55; margin-bottom: 32px;\">Ingenier\u00eda Civil<\/h2><p class=\"docentesTemp\">C\u00c1RDENAS PULIDO JHON WILMAR<\/p><p class=\"docentesTemp\">CARTAGENA LINARES CARLOS JULIO<\/p><p class=\"docentesTemp\">CUBIDES GUERRERO PABLO ANDRES<\/p><p class=\"docentesTemp\">CUERVO AR\u00c9VALO JUAN FERNANDO<\/p><p class=\"docentesTemp\">DURAN SANTANA LEANDRO<\/p><p class=\"docentesTemp\">HIGUERA FL\u00d3REZ HECTOR CAMILO<\/p><p class=\"docentesTemp\">MUNAR MART\u00cdNEZ WILLIAM MATEO<\/p><p class=\"docentesTemp\">NEMOC\u00d3N RUIZ MARISOL<\/p><p class=\"docentesTemp\">SALDE\u00d1O MADERO YELINCA<\/p><p class=\"docentesTemp\">TORRES PARRA CAMILO ALBERTO<\/p><p class=\"docentesTemp\">JARAMILLO MONROY CAMILA<\/p><p class=\"docentesTemp\">MARIM\u00d3N BOL\u00cdVAR WILFREDO<\/p><p class=\"docentesTemp\">RUGE C\u00c1RDENAS JUAN CARLOS<\/p><p class=\"docentesTemp\">SALGADO BONNET JORGE<\/p><p class=\"docentesTemp\">PINEDA SIERRA JUAN CAMILO<\/p><p class=\"docentesTemp\">AVILA SANCHEZ YEISON ANDRES<\/p><p class=\"docentesTemp\">BUSTOS CASTA\u00d1EDA HENRY YECID<\/p><p class=\"docentesTemp\">CASTRO PI\u00d1ERES ROGELIO ENRIQUE<\/p><p class=\"docentesTemp\">IBA\u00d1EZ ALVARADO CARLOS ANDRES<\/p><p class=\"docentesTemp\">PE\u00d1A VARGAS JAIRO ARMANDO<\/p><p class=\"docentesTemp\">RODRIGUEZ LOAIZA MARLON JASID<\/p><p class=\"docentesTemp\">SAADE ROPA\u00cdN FABI\u00c1N ALFREDO<\/p><p class=\"docentesTemp\">S\u00c1NCHEZ DUR\u00c1N JUAN MIGUEL<\/p><p class=\"docentesTemp\">VELANDIA BUITRAGO MILDREY ANDREA<\/p><p class=\"docentesTemp\">CHAVARRO D\u00cdAZ JOHN ALEXANDER<\/p><p class=\"docentesTemp\">CORTES QUINTERO GUILLERMO LE\u00d3N<\/p><p class=\"docentesTemp\">VALENCIA SIERRA JAVIER<\/p><p class=\"docentesTemp\">AYALA BOHORQUEZ JEFFERSON ARLES<\/p><p class=\"docentesTemp\">OSORIO CASTELLANOS ANGIE VIVIANA<\/p><p class=\"docentesTemp\">HIGUERA FLOREZ HECTOR CAMILO<\/p><\/div>\n\t\t\t\t\t\t\t\t\t<div class=\"elementor-tab-title elementor-tab-mobile-title\" aria-selected=\"false\" data-tab=\"3\" role=\"tab\" tabindex=\"-1\" aria-controls=\"elementor-tab-content-2233\" aria-expanded=\"false\">Ingenier\u00eda Industrial<\/div>\n\t\t\t\t\t<div id=\"elementor-tab-content-2233\" class=\"elementor-tab-content elementor-clearfix\" data-tab=\"3\" role=\"tabpanel\" aria-labelledby=\"elementor-tab-title-2233\" tabindex=\"0\" hidden=\"hidden\"><h2 style=\"font-weight: bold; color: #303d55; margin-bottom: 32px;\">Ingenier\u00eda Industrial<\/h2>\n<p class=\"docentesTemp\">BILBAO CORTES CORNELIO ERNESTO<\/p>\n<p class=\"docentesTemp\">JIM\u00c9NEZ CARRANZA CLAUDIA CONSTANZA<\/p>\n<p class=\"docentesTemp\">LONDO\u00d1O GALINDO FABIO ENRIQUE<\/p>\n<p class=\"docentesTemp\">MONTOYA TORRES JACID<\/p>\n<p class=\"docentesTemp\">MORENO BAQUERO FABIAN ANDR\u00c9S<\/p>\n<p class=\"docentesTemp\">SANDOVAL SANDOVAL JOSE LUIS<\/p>\n<p class=\"docentesTemp\">SU\u00c1REZ CALDER\u00d3N EDY ARTURO<\/p>\n<p class=\"docentesTemp\">YEPES GONZ\u00c1LEZ NELSON VLADIMIR<\/p>\n<p class=\"docentesTemp\">APONTE ESCOBAR REN\u00c9 ALEJANDRO<\/p>\n<p class=\"docentesTemp\">ARANDA PINILLA JOHAN ALEXANDER<\/p>\n<p class=\"docentesTemp\">DIAZ ORTIZ JAIME<\/p>\n<p class=\"docentesTemp\">G\u00d3MEZ MONTERO GUSTAVO ANDRES<\/p>\n<p class=\"docentesTemp\">HUERTAS FORERO ISAAC<\/p>\n<p class=\"docentesTemp\">MASMELA GONZ\u00c1LEZ CARLOS ENRIQUE<\/p>\n<p class=\"docentesTemp\">MORENO GUALTERO BRYAN<\/p>\n<p class=\"docentesTemp\">NARANJO GAITAN IV\u00c1N MAURICIO<\/p>\n<p class=\"docentesTemp\">ROBAYO ALFONSO SANDRA MABEL<\/p><\/div>\n\t\t\t\t\t\t\t<\/div>\n\t\t<\/div>\n\t\t\t\t\t\t<\/div>\n\t\t\t\t<\/div>\n\t\t\t\t\t<\/div>\n\t\t<\/div>\n\t\t\t\t\t<\/div>\n\t\t<\/section>\n\t\t\t\t<\/div>\n\t\t","protected":false},"excerpt":{"rendered":"<p>Nuestro cuerpo profesoral Facultad de ingenier\u00eda Ingenier\u00eda de Sistemas y Computaci\u00f3n Ingenier\u00eda Civil Ingenier\u00eda Industrial Ingenier\u00eda de Sistemas y Computaci\u00f3n Ingenier\u00eda de Sistemas y Computaci\u00f3n ACOSTA CIPAGAUTA CHRISTIAN JOHNATAN BARRERO JUAN CARLOS BOL\u00cdVAR BAR\u00d3N HOLMAN DIEGO BLANCO CARLOS MAURICIO CANOVA GARC\u00cdA WALDER DE JES\u00daS FRANCO TRIANA HUGO GALVIS MOTOA SERGIO IV\u00c1N JAIMES PARADA HECTOR DARIO [&hellip;]<\/p>\n","protected":false},"author":2,"featured_media":0,"parent":0,"menu_order":0,"comment_status":"closed","ping_status":"closed","template":"","meta":{"_acf_changed":false,"advgb_blocks_editor_width":"","advgb_blocks_columns_visual_guide":"","footnotes":""},"class_list":["post-81589","page","type-page","status-publish","hentry"],"acf":[],"yoast_head":"<!-- This site is optimized with the Yoast SEO plugin v26.7 - https:\/\/yoast.com\/wordpress\/plugins\/seo\/ -->\n<title>Equipo Profesor Facultad de Ingenier\u00eda - Universidad Cat\u00f3lica De Colombia<\/title>\n<meta name=\"robots\" content=\"index, follow, max-snippet:-1, max-image-preview:large, max-video-preview:-1\" \/>\n<link rel=\"canonical\" href=\"https:\/\/www.ucatolica.edu.co\/portal\/equipo-docente-facultad-de-ingenieria\/\" \/>\n<meta property=\"og:locale\" content=\"es_ES\" \/>\n<meta property=\"og:type\" content=\"article\" \/>\n<meta property=\"og:title\" content=\"Equipo Profesor Facultad de Ingenier\u00eda - Universidad Cat\u00f3lica De Colombia\" \/>\n<meta property=\"og:description\" content=\"Nuestro cuerpo profesoral Facultad de ingenier\u00eda Ingenier\u00eda de Sistemas y Computaci\u00f3n Ingenier\u00eda Civil Ingenier\u00eda Industrial Ingenier\u00eda de Sistemas y Computaci\u00f3n Ingenier\u00eda de Sistemas y Computaci\u00f3n ACOSTA CIPAGAUTA CHRISTIAN JOHNATAN BARRERO JUAN CARLOS BOL\u00cdVAR BAR\u00d3N HOLMAN DIEGO BLANCO CARLOS MAURICIO CANOVA GARC\u00cdA WALDER DE JES\u00daS FRANCO TRIANA HUGO GALVIS MOTOA SERGIO IV\u00c1N JAIMES PARADA HECTOR DARIO [&hellip;]\" \/>\n<meta property=\"og:url\" content=\"https:\/\/www.ucatolica.edu.co\/portal\/equipo-docente-facultad-de-ingenieria\/\" \/>\n<meta property=\"og:site_name\" content=\"Universidad Cat\u00f3lica De Colombia\" \/>\n<meta property=\"article:publisher\" content=\"https:\/\/www.facebook.com\/ucatolicacolombia\" \/>\n<meta property=\"article:modified_time\" content=\"2026-01-19T17:08:18+00:00\" \/>\n<meta property=\"og:image\" content=\"https:\/\/www.ucatolica.edu.co\/portal\/wp-content\/uploads\/2021\/07\/docente.jpeg\" \/>\n<meta name=\"twitter:card\" content=\"summary_large_image\" \/>\n<meta name=\"twitter:site\" content=\"@UCatolicaCol\" \/>\n<meta name=\"twitter:label1\" content=\"Tiempo de lectura\" \/>\n\t<meta name=\"twitter:data1\" content=\"2 minutos\" \/>\n<script type=\"application\/ld+json\" class=\"yoast-schema-graph\">{\"@context\":\"https:\/\/schema.org\",\"@graph\":[{\"@type\":\"WebPage\",\"@id\":\"https:\/\/www.ucatolica.edu.co\/portal\/equipo-docente-facultad-de-ingenieria\/\",\"url\":\"https:\/\/www.ucatolica.edu.co\/portal\/equipo-docente-facultad-de-ingenieria\/\",\"name\":\"Equipo Profesor Facultad de Ingenier\u00eda - Universidad Cat\u00f3lica De Colombia\",\"isPartOf\":{\"@id\":\"https:\/\/www.ucatolica.edu.co\/portal\/#website\"},\"primaryImageOfPage\":{\"@id\":\"https:\/\/www.ucatolica.edu.co\/portal\/equipo-docente-facultad-de-ingenieria\/#primaryimage\"},\"image\":{\"@id\":\"https:\/\/www.ucatolica.edu.co\/portal\/equipo-docente-facultad-de-ingenieria\/#primaryimage\"},\"thumbnailUrl\":\"https:\/\/www.ucatolica.edu.co\/portal\/wp-content\/uploads\/2021\/07\/docente.jpeg\",\"datePublished\":\"2022-12-07T22:45:04+00:00\",\"dateModified\":\"2026-01-19T17:08:18+00:00\",\"breadcrumb\":{\"@id\":\"https:\/\/www.ucatolica.edu.co\/portal\/equipo-docente-facultad-de-ingenieria\/#breadcrumb\"},\"inLanguage\":\"es-CO\",\"potentialAction\":[{\"@type\":\"ReadAction\",\"target\":[\"https:\/\/www.ucatolica.edu.co\/portal\/equipo-docente-facultad-de-ingenieria\/\"]}]},{\"@type\":\"ImageObject\",\"inLanguage\":\"es-CO\",\"@id\":\"https:\/\/www.ucatolica.edu.co\/portal\/equipo-docente-facultad-de-ingenieria\/#primaryimage\",\"url\":\"https:\/\/www.ucatolica.edu.co\/portal\/wp-content\/uploads\/2021\/07\/docente.jpeg\",\"contentUrl\":\"https:\/\/www.ucatolica.edu.co\/portal\/wp-content\/uploads\/2021\/07\/docente.jpeg\",\"width\":666,\"height\":1000},{\"@type\":\"BreadcrumbList\",\"@id\":\"https:\/\/www.ucatolica.edu.co\/portal\/equipo-docente-facultad-de-ingenieria\/#breadcrumb\",\"itemListElement\":[{\"@type\":\"ListItem\",\"position\":1,\"name\":\"Inicio\",\"item\":\"https:\/\/www.ucatolica.edu.co\/portal\/\"},{\"@type\":\"ListItem\",\"position\":2,\"name\":\"Equipo Profesor Facultad de Ingenier\u00eda\"}]},{\"@type\":\"WebSite\",\"@id\":\"https:\/\/www.ucatolica.edu.co\/portal\/#website\",\"url\":\"https:\/\/www.ucatolica.edu.co\/portal\/\",\"name\":\"Universidad Cat\u00f3lica De Colombia\",\"description\":\"Universidad Cat\u00f3lica De Colombia\",\"publisher\":{\"@id\":\"https:\/\/www.ucatolica.edu.co\/portal\/#organization\"},\"potentialAction\":[{\"@type\":\"SearchAction\",\"target\":{\"@type\":\"EntryPoint\",\"urlTemplate\":\"https:\/\/www.ucatolica.edu.co\/portal\/?s={search_term_string}\"},\"query-input\":{\"@type\":\"PropertyValueSpecification\",\"valueRequired\":true,\"valueName\":\"search_term_string\"}}],\"inLanguage\":\"es-CO\"},{\"@type\":\"Organization\",\"@id\":\"https:\/\/www.ucatolica.edu.co\/portal\/#organization\",\"name\":\"Universidad Cat\u00f3lica de Colombia\",\"url\":\"https:\/\/www.ucatolica.edu.co\/portal\/\",\"logo\":{\"@type\":\"ImageObject\",\"inLanguage\":\"es-CO\",\"@id\":\"https:\/\/www.ucatolica.edu.co\/portal\/#\/schema\/logo\/image\/\",\"url\":\"https:\/\/www.ucatolica.edu.co\/portal\/wp-content\/uploads\/2021\/06\/logo-header-ho-1.svg\",\"contentUrl\":\"https:\/\/www.ucatolica.edu.co\/portal\/wp-content\/uploads\/2021\/06\/logo-header-ho-1.svg\",\"width\":1,\"height\":1,\"caption\":\"Universidad Cat\u00f3lica de Colombia\"},\"image\":{\"@id\":\"https:\/\/www.ucatolica.edu.co\/portal\/#\/schema\/logo\/image\/\"},\"sameAs\":[\"https:\/\/www.facebook.com\/ucatolicacolombia\",\"https:\/\/x.com\/UCatolicaCol\",\"https:\/\/www.instagram.com\/universidadcatolicadecolombia\/\",\"https:\/\/www.linkedin.com\/company\/universidadcatolicadecolombia\/\",\"https:\/\/www.youtube.com\/user\/UCatolicaCo\"]}]}<\/script>\n<!-- \/ Yoast SEO plugin. -->","yoast_head_json":{"title":"Equipo Profesor Facultad de Ingenier\u00eda - Universidad Cat\u00f3lica De Colombia","robots":{"index":"index","follow":"follow","max-snippet":"max-snippet:-1","max-image-preview":"max-image-preview:large","max-video-preview":"max-video-preview:-1"},"canonical":"https:\/\/www.ucatolica.edu.co\/portal\/equipo-docente-facultad-de-ingenieria\/","og_locale":"es_ES","og_type":"article","og_title":"Equipo Profesor Facultad de Ingenier\u00eda - Universidad Cat\u00f3lica De Colombia","og_description":"Nuestro cuerpo profesoral Facultad de ingenier\u00eda Ingenier\u00eda de Sistemas y Computaci\u00f3n Ingenier\u00eda Civil Ingenier\u00eda Industrial Ingenier\u00eda de Sistemas y Computaci\u00f3n Ingenier\u00eda de Sistemas y Computaci\u00f3n ACOSTA CIPAGAUTA CHRISTIAN JOHNATAN BARRERO JUAN CARLOS BOL\u00cdVAR BAR\u00d3N HOLMAN DIEGO BLANCO CARLOS MAURICIO CANOVA GARC\u00cdA WALDER DE JES\u00daS FRANCO TRIANA HUGO GALVIS MOTOA SERGIO IV\u00c1N JAIMES PARADA HECTOR DARIO [&hellip;]","og_url":"https:\/\/www.ucatolica.edu.co\/portal\/equipo-docente-facultad-de-ingenieria\/","og_site_name":"Universidad Cat\u00f3lica De Colombia","article_publisher":"https:\/\/www.facebook.com\/ucatolicacolombia","article_modified_time":"2026-01-19T17:08:18+00:00","og_image":[{"url":"https:\/\/www.ucatolica.edu.co\/portal\/wp-content\/uploads\/2021\/07\/docente.jpeg","type":"","width":"","height":""}],"twitter_card":"summary_large_image","twitter_site":"@UCatolicaCol","twitter_misc":{"Tiempo de lectura":"2 minutos"},"schema":{"@context":"https:\/\/schema.org","@graph":[{"@type":"WebPage","@id":"https:\/\/www.ucatolica.edu.co\/portal\/equipo-docente-facultad-de-ingenieria\/","url":"https:\/\/www.ucatolica.edu.co\/portal\/equipo-docente-facultad-de-ingenieria\/","name":"Equipo Profesor Facultad de Ingenier\u00eda - Universidad Cat\u00f3lica De Colombia","isPartOf":{"@id":"https:\/\/www.ucatolica.edu.co\/portal\/#website"},"primaryImageOfPage":{"@id":"https:\/\/www.ucatolica.edu.co\/portal\/equipo-docente-facultad-de-ingenieria\/#primaryimage"},"image":{"@id":"https:\/\/www.ucatolica.edu.co\/portal\/equipo-docente-facultad-de-ingenieria\/#primaryimage"},"thumbnailUrl":"https:\/\/www.ucatolica.edu.co\/portal\/wp-content\/uploads\/2021\/07\/docente.jpeg","datePublished":"2022-12-07T22:45:04+00:00","dateModified":"2026-01-19T17:08:18+00:00","breadcrumb":{"@id":"https:\/\/www.ucatolica.edu.co\/portal\/equipo-docente-facultad-de-ingenieria\/#breadcrumb"},"inLanguage":"es-CO","potentialAction":[{"@type":"ReadAction","target":["https:\/\/www.ucatolica.edu.co\/portal\/equipo-docente-facultad-de-ingenieria\/"]}]},{"@type":"ImageObject","inLanguage":"es-CO","@id":"https:\/\/www.ucatolica.edu.co\/portal\/equipo-docente-facultad-de-ingenieria\/#primaryimage","url":"https:\/\/www.ucatolica.edu.co\/portal\/wp-content\/uploads\/2021\/07\/docente.jpeg","contentUrl":"https:\/\/www.ucatolica.edu.co\/portal\/wp-content\/uploads\/2021\/07\/docente.jpeg","width":666,"height":1000},{"@type":"BreadcrumbList","@id":"https:\/\/www.ucatolica.edu.co\/portal\/equipo-docente-facultad-de-ingenieria\/#breadcrumb","itemListElement":[{"@type":"ListItem","position":1,"name":"Inicio","item":"https:\/\/www.ucatolica.edu.co\/portal\/"},{"@type":"ListItem","position":2,"name":"Equipo Profesor Facultad de Ingenier\u00eda"}]},{"@type":"WebSite","@id":"https:\/\/www.ucatolica.edu.co\/portal\/#website","url":"https:\/\/www.ucatolica.edu.co\/portal\/","name":"Universidad Cat\u00f3lica De Colombia","description":"Universidad Cat\u00f3lica De Colombia","publisher":{"@id":"https:\/\/www.ucatolica.edu.co\/portal\/#organization"},"potentialAction":[{"@type":"SearchAction","target":{"@type":"EntryPoint","urlTemplate":"https:\/\/www.ucatolica.edu.co\/portal\/?s={search_term_string}"},"query-input":{"@type":"PropertyValueSpecification","valueRequired":true,"valueName":"search_term_string"}}],"inLanguage":"es-CO"},{"@type":"Organization","@id":"https:\/\/www.ucatolica.edu.co\/portal\/#organization","name":"Universidad Cat\u00f3lica de Colombia","url":"https:\/\/www.ucatolica.edu.co\/portal\/","logo":{"@type":"ImageObject","inLanguage":"es-CO","@id":"https:\/\/www.ucatolica.edu.co\/portal\/#\/schema\/logo\/image\/","url":"https:\/\/www.ucatolica.edu.co\/portal\/wp-content\/uploads\/2021\/06\/logo-header-ho-1.svg","contentUrl":"https:\/\/www.ucatolica.edu.co\/portal\/wp-content\/uploads\/2021\/06\/logo-header-ho-1.svg","width":1,"height":1,"caption":"Universidad Cat\u00f3lica de Colombia"},"image":{"@id":"https:\/\/www.ucatolica.edu.co\/portal\/#\/schema\/logo\/image\/"},"sameAs":["https:\/\/www.facebook.com\/ucatolicacolombia","https:\/\/x.com\/UCatolicaCol","https:\/\/www.instagram.com\/universidadcatolicadecolombia\/","https:\/\/www.linkedin.com\/company\/universidadcatolicadecolombia\/","https:\/\/www.youtube.com\/user\/UCatolicaCo"]}]}},"coauthors":[],"author_meta":{"author_link":"https:\/\/www.ucatolica.edu.co\/portal\/author\/carrnall\/","display_name":"Carlos Zea"},"relative_dates":{"created":"Posted 3 a\u00f1os ago","modified":"Updated 3 meses ago"},"absolute_dates":{"created":"Posted on 7 diciembre, 2022","modified":"Updated on 19 enero, 2026"},"absolute_dates_time":{"created":"Posted on 7 diciembre, 2022 5:45 pm","modified":"Updated on 19 enero, 2026 12:08 pm"},"featured_img_caption":"","featured_img":false,"series_order":"","_links":{"self":[{"href":"https:\/\/www.ucatolica.edu.co\/portal\/wp-json\/wp\/v2\/pages\/81589","targetHints":{"allow":["GET"]}}],"collection":[{"href":"https:\/\/www.ucatolica.edu.co\/portal\/wp-json\/wp\/v2\/pages"}],"about":[{"href":"https:\/\/www.ucatolica.edu.co\/portal\/wp-json\/wp\/v2\/types\/page"}],"author":[{"embeddable":true,"href":"https:\/\/www.ucatolica.edu.co\/portal\/wp-json\/wp\/v2\/users\/2"}],"replies":[{"embeddable":true,"href":"https:\/\/www.ucatolica.edu.co\/portal\/wp-json\/wp\/v2\/comments?post=81589"}],"version-history":[{"count":100,"href":"https:\/\/www.ucatolica.edu.co\/portal\/wp-json\/wp\/v2\/pages\/81589\/revisions"}],"predecessor-version":[{"id":129095,"href":"https:\/\/www.ucatolica.edu.co\/portal\/wp-json\/wp\/v2\/pages\/81589\/revisions\/129095"}],"wp:attachment":[{"href":"https:\/\/www.ucatolica.edu.co\/portal\/wp-json\/wp\/v2\/media?parent=81589"}],"curies":[{"name":"wp","href":"https:\/\/api.w.org\/{rel}","templated":true}]}}