{"id":936,"date":"2018-09-03T10:38:45","date_gmt":"2018-09-03T15:38:45","guid":{"rendered":"http:\/\/localhost:8888\/portal\/?page_id=936"},"modified":"2018-09-03T10:38:45","modified_gmt":"2018-09-03T15:38:45","slug":"tramites-y-consultas","status":"publish","type":"page","link":"https:\/\/www.ucatolica.edu.co\/portal\/egresados\/tramites-y-consultas\/","title":{"rendered":"Tr\u00e1mites y Consultas"},"content":{"rendered":"<h2>Tr\u00e1mites y Consultas<\/h2>\n<p>&nbsp;<\/p>\n<div id=\"accordion\" class=\"panel-group\">\n<div class=\"panel panel-default\">\n<div id=\"heading1\" class=\"panel-heading\">\n<h4 class=\"panel-title\"><a href=\"#collapse1\" data-toggle=\"collapse\" data-parent=\"#accordion\">Historia Acad\u00e9mica<\/a><\/h4>\n<\/div>\n<div id=\"collapse1\" class=\"panel-collapse collapse\">\n<div class=\"panel-body\">\nEs el mismo certificado de notas si lo requiere f\u00edsico<br \/>\nEn caso de querer consultar la historia acad\u00e9mica virtualmente:<br \/>\nPara ello deben activar el correo institucional, enviando los siguientes datos: Nombre, programa y c\u00e9dula escaneada, al correo virtual@ucatolica.edu.co<br \/>\nCuando el correo se encuentre activo, pueden dar clic en <a href=\"https:\/\/portalweb.ucatolica.edu.co\/estudiantes\/index.php\/consultas\/notas\/historia-academica\" target=\"_blank\" rel=\"noopener\">Descarga aqu\u00ed tu Historia Acad\u00e9mica<\/a> y consultar la historia acad\u00e9mica.\n<\/div>\n<\/div>\n<\/div>\n<\/div>\n<div id=\"accordion\" class=\"panel-group\">\n<div class=\"panel panel-default\">\n<div id=\"heading2\" class=\"panel-heading\">\n<h4 class=\"panel-title\"><a href=\"#collapse2\" data-toggle=\"collapse\" data-parent=\"#accordion\">Certificado de notas<\/a><\/h4>\n<\/div>\n<div id=\"collapse2\" class=\"panel-collapse collapse\">\n<div class=\"panel-body\">\n<ul>\n<li>Solicite el recibo de certificado de notas en la facultad de su inter\u00e9s.<\/li>\n<li>Consigne en el banco asignado el valor indicado y dir\u00edjase a la facultad correspondiente con el soporte de pago.<\/li>\n<li>El personal de la facultad le notificar\u00e1 el tiempo estimado de entrega de la certificaci\u00f3n.<\/li>\n<\/ul>\n<p>Mayor informaci\u00f3n:<br \/>\nFacultad de Dise\u00f1o:\u00a0Tel\u00e9fono 4433700 Exts.3100 &#8211; 3101<br \/>\nFacultad de Econom\u00eda:\u00a0Tel\u00e9fono 4433700 Exts 5155<br \/>\nFacultad de Derecho:\u00a0Tel\u00e9fono 4433700 Exts 5000 &#8211; 5001<br \/>\nFacultad de Psicolog\u00eda:\u00a0Tel\u00e9fono 4433700 Exts 5050<br \/>\nFacultad de Ingenier\u00eda:\u00a0Tel\u00e9fono 4433700 Exts 3190 &#8211; 3160\n<\/p><\/div>\n<\/div>\n<\/div>\n<\/div>\n<div id=\"accordion\" class=\"panel-group\">\n<div class=\"panel panel-default\">\n<div id=\"heading3\" class=\"panel-heading\">\n<h4 class=\"panel-title\"><a href=\"#collapse3\" data-toggle=\"collapse\" data-parent=\"#accordion\">Duplicado del diploma de grado<\/a><\/h4>\n<\/div>\n<div id=\"collapse3\" class=\"panel-collapse collapse\">\n<div class=\"panel-body\">\nDebe hacer la solicitud al correo electr\u00f3nico: jpmorales@ucatolica.edu.co, all\u00ed mencione nombres completos, programa, n\u00famero de c\u00e9dula y tel\u00e9fonos de contacto con el fin de obtener por medio de esta solicitud, los recibos correspondientes y continuar con el proceso.<br \/>\nEl duplicado ser\u00e1 entregado 20 d\u00edas h\u00e1biles despu\u00e9s de presentar el recibo cancelado a Secretaria General, ubicado en la sede Las Torres (Avenida Caracas No 46-72).<br \/>\nPara m\u00e1s informaci\u00f3n puede comunicarse al<br \/>\nTel\u00e9fono 4433700, ext 3270 y 3272.<br \/>\nHorario de atenci\u00f3n: lunes a viernes de 9:00 am a 1:00 pm y de 3:00 pm a 6:00 pm\n<\/div>\n<\/div>\n<\/div>\n<\/div>\n<div id=\"accordion\" class=\"panel-group\">\n<div class=\"panel panel-default\">\n<div id=\"heading4\" class=\"panel-heading\">\n<h4 class=\"panel-title\"><a href=\"#collapse4\" data-toggle=\"collapse\" data-parent=\"#accordion\">Generaci\u00f3n de nuevo diploma por cambio de nombre<\/a><\/h4>\n<\/div>\n<div id=\"collapse4\" class=\"panel-collapse collapse\">\n<div class=\"panel-body\">\nDir\u00edjase a la oficina de Admisiones, Registro y Control Acad\u00e9mico, ubicada en la avenida Caracas # 46-72, piso 2, con los siguientes documentos:<\/p>\n<ul>\n<li>Carta de solicitud.<\/li>\n<li>Fotocopia de la escritura de cambio de nombre.<\/li>\n<li>Fotocopia de la nueva c\u00e9dula.<\/li>\n<\/ul>\n<p>La oficina de Admisiones Registro y Control notificar\u00e1 el tiempo estimado para hacer efectivo el cambio de nombre en el sistema.<br \/>\nUna vez est\u00e9 actualizada la informaci\u00f3n, dir\u00edjase a Secretar\u00eda General y solicite el nuevo diploma y copia de acta de grado, indicando en la solicitud el motivo del cambio.<br \/>\nPara m\u00e1s informaci\u00f3n comun\u00edquese al<br \/>\nTel\u00e9fono 4433700, ext.3270 y 3272.\n<\/p><\/div>\n<\/div>\n<\/div>\n<\/div>\n<div id=\"accordion\" class=\"panel-group\">\n<div class=\"panel panel-default\">\n<div id=\"heading5\" class=\"panel-heading\">\n<h4 class=\"panel-title\"><a href=\"#collapse5\" data-toggle=\"collapse\" data-parent=\"#accordion\">Copias de acta de grado<\/a><\/h4>\n<\/div>\n<div id=\"collapse5\" class=\"panel-collapse collapse\">\n<div class=\"panel-body\">\nDebe hacer la solicitud al correo electr\u00f3nico: jpmorales@ucatolica.edu.co, all\u00ed mencione nombres completos, programa, numero de c\u00e9dula y tel\u00e9fonos de contacto con el fin de obtener por medio de esta solicitud, los recibos correspondientes y continuar con el proceso.<br \/>\nEl duplicado ser\u00e1 entregado 3 d\u00edas h\u00e1biles despu\u00e9s de presentar el recibo cancelado a Secretaria General, ubicado en la sede Las Torres (Avenida Caracas No 46-72)<br \/>\nPara m\u00e1s informaci\u00f3n comun\u00edquese al tel\u00e9fono<br \/>\nTel\u00e9fono 4433700 ext. 3270 y 3272.<br \/>\nHorario de atenci\u00f3n: lunes a viernes de 9:00 am a 1:00 pm y de 3:00 pm a 6:00 pm\n<\/div>\n<\/div>\n<\/div>\n<\/div>\n<div id=\"accordion\" class=\"panel-group\">\n<div class=\"panel panel-default\">\n<div id=\"heading6\" class=\"panel-heading\">\n<h4 class=\"panel-title\"><a href=\"#collapse6\" data-toggle=\"collapse\" data-parent=\"#accordion\">Tarjetas profesionales<\/a><\/h4>\n<\/div>\n<div id=\"collapse6\" class=\"panel-collapse collapse\">\n<div class=\"panel-body\">\n<h4>Tarjeta de matr\u00edcula profesional y certificaci\u00f3n de inscripci\u00f3n para Ingenier\u00eda<\/h4>\n<p>La Corte Constitucional declar\u00f3 inexequible el Decreto 1122 de 1999 por medio del cual se autorizaba la supresi\u00f3n de la tarjeta profesional, lo cual indica que en la actualidad siguen vigentes y son de obligatorio cumplimiento todas las normas de reglamentaci\u00f3n.<br \/>\nEl Consejo Profesional Nacional de Ingenier\u00eda es la entidad p\u00fablica que tramita la tarjeta de matr\u00edcula profesional o el certificado de inscripci\u00f3n, para ello realice los pasos mencionados en el portal www.copnia.gov.co El proceso demora 45 d\u00edas h\u00e1biles despu\u00e9s de la radicaci\u00f3n de los documentos, si desea conocer la ubicaci\u00f3n de las oficinas de atenci\u00f3n al cliente ingrese a: www.copnia.gov.co\/oficinas.<\/p>\n<h4>Tarjeta de matr\u00edcula profesional y certificaci\u00f3n de inscripci\u00f3n para Arquitectura<\/h4>\n<p>La matr\u00edcula profesional para Arquitectos y la certificaci\u00f3n de inscripci\u00f3n para t\u00e9cnicos y tecn\u00f3logos son otorgadas por el Consejo Profesional Nacional de Arquitectura.<br \/>\nLa los tr\u00e1mites se efect\u00faan por pago electr\u00f3nico PSE o por consignaci\u00f3n y se gestionan de acuerdo con el calendario de matr\u00edculas establecido por el CPNA.<br \/>\nLa verificaci\u00f3n del estado de la solicitud de su matr\u00edcula se encuentra en: www.cpnaa.gov.co\/content\/consultarelestadodesolicituddematricula.<br \/>\nMayor informaci\u00f3n: www.cpnaa.gov.co\/es\/subseccion<\/p>\n<h4>Econom\u00eda<\/h4>\n<p>El Consejo Nacional Profesional de Econom\u00eda es el ente encargado de expedir la matr\u00edcula profesional o la certificaci\u00f3n del tr\u00e1mite por primera vez. Si usted est\u00e1 interesado en realizar la solicitud, ingrese a la pesta\u00f1a \u201cservicios\u201d, elija entre la primera y la cuarta opci\u00f3n y siga los pasos: www.conalpe.gov.co\/servicio-informacion_servicio_conalpe-titulo-matricula_profesional.<br \/>\nEl tr\u00e1mite tiene una duraci\u00f3n de 30 d\u00edas h\u00e1biles a partir de la entrega de los documentos, conozca el valor que debe pagar en: www.conalpe.gov.co\/servicio-informacion_servicio_conalpe-titulo-valor_de_los_servicios<\/p>\n<h4>Tarjeta de matr\u00edcula profesional y tarjeta profesional para Derecho<\/h4>\n<p>El Consejo Superior de la Judicatura es el organismo responsable de la expedici\u00f3n de la matr\u00edcula y la tarjeta profesional para los abogados en Colombia.<br \/>\nPara la realizaci\u00f3n del tr\u00e1mite descargue y diligencie el formato \u00fanico y pres\u00e9ntelo junto con los documentos que solicita el CSJ: www.gacetadelforo.ramajudicial.gov.co\/gaceta_del_foro\/requisitos_tramites_consulta<br \/>\nEl proceso tiene una duraci\u00f3n de 15 d\u00edas h\u00e1biles, la radicaci\u00f3n de los documentos se realiza en la Oficina de Correspondencia del Registro Nacional de Abogados o en las Salas Administrativas de los Consejos Seccionales de la Judicatura.<br \/>\nPara conocer el estado de la solicitud ingrese al siguiente link: www.gacetadelforo.ramajudicial.gov.co\/gaceta_del_foro\/consulta_tramites_consulta<br \/>\nMayor informaci\u00f3n en: www.ramajudicial.gov.co<\/p>\n<h4>Tarjeta profesional para Psicolog\u00eda<\/h4>\n<p>El Colegio Colombiano de Psic\u00f3logos (COLPSIC), es el ente autorizado desde el a\u00f1o 2006 para la expedici\u00f3n de la tarjeta profesional a los psic\u00f3logos del pa\u00eds.<br \/>\nPara obtener el formato de solicitud, ingrese a: www.colpsic.org.co\/registro\/ y dilig\u00e9ncielo. Si desea conocer el estado de su solicitud dir\u00edjase a la opci\u00f3n de consultas www.colpsic.org.co\/consulta<br \/>\nPara m\u00e1s informaci\u00f3n www.colpsic.org.co<br \/>\negresados@ucatolica.edu.co\n<\/p><\/div>\n<\/div>\n<\/div>\n<\/div>\n<div id=\"accordion\" class=\"panel-group\">\n<div class=\"panel panel-default\">\n<div id=\"heading7\" class=\"panel-heading\">\n<h4 class=\"panel-title\"><a href=\"#collapse7\" data-toggle=\"collapse\" data-parent=\"#accordion\">Contenidos program\u00e1ticos<\/a><\/h4>\n<\/div>\n<div id=\"collapse7\" class=\"panel-collapse collapse\">\n<div class=\"panel-body\">\n<h4>Facultad de Psicolog\u00eda<\/h4>\n<p>Dir\u00edjase a la Facultad de Psicolog\u00eda ubicada en la avenida Caracas # 46-40 con una copia de la s\u00e1bana de notas e indique el \u00e1rea de profundizaci\u00f3n: Cl\u00ednica, Educativa, Organizacional, Jur\u00eddica o Comunitaria.<\/p>\n<ul>\n<li>Con dicha copia el personal proceder\u00e1 a buscar los contenidos program\u00e1ticos, cuyo tr\u00e1mite dura entre 3 y 4 d\u00edas.<\/li>\n<li>El interesado deber\u00e1 solicitar los programas de las asignaturas de Humanidades y de Ciencias B\u00e1sicas en los respectivos departamentos.<\/li>\n<li>Una vez identificados los programas en los diferentes libros, estos ser\u00e1n entregados diligenciando la ficha de datos personales y un documento de identificaci\u00f3n.<\/li>\n<li>Fotocopie y argolle el contenido de las asignaturas que curs\u00f3. Los libros deber\u00e1n ser devueltos el mismo d\u00eda.<\/li>\n<li>Radique el material en la Secretar\u00eda de la facultad con el fin de sellarlo y obtener las firmas por parte de la Secretar\u00eda Acad\u00e9mica.<\/li>\n<li>El personal le notificar\u00e1 el d\u00eda de entrega del Contenido Program\u00e1tico debidamente sellado y firmado.<\/li>\n<\/ul>\n<h4>Facultad de Derecho<\/h4>\n<p>Dir\u00edjase con los siguientes documentos a la facultad de Derecho, ubicada en la carrera 13 # 47-49:<\/p>\n<ul>\n<li>Original o fotocopia del certificado de notas.<\/li>\n<li>Un CD nuevo o una USB sin contenido.<\/li>\n<li>El personal le notificar\u00e1 el tiempo estimado (entre 1 y 3 d\u00edas h\u00e1biles) de entrega del contenido program\u00e1tico por medio magn\u00e9tico.<\/li>\n<\/ul>\n<p>Para m\u00e1s informaci\u00f3n comun\u00edquese al tel\u00e9fono 4433700, ext. 5000.<\/p>\n<h4>Facultad de Ingenier\u00eda<\/h4>\n<p>Dir\u00edjase a la Facultad de Ingenier\u00eda ubicada en la diagonal 47 # 15-50, edificio O, tercer piso, y diligencie sus datos en el formato entregado por el personal de la Facultad.<\/p>\n<ul>\n<li>La facultad le enviar\u00e1 v\u00eda correo electr\u00f3nico los contenidos program\u00e1ticos los cuales deber\u00e1 imprimir y radicarlos nuevamente en el tercer piso para firma y sello del Secretario Acad\u00e9mico.<\/li>\n<li>El personal le notificar\u00e1 el tiempo estimado de entrega de los mismos.<\/li>\n<\/ul>\n<p>Para m\u00e1s informaci\u00f3n comun\u00edquese al tel\u00e9fono 4433700, exts. 3190 y 3195.<\/p>\n<h4>Facultad de Dise\u00f1o<\/h4>\n<ul>\n<li>Verifique el n\u00famero del pensum del cual desea obtener el contenido program\u00e1tico, si no lo recuerda, dir\u00edjase a la Facultad de Dise\u00f1o, Programa Arquitectura, ubicado en la diagonal 47 # 15-68, de 8:00 a. m. a 12:00 m.<\/li>\n<li>Una vez identificado el pensum, la Facultad le entregar\u00e1 los libros de los contenidos program\u00e1ticos, los cuales deber\u00e1 fotocopiar. (Se recomienda llevar un documento de identificaci\u00f3n diferente a la c\u00e9dula para el pr\u00e9stamo de los libros.)<\/li>\n<\/ul>\n<p>Para m\u00e1s informaci\u00f3n comun\u00edquese al tel\u00e9fono 4433700, exts. 3100, 3101 y 3111.<\/p>\n<h4>Facultad de Ciencias Econ\u00f3micas y AdminnistratIvas<\/h4>\n<p>Dir\u00edjase a la Facultad de Ciencias Econ\u00f3micas y Administrativas ubicada en la carrera 13 # 47-49 con el carn\u00e9 de egresado o un documento de identidad y una fotocopia del certificado de notas.<\/p>\n<ul>\n<li>En caso de no tener el certificado de notas, deber\u00e1 solicitarlo en la Secretar\u00eda de la Facultad, teniendo en cuenta que su expedici\u00f3n se demora tres d\u00edas h\u00e1biles.<\/li>\n<li>La Facultad le entregar\u00e1 los libros con los contenidos program\u00e1ticos, para que usted proceda a seleccionar y fotocopiar la informaci\u00f3n relacionada con las asignaturas cursadas a lo largo de su proceso de formaci\u00f3n acad\u00e9mica, a partir de la informaci\u00f3n plasmada en su certificado de notas.<\/li>\n<li>Una vez finalizado este proceso, usted deber\u00e1 entregar tanto los libros originales como las copias de cada uno de los contenidos program\u00e1ticos seleccionados, en la Secretar\u00eda de la Facultad, para que puedan ser firmados y sellados por la persona autorizada para tal fin.<\/li>\n<li>La persona a cargo le notificar\u00e1 el tiempo estimado de la entrega del contenido program\u00e1tico debidamente firmado y sellado.<\/li>\n<\/ul>\n<p>Para m\u00e1s informaci\u00f3n comun\u00edquese al tel\u00e9fono 4433700, ext. 5155.\n<\/p><\/div>\n<\/div>\n<\/div>\n<\/div>\n","protected":false},"excerpt":{"rendered":"<p>Tr\u00e1mites y Consultas &nbsp; Historia Acad\u00e9mica Es el mismo certificado de notas si lo requiere f\u00edsico En caso de querer consultar la historia acad\u00e9mica virtualmente: Para ello deben activar el correo institucional, enviando los siguientes datos: Nombre, programa y c\u00e9dula escaneada, al correo virtual@ucatolica.edu.co Cuando el correo se encuentre activo, pueden dar clic en Descarga [&hellip;]<\/p>\n","protected":false},"author":2,"featured_media":0,"parent":901,"menu_order":0,"comment_status":"closed","ping_status":"closed","template":"page-oldstyle.php","meta":{"_acf_changed":false,"advgb_blocks_editor_width":"","advgb_blocks_columns_visual_guide":"","footnotes":""},"class_list":["post-936","page","type-page","status-publish","hentry"],"acf":[],"yoast_head":"<!-- This site is optimized with the Yoast SEO plugin v26.7 - https:\/\/yoast.com\/wordpress\/plugins\/seo\/ -->\n<title>Tr\u00e1mites y Consultas - Universidad Cat\u00f3lica De Colombia<\/title>\n<meta name=\"robots\" content=\"index, follow, max-snippet:-1, max-image-preview:large, max-video-preview:-1\" \/>\n<link rel=\"canonical\" href=\"https:\/\/www.ucatolica.edu.co\/portal\/egresados\/tramites-y-consultas\/\" \/>\n<meta property=\"og:locale\" content=\"es_ES\" \/>\n<meta property=\"og:type\" content=\"article\" \/>\n<meta property=\"og:title\" content=\"Tr\u00e1mites y Consultas - Universidad Cat\u00f3lica De Colombia\" \/>\n<meta property=\"og:description\" content=\"Tr\u00e1mites y Consultas &nbsp; Historia Acad\u00e9mica Es el mismo certificado de notas si lo requiere f\u00edsico En caso de querer consultar la historia acad\u00e9mica virtualmente: Para ello deben activar el correo institucional, enviando los siguientes datos: Nombre, programa y c\u00e9dula escaneada, al correo virtual@ucatolica.edu.co Cuando el correo se encuentre activo, pueden dar clic en Descarga [&hellip;]\" \/>\n<meta property=\"og:url\" content=\"https:\/\/www.ucatolica.edu.co\/portal\/egresados\/tramites-y-consultas\/\" \/>\n<meta property=\"og:site_name\" content=\"Universidad Cat\u00f3lica De Colombia\" \/>\n<meta property=\"article:publisher\" content=\"https:\/\/www.facebook.com\/ucatolicacolombia\" \/>\n<meta name=\"twitter:card\" content=\"summary_large_image\" \/>\n<meta name=\"twitter:site\" content=\"@UCatolicaCol\" \/>\n<meta name=\"twitter:label1\" content=\"Tiempo de lectura\" \/>\n\t<meta name=\"twitter:data1\" content=\"8 minutos\" \/>\n<script type=\"application\/ld+json\" class=\"yoast-schema-graph\">{\"@context\":\"https:\/\/schema.org\",\"@graph\":[{\"@type\":\"WebPage\",\"@id\":\"https:\/\/www.ucatolica.edu.co\/portal\/egresados\/tramites-y-consultas\/\",\"url\":\"https:\/\/www.ucatolica.edu.co\/portal\/egresados\/tramites-y-consultas\/\",\"name\":\"Tr\u00e1mites y Consultas - Universidad Cat\u00f3lica De Colombia\",\"isPartOf\":{\"@id\":\"https:\/\/www.ucatolica.edu.co\/portal\/#website\"},\"datePublished\":\"2018-09-03T15:38:45+00:00\",\"breadcrumb\":{\"@id\":\"https:\/\/www.ucatolica.edu.co\/portal\/egresados\/tramites-y-consultas\/#breadcrumb\"},\"inLanguage\":\"es-CO\",\"potentialAction\":[{\"@type\":\"ReadAction\",\"target\":[\"https:\/\/www.ucatolica.edu.co\/portal\/egresados\/tramites-y-consultas\/\"]}]},{\"@type\":\"BreadcrumbList\",\"@id\":\"https:\/\/www.ucatolica.edu.co\/portal\/egresados\/tramites-y-consultas\/#breadcrumb\",\"itemListElement\":[{\"@type\":\"ListItem\",\"position\":1,\"name\":\"Inicio\",\"item\":\"https:\/\/www.ucatolica.edu.co\/portal\/\"},{\"@type\":\"ListItem\",\"position\":2,\"name\":\"Egresados\",\"item\":\"https:\/\/www.ucatolica.edu.co\/portal\/egresados\/\"},{\"@type\":\"ListItem\",\"position\":3,\"name\":\"Tr\u00e1mites y Consultas\"}]},{\"@type\":\"WebSite\",\"@id\":\"https:\/\/www.ucatolica.edu.co\/portal\/#website\",\"url\":\"https:\/\/www.ucatolica.edu.co\/portal\/\",\"name\":\"Universidad Cat\u00f3lica De Colombia\",\"description\":\"Universidad Cat\u00f3lica De Colombia\",\"publisher\":{\"@id\":\"https:\/\/www.ucatolica.edu.co\/portal\/#organization\"},\"potentialAction\":[{\"@type\":\"SearchAction\",\"target\":{\"@type\":\"EntryPoint\",\"urlTemplate\":\"https:\/\/www.ucatolica.edu.co\/portal\/?s={search_term_string}\"},\"query-input\":{\"@type\":\"PropertyValueSpecification\",\"valueRequired\":true,\"valueName\":\"search_term_string\"}}],\"inLanguage\":\"es-CO\"},{\"@type\":\"Organization\",\"@id\":\"https:\/\/www.ucatolica.edu.co\/portal\/#organization\",\"name\":\"Universidad Cat\u00f3lica de Colombia\",\"url\":\"https:\/\/www.ucatolica.edu.co\/portal\/\",\"logo\":{\"@type\":\"ImageObject\",\"inLanguage\":\"es-CO\",\"@id\":\"https:\/\/www.ucatolica.edu.co\/portal\/#\/schema\/logo\/image\/\",\"url\":\"https:\/\/www.ucatolica.edu.co\/portal\/wp-content\/uploads\/2021\/06\/logo-header-ho-1.svg\",\"contentUrl\":\"https:\/\/www.ucatolica.edu.co\/portal\/wp-content\/uploads\/2021\/06\/logo-header-ho-1.svg\",\"width\":1,\"height\":1,\"caption\":\"Universidad Cat\u00f3lica de Colombia\"},\"image\":{\"@id\":\"https:\/\/www.ucatolica.edu.co\/portal\/#\/schema\/logo\/image\/\"},\"sameAs\":[\"https:\/\/www.facebook.com\/ucatolicacolombia\",\"https:\/\/x.com\/UCatolicaCol\",\"https:\/\/www.instagram.com\/universidadcatolicadecolombia\/\",\"https:\/\/www.linkedin.com\/company\/universidadcatolicadecolombia\/\",\"https:\/\/www.youtube.com\/user\/UCatolicaCo\"]}]}<\/script>\n<!-- \/ Yoast SEO plugin. -->","yoast_head_json":{"title":"Tr\u00e1mites y Consultas - Universidad Cat\u00f3lica De Colombia","robots":{"index":"index","follow":"follow","max-snippet":"max-snippet:-1","max-image-preview":"max-image-preview:large","max-video-preview":"max-video-preview:-1"},"canonical":"https:\/\/www.ucatolica.edu.co\/portal\/egresados\/tramites-y-consultas\/","og_locale":"es_ES","og_type":"article","og_title":"Tr\u00e1mites y Consultas - Universidad Cat\u00f3lica De Colombia","og_description":"Tr\u00e1mites y Consultas &nbsp; Historia Acad\u00e9mica Es el mismo certificado de notas si lo requiere f\u00edsico En caso de querer consultar la historia acad\u00e9mica virtualmente: Para ello deben activar el correo institucional, enviando los siguientes datos: Nombre, programa y c\u00e9dula escaneada, al correo virtual@ucatolica.edu.co Cuando el correo se encuentre activo, pueden dar clic en Descarga [&hellip;]","og_url":"https:\/\/www.ucatolica.edu.co\/portal\/egresados\/tramites-y-consultas\/","og_site_name":"Universidad Cat\u00f3lica De Colombia","article_publisher":"https:\/\/www.facebook.com\/ucatolicacolombia","twitter_card":"summary_large_image","twitter_site":"@UCatolicaCol","twitter_misc":{"Tiempo de lectura":"8 minutos"},"schema":{"@context":"https:\/\/schema.org","@graph":[{"@type":"WebPage","@id":"https:\/\/www.ucatolica.edu.co\/portal\/egresados\/tramites-y-consultas\/","url":"https:\/\/www.ucatolica.edu.co\/portal\/egresados\/tramites-y-consultas\/","name":"Tr\u00e1mites y Consultas - Universidad Cat\u00f3lica De Colombia","isPartOf":{"@id":"https:\/\/www.ucatolica.edu.co\/portal\/#website"},"datePublished":"2018-09-03T15:38:45+00:00","breadcrumb":{"@id":"https:\/\/www.ucatolica.edu.co\/portal\/egresados\/tramites-y-consultas\/#breadcrumb"},"inLanguage":"es-CO","potentialAction":[{"@type":"ReadAction","target":["https:\/\/www.ucatolica.edu.co\/portal\/egresados\/tramites-y-consultas\/"]}]},{"@type":"BreadcrumbList","@id":"https:\/\/www.ucatolica.edu.co\/portal\/egresados\/tramites-y-consultas\/#breadcrumb","itemListElement":[{"@type":"ListItem","position":1,"name":"Inicio","item":"https:\/\/www.ucatolica.edu.co\/portal\/"},{"@type":"ListItem","position":2,"name":"Egresados","item":"https:\/\/www.ucatolica.edu.co\/portal\/egresados\/"},{"@type":"ListItem","position":3,"name":"Tr\u00e1mites y Consultas"}]},{"@type":"WebSite","@id":"https:\/\/www.ucatolica.edu.co\/portal\/#website","url":"https:\/\/www.ucatolica.edu.co\/portal\/","name":"Universidad Cat\u00f3lica De Colombia","description":"Universidad Cat\u00f3lica De Colombia","publisher":{"@id":"https:\/\/www.ucatolica.edu.co\/portal\/#organization"},"potentialAction":[{"@type":"SearchAction","target":{"@type":"EntryPoint","urlTemplate":"https:\/\/www.ucatolica.edu.co\/portal\/?s={search_term_string}"},"query-input":{"@type":"PropertyValueSpecification","valueRequired":true,"valueName":"search_term_string"}}],"inLanguage":"es-CO"},{"@type":"Organization","@id":"https:\/\/www.ucatolica.edu.co\/portal\/#organization","name":"Universidad Cat\u00f3lica de Colombia","url":"https:\/\/www.ucatolica.edu.co\/portal\/","logo":{"@type":"ImageObject","inLanguage":"es-CO","@id":"https:\/\/www.ucatolica.edu.co\/portal\/#\/schema\/logo\/image\/","url":"https:\/\/www.ucatolica.edu.co\/portal\/wp-content\/uploads\/2021\/06\/logo-header-ho-1.svg","contentUrl":"https:\/\/www.ucatolica.edu.co\/portal\/wp-content\/uploads\/2021\/06\/logo-header-ho-1.svg","width":1,"height":1,"caption":"Universidad Cat\u00f3lica de Colombia"},"image":{"@id":"https:\/\/www.ucatolica.edu.co\/portal\/#\/schema\/logo\/image\/"},"sameAs":["https:\/\/www.facebook.com\/ucatolicacolombia","https:\/\/x.com\/UCatolicaCol","https:\/\/www.instagram.com\/universidadcatolicadecolombia\/","https:\/\/www.linkedin.com\/company\/universidadcatolicadecolombia\/","https:\/\/www.youtube.com\/user\/UCatolicaCo"]}]}},"coauthors":[],"author_meta":{"author_link":"https:\/\/www.ucatolica.edu.co\/portal\/author\/carrnall\/","display_name":"Carlos Zea"},"relative_dates":{"created":"Posted 8 a\u00f1os ago","modified":"Updated 8 a\u00f1os ago"},"absolute_dates":{"created":"Posted on 3 septiembre, 2018","modified":"Updated on 3 septiembre, 2018"},"absolute_dates_time":{"created":"Posted on 3 septiembre, 2018 10:38 am","modified":"Updated on 3 septiembre, 2018 10:38 am"},"featured_img_caption":"","featured_img":false,"series_order":"","_links":{"self":[{"href":"https:\/\/www.ucatolica.edu.co\/portal\/wp-json\/wp\/v2\/pages\/936","targetHints":{"allow":["GET"]}}],"collection":[{"href":"https:\/\/www.ucatolica.edu.co\/portal\/wp-json\/wp\/v2\/pages"}],"about":[{"href":"https:\/\/www.ucatolica.edu.co\/portal\/wp-json\/wp\/v2\/types\/page"}],"author":[{"embeddable":true,"href":"https:\/\/www.ucatolica.edu.co\/portal\/wp-json\/wp\/v2\/users\/2"}],"replies":[{"embeddable":true,"href":"https:\/\/www.ucatolica.edu.co\/portal\/wp-json\/wp\/v2\/comments?post=936"}],"version-history":[{"count":0,"href":"https:\/\/www.ucatolica.edu.co\/portal\/wp-json\/wp\/v2\/pages\/936\/revisions"}],"up":[{"embeddable":true,"href":"https:\/\/www.ucatolica.edu.co\/portal\/wp-json\/wp\/v2\/pages\/901"}],"wp:attachment":[{"href":"https:\/\/www.ucatolica.edu.co\/portal\/wp-json\/wp\/v2\/media?parent=936"}],"curies":[{"name":"wp","href":"https:\/\/api.w.org\/{rel}","templated":true}]}}