{"id":94542,"date":"2023-07-03T11:21:50","date_gmt":"2023-07-03T16:21:50","guid":{"rendered":"https:\/\/www.ucatolica.edu.co\/portal\/?page_id=94542"},"modified":"2025-05-05T20:13:25","modified_gmt":"2025-05-06T01:13:25","slug":"eva","status":"publish","type":"page","link":"https:\/\/www.ucatolica.edu.co\/portal\/eva\/","title":{"rendered":"Eva"},"content":{"rendered":"\t\t<div data-elementor-type=\"wp-page\" data-elementor-id=\"94542\" class=\"elementor elementor-94542\" data-elementor-post-type=\"page\">\n\t\t\t\t\t\t<section class=\"elementor-section elementor-top-section elementor-element elementor-element-d7300ea elementor-section-boxed elementor-section-height-default elementor-section-height-default\" data-id=\"d7300ea\" data-element_type=\"section\" data-e-type=\"section\">\n\t\t\t\t\t\t<div class=\"elementor-container elementor-column-gap-default\">\n\t\t\t\t\t<div class=\"elementor-column elementor-col-100 elementor-top-column elementor-element elementor-element-9dd5f6b\" data-id=\"9dd5f6b\" data-element_type=\"column\" data-e-type=\"column\">\n\t\t\t<div class=\"elementor-widget-wrap elementor-element-populated\">\n\t\t\t\t\t\t<div class=\"elementor-element elementor-element-e9fa9ae elementor-widget elementor-widget-video\" data-id=\"e9fa9ae\" data-element_type=\"widget\" data-e-type=\"widget\" data-settings=\"{&quot;youtube_url&quot;:&quot;https:\\\/\\\/www.youtube.com\\\/watch?v=y0ySIORsgqg&amp;feature=youtu.be&quot;,&quot;video_type&quot;:&quot;youtube&quot;,&quot;controls&quot;:&quot;yes&quot;}\" data-widget_type=\"video.default\">\n\t\t\t\t<div class=\"elementor-widget-container\">\n\t\t\t\t\t\t\t<div class=\"elementor-wrapper elementor-open-inline\">\n\t\t\t<div class=\"elementor-video\"><\/div>\t\t<\/div>\n\t\t\t\t\t\t<\/div>\n\t\t\t\t<\/div>\n\t\t\t\t\t<\/div>\n\t\t<\/div>\n\t\t\t\t\t<\/div>\n\t\t<\/section>\n\t\t\t\t<section class=\"elementor-section elementor-top-section elementor-element elementor-element-6cd6b20 elementor-section-boxed elementor-section-height-default elementor-section-height-default\" data-id=\"6cd6b20\" data-element_type=\"section\" data-e-type=\"section\">\n\t\t\t\t\t\t<div class=\"elementor-container elementor-column-gap-default\">\n\t\t\t\t\t<div class=\"elementor-column elementor-col-100 elementor-top-column elementor-element elementor-element-124df3e\" data-id=\"124df3e\" data-element_type=\"column\" data-e-type=\"column\">\n\t\t\t<div class=\"elementor-widget-wrap elementor-element-populated\">\n\t\t\t\t\t\t<div class=\"elementor-element elementor-element-bf17837 elementor-widget elementor-widget-heading\" data-id=\"bf17837\" data-element_type=\"widget\" data-e-type=\"widget\" data-widget_type=\"heading.default\">\n\t\t\t\t<div class=\"elementor-widget-container\">\n\t\t\t\t\t<h2 class=\"elementor-heading-title elementor-size-default\">CR\u00c9DITO EDUCATIVO DE VINCULACI\u00d3N ACAD\u00c9MICA. E.V.A<\/h2>\t\t\t\t<\/div>\n\t\t\t\t<\/div>\n\t\t\t\t<div class=\"elementor-element elementor-element-72019c6 elementor-widget elementor-widget-text-editor\" data-id=\"72019c6\" data-element_type=\"widget\" data-e-type=\"widget\" data-widget_type=\"text-editor.default\">\n\t\t\t\t<div class=\"elementor-widget-container\">\n\t\t\t\t\t\t\t\t\t<p>Acceder al cr\u00e9dito directo con la Universidad Cat\u00f3lica de Colombia es f\u00e1cil, r\u00e1pido y con requisitos m\u00ednimos.<\/p><p><b>Beneficios:<\/b><\/p><ul><li aria-level=\"1\">Permite financiar la matr\u00edcula de programas de pregrado y posgrado.<\/li><li aria-level=\"1\">F\u00e1cil diligenciamiento en la plataforma web.<\/li><li aria-level=\"1\">Se puede financiar hasta el 100% del valor de la matr\u00edcula.<\/li><li aria-level=\"1\">El vencimiento de las cuotas es el primer d\u00eda h\u00e1bil de cada mes de acuerdo al per\u00edodo acad\u00e9mico<\/li><li aria-level=\"1\">Tasa de inter\u00e9s preferencial.<\/li><li aria-level=\"1\">Respuesta m\u00ednima en 48 horas.<\/li><li aria-level=\"1\">Firma de garant\u00edas de manera digital<\/li><li aria-level=\"1\">Requisitos documentales simplificados para la legalizaci\u00f3n del cr\u00e9dito.<\/li><li aria-level=\"1\">Cuotas estables durante la vida del cr\u00e9dito.<\/li><li aria-level=\"1\">El cr\u00e9dito es semestral, se puede solicitar en el semestre que se necesite<\/li><li aria-level=\"1\">El estudio de acceso al cr\u00e9dito directo con la universidad tiene un costo que corresponde al 3,5% del valor capital solicitado y se paga diferido y sin intereses en el n\u00famero de cuotas en las que se financie el cr\u00e9dito.<\/li><\/ul><p><b>Requisitos que debe cumplir el codeudor o titular del cr\u00e9dito:<\/b><\/p><ul><li aria-level=\"1\">No tener reportes negativos en centrales de riesgo.<\/li><li aria-level=\"1\">Contar con capacidad de endeudamiento.<\/li><li aria-level=\"1\">Tener vida crediticia.<\/li><li aria-level=\"1\">Estar activo financieramente en los \u00faltimos seis meses.<\/li><li aria-level=\"1\">El estudiante puede respaldar el cr\u00e9dito si cumple con los requisitos exigidos para el codeudor.<\/li><\/ul><p>Inicie su proceso de solicitud, diligenciando la informaci\u00f3n requerida a continuaci\u00f3n:<br \/><a class=\"btn-info-interna\" href=\"https:\/\/app.crc.com.co:2940\/UCatolica\/\" target=\"_blank\" rel=\"noopener\">Proceso de solicitud<\/a><br \/>Conozca m\u00e1s sobre el procedimiento para solicitar su Cr\u00e9dito Directo con la Universidad:<br \/><a class=\"btn-info-interna\" href=\"https:\/\/www.ucatolica.edu.co\/portal\/wp-content\/uploads\/2020\/07\/legalizacion-credito-directo.pdf\" target=\"_blank\" rel=\"noopener\">M\u00e1s informaci\u00f3n<\/a><\/p>\t\t\t\t\t\t\t\t<\/div>\n\t\t\t\t<\/div>\n\t\t\t\t\t<\/div>\n\t\t<\/div>\n\t\t\t\t\t<\/div>\n\t\t<\/section>\n\t\t\t\t<\/div>\n\t\t","protected":false},"excerpt":{"rendered":"<p>CR\u00c9DITO EDUCATIVO DE VINCULACI\u00d3N ACAD\u00c9MICA. E.V.A Acceder al cr\u00e9dito directo con la Universidad Cat\u00f3lica de Colombia es f\u00e1cil, r\u00e1pido y con requisitos m\u00ednimos. Beneficios: Permite financiar la matr\u00edcula de programas de pregrado y posgrado. F\u00e1cil diligenciamiento en la plataforma web. Se puede financiar hasta el 100% del valor de la matr\u00edcula. El vencimiento de las [&hellip;]<\/p>\n","protected":false},"author":2,"featured_media":0,"parent":0,"menu_order":0,"comment_status":"closed","ping_status":"closed","template":"","meta":{"_acf_changed":false,"advgb_blocks_editor_width":"","advgb_blocks_columns_visual_guide":"","footnotes":""},"class_list":["post-94542","page","type-page","status-publish","hentry"],"acf":[],"yoast_head":"<!-- This site is optimized with the Yoast SEO plugin v26.7 - https:\/\/yoast.com\/wordpress\/plugins\/seo\/ -->\n<title>Eva - Universidad Cat\u00f3lica De Colombia<\/title>\n<meta name=\"robots\" content=\"index, follow, max-snippet:-1, max-image-preview:large, max-video-preview:-1\" \/>\n<link rel=\"canonical\" href=\"https:\/\/www.ucatolica.edu.co\/portal\/eva\/\" \/>\n<meta property=\"og:locale\" content=\"es_ES\" \/>\n<meta property=\"og:type\" content=\"article\" \/>\n<meta property=\"og:title\" content=\"Eva - Universidad Cat\u00f3lica De Colombia\" \/>\n<meta property=\"og:description\" content=\"CR\u00c9DITO EDUCATIVO DE VINCULACI\u00d3N ACAD\u00c9MICA. E.V.A Acceder al cr\u00e9dito directo con la Universidad Cat\u00f3lica de Colombia es f\u00e1cil, r\u00e1pido y con requisitos m\u00ednimos. Beneficios: Permite financiar la matr\u00edcula de programas de pregrado y posgrado. F\u00e1cil diligenciamiento en la plataforma web. Se puede financiar hasta el 100% del valor de la matr\u00edcula. El vencimiento de las [&hellip;]\" \/>\n<meta property=\"og:url\" content=\"https:\/\/www.ucatolica.edu.co\/portal\/eva\/\" \/>\n<meta property=\"og:site_name\" content=\"Universidad Cat\u00f3lica De Colombia\" \/>\n<meta property=\"article:publisher\" content=\"https:\/\/www.facebook.com\/ucatolicacolombia\" \/>\n<meta property=\"article:modified_time\" content=\"2025-05-06T01:13:25+00:00\" \/>\n<meta name=\"twitter:card\" content=\"summary_large_image\" \/>\n<meta name=\"twitter:site\" content=\"@UCatolicaCol\" \/>\n<meta name=\"twitter:label1\" content=\"Tiempo de lectura\" \/>\n\t<meta name=\"twitter:data1\" content=\"1 minuto\" \/>\n<script type=\"application\/ld+json\" class=\"yoast-schema-graph\">{\"@context\":\"https:\/\/schema.org\",\"@graph\":[{\"@type\":\"WebPage\",\"@id\":\"https:\/\/www.ucatolica.edu.co\/portal\/eva\/\",\"url\":\"https:\/\/www.ucatolica.edu.co\/portal\/eva\/\",\"name\":\"Eva - Universidad Cat\u00f3lica De Colombia\",\"isPartOf\":{\"@id\":\"https:\/\/www.ucatolica.edu.co\/portal\/#website\"},\"datePublished\":\"2023-07-03T16:21:50+00:00\",\"dateModified\":\"2025-05-06T01:13:25+00:00\",\"breadcrumb\":{\"@id\":\"https:\/\/www.ucatolica.edu.co\/portal\/eva\/#breadcrumb\"},\"inLanguage\":\"es-CO\",\"potentialAction\":[{\"@type\":\"ReadAction\",\"target\":[\"https:\/\/www.ucatolica.edu.co\/portal\/eva\/\"]}]},{\"@type\":\"BreadcrumbList\",\"@id\":\"https:\/\/www.ucatolica.edu.co\/portal\/eva\/#breadcrumb\",\"itemListElement\":[{\"@type\":\"ListItem\",\"position\":1,\"name\":\"Inicio\",\"item\":\"https:\/\/www.ucatolica.edu.co\/portal\/\"},{\"@type\":\"ListItem\",\"position\":2,\"name\":\"Eva\"}]},{\"@type\":\"WebSite\",\"@id\":\"https:\/\/www.ucatolica.edu.co\/portal\/#website\",\"url\":\"https:\/\/www.ucatolica.edu.co\/portal\/\",\"name\":\"Universidad Cat\u00f3lica De Colombia\",\"description\":\"Universidad Cat\u00f3lica De Colombia\",\"publisher\":{\"@id\":\"https:\/\/www.ucatolica.edu.co\/portal\/#organization\"},\"potentialAction\":[{\"@type\":\"SearchAction\",\"target\":{\"@type\":\"EntryPoint\",\"urlTemplate\":\"https:\/\/www.ucatolica.edu.co\/portal\/?s={search_term_string}\"},\"query-input\":{\"@type\":\"PropertyValueSpecification\",\"valueRequired\":true,\"valueName\":\"search_term_string\"}}],\"inLanguage\":\"es-CO\"},{\"@type\":\"Organization\",\"@id\":\"https:\/\/www.ucatolica.edu.co\/portal\/#organization\",\"name\":\"Universidad Cat\u00f3lica de Colombia\",\"url\":\"https:\/\/www.ucatolica.edu.co\/portal\/\",\"logo\":{\"@type\":\"ImageObject\",\"inLanguage\":\"es-CO\",\"@id\":\"https:\/\/www.ucatolica.edu.co\/portal\/#\/schema\/logo\/image\/\",\"url\":\"https:\/\/www.ucatolica.edu.co\/portal\/wp-content\/uploads\/2021\/06\/logo-header-ho-1.svg\",\"contentUrl\":\"https:\/\/www.ucatolica.edu.co\/portal\/wp-content\/uploads\/2021\/06\/logo-header-ho-1.svg\",\"width\":1,\"height\":1,\"caption\":\"Universidad Cat\u00f3lica de Colombia\"},\"image\":{\"@id\":\"https:\/\/www.ucatolica.edu.co\/portal\/#\/schema\/logo\/image\/\"},\"sameAs\":[\"https:\/\/www.facebook.com\/ucatolicacolombia\",\"https:\/\/x.com\/UCatolicaCol\",\"https:\/\/www.instagram.com\/universidadcatolicadecolombia\/\",\"https:\/\/www.linkedin.com\/company\/universidadcatolicadecolombia\/\",\"https:\/\/www.youtube.com\/user\/UCatolicaCo\"]}]}<\/script>\n<!-- \/ Yoast SEO plugin. -->","yoast_head_json":{"title":"Eva - Universidad Cat\u00f3lica De Colombia","robots":{"index":"index","follow":"follow","max-snippet":"max-snippet:-1","max-image-preview":"max-image-preview:large","max-video-preview":"max-video-preview:-1"},"canonical":"https:\/\/www.ucatolica.edu.co\/portal\/eva\/","og_locale":"es_ES","og_type":"article","og_title":"Eva - Universidad Cat\u00f3lica De Colombia","og_description":"CR\u00c9DITO EDUCATIVO DE VINCULACI\u00d3N ACAD\u00c9MICA. E.V.A Acceder al cr\u00e9dito directo con la Universidad Cat\u00f3lica de Colombia es f\u00e1cil, r\u00e1pido y con requisitos m\u00ednimos. Beneficios: Permite financiar la matr\u00edcula de programas de pregrado y posgrado. F\u00e1cil diligenciamiento en la plataforma web. Se puede financiar hasta el 100% del valor de la matr\u00edcula. El vencimiento de las [&hellip;]","og_url":"https:\/\/www.ucatolica.edu.co\/portal\/eva\/","og_site_name":"Universidad Cat\u00f3lica De Colombia","article_publisher":"https:\/\/www.facebook.com\/ucatolicacolombia","article_modified_time":"2025-05-06T01:13:25+00:00","twitter_card":"summary_large_image","twitter_site":"@UCatolicaCol","twitter_misc":{"Tiempo de lectura":"1 minuto"},"schema":{"@context":"https:\/\/schema.org","@graph":[{"@type":"WebPage","@id":"https:\/\/www.ucatolica.edu.co\/portal\/eva\/","url":"https:\/\/www.ucatolica.edu.co\/portal\/eva\/","name":"Eva - Universidad Cat\u00f3lica De Colombia","isPartOf":{"@id":"https:\/\/www.ucatolica.edu.co\/portal\/#website"},"datePublished":"2023-07-03T16:21:50+00:00","dateModified":"2025-05-06T01:13:25+00:00","breadcrumb":{"@id":"https:\/\/www.ucatolica.edu.co\/portal\/eva\/#breadcrumb"},"inLanguage":"es-CO","potentialAction":[{"@type":"ReadAction","target":["https:\/\/www.ucatolica.edu.co\/portal\/eva\/"]}]},{"@type":"BreadcrumbList","@id":"https:\/\/www.ucatolica.edu.co\/portal\/eva\/#breadcrumb","itemListElement":[{"@type":"ListItem","position":1,"name":"Inicio","item":"https:\/\/www.ucatolica.edu.co\/portal\/"},{"@type":"ListItem","position":2,"name":"Eva"}]},{"@type":"WebSite","@id":"https:\/\/www.ucatolica.edu.co\/portal\/#website","url":"https:\/\/www.ucatolica.edu.co\/portal\/","name":"Universidad Cat\u00f3lica De Colombia","description":"Universidad Cat\u00f3lica De Colombia","publisher":{"@id":"https:\/\/www.ucatolica.edu.co\/portal\/#organization"},"potentialAction":[{"@type":"SearchAction","target":{"@type":"EntryPoint","urlTemplate":"https:\/\/www.ucatolica.edu.co\/portal\/?s={search_term_string}"},"query-input":{"@type":"PropertyValueSpecification","valueRequired":true,"valueName":"search_term_string"}}],"inLanguage":"es-CO"},{"@type":"Organization","@id":"https:\/\/www.ucatolica.edu.co\/portal\/#organization","name":"Universidad Cat\u00f3lica de Colombia","url":"https:\/\/www.ucatolica.edu.co\/portal\/","logo":{"@type":"ImageObject","inLanguage":"es-CO","@id":"https:\/\/www.ucatolica.edu.co\/portal\/#\/schema\/logo\/image\/","url":"https:\/\/www.ucatolica.edu.co\/portal\/wp-content\/uploads\/2021\/06\/logo-header-ho-1.svg","contentUrl":"https:\/\/www.ucatolica.edu.co\/portal\/wp-content\/uploads\/2021\/06\/logo-header-ho-1.svg","width":1,"height":1,"caption":"Universidad Cat\u00f3lica de Colombia"},"image":{"@id":"https:\/\/www.ucatolica.edu.co\/portal\/#\/schema\/logo\/image\/"},"sameAs":["https:\/\/www.facebook.com\/ucatolicacolombia","https:\/\/x.com\/UCatolicaCol","https:\/\/www.instagram.com\/universidadcatolicadecolombia\/","https:\/\/www.linkedin.com\/company\/universidadcatolicadecolombia\/","https:\/\/www.youtube.com\/user\/UCatolicaCo"]}]}},"coauthors":[],"author_meta":{"author_link":"https:\/\/www.ucatolica.edu.co\/portal\/author\/carrnall\/","display_name":"Carlos Zea"},"relative_dates":{"created":"Posted 3 a\u00f1os ago","modified":"Updated 11 meses ago"},"absolute_dates":{"created":"Posted on 3 julio, 2023","modified":"Updated on 5 mayo, 2025"},"absolute_dates_time":{"created":"Posted on 3 julio, 2023 11:21 am","modified":"Updated on 5 mayo, 2025 8:13 pm"},"featured_img_caption":"","featured_img":false,"series_order":"","_links":{"self":[{"href":"https:\/\/www.ucatolica.edu.co\/portal\/wp-json\/wp\/v2\/pages\/94542","targetHints":{"allow":["GET"]}}],"collection":[{"href":"https:\/\/www.ucatolica.edu.co\/portal\/wp-json\/wp\/v2\/pages"}],"about":[{"href":"https:\/\/www.ucatolica.edu.co\/portal\/wp-json\/wp\/v2\/types\/page"}],"author":[{"embeddable":true,"href":"https:\/\/www.ucatolica.edu.co\/portal\/wp-json\/wp\/v2\/users\/2"}],"replies":[{"embeddable":true,"href":"https:\/\/www.ucatolica.edu.co\/portal\/wp-json\/wp\/v2\/comments?post=94542"}],"version-history":[{"count":11,"href":"https:\/\/www.ucatolica.edu.co\/portal\/wp-json\/wp\/v2\/pages\/94542\/revisions"}],"predecessor-version":[{"id":117220,"href":"https:\/\/www.ucatolica.edu.co\/portal\/wp-json\/wp\/v2\/pages\/94542\/revisions\/117220"}],"wp:attachment":[{"href":"https:\/\/www.ucatolica.edu.co\/portal\/wp-json\/wp\/v2\/media?parent=94542"}],"curies":[{"name":"wp","href":"https:\/\/api.w.org\/{rel}","templated":true}]}}