{"id":95304,"date":"2023-07-10T19:54:36","date_gmt":"2023-07-11T00:54:36","guid":{"rendered":"https:\/\/www.ucatolica.edu.co\/portal\/?page_id=95304"},"modified":"2025-02-11T06:39:16","modified_gmt":"2025-02-11T11:39:16","slug":"curso-de-ingles-para-ninos-y-adolescentes","status":"publish","type":"page","link":"https:\/\/www.ucatolica.edu.co\/portal\/curso-de-ingles-para-ninos-y-adolescentes\/","title":{"rendered":"Curso de ingl\u00e9s para ni\u00f1os y adolescentes"},"content":{"rendered":"\n<h2 class=\"wp-block-heading\"><strong>Lleg\u00f3 la hora de que tus hijos inicien el aprendizaje eficaz del ingl\u00e9s<\/strong><\/h2>\n\n\n\n<div style=\"height:38px\" aria-hidden=\"true\" class=\"wp-block-spacer\"><\/div>\n\n\n\n<p><strong>El Instituto de Lenguas&nbsp;<\/strong>de la&nbsp;<strong>Universidad Cat\u00f3lica de Colombia&nbsp;<\/strong>ha creado un espacio muy especial para que todos los&nbsp;<strong>ni\u00f1os <\/strong>entre los 6 y los 11 a\u00f1os&nbsp;y&nbsp;<strong>j\u00f3venes&nbsp;de <\/strong>12 a 15 a\u00f1os pertenecientes a nuestra comunidad acad\u00e9mica y tambi\u00e9n personas externas a ella, puedan iniciar su formaci\u00f3n en ingl\u00e9s<br><br>\u201c<strong>Kids and Teens English Program\u201d<\/strong>&nbsp;Se basa en la metodolog\u00eda&nbsp;<strong><em>Project Based Learning<\/em><\/strong>, la mejor opci\u00f3n para que de forma f\u00e1cil, eficaz y efectiva, nuestros ni\u00f1os y adolescentes puedan aprender ingl\u00e9s<\/p>\n\n\n\n<div style=\"height:38px\" aria-hidden=\"true\" class=\"wp-block-spacer\"><\/div>\n\n\n\n<h2 class=\"wp-block-heading\">Plan de estudios<\/h2>\n\n\n\n<div class=\"wp-block-columns is-layout-flex wp-container-core-columns-is-layout-9d6595d7 wp-block-columns-is-layout-flex\">\n<div class=\"wp-block-column is-vertically-aligned-center is-layout-flow wp-block-column-is-layout-flow\">\n<figure class=\"wp-block-table alignwide is-style-regular has-small-font-size blue-message advgb-dyn-25856eb0\"><table class=\"has-white-color has-vivid-cyan-blue-background-color has-text-color has-background\"><tbody><tr><td>Niveles<\/td><td>Cursos<\/td><\/tr><tr><td>Explorers \u2013 A1<\/td><td>Explorers I<br>Explorers II<br>Explorers III<\/td><\/tr><tr><td>Adventurers \u2013 A2<\/td><td>Adventurers I<br>Adventurers II<br>Adventurers III<\/td><\/tr><tr><td>Adventurers \u2013 A2<\/td><td>Travellers I<br>Travellers&nbsp; II<br>Travellers&nbsp; III<br>Travellers&nbsp; IV<\/td><\/tr><tr><td>Achievers \u2013 B2<\/td><td>Achievers I<br>Achievers II<br>Achievers III<br>Achievers IV<\/td><\/tr><\/tbody><\/table><\/figure>\n<\/div>\n\n\n\n<div class=\"wp-block-column is-layout-flow wp-block-column-is-layout-flow\">\n<figure class=\"wp-block-image size-full is-resized\"><img fetchpriority=\"high\" decoding=\"async\" width=\"492\" height=\"604\" src=\"https:\/\/www.ucatolica.edu.co\/portal\/wp-content\/uploads\/2025\/02\/FotoInsLenguas.jpg\" alt=\"Curso de ingl\u00e9s para ni\u00f1os y adolescentes\" class=\"wp-image-115220\" style=\"width:368px;height:451px\"\/><\/figure>\n<\/div>\n<\/div>\n\n\n\n<p><br><\/p>\n\n\n\n<figure class=\"wp-block-table\"><table class=\"has-fixed-layout\"><tbody><tr><td><strong>Periodo<\/strong><strong> <\/strong><strong>Acad\u00e9mico<\/strong><\/td><td><strong>Fechas de Inscripci\u00f3n<\/strong><\/td><td><strong>Pago<\/strong> <strong>Matr\u00edcul<\/strong>a <strong>l\u00edmite<\/strong><\/td><td><strong>Desarrollo del Curso<\/strong><\/td><\/tr><tr><td><strong>Periodo 2025-0<\/strong>3<\/td><td>14 de enero de 2025<br>05 de febrero de 2025<\/td><td>10 de febrero de 2025<\/td><td>15 de febrero al 31 de mayo<\/td><\/tr><tr><td><strong>Periodo 2025-0<\/strong>5<\/td><td><br>21 de abril de 2025<br>04 de junio de 2025<\/td><td>10 de junio de 2025<\/td><td><br>16 de junio al 08 de julio<\/td><\/tr><tr><td><strong>Periodo 2025-0<\/strong>7<\/td><td>06 de junio de 2025<br>14 de julio de 2025<\/td><td><br>22 de julio de 2025<\/td><td>26 de julio al 08 de noviembre<\/td><\/tr><tr><td><strong><br>Periodo 2025-0<\/strong>9<\/td><td><br>22 de septiembre de 2025<br>6 de noviembre de 2025<\/td><td><br>13 de noviembre 2025<\/td><td>20 de noviembre al 12 de diembre<\/td><\/tr><\/tbody><\/table><\/figure>\n\n\n\n<div class=\"wp-block-columns is-layout-flex wp-container-core-columns-is-layout-9d6595d7 wp-block-columns-is-layout-flex\">\n<div class=\"wp-block-column is-layout-flow wp-block-column-is-layout-flow\" style=\"flex-basis:33.33%\">\n<h2 class=\"wp-block-heading\">Precios<\/h2>\n\n\n\n<p><strong>Valor de Matr\u00edcula<\/strong><br>$ 776.000<\/p>\n<\/div>\n<\/div>\n\n\n\n<h2 class=\"wp-block-heading\">Proceso&nbsp; de inscripci\u00f3n<\/h2>\n\n\n\n<p>Se realiza a trav\u00e9s de la plataforma acad\u00e9mica PAW \u2013 Inscripciones \u2013 Instituto de lenguas haciendo clic en <a href=\"https:\/\/portalweb.ucatolica.edu.co\/paw\/index.php\/inscripciones\/instituto-de-idiomas\/inscripcion-externos\">Inscripci\u00f3n a Instituto de lenguas<\/a>.&nbsp;&nbsp;Una vez diligenciado el formulario como estudiante nuevo, el sistema arrojar\u00e1 por una \u00fanica vez el <strong>n\u00famero del formulario<\/strong>, por lo cual le recomendamos tenerlo muy presente para la impresi\u00f3n del formulario. Recordamos enviar todos los documentos al correo <a href=\"mailto:institutodelenguas@ucatolica.edu.co\">institutodelenguas@ucatolica.edu.co<\/a><\/p>\n\n\n\n<p><strong>Mayor Informaci\u00f3n&nbsp;<\/strong><\/p>\n\n\n\n<p>Pbx. 3277300 Ext. 5100 \/ 5104 \/ 5105<br><a href=\"mailto:institutodelenguas@ucatolica.edu.co\">institutodelenguas@ucatolica.edu.co<\/a><br>Atenci\u00f3n: Lunes a viernes de 8:00 a.m. a 8:00 p.m.<br>S\u00e1bados de 8:00 a.m. a 12:00 p.m.<br>Instituci\u00f3n sujeta a inspecci\u00f3n y vigilancia por el Ministerio de Educaci\u00f3n Nacional<\/p>\n\n\n\n<p><\/p>\n\n\n<p><!-- CONTENEDOR DOS PARA SIDEBAR --><\/p>\n<div id=\"contenido-dos\">\n<h2>Documentos de Inter\u00e9s<\/h2>\n<ul>\n<li class=\"btn-documentos\"><a class=\"elementor-sub-item\" tabindex=\"-1\" href=\"https:\/\/www.ucatolica.edu.co\/portal\/wp-content\/uploads\/adjuntos\/calendario-academico\/calendario-inst-lenguas-espanol-estudiantes.pdf\">Calendario Acad\u00e9mico &#8211; Estudiantes de la Universidad 2023.<\/a><\/li>\n<li class=\"btn-documentos\"><a class=\"elementor-sub-item\" tabindex=\"-1\" href=\"https:\/\/www.ucatolica.edu.co\/portal\/wp-content\/uploads\/adjuntos\/calendario-academico\/calendario-inst-lenguas-ninos-adolecentes.pdf\">Calendario Acad\u00e9mico &#8211; Ni\u00f1os y Adolescentes 2023.<\/a><\/li>\n<li class=\"btn-documentos\"><a class=\"elementor-sub-item\" tabindex=\"-1\" href=\"https:\/\/www.ucatolica.edu.co\/portal\/wp-content\/uploads\/adjuntos\/calendario-academico\/calendario-inst-lenguas-espanol-extranjeros.pdf\">Calendario Acad\u00e9mico &#8211; Espa\u00f1ol para Extranjeros 2023.<\/a><\/li>\n<li class=\"btn-documentos\"><a class=\"elementor-sub-item\" tabindex=\"-1\" href=\"https:\/\/www.ucatolica.edu.co\/portal\/wp-content\/uploads\/adjuntos\/calendario-academico\/calendario-inst-lenguas-docentes-admin.pdf\">Calendario Acad\u00e9mico &#8211; Profesores y Administrativos 2023.<\/a><\/li>\n<\/ul>\n<h2>Enlaces de Inter\u00e9s<\/h2>\n<ul>\n<li style=\"list-style-type: none;\">\n<ul><!--\n \t\n\n\n\n\n\n\n\n\n\n\n\n\n\n\n\n\n\n\n\n\n\n\n\n\n\n\n\n\n\n\n\n\n\n\n\n<li class=\"btn-cinco\"><a href=\"\/portal\/internacionalizacion\/instituto-de-lenguas\/lenguas-virtual\/\">Lenguas Modalidad Remota<\/a><\/li>\n\n\n\n\n\n\n\n\n\n\n\n\n\n\n\n\n\n\n\n\n\n\n\n\n\n\n\n\n\n\n\n\n\n\n\n\n--><\/ul>\n<\/li>\n<\/ul>\n<ul>\n<li class=\"btn-cinco\"><a href=\"https:\/\/www.ucatolica.edu.co\/portal\/internacionalizacion\/instituto-de-lenguas\/spanish-program-for-foreigners-en\/\" target=\"_blank\" rel=\"noopener\">Spanish program for foreigners<\/a><\/li>\n<li class=\"btn-cinco\"><a href=\"\/portal\/instituto-de-lenguas\/cursos-de-ingles\/\">Cursos de ingl\u00e9s<\/a><\/li>\n<li class=\"btn-cinco\"><a href=\"\/portal\/instituto-de-lenguas\/proceso-de-inscripcion-y-matricula\/\">Inscripci\u00f3n<\/a><\/li>\n<li class=\"btn-cinco\"><a href=\"https:\/\/forms.gle\/VfzD3P98t4ZJNzo49\" target=\"_blank\" rel=\"noopener\">Examen de clasificaci\u00f3n<\/a><\/li>\n<li class=\"btn-cinco\"><a href=\"\/portal\/instituto-de-lenguas\/proceso-de-presentacion-del-examen-de-suficiencia-de-ingles-para-la-admision-en-el-programa-de-doctorado-en-psicologia\/\">Examen de clasificaci\u00f3n posgrado<\/a><\/li>\n<li class=\"btn-cinco\"><a href=\"https:\/\/www.ucatolica.edu.co\/portal\/welcome-to-the-conversation-club\/\">Club de Ingl\u00e9s<\/a><\/li>\n<li class=\"btn-cinco\"><a href=\"\/portal\/instituto-de-lenguas\/tutorias\/\">Tutor\u00edas<\/a><\/li>\n<li class=\"btn-cinco\"><a href=\"\/portal\/instituto-de-lenguas\/certificados-y-constancias\/\">Certificados y constancias<\/a><\/li>\n<li class=\"btn-cinco\"><a href=\"\/portal\/instituto-de-lenguas\/docentes\/\">Profesor<\/a><\/li>\n<li class=\"btn-cinco\"><a href=\"\/portal\/instituto-de-lenguas\/procedimiento-de-excusas-y-reprogramacion-de-examen\/\">Procedimiento de excusas y reprogramaci\u00f3n de examen<\/a><\/li>\n<li class=\"btn-cinco\"><a href=\"https:\/\/www.ucatolica.edu.co\/portal\/curso-de-ingles-para-ninos-y-adolescentes\/\">Curso de ingl\u00e9s para ni\u00f1os y adolescentes<br \/>\n<\/a><\/li>\n<\/ul>\n<\/div>","protected":false},"excerpt":{"rendered":"<p>Lleg\u00f3 la hora de que tus hijos inicien el aprendizaje eficaz del ingl\u00e9s El Instituto de Lenguas&nbsp;de la&nbsp;Universidad Cat\u00f3lica de Colombia&nbsp;ha creado un espacio muy especial para que todos los&nbsp;ni\u00f1os entre los 6 y los 11 a\u00f1os&nbsp;y&nbsp;j\u00f3venes&nbsp;de 12 a 15 a\u00f1os pertenecientes a nuestra comunidad acad\u00e9mica y tambi\u00e9n personas externas a ella, puedan iniciar su [&hellip;]<\/p>\n","protected":false},"author":2,"featured_media":0,"parent":0,"menu_order":0,"comment_status":"closed","ping_status":"closed","template":"page-oldstyle.php","meta":{"_acf_changed":false,"advgb_blocks_editor_width":"","advgb_blocks_columns_visual_guide":"","footnotes":""},"class_list":["post-95304","page","type-page","status-publish","hentry"],"acf":[],"coauthors":[],"author_meta":{"author_link":"https:\/\/www.ucatolica.edu.co\/portal\/author\/carrnall\/","display_name":"Carlos Zea"},"relative_dates":{"created":"Posted 3 a\u00f1os ago","modified":"Updated 1 a\u00f1o ago"},"absolute_dates":{"created":"Posted on 10 julio, 2023","modified":"Updated on 11 febrero, 2025"},"absolute_dates_time":{"created":"Posted on 10 julio, 2023 7:54 pm","modified":"Updated on 11 febrero, 2025 6:39 am"},"featured_img_caption":"","featured_img":false,"series_order":"","_links":{"self":[{"href":"https:\/\/www.ucatolica.edu.co\/portal\/wp-json\/wp\/v2\/pages\/95304","targetHints":{"allow":["GET"]}}],"collection":[{"href":"https:\/\/www.ucatolica.edu.co\/portal\/wp-json\/wp\/v2\/pages"}],"about":[{"href":"https:\/\/www.ucatolica.edu.co\/portal\/wp-json\/wp\/v2\/types\/page"}],"author":[{"embeddable":true,"href":"https:\/\/www.ucatolica.edu.co\/portal\/wp-json\/wp\/v2\/users\/2"}],"replies":[{"embeddable":true,"href":"https:\/\/www.ucatolica.edu.co\/portal\/wp-json\/wp\/v2\/comments?post=95304"}],"version-history":[{"count":50,"href":"https:\/\/www.ucatolica.edu.co\/portal\/wp-json\/wp\/v2\/pages\/95304\/revisions"}],"predecessor-version":[{"id":115313,"href":"https:\/\/www.ucatolica.edu.co\/portal\/wp-json\/wp\/v2\/pages\/95304\/revisions\/115313"}],"wp:attachment":[{"href":"https:\/\/www.ucatolica.edu.co\/portal\/wp-json\/wp\/v2\/media?parent=95304"}],"curies":[{"name":"wp","href":"https:\/\/api.w.org\/{rel}","templated":true}]}}